{"id":6528,"date":"2019-07-24T13:17:19","date_gmt":"2019-07-24T13:17:19","guid":{"rendered":"https:\/\/penosil.com\/br\/about-us\/"},"modified":"2026-02-02T12:52:01","modified_gmt":"2026-02-02T12:52:01","slug":"sobre-nos","status":"publish","type":"page","link":"https:\/\/penosil.com\/br\/sobre-nos\/","title":{"rendered":"Sobre n\u00f3s"},"content":{"rendered":"\n<div class=\"wp-block-columns has-2-columns is-layout-flex wp-container-core-columns-is-layout-9d6595d7 wp-block-columns-is-layout-flex\">\n<div class=\"wp-block-column is-layout-flow wp-block-column-is-layout-flow\">\n<p>Nos climas do norte da Europa, onde a PENOSIL nasceu, existe um frio incompar\u00e1vel no ar durante a maior parte do ano. As tribos que se aventuraram nesta regi\u00e3o pela primeira vez h\u00e1 milhares de anos atr\u00e1s viram as condi\u00e7\u00f5es geladas como um desafio a abra\u00e7ar e a aproveitar. E com toda a raz\u00e3o \u2013 se estamos quentes dentro de casa, o que h\u00e1 para n\u00e3o apreciar? O inverno \u00e9 uma \u00e9poca de uma beleza fant\u00e1stica. Ao longo dos tempos, os abrigos rudimentares evolu\u00edram para casas de madeira revestidas com musgo e, a partir desses abrigos, foram concebidos m\u00e9todos cada vez mais complexos para manter no interior o calor do inverno e no exterior o calor do ver\u00e3o.<\/p>\n\n\n\n<p>Quando pensamos nisso, faz todo o sentido a PENOSIL ter surgido nessas condi\u00e7\u00f5es. As equipas trabalharam com as melhores tecnologias para desenvolver materiais para enchimento de uni\u00f5es de n\u00edvel mundial, para manter os espa\u00e7os quentes nas imensid\u00f5es geladas da Sib\u00e9ria e para os arrefecer sob o sol ardente do Brasil.<\/p>\n\n\n\n<p>A PENOSIL encontra-se nos lares de todos os continentes. Os muitos s\u00e9culos a termos de nos proteger contra os elementos fizeram de n\u00f3s pioneiros globalmente reconhecidos na nossa \u00e1rea de atividade: estamos sempre um passo \u00e0 frente de todos os nossos concorrentes porque isso faz parte da nossa natureza.<\/p>\n<\/div>\n\n\n\n<div class=\"wp-block-column is-layout-flow wp-block-column-is-layout-flow\">\n<p>A efici\u00eancia energ\u00e9tica e o pensamento ecol\u00f3gico tornaram-se partes intr\u00ednsecas das nossas vidas. Os produtos PENOSIL constituem um pequeno e extremamente eficaz passo para o homem ou mulher que os utiliza, mas um enorme salto na poupan\u00e7a energ\u00e9tica para a humanidade. T\u00eam a confian\u00e7a tanto dos promotores de megaprojetos com alcance global, como dos propriet\u00e1rios individuais, em trabalhos de constru\u00e7\u00e3o e de renova\u00e7\u00e3o. A nossa gama \u00e9 a escolha n\u00famero um em mais de 40 pa\u00edses que estabelecem requisitos rigorosos para os seus construtores e se recusam a comprometer a qualidade.<\/p>\n\n\n\n<p>As leis da natureza fizeram de n\u00f3s o que somos hoje \u2013 e essas leis continuar\u00e3o a vigorar quando j\u00e1 n\u00e3o existirmos.<\/p>\n<\/div>\n<\/div>\n","protected":false},"excerpt":{"rendered":"Nos climas do norte da Europa, onde a PENOSIL nasceu, existe um frio incompar\u00e1vel no ar durante a maior parte do ano. As tribos que se aventuraram nesta regi\u00e3o pela primeira vez h\u00e1 milhares de anos atr\u00e1s viram as condi\u00e7\u00f5es geladas como um desafio a abra\u00e7ar e a aproveitar. E com toda a raz\u00e3o \u2013 [&hellip;]","protected":false},"author":1,"featured_media":0,"parent":0,"menu_order":0,"comment_status":"closed","ping_status":"closed","template":"page-templates\/template-aboutus.php","meta":{"_acf_changed":false,"advgb_blocks_editor_width":"","advgb_blocks_columns_visual_guide":"","footnotes":""},"class_list":["post-6528","page","type-page","status-publish","hentry"],"acf":[],"yoast_head":"<!-- This site is optimized with the Yoast SEO plugin v27.2 - https:\/\/yoast.com\/product\/yoast-seo-wordpress\/ -->\n<title>Sobre n\u00f3s - Penosil Brazil<\/title>\n<meta name=\"robots\" content=\"index, follow, max-snippet:-1, max-image-preview:large, max-video-preview:-1\" \/>\n<link rel=\"canonical\" href=\"https:\/\/penosil.com\/br\/sobre-nos\/\" \/>\n<meta property=\"og:locale\" content=\"pt_PT\" \/>\n<meta property=\"og:type\" content=\"article\" \/>\n<meta property=\"og:title\" content=\"Sobre n\u00f3s - Penosil Brazil\" \/>\n<meta property=\"og:description\" content=\"Nos climas do norte da Europa, onde a PENOSIL nasceu, existe um frio incompar\u00e1vel no ar durante a maior parte do ano. As tribos que se aventuraram nesta regi\u00e3o pela primeira vez h\u00e1 milhares de anos atr\u00e1s viram as condi\u00e7\u00f5es geladas como um desafio a abra\u00e7ar e a aproveitar. E com toda a raz\u00e3o \u2013 [&hellip;]\" \/>\n<meta property=\"og:url\" content=\"https:\/\/penosil.com\/br\/sobre-nos\/\" \/>\n<meta property=\"og:site_name\" content=\"Penosil Brazil\" \/>\n<meta property=\"article:modified_time\" content=\"2026-02-02T12:52:01+00:00\" \/>\n<meta name=\"twitter:card\" content=\"summary_large_image\" \/>\n<meta name=\"twitter:label1\" content=\"Tempo estimado de leitura\" \/>\n\t<meta name=\"twitter:data1\" content=\"3 minutos\" \/>\n<script type=\"application\/ld+json\" class=\"yoast-schema-graph\">{\"@context\":\"https:\/\/schema.org\",\"@graph\":[{\"@type\":\"WebPage\",\"@id\":\"https:\/\/penosil.com\/br\/sobre-nos\/\",\"url\":\"https:\/\/penosil.com\/br\/sobre-nos\/\",\"name\":\"Sobre n\u00f3s - Penosil Brazil\",\"isPartOf\":{\"@id\":\"https:\/\/penosil.com\/br\/#website\"},\"datePublished\":\"2019-07-24T13:17:19+00:00\",\"dateModified\":\"2026-02-02T12:52:01+00:00\",\"breadcrumb\":{\"@id\":\"https:\/\/penosil.com\/br\/sobre-nos\/#breadcrumb\"},\"inLanguage\":\"pt-PT\",\"potentialAction\":[{\"@type\":\"ReadAction\",\"target\":[\"https:\/\/penosil.com\/br\/sobre-nos\/\"]}]},{\"@type\":\"BreadcrumbList\",\"@id\":\"https:\/\/penosil.com\/br\/sobre-nos\/#breadcrumb\",\"itemListElement\":[{\"@type\":\"ListItem\",\"position\":1,\"name\":\"Home\",\"item\":\"https:\/\/penosil.com\/br\/\"},{\"@type\":\"ListItem\",\"position\":2,\"name\":\"Sobre n\u00f3s\"}]},{\"@type\":\"WebSite\",\"@id\":\"https:\/\/penosil.com\/br\/#website\",\"url\":\"https:\/\/penosil.com\/br\/\",\"name\":\"Penosil Brazil\",\"description\":\"\",\"potentialAction\":[{\"@type\":\"SearchAction\",\"target\":{\"@type\":\"EntryPoint\",\"urlTemplate\":\"https:\/\/penosil.com\/br\/?s={search_term_string}\"},\"query-input\":{\"@type\":\"PropertyValueSpecification\",\"valueRequired\":true,\"valueName\":\"search_term_string\"}}],\"inLanguage\":\"pt-PT\"}]}<\/script>\n<!-- \/ Yoast SEO plugin. -->","yoast_head_json":{"title":"Sobre n\u00f3s - Penosil Brazil","robots":{"index":"index","follow":"follow","max-snippet":"max-snippet:-1","max-image-preview":"max-image-preview:large","max-video-preview":"max-video-preview:-1"},"canonical":"https:\/\/penosil.com\/br\/sobre-nos\/","og_locale":"pt_PT","og_type":"article","og_title":"Sobre n\u00f3s - Penosil Brazil","og_description":"Nos climas do norte da Europa, onde a PENOSIL nasceu, existe um frio incompar\u00e1vel no ar durante a maior parte do ano. As tribos que se aventuraram nesta regi\u00e3o pela primeira vez h\u00e1 milhares de anos atr\u00e1s viram as condi\u00e7\u00f5es geladas como um desafio a abra\u00e7ar e a aproveitar. E com toda a raz\u00e3o \u2013 [&hellip;]","og_url":"https:\/\/penosil.com\/br\/sobre-nos\/","og_site_name":"Penosil Brazil","article_modified_time":"2026-02-02T12:52:01+00:00","twitter_card":"summary_large_image","twitter_misc":{"Tempo estimado de leitura":"3 minutos"},"schema":{"@context":"https:\/\/schema.org","@graph":[{"@type":"WebPage","@id":"https:\/\/penosil.com\/br\/sobre-nos\/","url":"https:\/\/penosil.com\/br\/sobre-nos\/","name":"Sobre n\u00f3s - Penosil Brazil","isPartOf":{"@id":"https:\/\/penosil.com\/br\/#website"},"datePublished":"2019-07-24T13:17:19+00:00","dateModified":"2026-02-02T12:52:01+00:00","breadcrumb":{"@id":"https:\/\/penosil.com\/br\/sobre-nos\/#breadcrumb"},"inLanguage":"pt-PT","potentialAction":[{"@type":"ReadAction","target":["https:\/\/penosil.com\/br\/sobre-nos\/"]}]},{"@type":"BreadcrumbList","@id":"https:\/\/penosil.com\/br\/sobre-nos\/#breadcrumb","itemListElement":[{"@type":"ListItem","position":1,"name":"Home","item":"https:\/\/penosil.com\/br\/"},{"@type":"ListItem","position":2,"name":"Sobre n\u00f3s"}]},{"@type":"WebSite","@id":"https:\/\/penosil.com\/br\/#website","url":"https:\/\/penosil.com\/br\/","name":"Penosil Brazil","description":"","potentialAction":[{"@type":"SearchAction","target":{"@type":"EntryPoint","urlTemplate":"https:\/\/penosil.com\/br\/?s={search_term_string}"},"query-input":{"@type":"PropertyValueSpecification","valueRequired":true,"valueName":"search_term_string"}}],"inLanguage":"pt-PT"}]}},"coauthors":[],"author_meta":{"author_link":"https:\/\/penosil.com\/br\/author\/reaktiiv-pe\/","display_name":"reaktiiv-pe"},"relative_dates":{"created":"Posted 7 anos ago","modified":"Updated 2 meses ago"},"absolute_dates":{"created":"Posted on 24 de Julho, 2019","modified":"Updated on 2 de Fevereiro, 2026"},"absolute_dates_time":{"created":"Posted on 24 de Julho, 2019 13:17","modified":"Updated on 2 de Fevereiro, 2026 12:52"},"featured_img_caption":"","featured_img":false,"series_order":"","_links":{"self":[{"href":"https:\/\/penosil.com\/br\/wp-json\/wp\/v2\/pages\/6528","targetHints":{"allow":["GET"]}}],"collection":[{"href":"https:\/\/penosil.com\/br\/wp-json\/wp\/v2\/pages"}],"about":[{"href":"https:\/\/penosil.com\/br\/wp-json\/wp\/v2\/types\/page"}],"author":[{"embeddable":true,"href":"https:\/\/penosil.com\/br\/wp-json\/wp\/v2\/users\/1"}],"replies":[{"embeddable":true,"href":"https:\/\/penosil.com\/br\/wp-json\/wp\/v2\/comments?post=6528"}],"version-history":[{"count":32,"href":"https:\/\/penosil.com\/br\/wp-json\/wp\/v2\/pages\/6528\/revisions"}],"predecessor-version":[{"id":8310,"href":"https:\/\/penosil.com\/br\/wp-json\/wp\/v2\/pages\/6528\/revisions\/8310"}],"wp:attachment":[{"href":"https:\/\/penosil.com\/br\/wp-json\/wp\/v2\/media?parent=6528"}],"curies":[{"name":"wp","href":"https:\/\/api.w.org\/{rel}","templated":true}]}}