{"id":6532,"date":"2019-07-24T13:17:09","date_gmt":"2019-07-24T13:17:09","guid":{"rendered":"https:\/\/penosil.com\/br\/knowledge-center\/"},"modified":"2021-08-11T09:41:16","modified_gmt":"2021-08-11T09:41:16","slug":"centro-de-conhecimento","status":"publish","type":"page","link":"https:\/\/penosil.com\/br\/centro-de-conhecimento\/","title":{"rendered":"Centro de conhecimento"},"content":{"rendered":"\n<div class=\"wp-block-columns has-3-columns is-layout-flex wp-container-core-columns-is-layout-9d6595d7 wp-block-columns-is-layout-flex\">\n<div class=\"wp-block-column is-layout-flow wp-block-column-is-layout-flow\"><article id=\"pnsl-contact-block_5d42bf27d19f9\" class=\"pnsl-information-block\" role=\"article\" aria-labelledby=\"pnsl-contact-block_5d42bf27d19f9-title\">\n         <div class=\"pnsl-list-item d-flex align-items-center justify-content-between flex-column\">\n         <div class=\"lst-item-cnt\">\n            <!-- Single comprehensive link wrapping all content for better accessibility -->\n            <a href=\"https:\/\/penosil.com\/br\/videos\/\"\n               class=\"information-block-link\"\n                              aria-label=\"View V\u00eddeos \"\n               >\n\n                                                   <div class=\"lst-item-image d-flex align-items-end justify-content-center\">\n                     <img decoding=\"async\" src=\"https:\/\/penosil.com\/br\/wp-content\/uploads\/sites\/18\/2019\/08\/videos-1.svg\"\n                        alt=\"Image for V\u00eddeos \"\n                        role=\"presentation\" \/>\n                  <\/div>\n               \n               <div class=\"information-block-header\">\n                  <h2 id=\"pnsl-contact-block_5d42bf27d19f9-title\">V\u00eddeos <\/h2>\n               <\/div>\n                                 <div class=\"information-block-content\"><p>Assista v\u00eddeos instrutivos sobre o uso de produtos qu\u00edmicos para constru\u00e7\u00e3o em v\u00e1rias aplica\u00e7\u00f5es.<\/p>\n<\/div>\n                              \n               <!-- Button styled element inside the parent link - maintains accessibility and styling -->\n               <div class=\"lst-item-btn\">\n                  <span class=\"btn rbtn\">\n                     Assista v\u00eddeos                  <\/span>\n               <\/div>\n               \n                           <\/a>\n         <\/div>\n      <\/div>\n   <\/article><\/div>\n\n\n\n<div class=\"wp-block-column is-layout-flow wp-block-column-is-layout-flow\"><article id=\"pnsl-contact-block_5d42c1e2c4f72\" class=\"pnsl-information-block\" role=\"article\" aria-labelledby=\"pnsl-contact-block_5d42c1e2c4f72-title\">\n         <div class=\"pnsl-list-item d-flex align-items-center justify-content-between flex-column\">\n         <div class=\"lst-item-cnt\">\n            <!-- Single comprehensive link wrapping all content for better accessibility -->\n            <a href=\"https:\/\/penosil.com\/br\/centro-de-conhecimento\/documentacao\/\"\n               class=\"information-block-link\"\n                              aria-label=\"View Documenta\u00e7\u00e3o\"\n               >\n\n                                                   <div class=\"lst-item-image d-flex align-items-end justify-content-center\">\n                     <img decoding=\"async\" src=\"https:\/\/penosil.com\/br\/wp-content\/uploads\/sites\/18\/2019\/08\/manuals-1.svg\"\n                        alt=\"Image for Documenta\u00e7\u00e3o\"\n                        role=\"presentation\" \/>\n                  <\/div>\n               \n               <div class=\"information-block-header\">\n                  <h2 id=\"pnsl-contact-block_5d42c1e2c4f72-title\">Documenta\u00e7\u00e3o<\/h2>\n               <\/div>\n                                 <div class=\"information-block-content\"><p>Fa\u00e7a o download das fichas t\u00e9cnicas dos produtos PENOSIL, fichas de seguran\u00e7a, declara\u00e7\u00f5es de desempenho e certifica\u00e7\u00f5es.<\/p>\n<\/div>\n                              \n               <!-- Button styled element inside the parent link - maintains accessibility and styling -->\n               <div class=\"lst-item-btn\">\n                  <span class=\"btn rbtn\">\n                     Ver documenta\u00e7\u00e3o                  <\/span>\n               <\/div>\n               \n                           <\/a>\n         <\/div>\n      <\/div>\n   <\/article>\n\n\n<p><\/p>\n<\/div>\n\n\n\n<div class=\"wp-block-column is-layout-flow wp-block-column-is-layout-flow\"><article id=\"pnsl-contact-block_5da9b3cea1ffa\" class=\"pnsl-information-block\" role=\"article\" aria-labelledby=\"pnsl-contact-block_5da9b3cea1ffa-title\">\n         <div class=\"pnsl-list-item d-flex align-items-center justify-content-between flex-column\">\n         <div class=\"lst-item-cnt\">\n            <!-- Single comprehensive link wrapping all content for better accessibility -->\n            <a href=\"https:\/\/penosil.com\/br\/centro-de-conhecimento\/manuais-do-produto\/\"\n               class=\"information-block-link\"\n                              aria-label=\"View Manuais do produto\"\n               >\n\n                                                   <div class=\"lst-item-image d-flex align-items-end justify-content-center\">\n                     <img decoding=\"async\" src=\"https:\/\/penosil.com\/br\/wp-content\/uploads\/sites\/18\/2019\/10\/pruoddcu_manual.svg\"\n                        alt=\"Image for Manuais do produto\"\n                        role=\"presentation\" \/>\n                  <\/div>\n               \n               <div class=\"information-block-header\">\n                  <h2 id=\"pnsl-contact-block_5da9b3cea1ffa-title\">Manuais do produto<\/h2>\n               <\/div>\n                                 <div class=\"information-block-content\"><p>Biblioteca de know-how especializado e materiais auxiliares da PENOSIL para o uso de produtos PENOSIL em projetos estruturais mais complexos.<\/p>\n<p>.<\/p>\n<\/div>\n                              \n               <!-- Button styled element inside the parent link - maintains accessibility and styling -->\n               <div class=\"lst-item-btn\">\n                  <span class=\"btn rbtn\">\n                     Ver manuais do produto                  <\/span>\n               <\/div>\n               \n                           <\/a>\n         <\/div>\n      <\/div>\n   <\/article><\/div>\n<\/div>\n\n\n\n<div class=\"wp-block-columns has-3-columns is-layout-flex wp-container-core-columns-is-layout-9d6595d7 wp-block-columns-is-layout-flex\">\n<div class=\"wp-block-column is-layout-flow wp-block-column-is-layout-flow\"><article id=\"pnsl-contact-block_5da9b583a2002\" class=\"pnsl-information-block\" role=\"article\" aria-labelledby=\"pnsl-contact-block_5da9b583a2002-title\">\n         <div class=\"pnsl-list-item d-flex align-items-center justify-content-between flex-column\">\n         <div class=\"lst-item-cnt\">\n            <!-- Single comprehensive link wrapping all content for better accessibility -->\n            <a href=\"https:\/\/penosil.com\/br\/centro-de-conhecimento\/calculadores\/\"\n               class=\"information-block-link\"\n                              aria-label=\"View Calculadores\"\n               >\n\n                                                   <div class=\"lst-item-image d-flex align-items-end justify-content-center\">\n                     <img decoding=\"async\" src=\"https:\/\/penosil.com\/br\/wp-content\/uploads\/sites\/18\/2019\/08\/calculator.svg\"\n                        alt=\"Image for Calculadores\"\n                        role=\"presentation\" \/>\n                  <\/div>\n               \n               <div class=\"information-block-header\">\n                  <h2 id=\"pnsl-contact-block_5da9b583a2002-title\">Calculadores<\/h2>\n               <\/div>\n                                 <div class=\"information-block-content\"><p>Pense verde e use as nossas ferramentas para calcular facilmente o consumo de material, a fim de minimizar o desperd\u00edcio.<\/p>\n<\/div>\n                              \n               <!-- Button styled element inside the parent link - maintains accessibility and styling -->\n               <div class=\"lst-item-btn\">\n                  <span class=\"btn rbtn\">\n                     Calcular consumo                  <\/span>\n               <\/div>\n               \n                           <\/a>\n         <\/div>\n      <\/div>\n   <\/article><\/div>\n\n\n\n<div class=\"wp-block-column is-layout-flow wp-block-column-is-layout-flow\"><article id=\"pnsl-contact-block_5da9b51ea1ffe\" class=\"pnsl-information-block\" role=\"article\" aria-labelledby=\"pnsl-contact-block_5da9b51ea1ffe-title\">\n         <div class=\"pnsl-list-item d-flex align-items-center justify-content-between flex-column\">\n         <div class=\"lst-item-cnt\">\n            <!-- Single comprehensive link wrapping all content for better accessibility -->\n            <a href=\"https:\/\/penosil.com\/br\/centro-de-conhecimento\/artigos-educativos\/\"\n               class=\"information-block-link\"\n                              aria-label=\"View Artigos educativos\"\n               >\n\n                                                   <div class=\"lst-item-image d-flex align-items-end justify-content-center\">\n                     <img decoding=\"async\" src=\"https:\/\/penosil.com\/br\/wp-content\/uploads\/sites\/18\/2019\/10\/artiklid.svg\"\n                        alt=\"Image for Artigos educativos\"\n                        role=\"presentation\" \/>\n                  <\/div>\n               \n               <div class=\"information-block-header\">\n                  <h2 id=\"pnsl-contact-block_5da9b51ea1ffe-title\">Artigos educativos<\/h2>\n               <\/div>\n                                 <div class=\"information-block-content\"><p>Encontre aqui informa\u00e7\u00f5es interessantes sobre constru\u00e7\u00e3o eficiente em termos de energia e ambientalmente amig\u00e1vel, bem como desenvolvimentos nas ind\u00fastrias qu\u00edmica e de materiais de constru\u00e7\u00e3o.<\/p>\n<\/div>\n                              \n               <!-- Button styled element inside the parent link - maintains accessibility and styling -->\n               <div class=\"lst-item-btn\">\n                  <span class=\"btn rbtn\">\n                     Leia os artigos                  <\/span>\n               <\/div>\n               \n                           <\/a>\n         <\/div>\n      <\/div>\n   <\/article><\/div>\n\n\n\n<div class=\"wp-block-column is-layout-flow wp-block-column-is-layout-flow\"><article id=\"pnsl-contact-block_60eee23d3ddc7\" class=\"pnsl-information-block\" role=\"article\" aria-labelledby=\"pnsl-contact-block_60eee23d3ddc7-title\">\n         <div class=\"pnsl-list-item d-flex align-items-center justify-content-between flex-column\">\n         <div class=\"lst-item-cnt\">\n            <!-- Single comprehensive link wrapping all content for better accessibility -->\n            <a href=\"https:\/\/penosil.com\/br\/centro-de-conhecimento\/perguentas-frequentes\/\"\n               class=\"information-block-link\"\n                              aria-label=\"View Perguntas mais frequentes\"\n               >\n\n                                                   <div class=\"lst-item-image d-flex align-items-end justify-content-center\">\n                     <img decoding=\"async\" src=\"https:\/\/penosil.com\/br\/wp-content\/uploads\/sites\/18\/2021\/08\/faq.svg\"\n                        alt=\"Image for Perguntas mais frequentes\"\n                        role=\"presentation\" \/>\n                  <\/div>\n               \n               <div class=\"information-block-header\">\n                  <h2 id=\"pnsl-contact-block_60eee23d3ddc7-title\">Perguntas mais frequentes<\/h2>\n               <\/div>\n                                 <div class=\"information-block-content\"><p>Bem vindo \u00e0s Perguntas Mais Frequentes onde encontra informa\u00e7\u00f5es e respostas para quest\u00f5es relacionadas com os produtos PENOSIL.<\/p>\n<\/div>\n                              \n               <!-- Button styled element inside the parent link - maintains accessibility and styling -->\n               <div class=\"lst-item-btn\">\n                  <span class=\"btn rbtn\">\n                     Ver respostas                  <\/span>\n               <\/div>\n               \n                           <\/a>\n         <\/div>\n      <\/div>\n   <\/article><\/div>\n<\/div>\n","protected":false},"excerpt":{"rendered":"","protected":false},"author":1,"featured_media":0,"parent":0,"menu_order":0,"comment_status":"closed","ping_status":"closed","template":"page-templates\/template-knowledge.php","meta":{"_acf_changed":false,"advgb_blocks_editor_width":"","advgb_blocks_columns_visual_guide":"","footnotes":""},"class_list":["post-6532","page","type-page","status-publish","hentry"],"acf":[],"yoast_head":"<!-- This site is optimized with the Yoast SEO plugin v27.2 - https:\/\/yoast.com\/product\/yoast-seo-wordpress\/ -->\n<title>Centro de conhecimento - Penosil Brazil<\/title>\n<meta name=\"robots\" content=\"index, follow, max-snippet:-1, max-image-preview:large, max-video-preview:-1\" \/>\n<link rel=\"canonical\" href=\"https:\/\/penosil.com\/br\/centro-de-conhecimento\/\" \/>\n<meta property=\"og:locale\" content=\"pt_PT\" \/>\n<meta property=\"og:type\" content=\"article\" \/>\n<meta property=\"og:title\" content=\"Centro de conhecimento - Penosil Brazil\" \/>\n<meta property=\"og:url\" content=\"https:\/\/penosil.com\/br\/centro-de-conhecimento\/\" \/>\n<meta property=\"og:site_name\" content=\"Penosil Brazil\" \/>\n<meta property=\"article:modified_time\" content=\"2021-08-11T09:41:16+00:00\" \/>\n<meta name=\"twitter:card\" content=\"summary_large_image\" \/>\n<script type=\"application\/ld+json\" class=\"yoast-schema-graph\">{\"@context\":\"https:\/\/schema.org\",\"@graph\":[{\"@type\":\"WebPage\",\"@id\":\"https:\/\/penosil.com\/br\/centro-de-conhecimento\/\",\"url\":\"https:\/\/penosil.com\/br\/centro-de-conhecimento\/\",\"name\":\"Centro de conhecimento - Penosil Brazil\",\"isPartOf\":{\"@id\":\"https:\/\/penosil.com\/br\/#website\"},\"datePublished\":\"2019-07-24T13:17:09+00:00\",\"dateModified\":\"2021-08-11T09:41:16+00:00\",\"breadcrumb\":{\"@id\":\"https:\/\/penosil.com\/br\/centro-de-conhecimento\/#breadcrumb\"},\"inLanguage\":\"pt-PT\",\"potentialAction\":[{\"@type\":\"ReadAction\",\"target\":[\"https:\/\/penosil.com\/br\/centro-de-conhecimento\/\"]}]},{\"@type\":\"BreadcrumbList\",\"@id\":\"https:\/\/penosil.com\/br\/centro-de-conhecimento\/#breadcrumb\",\"itemListElement\":[{\"@type\":\"ListItem\",\"position\":1,\"name\":\"Home\",\"item\":\"https:\/\/penosil.com\/br\/\"},{\"@type\":\"ListItem\",\"position\":2,\"name\":\"Centro de conhecimento\"}]},{\"@type\":\"WebSite\",\"@id\":\"https:\/\/penosil.com\/br\/#website\",\"url\":\"https:\/\/penosil.com\/br\/\",\"name\":\"Penosil Brazil\",\"description\":\"\",\"potentialAction\":[{\"@type\":\"SearchAction\",\"target\":{\"@type\":\"EntryPoint\",\"urlTemplate\":\"https:\/\/penosil.com\/br\/?s={search_term_string}\"},\"query-input\":{\"@type\":\"PropertyValueSpecification\",\"valueRequired\":true,\"valueName\":\"search_term_string\"}}],\"inLanguage\":\"pt-PT\"}]}<\/script>\n<!-- \/ Yoast SEO plugin. -->","yoast_head_json":{"title":"Centro de conhecimento - Penosil Brazil","robots":{"index":"index","follow":"follow","max-snippet":"max-snippet:-1","max-image-preview":"max-image-preview:large","max-video-preview":"max-video-preview:-1"},"canonical":"https:\/\/penosil.com\/br\/centro-de-conhecimento\/","og_locale":"pt_PT","og_type":"article","og_title":"Centro de conhecimento - Penosil Brazil","og_url":"https:\/\/penosil.com\/br\/centro-de-conhecimento\/","og_site_name":"Penosil Brazil","article_modified_time":"2021-08-11T09:41:16+00:00","twitter_card":"summary_large_image","schema":{"@context":"https:\/\/schema.org","@graph":[{"@type":"WebPage","@id":"https:\/\/penosil.com\/br\/centro-de-conhecimento\/","url":"https:\/\/penosil.com\/br\/centro-de-conhecimento\/","name":"Centro de conhecimento - Penosil Brazil","isPartOf":{"@id":"https:\/\/penosil.com\/br\/#website"},"datePublished":"2019-07-24T13:17:09+00:00","dateModified":"2021-08-11T09:41:16+00:00","breadcrumb":{"@id":"https:\/\/penosil.com\/br\/centro-de-conhecimento\/#breadcrumb"},"inLanguage":"pt-PT","potentialAction":[{"@type":"ReadAction","target":["https:\/\/penosil.com\/br\/centro-de-conhecimento\/"]}]},{"@type":"BreadcrumbList","@id":"https:\/\/penosil.com\/br\/centro-de-conhecimento\/#breadcrumb","itemListElement":[{"@type":"ListItem","position":1,"name":"Home","item":"https:\/\/penosil.com\/br\/"},{"@type":"ListItem","position":2,"name":"Centro de conhecimento"}]},{"@type":"WebSite","@id":"https:\/\/penosil.com\/br\/#website","url":"https:\/\/penosil.com\/br\/","name":"Penosil Brazil","description":"","potentialAction":[{"@type":"SearchAction","target":{"@type":"EntryPoint","urlTemplate":"https:\/\/penosil.com\/br\/?s={search_term_string}"},"query-input":{"@type":"PropertyValueSpecification","valueRequired":true,"valueName":"search_term_string"}}],"inLanguage":"pt-PT"}]}},"coauthors":[],"author_meta":{"author_link":"https:\/\/penosil.com\/br\/author\/reaktiiv-pe\/","display_name":"reaktiiv-pe"},"relative_dates":{"created":"Posted 7 anos ago","modified":"Updated 5 anos ago"},"absolute_dates":{"created":"Posted on 24 de Julho, 2019","modified":"Updated on 11 de Agosto, 2021"},"absolute_dates_time":{"created":"Posted on 24 de Julho, 2019 13:17","modified":"Updated on 11 de Agosto, 2021 9:41"},"featured_img_caption":"","featured_img":false,"series_order":"","_links":{"self":[{"href":"https:\/\/penosil.com\/br\/wp-json\/wp\/v2\/pages\/6532","targetHints":{"allow":["GET"]}}],"collection":[{"href":"https:\/\/penosil.com\/br\/wp-json\/wp\/v2\/pages"}],"about":[{"href":"https:\/\/penosil.com\/br\/wp-json\/wp\/v2\/types\/page"}],"author":[{"embeddable":true,"href":"https:\/\/penosil.com\/br\/wp-json\/wp\/v2\/users\/1"}],"replies":[{"embeddable":true,"href":"https:\/\/penosil.com\/br\/wp-json\/wp\/v2\/comments?post=6532"}],"version-history":[{"count":31,"href":"https:\/\/penosil.com\/br\/wp-json\/wp\/v2\/pages\/6532\/revisions"}],"predecessor-version":[{"id":8023,"href":"https:\/\/penosil.com\/br\/wp-json\/wp\/v2\/pages\/6532\/revisions\/8023"}],"wp:attachment":[{"href":"https:\/\/penosil.com\/br\/wp-json\/wp\/v2\/media?parent=6532"}],"curies":[{"name":"wp","href":"https:\/\/api.w.org\/{rel}","templated":true}]}}