{"id":7923,"date":"2021-01-18T09:54:55","date_gmt":"2021-01-18T09:54:55","guid":{"rendered":"https:\/\/penosil.com\/br\/?post_type=product&#038;p=7923"},"modified":"2021-07-14T11:26:36","modified_gmt":"2021-07-14T11:26:36","slug":"premium-espuma-para-pistola","status":"publish","type":"product","link":"https:\/\/penosil.com\/br\/produto\/premium-espuma-para-pistola\/","title":{"rendered":"Premium Espuma Para Pistola espuma expansiva profissional"},"content":{"rendered":"<p>PENOSIL Premium Espuma Para Pistola \u00e9 uma espuma profissional para a maioria dos trabalhos de veda\u00e7\u00e3o e pre-enchimento em constru\u00e7\u00e3o.<\/p>\n","protected":false},"excerpt":{"rendered":"PENOSIL Premium Espuma Para Pistola \u00e9 uma espuma profissional para a maioria dos trabalhos de veda\u00e7\u00e3o e pre-enchimento em constru\u00e7\u00e3o.","protected":false},"author":22,"featured_media":7924,"template":"","meta":{"_acf_changed":false,"advgb_blocks_editor_width":"","advgb_blocks_columns_visual_guide":"","footnotes":""},"product_brand":[],"product_cat":[1503,835,1295,1369,1090,1151,580],"product_tag":[],"class_list":{"0":"post-7923","1":"product","2":"type-product","3":"status-publish","4":"has-post-thumbnail","6":"product_cat-espumas-para-construcao","7":"product_cat-construcao-geral","8":"product_cat-janelas-portas","9":"product_cat-grupo-de-produtos","10":"product_cat-tetos-fachadas","11":"product_cat-sanitarios","12":"product_cat-decoracao","14":"first","15":"instock","16":"taxable","17":"shipping-taxable","18":"purchasable","19":"product-type-simple"},"acf":[],"yoast_head":"<!-- This site is optimized with the Yoast SEO plugin v27.4 - https:\/\/yoast.com\/product\/yoast-seo-wordpress\/ -->\n<title>PENOSIL Premium Espuma Para Pistola para a veda\u00e7\u00e3o e pre-enchimento<\/title>\n<meta name=\"description\" content=\"PENOSIL Premium Espuma Para Pistola \u00e9 uma espuma profissional para a maioria dos trabalhos de veda\u00e7\u00e3o e pre-enchimento na constru\u00e7\u00e3o.\" \/>\n<meta name=\"robots\" content=\"index, follow, max-snippet:-1, max-image-preview:large, max-video-preview:-1\" \/>\n<link rel=\"canonical\" href=\"https:\/\/penosil.com\/br\/produto\/premium-espuma-para-pistola\/\" \/>\n<meta property=\"og:locale\" content=\"pt_PT\" \/>\n<meta property=\"og:type\" content=\"article\" \/>\n<meta property=\"og:title\" content=\"PENOSIL Premium Espuma Para Pistola para a veda\u00e7\u00e3o e pre-enchimento\" \/>\n<meta property=\"og:description\" content=\"PENOSIL Premium Espuma Para Pistola \u00e9 uma espuma profissional para a maioria dos trabalhos de veda\u00e7\u00e3o e pre-enchimento na constru\u00e7\u00e3o.\" \/>\n<meta property=\"og:url\" content=\"https:\/\/penosil.com\/br\/produto\/premium-espuma-para-pistola\/\" \/>\n<meta property=\"og:site_name\" content=\"Penosil Brazil\" \/>\n<meta property=\"article:modified_time\" content=\"2021-07-14T11:26:36+00:00\" \/>\n<meta property=\"og:image\" content=\"https:\/\/penosil.com\/br\/wp-content\/uploads\/sites\/18\/2021\/01\/PENOSIL_Premium_Espuma_Para_Pistola_750ml_BRA_PM-scaled.jpg\" \/>\n\t<meta property=\"og:image:width\" content=\"733\" \/>\n\t<meta property=\"og:image:height\" content=\"2560\" \/>\n\t<meta property=\"og:image:type\" content=\"image\/jpeg\" \/>\n<meta name=\"twitter:card\" content=\"summary_large_image\" \/>\n<script type=\"application\/ld+json\" class=\"yoast-schema-graph\">{\"@context\":\"https:\\\/\\\/schema.org\",\"@graph\":[{\"@type\":\"WebPage\",\"@id\":\"https:\\\/\\\/penosil.com\\\/br\\\/produto\\\/premium-espuma-para-pistola\\\/\",\"url\":\"https:\\\/\\\/penosil.com\\\/br\\\/produto\\\/premium-espuma-para-pistola\\\/\",\"name\":\"PENOSIL Premium Espuma Para Pistola para a veda\u00e7\u00e3o e pre-enchimento\",\"isPartOf\":{\"@id\":\"https:\\\/\\\/penosil.com\\\/br\\\/#website\"},\"primaryImageOfPage\":{\"@id\":\"https:\\\/\\\/penosil.com\\\/br\\\/produto\\\/premium-espuma-para-pistola\\\/#primaryimage\"},\"image\":{\"@id\":\"https:\\\/\\\/penosil.com\\\/br\\\/produto\\\/premium-espuma-para-pistola\\\/#primaryimage\"},\"thumbnailUrl\":\"https:\\\/\\\/penosil.com\\\/br\\\/wp-content\\\/uploads\\\/sites\\\/18\\\/2021\\\/01\\\/PENOSIL_Premium_Espuma_Para_Pistola_750ml_BRA_PM-scaled.jpg\",\"datePublished\":\"2021-01-18T09:54:55+00:00\",\"dateModified\":\"2021-07-14T11:26:36+00:00\",\"description\":\"PENOSIL Premium Espuma Para Pistola \u00e9 uma espuma profissional para a maioria dos trabalhos de veda\u00e7\u00e3o e pre-enchimento na constru\u00e7\u00e3o.\",\"breadcrumb\":{\"@id\":\"https:\\\/\\\/penosil.com\\\/br\\\/produto\\\/premium-espuma-para-pistola\\\/#breadcrumb\"},\"inLanguage\":\"pt-PT\",\"potentialAction\":[{\"@type\":\"ReadAction\",\"target\":[\"https:\\\/\\\/penosil.com\\\/br\\\/produto\\\/premium-espuma-para-pistola\\\/\"]}]},{\"@type\":\"ImageObject\",\"inLanguage\":\"pt-PT\",\"@id\":\"https:\\\/\\\/penosil.com\\\/br\\\/produto\\\/premium-espuma-para-pistola\\\/#primaryimage\",\"url\":\"https:\\\/\\\/penosil.com\\\/br\\\/wp-content\\\/uploads\\\/sites\\\/18\\\/2021\\\/01\\\/PENOSIL_Premium_Espuma_Para_Pistola_750ml_BRA_PM-scaled.jpg\",\"contentUrl\":\"https:\\\/\\\/penosil.com\\\/br\\\/wp-content\\\/uploads\\\/sites\\\/18\\\/2021\\\/01\\\/PENOSIL_Premium_Espuma_Para_Pistola_750ml_BRA_PM-scaled.jpg\",\"width\":733,\"height\":2560,\"caption\":\"PENOSIL Premium Espuma Para Pistola\"},{\"@type\":\"BreadcrumbList\",\"@id\":\"https:\\\/\\\/penosil.com\\\/br\\\/produto\\\/premium-espuma-para-pistola\\\/#breadcrumb\",\"itemListElement\":[{\"@type\":\"ListItem\",\"position\":1,\"name\":\"Home\",\"item\":\"https:\\\/\\\/penosil.com\\\/br\\\/\"},{\"@type\":\"ListItem\",\"position\":2,\"name\":\"Produtos\",\"item\":\"https:\\\/\\\/penosil.com\\\/br\\\/produtos\\\/\"},{\"@type\":\"ListItem\",\"position\":3,\"name\":\"Premium Espuma Para Pistola espuma expansiva profissional\"}]},{\"@type\":\"WebSite\",\"@id\":\"https:\\\/\\\/penosil.com\\\/br\\\/#website\",\"url\":\"https:\\\/\\\/penosil.com\\\/br\\\/\",\"name\":\"Penosil Brazil\",\"description\":\"\",\"potentialAction\":[{\"@type\":\"SearchAction\",\"target\":{\"@type\":\"EntryPoint\",\"urlTemplate\":\"https:\\\/\\\/penosil.com\\\/br\\\/?s={search_term_string}\"},\"query-input\":{\"@type\":\"PropertyValueSpecification\",\"valueRequired\":true,\"valueName\":\"search_term_string\"}}],\"inLanguage\":\"pt-PT\"}]}<\/script>\n<!-- \/ Yoast SEO plugin. -->","yoast_head_json":{"title":"PENOSIL Premium Espuma Para Pistola para a veda\u00e7\u00e3o e pre-enchimento","description":"PENOSIL Premium Espuma Para Pistola \u00e9 uma espuma profissional para a maioria dos trabalhos de veda\u00e7\u00e3o e pre-enchimento na constru\u00e7\u00e3o.","robots":{"index":"index","follow":"follow","max-snippet":"max-snippet:-1","max-image-preview":"max-image-preview:large","max-video-preview":"max-video-preview:-1"},"canonical":"https:\/\/penosil.com\/br\/produto\/premium-espuma-para-pistola\/","og_locale":"pt_PT","og_type":"article","og_title":"PENOSIL Premium Espuma Para Pistola para a veda\u00e7\u00e3o e pre-enchimento","og_description":"PENOSIL Premium Espuma Para Pistola \u00e9 uma espuma profissional para a maioria dos trabalhos de veda\u00e7\u00e3o e pre-enchimento na constru\u00e7\u00e3o.","og_url":"https:\/\/penosil.com\/br\/produto\/premium-espuma-para-pistola\/","og_site_name":"Penosil Brazil","article_modified_time":"2021-07-14T11:26:36+00:00","og_image":[{"width":733,"height":2560,"url":"https:\/\/penosil.com\/br\/wp-content\/uploads\/sites\/18\/2021\/01\/PENOSIL_Premium_Espuma_Para_Pistola_750ml_BRA_PM-scaled.jpg","type":"image\/jpeg"}],"twitter_card":"summary_large_image","schema":{"@context":"https:\/\/schema.org","@graph":[{"@type":"WebPage","@id":"https:\/\/penosil.com\/br\/produto\/premium-espuma-para-pistola\/","url":"https:\/\/penosil.com\/br\/produto\/premium-espuma-para-pistola\/","name":"PENOSIL Premium Espuma Para Pistola para a veda\u00e7\u00e3o e pre-enchimento","isPartOf":{"@id":"https:\/\/penosil.com\/br\/#website"},"primaryImageOfPage":{"@id":"https:\/\/penosil.com\/br\/produto\/premium-espuma-para-pistola\/#primaryimage"},"image":{"@id":"https:\/\/penosil.com\/br\/produto\/premium-espuma-para-pistola\/#primaryimage"},"thumbnailUrl":"https:\/\/penosil.com\/br\/wp-content\/uploads\/sites\/18\/2021\/01\/PENOSIL_Premium_Espuma_Para_Pistola_750ml_BRA_PM-scaled.jpg","datePublished":"2021-01-18T09:54:55+00:00","dateModified":"2021-07-14T11:26:36+00:00","description":"PENOSIL Premium Espuma Para Pistola \u00e9 uma espuma profissional para a maioria dos trabalhos de veda\u00e7\u00e3o e pre-enchimento na constru\u00e7\u00e3o.","breadcrumb":{"@id":"https:\/\/penosil.com\/br\/produto\/premium-espuma-para-pistola\/#breadcrumb"},"inLanguage":"pt-PT","potentialAction":[{"@type":"ReadAction","target":["https:\/\/penosil.com\/br\/produto\/premium-espuma-para-pistola\/"]}]},{"@type":"ImageObject","inLanguage":"pt-PT","@id":"https:\/\/penosil.com\/br\/produto\/premium-espuma-para-pistola\/#primaryimage","url":"https:\/\/penosil.com\/br\/wp-content\/uploads\/sites\/18\/2021\/01\/PENOSIL_Premium_Espuma_Para_Pistola_750ml_BRA_PM-scaled.jpg","contentUrl":"https:\/\/penosil.com\/br\/wp-content\/uploads\/sites\/18\/2021\/01\/PENOSIL_Premium_Espuma_Para_Pistola_750ml_BRA_PM-scaled.jpg","width":733,"height":2560,"caption":"PENOSIL Premium Espuma Para Pistola"},{"@type":"BreadcrumbList","@id":"https:\/\/penosil.com\/br\/produto\/premium-espuma-para-pistola\/#breadcrumb","itemListElement":[{"@type":"ListItem","position":1,"name":"Home","item":"https:\/\/penosil.com\/br\/"},{"@type":"ListItem","position":2,"name":"Produtos","item":"https:\/\/penosil.com\/br\/produtos\/"},{"@type":"ListItem","position":3,"name":"Premium Espuma Para Pistola espuma expansiva profissional"}]},{"@type":"WebSite","@id":"https:\/\/penosil.com\/br\/#website","url":"https:\/\/penosil.com\/br\/","name":"Penosil Brazil","description":"","potentialAction":[{"@type":"SearchAction","target":{"@type":"EntryPoint","urlTemplate":"https:\/\/penosil.com\/br\/?s={search_term_string}"},"query-input":{"@type":"PropertyValueSpecification","valueRequired":true,"valueName":"search_term_string"}}],"inLanguage":"pt-PT"}]}},"featured_img":"https:\/\/penosil.com\/br\/wp-content\/uploads\/sites\/18\/2021\/01\/PENOSIL_Premium_Espuma_Para_Pistola_750ml_BRA_PM-scaled.jpg","coauthors":[],"author_meta":{"author_link":"https:\/\/penosil.com\/br\/author\/kristin\/","display_name":"kristin"},"relative_dates":{"created":"Posted 5 anos ago","modified":"Updated 5 anos ago"},"absolute_dates":{"created":"Posted on 18 de Janeiro, 2021","modified":"Updated on 14 de Julho, 2021"},"absolute_dates_time":{"created":"Posted on 18 de Janeiro, 2021 9:54","modified":"Updated on 14 de Julho, 2021 11:26"},"featured_img_caption":"","tax_additional":{"product_brand":{"linked":[],"unlinked":[],"slug":"product_brand","name":"Marcas"},"product_type":{"linked":["<a href=\"https:\/\/penosil.com\/br\/?taxonomy=product_type&#038;term=simple\" class=\"advgb-post-tax-term\">simple<\/a>"],"unlinked":["<span class=\"advgb-post-tax-term\">simple<\/span>"],"slug":"product_type","name":"Tipo de produto"},"product_visibility":{"linked":[],"unlinked":[],"slug":"product_visibility","name":"Visibilidade do produto"},"product_cat":{"linked":["<a href=\"https:\/\/penosil.com\/br\/categoria-produto\/grupo-de-produtos\/espumas-para-construcao\/\" class=\"advgb-post-tax-term\">Espumas para constru\u00e7\u00e3o<\/a>","<a href=\"https:\/\/penosil.com\/br\/categoria-produto\/areas-de-aplicacao\/construcao-geral\/\" class=\"advgb-post-tax-term\">Constru\u00e7\u00e3o geral<\/a>","<a href=\"https:\/\/penosil.com\/br\/categoria-produto\/areas-de-aplicacao\/janelas-portas\/\" class=\"advgb-post-tax-term\">Janelas &amp; portas<\/a>","<a href=\"https:\/\/penosil.com\/br\/categoria-produto\/grupo-de-produtos\/\" class=\"advgb-post-tax-term\">Grupo de produtos<\/a>","<a href=\"https:\/\/penosil.com\/br\/categoria-produto\/areas-de-aplicacao\/tetos-fachadas\/\" class=\"advgb-post-tax-term\">Tetos &amp; fachadas<\/a>","<a href=\"https:\/\/penosil.com\/br\/categoria-produto\/areas-de-aplicacao\/sanitarios\/\" class=\"advgb-post-tax-term\">Sanit\u00e1rios<\/a>","<a href=\"https:\/\/penosil.com\/br\/categoria-produto\/areas-de-aplicacao\/decoracao\/\" class=\"advgb-post-tax-term\">Decora\u00e7\u00e3o<\/a>"],"unlinked":["<span class=\"advgb-post-tax-term\">Espumas para constru\u00e7\u00e3o<\/span>","<span class=\"advgb-post-tax-term\">Constru\u00e7\u00e3o geral<\/span>","<span class=\"advgb-post-tax-term\">Janelas &amp; portas<\/span>","<span class=\"advgb-post-tax-term\">Grupo de produtos<\/span>","<span class=\"advgb-post-tax-term\">Tetos &amp; fachadas<\/span>","<span class=\"advgb-post-tax-term\">Sanit\u00e1rios<\/span>","<span class=\"advgb-post-tax-term\">Decora\u00e7\u00e3o<\/span>"],"slug":"product_cat","name":"Categorias de produto"},"product_tag":{"linked":[],"unlinked":[],"slug":"product_tag","name":"Etiquetas de produto"},"product_shipping_class":{"linked":[],"unlinked":[],"slug":"product_shipping_class","name":"Classes de envio do produto"},"pos_product_visibility":{"linked":[],"unlinked":[],"slug":"pos_product_visibility","name":"POS Product visibility"},"pa_color":{"linked":["<a href=\"https:\/\/penosil.com\/br\/?taxonomy=pa_color&#038;term=amarelo\" class=\"advgb-post-tax-term\">Amarelo<\/a>"],"unlinked":["<span class=\"advgb-post-tax-term\">Amarelo<\/span>"],"slug":"pa_color","name":"Product Colour"},"pa_package":{"linked":[],"unlinked":[],"slug":"pa_package","name":"Product Package"},"translation_priority":{"linked":["<a href=\"https:\/\/penosil.com\/br\/?taxonomy=translation_priority&#038;term=opcional\" class=\"advgb-post-tax-term\">Opcional<\/a>"],"unlinked":["<span class=\"advgb-post-tax-term\">Opcional<\/span>"],"slug":"translation_priority","name":"Prioridades da Tradu\u00e7\u00e3o"}},"series_order":"","_links":{"self":[{"href":"https:\/\/penosil.com\/br\/wp-json\/wp\/v2\/product\/7923","targetHints":{"allow":["GET"]}}],"collection":[{"href":"https:\/\/penosil.com\/br\/wp-json\/wp\/v2\/product"}],"about":[{"href":"https:\/\/penosil.com\/br\/wp-json\/wp\/v2\/types\/product"}],"version-history":[{"count":0,"href":"https:\/\/penosil.com\/br\/wp-json\/wp\/v2\/product\/7923\/revisions"}],"wp:featuredmedia":[{"embeddable":true,"href":"https:\/\/penosil.com\/br\/wp-json\/wp\/v2\/media\/7924"}],"wp:attachment":[{"href":"https:\/\/penosil.com\/br\/wp-json\/wp\/v2\/media?parent=7923"}],"wp:term":[{"taxonomy":"product_brand","embeddable":true,"href":"https:\/\/penosil.com\/br\/wp-json\/wp\/v2\/product_brand?post=7923"},{"taxonomy":"product_cat","embeddable":true,"href":"https:\/\/penosil.com\/br\/wp-json\/wp\/v2\/product_cat?post=7923"},{"taxonomy":"product_tag","embeddable":true,"href":"https:\/\/penosil.com\/br\/wp-json\/wp\/v2\/product_tag?post=7923"}],"curies":[{"name":"wp","href":"https:\/\/api.w.org\/{rel}","templated":true}]}}