{"id":7929,"date":"2021-05-19T12:07:56","date_gmt":"2021-05-19T12:07:56","guid":{"rendered":"https:\/\/penosil.com\/br\/?post_type=product&#038;p=7929"},"modified":"2021-08-17T08:35:39","modified_gmt":"2021-08-17T08:35:39","slug":"easyspray","status":"publish","type":"product","link":"https:\/\/penosil.com\/br\/produto\/easyspray\/","title":{"rendered":"EasySpray espuma de isolamento projet\u00e1vel"},"content":{"rendered":"<p>PENOSIL EasySpray \u00e9 uma espuma de isolamento ecol\u00f3gica com aplicador especial em spray para a ponta da pistola. A pulveriza\u00e7\u00e3o d\u00e1 a oportunidade de isolar substratos irregulares ou curvos e locais de dif\u00edcil acesso com uma camada lisa e uniforme de espuma. Ajuda a reduzir as pontes t\u00e9rmicas e evitar a condensa\u00e7\u00e3o.<\/p>\n","protected":false},"excerpt":{"rendered":"PENOSIL EasySpray \u00e9 uma espuma de isolamento ecol\u00f3gica com aplicador especial em spray para a ponta da pistola. A pulveriza\u00e7\u00e3o d\u00e1 a oportunidade de isolar substratos irregulares ou curvos e locais de dif\u00edcil acesso com uma camada lisa e uniforme de espuma. Ajuda a reduzir as pontes t\u00e9rmicas e evitar a condensa\u00e7\u00e3o.","protected":false},"author":22,"featured_media":8043,"template":"","meta":{"_acf_changed":false,"advgb_blocks_editor_width":"","advgb_blocks_columns_visual_guide":"","footnotes":""},"product_brand":[],"product_cat":[1503,1584,835,339,1090,1369],"product_tag":[],"class_list":{"0":"post-7929","1":"product","2":"type-product","3":"status-publish","4":"has-post-thumbnail","6":"product_cat-espumas-para-construcao","7":"product_cat-novos-produtos","8":"product_cat-construcao-geral","9":"product_cat-areas-de-aplicacao","10":"product_cat-tetos-fachadas","11":"product_cat-grupo-de-produtos","13":"first","14":"instock","15":"taxable","16":"shipping-taxable","17":"purchasable","18":"product-type-simple"},"acf":[],"yoast_head":"<!-- This site is optimized with the Yoast SEO plugin v27.2 - https:\/\/yoast.com\/product\/yoast-seo-wordpress\/ -->\n<title>Penosil EasySpray espuma de isolamento com aplicador de spray<\/title>\n<meta name=\"description\" content=\"Penosil EasySpray \u00e9 uma espuma pulveriz\u00e1vel com aplicador exclusivo em spray. Alto valor de isolamento. Veja mais!\" \/>\n<meta name=\"robots\" content=\"index, follow, max-snippet:-1, max-image-preview:large, max-video-preview:-1\" \/>\n<link rel=\"canonical\" href=\"https:\/\/penosil.com\/br\/produto\/easyspray\/\" \/>\n<meta property=\"og:locale\" content=\"pt_PT\" \/>\n<meta property=\"og:type\" content=\"article\" \/>\n<meta property=\"og:title\" content=\"Penosil EasySpray espuma de isolamento com aplicador de spray\" \/>\n<meta property=\"og:description\" content=\"Penosil EasySpray \u00e9 uma espuma pulveriz\u00e1vel com aplicador exclusivo em spray. Alto valor de isolamento. Veja mais!\" \/>\n<meta property=\"og:url\" content=\"https:\/\/penosil.com\/br\/produto\/easyspray\/\" \/>\n<meta property=\"og:site_name\" content=\"Penosil Brazil\" \/>\n<meta property=\"article:modified_time\" content=\"2021-08-17T08:35:39+00:00\" \/>\n<meta property=\"og:image\" content=\"https:\/\/penosil.com\/br\/wp-content\/uploads\/sites\/18\/2021\/05\/Penosil-Premium-EasySpray-810ml-BR.jpg\" \/>\n\t<meta property=\"og:image:width\" content=\"292\" \/>\n\t<meta property=\"og:image:height\" content=\"1080\" \/>\n\t<meta property=\"og:image:type\" content=\"image\/jpeg\" \/>\n<meta name=\"twitter:card\" content=\"summary_large_image\" \/>\n<meta name=\"twitter:label1\" content=\"Tempo estimado de leitura\" \/>\n\t<meta name=\"twitter:data1\" content=\"1 minuto\" \/>\n<script type=\"application\/ld+json\" class=\"yoast-schema-graph\">{\"@context\":\"https:\/\/schema.org\",\"@graph\":[{\"@type\":\"WebPage\",\"@id\":\"https:\/\/penosil.com\/br\/produto\/easyspray\/\",\"url\":\"https:\/\/penosil.com\/br\/produto\/easyspray\/\",\"name\":\"Penosil EasySpray espuma de isolamento com aplicador de spray\",\"isPartOf\":{\"@id\":\"https:\/\/penosil.com\/br\/#website\"},\"primaryImageOfPage\":{\"@id\":\"https:\/\/penosil.com\/br\/produto\/easyspray\/#primaryimage\"},\"image\":{\"@id\":\"https:\/\/penosil.com\/br\/produto\/easyspray\/#primaryimage\"},\"thumbnailUrl\":\"https:\/\/penosil.com\/br\/wp-content\/uploads\/sites\/18\/2021\/05\/Penosil-Premium-EasySpray-810ml-BR.jpg\",\"datePublished\":\"2021-05-19T12:07:56+00:00\",\"dateModified\":\"2021-08-17T08:35:39+00:00\",\"description\":\"Penosil EasySpray \u00e9 uma espuma pulveriz\u00e1vel com aplicador exclusivo em spray. Alto valor de isolamento. Veja mais!\",\"breadcrumb\":{\"@id\":\"https:\/\/penosil.com\/br\/produto\/easyspray\/#breadcrumb\"},\"inLanguage\":\"pt-PT\",\"potentialAction\":[{\"@type\":\"ReadAction\",\"target\":[\"https:\/\/penosil.com\/br\/produto\/easyspray\/\"]}]},{\"@type\":\"ImageObject\",\"inLanguage\":\"pt-PT\",\"@id\":\"https:\/\/penosil.com\/br\/produto\/easyspray\/#primaryimage\",\"url\":\"https:\/\/penosil.com\/br\/wp-content\/uploads\/sites\/18\/2021\/05\/Penosil-Premium-EasySpray-810ml-BR.jpg\",\"contentUrl\":\"https:\/\/penosil.com\/br\/wp-content\/uploads\/sites\/18\/2021\/05\/Penosil-Premium-EasySpray-810ml-BR.jpg\",\"width\":292,\"height\":1080},{\"@type\":\"BreadcrumbList\",\"@id\":\"https:\/\/penosil.com\/br\/produto\/easyspray\/#breadcrumb\",\"itemListElement\":[{\"@type\":\"ListItem\",\"position\":1,\"name\":\"Home\",\"item\":\"https:\/\/penosil.com\/br\/\"},{\"@type\":\"ListItem\",\"position\":2,\"name\":\"Produtos\",\"item\":\"https:\/\/penosil.com\/br\/produtos\/\"},{\"@type\":\"ListItem\",\"position\":3,\"name\":\"EasySpray espuma de isolamento projet\u00e1vel\"}]},{\"@type\":\"WebSite\",\"@id\":\"https:\/\/penosil.com\/br\/#website\",\"url\":\"https:\/\/penosil.com\/br\/\",\"name\":\"Penosil Brazil\",\"description\":\"\",\"potentialAction\":[{\"@type\":\"SearchAction\",\"target\":{\"@type\":\"EntryPoint\",\"urlTemplate\":\"https:\/\/penosil.com\/br\/?s={search_term_string}\"},\"query-input\":{\"@type\":\"PropertyValueSpecification\",\"valueRequired\":true,\"valueName\":\"search_term_string\"}}],\"inLanguage\":\"pt-PT\"}]}<\/script>\n<!-- \/ Yoast SEO plugin. -->","yoast_head_json":{"title":"Penosil EasySpray espuma de isolamento com aplicador de spray","description":"Penosil EasySpray \u00e9 uma espuma pulveriz\u00e1vel com aplicador exclusivo em spray. Alto valor de isolamento. Veja mais!","robots":{"index":"index","follow":"follow","max-snippet":"max-snippet:-1","max-image-preview":"max-image-preview:large","max-video-preview":"max-video-preview:-1"},"canonical":"https:\/\/penosil.com\/br\/produto\/easyspray\/","og_locale":"pt_PT","og_type":"article","og_title":"Penosil EasySpray espuma de isolamento com aplicador de spray","og_description":"Penosil EasySpray \u00e9 uma espuma pulveriz\u00e1vel com aplicador exclusivo em spray. Alto valor de isolamento. Veja mais!","og_url":"https:\/\/penosil.com\/br\/produto\/easyspray\/","og_site_name":"Penosil Brazil","article_modified_time":"2021-08-17T08:35:39+00:00","og_image":[{"width":292,"height":1080,"url":"https:\/\/penosil.com\/br\/wp-content\/uploads\/sites\/18\/2021\/05\/Penosil-Premium-EasySpray-810ml-BR.jpg","type":"image\/jpeg"}],"twitter_card":"summary_large_image","twitter_misc":{"Tempo estimado de leitura":"1 minuto"},"schema":{"@context":"https:\/\/schema.org","@graph":[{"@type":"WebPage","@id":"https:\/\/penosil.com\/br\/produto\/easyspray\/","url":"https:\/\/penosil.com\/br\/produto\/easyspray\/","name":"Penosil EasySpray espuma de isolamento com aplicador de spray","isPartOf":{"@id":"https:\/\/penosil.com\/br\/#website"},"primaryImageOfPage":{"@id":"https:\/\/penosil.com\/br\/produto\/easyspray\/#primaryimage"},"image":{"@id":"https:\/\/penosil.com\/br\/produto\/easyspray\/#primaryimage"},"thumbnailUrl":"https:\/\/penosil.com\/br\/wp-content\/uploads\/sites\/18\/2021\/05\/Penosil-Premium-EasySpray-810ml-BR.jpg","datePublished":"2021-05-19T12:07:56+00:00","dateModified":"2021-08-17T08:35:39+00:00","description":"Penosil EasySpray \u00e9 uma espuma pulveriz\u00e1vel com aplicador exclusivo em spray. Alto valor de isolamento. Veja mais!","breadcrumb":{"@id":"https:\/\/penosil.com\/br\/produto\/easyspray\/#breadcrumb"},"inLanguage":"pt-PT","potentialAction":[{"@type":"ReadAction","target":["https:\/\/penosil.com\/br\/produto\/easyspray\/"]}]},{"@type":"ImageObject","inLanguage":"pt-PT","@id":"https:\/\/penosil.com\/br\/produto\/easyspray\/#primaryimage","url":"https:\/\/penosil.com\/br\/wp-content\/uploads\/sites\/18\/2021\/05\/Penosil-Premium-EasySpray-810ml-BR.jpg","contentUrl":"https:\/\/penosil.com\/br\/wp-content\/uploads\/sites\/18\/2021\/05\/Penosil-Premium-EasySpray-810ml-BR.jpg","width":292,"height":1080},{"@type":"BreadcrumbList","@id":"https:\/\/penosil.com\/br\/produto\/easyspray\/#breadcrumb","itemListElement":[{"@type":"ListItem","position":1,"name":"Home","item":"https:\/\/penosil.com\/br\/"},{"@type":"ListItem","position":2,"name":"Produtos","item":"https:\/\/penosil.com\/br\/produtos\/"},{"@type":"ListItem","position":3,"name":"EasySpray espuma de isolamento projet\u00e1vel"}]},{"@type":"WebSite","@id":"https:\/\/penosil.com\/br\/#website","url":"https:\/\/penosil.com\/br\/","name":"Penosil Brazil","description":"","potentialAction":[{"@type":"SearchAction","target":{"@type":"EntryPoint","urlTemplate":"https:\/\/penosil.com\/br\/?s={search_term_string}"},"query-input":{"@type":"PropertyValueSpecification","valueRequired":true,"valueName":"search_term_string"}}],"inLanguage":"pt-PT"}]}},"featured_img":"https:\/\/penosil.com\/br\/wp-content\/uploads\/sites\/18\/2021\/05\/Penosil-Premium-EasySpray-810ml-BR.jpg","coauthors":[],"author_meta":{"author_link":"https:\/\/penosil.com\/br\/author\/kristin\/","display_name":"kristin"},"relative_dates":{"created":"Posted 5 anos ago","modified":"Updated 5 anos ago"},"absolute_dates":{"created":"Posted on 19 de Maio, 2021","modified":"Updated on 17 de Agosto, 2021"},"absolute_dates_time":{"created":"Posted on 19 de Maio, 2021 12:07","modified":"Updated on 17 de Agosto, 2021 8:35"},"featured_img_caption":"","tax_additional":{"product_brand":{"linked":[],"unlinked":[],"slug":"product_brand","name":"Marcas"},"product_type":{"linked":["<a href=\"https:\/\/penosil.com\/br\/?taxonomy=product_type&#038;term=simple\" class=\"advgb-post-tax-term\">simple<\/a>"],"unlinked":["<span class=\"advgb-post-tax-term\">simple<\/span>"],"slug":"product_type","name":"Tipo de produto"},"product_visibility":{"linked":[],"unlinked":[],"slug":"product_visibility","name":"Visibilidade do produto"},"product_cat":{"linked":["<a href=\"https:\/\/penosil.com\/br\/categoria-produto\/grupo-de-produtos\/espumas-para-construcao\/\" class=\"advgb-post-tax-term\">Espumas para constru\u00e7\u00e3o<\/a>","<a href=\"https:\/\/penosil.com\/br\/categoria-produto\/novos-produtos\/\" class=\"advgb-post-tax-term\">Novos produtos<\/a>","<a href=\"https:\/\/penosil.com\/br\/categoria-produto\/areas-de-aplicacao\/construcao-geral\/\" class=\"advgb-post-tax-term\">Constru\u00e7\u00e3o geral<\/a>","<a href=\"https:\/\/penosil.com\/br\/categoria-produto\/areas-de-aplicacao\/\" class=\"advgb-post-tax-term\">\u00c1reas de aplica\u00e7\u00e3o<\/a>","<a href=\"https:\/\/penosil.com\/br\/categoria-produto\/areas-de-aplicacao\/tetos-fachadas\/\" class=\"advgb-post-tax-term\">Tetos &amp; fachadas<\/a>","<a href=\"https:\/\/penosil.com\/br\/categoria-produto\/grupo-de-produtos\/\" class=\"advgb-post-tax-term\">Grupo de produtos<\/a>"],"unlinked":["<span class=\"advgb-post-tax-term\">Espumas para constru\u00e7\u00e3o<\/span>","<span class=\"advgb-post-tax-term\">Novos produtos<\/span>","<span class=\"advgb-post-tax-term\">Constru\u00e7\u00e3o geral<\/span>","<span class=\"advgb-post-tax-term\">\u00c1reas de aplica\u00e7\u00e3o<\/span>","<span class=\"advgb-post-tax-term\">Tetos &amp; fachadas<\/span>","<span class=\"advgb-post-tax-term\">Grupo de produtos<\/span>"],"slug":"product_cat","name":"Categorias de produto"},"product_tag":{"linked":[],"unlinked":[],"slug":"product_tag","name":"Etiquetas de produto"},"product_shipping_class":{"linked":[],"unlinked":[],"slug":"product_shipping_class","name":"Classes de envio do produto"},"pos_product_visibility":{"linked":[],"unlinked":[],"slug":"pos_product_visibility","name":"POS Product visibility"},"pa_color":{"linked":["<a href=\"https:\/\/penosil.com\/br\/?taxonomy=pa_color&#038;term=branco\" class=\"advgb-post-tax-term\">Branco<\/a>"],"unlinked":["<span class=\"advgb-post-tax-term\">Branco<\/span>"],"slug":"pa_color","name":"Product Colour"},"pa_package":{"linked":[],"unlinked":[],"slug":"pa_package","name":"Product Package"},"translation_priority":{"linked":["<a href=\"https:\/\/penosil.com\/br\/?taxonomy=translation_priority&#038;term=opcional\" class=\"advgb-post-tax-term\">Opcional<\/a>"],"unlinked":["<span class=\"advgb-post-tax-term\">Opcional<\/span>"],"slug":"translation_priority","name":"Prioridades da Tradu\u00e7\u00e3o"}},"series_order":"","_links":{"self":[{"href":"https:\/\/penosil.com\/br\/wp-json\/wp\/v2\/product\/7929","targetHints":{"allow":["GET"]}}],"collection":[{"href":"https:\/\/penosil.com\/br\/wp-json\/wp\/v2\/product"}],"about":[{"href":"https:\/\/penosil.com\/br\/wp-json\/wp\/v2\/types\/product"}],"version-history":[{"count":0,"href":"https:\/\/penosil.com\/br\/wp-json\/wp\/v2\/product\/7929\/revisions"}],"wp:featuredmedia":[{"embeddable":true,"href":"https:\/\/penosil.com\/br\/wp-json\/wp\/v2\/media\/8043"}],"wp:attachment":[{"href":"https:\/\/penosil.com\/br\/wp-json\/wp\/v2\/media?parent=7929"}],"wp:term":[{"taxonomy":"product_brand","embeddable":true,"href":"https:\/\/penosil.com\/br\/wp-json\/wp\/v2\/product_brand?post=7929"},{"taxonomy":"product_cat","embeddable":true,"href":"https:\/\/penosil.com\/br\/wp-json\/wp\/v2\/product_cat?post=7929"},{"taxonomy":"product_tag","embeddable":true,"href":"https:\/\/penosil.com\/br\/wp-json\/wp\/v2\/product_tag?post=7929"}],"curies":[{"name":"wp","href":"https:\/\/api.w.org\/{rel}","templated":true}]}}