{"id":7935,"date":"2021-05-19T13:24:21","date_gmt":"2021-05-19T13:24:21","guid":{"rendered":"https:\/\/penosil.com\/br\/?post_type=product&#038;p=7935"},"modified":"2021-08-12T12:47:19","modified_gmt":"2021-08-12T12:47:19","slug":"premium-espuma-expansiva","status":"publish","type":"product","link":"https:\/\/penosil.com\/br\/produto\/premium-espuma-expansiva\/","title":{"rendered":"Premium Espuma Expansiva espuma expansiva com bico aplicador"},"content":{"rendered":"<p>PENOSIL Premium Espuma Expansiva \u00e9 uma espuma de isolamento com bico aplicador para a maioria dos trabalhos de pre-enchimento e veda\u00e7\u00e3o.<\/p>\n","protected":false},"excerpt":{"rendered":"PENOSIL Premium Espuma Expansiva \u00e9 uma espuma de isolamento com bico aplicador para a maioria dos trabalhos de pre-enchimento e veda\u00e7\u00e3o.","protected":false},"author":22,"featured_media":7937,"template":"","meta":{"_acf_changed":false,"advgb_blocks_editor_width":"","advgb_blocks_columns_visual_guide":"","footnotes":""},"product_brand":[],"product_cat":[835,1503,339,1369,1151,580],"product_tag":[],"class_list":{"0":"post-7935","1":"product","2":"type-product","3":"status-publish","4":"has-post-thumbnail","6":"product_cat-construcao-geral","7":"product_cat-espumas-para-construcao","8":"product_cat-areas-de-aplicacao","9":"product_cat-grupo-de-produtos","10":"product_cat-sanitarios","11":"product_cat-decoracao","13":"first","14":"instock","15":"taxable","16":"shipping-taxable","17":"purchasable","18":"product-type-variable"},"acf":[],"yoast_head":"<!-- This site is optimized with the Yoast SEO plugin v27.2 - https:\/\/yoast.com\/product\/yoast-seo-wordpress\/ -->\n<title>PENOSIL Premium Espuma Expansiva com bico aplicador para a veda\u00e7\u00e3o<\/title>\n<meta name=\"description\" content=\"PENOSIL Premium Espuma Expansiva apresenta boas propriedades de pre-enchimento e ader\u00eancia. Descubra-a!\" \/>\n<meta name=\"robots\" content=\"index, follow, max-snippet:-1, max-image-preview:large, max-video-preview:-1\" \/>\n<link rel=\"canonical\" href=\"https:\/\/penosil.com\/br\/produto\/premium-espuma-expansiva\/\" \/>\n<meta property=\"og:locale\" content=\"pt_PT\" \/>\n<meta property=\"og:type\" content=\"article\" \/>\n<meta property=\"og:title\" content=\"PENOSIL Premium Espuma Expansiva com bico aplicador para a veda\u00e7\u00e3o\" \/>\n<meta property=\"og:description\" content=\"PENOSIL Premium Espuma Expansiva apresenta boas propriedades de pre-enchimento e ader\u00eancia. Descubra-a!\" \/>\n<meta property=\"og:url\" content=\"https:\/\/penosil.com\/br\/produto\/premium-espuma-expansiva\/\" \/>\n<meta property=\"og:site_name\" content=\"Penosil Brazil\" \/>\n<meta property=\"article:modified_time\" content=\"2021-08-12T12:47:19+00:00\" \/>\n<meta property=\"og:image\" content=\"https:\/\/penosil.com\/br\/wp-content\/uploads\/sites\/18\/2021\/05\/Premium_Foam_750ml_BRA.jpg\" \/>\n\t<meta property=\"og:image:width\" content=\"475\" \/>\n\t<meta property=\"og:image:height\" content=\"1200\" \/>\n\t<meta property=\"og:image:type\" content=\"image\/jpeg\" \/>\n<meta name=\"twitter:card\" content=\"summary_large_image\" \/>\n<meta name=\"twitter:label1\" content=\"Tempo estimado de leitura\" \/>\n\t<meta name=\"twitter:data1\" content=\"1 minuto\" \/>\n<script type=\"application\/ld+json\" class=\"yoast-schema-graph\">{\"@context\":\"https:\/\/schema.org\",\"@graph\":[{\"@type\":\"WebPage\",\"@id\":\"https:\/\/penosil.com\/br\/produto\/premium-espuma-expansiva\/\",\"url\":\"https:\/\/penosil.com\/br\/produto\/premium-espuma-expansiva\/\",\"name\":\"PENOSIL Premium Espuma Expansiva com bico aplicador para a veda\u00e7\u00e3o\",\"isPartOf\":{\"@id\":\"https:\/\/penosil.com\/br\/#website\"},\"primaryImageOfPage\":{\"@id\":\"https:\/\/penosil.com\/br\/produto\/premium-espuma-expansiva\/#primaryimage\"},\"image\":{\"@id\":\"https:\/\/penosil.com\/br\/produto\/premium-espuma-expansiva\/#primaryimage\"},\"thumbnailUrl\":\"https:\/\/penosil.com\/br\/wp-content\/uploads\/sites\/18\/2021\/05\/Premium_Foam_750ml_BRA.jpg\",\"datePublished\":\"2021-05-19T13:24:21+00:00\",\"dateModified\":\"2021-08-12T12:47:19+00:00\",\"description\":\"PENOSIL Premium Espuma Expansiva apresenta boas propriedades de pre-enchimento e ader\u00eancia. Descubra-a!\",\"breadcrumb\":{\"@id\":\"https:\/\/penosil.com\/br\/produto\/premium-espuma-expansiva\/#breadcrumb\"},\"inLanguage\":\"pt-PT\",\"potentialAction\":[{\"@type\":\"ReadAction\",\"target\":[\"https:\/\/penosil.com\/br\/produto\/premium-espuma-expansiva\/\"]}]},{\"@type\":\"ImageObject\",\"inLanguage\":\"pt-PT\",\"@id\":\"https:\/\/penosil.com\/br\/produto\/premium-espuma-expansiva\/#primaryimage\",\"url\":\"https:\/\/penosil.com\/br\/wp-content\/uploads\/sites\/18\/2021\/05\/Premium_Foam_750ml_BRA.jpg\",\"contentUrl\":\"https:\/\/penosil.com\/br\/wp-content\/uploads\/sites\/18\/2021\/05\/Premium_Foam_750ml_BRA.jpg\",\"width\":475,\"height\":1200},{\"@type\":\"BreadcrumbList\",\"@id\":\"https:\/\/penosil.com\/br\/produto\/premium-espuma-expansiva\/#breadcrumb\",\"itemListElement\":[{\"@type\":\"ListItem\",\"position\":1,\"name\":\"Home\",\"item\":\"https:\/\/penosil.com\/br\/\"},{\"@type\":\"ListItem\",\"position\":2,\"name\":\"Produtos\",\"item\":\"https:\/\/penosil.com\/br\/produtos\/\"},{\"@type\":\"ListItem\",\"position\":3,\"name\":\"Premium Espuma Expansiva espuma expansiva com bico aplicador\"}]},{\"@type\":\"WebSite\",\"@id\":\"https:\/\/penosil.com\/br\/#website\",\"url\":\"https:\/\/penosil.com\/br\/\",\"name\":\"Penosil Brazil\",\"description\":\"\",\"potentialAction\":[{\"@type\":\"SearchAction\",\"target\":{\"@type\":\"EntryPoint\",\"urlTemplate\":\"https:\/\/penosil.com\/br\/?s={search_term_string}\"},\"query-input\":{\"@type\":\"PropertyValueSpecification\",\"valueRequired\":true,\"valueName\":\"search_term_string\"}}],\"inLanguage\":\"pt-PT\"}]}<\/script>\n<!-- \/ Yoast SEO plugin. -->","yoast_head_json":{"title":"PENOSIL Premium Espuma Expansiva com bico aplicador para a veda\u00e7\u00e3o","description":"PENOSIL Premium Espuma Expansiva apresenta boas propriedades de pre-enchimento e ader\u00eancia. Descubra-a!","robots":{"index":"index","follow":"follow","max-snippet":"max-snippet:-1","max-image-preview":"max-image-preview:large","max-video-preview":"max-video-preview:-1"},"canonical":"https:\/\/penosil.com\/br\/produto\/premium-espuma-expansiva\/","og_locale":"pt_PT","og_type":"article","og_title":"PENOSIL Premium Espuma Expansiva com bico aplicador para a veda\u00e7\u00e3o","og_description":"PENOSIL Premium Espuma Expansiva apresenta boas propriedades de pre-enchimento e ader\u00eancia. Descubra-a!","og_url":"https:\/\/penosil.com\/br\/produto\/premium-espuma-expansiva\/","og_site_name":"Penosil Brazil","article_modified_time":"2021-08-12T12:47:19+00:00","og_image":[{"width":475,"height":1200,"url":"https:\/\/penosil.com\/br\/wp-content\/uploads\/sites\/18\/2021\/05\/Premium_Foam_750ml_BRA.jpg","type":"image\/jpeg"}],"twitter_card":"summary_large_image","twitter_misc":{"Tempo estimado de leitura":"1 minuto"},"schema":{"@context":"https:\/\/schema.org","@graph":[{"@type":"WebPage","@id":"https:\/\/penosil.com\/br\/produto\/premium-espuma-expansiva\/","url":"https:\/\/penosil.com\/br\/produto\/premium-espuma-expansiva\/","name":"PENOSIL Premium Espuma Expansiva com bico aplicador para a veda\u00e7\u00e3o","isPartOf":{"@id":"https:\/\/penosil.com\/br\/#website"},"primaryImageOfPage":{"@id":"https:\/\/penosil.com\/br\/produto\/premium-espuma-expansiva\/#primaryimage"},"image":{"@id":"https:\/\/penosil.com\/br\/produto\/premium-espuma-expansiva\/#primaryimage"},"thumbnailUrl":"https:\/\/penosil.com\/br\/wp-content\/uploads\/sites\/18\/2021\/05\/Premium_Foam_750ml_BRA.jpg","datePublished":"2021-05-19T13:24:21+00:00","dateModified":"2021-08-12T12:47:19+00:00","description":"PENOSIL Premium Espuma Expansiva apresenta boas propriedades de pre-enchimento e ader\u00eancia. Descubra-a!","breadcrumb":{"@id":"https:\/\/penosil.com\/br\/produto\/premium-espuma-expansiva\/#breadcrumb"},"inLanguage":"pt-PT","potentialAction":[{"@type":"ReadAction","target":["https:\/\/penosil.com\/br\/produto\/premium-espuma-expansiva\/"]}]},{"@type":"ImageObject","inLanguage":"pt-PT","@id":"https:\/\/penosil.com\/br\/produto\/premium-espuma-expansiva\/#primaryimage","url":"https:\/\/penosil.com\/br\/wp-content\/uploads\/sites\/18\/2021\/05\/Premium_Foam_750ml_BRA.jpg","contentUrl":"https:\/\/penosil.com\/br\/wp-content\/uploads\/sites\/18\/2021\/05\/Premium_Foam_750ml_BRA.jpg","width":475,"height":1200},{"@type":"BreadcrumbList","@id":"https:\/\/penosil.com\/br\/produto\/premium-espuma-expansiva\/#breadcrumb","itemListElement":[{"@type":"ListItem","position":1,"name":"Home","item":"https:\/\/penosil.com\/br\/"},{"@type":"ListItem","position":2,"name":"Produtos","item":"https:\/\/penosil.com\/br\/produtos\/"},{"@type":"ListItem","position":3,"name":"Premium Espuma Expansiva espuma expansiva com bico aplicador"}]},{"@type":"WebSite","@id":"https:\/\/penosil.com\/br\/#website","url":"https:\/\/penosil.com\/br\/","name":"Penosil Brazil","description":"","potentialAction":[{"@type":"SearchAction","target":{"@type":"EntryPoint","urlTemplate":"https:\/\/penosil.com\/br\/?s={search_term_string}"},"query-input":{"@type":"PropertyValueSpecification","valueRequired":true,"valueName":"search_term_string"}}],"inLanguage":"pt-PT"}]}},"featured_img":"https:\/\/penosil.com\/br\/wp-content\/uploads\/sites\/18\/2021\/05\/Premium_Foam_750ml_BRA.jpg","coauthors":[],"author_meta":{"author_link":"https:\/\/penosil.com\/br\/author\/kristin\/","display_name":"kristin"},"relative_dates":{"created":"Posted 5 anos ago","modified":"Updated 5 anos ago"},"absolute_dates":{"created":"Posted on 19 de Maio, 2021","modified":"Updated on 12 de Agosto, 2021"},"absolute_dates_time":{"created":"Posted on 19 de Maio, 2021 13:24","modified":"Updated on 12 de Agosto, 2021 12:47"},"featured_img_caption":"","tax_additional":{"product_brand":{"linked":[],"unlinked":[],"slug":"product_brand","name":"Marcas"},"product_type":{"linked":["<a href=\"https:\/\/penosil.com\/br\/?taxonomy=product_type&#038;term=variable\" class=\"advgb-post-tax-term\">variable<\/a>"],"unlinked":["<span class=\"advgb-post-tax-term\">variable<\/span>"],"slug":"product_type","name":"Tipo de produto"},"product_visibility":{"linked":[],"unlinked":[],"slug":"product_visibility","name":"Visibilidade do produto"},"product_cat":{"linked":["<a href=\"https:\/\/penosil.com\/br\/categoria-produto\/areas-de-aplicacao\/construcao-geral\/\" class=\"advgb-post-tax-term\">Constru\u00e7\u00e3o geral<\/a>","<a href=\"https:\/\/penosil.com\/br\/categoria-produto\/grupo-de-produtos\/espumas-para-construcao\/\" class=\"advgb-post-tax-term\">Espumas para constru\u00e7\u00e3o<\/a>","<a href=\"https:\/\/penosil.com\/br\/categoria-produto\/areas-de-aplicacao\/\" class=\"advgb-post-tax-term\">\u00c1reas de aplica\u00e7\u00e3o<\/a>","<a href=\"https:\/\/penosil.com\/br\/categoria-produto\/grupo-de-produtos\/\" class=\"advgb-post-tax-term\">Grupo de produtos<\/a>","<a href=\"https:\/\/penosil.com\/br\/categoria-produto\/areas-de-aplicacao\/sanitarios\/\" class=\"advgb-post-tax-term\">Sanit\u00e1rios<\/a>","<a href=\"https:\/\/penosil.com\/br\/categoria-produto\/areas-de-aplicacao\/decoracao\/\" class=\"advgb-post-tax-term\">Decora\u00e7\u00e3o<\/a>"],"unlinked":["<span class=\"advgb-post-tax-term\">Constru\u00e7\u00e3o geral<\/span>","<span class=\"advgb-post-tax-term\">Espumas para constru\u00e7\u00e3o<\/span>","<span class=\"advgb-post-tax-term\">\u00c1reas de aplica\u00e7\u00e3o<\/span>","<span class=\"advgb-post-tax-term\">Grupo de produtos<\/span>","<span class=\"advgb-post-tax-term\">Sanit\u00e1rios<\/span>","<span class=\"advgb-post-tax-term\">Decora\u00e7\u00e3o<\/span>"],"slug":"product_cat","name":"Categorias de produto"},"product_tag":{"linked":[],"unlinked":[],"slug":"product_tag","name":"Etiquetas de produto"},"product_shipping_class":{"linked":[],"unlinked":[],"slug":"product_shipping_class","name":"Classes de envio do produto"},"pos_product_visibility":{"linked":[],"unlinked":[],"slug":"pos_product_visibility","name":"POS Product visibility"},"pa_color":{"linked":["<a href=\"https:\/\/penosil.com\/br\/?taxonomy=pa_color&#038;term=amarelo-claro\" class=\"advgb-post-tax-term\">Amarelo claro<\/a>"],"unlinked":["<span class=\"advgb-post-tax-term\">Amarelo claro<\/span>"],"slug":"pa_color","name":"Product Colour"},"pa_package":{"linked":["<a href=\"https:\/\/penosil.com\/br\/?taxonomy=pa_package&#038;term=750-ml-pt-pt\" class=\"advgb-post-tax-term\">750 ml<\/a>","<a href=\"https:\/\/penosil.com\/br\/?taxonomy=pa_package&#038;term=500-ml\" class=\"advgb-post-tax-term\">500 ml<\/a>"],"unlinked":["<span class=\"advgb-post-tax-term\">750 ml<\/span>","<span class=\"advgb-post-tax-term\">500 ml<\/span>"],"slug":"pa_package","name":"Product Package"},"translation_priority":{"linked":["<a href=\"https:\/\/penosil.com\/br\/?taxonomy=translation_priority&#038;term=opcional\" class=\"advgb-post-tax-term\">Opcional<\/a>"],"unlinked":["<span class=\"advgb-post-tax-term\">Opcional<\/span>"],"slug":"translation_priority","name":"Prioridades da Tradu\u00e7\u00e3o"}},"series_order":"","_links":{"self":[{"href":"https:\/\/penosil.com\/br\/wp-json\/wp\/v2\/product\/7935","targetHints":{"allow":["GET"]}}],"collection":[{"href":"https:\/\/penosil.com\/br\/wp-json\/wp\/v2\/product"}],"about":[{"href":"https:\/\/penosil.com\/br\/wp-json\/wp\/v2\/types\/product"}],"version-history":[{"count":1,"href":"https:\/\/penosil.com\/br\/wp-json\/wp\/v2\/product\/7935\/revisions"}],"predecessor-version":[{"id":8026,"href":"https:\/\/penosil.com\/br\/wp-json\/wp\/v2\/product\/7935\/revisions\/8026"}],"wp:featuredmedia":[{"embeddable":true,"href":"https:\/\/penosil.com\/br\/wp-json\/wp\/v2\/media\/7937"}],"wp:attachment":[{"href":"https:\/\/penosil.com\/br\/wp-json\/wp\/v2\/media?parent=7935"}],"wp:term":[{"taxonomy":"product_brand","embeddable":true,"href":"https:\/\/penosil.com\/br\/wp-json\/wp\/v2\/product_brand?post=7935"},{"taxonomy":"product_cat","embeddable":true,"href":"https:\/\/penosil.com\/br\/wp-json\/wp\/v2\/product_cat?post=7935"},{"taxonomy":"product_tag","embeddable":true,"href":"https:\/\/penosil.com\/br\/wp-json\/wp\/v2\/product_tag?post=7935"}],"curies":[{"name":"wp","href":"https:\/\/api.w.org\/{rel}","templated":true}]}}