{"id":8013,"date":"2021-08-03T10:51:00","date_gmt":"2021-08-03T10:51:00","guid":{"rendered":"https:\/\/penosil.com\/br\/?post_type=product&#038;p=8013"},"modified":"2021-08-13T11:13:41","modified_gmt":"2021-08-13T11:13:41","slug":"premium-selante-acrilico","status":"publish","type":"product","link":"https:\/\/penosil.com\/br\/produto\/premium-selante-acrilico\/","title":{"rendered":"Premium Selante Acrilico selante acr\u00edlico pint\u00e1vel"},"content":{"rendered":"<p>Selante acr\u00edlico pint\u00e1vel para preencher lacunas e fissuras antes da pintura.<\/p>\n","protected":false},"excerpt":{"rendered":"Selante acr\u00edlico pint\u00e1vel para preencher lacunas e fissuras antes da pintura.","protected":false},"author":22,"featured_media":8014,"template":"","meta":{"_acf_changed":false,"advgb_blocks_editor_width":"","advgb_blocks_columns_visual_guide":"","footnotes":""},"product_brand":[],"product_cat":[339,1611,1369,580],"product_tag":[],"class_list":{"0":"post-8013","1":"product","2":"type-product","3":"status-publish","4":"has-post-thumbnail","6":"product_cat-areas-de-aplicacao","7":"product_cat-selantes","8":"product_cat-grupo-de-produtos","9":"product_cat-decoracao","11":"first","12":"instock","13":"taxable","14":"shipping-taxable","15":"purchasable","16":"product-type-variable"},"acf":[],"yoast_head":"<!-- This site is optimized with the Yoast SEO plugin v27.4 - https:\/\/yoast.com\/product\/yoast-seo-wordpress\/ -->\n<title>PENOSIL Premium Selante Acrilico para preencher lacunas e fissuras<\/title>\n<meta name=\"description\" content=\"PENOSIL Premium Selante Acrilico \u00e9 um selante pint\u00e1vel para preencher lacunas e fissuras antes da pintura. Adere bem \u00e0 maioria dos materiais. D\u00ea uma olhada!\" \/>\n<meta name=\"robots\" content=\"index, follow, max-snippet:-1, max-image-preview:large, max-video-preview:-1\" \/>\n<link rel=\"canonical\" href=\"https:\/\/penosil.com\/br\/produto\/premium-selante-acrilico\/\" \/>\n<meta property=\"og:locale\" content=\"pt_PT\" \/>\n<meta property=\"og:type\" content=\"article\" \/>\n<meta property=\"og:title\" content=\"PENOSIL Premium Selante Acrilico para preencher lacunas e fissuras\" \/>\n<meta property=\"og:description\" content=\"PENOSIL Premium Selante Acrilico \u00e9 um selante pint\u00e1vel para preencher lacunas e fissuras antes da pintura. Adere bem \u00e0 maioria dos materiais. D\u00ea uma olhada!\" \/>\n<meta property=\"og:url\" content=\"https:\/\/penosil.com\/br\/produto\/premium-selante-acrilico\/\" \/>\n<meta property=\"og:site_name\" content=\"Penosil Brazil\" \/>\n<meta property=\"article:modified_time\" content=\"2021-08-13T11:13:41+00:00\" \/>\n<meta property=\"og:image\" content=\"https:\/\/penosil.com\/br\/wp-content\/uploads\/sites\/18\/2021\/08\/PENOSIL_Premium_Selante_Acrlico_463g_BRA_194x153mm_down-700x1990.png\" \/>\n\t<meta property=\"og:image:width\" content=\"700\" \/>\n\t<meta property=\"og:image:height\" content=\"1990\" \/>\n\t<meta property=\"og:image:type\" content=\"image\/png\" \/>\n<meta name=\"twitter:card\" content=\"summary_large_image\" \/>\n<meta name=\"twitter:label1\" content=\"Tempo estimado de leitura\" \/>\n\t<meta name=\"twitter:data1\" content=\"1 minuto\" \/>\n<script type=\"application\/ld+json\" class=\"yoast-schema-graph\">{\"@context\":\"https:\\\/\\\/schema.org\",\"@graph\":[{\"@type\":\"WebPage\",\"@id\":\"https:\\\/\\\/penosil.com\\\/br\\\/produto\\\/premium-selante-acrilico\\\/\",\"url\":\"https:\\\/\\\/penosil.com\\\/br\\\/produto\\\/premium-selante-acrilico\\\/\",\"name\":\"PENOSIL Premium Selante Acrilico para preencher lacunas e fissuras\",\"isPartOf\":{\"@id\":\"https:\\\/\\\/penosil.com\\\/br\\\/#website\"},\"primaryImageOfPage\":{\"@id\":\"https:\\\/\\\/penosil.com\\\/br\\\/produto\\\/premium-selante-acrilico\\\/#primaryimage\"},\"image\":{\"@id\":\"https:\\\/\\\/penosil.com\\\/br\\\/produto\\\/premium-selante-acrilico\\\/#primaryimage\"},\"thumbnailUrl\":\"https:\\\/\\\/penosil.com\\\/br\\\/wp-content\\\/uploads\\\/sites\\\/18\\\/2021\\\/08\\\/PENOSIL_Premium_Selante_Acrlico_463g_BRA_194x153mm_down.png\",\"datePublished\":\"2021-08-03T10:51:00+00:00\",\"dateModified\":\"2021-08-13T11:13:41+00:00\",\"description\":\"PENOSIL Premium Selante Acrilico \u00e9 um selante pint\u00e1vel para preencher lacunas e fissuras antes da pintura. Adere bem \u00e0 maioria dos materiais. D\u00ea uma olhada!\",\"breadcrumb\":{\"@id\":\"https:\\\/\\\/penosil.com\\\/br\\\/produto\\\/premium-selante-acrilico\\\/#breadcrumb\"},\"inLanguage\":\"pt-PT\",\"potentialAction\":[{\"@type\":\"ReadAction\",\"target\":[\"https:\\\/\\\/penosil.com\\\/br\\\/produto\\\/premium-selante-acrilico\\\/\"]}]},{\"@type\":\"ImageObject\",\"inLanguage\":\"pt-PT\",\"@id\":\"https:\\\/\\\/penosil.com\\\/br\\\/produto\\\/premium-selante-acrilico\\\/#primaryimage\",\"url\":\"https:\\\/\\\/penosil.com\\\/br\\\/wp-content\\\/uploads\\\/sites\\\/18\\\/2021\\\/08\\\/PENOSIL_Premium_Selante_Acrlico_463g_BRA_194x153mm_down.png\",\"contentUrl\":\"https:\\\/\\\/penosil.com\\\/br\\\/wp-content\\\/uploads\\\/sites\\\/18\\\/2021\\\/08\\\/PENOSIL_Premium_Selante_Acrlico_463g_BRA_194x153mm_down.png\",\"width\":716,\"height\":2035},{\"@type\":\"BreadcrumbList\",\"@id\":\"https:\\\/\\\/penosil.com\\\/br\\\/produto\\\/premium-selante-acrilico\\\/#breadcrumb\",\"itemListElement\":[{\"@type\":\"ListItem\",\"position\":1,\"name\":\"Home\",\"item\":\"https:\\\/\\\/penosil.com\\\/br\\\/\"},{\"@type\":\"ListItem\",\"position\":2,\"name\":\"Produtos\",\"item\":\"https:\\\/\\\/penosil.com\\\/br\\\/produtos\\\/\"},{\"@type\":\"ListItem\",\"position\":3,\"name\":\"Premium Selante Acrilico selante acr\u00edlico pint\u00e1vel\"}]},{\"@type\":\"WebSite\",\"@id\":\"https:\\\/\\\/penosil.com\\\/br\\\/#website\",\"url\":\"https:\\\/\\\/penosil.com\\\/br\\\/\",\"name\":\"Penosil Brazil\",\"description\":\"\",\"potentialAction\":[{\"@type\":\"SearchAction\",\"target\":{\"@type\":\"EntryPoint\",\"urlTemplate\":\"https:\\\/\\\/penosil.com\\\/br\\\/?s={search_term_string}\"},\"query-input\":{\"@type\":\"PropertyValueSpecification\",\"valueRequired\":true,\"valueName\":\"search_term_string\"}}],\"inLanguage\":\"pt-PT\"}]}<\/script>\n<!-- \/ Yoast SEO plugin. -->","yoast_head_json":{"title":"PENOSIL Premium Selante Acrilico para preencher lacunas e fissuras","description":"PENOSIL Premium Selante Acrilico \u00e9 um selante pint\u00e1vel para preencher lacunas e fissuras antes da pintura. Adere bem \u00e0 maioria dos materiais. D\u00ea uma olhada!","robots":{"index":"index","follow":"follow","max-snippet":"max-snippet:-1","max-image-preview":"max-image-preview:large","max-video-preview":"max-video-preview:-1"},"canonical":"https:\/\/penosil.com\/br\/produto\/premium-selante-acrilico\/","og_locale":"pt_PT","og_type":"article","og_title":"PENOSIL Premium Selante Acrilico para preencher lacunas e fissuras","og_description":"PENOSIL Premium Selante Acrilico \u00e9 um selante pint\u00e1vel para preencher lacunas e fissuras antes da pintura. Adere bem \u00e0 maioria dos materiais. D\u00ea uma olhada!","og_url":"https:\/\/penosil.com\/br\/produto\/premium-selante-acrilico\/","og_site_name":"Penosil Brazil","article_modified_time":"2021-08-13T11:13:41+00:00","og_image":[{"width":700,"height":1990,"url":"https:\/\/penosil.com\/br\/wp-content\/uploads\/sites\/18\/2021\/08\/PENOSIL_Premium_Selante_Acrlico_463g_BRA_194x153mm_down-700x1990.png","type":"image\/png"}],"twitter_card":"summary_large_image","twitter_misc":{"Tempo estimado de leitura":"1 minuto"},"schema":{"@context":"https:\/\/schema.org","@graph":[{"@type":"WebPage","@id":"https:\/\/penosil.com\/br\/produto\/premium-selante-acrilico\/","url":"https:\/\/penosil.com\/br\/produto\/premium-selante-acrilico\/","name":"PENOSIL Premium Selante Acrilico para preencher lacunas e fissuras","isPartOf":{"@id":"https:\/\/penosil.com\/br\/#website"},"primaryImageOfPage":{"@id":"https:\/\/penosil.com\/br\/produto\/premium-selante-acrilico\/#primaryimage"},"image":{"@id":"https:\/\/penosil.com\/br\/produto\/premium-selante-acrilico\/#primaryimage"},"thumbnailUrl":"https:\/\/penosil.com\/br\/wp-content\/uploads\/sites\/18\/2021\/08\/PENOSIL_Premium_Selante_Acrlico_463g_BRA_194x153mm_down.png","datePublished":"2021-08-03T10:51:00+00:00","dateModified":"2021-08-13T11:13:41+00:00","description":"PENOSIL Premium Selante Acrilico \u00e9 um selante pint\u00e1vel para preencher lacunas e fissuras antes da pintura. Adere bem \u00e0 maioria dos materiais. D\u00ea uma olhada!","breadcrumb":{"@id":"https:\/\/penosil.com\/br\/produto\/premium-selante-acrilico\/#breadcrumb"},"inLanguage":"pt-PT","potentialAction":[{"@type":"ReadAction","target":["https:\/\/penosil.com\/br\/produto\/premium-selante-acrilico\/"]}]},{"@type":"ImageObject","inLanguage":"pt-PT","@id":"https:\/\/penosil.com\/br\/produto\/premium-selante-acrilico\/#primaryimage","url":"https:\/\/penosil.com\/br\/wp-content\/uploads\/sites\/18\/2021\/08\/PENOSIL_Premium_Selante_Acrlico_463g_BRA_194x153mm_down.png","contentUrl":"https:\/\/penosil.com\/br\/wp-content\/uploads\/sites\/18\/2021\/08\/PENOSIL_Premium_Selante_Acrlico_463g_BRA_194x153mm_down.png","width":716,"height":2035},{"@type":"BreadcrumbList","@id":"https:\/\/penosil.com\/br\/produto\/premium-selante-acrilico\/#breadcrumb","itemListElement":[{"@type":"ListItem","position":1,"name":"Home","item":"https:\/\/penosil.com\/br\/"},{"@type":"ListItem","position":2,"name":"Produtos","item":"https:\/\/penosil.com\/br\/produtos\/"},{"@type":"ListItem","position":3,"name":"Premium Selante Acrilico selante acr\u00edlico pint\u00e1vel"}]},{"@type":"WebSite","@id":"https:\/\/penosil.com\/br\/#website","url":"https:\/\/penosil.com\/br\/","name":"Penosil Brazil","description":"","potentialAction":[{"@type":"SearchAction","target":{"@type":"EntryPoint","urlTemplate":"https:\/\/penosil.com\/br\/?s={search_term_string}"},"query-input":{"@type":"PropertyValueSpecification","valueRequired":true,"valueName":"search_term_string"}}],"inLanguage":"pt-PT"}]}},"featured_img":"https:\/\/penosil.com\/br\/wp-content\/uploads\/sites\/18\/2021\/08\/PENOSIL_Premium_Selante_Acrlico_463g_BRA_194x153mm_down.png","coauthors":[],"author_meta":{"author_link":"https:\/\/penosil.com\/br\/author\/kristin\/","display_name":"kristin"},"relative_dates":{"created":"Posted 5 anos ago","modified":"Updated 5 anos ago"},"absolute_dates":{"created":"Posted on 3 de Agosto, 2021","modified":"Updated on 13 de Agosto, 2021"},"absolute_dates_time":{"created":"Posted on 3 de Agosto, 2021 10:51","modified":"Updated on 13 de Agosto, 2021 11:13"},"featured_img_caption":"","tax_additional":{"product_brand":{"linked":[],"unlinked":[],"slug":"product_brand","name":"Marcas"},"product_type":{"linked":["<a href=\"https:\/\/penosil.com\/br\/?taxonomy=product_type&#038;term=variable\" class=\"advgb-post-tax-term\">variable<\/a>"],"unlinked":["<span class=\"advgb-post-tax-term\">variable<\/span>"],"slug":"product_type","name":"Tipo de produto"},"product_visibility":{"linked":[],"unlinked":[],"slug":"product_visibility","name":"Visibilidade do produto"},"product_cat":{"linked":["<a href=\"https:\/\/penosil.com\/br\/categoria-produto\/areas-de-aplicacao\/\" class=\"advgb-post-tax-term\">\u00c1reas de aplica\u00e7\u00e3o<\/a>","<a href=\"https:\/\/penosil.com\/br\/categoria-produto\/grupo-de-produtos\/selantes\/\" class=\"advgb-post-tax-term\">Selantes<\/a>","<a href=\"https:\/\/penosil.com\/br\/categoria-produto\/grupo-de-produtos\/\" class=\"advgb-post-tax-term\">Grupo de produtos<\/a>","<a href=\"https:\/\/penosil.com\/br\/categoria-produto\/areas-de-aplicacao\/decoracao\/\" class=\"advgb-post-tax-term\">Decora\u00e7\u00e3o<\/a>"],"unlinked":["<span class=\"advgb-post-tax-term\">\u00c1reas de aplica\u00e7\u00e3o<\/span>","<span class=\"advgb-post-tax-term\">Selantes<\/span>","<span class=\"advgb-post-tax-term\">Grupo de produtos<\/span>","<span class=\"advgb-post-tax-term\">Decora\u00e7\u00e3o<\/span>"],"slug":"product_cat","name":"Categorias de produto"},"product_tag":{"linked":[],"unlinked":[],"slug":"product_tag","name":"Etiquetas de produto"},"product_shipping_class":{"linked":[],"unlinked":[],"slug":"product_shipping_class","name":"Classes de envio do produto"},"pos_product_visibility":{"linked":[],"unlinked":[],"slug":"pos_product_visibility","name":"POS Product visibility"},"pa_color":{"linked":["<a href=\"https:\/\/penosil.com\/br\/?taxonomy=pa_color&#038;term=branco\" class=\"advgb-post-tax-term\">Branco<\/a>","<a href=\"https:\/\/penosil.com\/br\/?taxonomy=pa_color&#038;term=cinza\" class=\"advgb-post-tax-term\">Cinza<\/a>"],"unlinked":["<span class=\"advgb-post-tax-term\">Branco<\/span>","<span class=\"advgb-post-tax-term\">Cinza<\/span>"],"slug":"pa_color","name":"Product Colour"},"pa_package":{"linked":["<a href=\"https:\/\/penosil.com\/br\/?taxonomy=pa_package&#038;term=280-ml\" class=\"advgb-post-tax-term\">280 ml<\/a>"],"unlinked":["<span class=\"advgb-post-tax-term\">280 ml<\/span>"],"slug":"pa_package","name":"Product Package"},"translation_priority":{"linked":["<a href=\"https:\/\/penosil.com\/br\/?taxonomy=translation_priority&#038;term=opcional\" class=\"advgb-post-tax-term\">Opcional<\/a>"],"unlinked":["<span class=\"advgb-post-tax-term\">Opcional<\/span>"],"slug":"translation_priority","name":"Prioridades da Tradu\u00e7\u00e3o"}},"series_order":"","_links":{"self":[{"href":"https:\/\/penosil.com\/br\/wp-json\/wp\/v2\/product\/8013","targetHints":{"allow":["GET"]}}],"collection":[{"href":"https:\/\/penosil.com\/br\/wp-json\/wp\/v2\/product"}],"about":[{"href":"https:\/\/penosil.com\/br\/wp-json\/wp\/v2\/types\/product"}],"version-history":[{"count":0,"href":"https:\/\/penosil.com\/br\/wp-json\/wp\/v2\/product\/8013\/revisions"}],"wp:featuredmedia":[{"embeddable":true,"href":"https:\/\/penosil.com\/br\/wp-json\/wp\/v2\/media\/8014"}],"wp:attachment":[{"href":"https:\/\/penosil.com\/br\/wp-json\/wp\/v2\/media?parent=8013"}],"wp:term":[{"taxonomy":"product_brand","embeddable":true,"href":"https:\/\/penosil.com\/br\/wp-json\/wp\/v2\/product_brand?post=8013"},{"taxonomy":"product_cat","embeddable":true,"href":"https:\/\/penosil.com\/br\/wp-json\/wp\/v2\/product_cat?post=8013"},{"taxonomy":"product_tag","embeddable":true,"href":"https:\/\/penosil.com\/br\/wp-json\/wp\/v2\/product_tag?post=8013"}],"curies":[{"name":"wp","href":"https:\/\/api.w.org\/{rel}","templated":true}]}}