{"id":8017,"date":"2021-08-03T12:53:09","date_gmt":"2021-08-03T12:53:09","guid":{"rendered":"https:\/\/penosil.com\/br\/?post_type=product&#038;p=8017"},"modified":"2021-08-13T11:15:09","modified_gmt":"2021-08-13T11:15:09","slug":"premium-silicone-acetico","status":"publish","type":"product","link":"https:\/\/penosil.com\/br\/produto\/premium-silicone-acetico\/","title":{"rendered":"Premium Silicone Acetico selante de silicone ac\u00e9tico"},"content":{"rendered":"<p>Selante de silicone multiuso de cura \u00e1cida com excelentes propriedades de ader\u00eancia e ampla \u00e1rea de aplica\u00e7\u00e3o.<\/p>\n","protected":false},"excerpt":{"rendered":"Selante de silicone multiuso de cura \u00e1cida com excelentes propriedades de ader\u00eancia e ampla \u00e1rea de aplica\u00e7\u00e3o.","protected":false},"author":22,"featured_media":8018,"template":"","meta":{"_acf_changed":false,"advgb_blocks_editor_width":"","advgb_blocks_columns_visual_guide":"","footnotes":""},"product_brand":[],"product_cat":[835,339,1611,1369],"product_tag":[],"class_list":{"0":"post-8017","1":"product","2":"type-product","3":"status-publish","4":"has-post-thumbnail","6":"product_cat-construcao-geral","7":"product_cat-areas-de-aplicacao","8":"product_cat-selantes","9":"product_cat-grupo-de-produtos","11":"first","12":"instock","13":"taxable","14":"shipping-taxable","15":"purchasable","16":"product-type-variable"},"acf":[],"yoast_head":"<!-- This site is optimized with the Yoast SEO plugin v27.2 - https:\/\/yoast.com\/product\/yoast-seo-wordpress\/ -->\n<title>PENOSIL Premium Silicone Acetico \u00e9 um silicone multiuso com cura \u00e1cida<\/title>\n<meta name=\"description\" content=\"PENOSIL Premium Silicone Acetico \u00e9 um silicone de cura \u00e1cida multiuso, que adere com maioria dos materiais e seca rapidamente. \u00c0 prova de UV. Veja mais!\" \/>\n<meta name=\"robots\" content=\"index, follow, max-snippet:-1, max-image-preview:large, max-video-preview:-1\" \/>\n<link rel=\"canonical\" href=\"https:\/\/penosil.com\/br\/produto\/premium-silicone-acetico\/\" \/>\n<meta property=\"og:locale\" content=\"pt_PT\" \/>\n<meta property=\"og:type\" content=\"article\" \/>\n<meta property=\"og:title\" content=\"PENOSIL Premium Silicone Acetico \u00e9 um silicone multiuso com cura \u00e1cida\" \/>\n<meta property=\"og:description\" content=\"PENOSIL Premium Silicone Acetico \u00e9 um silicone de cura \u00e1cida multiuso, que adere com maioria dos materiais e seca rapidamente. \u00c0 prova de UV. Veja mais!\" \/>\n<meta property=\"og:url\" content=\"https:\/\/penosil.com\/br\/produto\/premium-silicone-acetico\/\" \/>\n<meta property=\"og:site_name\" content=\"Penosil Brazil\" \/>\n<meta property=\"article:modified_time\" content=\"2021-08-13T11:15:09+00:00\" \/>\n<meta property=\"og:image\" content=\"https:\/\/penosil.com\/br\/wp-content\/uploads\/sites\/18\/2021\/08\/PENOSIL_Premium_Silicone_Acetico_280g_BRANCO_BRA_153x194mm_down-700x1990.png\" \/>\n\t<meta property=\"og:image:width\" content=\"700\" \/>\n\t<meta property=\"og:image:height\" content=\"1990\" \/>\n\t<meta property=\"og:image:type\" content=\"image\/png\" \/>\n<meta name=\"twitter:card\" content=\"summary_large_image\" \/>\n<meta name=\"twitter:label1\" content=\"Tempo estimado de leitura\" \/>\n\t<meta name=\"twitter:data1\" content=\"1 minuto\" \/>\n<script type=\"application\/ld+json\" class=\"yoast-schema-graph\">{\"@context\":\"https:\/\/schema.org\",\"@graph\":[{\"@type\":\"WebPage\",\"@id\":\"https:\/\/penosil.com\/br\/produto\/premium-silicone-acetico\/\",\"url\":\"https:\/\/penosil.com\/br\/produto\/premium-silicone-acetico\/\",\"name\":\"PENOSIL Premium Silicone Acetico \u00e9 um silicone multiuso com cura \u00e1cida\",\"isPartOf\":{\"@id\":\"https:\/\/penosil.com\/br\/#website\"},\"primaryImageOfPage\":{\"@id\":\"https:\/\/penosil.com\/br\/produto\/premium-silicone-acetico\/#primaryimage\"},\"image\":{\"@id\":\"https:\/\/penosil.com\/br\/produto\/premium-silicone-acetico\/#primaryimage\"},\"thumbnailUrl\":\"https:\/\/penosil.com\/br\/wp-content\/uploads\/sites\/18\/2021\/08\/PENOSIL_Premium_Silicone_Acetico_280g_BRANCO_BRA_153x194mm_down.png\",\"datePublished\":\"2021-08-03T12:53:09+00:00\",\"dateModified\":\"2021-08-13T11:15:09+00:00\",\"description\":\"PENOSIL Premium Silicone Acetico \u00e9 um silicone de cura \u00e1cida multiuso, que adere com maioria dos materiais e seca rapidamente. \u00c0 prova de UV. Veja mais!\",\"breadcrumb\":{\"@id\":\"https:\/\/penosil.com\/br\/produto\/premium-silicone-acetico\/#breadcrumb\"},\"inLanguage\":\"pt-PT\",\"potentialAction\":[{\"@type\":\"ReadAction\",\"target\":[\"https:\/\/penosil.com\/br\/produto\/premium-silicone-acetico\/\"]}]},{\"@type\":\"ImageObject\",\"inLanguage\":\"pt-PT\",\"@id\":\"https:\/\/penosil.com\/br\/produto\/premium-silicone-acetico\/#primaryimage\",\"url\":\"https:\/\/penosil.com\/br\/wp-content\/uploads\/sites\/18\/2021\/08\/PENOSIL_Premium_Silicone_Acetico_280g_BRANCO_BRA_153x194mm_down.png\",\"contentUrl\":\"https:\/\/penosil.com\/br\/wp-content\/uploads\/sites\/18\/2021\/08\/PENOSIL_Premium_Silicone_Acetico_280g_BRANCO_BRA_153x194mm_down.png\",\"width\":716,\"height\":2035},{\"@type\":\"BreadcrumbList\",\"@id\":\"https:\/\/penosil.com\/br\/produto\/premium-silicone-acetico\/#breadcrumb\",\"itemListElement\":[{\"@type\":\"ListItem\",\"position\":1,\"name\":\"Home\",\"item\":\"https:\/\/penosil.com\/br\/\"},{\"@type\":\"ListItem\",\"position\":2,\"name\":\"Produtos\",\"item\":\"https:\/\/penosil.com\/br\/produtos\/\"},{\"@type\":\"ListItem\",\"position\":3,\"name\":\"Premium Silicone Acetico selante de silicone ac\u00e9tico\"}]},{\"@type\":\"WebSite\",\"@id\":\"https:\/\/penosil.com\/br\/#website\",\"url\":\"https:\/\/penosil.com\/br\/\",\"name\":\"Penosil Brazil\",\"description\":\"\",\"potentialAction\":[{\"@type\":\"SearchAction\",\"target\":{\"@type\":\"EntryPoint\",\"urlTemplate\":\"https:\/\/penosil.com\/br\/?s={search_term_string}\"},\"query-input\":{\"@type\":\"PropertyValueSpecification\",\"valueRequired\":true,\"valueName\":\"search_term_string\"}}],\"inLanguage\":\"pt-PT\"}]}<\/script>\n<!-- \/ Yoast SEO plugin. -->","yoast_head_json":{"title":"PENOSIL Premium Silicone Acetico \u00e9 um silicone multiuso com cura \u00e1cida","description":"PENOSIL Premium Silicone Acetico \u00e9 um silicone de cura \u00e1cida multiuso, que adere com maioria dos materiais e seca rapidamente. \u00c0 prova de UV. Veja mais!","robots":{"index":"index","follow":"follow","max-snippet":"max-snippet:-1","max-image-preview":"max-image-preview:large","max-video-preview":"max-video-preview:-1"},"canonical":"https:\/\/penosil.com\/br\/produto\/premium-silicone-acetico\/","og_locale":"pt_PT","og_type":"article","og_title":"PENOSIL Premium Silicone Acetico \u00e9 um silicone multiuso com cura \u00e1cida","og_description":"PENOSIL Premium Silicone Acetico \u00e9 um silicone de cura \u00e1cida multiuso, que adere com maioria dos materiais e seca rapidamente. \u00c0 prova de UV. Veja mais!","og_url":"https:\/\/penosil.com\/br\/produto\/premium-silicone-acetico\/","og_site_name":"Penosil Brazil","article_modified_time":"2021-08-13T11:15:09+00:00","og_image":[{"width":700,"height":1990,"url":"https:\/\/penosil.com\/br\/wp-content\/uploads\/sites\/18\/2021\/08\/PENOSIL_Premium_Silicone_Acetico_280g_BRANCO_BRA_153x194mm_down-700x1990.png","type":"image\/png"}],"twitter_card":"summary_large_image","twitter_misc":{"Tempo estimado de leitura":"1 minuto"},"schema":{"@context":"https:\/\/schema.org","@graph":[{"@type":"WebPage","@id":"https:\/\/penosil.com\/br\/produto\/premium-silicone-acetico\/","url":"https:\/\/penosil.com\/br\/produto\/premium-silicone-acetico\/","name":"PENOSIL Premium Silicone Acetico \u00e9 um silicone multiuso com cura \u00e1cida","isPartOf":{"@id":"https:\/\/penosil.com\/br\/#website"},"primaryImageOfPage":{"@id":"https:\/\/penosil.com\/br\/produto\/premium-silicone-acetico\/#primaryimage"},"image":{"@id":"https:\/\/penosil.com\/br\/produto\/premium-silicone-acetico\/#primaryimage"},"thumbnailUrl":"https:\/\/penosil.com\/br\/wp-content\/uploads\/sites\/18\/2021\/08\/PENOSIL_Premium_Silicone_Acetico_280g_BRANCO_BRA_153x194mm_down.png","datePublished":"2021-08-03T12:53:09+00:00","dateModified":"2021-08-13T11:15:09+00:00","description":"PENOSIL Premium Silicone Acetico \u00e9 um silicone de cura \u00e1cida multiuso, que adere com maioria dos materiais e seca rapidamente. \u00c0 prova de UV. Veja mais!","breadcrumb":{"@id":"https:\/\/penosil.com\/br\/produto\/premium-silicone-acetico\/#breadcrumb"},"inLanguage":"pt-PT","potentialAction":[{"@type":"ReadAction","target":["https:\/\/penosil.com\/br\/produto\/premium-silicone-acetico\/"]}]},{"@type":"ImageObject","inLanguage":"pt-PT","@id":"https:\/\/penosil.com\/br\/produto\/premium-silicone-acetico\/#primaryimage","url":"https:\/\/penosil.com\/br\/wp-content\/uploads\/sites\/18\/2021\/08\/PENOSIL_Premium_Silicone_Acetico_280g_BRANCO_BRA_153x194mm_down.png","contentUrl":"https:\/\/penosil.com\/br\/wp-content\/uploads\/sites\/18\/2021\/08\/PENOSIL_Premium_Silicone_Acetico_280g_BRANCO_BRA_153x194mm_down.png","width":716,"height":2035},{"@type":"BreadcrumbList","@id":"https:\/\/penosil.com\/br\/produto\/premium-silicone-acetico\/#breadcrumb","itemListElement":[{"@type":"ListItem","position":1,"name":"Home","item":"https:\/\/penosil.com\/br\/"},{"@type":"ListItem","position":2,"name":"Produtos","item":"https:\/\/penosil.com\/br\/produtos\/"},{"@type":"ListItem","position":3,"name":"Premium Silicone Acetico selante de silicone ac\u00e9tico"}]},{"@type":"WebSite","@id":"https:\/\/penosil.com\/br\/#website","url":"https:\/\/penosil.com\/br\/","name":"Penosil Brazil","description":"","potentialAction":[{"@type":"SearchAction","target":{"@type":"EntryPoint","urlTemplate":"https:\/\/penosil.com\/br\/?s={search_term_string}"},"query-input":{"@type":"PropertyValueSpecification","valueRequired":true,"valueName":"search_term_string"}}],"inLanguage":"pt-PT"}]}},"featured_img":"https:\/\/penosil.com\/br\/wp-content\/uploads\/sites\/18\/2021\/08\/PENOSIL_Premium_Silicone_Acetico_280g_BRANCO_BRA_153x194mm_down.png","coauthors":[],"author_meta":{"author_link":"https:\/\/penosil.com\/br\/author\/kristin\/","display_name":"kristin"},"relative_dates":{"created":"Posted 5 anos ago","modified":"Updated 5 anos ago"},"absolute_dates":{"created":"Posted on 3 de Agosto, 2021","modified":"Updated on 13 de Agosto, 2021"},"absolute_dates_time":{"created":"Posted on 3 de Agosto, 2021 12:53","modified":"Updated on 13 de Agosto, 2021 11:15"},"featured_img_caption":"","tax_additional":{"product_brand":{"linked":[],"unlinked":[],"slug":"product_brand","name":"Marcas"},"product_type":{"linked":["<a href=\"https:\/\/penosil.com\/br\/?taxonomy=product_type&#038;term=variable\" class=\"advgb-post-tax-term\">variable<\/a>"],"unlinked":["<span class=\"advgb-post-tax-term\">variable<\/span>"],"slug":"product_type","name":"Tipo de produto"},"product_visibility":{"linked":[],"unlinked":[],"slug":"product_visibility","name":"Visibilidade do produto"},"product_cat":{"linked":["<a href=\"https:\/\/penosil.com\/br\/categoria-produto\/areas-de-aplicacao\/construcao-geral\/\" class=\"advgb-post-tax-term\">Constru\u00e7\u00e3o geral<\/a>","<a href=\"https:\/\/penosil.com\/br\/categoria-produto\/areas-de-aplicacao\/\" class=\"advgb-post-tax-term\">\u00c1reas de aplica\u00e7\u00e3o<\/a>","<a href=\"https:\/\/penosil.com\/br\/categoria-produto\/grupo-de-produtos\/selantes\/\" class=\"advgb-post-tax-term\">Selantes<\/a>","<a href=\"https:\/\/penosil.com\/br\/categoria-produto\/grupo-de-produtos\/\" class=\"advgb-post-tax-term\">Grupo de produtos<\/a>"],"unlinked":["<span class=\"advgb-post-tax-term\">Constru\u00e7\u00e3o geral<\/span>","<span class=\"advgb-post-tax-term\">\u00c1reas de aplica\u00e7\u00e3o<\/span>","<span class=\"advgb-post-tax-term\">Selantes<\/span>","<span class=\"advgb-post-tax-term\">Grupo de produtos<\/span>"],"slug":"product_cat","name":"Categorias de produto"},"product_tag":{"linked":[],"unlinked":[],"slug":"product_tag","name":"Etiquetas de produto"},"product_shipping_class":{"linked":[],"unlinked":[],"slug":"product_shipping_class","name":"Classes de envio do produto"},"pos_product_visibility":{"linked":[],"unlinked":[],"slug":"pos_product_visibility","name":"POS Product visibility"},"pa_color":{"linked":["<a href=\"https:\/\/penosil.com\/br\/?taxonomy=pa_color&#038;term=preto\" class=\"advgb-post-tax-term\">Preto<\/a>","<a href=\"https:\/\/penosil.com\/br\/?taxonomy=pa_color&#038;term=cinza\" class=\"advgb-post-tax-term\">Cinza<\/a>","<a href=\"https:\/\/penosil.com\/br\/?taxonomy=pa_color&#038;term=transparente\" class=\"advgb-post-tax-term\">Transparente<\/a>","<a href=\"https:\/\/penosil.com\/br\/?taxonomy=pa_color&#038;term=branco\" class=\"advgb-post-tax-term\">Branco<\/a>","<a href=\"https:\/\/penosil.com\/br\/?taxonomy=pa_color&#038;term=bege\" class=\"advgb-post-tax-term\">Bege<\/a>","<a href=\"https:\/\/penosil.com\/br\/?taxonomy=pa_color&#038;term=marrom\" class=\"advgb-post-tax-term\">Marrom<\/a>"],"unlinked":["<span class=\"advgb-post-tax-term\">Preto<\/span>","<span class=\"advgb-post-tax-term\">Cinza<\/span>","<span class=\"advgb-post-tax-term\">Transparente<\/span>","<span class=\"advgb-post-tax-term\">Branco<\/span>","<span class=\"advgb-post-tax-term\">Bege<\/span>","<span class=\"advgb-post-tax-term\">Marrom<\/span>"],"slug":"pa_color","name":"Product Colour"},"pa_package":{"linked":["<a href=\"https:\/\/penosil.com\/br\/?taxonomy=pa_package&#038;term=280-ml\" class=\"advgb-post-tax-term\">280 ml<\/a>"],"unlinked":["<span class=\"advgb-post-tax-term\">280 ml<\/span>"],"slug":"pa_package","name":"Product Package"},"translation_priority":{"linked":["<a href=\"https:\/\/penosil.com\/br\/?taxonomy=translation_priority&#038;term=opcional\" class=\"advgb-post-tax-term\">Opcional<\/a>"],"unlinked":["<span class=\"advgb-post-tax-term\">Opcional<\/span>"],"slug":"translation_priority","name":"Prioridades da Tradu\u00e7\u00e3o"}},"series_order":"","_links":{"self":[{"href":"https:\/\/penosil.com\/br\/wp-json\/wp\/v2\/product\/8017","targetHints":{"allow":["GET"]}}],"collection":[{"href":"https:\/\/penosil.com\/br\/wp-json\/wp\/v2\/product"}],"about":[{"href":"https:\/\/penosil.com\/br\/wp-json\/wp\/v2\/types\/product"}],"version-history":[{"count":0,"href":"https:\/\/penosil.com\/br\/wp-json\/wp\/v2\/product\/8017\/revisions"}],"wp:featuredmedia":[{"embeddable":true,"href":"https:\/\/penosil.com\/br\/wp-json\/wp\/v2\/media\/8018"}],"wp:attachment":[{"href":"https:\/\/penosil.com\/br\/wp-json\/wp\/v2\/media?parent=8017"}],"wp:term":[{"taxonomy":"product_brand","embeddable":true,"href":"https:\/\/penosil.com\/br\/wp-json\/wp\/v2\/product_brand?post=8017"},{"taxonomy":"product_cat","embeddable":true,"href":"https:\/\/penosil.com\/br\/wp-json\/wp\/v2\/product_cat?post=8017"},{"taxonomy":"product_tag","embeddable":true,"href":"https:\/\/penosil.com\/br\/wp-json\/wp\/v2\/product_tag?post=8017"}],"curies":[{"name":"wp","href":"https:\/\/api.w.org\/{rel}","templated":true}]}}