{"id":8041,"date":"2021-08-12T13:25:12","date_gmt":"2021-08-12T13:25:12","guid":{"rendered":"https:\/\/penosil.com\/br\/?post_type=product&#038;p=8041"},"modified":"2024-08-26T09:25:38","modified_gmt":"2024-08-26T09:25:38","slug":"premium-selante-ms-polymer-45","status":"publish","type":"product","link":"https:\/\/penosil.com\/br\/produto\/premium-selante-ms-polymer-45\/","title":{"rendered":"Premium Selante MS Polymer 45 selante adesivo com alta elasticidade"},"content":{"rendered":"<p>Pol\u00edmero h\u00edbrido para todos os trabalhos de col\u00e1gem e veda\u00e7\u00e3o onde \u00e9 necess\u00e1ria elasticidade permanente. Cura neutra. Muito boas propriedades de ades\u00e3o combinadas com as melhores propriedades de veda\u00e7\u00e3o.<\/p>\n","protected":false},"excerpt":{"rendered":"Pol\u00edmero h\u00edbrido para todos os trabalhos de col\u00e1gem e veda\u00e7\u00e3o onde \u00e9 necess\u00e1ria elasticidade permanente. Cura neutra. Muito boas propriedades de ades\u00e3o combinadas com as melhores propriedades de veda\u00e7\u00e3o.","protected":false},"author":22,"featured_media":8042,"template":"","meta":{"_acf_changed":false,"advgb_blocks_editor_width":"","advgb_blocks_columns_visual_guide":"","footnotes":""},"product_brand":[],"product_cat":[835,1295,1090,1369,1390,359],"product_tag":[],"class_list":{"0":"post-8041","1":"product","2":"type-product","3":"status-publish","4":"has-post-thumbnail","6":"product_cat-construcao-geral","7":"product_cat-janelas-portas","8":"product_cat-tetos-fachadas","9":"product_cat-grupo-de-produtos","10":"product_cat-adesivos","11":"product_cat-aderencia","13":"first","14":"instock","15":"taxable","16":"shipping-taxable","17":"purchasable","18":"product-type-simple"},"acf":[],"yoast_head":"<!-- This site is optimized with the Yoast SEO plugin v27.2 - https:\/\/yoast.com\/product\/yoast-seo-wordpress\/ -->\n<title>PENOSIL Premium Selante MS Polymer 45 \u00e9 um adesivo h\u00edbrido<\/title>\n<meta name=\"description\" content=\"PENOSIL Premium Selante MS Polymer 45 \u00e9 um adesivo a base de polimero hibrido de alta qualidade para todos os trabalhos de colagem e veda\u00e7\u00e3o. Veja mais!\" \/>\n<meta name=\"robots\" content=\"index, follow, max-snippet:-1, max-image-preview:large, max-video-preview:-1\" \/>\n<link rel=\"canonical\" href=\"https:\/\/penosil.com\/br\/produto\/premium-selante-ms-polymer-45\/\" \/>\n<meta property=\"og:locale\" content=\"pt_PT\" \/>\n<meta property=\"og:type\" content=\"article\" \/>\n<meta property=\"og:title\" content=\"PENOSIL Premium Selante MS Polymer 45 \u00e9 um adesivo h\u00edbrido\" \/>\n<meta property=\"og:description\" content=\"PENOSIL Premium Selante MS Polymer 45 \u00e9 um adesivo a base de polimero hibrido de alta qualidade para todos os trabalhos de colagem e veda\u00e7\u00e3o. Veja mais!\" \/>\n<meta property=\"og:url\" content=\"https:\/\/penosil.com\/br\/produto\/premium-selante-ms-polymer-45\/\" \/>\n<meta property=\"og:site_name\" content=\"Penosil Brazil\" \/>\n<meta property=\"article:modified_time\" content=\"2024-08-26T09:25:38+00:00\" \/>\n<meta property=\"og:image\" content=\"https:\/\/penosil.com\/br\/wp-content\/uploads\/sites\/18\/2021\/08\/PENOSIL_Premium_Selante_Polymer_45_BRA_down.jpg\" \/>\n\t<meta property=\"og:image:width\" content=\"709\" \/>\n\t<meta property=\"og:image:height\" content=\"2094\" \/>\n\t<meta property=\"og:image:type\" content=\"image\/jpeg\" \/>\n<meta name=\"twitter:card\" content=\"summary_large_image\" \/>\n<meta name=\"twitter:label1\" content=\"Tempo estimado de leitura\" \/>\n\t<meta name=\"twitter:data1\" content=\"1 minuto\" \/>\n<script type=\"application\/ld+json\" class=\"yoast-schema-graph\">{\"@context\":\"https:\/\/schema.org\",\"@graph\":[{\"@type\":\"WebPage\",\"@id\":\"https:\/\/penosil.com\/br\/produto\/premium-selante-ms-polymer-45\/\",\"url\":\"https:\/\/penosil.com\/br\/produto\/premium-selante-ms-polymer-45\/\",\"name\":\"PENOSIL Premium Selante MS Polymer 45 \u00e9 um adesivo h\u00edbrido\",\"isPartOf\":{\"@id\":\"https:\/\/penosil.com\/br\/#website\"},\"primaryImageOfPage\":{\"@id\":\"https:\/\/penosil.com\/br\/produto\/premium-selante-ms-polymer-45\/#primaryimage\"},\"image\":{\"@id\":\"https:\/\/penosil.com\/br\/produto\/premium-selante-ms-polymer-45\/#primaryimage\"},\"thumbnailUrl\":\"https:\/\/penosil.com\/br\/wp-content\/uploads\/sites\/18\/2021\/08\/PENOSIL_Premium_Selante_Polymer_45_BRA_down.jpg\",\"datePublished\":\"2021-08-12T13:25:12+00:00\",\"dateModified\":\"2024-08-26T09:25:38+00:00\",\"description\":\"PENOSIL Premium Selante MS Polymer 45 \u00e9 um adesivo a base de polimero hibrido de alta qualidade para todos os trabalhos de colagem e veda\u00e7\u00e3o. Veja mais!\",\"breadcrumb\":{\"@id\":\"https:\/\/penosil.com\/br\/produto\/premium-selante-ms-polymer-45\/#breadcrumb\"},\"inLanguage\":\"pt-PT\",\"potentialAction\":[{\"@type\":\"ReadAction\",\"target\":[\"https:\/\/penosil.com\/br\/produto\/premium-selante-ms-polymer-45\/\"]}]},{\"@type\":\"ImageObject\",\"inLanguage\":\"pt-PT\",\"@id\":\"https:\/\/penosil.com\/br\/produto\/premium-selante-ms-polymer-45\/#primaryimage\",\"url\":\"https:\/\/penosil.com\/br\/wp-content\/uploads\/sites\/18\/2021\/08\/PENOSIL_Premium_Selante_Polymer_45_BRA_down.jpg\",\"contentUrl\":\"https:\/\/penosil.com\/br\/wp-content\/uploads\/sites\/18\/2021\/08\/PENOSIL_Premium_Selante_Polymer_45_BRA_down.jpg\",\"width\":709,\"height\":2094},{\"@type\":\"BreadcrumbList\",\"@id\":\"https:\/\/penosil.com\/br\/produto\/premium-selante-ms-polymer-45\/#breadcrumb\",\"itemListElement\":[{\"@type\":\"ListItem\",\"position\":1,\"name\":\"Home\",\"item\":\"https:\/\/penosil.com\/br\/\"},{\"@type\":\"ListItem\",\"position\":2,\"name\":\"Produtos\",\"item\":\"https:\/\/penosil.com\/br\/produtos\/\"},{\"@type\":\"ListItem\",\"position\":3,\"name\":\"Premium Selante MS Polymer 45 selante adesivo com alta elasticidade\"}]},{\"@type\":\"WebSite\",\"@id\":\"https:\/\/penosil.com\/br\/#website\",\"url\":\"https:\/\/penosil.com\/br\/\",\"name\":\"Penosil Brazil\",\"description\":\"\",\"potentialAction\":[{\"@type\":\"SearchAction\",\"target\":{\"@type\":\"EntryPoint\",\"urlTemplate\":\"https:\/\/penosil.com\/br\/?s={search_term_string}\"},\"query-input\":{\"@type\":\"PropertyValueSpecification\",\"valueRequired\":true,\"valueName\":\"search_term_string\"}}],\"inLanguage\":\"pt-PT\"}]}<\/script>\n<!-- \/ Yoast SEO plugin. -->","yoast_head_json":{"title":"PENOSIL Premium Selante MS Polymer 45 \u00e9 um adesivo h\u00edbrido","description":"PENOSIL Premium Selante MS Polymer 45 \u00e9 um adesivo a base de polimero hibrido de alta qualidade para todos os trabalhos de colagem e veda\u00e7\u00e3o. Veja mais!","robots":{"index":"index","follow":"follow","max-snippet":"max-snippet:-1","max-image-preview":"max-image-preview:large","max-video-preview":"max-video-preview:-1"},"canonical":"https:\/\/penosil.com\/br\/produto\/premium-selante-ms-polymer-45\/","og_locale":"pt_PT","og_type":"article","og_title":"PENOSIL Premium Selante MS Polymer 45 \u00e9 um adesivo h\u00edbrido","og_description":"PENOSIL Premium Selante MS Polymer 45 \u00e9 um adesivo a base de polimero hibrido de alta qualidade para todos os trabalhos de colagem e veda\u00e7\u00e3o. Veja mais!","og_url":"https:\/\/penosil.com\/br\/produto\/premium-selante-ms-polymer-45\/","og_site_name":"Penosil Brazil","article_modified_time":"2024-08-26T09:25:38+00:00","og_image":[{"width":709,"height":2094,"url":"https:\/\/penosil.com\/br\/wp-content\/uploads\/sites\/18\/2021\/08\/PENOSIL_Premium_Selante_Polymer_45_BRA_down.jpg","type":"image\/jpeg"}],"twitter_card":"summary_large_image","twitter_misc":{"Tempo estimado de leitura":"1 minuto"},"schema":{"@context":"https:\/\/schema.org","@graph":[{"@type":"WebPage","@id":"https:\/\/penosil.com\/br\/produto\/premium-selante-ms-polymer-45\/","url":"https:\/\/penosil.com\/br\/produto\/premium-selante-ms-polymer-45\/","name":"PENOSIL Premium Selante MS Polymer 45 \u00e9 um adesivo h\u00edbrido","isPartOf":{"@id":"https:\/\/penosil.com\/br\/#website"},"primaryImageOfPage":{"@id":"https:\/\/penosil.com\/br\/produto\/premium-selante-ms-polymer-45\/#primaryimage"},"image":{"@id":"https:\/\/penosil.com\/br\/produto\/premium-selante-ms-polymer-45\/#primaryimage"},"thumbnailUrl":"https:\/\/penosil.com\/br\/wp-content\/uploads\/sites\/18\/2021\/08\/PENOSIL_Premium_Selante_Polymer_45_BRA_down.jpg","datePublished":"2021-08-12T13:25:12+00:00","dateModified":"2024-08-26T09:25:38+00:00","description":"PENOSIL Premium Selante MS Polymer 45 \u00e9 um adesivo a base de polimero hibrido de alta qualidade para todos os trabalhos de colagem e veda\u00e7\u00e3o. Veja mais!","breadcrumb":{"@id":"https:\/\/penosil.com\/br\/produto\/premium-selante-ms-polymer-45\/#breadcrumb"},"inLanguage":"pt-PT","potentialAction":[{"@type":"ReadAction","target":["https:\/\/penosil.com\/br\/produto\/premium-selante-ms-polymer-45\/"]}]},{"@type":"ImageObject","inLanguage":"pt-PT","@id":"https:\/\/penosil.com\/br\/produto\/premium-selante-ms-polymer-45\/#primaryimage","url":"https:\/\/penosil.com\/br\/wp-content\/uploads\/sites\/18\/2021\/08\/PENOSIL_Premium_Selante_Polymer_45_BRA_down.jpg","contentUrl":"https:\/\/penosil.com\/br\/wp-content\/uploads\/sites\/18\/2021\/08\/PENOSIL_Premium_Selante_Polymer_45_BRA_down.jpg","width":709,"height":2094},{"@type":"BreadcrumbList","@id":"https:\/\/penosil.com\/br\/produto\/premium-selante-ms-polymer-45\/#breadcrumb","itemListElement":[{"@type":"ListItem","position":1,"name":"Home","item":"https:\/\/penosil.com\/br\/"},{"@type":"ListItem","position":2,"name":"Produtos","item":"https:\/\/penosil.com\/br\/produtos\/"},{"@type":"ListItem","position":3,"name":"Premium Selante MS Polymer 45 selante adesivo com alta elasticidade"}]},{"@type":"WebSite","@id":"https:\/\/penosil.com\/br\/#website","url":"https:\/\/penosil.com\/br\/","name":"Penosil Brazil","description":"","potentialAction":[{"@type":"SearchAction","target":{"@type":"EntryPoint","urlTemplate":"https:\/\/penosil.com\/br\/?s={search_term_string}"},"query-input":{"@type":"PropertyValueSpecification","valueRequired":true,"valueName":"search_term_string"}}],"inLanguage":"pt-PT"}]}},"featured_img":"https:\/\/penosil.com\/br\/wp-content\/uploads\/sites\/18\/2021\/08\/PENOSIL_Premium_Selante_Polymer_45_BRA_down.jpg","coauthors":[],"author_meta":{"author_link":"https:\/\/penosil.com\/br\/author\/kristin\/","display_name":"kristin"},"relative_dates":{"created":"Posted 5 anos ago","modified":"Updated 2 anos ago"},"absolute_dates":{"created":"Posted on 12 de Agosto, 2021","modified":"Updated on 26 de Agosto, 2024"},"absolute_dates_time":{"created":"Posted on 12 de Agosto, 2021 13:25","modified":"Updated on 26 de Agosto, 2024 9:25"},"featured_img_caption":"","tax_additional":{"product_brand":{"linked":[],"unlinked":[],"slug":"product_brand","name":"Marcas"},"product_type":{"linked":["<a href=\"https:\/\/penosil.com\/br\/?taxonomy=product_type&#038;term=simple\" class=\"advgb-post-tax-term\">simple<\/a>"],"unlinked":["<span class=\"advgb-post-tax-term\">simple<\/span>"],"slug":"product_type","name":"Tipo de produto"},"product_visibility":{"linked":[],"unlinked":[],"slug":"product_visibility","name":"Visibilidade do produto"},"product_cat":{"linked":["<a href=\"https:\/\/penosil.com\/br\/categoria-produto\/areas-de-aplicacao\/construcao-geral\/\" class=\"advgb-post-tax-term\">Constru\u00e7\u00e3o geral<\/a>","<a href=\"https:\/\/penosil.com\/br\/categoria-produto\/areas-de-aplicacao\/janelas-portas\/\" class=\"advgb-post-tax-term\">Janelas &amp; portas<\/a>","<a href=\"https:\/\/penosil.com\/br\/categoria-produto\/areas-de-aplicacao\/tetos-fachadas\/\" class=\"advgb-post-tax-term\">Tetos &amp; fachadas<\/a>","<a href=\"https:\/\/penosil.com\/br\/categoria-produto\/grupo-de-produtos\/\" class=\"advgb-post-tax-term\">Grupo de produtos<\/a>","<a href=\"https:\/\/penosil.com\/br\/categoria-produto\/grupo-de-produtos\/adesivos\/\" class=\"advgb-post-tax-term\">Adesivos<\/a>","<a href=\"https:\/\/penosil.com\/br\/categoria-produto\/areas-de-aplicacao\/aderencia\/\" class=\"advgb-post-tax-term\">Ader\u00eancia<\/a>"],"unlinked":["<span class=\"advgb-post-tax-term\">Constru\u00e7\u00e3o geral<\/span>","<span class=\"advgb-post-tax-term\">Janelas &amp; portas<\/span>","<span class=\"advgb-post-tax-term\">Tetos &amp; fachadas<\/span>","<span class=\"advgb-post-tax-term\">Grupo de produtos<\/span>","<span class=\"advgb-post-tax-term\">Adesivos<\/span>","<span class=\"advgb-post-tax-term\">Ader\u00eancia<\/span>"],"slug":"product_cat","name":"Categorias de produto"},"product_tag":{"linked":[],"unlinked":[],"slug":"product_tag","name":"Etiquetas de produto"},"product_shipping_class":{"linked":[],"unlinked":[],"slug":"product_shipping_class","name":"Classes de envio do produto"},"pos_product_visibility":{"linked":[],"unlinked":[],"slug":"pos_product_visibility","name":"POS Product visibility"},"pa_color":{"linked":["<a href=\"https:\/\/penosil.com\/br\/?taxonomy=pa_color&#038;term=branco\" class=\"advgb-post-tax-term\">Branco<\/a>"],"unlinked":["<span class=\"advgb-post-tax-term\">Branco<\/span>"],"slug":"pa_color","name":"Product Colour"},"pa_package":{"linked":[],"unlinked":[],"slug":"pa_package","name":"Product Package"},"translation_priority":{"linked":["<a href=\"https:\/\/penosil.com\/br\/?taxonomy=translation_priority&#038;term=opcional\" class=\"advgb-post-tax-term\">Opcional<\/a>"],"unlinked":["<span class=\"advgb-post-tax-term\">Opcional<\/span>"],"slug":"translation_priority","name":"Prioridades da Tradu\u00e7\u00e3o"}},"series_order":"","_links":{"self":[{"href":"https:\/\/penosil.com\/br\/wp-json\/wp\/v2\/product\/8041","targetHints":{"allow":["GET"]}}],"collection":[{"href":"https:\/\/penosil.com\/br\/wp-json\/wp\/v2\/product"}],"about":[{"href":"https:\/\/penosil.com\/br\/wp-json\/wp\/v2\/types\/product"}],"version-history":[{"count":1,"href":"https:\/\/penosil.com\/br\/wp-json\/wp\/v2\/product\/8041\/revisions"}],"predecessor-version":[{"id":8288,"href":"https:\/\/penosil.com\/br\/wp-json\/wp\/v2\/product\/8041\/revisions\/8288"}],"wp:featuredmedia":[{"embeddable":true,"href":"https:\/\/penosil.com\/br\/wp-json\/wp\/v2\/media\/8042"}],"wp:attachment":[{"href":"https:\/\/penosil.com\/br\/wp-json\/wp\/v2\/media?parent=8041"}],"wp:term":[{"taxonomy":"product_brand","embeddable":true,"href":"https:\/\/penosil.com\/br\/wp-json\/wp\/v2\/product_brand?post=8041"},{"taxonomy":"product_cat","embeddable":true,"href":"https:\/\/penosil.com\/br\/wp-json\/wp\/v2\/product_cat?post=8041"},{"taxonomy":"product_tag","embeddable":true,"href":"https:\/\/penosil.com\/br\/wp-json\/wp\/v2\/product_tag?post=8041"}],"curies":[{"name":"wp","href":"https:\/\/api.w.org\/{rel}","templated":true}]}}