{"id":29729,"date":"2019-12-06T11:15:52","date_gmt":"2019-12-06T11:15:52","guid":{"rendered":"https:\/\/penosil.com\/cz\/documentation\/"},"modified":"2023-03-30T09:45:13","modified_gmt":"2023-03-30T09:45:13","slug":"dokumenty","status":"publish","type":"page","link":"https:\/\/penosil.com\/cz\/centrum-znalosti\/dokumenty\/","title":{"rendered":"Dokumenty"},"content":{"rendered":"","protected":false},"excerpt":{"rendered":"","protected":false},"author":1,"featured_media":0,"parent":29755,"menu_order":0,"comment_status":"closed","ping_status":"closed","template":"page-templates\/template-documentation.php","meta":{"_acf_changed":false,"advgb_blocks_editor_width":"","advgb_blocks_columns_visual_guide":"","footnotes":""},"class_list":["post-29729","page","type-page","status-publish","hentry"],"acf":[],"yoast_head":"<!-- This site is optimized with the Yoast SEO plugin v27.2 - https:\/\/yoast.com\/product\/yoast-seo-wordpress\/ -->\n<title>Dokumenty - PENOSIL \u010cesk\u00e1 republika<\/title>\n<meta name=\"description\" content=\"St\u00e1hn\u011bte si technick\u00e9 listy, bezpe\u010dnostn\u00ed listy, prohl\u00e1\u0161en\u00ed o vlastnostech a certifikace v\u00fdrobk\u016f PENOSIL. Prohl\u00e9dn\u011bte si str\u00e1nku dokumenty!\" \/>\n<meta name=\"robots\" content=\"index, follow, max-snippet:-1, max-image-preview:large, max-video-preview:-1\" \/>\n<link rel=\"canonical\" href=\"https:\/\/penosil.com\/cz\/centrum-znalosti\/dokumenty\/\" \/>\n<meta property=\"og:locale\" content=\"cs_CZ\" \/>\n<meta property=\"og:type\" content=\"article\" \/>\n<meta property=\"og:title\" content=\"Dokumenty - PENOSIL \u010cesk\u00e1 republika\" \/>\n<meta property=\"og:description\" content=\"St\u00e1hn\u011bte si technick\u00e9 listy, bezpe\u010dnostn\u00ed listy, prohl\u00e1\u0161en\u00ed o vlastnostech a certifikace v\u00fdrobk\u016f PENOSIL. Prohl\u00e9dn\u011bte si str\u00e1nku dokumenty!\" \/>\n<meta property=\"og:url\" content=\"https:\/\/penosil.com\/cz\/centrum-znalosti\/dokumenty\/\" \/>\n<meta property=\"og:site_name\" content=\"Penosil \u010cesk\u00e1 Republika\" \/>\n<meta property=\"article:modified_time\" content=\"2023-03-30T09:45:13+00:00\" \/>\n<meta name=\"twitter:card\" content=\"summary_large_image\" \/>\n<script type=\"application\/ld+json\" class=\"yoast-schema-graph\">{\"@context\":\"https:\/\/schema.org\",\"@graph\":[{\"@type\":\"WebPage\",\"@id\":\"https:\/\/penosil.com\/cz\/centrum-znalosti\/dokumenty\/\",\"url\":\"https:\/\/penosil.com\/cz\/centrum-znalosti\/dokumenty\/\",\"name\":\"Dokumenty - PENOSIL \u010cesk\u00e1 republika\",\"isPartOf\":{\"@id\":\"https:\/\/penosil.com\/cz\/#website\"},\"datePublished\":\"2019-12-06T11:15:52+00:00\",\"dateModified\":\"2023-03-30T09:45:13+00:00\",\"description\":\"St\u00e1hn\u011bte si technick\u00e9 listy, bezpe\u010dnostn\u00ed listy, prohl\u00e1\u0161en\u00ed o vlastnostech a certifikace v\u00fdrobk\u016f PENOSIL. Prohl\u00e9dn\u011bte si str\u00e1nku dokumenty!\",\"breadcrumb\":{\"@id\":\"https:\/\/penosil.com\/cz\/centrum-znalosti\/dokumenty\/#breadcrumb\"},\"inLanguage\":\"cs\",\"potentialAction\":[{\"@type\":\"ReadAction\",\"target\":[\"https:\/\/penosil.com\/cz\/centrum-znalosti\/dokumenty\/\"]}]},{\"@type\":\"BreadcrumbList\",\"@id\":\"https:\/\/penosil.com\/cz\/centrum-znalosti\/dokumenty\/#breadcrumb\",\"itemListElement\":[{\"@type\":\"ListItem\",\"position\":1,\"name\":\"Home\",\"item\":\"https:\/\/penosil.com\/cz\/\"},{\"@type\":\"ListItem\",\"position\":2,\"name\":\"Centrum znalost\u00ed\",\"item\":\"https:\/\/penosil.com\/cz\/centrum-znalosti\/\"},{\"@type\":\"ListItem\",\"position\":3,\"name\":\"Dokumenty\"}]},{\"@type\":\"WebSite\",\"@id\":\"https:\/\/penosil.com\/cz\/#website\",\"url\":\"https:\/\/penosil.com\/cz\/\",\"name\":\"Penosil \u010cesk\u00e1 Republika\",\"description\":\"\",\"potentialAction\":[{\"@type\":\"SearchAction\",\"target\":{\"@type\":\"EntryPoint\",\"urlTemplate\":\"https:\/\/penosil.com\/cz\/?s={search_term_string}\"},\"query-input\":{\"@type\":\"PropertyValueSpecification\",\"valueRequired\":true,\"valueName\":\"search_term_string\"}}],\"inLanguage\":\"cs\"}]}<\/script>\n<!-- \/ Yoast SEO plugin. -->","yoast_head_json":{"title":"Dokumenty - PENOSIL \u010cesk\u00e1 republika","description":"St\u00e1hn\u011bte si technick\u00e9 listy, bezpe\u010dnostn\u00ed listy, prohl\u00e1\u0161en\u00ed o vlastnostech a certifikace v\u00fdrobk\u016f PENOSIL. Prohl\u00e9dn\u011bte si str\u00e1nku dokumenty!","robots":{"index":"index","follow":"follow","max-snippet":"max-snippet:-1","max-image-preview":"max-image-preview:large","max-video-preview":"max-video-preview:-1"},"canonical":"https:\/\/penosil.com\/cz\/centrum-znalosti\/dokumenty\/","og_locale":"cs_CZ","og_type":"article","og_title":"Dokumenty - PENOSIL \u010cesk\u00e1 republika","og_description":"St\u00e1hn\u011bte si technick\u00e9 listy, bezpe\u010dnostn\u00ed listy, prohl\u00e1\u0161en\u00ed o vlastnostech a certifikace v\u00fdrobk\u016f PENOSIL. Prohl\u00e9dn\u011bte si str\u00e1nku dokumenty!","og_url":"https:\/\/penosil.com\/cz\/centrum-znalosti\/dokumenty\/","og_site_name":"Penosil \u010cesk\u00e1 Republika","article_modified_time":"2023-03-30T09:45:13+00:00","twitter_card":"summary_large_image","schema":{"@context":"https:\/\/schema.org","@graph":[{"@type":"WebPage","@id":"https:\/\/penosil.com\/cz\/centrum-znalosti\/dokumenty\/","url":"https:\/\/penosil.com\/cz\/centrum-znalosti\/dokumenty\/","name":"Dokumenty - PENOSIL \u010cesk\u00e1 republika","isPartOf":{"@id":"https:\/\/penosil.com\/cz\/#website"},"datePublished":"2019-12-06T11:15:52+00:00","dateModified":"2023-03-30T09:45:13+00:00","description":"St\u00e1hn\u011bte si technick\u00e9 listy, bezpe\u010dnostn\u00ed listy, prohl\u00e1\u0161en\u00ed o vlastnostech a certifikace v\u00fdrobk\u016f PENOSIL. Prohl\u00e9dn\u011bte si str\u00e1nku dokumenty!","breadcrumb":{"@id":"https:\/\/penosil.com\/cz\/centrum-znalosti\/dokumenty\/#breadcrumb"},"inLanguage":"cs","potentialAction":[{"@type":"ReadAction","target":["https:\/\/penosil.com\/cz\/centrum-znalosti\/dokumenty\/"]}]},{"@type":"BreadcrumbList","@id":"https:\/\/penosil.com\/cz\/centrum-znalosti\/dokumenty\/#breadcrumb","itemListElement":[{"@type":"ListItem","position":1,"name":"Home","item":"https:\/\/penosil.com\/cz\/"},{"@type":"ListItem","position":2,"name":"Centrum znalost\u00ed","item":"https:\/\/penosil.com\/cz\/centrum-znalosti\/"},{"@type":"ListItem","position":3,"name":"Dokumenty"}]},{"@type":"WebSite","@id":"https:\/\/penosil.com\/cz\/#website","url":"https:\/\/penosil.com\/cz\/","name":"Penosil \u010cesk\u00e1 Republika","description":"","potentialAction":[{"@type":"SearchAction","target":{"@type":"EntryPoint","urlTemplate":"https:\/\/penosil.com\/cz\/?s={search_term_string}"},"query-input":{"@type":"PropertyValueSpecification","valueRequired":true,"valueName":"search_term_string"}}],"inLanguage":"cs"}]}},"coauthors":[],"author_meta":{"author_link":"https:\/\/penosil.com\/cz\/author\/reaktiiv-pe\/","display_name":"reaktiiv-pe"},"relative_dates":{"created":"Posted 6 roky ago","modified":"Updated 3 roky ago"},"absolute_dates":{"created":"Posted on 6. 12. 2019","modified":"Updated on 30. 3. 2023"},"absolute_dates_time":{"created":"Posted on 6. 12. 2019 11:15","modified":"Updated on 30. 3. 2023 9:45"},"featured_img_caption":"","featured_img":false,"series_order":"","_links":{"self":[{"href":"https:\/\/penosil.com\/cz\/wp-json\/wp\/v2\/pages\/29729","targetHints":{"allow":["GET"]}}],"collection":[{"href":"https:\/\/penosil.com\/cz\/wp-json\/wp\/v2\/pages"}],"about":[{"href":"https:\/\/penosil.com\/cz\/wp-json\/wp\/v2\/types\/page"}],"author":[{"embeddable":true,"href":"https:\/\/penosil.com\/cz\/wp-json\/wp\/v2\/users\/1"}],"replies":[{"embeddable":true,"href":"https:\/\/penosil.com\/cz\/wp-json\/wp\/v2\/comments?post=29729"}],"version-history":[{"count":2,"href":"https:\/\/penosil.com\/cz\/wp-json\/wp\/v2\/pages\/29729\/revisions"}],"predecessor-version":[{"id":30861,"href":"https:\/\/penosil.com\/cz\/wp-json\/wp\/v2\/pages\/29729\/revisions\/30861"}],"up":[{"embeddable":true,"href":"https:\/\/penosil.com\/cz\/wp-json\/wp\/v2\/pages\/29755"}],"wp:attachment":[{"href":"https:\/\/penosil.com\/cz\/wp-json\/wp\/v2\/media?parent=29729"}],"curies":[{"name":"wp","href":"https:\/\/api.w.org\/{rel}","templated":true}]}}