{"id":29730,"date":"2019-12-05T07:49:44","date_gmt":"2019-12-05T07:49:44","guid":{"rendered":"https:\/\/penosil.com\/cz\/educational-articles\/"},"modified":"2023-03-30T08:46:47","modified_gmt":"2023-03-30T08:46:47","slug":"vzdelavaci-clanky","status":"publish","type":"page","link":"https:\/\/penosil.com\/cz\/centrum-znalosti\/vzdelavaci-clanky\/","title":{"rendered":"Vzd\u011bl\u00e1vac\u00ed \u010dl\u00e1nky"},"content":{"rendered":"\n<p>Zde najdete poutav\u00e9 informace o energeticky \u00fasporn\u00fdch a ekologicky \u0161etrn\u00fdch stavb\u00e1ch, rovn\u011b\u017e o v\u00fdvoji materi\u00e1l\u016f v chemick\u00e9m a stavebn\u00edm pr\u016fmyslu.<\/p>\n","protected":false},"excerpt":{"rendered":"Zde najdete poutav\u00e9 informace o energeticky \u00fasporn\u00fdch a ekologicky \u0161etrn\u00fdch stavb\u00e1ch, rovn\u011b\u017e o v\u00fdvoji materi\u00e1l\u016f v chemick\u00e9m a stavebn\u00edm pr\u016fmyslu.","protected":false},"author":1,"featured_media":0,"parent":29755,"menu_order":0,"comment_status":"closed","ping_status":"closed","template":"page-templates\/template-educational-articles.php","meta":{"_acf_changed":false,"advgb_blocks_editor_width":"","advgb_blocks_columns_visual_guide":"","footnotes":""},"class_list":["post-29730","page","type-page","status-publish","hentry"],"acf":[],"yoast_head":"<!-- This site is optimized with the Yoast SEO plugin v27.2 - https:\/\/yoast.com\/product\/yoast-seo-wordpress\/ -->\n<title>Vzd\u011bl\u00e1vac\u00ed \u010dl\u00e1nky - PENOSIL \u010cesk\u00e1 republika<\/title>\n<meta name=\"description\" content=\"Zaj\u00edmav\u00e9 informace o energeticky \u00fasporn\u00e9m a ekologick\u00e9m stavebnictv\u00ed a odborn\u00e9 tipy. Zjist\u011bte v\u00edce na str\u00e1nce Vzd\u011bl\u00e1vac\u00ed \u010dl\u00e1nky!\" \/>\n<meta name=\"robots\" content=\"index, follow, max-snippet:-1, max-image-preview:large, max-video-preview:-1\" \/>\n<link rel=\"canonical\" href=\"https:\/\/penosil.com\/cz\/centrum-znalosti\/vzdelavaci-clanky\/\" \/>\n<meta property=\"og:locale\" content=\"cs_CZ\" \/>\n<meta property=\"og:type\" content=\"article\" \/>\n<meta property=\"og:title\" content=\"Vzd\u011bl\u00e1vac\u00ed \u010dl\u00e1nky - PENOSIL \u010cesk\u00e1 republika\" \/>\n<meta property=\"og:description\" content=\"Zaj\u00edmav\u00e9 informace o energeticky \u00fasporn\u00e9m a ekologick\u00e9m stavebnictv\u00ed a odborn\u00e9 tipy. Zjist\u011bte v\u00edce na str\u00e1nce Vzd\u011bl\u00e1vac\u00ed \u010dl\u00e1nky!\" \/>\n<meta property=\"og:url\" content=\"https:\/\/penosil.com\/cz\/centrum-znalosti\/vzdelavaci-clanky\/\" \/>\n<meta property=\"og:site_name\" content=\"Penosil \u010cesk\u00e1 Republika\" \/>\n<meta property=\"article:modified_time\" content=\"2023-03-30T08:46:47+00:00\" \/>\n<meta name=\"twitter:card\" content=\"summary_large_image\" \/>\n<meta name=\"twitter:label1\" content=\"Odhadovan\u00e1 doba \u010dten\u00ed\" \/>\n\t<meta name=\"twitter:data1\" content=\"1 minuta\" \/>\n<script type=\"application\/ld+json\" class=\"yoast-schema-graph\">{\"@context\":\"https:\/\/schema.org\",\"@graph\":[{\"@type\":\"WebPage\",\"@id\":\"https:\/\/penosil.com\/cz\/centrum-znalosti\/vzdelavaci-clanky\/\",\"url\":\"https:\/\/penosil.com\/cz\/centrum-znalosti\/vzdelavaci-clanky\/\",\"name\":\"Vzd\u011bl\u00e1vac\u00ed \u010dl\u00e1nky - PENOSIL \u010cesk\u00e1 republika\",\"isPartOf\":{\"@id\":\"https:\/\/penosil.com\/cz\/#website\"},\"datePublished\":\"2019-12-05T07:49:44+00:00\",\"dateModified\":\"2023-03-30T08:46:47+00:00\",\"description\":\"Zaj\u00edmav\u00e9 informace o energeticky \u00fasporn\u00e9m a ekologick\u00e9m stavebnictv\u00ed a odborn\u00e9 tipy. Zjist\u011bte v\u00edce na str\u00e1nce Vzd\u011bl\u00e1vac\u00ed \u010dl\u00e1nky!\",\"breadcrumb\":{\"@id\":\"https:\/\/penosil.com\/cz\/centrum-znalosti\/vzdelavaci-clanky\/#breadcrumb\"},\"inLanguage\":\"cs\",\"potentialAction\":[{\"@type\":\"ReadAction\",\"target\":[\"https:\/\/penosil.com\/cz\/centrum-znalosti\/vzdelavaci-clanky\/\"]}]},{\"@type\":\"BreadcrumbList\",\"@id\":\"https:\/\/penosil.com\/cz\/centrum-znalosti\/vzdelavaci-clanky\/#breadcrumb\",\"itemListElement\":[{\"@type\":\"ListItem\",\"position\":1,\"name\":\"Home\",\"item\":\"https:\/\/penosil.com\/cz\/\"},{\"@type\":\"ListItem\",\"position\":2,\"name\":\"Centrum znalost\u00ed\",\"item\":\"https:\/\/penosil.com\/cz\/centrum-znalosti\/\"},{\"@type\":\"ListItem\",\"position\":3,\"name\":\"Vzd\u011bl\u00e1vac\u00ed \u010dl\u00e1nky\"}]},{\"@type\":\"WebSite\",\"@id\":\"https:\/\/penosil.com\/cz\/#website\",\"url\":\"https:\/\/penosil.com\/cz\/\",\"name\":\"Penosil \u010cesk\u00e1 Republika\",\"description\":\"\",\"potentialAction\":[{\"@type\":\"SearchAction\",\"target\":{\"@type\":\"EntryPoint\",\"urlTemplate\":\"https:\/\/penosil.com\/cz\/?s={search_term_string}\"},\"query-input\":{\"@type\":\"PropertyValueSpecification\",\"valueRequired\":true,\"valueName\":\"search_term_string\"}}],\"inLanguage\":\"cs\"}]}<\/script>\n<!-- \/ Yoast SEO plugin. -->","yoast_head_json":{"title":"Vzd\u011bl\u00e1vac\u00ed \u010dl\u00e1nky - PENOSIL \u010cesk\u00e1 republika","description":"Zaj\u00edmav\u00e9 informace o energeticky \u00fasporn\u00e9m a ekologick\u00e9m stavebnictv\u00ed a odborn\u00e9 tipy. Zjist\u011bte v\u00edce na str\u00e1nce Vzd\u011bl\u00e1vac\u00ed \u010dl\u00e1nky!","robots":{"index":"index","follow":"follow","max-snippet":"max-snippet:-1","max-image-preview":"max-image-preview:large","max-video-preview":"max-video-preview:-1"},"canonical":"https:\/\/penosil.com\/cz\/centrum-znalosti\/vzdelavaci-clanky\/","og_locale":"cs_CZ","og_type":"article","og_title":"Vzd\u011bl\u00e1vac\u00ed \u010dl\u00e1nky - PENOSIL \u010cesk\u00e1 republika","og_description":"Zaj\u00edmav\u00e9 informace o energeticky \u00fasporn\u00e9m a ekologick\u00e9m stavebnictv\u00ed a odborn\u00e9 tipy. Zjist\u011bte v\u00edce na str\u00e1nce Vzd\u011bl\u00e1vac\u00ed \u010dl\u00e1nky!","og_url":"https:\/\/penosil.com\/cz\/centrum-znalosti\/vzdelavaci-clanky\/","og_site_name":"Penosil \u010cesk\u00e1 Republika","article_modified_time":"2023-03-30T08:46:47+00:00","twitter_card":"summary_large_image","twitter_misc":{"Odhadovan\u00e1 doba \u010dten\u00ed":"1 minuta"},"schema":{"@context":"https:\/\/schema.org","@graph":[{"@type":"WebPage","@id":"https:\/\/penosil.com\/cz\/centrum-znalosti\/vzdelavaci-clanky\/","url":"https:\/\/penosil.com\/cz\/centrum-znalosti\/vzdelavaci-clanky\/","name":"Vzd\u011bl\u00e1vac\u00ed \u010dl\u00e1nky - PENOSIL \u010cesk\u00e1 republika","isPartOf":{"@id":"https:\/\/penosil.com\/cz\/#website"},"datePublished":"2019-12-05T07:49:44+00:00","dateModified":"2023-03-30T08:46:47+00:00","description":"Zaj\u00edmav\u00e9 informace o energeticky \u00fasporn\u00e9m a ekologick\u00e9m stavebnictv\u00ed a odborn\u00e9 tipy. Zjist\u011bte v\u00edce na str\u00e1nce Vzd\u011bl\u00e1vac\u00ed \u010dl\u00e1nky!","breadcrumb":{"@id":"https:\/\/penosil.com\/cz\/centrum-znalosti\/vzdelavaci-clanky\/#breadcrumb"},"inLanguage":"cs","potentialAction":[{"@type":"ReadAction","target":["https:\/\/penosil.com\/cz\/centrum-znalosti\/vzdelavaci-clanky\/"]}]},{"@type":"BreadcrumbList","@id":"https:\/\/penosil.com\/cz\/centrum-znalosti\/vzdelavaci-clanky\/#breadcrumb","itemListElement":[{"@type":"ListItem","position":1,"name":"Home","item":"https:\/\/penosil.com\/cz\/"},{"@type":"ListItem","position":2,"name":"Centrum znalost\u00ed","item":"https:\/\/penosil.com\/cz\/centrum-znalosti\/"},{"@type":"ListItem","position":3,"name":"Vzd\u011bl\u00e1vac\u00ed \u010dl\u00e1nky"}]},{"@type":"WebSite","@id":"https:\/\/penosil.com\/cz\/#website","url":"https:\/\/penosil.com\/cz\/","name":"Penosil \u010cesk\u00e1 Republika","description":"","potentialAction":[{"@type":"SearchAction","target":{"@type":"EntryPoint","urlTemplate":"https:\/\/penosil.com\/cz\/?s={search_term_string}"},"query-input":{"@type":"PropertyValueSpecification","valueRequired":true,"valueName":"search_term_string"}}],"inLanguage":"cs"}]}},"coauthors":[],"author_meta":{"author_link":"https:\/\/penosil.com\/cz\/author\/reaktiiv-pe\/","display_name":"reaktiiv-pe"},"relative_dates":{"created":"Posted 6 roky ago","modified":"Updated 3 roky ago"},"absolute_dates":{"created":"Posted on 5. 12. 2019","modified":"Updated on 30. 3. 2023"},"absolute_dates_time":{"created":"Posted on 5. 12. 2019 7:49","modified":"Updated on 30. 3. 2023 8:46"},"featured_img_caption":"","featured_img":false,"series_order":"","_links":{"self":[{"href":"https:\/\/penosil.com\/cz\/wp-json\/wp\/v2\/pages\/29730","targetHints":{"allow":["GET"]}}],"collection":[{"href":"https:\/\/penosil.com\/cz\/wp-json\/wp\/v2\/pages"}],"about":[{"href":"https:\/\/penosil.com\/cz\/wp-json\/wp\/v2\/types\/page"}],"author":[{"embeddable":true,"href":"https:\/\/penosil.com\/cz\/wp-json\/wp\/v2\/users\/1"}],"replies":[{"embeddable":true,"href":"https:\/\/penosil.com\/cz\/wp-json\/wp\/v2\/comments?post=29730"}],"version-history":[{"count":2,"href":"https:\/\/penosil.com\/cz\/wp-json\/wp\/v2\/pages\/29730\/revisions"}],"predecessor-version":[{"id":30863,"href":"https:\/\/penosil.com\/cz\/wp-json\/wp\/v2\/pages\/29730\/revisions\/30863"}],"up":[{"embeddable":true,"href":"https:\/\/penosil.com\/cz\/wp-json\/wp\/v2\/pages\/29755"}],"wp:attachment":[{"href":"https:\/\/penosil.com\/cz\/wp-json\/wp\/v2\/media?parent=29730"}],"curies":[{"name":"wp","href":"https:\/\/api.w.org\/{rel}","templated":true}]}}