{"id":29738,"date":"2019-10-30T12:18:47","date_gmt":"2019-10-30T12:18:47","guid":{"rendered":"https:\/\/penosil.com\/cz\/wishlist\/"},"modified":"2023-03-30T09:30:02","modified_gmt":"2023-03-30T09:30:02","slug":"muj-seznam","status":"publish","type":"page","link":"https:\/\/penosil.com\/cz\/muj-seznam\/","title":{"rendered":"M\u016fj seznam"},"content":{"rendered":"\n<p>Ozna\u010dte produkty, kter\u00e9 pot\u0159ebujete, a vytvo\u0159te si vlastn\u00ed seznam pro tisk nebo sd\u00edlen\u00ed prost\u0159ednictv\u00edm e-mailu jako objedn\u00e1vku u sv\u00e9ho PENOSIL prodejce.<\/p>\n","protected":false},"excerpt":{"rendered":"Ozna\u010dte produkty, kter\u00e9 pot\u0159ebujete, a vytvo\u0159te si vlastn\u00ed seznam pro tisk nebo sd\u00edlen\u00ed prost\u0159ednictv\u00edm e-mailu jako objedn\u00e1vku u sv\u00e9ho PENOSIL prodejce.","protected":false},"author":1,"featured_media":0,"parent":0,"menu_order":159,"comment_status":"closed","ping_status":"closed","template":"page-templates\/template-wish-list.php","meta":{"_acf_changed":false,"advgb_blocks_editor_width":"","advgb_blocks_columns_visual_guide":"","footnotes":""},"class_list":["post-29738","page","type-page","status-publish","hentry"],"acf":[],"yoast_head":"<!-- This site is optimized with the Yoast SEO plugin v27.2 - https:\/\/yoast.com\/product\/yoast-seo-wordpress\/ -->\n<title>M\u016fj seznam - Penosil \u010cesk\u00e1 Republika<\/title>\n<meta name=\"description\" content=\"Ozna\u010dte produkty, kter\u00e9 pot\u0159ebujete, a vytvo\u0159te si M\u016fj seznam pro tisk nebo sd\u00edlen\u00ed prost\u0159ednictv\u00edm e-mailu jako objedn\u00e1vku u sv\u00e9ho PENOSIL prodejce.\" \/>\n<meta name=\"robots\" content=\"index, follow, max-snippet:-1, max-image-preview:large, max-video-preview:-1\" \/>\n<link rel=\"canonical\" href=\"https:\/\/penosil.com\/cz\/muj-seznam\/\" \/>\n<meta property=\"og:locale\" content=\"cs_CZ\" \/>\n<meta property=\"og:type\" content=\"article\" \/>\n<meta property=\"og:title\" content=\"M\u016fj seznam - Penosil \u010cesk\u00e1 Republika\" \/>\n<meta property=\"og:description\" content=\"Ozna\u010dte produkty, kter\u00e9 pot\u0159ebujete, a vytvo\u0159te si M\u016fj seznam pro tisk nebo sd\u00edlen\u00ed prost\u0159ednictv\u00edm e-mailu jako objedn\u00e1vku u sv\u00e9ho PENOSIL prodejce.\" \/>\n<meta property=\"og:url\" content=\"https:\/\/penosil.com\/cz\/muj-seznam\/\" \/>\n<meta property=\"og:site_name\" content=\"Penosil \u010cesk\u00e1 Republika\" \/>\n<meta property=\"article:modified_time\" content=\"2023-03-30T09:30:02+00:00\" \/>\n<meta name=\"twitter:card\" content=\"summary_large_image\" \/>\n<meta name=\"twitter:label1\" content=\"Odhadovan\u00e1 doba \u010dten\u00ed\" \/>\n\t<meta name=\"twitter:data1\" content=\"1 minuta\" \/>\n<script type=\"application\/ld+json\" class=\"yoast-schema-graph\">{\"@context\":\"https:\/\/schema.org\",\"@graph\":[{\"@type\":\"WebPage\",\"@id\":\"https:\/\/penosil.com\/cz\/muj-seznam\/\",\"url\":\"https:\/\/penosil.com\/cz\/muj-seznam\/\",\"name\":\"M\u016fj seznam - Penosil \u010cesk\u00e1 Republika\",\"isPartOf\":{\"@id\":\"https:\/\/penosil.com\/cz\/#website\"},\"datePublished\":\"2019-10-30T12:18:47+00:00\",\"dateModified\":\"2023-03-30T09:30:02+00:00\",\"description\":\"Ozna\u010dte produkty, kter\u00e9 pot\u0159ebujete, a vytvo\u0159te si M\u016fj seznam pro tisk nebo sd\u00edlen\u00ed prost\u0159ednictv\u00edm e-mailu jako objedn\u00e1vku u sv\u00e9ho PENOSIL prodejce.\",\"breadcrumb\":{\"@id\":\"https:\/\/penosil.com\/cz\/muj-seznam\/#breadcrumb\"},\"inLanguage\":\"cs\",\"potentialAction\":[{\"@type\":\"ReadAction\",\"target\":[\"https:\/\/penosil.com\/cz\/muj-seznam\/\"]}]},{\"@type\":\"BreadcrumbList\",\"@id\":\"https:\/\/penosil.com\/cz\/muj-seznam\/#breadcrumb\",\"itemListElement\":[{\"@type\":\"ListItem\",\"position\":1,\"name\":\"Home\",\"item\":\"https:\/\/penosil.com\/cz\/\"},{\"@type\":\"ListItem\",\"position\":2,\"name\":\"M\u016fj seznam\"}]},{\"@type\":\"WebSite\",\"@id\":\"https:\/\/penosil.com\/cz\/#website\",\"url\":\"https:\/\/penosil.com\/cz\/\",\"name\":\"Penosil \u010cesk\u00e1 Republika\",\"description\":\"\",\"potentialAction\":[{\"@type\":\"SearchAction\",\"target\":{\"@type\":\"EntryPoint\",\"urlTemplate\":\"https:\/\/penosil.com\/cz\/?s={search_term_string}\"},\"query-input\":{\"@type\":\"PropertyValueSpecification\",\"valueRequired\":true,\"valueName\":\"search_term_string\"}}],\"inLanguage\":\"cs\"}]}<\/script>\n<!-- \/ Yoast SEO plugin. -->","yoast_head_json":{"title":"M\u016fj seznam - Penosil \u010cesk\u00e1 Republika","description":"Ozna\u010dte produkty, kter\u00e9 pot\u0159ebujete, a vytvo\u0159te si M\u016fj seznam pro tisk nebo sd\u00edlen\u00ed prost\u0159ednictv\u00edm e-mailu jako objedn\u00e1vku u sv\u00e9ho PENOSIL prodejce.","robots":{"index":"index","follow":"follow","max-snippet":"max-snippet:-1","max-image-preview":"max-image-preview:large","max-video-preview":"max-video-preview:-1"},"canonical":"https:\/\/penosil.com\/cz\/muj-seznam\/","og_locale":"cs_CZ","og_type":"article","og_title":"M\u016fj seznam - Penosil \u010cesk\u00e1 Republika","og_description":"Ozna\u010dte produkty, kter\u00e9 pot\u0159ebujete, a vytvo\u0159te si M\u016fj seznam pro tisk nebo sd\u00edlen\u00ed prost\u0159ednictv\u00edm e-mailu jako objedn\u00e1vku u sv\u00e9ho PENOSIL prodejce.","og_url":"https:\/\/penosil.com\/cz\/muj-seznam\/","og_site_name":"Penosil \u010cesk\u00e1 Republika","article_modified_time":"2023-03-30T09:30:02+00:00","twitter_card":"summary_large_image","twitter_misc":{"Odhadovan\u00e1 doba \u010dten\u00ed":"1 minuta"},"schema":{"@context":"https:\/\/schema.org","@graph":[{"@type":"WebPage","@id":"https:\/\/penosil.com\/cz\/muj-seznam\/","url":"https:\/\/penosil.com\/cz\/muj-seznam\/","name":"M\u016fj seznam - Penosil \u010cesk\u00e1 Republika","isPartOf":{"@id":"https:\/\/penosil.com\/cz\/#website"},"datePublished":"2019-10-30T12:18:47+00:00","dateModified":"2023-03-30T09:30:02+00:00","description":"Ozna\u010dte produkty, kter\u00e9 pot\u0159ebujete, a vytvo\u0159te si M\u016fj seznam pro tisk nebo sd\u00edlen\u00ed prost\u0159ednictv\u00edm e-mailu jako objedn\u00e1vku u sv\u00e9ho PENOSIL prodejce.","breadcrumb":{"@id":"https:\/\/penosil.com\/cz\/muj-seznam\/#breadcrumb"},"inLanguage":"cs","potentialAction":[{"@type":"ReadAction","target":["https:\/\/penosil.com\/cz\/muj-seznam\/"]}]},{"@type":"BreadcrumbList","@id":"https:\/\/penosil.com\/cz\/muj-seznam\/#breadcrumb","itemListElement":[{"@type":"ListItem","position":1,"name":"Home","item":"https:\/\/penosil.com\/cz\/"},{"@type":"ListItem","position":2,"name":"M\u016fj seznam"}]},{"@type":"WebSite","@id":"https:\/\/penosil.com\/cz\/#website","url":"https:\/\/penosil.com\/cz\/","name":"Penosil \u010cesk\u00e1 Republika","description":"","potentialAction":[{"@type":"SearchAction","target":{"@type":"EntryPoint","urlTemplate":"https:\/\/penosil.com\/cz\/?s={search_term_string}"},"query-input":{"@type":"PropertyValueSpecification","valueRequired":true,"valueName":"search_term_string"}}],"inLanguage":"cs"}]}},"coauthors":[],"author_meta":{"author_link":"https:\/\/penosil.com\/cz\/author\/reaktiiv-pe\/","display_name":"reaktiiv-pe"},"relative_dates":{"created":"Posted 6 roky ago","modified":"Updated 3 roky ago"},"absolute_dates":{"created":"Posted on 30. 10. 2019","modified":"Updated on 30. 3. 2023"},"absolute_dates_time":{"created":"Posted on 30. 10. 2019 12:18","modified":"Updated on 30. 3. 2023 9:30"},"featured_img_caption":"","featured_img":false,"series_order":"","_links":{"self":[{"href":"https:\/\/penosil.com\/cz\/wp-json\/wp\/v2\/pages\/29738","targetHints":{"allow":["GET"]}}],"collection":[{"href":"https:\/\/penosil.com\/cz\/wp-json\/wp\/v2\/pages"}],"about":[{"href":"https:\/\/penosil.com\/cz\/wp-json\/wp\/v2\/types\/page"}],"author":[{"embeddable":true,"href":"https:\/\/penosil.com\/cz\/wp-json\/wp\/v2\/users\/1"}],"replies":[{"embeddable":true,"href":"https:\/\/penosil.com\/cz\/wp-json\/wp\/v2\/comments?post=29738"}],"version-history":[{"count":4,"href":"https:\/\/penosil.com\/cz\/wp-json\/wp\/v2\/pages\/29738\/revisions"}],"predecessor-version":[{"id":31185,"href":"https:\/\/penosil.com\/cz\/wp-json\/wp\/v2\/pages\/29738\/revisions\/31185"}],"wp:attachment":[{"href":"https:\/\/penosil.com\/cz\/wp-json\/wp\/v2\/media?parent=29738"}],"curies":[{"name":"wp","href":"https:\/\/api.w.org\/{rel}","templated":true}]}}