{"id":29739,"date":"2019-10-25T12:32:22","date_gmt":"2019-10-25T12:32:22","guid":{"rendered":"https:\/\/penosil.com\/cz\/product-know-how\/"},"modified":"2025-12-05T08:46:06","modified_gmt":"2025-12-05T07:46:06","slug":"katalogy","status":"publish","type":"page","link":"https:\/\/penosil.com\/cz\/centrum-znalosti\/katalogy\/","title":{"rendered":"Katalogy"},"content":{"rendered":"\n<p>Knihovna PENOSIL odborn\u00fdch znalost\u00ed a pomocn\u00fdch materi\u00e1l\u016f pro pou\u017eit\u00ed produkt\u016f PENOSIL ve slo\u017eit\u011bj\u0161\u00edch stavebn\u00edch projektech. <\/p>\n","protected":false},"excerpt":{"rendered":"Knihovna PENOSIL odborn\u00fdch znalost\u00ed a pomocn\u00fdch materi\u00e1l\u016f pro pou\u017eit\u00ed produkt\u016f PENOSIL ve slo\u017eit\u011bj\u0161\u00edch stavebn\u00edch projektech.","protected":false},"author":1,"featured_media":0,"parent":29755,"menu_order":161,"comment_status":"closed","ping_status":"closed","template":"page-templates\/template-product-know-how.php","meta":{"_acf_changed":false,"advgb_blocks_editor_width":"","advgb_blocks_columns_visual_guide":"","footnotes":""},"class_list":["post-29739","page","type-page","status-publish","hentry"],"acf":[],"yoast_head":"<!-- This site is optimized with the Yoast SEO plugin v27.2 - https:\/\/yoast.com\/product\/yoast-seo-wordpress\/ -->\n<title>Katalogy a bro\u017eury v\u00fdrobk\u016f - PENOSIL \u010cesk\u00e1 republika<\/title>\n<meta name=\"description\" content=\"Knihovna katalog\u016f a bro\u017eur v\u00fdrobk\u016f PENOSIL, pomocn\u00e9 materi\u00e1ly pro pou\u017eit\u00ed v\u00fdrobk\u016f ve slo\u017eit\u011bj\u0161\u00edch konstruk\u010dn\u00edch projektech. Najdete zde!\" \/>\n<meta name=\"robots\" content=\"index, follow, max-snippet:-1, max-image-preview:large, max-video-preview:-1\" \/>\n<link rel=\"canonical\" href=\"https:\/\/penosil.com\/cz\/centrum-znalosti\/katalogy\/\" \/>\n<meta property=\"og:locale\" content=\"cs_CZ\" \/>\n<meta property=\"og:type\" content=\"article\" \/>\n<meta property=\"og:title\" content=\"Katalogy a bro\u017eury v\u00fdrobk\u016f - PENOSIL \u010cesk\u00e1 republika\" \/>\n<meta property=\"og:description\" content=\"Knihovna katalog\u016f a bro\u017eur v\u00fdrobk\u016f PENOSIL, pomocn\u00e9 materi\u00e1ly pro pou\u017eit\u00ed v\u00fdrobk\u016f ve slo\u017eit\u011bj\u0161\u00edch konstruk\u010dn\u00edch projektech. Najdete zde!\" \/>\n<meta property=\"og:url\" content=\"https:\/\/penosil.com\/cz\/centrum-znalosti\/katalogy\/\" \/>\n<meta property=\"og:site_name\" content=\"Penosil \u010cesk\u00e1 Republika\" \/>\n<meta property=\"article:modified_time\" content=\"2025-12-05T07:46:06+00:00\" \/>\n<meta name=\"twitter:card\" content=\"summary_large_image\" \/>\n<meta name=\"twitter:label1\" content=\"Odhadovan\u00e1 doba \u010dten\u00ed\" \/>\n\t<meta name=\"twitter:data1\" content=\"2 minuty\" \/>\n<script type=\"application\/ld+json\" class=\"yoast-schema-graph\">{\"@context\":\"https:\/\/schema.org\",\"@graph\":[{\"@type\":\"WebPage\",\"@id\":\"https:\/\/penosil.com\/cz\/centrum-znalosti\/katalogy\/\",\"url\":\"https:\/\/penosil.com\/cz\/centrum-znalosti\/katalogy\/\",\"name\":\"Katalogy a bro\u017eury v\u00fdrobk\u016f - PENOSIL \u010cesk\u00e1 republika\",\"isPartOf\":{\"@id\":\"https:\/\/penosil.com\/cz\/#website\"},\"datePublished\":\"2019-10-25T12:32:22+00:00\",\"dateModified\":\"2025-12-05T07:46:06+00:00\",\"description\":\"Knihovna katalog\u016f a bro\u017eur v\u00fdrobk\u016f PENOSIL, pomocn\u00e9 materi\u00e1ly pro pou\u017eit\u00ed v\u00fdrobk\u016f ve slo\u017eit\u011bj\u0161\u00edch konstruk\u010dn\u00edch projektech. Najdete zde!\",\"breadcrumb\":{\"@id\":\"https:\/\/penosil.com\/cz\/centrum-znalosti\/katalogy\/#breadcrumb\"},\"inLanguage\":\"cs\",\"potentialAction\":[{\"@type\":\"ReadAction\",\"target\":[\"https:\/\/penosil.com\/cz\/centrum-znalosti\/katalogy\/\"]}]},{\"@type\":\"BreadcrumbList\",\"@id\":\"https:\/\/penosil.com\/cz\/centrum-znalosti\/katalogy\/#breadcrumb\",\"itemListElement\":[{\"@type\":\"ListItem\",\"position\":1,\"name\":\"Home\",\"item\":\"https:\/\/penosil.com\/cz\/\"},{\"@type\":\"ListItem\",\"position\":2,\"name\":\"Centrum znalost\u00ed\",\"item\":\"https:\/\/penosil.com\/cz\/centrum-znalosti\/\"},{\"@type\":\"ListItem\",\"position\":3,\"name\":\"Katalogy\"}]},{\"@type\":\"WebSite\",\"@id\":\"https:\/\/penosil.com\/cz\/#website\",\"url\":\"https:\/\/penosil.com\/cz\/\",\"name\":\"Penosil \u010cesk\u00e1 Republika\",\"description\":\"\",\"potentialAction\":[{\"@type\":\"SearchAction\",\"target\":{\"@type\":\"EntryPoint\",\"urlTemplate\":\"https:\/\/penosil.com\/cz\/?s={search_term_string}\"},\"query-input\":{\"@type\":\"PropertyValueSpecification\",\"valueRequired\":true,\"valueName\":\"search_term_string\"}}],\"inLanguage\":\"cs\"}]}<\/script>\n<!-- \/ Yoast SEO plugin. -->","yoast_head_json":{"title":"Katalogy a bro\u017eury v\u00fdrobk\u016f - PENOSIL \u010cesk\u00e1 republika","description":"Knihovna katalog\u016f a bro\u017eur v\u00fdrobk\u016f PENOSIL, pomocn\u00e9 materi\u00e1ly pro pou\u017eit\u00ed v\u00fdrobk\u016f ve slo\u017eit\u011bj\u0161\u00edch konstruk\u010dn\u00edch projektech. Najdete zde!","robots":{"index":"index","follow":"follow","max-snippet":"max-snippet:-1","max-image-preview":"max-image-preview:large","max-video-preview":"max-video-preview:-1"},"canonical":"https:\/\/penosil.com\/cz\/centrum-znalosti\/katalogy\/","og_locale":"cs_CZ","og_type":"article","og_title":"Katalogy a bro\u017eury v\u00fdrobk\u016f - PENOSIL \u010cesk\u00e1 republika","og_description":"Knihovna katalog\u016f a bro\u017eur v\u00fdrobk\u016f PENOSIL, pomocn\u00e9 materi\u00e1ly pro pou\u017eit\u00ed v\u00fdrobk\u016f ve slo\u017eit\u011bj\u0161\u00edch konstruk\u010dn\u00edch projektech. Najdete zde!","og_url":"https:\/\/penosil.com\/cz\/centrum-znalosti\/katalogy\/","og_site_name":"Penosil \u010cesk\u00e1 Republika","article_modified_time":"2025-12-05T07:46:06+00:00","twitter_card":"summary_large_image","twitter_misc":{"Odhadovan\u00e1 doba \u010dten\u00ed":"2 minuty"},"schema":{"@context":"https:\/\/schema.org","@graph":[{"@type":"WebPage","@id":"https:\/\/penosil.com\/cz\/centrum-znalosti\/katalogy\/","url":"https:\/\/penosil.com\/cz\/centrum-znalosti\/katalogy\/","name":"Katalogy a bro\u017eury v\u00fdrobk\u016f - PENOSIL \u010cesk\u00e1 republika","isPartOf":{"@id":"https:\/\/penosil.com\/cz\/#website"},"datePublished":"2019-10-25T12:32:22+00:00","dateModified":"2025-12-05T07:46:06+00:00","description":"Knihovna katalog\u016f a bro\u017eur v\u00fdrobk\u016f PENOSIL, pomocn\u00e9 materi\u00e1ly pro pou\u017eit\u00ed v\u00fdrobk\u016f ve slo\u017eit\u011bj\u0161\u00edch konstruk\u010dn\u00edch projektech. Najdete zde!","breadcrumb":{"@id":"https:\/\/penosil.com\/cz\/centrum-znalosti\/katalogy\/#breadcrumb"},"inLanguage":"cs","potentialAction":[{"@type":"ReadAction","target":["https:\/\/penosil.com\/cz\/centrum-znalosti\/katalogy\/"]}]},{"@type":"BreadcrumbList","@id":"https:\/\/penosil.com\/cz\/centrum-znalosti\/katalogy\/#breadcrumb","itemListElement":[{"@type":"ListItem","position":1,"name":"Home","item":"https:\/\/penosil.com\/cz\/"},{"@type":"ListItem","position":2,"name":"Centrum znalost\u00ed","item":"https:\/\/penosil.com\/cz\/centrum-znalosti\/"},{"@type":"ListItem","position":3,"name":"Katalogy"}]},{"@type":"WebSite","@id":"https:\/\/penosil.com\/cz\/#website","url":"https:\/\/penosil.com\/cz\/","name":"Penosil \u010cesk\u00e1 Republika","description":"","potentialAction":[{"@type":"SearchAction","target":{"@type":"EntryPoint","urlTemplate":"https:\/\/penosil.com\/cz\/?s={search_term_string}"},"query-input":{"@type":"PropertyValueSpecification","valueRequired":true,"valueName":"search_term_string"}}],"inLanguage":"cs"}]}},"coauthors":[],"author_meta":{"author_link":"https:\/\/penosil.com\/cz\/author\/reaktiiv-pe\/","display_name":"reaktiiv-pe"},"relative_dates":{"created":"Posted 6 roky ago","modified":"Updated 4 m\u011bs\u00edce ago"},"absolute_dates":{"created":"Posted on 25. 10. 2019","modified":"Updated on 5. 12. 2025"},"absolute_dates_time":{"created":"Posted on 25. 10. 2019 12:32","modified":"Updated on 5. 12. 2025 8:46"},"featured_img_caption":"","featured_img":false,"series_order":"","_links":{"self":[{"href":"https:\/\/penosil.com\/cz\/wp-json\/wp\/v2\/pages\/29739","targetHints":{"allow":["GET"]}}],"collection":[{"href":"https:\/\/penosil.com\/cz\/wp-json\/wp\/v2\/pages"}],"about":[{"href":"https:\/\/penosil.com\/cz\/wp-json\/wp\/v2\/types\/page"}],"author":[{"embeddable":true,"href":"https:\/\/penosil.com\/cz\/wp-json\/wp\/v2\/users\/1"}],"replies":[{"embeddable":true,"href":"https:\/\/penosil.com\/cz\/wp-json\/wp\/v2\/comments?post=29739"}],"version-history":[{"count":20,"href":"https:\/\/penosil.com\/cz\/wp-json\/wp\/v2\/pages\/29739\/revisions"}],"predecessor-version":[{"id":33851,"href":"https:\/\/penosil.com\/cz\/wp-json\/wp\/v2\/pages\/29739\/revisions\/33851"}],"up":[{"embeddable":true,"href":"https:\/\/penosil.com\/cz\/wp-json\/wp\/v2\/pages\/29755"}],"wp:attachment":[{"href":"https:\/\/penosil.com\/cz\/wp-json\/wp\/v2\/media?parent=29739"}],"curies":[{"name":"wp","href":"https:\/\/api.w.org\/{rel}","templated":true}]}}