{"id":29743,"date":"2019-10-16T20:16:46","date_gmt":"2019-10-16T20:16:46","guid":{"rendered":"https:\/\/penosil.com\/cz\/news\/"},"modified":"2024-04-11T12:17:43","modified_gmt":"2024-04-11T10:17:43","slug":"novinky","status":"publish","type":"page","link":"https:\/\/penosil.com\/cz\/novinky\/","title":{"rendered":"Novinky"},"content":{"rendered":"\n<p>Pod\u00edvejte se na informace o nov\u00fdch produktech PENOSIL, \u0161kolen\u00edch o produktech a stavebn\u00edch veletrz\u00edch, o novink\u00e1ch o spole\u010dnosti, skupin\u011b a pr\u016fmyslu.<\/p>\n","protected":false},"excerpt":{"rendered":"Pod\u00edvejte se na informace o nov\u00fdch produktech PENOSIL, \u0161kolen\u00edch o produktech a stavebn\u00edch veletrz\u00edch, o novink\u00e1ch o spole\u010dnosti, skupin\u011b a pr\u016fmyslu.","protected":false},"author":1,"featured_media":0,"parent":0,"menu_order":204,"comment_status":"closed","ping_status":"closed","template":"page-templates\/template-news.php","meta":{"_acf_changed":false,"advgb_blocks_editor_width":"","advgb_blocks_columns_visual_guide":"","footnotes":""},"class_list":["post-29743","page","type-page","status-publish","hentry"],"acf":[],"yoast_head":"<!-- This site is optimized with the Yoast SEO plugin v27.2 - https:\/\/yoast.com\/product\/yoast-seo-wordpress\/ -->\n<title>Novinky | PENOSIL \u010cesk\u00e1 republika<\/title>\n<meta name=\"description\" content=\"Novinky, pod\u00edvejte se na informace o nov\u00fdch produktech PENOSIL, \u0161kolen\u00edch a stavebn\u00edch veletrz\u00edch a novink\u00e1ch v oboru. P\u0159e\u010dt\u011bte si v\u00edce!\" \/>\n<meta name=\"robots\" content=\"index, follow, max-snippet:-1, max-image-preview:large, max-video-preview:-1\" \/>\n<link rel=\"canonical\" href=\"https:\/\/penosil.com\/cz\/novinky\/\" \/>\n<meta property=\"og:locale\" content=\"cs_CZ\" \/>\n<meta property=\"og:type\" content=\"article\" \/>\n<meta property=\"og:title\" content=\"Novinky | PENOSIL \u010cesk\u00e1 republika\" \/>\n<meta property=\"og:description\" content=\"Novinky, pod\u00edvejte se na informace o nov\u00fdch produktech PENOSIL, \u0161kolen\u00edch a stavebn\u00edch veletrz\u00edch a novink\u00e1ch v oboru. P\u0159e\u010dt\u011bte si v\u00edce!\" \/>\n<meta property=\"og:url\" content=\"https:\/\/penosil.com\/cz\/novinky\/\" \/>\n<meta property=\"og:site_name\" content=\"Penosil \u010cesk\u00e1 Republika\" \/>\n<meta property=\"article:modified_time\" content=\"2024-04-11T10:17:43+00:00\" \/>\n<meta name=\"twitter:card\" content=\"summary_large_image\" \/>\n<meta name=\"twitter:label1\" content=\"Odhadovan\u00e1 doba \u010dten\u00ed\" \/>\n\t<meta name=\"twitter:data1\" content=\"1 minuta\" \/>\n<script type=\"application\/ld+json\" class=\"yoast-schema-graph\">{\"@context\":\"https:\/\/schema.org\",\"@graph\":[{\"@type\":\"WebPage\",\"@id\":\"https:\/\/penosil.com\/cz\/novinky\/\",\"url\":\"https:\/\/penosil.com\/cz\/novinky\/\",\"name\":\"Novinky | PENOSIL \u010cesk\u00e1 republika\",\"isPartOf\":{\"@id\":\"https:\/\/penosil.com\/cz\/#website\"},\"datePublished\":\"2019-10-16T20:16:46+00:00\",\"dateModified\":\"2024-04-11T10:17:43+00:00\",\"description\":\"Novinky, pod\u00edvejte se na informace o nov\u00fdch produktech PENOSIL, \u0161kolen\u00edch a stavebn\u00edch veletrz\u00edch a novink\u00e1ch v oboru. P\u0159e\u010dt\u011bte si v\u00edce!\",\"breadcrumb\":{\"@id\":\"https:\/\/penosil.com\/cz\/novinky\/#breadcrumb\"},\"inLanguage\":\"cs\",\"potentialAction\":[{\"@type\":\"ReadAction\",\"target\":[\"https:\/\/penosil.com\/cz\/novinky\/\"]}]},{\"@type\":\"BreadcrumbList\",\"@id\":\"https:\/\/penosil.com\/cz\/novinky\/#breadcrumb\",\"itemListElement\":[{\"@type\":\"ListItem\",\"position\":1,\"name\":\"Home\",\"item\":\"https:\/\/penosil.com\/cz\/\"},{\"@type\":\"ListItem\",\"position\":2,\"name\":\"Novinky\"}]},{\"@type\":\"WebSite\",\"@id\":\"https:\/\/penosil.com\/cz\/#website\",\"url\":\"https:\/\/penosil.com\/cz\/\",\"name\":\"Penosil \u010cesk\u00e1 Republika\",\"description\":\"\",\"potentialAction\":[{\"@type\":\"SearchAction\",\"target\":{\"@type\":\"EntryPoint\",\"urlTemplate\":\"https:\/\/penosil.com\/cz\/?s={search_term_string}\"},\"query-input\":{\"@type\":\"PropertyValueSpecification\",\"valueRequired\":true,\"valueName\":\"search_term_string\"}}],\"inLanguage\":\"cs\"}]}<\/script>\n<!-- \/ Yoast SEO plugin. -->","yoast_head_json":{"title":"Novinky | PENOSIL \u010cesk\u00e1 republika","description":"Novinky, pod\u00edvejte se na informace o nov\u00fdch produktech PENOSIL, \u0161kolen\u00edch a stavebn\u00edch veletrz\u00edch a novink\u00e1ch v oboru. P\u0159e\u010dt\u011bte si v\u00edce!","robots":{"index":"index","follow":"follow","max-snippet":"max-snippet:-1","max-image-preview":"max-image-preview:large","max-video-preview":"max-video-preview:-1"},"canonical":"https:\/\/penosil.com\/cz\/novinky\/","og_locale":"cs_CZ","og_type":"article","og_title":"Novinky | PENOSIL \u010cesk\u00e1 republika","og_description":"Novinky, pod\u00edvejte se na informace o nov\u00fdch produktech PENOSIL, \u0161kolen\u00edch a stavebn\u00edch veletrz\u00edch a novink\u00e1ch v oboru. P\u0159e\u010dt\u011bte si v\u00edce!","og_url":"https:\/\/penosil.com\/cz\/novinky\/","og_site_name":"Penosil \u010cesk\u00e1 Republika","article_modified_time":"2024-04-11T10:17:43+00:00","twitter_card":"summary_large_image","twitter_misc":{"Odhadovan\u00e1 doba \u010dten\u00ed":"1 minuta"},"schema":{"@context":"https:\/\/schema.org","@graph":[{"@type":"WebPage","@id":"https:\/\/penosil.com\/cz\/novinky\/","url":"https:\/\/penosil.com\/cz\/novinky\/","name":"Novinky | PENOSIL \u010cesk\u00e1 republika","isPartOf":{"@id":"https:\/\/penosil.com\/cz\/#website"},"datePublished":"2019-10-16T20:16:46+00:00","dateModified":"2024-04-11T10:17:43+00:00","description":"Novinky, pod\u00edvejte se na informace o nov\u00fdch produktech PENOSIL, \u0161kolen\u00edch a stavebn\u00edch veletrz\u00edch a novink\u00e1ch v oboru. P\u0159e\u010dt\u011bte si v\u00edce!","breadcrumb":{"@id":"https:\/\/penosil.com\/cz\/novinky\/#breadcrumb"},"inLanguage":"cs","potentialAction":[{"@type":"ReadAction","target":["https:\/\/penosil.com\/cz\/novinky\/"]}]},{"@type":"BreadcrumbList","@id":"https:\/\/penosil.com\/cz\/novinky\/#breadcrumb","itemListElement":[{"@type":"ListItem","position":1,"name":"Home","item":"https:\/\/penosil.com\/cz\/"},{"@type":"ListItem","position":2,"name":"Novinky"}]},{"@type":"WebSite","@id":"https:\/\/penosil.com\/cz\/#website","url":"https:\/\/penosil.com\/cz\/","name":"Penosil \u010cesk\u00e1 Republika","description":"","potentialAction":[{"@type":"SearchAction","target":{"@type":"EntryPoint","urlTemplate":"https:\/\/penosil.com\/cz\/?s={search_term_string}"},"query-input":{"@type":"PropertyValueSpecification","valueRequired":true,"valueName":"search_term_string"}}],"inLanguage":"cs"}]}},"coauthors":[],"author_meta":{"author_link":"https:\/\/penosil.com\/cz\/author\/reaktiiv-pe\/","display_name":"reaktiiv-pe"},"relative_dates":{"created":"Posted 6 roky ago","modified":"Updated 2 roky ago"},"absolute_dates":{"created":"Posted on 16. 10. 2019","modified":"Updated on 11. 4. 2024"},"absolute_dates_time":{"created":"Posted on 16. 10. 2019 20:16","modified":"Updated on 11. 4. 2024 12:17"},"featured_img_caption":"","featured_img":false,"series_order":"","_links":{"self":[{"href":"https:\/\/penosil.com\/cz\/wp-json\/wp\/v2\/pages\/29743","targetHints":{"allow":["GET"]}}],"collection":[{"href":"https:\/\/penosil.com\/cz\/wp-json\/wp\/v2\/pages"}],"about":[{"href":"https:\/\/penosil.com\/cz\/wp-json\/wp\/v2\/types\/page"}],"author":[{"embeddable":true,"href":"https:\/\/penosil.com\/cz\/wp-json\/wp\/v2\/users\/1"}],"replies":[{"embeddable":true,"href":"https:\/\/penosil.com\/cz\/wp-json\/wp\/v2\/comments?post=29743"}],"version-history":[{"count":2,"href":"https:\/\/penosil.com\/cz\/wp-json\/wp\/v2\/pages\/29743\/revisions"}],"predecessor-version":[{"id":30800,"href":"https:\/\/penosil.com\/cz\/wp-json\/wp\/v2\/pages\/29743\/revisions\/30800"}],"wp:attachment":[{"href":"https:\/\/penosil.com\/cz\/wp-json\/wp\/v2\/media?parent=29743"}],"curies":[{"name":"wp","href":"https:\/\/api.w.org\/{rel}","templated":true}]}}