{"id":29744,"date":"2019-08-01T13:04:38","date_gmt":"2019-08-01T13:04:38","guid":{"rendered":"https:\/\/penosil.com\/cz\/stone-adhesive-consumption-calculator\/"},"modified":"2023-03-30T09:00:53","modified_gmt":"2023-03-30T09:00:53","slug":"kalkulator-spotreby-pu-lepidla-pro-zdeni","status":"publish","type":"page","link":"https:\/\/penosil.com\/cz\/centrum-znalosti\/kalkulacky\/kalkulator-spotreby-pu-lepidla-pro-zdeni\/","title":{"rendered":"Kalkul\u00e1tor spot\u0159eby PU lepidla pro zd\u011bn\u00ed (cihly a stavebn\u00ed bloky)"},"content":{"rendered":"<div id=\"pnsl-calculator-block_f649a702521bb968fbfdc30dfa244610\" class=\"pnsl-calculator-block stone-adhesive-calculator\" role=\"form\" aria-label=\"Kalkul\u00e1tor spot\u0159eby PU lepidla pro zd\u011bn\u00ed (cihly a stavebn\u00ed bloky)\">\n   <h2 class=\"mb24\">Kalkul\u00e1tor spot\u0159eby PU lepidla pro zd\u011bn\u00ed (cihly a stavebn\u00ed bloky)<\/h2>\n   <fieldset class=\"calculator-part\">\n      <legend class=\"calculator-part-title\">\n         <h3>Rozm\u011bry cihel (stavebn\u00edch blok\u016f)<\/h3>\n      <\/legend>\n\n      <div class=\"calculator-part-inputs d-flex align-items-center flex-wrap\">\n\n         <div class=\"calculator-input\">\n            <label for=\"stone-consumption-brick-thickness\" class=\"input-label\">Tlou\u0161\u0165ka<\/label>\n            <div class=\"input-field\">\n               <input type=\"number\" id=\"stone-consumption-brick-thickness\" name=\"stone-consumption-brick-thickness\" aria-required=\"true\">\n               <span class=\"unit\" aria-label=\"millimeters\">mm<\/span>\n            <\/div>\n         <\/div>\n\n         <div class=\"calculator-separator\" aria-hidden=\"true\">x<\/div>\n\n         <div class=\"calculator-input\">\n            <label for=\"stone-consumption-brick-length\" class=\"input-label\">D\u00e9lka<\/label>\n            <div class=\"input-field\">\n               <input type=\"number\" id=\"stone-consumption-brick-length\" name=\"stone-consumption-brick-length\" aria-required=\"true\">\n               <span class=\"unit\" aria-label=\"millimeters\">mm<\/span>\n            <\/div>\n         <\/div>\n\n         <div class=\"calculator-separator\" aria-hidden=\"true\">x<\/div>\n\n         <div class=\"calculator-input\">\n            <label for=\"stone-consumption-brick-height\" class=\"input-label\">V\u00fd\u0161ka<\/label>\n            <div class=\"input-field\">\n               <input type=\"number\" id=\"stone-consumption-brick-height\" name=\"stone-consumption-brick-height\" aria-required=\"true\">\n               <span class=\"unit\" aria-label=\"millimeters\">mm<\/span>\n            <\/div>\n         <\/div>\n      <\/div>\n   <\/fieldset>\n\n   <fieldset class=\"calculator-part\">\n      <legend class=\"calculator-part-title\">\n         <h3>Rozm\u011bry st\u011bny<\/h3>\n      <\/legend>\n\n      <div class=\"calculator-part-inputs d-flex align-items-center flex-wrap\">\n\n         <div class=\"calculator-input\">\n            <label for=\"stone-consumption-wall-height\" class=\"input-label\">V\u00fd\u0161ka<\/label>\n            <div class=\"input-field\">\n               <input type=\"number\" id=\"stone-consumption-wall-height\" name=\"stone-consumption-wall-height\" onchange=\"this.value = this.value.replace(\/,\/g, '.')\" aria-required=\"true\">\n               <span class=\"unit\" aria-label=\"meters\">m<\/span>\n            <\/div>\n         <\/div>\n\n         <div class=\"calculator-separator\" aria-hidden=\"true\">x<\/div>\n\n         <div class=\"calculator-input\">\n            <label for=\"stone-consumption-wall-width\" class=\"input-label\">\u0160\u00ed\u0159ka<\/label>\n            <div class=\"input-field\">\n               <input type=\"number\" id=\"stone-consumption-wall-width\" name=\"stone-consumption-wall-width\" onchange=\"this.value = this.value.replace(\/,\/g, '.')\" aria-required=\"true\">\n               <span class=\"unit\" aria-label=\"meters\">m<\/span>\n            <\/div>\n         <\/div>\n\n      <\/div>\n   <\/fieldset>\n\n   <div class=\"calculator-output\" role=\"region\" aria-live=\"polite\" aria-label=\"Calculation results\">\n      <h3 class=\"sr-only\">Results<\/h3>\n      <div class=\"output-block output-side d-flex flex-wrap\">\n         <div class=\"output-title w100\">\n            <span>Po\u010det stavebn\u00edch blok\u016f<\/span>\n         <\/div>\n         <div class=\"output-result w100\" id=\"stone-consumption-nr-blocks\" aria-label=\"Number of blocks needed\">\n            0\n         <\/div>\n      <\/div>\n\n      <div class=\"output-block output-side d-flex flex-wrap\">\n         <div class=\"output-title w100\">\n            <span>Po\u010det d\u00f3z lepidla<\/span>\n         <\/div>\n         <div class=\"output-result w100\" id=\"stone-consumption-nr-cans\" aria-label=\"Number of cans needed\">\n            0\n         <\/div>\n      <\/div>\n   <\/div>\n<\/div>","protected":false},"excerpt":{"rendered":"","protected":false},"author":1,"featured_media":0,"parent":29746,"menu_order":224,"comment_status":"closed","ping_status":"closed","template":"page-templates\/template-calculators.php","meta":{"_acf_changed":false,"advgb_blocks_editor_width":"","advgb_blocks_columns_visual_guide":"","footnotes":""},"class_list":["post-29744","page","type-page","status-publish","hentry"],"acf":[],"yoast_head":"<!-- This site is optimized with the Yoast SEO plugin v27.2 - https:\/\/yoast.com\/product\/yoast-seo-wordpress\/ -->\n<title>Kalkul\u00e1tor spot\u0159eby lepidla pro zd\u011bn\u00ed - PENOSIL \u010cesk\u00e1 republika<\/title>\n<meta name=\"description\" content=\"Myslete ekologicky a pou\u017eijte kalkul\u00e1tor spot\u0159eby PU lepidla PENOSIL pro zd\u011bn\u00ed (cihly a stavebn\u00ed bloky). Za\u010dn\u011bte po\u010d\u00edtat!\" \/>\n<meta name=\"robots\" content=\"index, follow, max-snippet:-1, max-image-preview:large, max-video-preview:-1\" \/>\n<link rel=\"canonical\" href=\"https:\/\/penosil.com\/cz\/centrum-znalosti\/kalkulacky\/kalkulator-spotreby-pu-lepidla-pro-zdeni\/\" \/>\n<meta property=\"og:locale\" content=\"cs_CZ\" \/>\n<meta property=\"og:type\" content=\"article\" \/>\n<meta property=\"og:title\" content=\"Kalkul\u00e1tor spot\u0159eby lepidla pro zd\u011bn\u00ed - PENOSIL \u010cesk\u00e1 republika\" \/>\n<meta property=\"og:description\" content=\"Myslete ekologicky a pou\u017eijte kalkul\u00e1tor spot\u0159eby PU lepidla PENOSIL pro zd\u011bn\u00ed (cihly a stavebn\u00ed bloky). Za\u010dn\u011bte po\u010d\u00edtat!\" \/>\n<meta property=\"og:url\" content=\"https:\/\/penosil.com\/cz\/centrum-znalosti\/kalkulacky\/kalkulator-spotreby-pu-lepidla-pro-zdeni\/\" \/>\n<meta property=\"og:site_name\" content=\"Penosil \u010cesk\u00e1 Republika\" \/>\n<meta property=\"article:modified_time\" content=\"2023-03-30T09:00:53+00:00\" \/>\n<meta name=\"twitter:card\" content=\"summary_large_image\" \/>\n<script type=\"application\/ld+json\" class=\"yoast-schema-graph\">{\"@context\":\"https:\/\/schema.org\",\"@graph\":[{\"@type\":\"WebPage\",\"@id\":\"https:\/\/penosil.com\/cz\/centrum-znalosti\/kalkulacky\/kalkulator-spotreby-pu-lepidla-pro-zdeni\/\",\"url\":\"https:\/\/penosil.com\/cz\/centrum-znalosti\/kalkulacky\/kalkulator-spotreby-pu-lepidla-pro-zdeni\/\",\"name\":\"Kalkul\u00e1tor spot\u0159eby lepidla pro zd\u011bn\u00ed - PENOSIL \u010cesk\u00e1 republika\",\"isPartOf\":{\"@id\":\"https:\/\/penosil.com\/cz\/#website\"},\"datePublished\":\"2019-08-01T13:04:38+00:00\",\"dateModified\":\"2023-03-30T09:00:53+00:00\",\"description\":\"Myslete ekologicky a pou\u017eijte kalkul\u00e1tor spot\u0159eby PU lepidla PENOSIL pro zd\u011bn\u00ed (cihly a stavebn\u00ed bloky). Za\u010dn\u011bte po\u010d\u00edtat!\",\"breadcrumb\":{\"@id\":\"https:\/\/penosil.com\/cz\/centrum-znalosti\/kalkulacky\/kalkulator-spotreby-pu-lepidla-pro-zdeni\/#breadcrumb\"},\"inLanguage\":\"cs\",\"potentialAction\":[{\"@type\":\"ReadAction\",\"target\":[\"https:\/\/penosil.com\/cz\/centrum-znalosti\/kalkulacky\/kalkulator-spotreby-pu-lepidla-pro-zdeni\/\"]}]},{\"@type\":\"BreadcrumbList\",\"@id\":\"https:\/\/penosil.com\/cz\/centrum-znalosti\/kalkulacky\/kalkulator-spotreby-pu-lepidla-pro-zdeni\/#breadcrumb\",\"itemListElement\":[{\"@type\":\"ListItem\",\"position\":1,\"name\":\"Home\",\"item\":\"https:\/\/penosil.com\/cz\/\"},{\"@type\":\"ListItem\",\"position\":2,\"name\":\"Centrum znalost\u00ed\",\"item\":\"https:\/\/penosil.com\/cz\/centrum-znalosti\/\"},{\"@type\":\"ListItem\",\"position\":3,\"name\":\"Kalkula\u010dky\",\"item\":\"https:\/\/penosil.com\/cz\/centrum-znalosti\/kalkulacky\/\"},{\"@type\":\"ListItem\",\"position\":4,\"name\":\"Kalkul\u00e1tor spot\u0159eby PU lepidla pro zd\u011bn\u00ed (cihly a stavebn\u00ed bloky)\"}]},{\"@type\":\"WebSite\",\"@id\":\"https:\/\/penosil.com\/cz\/#website\",\"url\":\"https:\/\/penosil.com\/cz\/\",\"name\":\"Penosil \u010cesk\u00e1 Republika\",\"description\":\"\",\"potentialAction\":[{\"@type\":\"SearchAction\",\"target\":{\"@type\":\"EntryPoint\",\"urlTemplate\":\"https:\/\/penosil.com\/cz\/?s={search_term_string}\"},\"query-input\":{\"@type\":\"PropertyValueSpecification\",\"valueRequired\":true,\"valueName\":\"search_term_string\"}}],\"inLanguage\":\"cs\"}]}<\/script>\n<!-- \/ Yoast SEO plugin. -->","yoast_head_json":{"title":"Kalkul\u00e1tor spot\u0159eby lepidla pro zd\u011bn\u00ed - PENOSIL \u010cesk\u00e1 republika","description":"Myslete ekologicky a pou\u017eijte kalkul\u00e1tor spot\u0159eby PU lepidla PENOSIL pro zd\u011bn\u00ed (cihly a stavebn\u00ed bloky). Za\u010dn\u011bte po\u010d\u00edtat!","robots":{"index":"index","follow":"follow","max-snippet":"max-snippet:-1","max-image-preview":"max-image-preview:large","max-video-preview":"max-video-preview:-1"},"canonical":"https:\/\/penosil.com\/cz\/centrum-znalosti\/kalkulacky\/kalkulator-spotreby-pu-lepidla-pro-zdeni\/","og_locale":"cs_CZ","og_type":"article","og_title":"Kalkul\u00e1tor spot\u0159eby lepidla pro zd\u011bn\u00ed - PENOSIL \u010cesk\u00e1 republika","og_description":"Myslete ekologicky a pou\u017eijte kalkul\u00e1tor spot\u0159eby PU lepidla PENOSIL pro zd\u011bn\u00ed (cihly a stavebn\u00ed bloky). Za\u010dn\u011bte po\u010d\u00edtat!","og_url":"https:\/\/penosil.com\/cz\/centrum-znalosti\/kalkulacky\/kalkulator-spotreby-pu-lepidla-pro-zdeni\/","og_site_name":"Penosil \u010cesk\u00e1 Republika","article_modified_time":"2023-03-30T09:00:53+00:00","twitter_card":"summary_large_image","schema":{"@context":"https:\/\/schema.org","@graph":[{"@type":"WebPage","@id":"https:\/\/penosil.com\/cz\/centrum-znalosti\/kalkulacky\/kalkulator-spotreby-pu-lepidla-pro-zdeni\/","url":"https:\/\/penosil.com\/cz\/centrum-znalosti\/kalkulacky\/kalkulator-spotreby-pu-lepidla-pro-zdeni\/","name":"Kalkul\u00e1tor spot\u0159eby lepidla pro zd\u011bn\u00ed - PENOSIL \u010cesk\u00e1 republika","isPartOf":{"@id":"https:\/\/penosil.com\/cz\/#website"},"datePublished":"2019-08-01T13:04:38+00:00","dateModified":"2023-03-30T09:00:53+00:00","description":"Myslete ekologicky a pou\u017eijte kalkul\u00e1tor spot\u0159eby PU lepidla PENOSIL pro zd\u011bn\u00ed (cihly a stavebn\u00ed bloky). Za\u010dn\u011bte po\u010d\u00edtat!","breadcrumb":{"@id":"https:\/\/penosil.com\/cz\/centrum-znalosti\/kalkulacky\/kalkulator-spotreby-pu-lepidla-pro-zdeni\/#breadcrumb"},"inLanguage":"cs","potentialAction":[{"@type":"ReadAction","target":["https:\/\/penosil.com\/cz\/centrum-znalosti\/kalkulacky\/kalkulator-spotreby-pu-lepidla-pro-zdeni\/"]}]},{"@type":"BreadcrumbList","@id":"https:\/\/penosil.com\/cz\/centrum-znalosti\/kalkulacky\/kalkulator-spotreby-pu-lepidla-pro-zdeni\/#breadcrumb","itemListElement":[{"@type":"ListItem","position":1,"name":"Home","item":"https:\/\/penosil.com\/cz\/"},{"@type":"ListItem","position":2,"name":"Centrum znalost\u00ed","item":"https:\/\/penosil.com\/cz\/centrum-znalosti\/"},{"@type":"ListItem","position":3,"name":"Kalkula\u010dky","item":"https:\/\/penosil.com\/cz\/centrum-znalosti\/kalkulacky\/"},{"@type":"ListItem","position":4,"name":"Kalkul\u00e1tor spot\u0159eby PU lepidla pro zd\u011bn\u00ed (cihly a stavebn\u00ed bloky)"}]},{"@type":"WebSite","@id":"https:\/\/penosil.com\/cz\/#website","url":"https:\/\/penosil.com\/cz\/","name":"Penosil \u010cesk\u00e1 Republika","description":"","potentialAction":[{"@type":"SearchAction","target":{"@type":"EntryPoint","urlTemplate":"https:\/\/penosil.com\/cz\/?s={search_term_string}"},"query-input":{"@type":"PropertyValueSpecification","valueRequired":true,"valueName":"search_term_string"}}],"inLanguage":"cs"}]}},"coauthors":[],"author_meta":{"author_link":"https:\/\/penosil.com\/cz\/author\/reaktiiv-pe\/","display_name":"reaktiiv-pe"},"relative_dates":{"created":"Posted 7 roky ago","modified":"Updated 3 roky ago"},"absolute_dates":{"created":"Posted on 1. 8. 2019","modified":"Updated on 30. 3. 2023"},"absolute_dates_time":{"created":"Posted on 1. 8. 2019 13:04","modified":"Updated on 30. 3. 2023 9:00"},"featured_img_caption":"","featured_img":false,"series_order":"","_links":{"self":[{"href":"https:\/\/penosil.com\/cz\/wp-json\/wp\/v2\/pages\/29744","targetHints":{"allow":["GET"]}}],"collection":[{"href":"https:\/\/penosil.com\/cz\/wp-json\/wp\/v2\/pages"}],"about":[{"href":"https:\/\/penosil.com\/cz\/wp-json\/wp\/v2\/types\/page"}],"author":[{"embeddable":true,"href":"https:\/\/penosil.com\/cz\/wp-json\/wp\/v2\/users\/1"}],"replies":[{"embeddable":true,"href":"https:\/\/penosil.com\/cz\/wp-json\/wp\/v2\/comments?post=29744"}],"version-history":[{"count":3,"href":"https:\/\/penosil.com\/cz\/wp-json\/wp\/v2\/pages\/29744\/revisions"}],"predecessor-version":[{"id":31122,"href":"https:\/\/penosil.com\/cz\/wp-json\/wp\/v2\/pages\/29744\/revisions\/31122"}],"up":[{"embeddable":true,"href":"https:\/\/penosil.com\/cz\/wp-json\/wp\/v2\/pages\/29746"}],"wp:attachment":[{"href":"https:\/\/penosil.com\/cz\/wp-json\/wp\/v2\/media?parent=29744"}],"curies":[{"name":"wp","href":"https:\/\/api.w.org\/{rel}","templated":true}]}}