{"id":29748,"date":"2019-07-25T08:21:57","date_gmt":"2019-07-25T08:21:57","guid":{"rendered":"https:\/\/penosil.com\/cz\/homepage\/"},"modified":"2026-04-02T13:03:14","modified_gmt":"2026-04-02T11:03:14","slug":"homepage","status":"publish","type":"page","link":"https:\/\/penosil.com\/cz\/","title":{"rendered":"Domovsk\u00e1 str\u00e1nka"},"content":{"rendered":"","protected":false},"excerpt":{"rendered":"","protected":false},"author":1,"featured_media":0,"parent":0,"menu_order":263,"comment_status":"closed","ping_status":"closed","template":"","meta":{"_acf_changed":false,"advgb_blocks_editor_width":"","advgb_blocks_columns_visual_guide":"","footnotes":""},"class_list":["post-29748","page","type-page","status-publish","hentry"],"acf":[],"yoast_head":"<!-- This site is optimized with the Yoast SEO plugin v27.2 - https:\/\/yoast.com\/product\/yoast-seo-wordpress\/ -->\n<title>Penosil p\u011bny, tmely a lepidla pro profesion\u00e1ly a dom\u00e1c\u00ed u\u017eivatele<\/title>\n<meta name=\"description\" content=\"PENOSIL nab\u00edz\u00ed bezpe\u010dn\u00e1, energeticky \u00fa\u010dinn\u00e1 a ekologick\u00e1 stavebn\u00ed \u0159e\u0161en\u00ed. Nav\u0161tivte webov\u00e9 str\u00e1nky spole\u010dnosti PENOSIL!\" \/>\n<meta name=\"robots\" content=\"index, follow, max-snippet:-1, max-image-preview:large, max-video-preview:-1\" \/>\n<link rel=\"canonical\" href=\"https:\/\/penosil.com\/cz\/\" \/>\n<meta property=\"og:locale\" content=\"cs_CZ\" \/>\n<meta property=\"og:type\" content=\"article\" \/>\n<meta property=\"og:title\" content=\"Penosil p\u011bny, tmely a lepidla pro profesion\u00e1ly a dom\u00e1c\u00ed u\u017eivatele\" \/>\n<meta property=\"og:description\" content=\"PENOSIL nab\u00edz\u00ed bezpe\u010dn\u00e1, energeticky \u00fa\u010dinn\u00e1 a ekologick\u00e1 stavebn\u00ed \u0159e\u0161en\u00ed. Nav\u0161tivte webov\u00e9 str\u00e1nky spole\u010dnosti PENOSIL!\" \/>\n<meta property=\"og:url\" content=\"https:\/\/penosil.com\/cz\/\" \/>\n<meta property=\"og:site_name\" content=\"Penosil \u010cesk\u00e1 Republika\" \/>\n<meta property=\"article:modified_time\" content=\"2026-04-02T11:03:14+00:00\" \/>\n<meta name=\"twitter:card\" content=\"summary_large_image\" \/>\n<meta name=\"twitter:label1\" content=\"Odhadovan\u00e1 doba \u010dten\u00ed\" \/>\n\t<meta name=\"twitter:data1\" content=\"3 minuty\" \/>\n<script type=\"application\/ld+json\" class=\"yoast-schema-graph\">{\"@context\":\"https:\/\/schema.org\",\"@graph\":[{\"@type\":\"WebPage\",\"@id\":\"https:\/\/penosil.com\/cz\/\",\"url\":\"https:\/\/penosil.com\/cz\/\",\"name\":\"Penosil p\u011bny, tmely a lepidla pro profesion\u00e1ly a dom\u00e1c\u00ed u\u017eivatele\",\"isPartOf\":{\"@id\":\"https:\/\/penosil.com\/cz\/#website\"},\"datePublished\":\"2019-07-25T08:21:57+00:00\",\"dateModified\":\"2026-04-02T11:03:14+00:00\",\"description\":\"PENOSIL nab\u00edz\u00ed bezpe\u010dn\u00e1, energeticky \u00fa\u010dinn\u00e1 a ekologick\u00e1 stavebn\u00ed \u0159e\u0161en\u00ed. Nav\u0161tivte webov\u00e9 str\u00e1nky spole\u010dnosti PENOSIL!\",\"breadcrumb\":{\"@id\":\"https:\/\/penosil.com\/cz\/#breadcrumb\"},\"inLanguage\":\"cs\",\"potentialAction\":[{\"@type\":\"ReadAction\",\"target\":[\"https:\/\/penosil.com\/cz\/\"]}]},{\"@type\":\"BreadcrumbList\",\"@id\":\"https:\/\/penosil.com\/cz\/#breadcrumb\",\"itemListElement\":[{\"@type\":\"ListItem\",\"position\":1,\"name\":\"Home\",\"item\":\"https:\/\/penosil.com\/cz\/\"},{\"@type\":\"ListItem\",\"position\":2,\"name\":\"Domovsk\u00e1 str\u00e1nka\"}]},{\"@type\":\"WebSite\",\"@id\":\"https:\/\/penosil.com\/cz\/#website\",\"url\":\"https:\/\/penosil.com\/cz\/\",\"name\":\"Penosil \u010cesk\u00e1 Republika\",\"description\":\"\",\"potentialAction\":[{\"@type\":\"SearchAction\",\"target\":{\"@type\":\"EntryPoint\",\"urlTemplate\":\"https:\/\/penosil.com\/cz\/?s={search_term_string}\"},\"query-input\":{\"@type\":\"PropertyValueSpecification\",\"valueRequired\":true,\"valueName\":\"search_term_string\"}}],\"inLanguage\":\"cs\"}]}<\/script>\n<!-- \/ Yoast SEO plugin. -->","yoast_head_json":{"title":"Penosil p\u011bny, tmely a lepidla pro profesion\u00e1ly a dom\u00e1c\u00ed u\u017eivatele","description":"PENOSIL nab\u00edz\u00ed bezpe\u010dn\u00e1, energeticky \u00fa\u010dinn\u00e1 a ekologick\u00e1 stavebn\u00ed \u0159e\u0161en\u00ed. Nav\u0161tivte webov\u00e9 str\u00e1nky spole\u010dnosti PENOSIL!","robots":{"index":"index","follow":"follow","max-snippet":"max-snippet:-1","max-image-preview":"max-image-preview:large","max-video-preview":"max-video-preview:-1"},"canonical":"https:\/\/penosil.com\/cz\/","og_locale":"cs_CZ","og_type":"article","og_title":"Penosil p\u011bny, tmely a lepidla pro profesion\u00e1ly a dom\u00e1c\u00ed u\u017eivatele","og_description":"PENOSIL nab\u00edz\u00ed bezpe\u010dn\u00e1, energeticky \u00fa\u010dinn\u00e1 a ekologick\u00e1 stavebn\u00ed \u0159e\u0161en\u00ed. Nav\u0161tivte webov\u00e9 str\u00e1nky spole\u010dnosti PENOSIL!","og_url":"https:\/\/penosil.com\/cz\/","og_site_name":"Penosil \u010cesk\u00e1 Republika","article_modified_time":"2026-04-02T11:03:14+00:00","twitter_card":"summary_large_image","twitter_misc":{"Odhadovan\u00e1 doba \u010dten\u00ed":"3 minuty"},"schema":{"@context":"https:\/\/schema.org","@graph":[{"@type":"WebPage","@id":"https:\/\/penosil.com\/cz\/","url":"https:\/\/penosil.com\/cz\/","name":"Penosil p\u011bny, tmely a lepidla pro profesion\u00e1ly a dom\u00e1c\u00ed u\u017eivatele","isPartOf":{"@id":"https:\/\/penosil.com\/cz\/#website"},"datePublished":"2019-07-25T08:21:57+00:00","dateModified":"2026-04-02T11:03:14+00:00","description":"PENOSIL nab\u00edz\u00ed bezpe\u010dn\u00e1, energeticky \u00fa\u010dinn\u00e1 a ekologick\u00e1 stavebn\u00ed \u0159e\u0161en\u00ed. Nav\u0161tivte webov\u00e9 str\u00e1nky spole\u010dnosti PENOSIL!","breadcrumb":{"@id":"https:\/\/penosil.com\/cz\/#breadcrumb"},"inLanguage":"cs","potentialAction":[{"@type":"ReadAction","target":["https:\/\/penosil.com\/cz\/"]}]},{"@type":"BreadcrumbList","@id":"https:\/\/penosil.com\/cz\/#breadcrumb","itemListElement":[{"@type":"ListItem","position":1,"name":"Home","item":"https:\/\/penosil.com\/cz\/"},{"@type":"ListItem","position":2,"name":"Domovsk\u00e1 str\u00e1nka"}]},{"@type":"WebSite","@id":"https:\/\/penosil.com\/cz\/#website","url":"https:\/\/penosil.com\/cz\/","name":"Penosil \u010cesk\u00e1 Republika","description":"","potentialAction":[{"@type":"SearchAction","target":{"@type":"EntryPoint","urlTemplate":"https:\/\/penosil.com\/cz\/?s={search_term_string}"},"query-input":{"@type":"PropertyValueSpecification","valueRequired":true,"valueName":"search_term_string"}}],"inLanguage":"cs"}]}},"coauthors":[],"author_meta":{"author_link":"https:\/\/penosil.com\/cz\/author\/reaktiiv-pe\/","display_name":"reaktiiv-pe"},"relative_dates":{"created":"Posted 7 roky ago","modified":"Updated 1 t\u00fddnem ago"},"absolute_dates":{"created":"Posted on 25. 7. 2019","modified":"Updated on 2. 4. 2026"},"absolute_dates_time":{"created":"Posted on 25. 7. 2019 8:21","modified":"Updated on 2. 4. 2026 13:03"},"featured_img_caption":"","featured_img":false,"series_order":"","_links":{"self":[{"href":"https:\/\/penosil.com\/cz\/wp-json\/wp\/v2\/pages\/29748","targetHints":{"allow":["GET"]}}],"collection":[{"href":"https:\/\/penosil.com\/cz\/wp-json\/wp\/v2\/pages"}],"about":[{"href":"https:\/\/penosil.com\/cz\/wp-json\/wp\/v2\/types\/page"}],"author":[{"embeddable":true,"href":"https:\/\/penosil.com\/cz\/wp-json\/wp\/v2\/users\/1"}],"replies":[{"embeddable":true,"href":"https:\/\/penosil.com\/cz\/wp-json\/wp\/v2\/comments?post=29748"}],"version-history":[{"count":84,"href":"https:\/\/penosil.com\/cz\/wp-json\/wp\/v2\/pages\/29748\/revisions"}],"predecessor-version":[{"id":34015,"href":"https:\/\/penosil.com\/cz\/wp-json\/wp\/v2\/pages\/29748\/revisions\/34015"}],"wp:attachment":[{"href":"https:\/\/penosil.com\/cz\/wp-json\/wp\/v2\/media?parent=29748"}],"curies":[{"name":"wp","href":"https:\/\/api.w.org\/{rel}","templated":true}]}}