{"id":29751,"date":"2019-07-24T13:17:32","date_gmt":"2019-07-24T13:17:32","guid":{"rendered":"https:\/\/penosil.com\/cz\/contacts\/"},"modified":"2024-06-27T09:31:50","modified_gmt":"2024-06-27T07:31:50","slug":"kontakty","status":"publish","type":"page","link":"https:\/\/penosil.com\/cz\/kontakty\/","title":{"rendered":"Kontakty"},"content":{"rendered":"","protected":false},"excerpt":{"rendered":"","protected":false},"author":33,"featured_media":0,"parent":0,"menu_order":294,"comment_status":"closed","ping_status":"closed","template":"page-templates\/template-contacts.php","meta":{"_acf_changed":false,"advgb_blocks_editor_width":"","advgb_blocks_columns_visual_guide":"","footnotes":""},"class_list":["post-29751","page","type-page","status-publish","hentry"],"acf":[],"yoast_head":"<!-- This site is optimized with the Yoast SEO plugin v27.2 - https:\/\/yoast.com\/product\/yoast-seo-wordpress\/ -->\n<title>Kontaktujte n\u00e1s | PENOSIL \u010cesk\u00e1 republika<\/title>\n<meta name=\"description\" content=\"M\u00e1te z\u00e1jem o rozhovor s prodejci, m\u00e1te dotaz nebo se chcete s n\u00e1mi spojit? Kontaktujte t\u00fdm PENOSIL. Kontakty jsou zde.\" \/>\n<meta name=\"robots\" content=\"index, follow, max-snippet:-1, max-image-preview:large, max-video-preview:-1\" \/>\n<link rel=\"canonical\" href=\"https:\/\/penosil.com\/cz\/kontakty\/\" \/>\n<meta property=\"og:locale\" content=\"cs_CZ\" \/>\n<meta property=\"og:type\" content=\"article\" \/>\n<meta property=\"og:title\" content=\"Kontaktujte n\u00e1s | PENOSIL \u010cesk\u00e1 republika\" \/>\n<meta property=\"og:description\" content=\"M\u00e1te z\u00e1jem o rozhovor s prodejci, m\u00e1te dotaz nebo se chcete s n\u00e1mi spojit? Kontaktujte t\u00fdm PENOSIL. Kontakty jsou zde.\" \/>\n<meta property=\"og:url\" content=\"https:\/\/penosil.com\/cz\/kontakty\/\" \/>\n<meta property=\"og:site_name\" content=\"Penosil \u010cesk\u00e1 Republika\" \/>\n<meta property=\"article:modified_time\" content=\"2024-06-27T07:31:50+00:00\" \/>\n<meta name=\"twitter:card\" content=\"summary_large_image\" \/>\n<script type=\"application\/ld+json\" class=\"yoast-schema-graph\">{\"@context\":\"https:\/\/schema.org\",\"@graph\":[{\"@type\":\"WebPage\",\"@id\":\"https:\/\/penosil.com\/cz\/kontakty\/\",\"url\":\"https:\/\/penosil.com\/cz\/kontakty\/\",\"name\":\"Kontaktujte n\u00e1s | PENOSIL \u010cesk\u00e1 republika\",\"isPartOf\":{\"@id\":\"https:\/\/penosil.com\/cz\/#website\"},\"datePublished\":\"2019-07-24T13:17:32+00:00\",\"dateModified\":\"2024-06-27T07:31:50+00:00\",\"description\":\"M\u00e1te z\u00e1jem o rozhovor s prodejci, m\u00e1te dotaz nebo se chcete s n\u00e1mi spojit? Kontaktujte t\u00fdm PENOSIL. Kontakty jsou zde.\",\"breadcrumb\":{\"@id\":\"https:\/\/penosil.com\/cz\/kontakty\/#breadcrumb\"},\"inLanguage\":\"cs\",\"potentialAction\":[{\"@type\":\"ReadAction\",\"target\":[\"https:\/\/penosil.com\/cz\/kontakty\/\"]}]},{\"@type\":\"BreadcrumbList\",\"@id\":\"https:\/\/penosil.com\/cz\/kontakty\/#breadcrumb\",\"itemListElement\":[{\"@type\":\"ListItem\",\"position\":1,\"name\":\"Home\",\"item\":\"https:\/\/penosil.com\/cz\/\"},{\"@type\":\"ListItem\",\"position\":2,\"name\":\"Kontakty\"}]},{\"@type\":\"WebSite\",\"@id\":\"https:\/\/penosil.com\/cz\/#website\",\"url\":\"https:\/\/penosil.com\/cz\/\",\"name\":\"Penosil \u010cesk\u00e1 Republika\",\"description\":\"\",\"potentialAction\":[{\"@type\":\"SearchAction\",\"target\":{\"@type\":\"EntryPoint\",\"urlTemplate\":\"https:\/\/penosil.com\/cz\/?s={search_term_string}\"},\"query-input\":{\"@type\":\"PropertyValueSpecification\",\"valueRequired\":true,\"valueName\":\"search_term_string\"}}],\"inLanguage\":\"cs\"}]}<\/script>\n<!-- \/ Yoast SEO plugin. -->","yoast_head_json":{"title":"Kontaktujte n\u00e1s | PENOSIL \u010cesk\u00e1 republika","description":"M\u00e1te z\u00e1jem o rozhovor s prodejci, m\u00e1te dotaz nebo se chcete s n\u00e1mi spojit? Kontaktujte t\u00fdm PENOSIL. Kontakty jsou zde.","robots":{"index":"index","follow":"follow","max-snippet":"max-snippet:-1","max-image-preview":"max-image-preview:large","max-video-preview":"max-video-preview:-1"},"canonical":"https:\/\/penosil.com\/cz\/kontakty\/","og_locale":"cs_CZ","og_type":"article","og_title":"Kontaktujte n\u00e1s | PENOSIL \u010cesk\u00e1 republika","og_description":"M\u00e1te z\u00e1jem o rozhovor s prodejci, m\u00e1te dotaz nebo se chcete s n\u00e1mi spojit? Kontaktujte t\u00fdm PENOSIL. Kontakty jsou zde.","og_url":"https:\/\/penosil.com\/cz\/kontakty\/","og_site_name":"Penosil \u010cesk\u00e1 Republika","article_modified_time":"2024-06-27T07:31:50+00:00","twitter_card":"summary_large_image","schema":{"@context":"https:\/\/schema.org","@graph":[{"@type":"WebPage","@id":"https:\/\/penosil.com\/cz\/kontakty\/","url":"https:\/\/penosil.com\/cz\/kontakty\/","name":"Kontaktujte n\u00e1s | PENOSIL \u010cesk\u00e1 republika","isPartOf":{"@id":"https:\/\/penosil.com\/cz\/#website"},"datePublished":"2019-07-24T13:17:32+00:00","dateModified":"2024-06-27T07:31:50+00:00","description":"M\u00e1te z\u00e1jem o rozhovor s prodejci, m\u00e1te dotaz nebo se chcete s n\u00e1mi spojit? Kontaktujte t\u00fdm PENOSIL. Kontakty jsou zde.","breadcrumb":{"@id":"https:\/\/penosil.com\/cz\/kontakty\/#breadcrumb"},"inLanguage":"cs","potentialAction":[{"@type":"ReadAction","target":["https:\/\/penosil.com\/cz\/kontakty\/"]}]},{"@type":"BreadcrumbList","@id":"https:\/\/penosil.com\/cz\/kontakty\/#breadcrumb","itemListElement":[{"@type":"ListItem","position":1,"name":"Home","item":"https:\/\/penosil.com\/cz\/"},{"@type":"ListItem","position":2,"name":"Kontakty"}]},{"@type":"WebSite","@id":"https:\/\/penosil.com\/cz\/#website","url":"https:\/\/penosil.com\/cz\/","name":"Penosil \u010cesk\u00e1 Republika","description":"","potentialAction":[{"@type":"SearchAction","target":{"@type":"EntryPoint","urlTemplate":"https:\/\/penosil.com\/cz\/?s={search_term_string}"},"query-input":{"@type":"PropertyValueSpecification","valueRequired":true,"valueName":"search_term_string"}}],"inLanguage":"cs"}]}},"coauthors":[],"author_meta":{"author_link":"https:\/\/penosil.com\/cz\/author\/jirikuran\/","display_name":"jirikuran"},"relative_dates":{"created":"Posted 7 roky ago","modified":"Updated 2 roky ago"},"absolute_dates":{"created":"Posted on 24. 7. 2019","modified":"Updated on 27. 6. 2024"},"absolute_dates_time":{"created":"Posted on 24. 7. 2019 13:17","modified":"Updated on 27. 6. 2024 9:31"},"featured_img_caption":"","featured_img":false,"series_order":"","_links":{"self":[{"href":"https:\/\/penosil.com\/cz\/wp-json\/wp\/v2\/pages\/29751","targetHints":{"allow":["GET"]}}],"collection":[{"href":"https:\/\/penosil.com\/cz\/wp-json\/wp\/v2\/pages"}],"about":[{"href":"https:\/\/penosil.com\/cz\/wp-json\/wp\/v2\/types\/page"}],"author":[{"embeddable":true,"href":"https:\/\/penosil.com\/cz\/wp-json\/wp\/v2\/users\/33"}],"replies":[{"embeddable":true,"href":"https:\/\/penosil.com\/cz\/wp-json\/wp\/v2\/comments?post=29751"}],"version-history":[{"count":27,"href":"https:\/\/penosil.com\/cz\/wp-json\/wp\/v2\/pages\/29751\/revisions"}],"predecessor-version":[{"id":32292,"href":"https:\/\/penosil.com\/cz\/wp-json\/wp\/v2\/pages\/29751\/revisions\/32292"}],"wp:attachment":[{"href":"https:\/\/penosil.com\/cz\/wp-json\/wp\/v2\/media?parent=29751"}],"curies":[{"name":"wp","href":"https:\/\/api.w.org\/{rel}","templated":true}]}}