{"id":29753,"date":"2019-07-24T13:17:19","date_gmt":"2019-07-24T13:17:19","guid":{"rendered":"https:\/\/penosil.com\/cz\/about-us\/"},"modified":"2026-02-13T14:12:30","modified_gmt":"2026-02-13T13:12:30","slug":"o-nas","status":"publish","type":"page","link":"https:\/\/penosil.com\/cz\/o-nas\/","title":{"rendered":"O n\u00e1s"},"content":{"rendered":"\n<div class=\"wp-block-columns has-2-columns is-layout-flex wp-container-core-columns-is-layout-9d6595d7 wp-block-columns-is-layout-flex\">\n<div class=\"wp-block-column is-layout-flow wp-block-column-is-layout-flow\">\n<p>V severoevropsk\u00e9m podneb\u00ed, kde vznikla spole\u010dnost PENOSIL, je po v\u011bt\u0161inu roku c\u00edtit v\u00fdrazn\u00fd chlad. P\u0159esto prvn\u00ed osadn\u00edci v tomto \u010dasto drsn\u00e9m prost\u0159ed\u00ed nevn\u00edmali chlad jako p\u0159ek\u00e1\u017eku, ale sp\u00ed\u0161e jako v\u00fdzvu, kterou bylo t\u0159eba p\u0159ijmout a t\u011b\u0161it se z n\u00ed. B\u011bhem tis\u00edcilet\u00ed se primitivn\u00ed p\u0159\u00edst\u0159e\u0161ky vyvinuly \u2013 od jednoduch\u00fdch srub\u016f izolovan\u00fdch mechem a\u017e po slo\u017eit\u00e9 budovy \u2013 v\u017edy navr\u017een\u00e9 tak, aby udr\u017eovaly zimn\u00ed chlad a letn\u00ed horko venku. Je proto logick\u00e9, \u017ee spole\u010dnost PENOSIL vznikla pr\u00e1v\u011b v t\u011bchto n\u00e1ro\u010dn\u00fdch podm\u00ednk\u00e1ch.<\/p>\n\n\n\n<p>Dnes jsou inovativn\u00ed receptury a snadno pou\u017eiteln\u00e9 produkty PENOSIL vyvinuty tak, aby \u00fa\u010dinn\u011b fungovaly v ka\u017ed\u00e9 klimatick\u00e9 z\u00f3n\u011b a na ka\u017ed\u00e9m kontinentu. Jsme pr\u016fkopn\u00edky v na\u0161em oboru, v\u017edy p\u0159ij\u00edm\u00e1me v\u00fdzvy na\u0161eho prost\u0159ed\u00ed a posouv\u00e1me hranice.<\/p>\n<\/div>\n\n\n\n<div class=\"wp-block-column is-layout-flow wp-block-column-is-layout-flow\">\n<p>Energetick\u00e1 \u00fa\u010dinnost a udr\u017eiteln\u00e9 my\u0161len\u00ed se staly ned\u00edlnou sou\u010d\u00e1st\u00ed na\u0161ich \u017eivot\u016f. Produkty PENOSIL jsou pro jednotliv\u00e9ho u\u017eivatele mal\u00fdm, ale \u00fa\u010dinn\u00fdm krokem, pro lidstvo v\u0161ak p\u0159edstavuj\u00ed obrovsk\u00fd skok v \u00faspor\u00e1ch energie. Od velk\u00fdch komer\u010dn\u00edch projekt\u016f po jednotliv\u00e9 domy, na\u0161e produkty jsou prvn\u00ed volbou ve v\u00edce ne\u017e 40 zem\u00edch, kde z\u00e1le\u017e\u00ed na kvalit\u011b a plat\u00ed p\u0159\u00edsn\u00e9 stavebn\u00ed po\u017eadavky.<\/p>\n\n\n\n<p>Z\u00e1kony p\u0159\u00edrody n\u00e1m pomohly formovat to, k\u00fdm jsme dnes, a u\u010dinily n\u00e1s p\u0159izp\u016fsobiv\u00fdmi pro budoucnost, kter\u00e1 p\u0159ijde. <mark style=\"background-color:rgba(0, 0, 0, 0)\" class=\"has-inline-color has-vivid-red-color\"><a href=\"https:\/\/penosil.com\/cz\/wp-content\/uploads\/sites\/34\/2026\/02\/penosil-story-CZ.pdf\" target=\"_blank\" rel=\"noreferrer noopener\"><strong>P\u0159e\u010dt\u011bte si v\u00edce o historii spole\u010dnosti PENOSIL<\/strong><\/a>.<\/mark><\/p>\n<\/div>\n<\/div>\n\n\n\n<p><\/p>\n","protected":false},"excerpt":{"rendered":"V severoevropsk\u00e9m podneb\u00ed, kde vznikla spole\u010dnost PENOSIL, je po v\u011bt\u0161inu roku c\u00edtit v\u00fdrazn\u00fd chlad. P\u0159esto prvn\u00ed osadn\u00edci v tomto \u010dasto drsn\u00e9m prost\u0159ed\u00ed nevn\u00edmali chlad jako p\u0159ek\u00e1\u017eku, ale sp\u00ed\u0161e jako v\u00fdzvu, kterou bylo t\u0159eba p\u0159ijmout a t\u011b\u0161it se z n\u00ed. B\u011bhem tis\u00edcilet\u00ed se primitivn\u00ed p\u0159\u00edst\u0159e\u0161ky vyvinuly \u2013 od jednoduch\u00fdch srub\u016f izolovan\u00fdch mechem a\u017e po slo\u017eit\u00e9 budovy [&hellip;]","protected":false},"author":1,"featured_media":0,"parent":0,"menu_order":321,"comment_status":"closed","ping_status":"closed","template":"page-templates\/template-aboutus.php","meta":{"_acf_changed":false,"advgb_blocks_editor_width":"","advgb_blocks_columns_visual_guide":"","footnotes":""},"class_list":["post-29753","page","type-page","status-publish","hentry"],"acf":[],"yoast_head":"<!-- This site is optimized with the Yoast SEO plugin v27.2 - https:\/\/yoast.com\/product\/yoast-seo-wordpress\/ -->\n<title>O n\u00e1s - PENOSIL \u010cesk\u00e1 republika<\/title>\n<meta name=\"description\" content=\"PENOSIL je jednou z p\u0159edn\u00edch evropsk\u00fdch zna\u010dek v oblasti poskytov\u00e1n\u00ed energeticky \u00fa\u010dinn\u00fdch t\u011bsnic\u00edch a lepic\u00edch \u0159e\u0161en\u00ed. Zjist\u011bte o n\u00e1s v\u00edce!\" \/>\n<meta name=\"robots\" content=\"index, follow, max-snippet:-1, max-image-preview:large, max-video-preview:-1\" \/>\n<link rel=\"canonical\" href=\"https:\/\/penosil.com\/cz\/o-nas\/\" \/>\n<meta property=\"og:locale\" content=\"cs_CZ\" \/>\n<meta property=\"og:type\" content=\"article\" \/>\n<meta property=\"og:title\" content=\"O n\u00e1s - PENOSIL \u010cesk\u00e1 republika\" \/>\n<meta property=\"og:description\" content=\"PENOSIL je jednou z p\u0159edn\u00edch evropsk\u00fdch zna\u010dek v oblasti poskytov\u00e1n\u00ed energeticky \u00fa\u010dinn\u00fdch t\u011bsnic\u00edch a lepic\u00edch \u0159e\u0161en\u00ed. Zjist\u011bte o n\u00e1s v\u00edce!\" \/>\n<meta property=\"og:url\" content=\"https:\/\/penosil.com\/cz\/o-nas\/\" \/>\n<meta property=\"og:site_name\" content=\"Penosil \u010cesk\u00e1 Republika\" \/>\n<meta property=\"article:modified_time\" content=\"2026-02-13T13:12:30+00:00\" \/>\n<meta name=\"twitter:card\" content=\"summary_large_image\" \/>\n<meta name=\"twitter:label1\" content=\"Odhadovan\u00e1 doba \u010dten\u00ed\" \/>\n\t<meta name=\"twitter:data1\" content=\"2 minuty\" \/>\n<script type=\"application\/ld+json\" class=\"yoast-schema-graph\">{\"@context\":\"https:\/\/schema.org\",\"@graph\":[{\"@type\":\"WebPage\",\"@id\":\"https:\/\/penosil.com\/cz\/o-nas\/\",\"url\":\"https:\/\/penosil.com\/cz\/o-nas\/\",\"name\":\"O n\u00e1s - PENOSIL \u010cesk\u00e1 republika\",\"isPartOf\":{\"@id\":\"https:\/\/penosil.com\/cz\/#website\"},\"datePublished\":\"2019-07-24T13:17:19+00:00\",\"dateModified\":\"2026-02-13T13:12:30+00:00\",\"description\":\"PENOSIL je jednou z p\u0159edn\u00edch evropsk\u00fdch zna\u010dek v oblasti poskytov\u00e1n\u00ed energeticky \u00fa\u010dinn\u00fdch t\u011bsnic\u00edch a lepic\u00edch \u0159e\u0161en\u00ed. Zjist\u011bte o n\u00e1s v\u00edce!\",\"breadcrumb\":{\"@id\":\"https:\/\/penosil.com\/cz\/o-nas\/#breadcrumb\"},\"inLanguage\":\"cs\",\"potentialAction\":[{\"@type\":\"ReadAction\",\"target\":[\"https:\/\/penosil.com\/cz\/o-nas\/\"]}]},{\"@type\":\"BreadcrumbList\",\"@id\":\"https:\/\/penosil.com\/cz\/o-nas\/#breadcrumb\",\"itemListElement\":[{\"@type\":\"ListItem\",\"position\":1,\"name\":\"Home\",\"item\":\"https:\/\/penosil.com\/cz\/\"},{\"@type\":\"ListItem\",\"position\":2,\"name\":\"O n\u00e1s\"}]},{\"@type\":\"WebSite\",\"@id\":\"https:\/\/penosil.com\/cz\/#website\",\"url\":\"https:\/\/penosil.com\/cz\/\",\"name\":\"Penosil \u010cesk\u00e1 Republika\",\"description\":\"\",\"potentialAction\":[{\"@type\":\"SearchAction\",\"target\":{\"@type\":\"EntryPoint\",\"urlTemplate\":\"https:\/\/penosil.com\/cz\/?s={search_term_string}\"},\"query-input\":{\"@type\":\"PropertyValueSpecification\",\"valueRequired\":true,\"valueName\":\"search_term_string\"}}],\"inLanguage\":\"cs\"}]}<\/script>\n<!-- \/ Yoast SEO plugin. -->","yoast_head_json":{"title":"O n\u00e1s - PENOSIL \u010cesk\u00e1 republika","description":"PENOSIL je jednou z p\u0159edn\u00edch evropsk\u00fdch zna\u010dek v oblasti poskytov\u00e1n\u00ed energeticky \u00fa\u010dinn\u00fdch t\u011bsnic\u00edch a lepic\u00edch \u0159e\u0161en\u00ed. Zjist\u011bte o n\u00e1s v\u00edce!","robots":{"index":"index","follow":"follow","max-snippet":"max-snippet:-1","max-image-preview":"max-image-preview:large","max-video-preview":"max-video-preview:-1"},"canonical":"https:\/\/penosil.com\/cz\/o-nas\/","og_locale":"cs_CZ","og_type":"article","og_title":"O n\u00e1s - PENOSIL \u010cesk\u00e1 republika","og_description":"PENOSIL je jednou z p\u0159edn\u00edch evropsk\u00fdch zna\u010dek v oblasti poskytov\u00e1n\u00ed energeticky \u00fa\u010dinn\u00fdch t\u011bsnic\u00edch a lepic\u00edch \u0159e\u0161en\u00ed. Zjist\u011bte o n\u00e1s v\u00edce!","og_url":"https:\/\/penosil.com\/cz\/o-nas\/","og_site_name":"Penosil \u010cesk\u00e1 Republika","article_modified_time":"2026-02-13T13:12:30+00:00","twitter_card":"summary_large_image","twitter_misc":{"Odhadovan\u00e1 doba \u010dten\u00ed":"2 minuty"},"schema":{"@context":"https:\/\/schema.org","@graph":[{"@type":"WebPage","@id":"https:\/\/penosil.com\/cz\/o-nas\/","url":"https:\/\/penosil.com\/cz\/o-nas\/","name":"O n\u00e1s - PENOSIL \u010cesk\u00e1 republika","isPartOf":{"@id":"https:\/\/penosil.com\/cz\/#website"},"datePublished":"2019-07-24T13:17:19+00:00","dateModified":"2026-02-13T13:12:30+00:00","description":"PENOSIL je jednou z p\u0159edn\u00edch evropsk\u00fdch zna\u010dek v oblasti poskytov\u00e1n\u00ed energeticky \u00fa\u010dinn\u00fdch t\u011bsnic\u00edch a lepic\u00edch \u0159e\u0161en\u00ed. Zjist\u011bte o n\u00e1s v\u00edce!","breadcrumb":{"@id":"https:\/\/penosil.com\/cz\/o-nas\/#breadcrumb"},"inLanguage":"cs","potentialAction":[{"@type":"ReadAction","target":["https:\/\/penosil.com\/cz\/o-nas\/"]}]},{"@type":"BreadcrumbList","@id":"https:\/\/penosil.com\/cz\/o-nas\/#breadcrumb","itemListElement":[{"@type":"ListItem","position":1,"name":"Home","item":"https:\/\/penosil.com\/cz\/"},{"@type":"ListItem","position":2,"name":"O n\u00e1s"}]},{"@type":"WebSite","@id":"https:\/\/penosil.com\/cz\/#website","url":"https:\/\/penosil.com\/cz\/","name":"Penosil \u010cesk\u00e1 Republika","description":"","potentialAction":[{"@type":"SearchAction","target":{"@type":"EntryPoint","urlTemplate":"https:\/\/penosil.com\/cz\/?s={search_term_string}"},"query-input":{"@type":"PropertyValueSpecification","valueRequired":true,"valueName":"search_term_string"}}],"inLanguage":"cs"}]}},"coauthors":[],"author_meta":{"author_link":"https:\/\/penosil.com\/cz\/author\/reaktiiv-pe\/","display_name":"reaktiiv-pe"},"relative_dates":{"created":"Posted 7 roky ago","modified":"Updated 2 m\u011bs\u00edce ago"},"absolute_dates":{"created":"Posted on 24. 7. 2019","modified":"Updated on 13. 2. 2026"},"absolute_dates_time":{"created":"Posted on 24. 7. 2019 13:17","modified":"Updated on 13. 2. 2026 14:12"},"featured_img_caption":"","featured_img":false,"series_order":"","_links":{"self":[{"href":"https:\/\/penosil.com\/cz\/wp-json\/wp\/v2\/pages\/29753","targetHints":{"allow":["GET"]}}],"collection":[{"href":"https:\/\/penosil.com\/cz\/wp-json\/wp\/v2\/pages"}],"about":[{"href":"https:\/\/penosil.com\/cz\/wp-json\/wp\/v2\/types\/page"}],"author":[{"embeddable":true,"href":"https:\/\/penosil.com\/cz\/wp-json\/wp\/v2\/users\/1"}],"replies":[{"embeddable":true,"href":"https:\/\/penosil.com\/cz\/wp-json\/wp\/v2\/comments?post=29753"}],"version-history":[{"count":58,"href":"https:\/\/penosil.com\/cz\/wp-json\/wp\/v2\/pages\/29753\/revisions"}],"predecessor-version":[{"id":33986,"href":"https:\/\/penosil.com\/cz\/wp-json\/wp\/v2\/pages\/29753\/revisions\/33986"}],"wp:attachment":[{"href":"https:\/\/penosil.com\/cz\/wp-json\/wp\/v2\/media?parent=29753"}],"curies":[{"name":"wp","href":"https:\/\/api.w.org\/{rel}","templated":true}]}}