{"id":29755,"date":"2019-07-24T13:17:09","date_gmt":"2019-07-24T13:17:09","guid":{"rendered":"https:\/\/penosil.com\/cz\/knowledge-centre\/"},"modified":"2025-12-05T08:47:12","modified_gmt":"2025-12-05T07:47:12","slug":"centrum-znalosti","status":"publish","type":"page","link":"https:\/\/penosil.com\/cz\/centrum-znalosti\/","title":{"rendered":"Centrum znalost\u00ed"},"content":{"rendered":"\n<div class=\"wp-block-columns has-3-columns is-layout-flex wp-container-core-columns-is-layout-9d6595d7 wp-block-columns-is-layout-flex\">\n<div class=\"wp-block-column is-layout-flow wp-block-column-is-layout-flow\"><article id=\"pnsl-contact-block_f62a33117d1ff279a93140635c1b75b2\" class=\"pnsl-information-block\" role=\"article\" aria-labelledby=\"pnsl-contact-block_f62a33117d1ff279a93140635c1b75b2-title\">\n         <div class=\"pnsl-list-item d-flex align-items-center justify-content-between flex-column\">\n         <div class=\"lst-item-cnt\">\n            <!-- Single comprehensive link wrapping all content for better accessibility -->\n            <a href=\"https:\/\/penosil.com\/cz\/videa\/\"\n               class=\"information-block-link\"\n                              aria-label=\"View Videa\"\n               >\n\n                                                   <div class=\"lst-item-image d-flex align-items-end justify-content-center\">\n                     <img decoding=\"async\" src=\"https:\/\/penosil.com\/cz\/wp-content\/uploads\/sites\/34\/2019\/08\/videos-1.svg\"\n                        alt=\"Image for Videa\"\n                        role=\"presentation\" \/>\n                  <\/div>\n               \n               <div class=\"information-block-header\">\n                  <h2 id=\"pnsl-contact-block_f62a33117d1ff279a93140635c1b75b2-title\">Videa<\/h2>\n               <\/div>\n                                 <div class=\"information-block-content\"><p>Nav\u0161tivte video-kan\u00e1l PENOSIL a zjist\u011bte, jak pou\u017e\u00edvat na\u0161e produkty, co je nov\u00e9ho a jak\u00e9 jsou trendy ve sv\u011bt\u011b stavebnictv\u00ed. Vyhledejte videa od profesion\u00e1ln\u00edho pou\u017eit\u00ed a\u017e po \u0159e\u0161en\u00ed pro kutily, v\u0161e na jednom m\u00edst\u011b.<\/p>\n<\/div>\n                              \n               <!-- Button styled element inside the parent link - maintains accessibility and styling -->\n               <div class=\"lst-item-btn\">\n                  <span class=\"btn rbtn\">\n                     Sledujte videa                  <\/span>\n               <\/div>\n               \n                           <\/a>\n         <\/div>\n      <\/div>\n   <\/article><\/div>\n\n\n\n<div class=\"wp-block-column is-layout-flow wp-block-column-is-layout-flow\"><article id=\"pnsl-contact-block_8301a5667772480b048e2d4bdea9fddd\" class=\"pnsl-information-block\" role=\"article\" aria-labelledby=\"pnsl-contact-block_8301a5667772480b048e2d4bdea9fddd-title\">\n         <div class=\"pnsl-list-item d-flex align-items-center justify-content-between flex-column\">\n         <div class=\"lst-item-cnt\">\n            <!-- Single comprehensive link wrapping all content for better accessibility -->\n            <a href=\"https:\/\/penosil.com\/cz\/centrum-znalosti\/dokumenty\/\"\n               class=\"information-block-link\"\n                              aria-label=\"View Dokumenty\"\n               >\n\n                                                   <div class=\"lst-item-image d-flex align-items-end justify-content-center\">\n                     <img decoding=\"async\" src=\"https:\/\/penosil.com\/cz\/wp-content\/uploads\/sites\/34\/2019\/08\/manuals-1.svg\"\n                        alt=\"Image for Dokumenty\"\n                        role=\"presentation\" \/>\n                  <\/div>\n               \n               <div class=\"information-block-header\">\n                  <h2 id=\"pnsl-contact-block_8301a5667772480b048e2d4bdea9fddd-title\">Dokumenty<\/h2>\n               <\/div>\n                                 <div class=\"information-block-content\"><p>St\u00e1hn\u011bte si technick\u00e9 listy, bezpe\u010dnostn\u00ed listy, prohl\u00e1\u0161en\u00ed o shod\u011b a certifik\u00e1ty produkt\u016f PENOSIL.<\/p>\n<\/div>\n                              \n               <!-- Button styled element inside the parent link - maintains accessibility and styling -->\n               <div class=\"lst-item-btn\">\n                  <span class=\"btn rbtn\">\n                     Prohl\u00e9dn\u011bte si dokumenty                  <\/span>\n               <\/div>\n               \n                           <\/a>\n         <\/div>\n      <\/div>\n   <\/article>\n\n\n<p><\/p>\n<\/div>\n\n\n\n<div class=\"wp-block-column is-layout-flow wp-block-column-is-layout-flow\"><article id=\"pnsl-contact-block_cf30c46059baaedf92fb5162b5132c16\" class=\"pnsl-information-block\" role=\"article\" aria-labelledby=\"pnsl-contact-block_cf30c46059baaedf92fb5162b5132c16-title\">\n         <div class=\"pnsl-list-item d-flex align-items-center justify-content-between flex-column\">\n         <div class=\"lst-item-cnt\">\n            <!-- Single comprehensive link wrapping all content for better accessibility -->\n            <a href=\"https:\/\/penosil.com\/cz\/centrum-znalosti\/katalogy\/\"\n               class=\"information-block-link\"\n                              aria-label=\"View Katalogy\"\n               >\n\n                                                   <div class=\"lst-item-image d-flex align-items-end justify-content-center\">\n                     <img decoding=\"async\" src=\"https:\/\/penosil.com\/cz\/wp-content\/uploads\/sites\/34\/2019\/10\/pruoddcu_manual.svg\"\n                        alt=\"Image for Katalogy\"\n                        role=\"presentation\" \/>\n                  <\/div>\n               \n               <div class=\"information-block-header\">\n                  <h2 id=\"pnsl-contact-block_cf30c46059baaedf92fb5162b5132c16-title\">Katalogy<\/h2>\n               <\/div>\n                                 <div class=\"information-block-content\"><p>Knihovna PENOSIL odborn\u00fdch znalost\u00ed a pomocn\u00fdch materi\u00e1l\u016f pro pou\u017eit\u00ed produkt\u016f PENOSIL ve slo\u017eit\u011bj\u0161\u00edch stavebn\u00edch projektech.<\/p>\n<\/div>\n                              \n               <!-- Button styled element inside the parent link - maintains accessibility and styling -->\n               <div class=\"lst-item-btn\">\n                  <span class=\"btn rbtn\">\n                     Prohl\u00e9dn\u011bte si katalogy                  <\/span>\n               <\/div>\n               \n                           <\/a>\n         <\/div>\n      <\/div>\n   <\/article><\/div>\n<\/div>\n\n\n\n<div class=\"wp-block-columns has-3-columns is-layout-flex wp-container-core-columns-is-layout-9d6595d7 wp-block-columns-is-layout-flex\">\n<div class=\"wp-block-column is-layout-flow wp-block-column-is-layout-flow\"><article id=\"pnsl-contact-block_d503290f6a3946c093b5c7aada390f90\" class=\"pnsl-information-block\" role=\"article\" aria-labelledby=\"pnsl-contact-block_d503290f6a3946c093b5c7aada390f90-title\">\n         <div class=\"pnsl-list-item d-flex align-items-center justify-content-between flex-column\">\n         <div class=\"lst-item-cnt\">\n            <!-- Single comprehensive link wrapping all content for better accessibility -->\n            <a href=\"https:\/\/penosil.com\/cz\/centrum-znalosti\/kalkulacky\/\"\n               class=\"information-block-link\"\n                              aria-label=\"View Kalkul\u00e1tory\"\n               >\n\n                                                   <div class=\"lst-item-image d-flex align-items-end justify-content-center\">\n                     <img decoding=\"async\" src=\"https:\/\/penosil.com\/cz\/wp-content\/uploads\/sites\/34\/2019\/08\/calculator.svg\"\n                        alt=\"Image for Kalkul\u00e1tory\"\n                        role=\"presentation\" \/>\n                  <\/div>\n               \n               <div class=\"information-block-header\">\n                  <h2 id=\"pnsl-contact-block_d503290f6a3946c093b5c7aada390f90-title\">Kalkul\u00e1tory<\/h2>\n               <\/div>\n                                 <div class=\"information-block-content\"><p>Myslete ekologicky a pomoc\u00ed na\u0161ich n\u00e1stroj\u016f snadno vypo\u010d\u00edtejte spot\u0159ebu materi\u00e1lu, abyste minimalizovali odpad.<\/p>\n<\/div>\n                              \n               <!-- Button styled element inside the parent link - maintains accessibility and styling -->\n               <div class=\"lst-item-btn\">\n                  <span class=\"btn rbtn\">\n                     P\u0159ejd\u011bte ke kalkul\u00e1tor\u016fm                  <\/span>\n               <\/div>\n               \n                           <\/a>\n         <\/div>\n      <\/div>\n   <\/article><\/div>\n\n\n\n<div class=\"wp-block-column is-layout-flow wp-block-column-is-layout-flow\"><article id=\"pnsl-contact-block_8787004eeedcf6b25df55400001a36e1\" class=\"pnsl-information-block\" role=\"article\" aria-labelledby=\"pnsl-contact-block_8787004eeedcf6b25df55400001a36e1-title\">\n         <div class=\"pnsl-list-item d-flex align-items-center justify-content-between flex-column\">\n         <div class=\"lst-item-cnt\">\n            <!-- Single comprehensive link wrapping all content for better accessibility -->\n            <a href=\"https:\/\/penosil.com\/cz\/centrum-znalosti\/vzdelavaci-clanky\/\"\n               class=\"information-block-link\"\n                              aria-label=\"View Vzd\u011bl\u00e1vac\u00ed \u010dl\u00e1nky\"\n               >\n\n                                                   <div class=\"lst-item-image d-flex align-items-end justify-content-center\">\n                     <img decoding=\"async\" src=\"https:\/\/penosil.com\/cz\/wp-content\/uploads\/sites\/34\/2019\/10\/artiklid.svg\"\n                        alt=\"Image for Vzd\u011bl\u00e1vac\u00ed \u010dl\u00e1nky\"\n                        role=\"presentation\" \/>\n                  <\/div>\n               \n               <div class=\"information-block-header\">\n                  <h2 id=\"pnsl-contact-block_8787004eeedcf6b25df55400001a36e1-title\">Vzd\u011bl\u00e1vac\u00ed \u010dl\u00e1nky<\/h2>\n               <\/div>\n                                 <div class=\"information-block-content\"><p>Zde najdete poutav\u00e9 informace o energeticky \u00fasporn\u00fdch a ekologicky \u0161etrn\u00fdch stavb\u00e1ch, rovn\u011b\u017e o v\u00fdvoji materi\u00e1l\u016f v chemick\u00e9m a stavebn\u00edm pr\u016fmyslu.<\/p>\n<\/div>\n                              \n               <!-- Button styled element inside the parent link - maintains accessibility and styling -->\n               <div class=\"lst-item-btn\">\n                  <span class=\"btn rbtn\">\n                     P\u0159e\u010dt\u011bte si vzd\u011bl\u00e1vac\u00ed \u010dl\u00e1nky                  <\/span>\n               <\/div>\n               \n                           <\/a>\n         <\/div>\n      <\/div>\n   <\/article><\/div>\n\n\n\n<div class=\"wp-block-column is-layout-flow wp-block-column-is-layout-flow\"><article id=\"pnsl-contact-block_b61cc461bd1572e9890f4b3f9de4e68a\" class=\"pnsl-information-block\" role=\"article\" aria-labelledby=\"pnsl-contact-block_b61cc461bd1572e9890f4b3f9de4e68a-title\">\n         <div class=\"pnsl-list-item d-flex align-items-center justify-content-between flex-column\">\n         <div class=\"lst-item-cnt\">\n            <!-- Single comprehensive link wrapping all content for better accessibility -->\n            <a href=\"https:\/\/penosil.com\/cz\/centrum-znalosti\/architektonicke-vykresy\/\"\n               class=\"information-block-link\"\n                              aria-label=\"View Technick\u00e9 v\u00fdkresy\"\n               >\n\n                                                   <div class=\"lst-item-image d-flex align-items-end justify-content-center\">\n                     <img decoding=\"async\" src=\"https:\/\/penosil.com\/cz\/wp-content\/uploads\/sites\/34\/2019\/10\/joonis-e1571403880736.png\"\n                        alt=\"Image for Technick\u00e9 v\u00fdkresy\"\n                        role=\"presentation\" \/>\n                  <\/div>\n               \n               <div class=\"information-block-header\">\n                  <h2 id=\"pnsl-contact-block_b61cc461bd1572e9890f4b3f9de4e68a-title\">Technick\u00e9 v\u00fdkresy<\/h2>\n               <\/div>\n                                 <div class=\"information-block-content\"><p>V\u00fdkresy stavebn\u00edch jednotek pro r\u016fzn\u00e9 typy budov ve form\u00e1tu PDF a DWG.<\/p>\n<\/div>\n                              \n               <!-- Button styled element inside the parent link - maintains accessibility and styling -->\n               <div class=\"lst-item-btn\">\n                  <span class=\"btn rbtn\">\n                     Prohl\u00e9dn\u011bte si technick\u00e9 v\u00fdkresy                  <\/span>\n               <\/div>\n               \n                           <\/a>\n         <\/div>\n      <\/div>\n   <\/article><\/div>\n<\/div>\n\n\n\n<div class=\"wp-block-columns is-layout-flex wp-container-core-columns-is-layout-9d6595d7 wp-block-columns-is-layout-flex\">\n<div class=\"wp-block-column is-layout-flow wp-block-column-is-layout-flow\"><article id=\"pnsl-contact-block_e0c1afa9cd117369248b6e4493be73e2\" class=\"pnsl-information-block\" role=\"article\" aria-labelledby=\"pnsl-contact-block_e0c1afa9cd117369248b6e4493be73e2-title\">\n         <div class=\"pnsl-list-item d-flex align-items-center justify-content-between flex-column\">\n         <div class=\"lst-item-cnt\">\n            <!-- Single comprehensive link wrapping all content for better accessibility -->\n            <a href=\"https:\/\/penosil.com\/cz\/centrum-znalosti\/caste-dotazy\/\"\n               class=\"information-block-link\"\n                              aria-label=\"View \u010cast\u00e9 dotazy\"\n               >\n\n                                                   <div class=\"lst-item-image d-flex align-items-end justify-content-center\">\n                     <img decoding=\"async\" src=\"https:\/\/penosil.com\/cz\/wp-content\/uploads\/sites\/34\/2021\/08\/faq.svg\"\n                        alt=\"Image for \u010cast\u00e9 dotazy\"\n                        role=\"presentation\" \/>\n                  <\/div>\n               \n               <div class=\"information-block-header\">\n                  <h2 id=\"pnsl-contact-block_e0c1afa9cd117369248b6e4493be73e2-title\">\u010cast\u00e9 dotazy<\/h2>\n               <\/div>\n                                 <div class=\"information-block-content\"><p>V\u00edtejte v na\u0161ich \u010casto kladen\u00fdch ot\u00e1zk\u00e1ch, kde m\u016f\u017eete naj\u00edt odborn\u00e9 tipy a odpov\u011bdi na ot\u00e1zky t\u00fdkaj\u00edc\u00ed se va\u0161eho produktu PENOSIL.<\/p>\n<\/div>\n                              \n               <!-- Button styled element inside the parent link - maintains accessibility and styling -->\n               <div class=\"lst-item-btn\">\n                  <span class=\"btn rbtn\">\n                     Naj\u00edt odpov\u011bd                  <\/span>\n               <\/div>\n               \n                           <\/a>\n         <\/div>\n      <\/div>\n   <\/article><\/div>\n\n\n\n<div class=\"wp-block-column is-layout-flow wp-block-column-is-layout-flow\"><\/div>\n\n\n\n<div class=\"wp-block-column is-layout-flow wp-block-column-is-layout-flow\"><\/div>\n<\/div>\n\n\n\n<p><\/p>\n","protected":false},"excerpt":{"rendered":"","protected":false},"author":1,"featured_media":0,"parent":0,"menu_order":334,"comment_status":"closed","ping_status":"closed","template":"page-templates\/template-knowledge.php","meta":{"_acf_changed":false,"advgb_blocks_editor_width":"","advgb_blocks_columns_visual_guide":"","footnotes":""},"class_list":["post-29755","page","type-page","status-publish","hentry"],"acf":[],"yoast_head":"<!-- This site is optimized with the Yoast SEO plugin v27.2 - https:\/\/yoast.com\/product\/yoast-seo-wordpress\/ -->\n<title>Znalostn\u00ed centrum - PENOSIL \u010cesk\u00e1 republika<\/title>\n<meta name=\"description\" content=\"V\u00edtejte ve znalostn\u00edm centru, kde najdete videa, dokumenty, produktov\u00e9 know-how, kalkula\u010dky, \u010dl\u00e1nky a architektonick\u00e9 v\u00fdkresy.\" \/>\n<meta name=\"robots\" content=\"index, follow, max-snippet:-1, max-image-preview:large, max-video-preview:-1\" \/>\n<link rel=\"canonical\" href=\"https:\/\/penosil.com\/cz\/centrum-znalosti\/\" \/>\n<meta property=\"og:locale\" content=\"cs_CZ\" \/>\n<meta property=\"og:type\" content=\"article\" \/>\n<meta property=\"og:title\" content=\"Znalostn\u00ed centrum - PENOSIL \u010cesk\u00e1 republika\" \/>\n<meta property=\"og:description\" content=\"V\u00edtejte ve znalostn\u00edm centru, kde najdete videa, dokumenty, produktov\u00e9 know-how, kalkula\u010dky, \u010dl\u00e1nky a architektonick\u00e9 v\u00fdkresy.\" \/>\n<meta property=\"og:url\" content=\"https:\/\/penosil.com\/cz\/centrum-znalosti\/\" \/>\n<meta property=\"og:site_name\" content=\"Penosil \u010cesk\u00e1 Republika\" \/>\n<meta property=\"article:modified_time\" content=\"2025-12-05T07:47:12+00:00\" \/>\n<meta name=\"twitter:card\" content=\"summary_large_image\" \/>\n<meta name=\"twitter:label1\" content=\"Odhadovan\u00e1 doba \u010dten\u00ed\" \/>\n\t<meta name=\"twitter:data1\" content=\"1 minuta\" \/>\n<script type=\"application\/ld+json\" class=\"yoast-schema-graph\">{\"@context\":\"https:\/\/schema.org\",\"@graph\":[{\"@type\":\"WebPage\",\"@id\":\"https:\/\/penosil.com\/cz\/centrum-znalosti\/\",\"url\":\"https:\/\/penosil.com\/cz\/centrum-znalosti\/\",\"name\":\"Znalostn\u00ed centrum - PENOSIL \u010cesk\u00e1 republika\",\"isPartOf\":{\"@id\":\"https:\/\/penosil.com\/cz\/#website\"},\"datePublished\":\"2019-07-24T13:17:09+00:00\",\"dateModified\":\"2025-12-05T07:47:12+00:00\",\"description\":\"V\u00edtejte ve znalostn\u00edm centru, kde najdete videa, dokumenty, produktov\u00e9 know-how, kalkula\u010dky, \u010dl\u00e1nky a architektonick\u00e9 v\u00fdkresy.\",\"breadcrumb\":{\"@id\":\"https:\/\/penosil.com\/cz\/centrum-znalosti\/#breadcrumb\"},\"inLanguage\":\"cs\",\"potentialAction\":[{\"@type\":\"ReadAction\",\"target\":[\"https:\/\/penosil.com\/cz\/centrum-znalosti\/\"]}]},{\"@type\":\"BreadcrumbList\",\"@id\":\"https:\/\/penosil.com\/cz\/centrum-znalosti\/#breadcrumb\",\"itemListElement\":[{\"@type\":\"ListItem\",\"position\":1,\"name\":\"Home\",\"item\":\"https:\/\/penosil.com\/cz\/\"},{\"@type\":\"ListItem\",\"position\":2,\"name\":\"Centrum znalost\u00ed\"}]},{\"@type\":\"WebSite\",\"@id\":\"https:\/\/penosil.com\/cz\/#website\",\"url\":\"https:\/\/penosil.com\/cz\/\",\"name\":\"Penosil \u010cesk\u00e1 Republika\",\"description\":\"\",\"potentialAction\":[{\"@type\":\"SearchAction\",\"target\":{\"@type\":\"EntryPoint\",\"urlTemplate\":\"https:\/\/penosil.com\/cz\/?s={search_term_string}\"},\"query-input\":{\"@type\":\"PropertyValueSpecification\",\"valueRequired\":true,\"valueName\":\"search_term_string\"}}],\"inLanguage\":\"cs\"}]}<\/script>\n<!-- \/ Yoast SEO plugin. -->","yoast_head_json":{"title":"Znalostn\u00ed centrum - PENOSIL \u010cesk\u00e1 republika","description":"V\u00edtejte ve znalostn\u00edm centru, kde najdete videa, dokumenty, produktov\u00e9 know-how, kalkula\u010dky, \u010dl\u00e1nky a architektonick\u00e9 v\u00fdkresy.","robots":{"index":"index","follow":"follow","max-snippet":"max-snippet:-1","max-image-preview":"max-image-preview:large","max-video-preview":"max-video-preview:-1"},"canonical":"https:\/\/penosil.com\/cz\/centrum-znalosti\/","og_locale":"cs_CZ","og_type":"article","og_title":"Znalostn\u00ed centrum - PENOSIL \u010cesk\u00e1 republika","og_description":"V\u00edtejte ve znalostn\u00edm centru, kde najdete videa, dokumenty, produktov\u00e9 know-how, kalkula\u010dky, \u010dl\u00e1nky a architektonick\u00e9 v\u00fdkresy.","og_url":"https:\/\/penosil.com\/cz\/centrum-znalosti\/","og_site_name":"Penosil \u010cesk\u00e1 Republika","article_modified_time":"2025-12-05T07:47:12+00:00","twitter_card":"summary_large_image","twitter_misc":{"Odhadovan\u00e1 doba \u010dten\u00ed":"1 minuta"},"schema":{"@context":"https:\/\/schema.org","@graph":[{"@type":"WebPage","@id":"https:\/\/penosil.com\/cz\/centrum-znalosti\/","url":"https:\/\/penosil.com\/cz\/centrum-znalosti\/","name":"Znalostn\u00ed centrum - PENOSIL \u010cesk\u00e1 republika","isPartOf":{"@id":"https:\/\/penosil.com\/cz\/#website"},"datePublished":"2019-07-24T13:17:09+00:00","dateModified":"2025-12-05T07:47:12+00:00","description":"V\u00edtejte ve znalostn\u00edm centru, kde najdete videa, dokumenty, produktov\u00e9 know-how, kalkula\u010dky, \u010dl\u00e1nky a architektonick\u00e9 v\u00fdkresy.","breadcrumb":{"@id":"https:\/\/penosil.com\/cz\/centrum-znalosti\/#breadcrumb"},"inLanguage":"cs","potentialAction":[{"@type":"ReadAction","target":["https:\/\/penosil.com\/cz\/centrum-znalosti\/"]}]},{"@type":"BreadcrumbList","@id":"https:\/\/penosil.com\/cz\/centrum-znalosti\/#breadcrumb","itemListElement":[{"@type":"ListItem","position":1,"name":"Home","item":"https:\/\/penosil.com\/cz\/"},{"@type":"ListItem","position":2,"name":"Centrum znalost\u00ed"}]},{"@type":"WebSite","@id":"https:\/\/penosil.com\/cz\/#website","url":"https:\/\/penosil.com\/cz\/","name":"Penosil \u010cesk\u00e1 Republika","description":"","potentialAction":[{"@type":"SearchAction","target":{"@type":"EntryPoint","urlTemplate":"https:\/\/penosil.com\/cz\/?s={search_term_string}"},"query-input":{"@type":"PropertyValueSpecification","valueRequired":true,"valueName":"search_term_string"}}],"inLanguage":"cs"}]}},"coauthors":[],"author_meta":{"author_link":"https:\/\/penosil.com\/cz\/author\/reaktiiv-pe\/","display_name":"reaktiiv-pe"},"relative_dates":{"created":"Posted 7 roky ago","modified":"Updated 4 m\u011bs\u00edce ago"},"absolute_dates":{"created":"Posted on 24. 7. 2019","modified":"Updated on 5. 12. 2025"},"absolute_dates_time":{"created":"Posted on 24. 7. 2019 13:17","modified":"Updated on 5. 12. 2025 8:47"},"featured_img_caption":"","featured_img":false,"series_order":"","_links":{"self":[{"href":"https:\/\/penosil.com\/cz\/wp-json\/wp\/v2\/pages\/29755","targetHints":{"allow":["GET"]}}],"collection":[{"href":"https:\/\/penosil.com\/cz\/wp-json\/wp\/v2\/pages"}],"about":[{"href":"https:\/\/penosil.com\/cz\/wp-json\/wp\/v2\/types\/page"}],"author":[{"embeddable":true,"href":"https:\/\/penosil.com\/cz\/wp-json\/wp\/v2\/users\/1"}],"replies":[{"embeddable":true,"href":"https:\/\/penosil.com\/cz\/wp-json\/wp\/v2\/comments?post=29755"}],"version-history":[{"count":24,"href":"https:\/\/penosil.com\/cz\/wp-json\/wp\/v2\/pages\/29755\/revisions"}],"predecessor-version":[{"id":33852,"href":"https:\/\/penosil.com\/cz\/wp-json\/wp\/v2\/pages\/29755\/revisions\/33852"}],"wp:attachment":[{"href":"https:\/\/penosil.com\/cz\/wp-json\/wp\/v2\/media?parent=29755"}],"curies":[{"name":"wp","href":"https:\/\/api.w.org\/{rel}","templated":true}]}}