{"id":29757,"date":"2019-07-24T13:16:52","date_gmt":"2019-07-24T13:16:52","guid":{"rendered":"https:\/\/penosil.com\/cz\/solutions\/"},"modified":"2023-03-30T09:24:36","modified_gmt":"2023-03-30T09:24:36","slug":"stavebni-reseni","status":"publish","type":"page","link":"https:\/\/penosil.com\/cz\/stavebni-reseni\/","title":{"rendered":"\u0158e\u0161en\u00ed"},"content":{"rendered":"\n<p><\/p>\n\n\n\n<p><\/p>\n","protected":false},"excerpt":{"rendered":"","protected":false},"author":1,"featured_media":0,"parent":0,"menu_order":344,"comment_status":"closed","ping_status":"closed","template":"page-templates\/template-solutions.php","meta":{"_acf_changed":false,"advgb_blocks_editor_width":"","advgb_blocks_columns_visual_guide":"","footnotes":""},"class_list":["post-29757","page","type-page","status-publish","hentry"],"acf":[],"yoast_head":"<!-- This site is optimized with the Yoast SEO plugin v27.2 - https:\/\/yoast.com\/product\/yoast-seo-wordpress\/ -->\n<title>Energeticky \u00fa\u010dinn\u00e1 stavebn\u00ed \u0159e\u0161en\u00ed - PENOSIL \u010cesk\u00e1 republika<\/title>\n<meta name=\"description\" content=\"Objevte energeticky \u00fasporn\u00e1, ekologick\u00e1 a bezpe\u010dn\u00e1 stavebn\u00ed \u0159e\u0161en\u00ed PENOSIL pro budovy - \u0160ET\u0158\u00cdME ENERGII.\" \/>\n<meta name=\"robots\" content=\"index, follow, max-snippet:-1, max-image-preview:large, max-video-preview:-1\" \/>\n<link rel=\"canonical\" href=\"https:\/\/penosil.com\/cz\/stavebni-reseni\/\" \/>\n<meta property=\"og:locale\" content=\"cs_CZ\" \/>\n<meta property=\"og:type\" content=\"article\" \/>\n<meta property=\"og:title\" content=\"Energeticky \u00fa\u010dinn\u00e1 stavebn\u00ed \u0159e\u0161en\u00ed - PENOSIL \u010cesk\u00e1 republika\" \/>\n<meta property=\"og:description\" content=\"Objevte energeticky \u00fasporn\u00e1, ekologick\u00e1 a bezpe\u010dn\u00e1 stavebn\u00ed \u0159e\u0161en\u00ed PENOSIL pro budovy - \u0160ET\u0158\u00cdME ENERGII.\" \/>\n<meta property=\"og:url\" content=\"https:\/\/penosil.com\/cz\/stavebni-reseni\/\" \/>\n<meta property=\"og:site_name\" content=\"Penosil \u010cesk\u00e1 Republika\" \/>\n<meta property=\"article:modified_time\" content=\"2023-03-30T09:24:36+00:00\" \/>\n<meta name=\"twitter:card\" content=\"summary_large_image\" \/>\n<script type=\"application\/ld+json\" class=\"yoast-schema-graph\">{\"@context\":\"https:\/\/schema.org\",\"@graph\":[{\"@type\":\"WebPage\",\"@id\":\"https:\/\/penosil.com\/cz\/stavebni-reseni\/\",\"url\":\"https:\/\/penosil.com\/cz\/stavebni-reseni\/\",\"name\":\"Energeticky \u00fa\u010dinn\u00e1 stavebn\u00ed \u0159e\u0161en\u00ed - PENOSIL \u010cesk\u00e1 republika\",\"isPartOf\":{\"@id\":\"https:\/\/penosil.com\/cz\/#website\"},\"datePublished\":\"2019-07-24T13:16:52+00:00\",\"dateModified\":\"2023-03-30T09:24:36+00:00\",\"description\":\"Objevte energeticky \u00fasporn\u00e1, ekologick\u00e1 a bezpe\u010dn\u00e1 stavebn\u00ed \u0159e\u0161en\u00ed PENOSIL pro budovy - \u0160ET\u0158\u00cdME ENERGII.\",\"breadcrumb\":{\"@id\":\"https:\/\/penosil.com\/cz\/stavebni-reseni\/#breadcrumb\"},\"inLanguage\":\"cs\",\"potentialAction\":[{\"@type\":\"ReadAction\",\"target\":[\"https:\/\/penosil.com\/cz\/stavebni-reseni\/\"]}]},{\"@type\":\"BreadcrumbList\",\"@id\":\"https:\/\/penosil.com\/cz\/stavebni-reseni\/#breadcrumb\",\"itemListElement\":[{\"@type\":\"ListItem\",\"position\":1,\"name\":\"Home\",\"item\":\"https:\/\/penosil.com\/cz\/\"},{\"@type\":\"ListItem\",\"position\":2,\"name\":\"\u0158e\u0161en\u00ed\"}]},{\"@type\":\"WebSite\",\"@id\":\"https:\/\/penosil.com\/cz\/#website\",\"url\":\"https:\/\/penosil.com\/cz\/\",\"name\":\"Penosil \u010cesk\u00e1 Republika\",\"description\":\"\",\"potentialAction\":[{\"@type\":\"SearchAction\",\"target\":{\"@type\":\"EntryPoint\",\"urlTemplate\":\"https:\/\/penosil.com\/cz\/?s={search_term_string}\"},\"query-input\":{\"@type\":\"PropertyValueSpecification\",\"valueRequired\":true,\"valueName\":\"search_term_string\"}}],\"inLanguage\":\"cs\"}]}<\/script>\n<!-- \/ Yoast SEO plugin. -->","yoast_head_json":{"title":"Energeticky \u00fa\u010dinn\u00e1 stavebn\u00ed \u0159e\u0161en\u00ed - PENOSIL \u010cesk\u00e1 republika","description":"Objevte energeticky \u00fasporn\u00e1, ekologick\u00e1 a bezpe\u010dn\u00e1 stavebn\u00ed \u0159e\u0161en\u00ed PENOSIL pro budovy - \u0160ET\u0158\u00cdME ENERGII.","robots":{"index":"index","follow":"follow","max-snippet":"max-snippet:-1","max-image-preview":"max-image-preview:large","max-video-preview":"max-video-preview:-1"},"canonical":"https:\/\/penosil.com\/cz\/stavebni-reseni\/","og_locale":"cs_CZ","og_type":"article","og_title":"Energeticky \u00fa\u010dinn\u00e1 stavebn\u00ed \u0159e\u0161en\u00ed - PENOSIL \u010cesk\u00e1 republika","og_description":"Objevte energeticky \u00fasporn\u00e1, ekologick\u00e1 a bezpe\u010dn\u00e1 stavebn\u00ed \u0159e\u0161en\u00ed PENOSIL pro budovy - \u0160ET\u0158\u00cdME ENERGII.","og_url":"https:\/\/penosil.com\/cz\/stavebni-reseni\/","og_site_name":"Penosil \u010cesk\u00e1 Republika","article_modified_time":"2023-03-30T09:24:36+00:00","twitter_card":"summary_large_image","schema":{"@context":"https:\/\/schema.org","@graph":[{"@type":"WebPage","@id":"https:\/\/penosil.com\/cz\/stavebni-reseni\/","url":"https:\/\/penosil.com\/cz\/stavebni-reseni\/","name":"Energeticky \u00fa\u010dinn\u00e1 stavebn\u00ed \u0159e\u0161en\u00ed - PENOSIL \u010cesk\u00e1 republika","isPartOf":{"@id":"https:\/\/penosil.com\/cz\/#website"},"datePublished":"2019-07-24T13:16:52+00:00","dateModified":"2023-03-30T09:24:36+00:00","description":"Objevte energeticky \u00fasporn\u00e1, ekologick\u00e1 a bezpe\u010dn\u00e1 stavebn\u00ed \u0159e\u0161en\u00ed PENOSIL pro budovy - \u0160ET\u0158\u00cdME ENERGII.","breadcrumb":{"@id":"https:\/\/penosil.com\/cz\/stavebni-reseni\/#breadcrumb"},"inLanguage":"cs","potentialAction":[{"@type":"ReadAction","target":["https:\/\/penosil.com\/cz\/stavebni-reseni\/"]}]},{"@type":"BreadcrumbList","@id":"https:\/\/penosil.com\/cz\/stavebni-reseni\/#breadcrumb","itemListElement":[{"@type":"ListItem","position":1,"name":"Home","item":"https:\/\/penosil.com\/cz\/"},{"@type":"ListItem","position":2,"name":"\u0158e\u0161en\u00ed"}]},{"@type":"WebSite","@id":"https:\/\/penosil.com\/cz\/#website","url":"https:\/\/penosil.com\/cz\/","name":"Penosil \u010cesk\u00e1 Republika","description":"","potentialAction":[{"@type":"SearchAction","target":{"@type":"EntryPoint","urlTemplate":"https:\/\/penosil.com\/cz\/?s={search_term_string}"},"query-input":{"@type":"PropertyValueSpecification","valueRequired":true,"valueName":"search_term_string"}}],"inLanguage":"cs"}]}},"coauthors":[],"author_meta":{"author_link":"https:\/\/penosil.com\/cz\/author\/reaktiiv-pe\/","display_name":"reaktiiv-pe"},"relative_dates":{"created":"Posted 7 roky ago","modified":"Updated 3 roky ago"},"absolute_dates":{"created":"Posted on 24. 7. 2019","modified":"Updated on 30. 3. 2023"},"absolute_dates_time":{"created":"Posted on 24. 7. 2019 13:16","modified":"Updated on 30. 3. 2023 9:24"},"featured_img_caption":"","featured_img":false,"series_order":"","_links":{"self":[{"href":"https:\/\/penosil.com\/cz\/wp-json\/wp\/v2\/pages\/29757","targetHints":{"allow":["GET"]}}],"collection":[{"href":"https:\/\/penosil.com\/cz\/wp-json\/wp\/v2\/pages"}],"about":[{"href":"https:\/\/penosil.com\/cz\/wp-json\/wp\/v2\/types\/page"}],"author":[{"embeddable":true,"href":"https:\/\/penosil.com\/cz\/wp-json\/wp\/v2\/users\/1"}],"replies":[{"embeddable":true,"href":"https:\/\/penosil.com\/cz\/wp-json\/wp\/v2\/comments?post=29757"}],"version-history":[{"count":2,"href":"https:\/\/penosil.com\/cz\/wp-json\/wp\/v2\/pages\/29757\/revisions"}],"predecessor-version":[{"id":30808,"href":"https:\/\/penosil.com\/cz\/wp-json\/wp\/v2\/pages\/29757\/revisions\/30808"}],"wp:attachment":[{"href":"https:\/\/penosil.com\/cz\/wp-json\/wp\/v2\/media?parent=29757"}],"curies":[{"name":"wp","href":"https:\/\/api.w.org\/{rel}","templated":true}]}}