{"id":29764,"date":"2019-08-01T13:08:22","date_gmt":"2019-08-01T13:08:22","guid":{"rendered":"https:\/\/penosil.com\/cz\/?page_id=29764"},"modified":"2023-03-30T09:22:43","modified_gmt":"2023-03-30T09:22:43","slug":"vypocitejte-mnozstvi-pu-lepidla-zoccolo-desky","status":"publish","type":"page","link":"https:\/\/penosil.com\/cz\/centrum-znalosti\/kalkulacky\/vypocitejte-mnozstvi-pu-lepidla-zoccolo-desky\/","title":{"rendered":"Vypo\u010d\u00edtejte mno\u017estv\u00ed PU lepidla a Zoccolo desky"},"content":{"rendered":"<div id=\"pnsl-calculator-block_24d868baa3ffc5dbd7a4b4159a195389\" class=\"pnsl-calculator-block polyethane-adhesive-zoccolo-plate-calculator\" role=\"form\" aria-label=\"Vypo\u010d\u00edtejte mno\u017estv\u00ed PU lepidla a Zoccolo desky\">\n   <h2 class=\"mb24\">Vypo\u010d\u00edtejte mno\u017estv\u00ed PU lepidla a Zoccolo desky<\/h2>\n   <fieldset class=\"calculator-part\">\n      <legend class=\"calculator-part-title\">\n         <h3>Rozm\u011bry st\u011bny<\/h3>\n      <\/legend>\n\n      <div class=\"calculator-part-inputs d-flex align-items-center flex-wrap\">\n\n         <div class=\"calculator-input\">\n            <label for=\"poly-zocco-wall-width\" class=\"input-label\">\u0160\u00ed\u0159ka<\/label>\n            <div class=\"input-field\">\n               <input type=\"number\" id=\"poly-zocco-wall-width\" name=\"poly-zocco-wall-width\" aria-required=\"true\">\n               <span class=\"unit\" aria-label=\"millimeters\">mm<\/span>\n            <\/div>\n         <\/div>\n\n         <div class=\"calculator-separator\">x<\/div>\n\n         <div class=\"calculator-input\">\n            <label for=\"poly-zocco-wall-height\" class=\"input-label\">V\u00fd\u0161ka<\/label>\n            <div class=\"input-field\">\n               <input type=\"number\" id=\"poly-zocco-wall-height\" name=\"poly-zocco-wall-height\" aria-required=\"true\">\n               <span class=\"unit\" aria-label=\"millimeters\">mm<\/span>\n            <\/div>\n         <\/div>\n      <\/div>\n\n      <div class=\"hidden-inputs\">\n         <input type=\"hidden\" value=\"750\" name=\"poly-zocco-board-width\">\n         <input type=\"hidden\" value=\"1250\" name=\"poly-zocco-board-height\">\n      <\/div>\n   <\/fieldset>\n\n   <div class=\"calculator-output\" role=\"region\" aria-live=\"polite\" aria-label=\"Calculation results\">\n      <h3 class=\"sr-only\">Results<\/h3>\n      <div class=\"output-block output-side d-flex flex-wrap\">\n         <div class=\"output-title w100\">\n            <span>PENOSIL Fix p\u011bna<\/span>\n         <\/div>\n         <div class=\"output-result w100\" id=\"poly-zocco-nr-fixfoam\" aria-label=\"Number of PENOSIL FixFoam canisters needed\">\n            0\n         <\/div>\n      <\/div>\n      <div class=\"output-block output-side d-flex flex-wrap\">\n         <div class=\"output-title w100\">\n            <span>Tempsi Zoccolo<\/span>\n         <\/div>\n         <div class=\"output-result w100\" id=\"poly-zocco-nr-zoccolo\" aria-label=\"Number of Tempsi Zoccolo boards needed\">\n            0\n         <\/div>\n      <\/div>\n   <\/div>\n<\/div>","protected":false},"excerpt":{"rendered":"","protected":false},"author":1,"featured_media":0,"parent":29746,"menu_order":448,"comment_status":"closed","ping_status":"closed","template":"page-templates\/template-calculators.php","meta":{"_acf_changed":false,"advgb_blocks_editor_width":"","advgb_blocks_columns_visual_guide":"","footnotes":""},"class_list":["post-29764","page","type-page","status-publish","hentry"],"acf":[],"yoast_head":"<!-- This site is optimized with the Yoast SEO plugin v27.2 - https:\/\/yoast.com\/product\/yoast-seo-wordpress\/ -->\n<title>Vypo\u010d\u00edtejte mno\u017estv\u00ed PU lepidla a Zoccolo desky - Penosil \u010cesk\u00e1 Republika<\/title>\n<meta name=\"description\" content=\"Myslete ekologicky, aby jste minimalizovali mno\u017estv\u00ed odpadu. Vypo\u010d\u00edtejte mno\u017estv\u00ed PU lepidla a Zoccolo desky. Za\u010dn\u011bte nyn\u00ed!\" \/>\n<meta name=\"robots\" content=\"index, follow, max-snippet:-1, max-image-preview:large, max-video-preview:-1\" \/>\n<link rel=\"canonical\" href=\"https:\/\/penosil.com\/cz\/centrum-znalosti\/kalkulacky\/vypocitejte-mnozstvi-pu-lepidla-zoccolo-desky\/\" \/>\n<meta property=\"og:locale\" content=\"cs_CZ\" \/>\n<meta property=\"og:type\" content=\"article\" \/>\n<meta property=\"og:title\" content=\"Vypo\u010d\u00edtejte mno\u017estv\u00ed PU lepidla a Zoccolo desky - Penosil \u010cesk\u00e1 Republika\" \/>\n<meta property=\"og:description\" content=\"Myslete ekologicky, aby jste minimalizovali mno\u017estv\u00ed odpadu. Vypo\u010d\u00edtejte mno\u017estv\u00ed PU lepidla a Zoccolo desky. Za\u010dn\u011bte nyn\u00ed!\" \/>\n<meta property=\"og:url\" content=\"https:\/\/penosil.com\/cz\/centrum-znalosti\/kalkulacky\/vypocitejte-mnozstvi-pu-lepidla-zoccolo-desky\/\" \/>\n<meta property=\"og:site_name\" content=\"Penosil \u010cesk\u00e1 Republika\" \/>\n<meta property=\"article:modified_time\" content=\"2023-03-30T09:22:43+00:00\" \/>\n<meta name=\"twitter:card\" content=\"summary_large_image\" \/>\n<script type=\"application\/ld+json\" class=\"yoast-schema-graph\">{\"@context\":\"https:\/\/schema.org\",\"@graph\":[{\"@type\":\"WebPage\",\"@id\":\"https:\/\/penosil.com\/cz\/centrum-znalosti\/kalkulacky\/vypocitejte-mnozstvi-pu-lepidla-zoccolo-desky\/\",\"url\":\"https:\/\/penosil.com\/cz\/centrum-znalosti\/kalkulacky\/vypocitejte-mnozstvi-pu-lepidla-zoccolo-desky\/\",\"name\":\"Vypo\u010d\u00edtejte mno\u017estv\u00ed PU lepidla a Zoccolo desky - Penosil \u010cesk\u00e1 Republika\",\"isPartOf\":{\"@id\":\"https:\/\/penosil.com\/cz\/#website\"},\"datePublished\":\"2019-08-01T13:08:22+00:00\",\"dateModified\":\"2023-03-30T09:22:43+00:00\",\"description\":\"Myslete ekologicky, aby jste minimalizovali mno\u017estv\u00ed odpadu. Vypo\u010d\u00edtejte mno\u017estv\u00ed PU lepidla a Zoccolo desky. Za\u010dn\u011bte nyn\u00ed!\",\"breadcrumb\":{\"@id\":\"https:\/\/penosil.com\/cz\/centrum-znalosti\/kalkulacky\/vypocitejte-mnozstvi-pu-lepidla-zoccolo-desky\/#breadcrumb\"},\"inLanguage\":\"cs\",\"potentialAction\":[{\"@type\":\"ReadAction\",\"target\":[\"https:\/\/penosil.com\/cz\/centrum-znalosti\/kalkulacky\/vypocitejte-mnozstvi-pu-lepidla-zoccolo-desky\/\"]}]},{\"@type\":\"BreadcrumbList\",\"@id\":\"https:\/\/penosil.com\/cz\/centrum-znalosti\/kalkulacky\/vypocitejte-mnozstvi-pu-lepidla-zoccolo-desky\/#breadcrumb\",\"itemListElement\":[{\"@type\":\"ListItem\",\"position\":1,\"name\":\"Home\",\"item\":\"https:\/\/penosil.com\/cz\/\"},{\"@type\":\"ListItem\",\"position\":2,\"name\":\"Centrum znalost\u00ed\",\"item\":\"https:\/\/penosil.com\/cz\/centrum-znalosti\/\"},{\"@type\":\"ListItem\",\"position\":3,\"name\":\"Kalkula\u010dky\",\"item\":\"https:\/\/penosil.com\/cz\/centrum-znalosti\/kalkulacky\/\"},{\"@type\":\"ListItem\",\"position\":4,\"name\":\"Vypo\u010d\u00edtejte mno\u017estv\u00ed PU lepidla a Zoccolo desky\"}]},{\"@type\":\"WebSite\",\"@id\":\"https:\/\/penosil.com\/cz\/#website\",\"url\":\"https:\/\/penosil.com\/cz\/\",\"name\":\"Penosil \u010cesk\u00e1 Republika\",\"description\":\"\",\"potentialAction\":[{\"@type\":\"SearchAction\",\"target\":{\"@type\":\"EntryPoint\",\"urlTemplate\":\"https:\/\/penosil.com\/cz\/?s={search_term_string}\"},\"query-input\":{\"@type\":\"PropertyValueSpecification\",\"valueRequired\":true,\"valueName\":\"search_term_string\"}}],\"inLanguage\":\"cs\"}]}<\/script>\n<!-- \/ Yoast SEO plugin. -->","yoast_head_json":{"title":"Vypo\u010d\u00edtejte mno\u017estv\u00ed PU lepidla a Zoccolo desky - Penosil \u010cesk\u00e1 Republika","description":"Myslete ekologicky, aby jste minimalizovali mno\u017estv\u00ed odpadu. Vypo\u010d\u00edtejte mno\u017estv\u00ed PU lepidla a Zoccolo desky. Za\u010dn\u011bte nyn\u00ed!","robots":{"index":"index","follow":"follow","max-snippet":"max-snippet:-1","max-image-preview":"max-image-preview:large","max-video-preview":"max-video-preview:-1"},"canonical":"https:\/\/penosil.com\/cz\/centrum-znalosti\/kalkulacky\/vypocitejte-mnozstvi-pu-lepidla-zoccolo-desky\/","og_locale":"cs_CZ","og_type":"article","og_title":"Vypo\u010d\u00edtejte mno\u017estv\u00ed PU lepidla a Zoccolo desky - Penosil \u010cesk\u00e1 Republika","og_description":"Myslete ekologicky, aby jste minimalizovali mno\u017estv\u00ed odpadu. Vypo\u010d\u00edtejte mno\u017estv\u00ed PU lepidla a Zoccolo desky. Za\u010dn\u011bte nyn\u00ed!","og_url":"https:\/\/penosil.com\/cz\/centrum-znalosti\/kalkulacky\/vypocitejte-mnozstvi-pu-lepidla-zoccolo-desky\/","og_site_name":"Penosil \u010cesk\u00e1 Republika","article_modified_time":"2023-03-30T09:22:43+00:00","twitter_card":"summary_large_image","schema":{"@context":"https:\/\/schema.org","@graph":[{"@type":"WebPage","@id":"https:\/\/penosil.com\/cz\/centrum-znalosti\/kalkulacky\/vypocitejte-mnozstvi-pu-lepidla-zoccolo-desky\/","url":"https:\/\/penosil.com\/cz\/centrum-znalosti\/kalkulacky\/vypocitejte-mnozstvi-pu-lepidla-zoccolo-desky\/","name":"Vypo\u010d\u00edtejte mno\u017estv\u00ed PU lepidla a Zoccolo desky - Penosil \u010cesk\u00e1 Republika","isPartOf":{"@id":"https:\/\/penosil.com\/cz\/#website"},"datePublished":"2019-08-01T13:08:22+00:00","dateModified":"2023-03-30T09:22:43+00:00","description":"Myslete ekologicky, aby jste minimalizovali mno\u017estv\u00ed odpadu. Vypo\u010d\u00edtejte mno\u017estv\u00ed PU lepidla a Zoccolo desky. Za\u010dn\u011bte nyn\u00ed!","breadcrumb":{"@id":"https:\/\/penosil.com\/cz\/centrum-znalosti\/kalkulacky\/vypocitejte-mnozstvi-pu-lepidla-zoccolo-desky\/#breadcrumb"},"inLanguage":"cs","potentialAction":[{"@type":"ReadAction","target":["https:\/\/penosil.com\/cz\/centrum-znalosti\/kalkulacky\/vypocitejte-mnozstvi-pu-lepidla-zoccolo-desky\/"]}]},{"@type":"BreadcrumbList","@id":"https:\/\/penosil.com\/cz\/centrum-znalosti\/kalkulacky\/vypocitejte-mnozstvi-pu-lepidla-zoccolo-desky\/#breadcrumb","itemListElement":[{"@type":"ListItem","position":1,"name":"Home","item":"https:\/\/penosil.com\/cz\/"},{"@type":"ListItem","position":2,"name":"Centrum znalost\u00ed","item":"https:\/\/penosil.com\/cz\/centrum-znalosti\/"},{"@type":"ListItem","position":3,"name":"Kalkula\u010dky","item":"https:\/\/penosil.com\/cz\/centrum-znalosti\/kalkulacky\/"},{"@type":"ListItem","position":4,"name":"Vypo\u010d\u00edtejte mno\u017estv\u00ed PU lepidla a Zoccolo desky"}]},{"@type":"WebSite","@id":"https:\/\/penosil.com\/cz\/#website","url":"https:\/\/penosil.com\/cz\/","name":"Penosil \u010cesk\u00e1 Republika","description":"","potentialAction":[{"@type":"SearchAction","target":{"@type":"EntryPoint","urlTemplate":"https:\/\/penosil.com\/cz\/?s={search_term_string}"},"query-input":{"@type":"PropertyValueSpecification","valueRequired":true,"valueName":"search_term_string"}}],"inLanguage":"cs"}]}},"coauthors":[],"author_meta":{"author_link":"https:\/\/penosil.com\/cz\/author\/reaktiiv-pe\/","display_name":"reaktiiv-pe"},"relative_dates":{"created":"Posted 7 roky ago","modified":"Updated 3 roky ago"},"absolute_dates":{"created":"Posted on 1. 8. 2019","modified":"Updated on 30. 3. 2023"},"absolute_dates_time":{"created":"Posted on 1. 8. 2019 13:08","modified":"Updated on 30. 3. 2023 9:22"},"featured_img_caption":"","featured_img":false,"series_order":"","_links":{"self":[{"href":"https:\/\/penosil.com\/cz\/wp-json\/wp\/v2\/pages\/29764","targetHints":{"allow":["GET"]}}],"collection":[{"href":"https:\/\/penosil.com\/cz\/wp-json\/wp\/v2\/pages"}],"about":[{"href":"https:\/\/penosil.com\/cz\/wp-json\/wp\/v2\/types\/page"}],"author":[{"embeddable":true,"href":"https:\/\/penosil.com\/cz\/wp-json\/wp\/v2\/users\/1"}],"replies":[{"embeddable":true,"href":"https:\/\/penosil.com\/cz\/wp-json\/wp\/v2\/comments?post=29764"}],"version-history":[{"count":4,"href":"https:\/\/penosil.com\/cz\/wp-json\/wp\/v2\/pages\/29764\/revisions"}],"predecessor-version":[{"id":31341,"href":"https:\/\/penosil.com\/cz\/wp-json\/wp\/v2\/pages\/29764\/revisions\/31341"}],"up":[{"embeddable":true,"href":"https:\/\/penosil.com\/cz\/wp-json\/wp\/v2\/pages\/29746"}],"wp:attachment":[{"href":"https:\/\/penosil.com\/cz\/wp-json\/wp\/v2\/media?parent=29764"}],"curies":[{"name":"wp","href":"https:\/\/api.w.org\/{rel}","templated":true}]}}