{"id":32087,"date":"2024-04-02T12:19:10","date_gmt":"2024-04-02T10:19:10","guid":{"rendered":"https:\/\/penosil.com\/cz\/?page_id=32087"},"modified":"2024-04-12T12:11:45","modified_gmt":"2024-04-12T10:11:45","slug":"prohlaseni-o-souborech-cookie","status":"publish","type":"page","link":"https:\/\/penosil.com\/cz\/prohlaseni-o-souborech-cookie\/","title":{"rendered":"Prohl\u00e1\u0161en\u00ed o souborech cookie"},"content":{"rendered":"\n<script id=\"CookieDeclaration\" data-culture=\"cs\" src=\"https:\/\/consent.cookiebot.com\/5e17b36a-a977-4354-a4f1-6d6b52bad99c\/cd.js\" type=\"text\/javascript\" async=\"\"><\/script>\n","protected":false},"excerpt":{"rendered":"","protected":false},"author":105,"featured_media":0,"parent":0,"menu_order":0,"comment_status":"closed","ping_status":"closed","template":"","meta":{"_acf_changed":false,"advgb_blocks_editor_width":"","advgb_blocks_columns_visual_guide":"","footnotes":""},"class_list":["post-32087","page","type-page","status-publish","hentry"],"acf":[],"yoast_head":"<!-- This site is optimized with the Yoast SEO plugin v27.2 - https:\/\/yoast.com\/product\/yoast-seo-wordpress\/ -->\n<title>Prohl\u00e1\u0161en\u00ed o souborech cookie - Penosil \u010cesk\u00e1 Republika<\/title>\n<meta name=\"robots\" content=\"index, follow, max-snippet:-1, max-image-preview:large, max-video-preview:-1\" \/>\n<link rel=\"canonical\" href=\"https:\/\/penosil.com\/cz\/prohlaseni-o-souborech-cookie\/\" \/>\n<meta property=\"og:locale\" content=\"cs_CZ\" \/>\n<meta property=\"og:type\" content=\"article\" \/>\n<meta property=\"og:title\" content=\"Prohl\u00e1\u0161en\u00ed o souborech cookie - Penosil \u010cesk\u00e1 Republika\" \/>\n<meta property=\"og:url\" content=\"https:\/\/penosil.com\/cz\/prohlaseni-o-souborech-cookie\/\" \/>\n<meta property=\"og:site_name\" content=\"Penosil \u010cesk\u00e1 Republika\" \/>\n<meta property=\"article:modified_time\" content=\"2024-04-12T10:11:45+00:00\" \/>\n<meta name=\"twitter:card\" content=\"summary_large_image\" \/>\n<script type=\"application\/ld+json\" class=\"yoast-schema-graph\">{\"@context\":\"https:\/\/schema.org\",\"@graph\":[{\"@type\":\"WebPage\",\"@id\":\"https:\/\/penosil.com\/cz\/prohlaseni-o-souborech-cookie\/\",\"url\":\"https:\/\/penosil.com\/cz\/prohlaseni-o-souborech-cookie\/\",\"name\":\"Prohl\u00e1\u0161en\u00ed o souborech cookie - Penosil \u010cesk\u00e1 Republika\",\"isPartOf\":{\"@id\":\"https:\/\/penosil.com\/cz\/#website\"},\"datePublished\":\"2024-04-02T10:19:10+00:00\",\"dateModified\":\"2024-04-12T10:11:45+00:00\",\"breadcrumb\":{\"@id\":\"https:\/\/penosil.com\/cz\/prohlaseni-o-souborech-cookie\/#breadcrumb\"},\"inLanguage\":\"cs\",\"potentialAction\":[{\"@type\":\"ReadAction\",\"target\":[\"https:\/\/penosil.com\/cz\/prohlaseni-o-souborech-cookie\/\"]}]},{\"@type\":\"BreadcrumbList\",\"@id\":\"https:\/\/penosil.com\/cz\/prohlaseni-o-souborech-cookie\/#breadcrumb\",\"itemListElement\":[{\"@type\":\"ListItem\",\"position\":1,\"name\":\"Home\",\"item\":\"https:\/\/penosil.com\/cz\/\"},{\"@type\":\"ListItem\",\"position\":2,\"name\":\"Prohl\u00e1\u0161en\u00ed o souborech cookie\"}]},{\"@type\":\"WebSite\",\"@id\":\"https:\/\/penosil.com\/cz\/#website\",\"url\":\"https:\/\/penosil.com\/cz\/\",\"name\":\"Penosil \u010cesk\u00e1 Republika\",\"description\":\"\",\"potentialAction\":[{\"@type\":\"SearchAction\",\"target\":{\"@type\":\"EntryPoint\",\"urlTemplate\":\"https:\/\/penosil.com\/cz\/?s={search_term_string}\"},\"query-input\":{\"@type\":\"PropertyValueSpecification\",\"valueRequired\":true,\"valueName\":\"search_term_string\"}}],\"inLanguage\":\"cs\"}]}<\/script>\n<!-- \/ Yoast SEO plugin. -->","yoast_head_json":{"title":"Prohl\u00e1\u0161en\u00ed o souborech cookie - Penosil \u010cesk\u00e1 Republika","robots":{"index":"index","follow":"follow","max-snippet":"max-snippet:-1","max-image-preview":"max-image-preview:large","max-video-preview":"max-video-preview:-1"},"canonical":"https:\/\/penosil.com\/cz\/prohlaseni-o-souborech-cookie\/","og_locale":"cs_CZ","og_type":"article","og_title":"Prohl\u00e1\u0161en\u00ed o souborech cookie - Penosil \u010cesk\u00e1 Republika","og_url":"https:\/\/penosil.com\/cz\/prohlaseni-o-souborech-cookie\/","og_site_name":"Penosil \u010cesk\u00e1 Republika","article_modified_time":"2024-04-12T10:11:45+00:00","twitter_card":"summary_large_image","schema":{"@context":"https:\/\/schema.org","@graph":[{"@type":"WebPage","@id":"https:\/\/penosil.com\/cz\/prohlaseni-o-souborech-cookie\/","url":"https:\/\/penosil.com\/cz\/prohlaseni-o-souborech-cookie\/","name":"Prohl\u00e1\u0161en\u00ed o souborech cookie - Penosil \u010cesk\u00e1 Republika","isPartOf":{"@id":"https:\/\/penosil.com\/cz\/#website"},"datePublished":"2024-04-02T10:19:10+00:00","dateModified":"2024-04-12T10:11:45+00:00","breadcrumb":{"@id":"https:\/\/penosil.com\/cz\/prohlaseni-o-souborech-cookie\/#breadcrumb"},"inLanguage":"cs","potentialAction":[{"@type":"ReadAction","target":["https:\/\/penosil.com\/cz\/prohlaseni-o-souborech-cookie\/"]}]},{"@type":"BreadcrumbList","@id":"https:\/\/penosil.com\/cz\/prohlaseni-o-souborech-cookie\/#breadcrumb","itemListElement":[{"@type":"ListItem","position":1,"name":"Home","item":"https:\/\/penosil.com\/cz\/"},{"@type":"ListItem","position":2,"name":"Prohl\u00e1\u0161en\u00ed o souborech cookie"}]},{"@type":"WebSite","@id":"https:\/\/penosil.com\/cz\/#website","url":"https:\/\/penosil.com\/cz\/","name":"Penosil \u010cesk\u00e1 Republika","description":"","potentialAction":[{"@type":"SearchAction","target":{"@type":"EntryPoint","urlTemplate":"https:\/\/penosil.com\/cz\/?s={search_term_string}"},"query-input":{"@type":"PropertyValueSpecification","valueRequired":true,"valueName":"search_term_string"}}],"inLanguage":"cs"}]}},"coauthors":[],"author_meta":{"author_link":"https:\/\/penosil.com\/cz\/author\/kevinreaktiiv\/","display_name":"kevinreaktiiv"},"relative_dates":{"created":"Posted 2 roky ago","modified":"Updated 2 roky ago"},"absolute_dates":{"created":"Posted on 2. 4. 2024","modified":"Updated on 12. 4. 2024"},"absolute_dates_time":{"created":"Posted on 2. 4. 2024 12:19","modified":"Updated on 12. 4. 2024 12:11"},"featured_img_caption":"","featured_img":false,"series_order":"","_links":{"self":[{"href":"https:\/\/penosil.com\/cz\/wp-json\/wp\/v2\/pages\/32087","targetHints":{"allow":["GET"]}}],"collection":[{"href":"https:\/\/penosil.com\/cz\/wp-json\/wp\/v2\/pages"}],"about":[{"href":"https:\/\/penosil.com\/cz\/wp-json\/wp\/v2\/types\/page"}],"author":[{"embeddable":true,"href":"https:\/\/penosil.com\/cz\/wp-json\/wp\/v2\/users\/105"}],"replies":[{"embeddable":true,"href":"https:\/\/penosil.com\/cz\/wp-json\/wp\/v2\/comments?post=32087"}],"version-history":[{"count":10,"href":"https:\/\/penosil.com\/cz\/wp-json\/wp\/v2\/pages\/32087\/revisions"}],"predecessor-version":[{"id":32109,"href":"https:\/\/penosil.com\/cz\/wp-json\/wp\/v2\/pages\/32087\/revisions\/32109"}],"wp:attachment":[{"href":"https:\/\/penosil.com\/cz\/wp-json\/wp\/v2\/media?parent=32087"}],"curies":[{"name":"wp","href":"https:\/\/api.w.org\/{rel}","templated":true}]}}