{"id":29811,"date":"2020-03-24T09:02:09","date_gmt":"2020-03-24T09:02:09","guid":{"rendered":"https:\/\/penosil.com\/cz\/product\/premium-gunfoam\/"},"modified":"2025-12-09T12:33:23","modified_gmt":"2025-12-09T11:33:23","slug":"filing-gunfoam-137-vyplnova-izolacni-pistolova-pena","status":"publish","type":"product","link":"https:\/\/penosil.com\/cz\/produkt\/filing-gunfoam-137-vyplnova-izolacni-pistolova-pena\/","title":{"rendered":"Filling Gunfoam 137"},"content":{"rendered":"<p>PENOSIL Filling Gunfoam 137 v\u00fdpl\u0148ov\u00e1 a izola\u010dn\u00ed PU p\u011bna je jednoslo\u017ekov\u00e1 celoro\u010dn\u00ed v\u00fdpl\u0148ov\u00e1 p\u011bna pro ut\u011bsn\u011bn\u00ed trhlin, sp\u00e1r, otvor\u016f a prostup\u016f p\u0159ed malov\u00e1n\u00edm a om\u00edt\u00e1n\u00edm. Dob\u0159e p\u0159ilne k v\u011bt\u0161in\u011b b\u011b\u017en\u00fdch stavebn\u00edch materi\u00e1l\u016f, jako je d\u0159evo, beton, k\u00e1men, om\u00edtka, kov, PVC a polystyren.<\/p>\n<h5><span style=\"font-size: 14px;\">* Skladem<\/span><\/h5>\n","protected":false},"excerpt":{"rendered":"PENOSIL Filling Gunfoam 137 v\u00fdpl\u0148ov\u00e1 a izola\u010dn\u00ed PU p\u011bna je jednoslo\u017ekov\u00e1 celoro\u010dn\u00ed v\u00fdpl\u0148ov\u00e1 p\u011bna pro ut\u011bsn\u011bn\u00ed trhlin, sp\u00e1r, otvor\u016f a prostup\u016f p\u0159ed malov\u00e1n\u00edm a om\u00edt\u00e1n\u00edm. Dob\u0159e p\u0159ilne k v\u011bt\u0161in\u011b b\u011b\u017en\u00fdch stavebn\u00edch materi\u00e1l\u016f, jako je d\u0159evo, beton, k\u00e1men, om\u00edtka, kov, PVC a polystyren. * Skladem","protected":false},"author":2,"featured_media":32006,"template":"","meta":{"_acf_changed":false,"advgb_blocks_editor_width":"","advgb_blocks_columns_visual_guide":"","footnotes":""},"product_brand":[],"product_cat":[1809],"product_tag":[],"class_list":{"0":"post-29811","1":"product","2":"type-product","3":"status-publish","4":"has-post-thumbnail","6":"product_cat-tools-accessories-et","8":"first","9":"instock","10":"taxable","11":"shipping-taxable","12":"purchasable","13":"product-type-simple"},"acf":[],"yoast_head":"<!-- This site is optimized with the Yoast SEO plugin v27.4 - https:\/\/yoast.com\/product\/yoast-seo-wordpress\/ -->\n<title>PENOSIL Filling Gunfoam 137 V\u00fdpl\u0148ov\u00e1 a izola\u010dn\u00ed PU p\u011bna<\/title>\n<meta name=\"description\" content=\"PENOSIL Filling Gunfoam137 jednoslo\u017ekov\u00e1 izola\u010dn\u00ed PU p\u011bna. Celoro\u010dn\u00ed v\u00fdpl\u0148ov\u00e1 pistolov\u00e1 p\u011bna pro ut\u011bsn\u011bn\u00ed mezer, prasklin atd. p\u0159ed om\u00edt\u00e1n\u00edm a malov\u00e1n\u00edm.\" \/>\n<meta name=\"robots\" content=\"index, follow, max-snippet:-1, max-image-preview:large, max-video-preview:-1\" \/>\n<link rel=\"canonical\" href=\"https:\/\/penosil.com\/cz\/produkt\/filing-gunfoam-137-vyplnova-izolacni-pistolova-pena\/\" \/>\n<meta property=\"og:locale\" content=\"cs_CZ\" \/>\n<meta property=\"og:type\" content=\"article\" \/>\n<meta property=\"og:title\" content=\"PENOSIL Filling Gunfoam 137 V\u00fdpl\u0148ov\u00e1 a izola\u010dn\u00ed PU p\u011bna\" \/>\n<meta property=\"og:description\" content=\"PENOSIL Filling Gunfoam137 jednoslo\u017ekov\u00e1 izola\u010dn\u00ed PU p\u011bna. Celoro\u010dn\u00ed v\u00fdpl\u0148ov\u00e1 pistolov\u00e1 p\u011bna pro ut\u011bsn\u011bn\u00ed mezer, prasklin atd. p\u0159ed om\u00edt\u00e1n\u00edm a malov\u00e1n\u00edm.\" \/>\n<meta property=\"og:url\" content=\"https:\/\/penosil.com\/cz\/produkt\/filing-gunfoam-137-vyplnova-izolacni-pistolova-pena\/\" \/>\n<meta property=\"og:site_name\" content=\"Penosil \u010cesk\u00e1 Republika\" \/>\n<meta property=\"article:modified_time\" content=\"2025-12-09T11:33:23+00:00\" \/>\n<meta property=\"og:image\" content=\"https:\/\/penosil.com\/cz\/wp-content\/uploads\/sites\/34\/2020\/03\/137_Filling_Gunfoam_137.png\" \/>\n\t<meta property=\"og:image:width\" content=\"523\" \/>\n\t<meta property=\"og:image:height\" content=\"1080\" \/>\n\t<meta property=\"og:image:type\" content=\"image\/png\" \/>\n<meta name=\"twitter:card\" content=\"summary_large_image\" \/>\n<meta name=\"twitter:label1\" content=\"Odhadovan\u00e1 doba \u010dten\u00ed\" \/>\n\t<meta name=\"twitter:data1\" content=\"3 minuty\" \/>\n<script type=\"application\/ld+json\" class=\"yoast-schema-graph\">{\"@context\":\"https:\\\/\\\/schema.org\",\"@graph\":[{\"@type\":\"WebPage\",\"@id\":\"https:\\\/\\\/penosil.com\\\/cz\\\/produkt\\\/filing-gunfoam-137-vyplnova-izolacni-pistolova-pena\\\/\",\"url\":\"https:\\\/\\\/penosil.com\\\/cz\\\/produkt\\\/filing-gunfoam-137-vyplnova-izolacni-pistolova-pena\\\/\",\"name\":\"PENOSIL Filling Gunfoam 137 V\u00fdpl\u0148ov\u00e1 a izola\u010dn\u00ed PU p\u011bna\",\"isPartOf\":{\"@id\":\"https:\\\/\\\/penosil.com\\\/cz\\\/#website\"},\"primaryImageOfPage\":{\"@id\":\"https:\\\/\\\/penosil.com\\\/cz\\\/produkt\\\/filing-gunfoam-137-vyplnova-izolacni-pistolova-pena\\\/#primaryimage\"},\"image\":{\"@id\":\"https:\\\/\\\/penosil.com\\\/cz\\\/produkt\\\/filing-gunfoam-137-vyplnova-izolacni-pistolova-pena\\\/#primaryimage\"},\"thumbnailUrl\":\"https:\\\/\\\/penosil.com\\\/cz\\\/wp-content\\\/uploads\\\/sites\\\/34\\\/2020\\\/03\\\/137_Filling_Gunfoam_137.png\",\"datePublished\":\"2020-03-24T09:02:09+00:00\",\"dateModified\":\"2025-12-09T11:33:23+00:00\",\"description\":\"PENOSIL Filling Gunfoam137 jednoslo\u017ekov\u00e1 izola\u010dn\u00ed PU p\u011bna. Celoro\u010dn\u00ed v\u00fdpl\u0148ov\u00e1 pistolov\u00e1 p\u011bna pro ut\u011bsn\u011bn\u00ed mezer, prasklin atd. p\u0159ed om\u00edt\u00e1n\u00edm a malov\u00e1n\u00edm.\",\"breadcrumb\":{\"@id\":\"https:\\\/\\\/penosil.com\\\/cz\\\/produkt\\\/filing-gunfoam-137-vyplnova-izolacni-pistolova-pena\\\/#breadcrumb\"},\"inLanguage\":\"cs\",\"potentialAction\":[{\"@type\":\"ReadAction\",\"target\":[\"https:\\\/\\\/penosil.com\\\/cz\\\/produkt\\\/filing-gunfoam-137-vyplnova-izolacni-pistolova-pena\\\/\"]}]},{\"@type\":\"ImageObject\",\"inLanguage\":\"cs\",\"@id\":\"https:\\\/\\\/penosil.com\\\/cz\\\/produkt\\\/filing-gunfoam-137-vyplnova-izolacni-pistolova-pena\\\/#primaryimage\",\"url\":\"https:\\\/\\\/penosil.com\\\/cz\\\/wp-content\\\/uploads\\\/sites\\\/34\\\/2020\\\/03\\\/137_Filling_Gunfoam_137.png\",\"contentUrl\":\"https:\\\/\\\/penosil.com\\\/cz\\\/wp-content\\\/uploads\\\/sites\\\/34\\\/2020\\\/03\\\/137_Filling_Gunfoam_137.png\",\"width\":523,\"height\":1080,\"caption\":\"PENOSIL Filling Gunfoam 137 V\u00fdpl\u0148ov\u00e1 a izola\u010dn\u00ed PU p\u011bna\"},{\"@type\":\"BreadcrumbList\",\"@id\":\"https:\\\/\\\/penosil.com\\\/cz\\\/produkt\\\/filing-gunfoam-137-vyplnova-izolacni-pistolova-pena\\\/#breadcrumb\",\"itemListElement\":[{\"@type\":\"ListItem\",\"position\":1,\"name\":\"Home\",\"item\":\"https:\\\/\\\/penosil.com\\\/cz\\\/\"},{\"@type\":\"ListItem\",\"position\":2,\"name\":\"Produkty\",\"item\":\"https:\\\/\\\/penosil.com\\\/cz\\\/produkty\\\/\"},{\"@type\":\"ListItem\",\"position\":3,\"name\":\"Filling Gunfoam 137 Celoro\u010dn\u00ed v\u00fdpl\u0148ov\u00e1 a izola\u010dn\u00ed pistolov\u00e1 p\u011bna\"}]},{\"@type\":\"WebSite\",\"@id\":\"https:\\\/\\\/penosil.com\\\/cz\\\/#website\",\"url\":\"https:\\\/\\\/penosil.com\\\/cz\\\/\",\"name\":\"Penosil \u010cesk\u00e1 Republika\",\"description\":\"\",\"potentialAction\":[{\"@type\":\"SearchAction\",\"target\":{\"@type\":\"EntryPoint\",\"urlTemplate\":\"https:\\\/\\\/penosil.com\\\/cz\\\/?s={search_term_string}\"},\"query-input\":{\"@type\":\"PropertyValueSpecification\",\"valueRequired\":true,\"valueName\":\"search_term_string\"}}],\"inLanguage\":\"cs\"}]}<\/script>\n<!-- \/ Yoast SEO plugin. -->","yoast_head_json":{"title":"PENOSIL Filling Gunfoam 137 V\u00fdpl\u0148ov\u00e1 a izola\u010dn\u00ed PU p\u011bna","description":"PENOSIL Filling Gunfoam137 jednoslo\u017ekov\u00e1 izola\u010dn\u00ed PU p\u011bna. Celoro\u010dn\u00ed v\u00fdpl\u0148ov\u00e1 pistolov\u00e1 p\u011bna pro ut\u011bsn\u011bn\u00ed mezer, prasklin atd. p\u0159ed om\u00edt\u00e1n\u00edm a malov\u00e1n\u00edm.","robots":{"index":"index","follow":"follow","max-snippet":"max-snippet:-1","max-image-preview":"max-image-preview:large","max-video-preview":"max-video-preview:-1"},"canonical":"https:\/\/penosil.com\/cz\/produkt\/filing-gunfoam-137-vyplnova-izolacni-pistolova-pena\/","og_locale":"cs_CZ","og_type":"article","og_title":"PENOSIL Filling Gunfoam 137 V\u00fdpl\u0148ov\u00e1 a izola\u010dn\u00ed PU p\u011bna","og_description":"PENOSIL Filling Gunfoam137 jednoslo\u017ekov\u00e1 izola\u010dn\u00ed PU p\u011bna. Celoro\u010dn\u00ed v\u00fdpl\u0148ov\u00e1 pistolov\u00e1 p\u011bna pro ut\u011bsn\u011bn\u00ed mezer, prasklin atd. p\u0159ed om\u00edt\u00e1n\u00edm a malov\u00e1n\u00edm.","og_url":"https:\/\/penosil.com\/cz\/produkt\/filing-gunfoam-137-vyplnova-izolacni-pistolova-pena\/","og_site_name":"Penosil \u010cesk\u00e1 Republika","article_modified_time":"2025-12-09T11:33:23+00:00","og_image":[{"width":523,"height":1080,"url":"https:\/\/penosil.com\/cz\/wp-content\/uploads\/sites\/34\/2020\/03\/137_Filling_Gunfoam_137.png","type":"image\/png"}],"twitter_card":"summary_large_image","twitter_misc":{"Odhadovan\u00e1 doba \u010dten\u00ed":"3 minuty"},"schema":{"@context":"https:\/\/schema.org","@graph":[{"@type":"WebPage","@id":"https:\/\/penosil.com\/cz\/produkt\/filing-gunfoam-137-vyplnova-izolacni-pistolova-pena\/","url":"https:\/\/penosil.com\/cz\/produkt\/filing-gunfoam-137-vyplnova-izolacni-pistolova-pena\/","name":"PENOSIL Filling Gunfoam 137 V\u00fdpl\u0148ov\u00e1 a izola\u010dn\u00ed PU p\u011bna","isPartOf":{"@id":"https:\/\/penosil.com\/cz\/#website"},"primaryImageOfPage":{"@id":"https:\/\/penosil.com\/cz\/produkt\/filing-gunfoam-137-vyplnova-izolacni-pistolova-pena\/#primaryimage"},"image":{"@id":"https:\/\/penosil.com\/cz\/produkt\/filing-gunfoam-137-vyplnova-izolacni-pistolova-pena\/#primaryimage"},"thumbnailUrl":"https:\/\/penosil.com\/cz\/wp-content\/uploads\/sites\/34\/2020\/03\/137_Filling_Gunfoam_137.png","datePublished":"2020-03-24T09:02:09+00:00","dateModified":"2025-12-09T11:33:23+00:00","description":"PENOSIL Filling Gunfoam137 jednoslo\u017ekov\u00e1 izola\u010dn\u00ed PU p\u011bna. Celoro\u010dn\u00ed v\u00fdpl\u0148ov\u00e1 pistolov\u00e1 p\u011bna pro ut\u011bsn\u011bn\u00ed mezer, prasklin atd. p\u0159ed om\u00edt\u00e1n\u00edm a malov\u00e1n\u00edm.","breadcrumb":{"@id":"https:\/\/penosil.com\/cz\/produkt\/filing-gunfoam-137-vyplnova-izolacni-pistolova-pena\/#breadcrumb"},"inLanguage":"cs","potentialAction":[{"@type":"ReadAction","target":["https:\/\/penosil.com\/cz\/produkt\/filing-gunfoam-137-vyplnova-izolacni-pistolova-pena\/"]}]},{"@type":"ImageObject","inLanguage":"cs","@id":"https:\/\/penosil.com\/cz\/produkt\/filing-gunfoam-137-vyplnova-izolacni-pistolova-pena\/#primaryimage","url":"https:\/\/penosil.com\/cz\/wp-content\/uploads\/sites\/34\/2020\/03\/137_Filling_Gunfoam_137.png","contentUrl":"https:\/\/penosil.com\/cz\/wp-content\/uploads\/sites\/34\/2020\/03\/137_Filling_Gunfoam_137.png","width":523,"height":1080,"caption":"PENOSIL Filling Gunfoam 137 V\u00fdpl\u0148ov\u00e1 a izola\u010dn\u00ed PU p\u011bna"},{"@type":"BreadcrumbList","@id":"https:\/\/penosil.com\/cz\/produkt\/filing-gunfoam-137-vyplnova-izolacni-pistolova-pena\/#breadcrumb","itemListElement":[{"@type":"ListItem","position":1,"name":"Home","item":"https:\/\/penosil.com\/cz\/"},{"@type":"ListItem","position":2,"name":"Produkty","item":"https:\/\/penosil.com\/cz\/produkty\/"},{"@type":"ListItem","position":3,"name":"Filling Gunfoam 137 Celoro\u010dn\u00ed v\u00fdpl\u0148ov\u00e1 a izola\u010dn\u00ed pistolov\u00e1 p\u011bna"}]},{"@type":"WebSite","@id":"https:\/\/penosil.com\/cz\/#website","url":"https:\/\/penosil.com\/cz\/","name":"Penosil \u010cesk\u00e1 Republika","description":"","potentialAction":[{"@type":"SearchAction","target":{"@type":"EntryPoint","urlTemplate":"https:\/\/penosil.com\/cz\/?s={search_term_string}"},"query-input":{"@type":"PropertyValueSpecification","valueRequired":true,"valueName":"search_term_string"}}],"inLanguage":"cs"}]}},"featured_img":"https:\/\/penosil.com\/cz\/wp-content\/uploads\/sites\/34\/2020\/03\/137_Filling_Gunfoam_137.png","coauthors":[],"author_meta":{"author_link":"https:\/\/penosil.com\/cz\/author\/katlin\/","display_name":"Katlin"},"relative_dates":{"created":"Posted 6 roky ago","modified":"Updated 5 m\u011bs\u00edc\u016f ago"},"absolute_dates":{"created":"Posted on 24. 3. 2020","modified":"Updated on 9. 12. 2025"},"absolute_dates_time":{"created":"Posted on 24. 3. 2020 9:02","modified":"Updated on 9. 12. 2025 12:33"},"featured_img_caption":"PENOSIL Filling Gunfoam 137 V\u00fdpl\u0148ov\u00e1 a izola\u010dn\u00ed PU p\u011bna\n","tax_additional":{"product_brand":{"linked":[],"unlinked":[],"slug":"product_brand","name":"Zna\u010dky"},"product_type":{"linked":["<a href=\"https:\/\/penosil.com\/cz\/?taxonomy=product_type&#038;term=simple\" class=\"advgb-post-tax-term\">simple<\/a>"],"unlinked":["<span class=\"advgb-post-tax-term\">simple<\/span>"],"slug":"product_type","name":"Typ produktu"},"product_visibility":{"linked":[],"unlinked":[],"slug":"product_visibility","name":"Viditelnost produktu"},"product_cat":{"linked":["<a href=\"https:\/\/penosil.com\/cz\/kategorie-produktu\/produktove-skupiny\/prislusenstvi\/\" class=\"advgb-post-tax-term\">T\u00f6\u00f6riistad ja tarvikud<\/a>"],"unlinked":["<span class=\"advgb-post-tax-term\">T\u00f6\u00f6riistad ja tarvikud<\/span>"],"slug":"product_cat","name":"Kategorie produktu"},"product_tag":{"linked":[],"unlinked":[],"slug":"product_tag","name":"\u0160t\u00edtky produktu"},"product_shipping_class":{"linked":[],"unlinked":[],"slug":"product_shipping_class","name":"T\u0159\u00eddy dopravy produktu"},"pos_product_visibility":{"linked":[],"unlinked":[],"slug":"pos_product_visibility","name":"Viditelnost produkt\u016f v POS"},"pa_colour":{"linked":["<a href=\"https:\/\/penosil.com\/cz\/?taxonomy=pa_colour&#038;term=light-yellow-3\" class=\"advgb-post-tax-term\">Sv\u011btle \u017elut\u00e1<\/a>"],"unlinked":["<span class=\"advgb-post-tax-term\">Sv\u011btle \u017elut\u00e1<\/span>"],"slug":"pa_colour","name":"Product Barva"},"pa_diameter":{"linked":[],"unlinked":[],"slug":"pa_diameter","name":"Product Pr\u016fm\u011br"},"pa_package":{"linked":[],"unlinked":[],"slug":"pa_package","name":"Product Balen\u00ed"},"pa_roll":{"linked":[],"unlinked":[],"slug":"pa_roll","name":"Product Provazec"},"pa_widths":{"linked":[],"unlinked":[],"slug":"pa_widths","name":"Product \u0160\u00ed\u0159ka"},"translation_priority":{"linked":["<a href=\"https:\/\/penosil.com\/cz\/?taxonomy=translation_priority&#038;term=optional-cs\" class=\"advgb-post-tax-term\">Optional<\/a>"],"unlinked":["<span class=\"advgb-post-tax-term\">Optional<\/span>"],"slug":"translation_priority","name":"Translation Priorities"}},"series_order":"","_links":{"self":[{"href":"https:\/\/penosil.com\/cz\/wp-json\/wp\/v2\/product\/29811","targetHints":{"allow":["GET"]}}],"collection":[{"href":"https:\/\/penosil.com\/cz\/wp-json\/wp\/v2\/product"}],"about":[{"href":"https:\/\/penosil.com\/cz\/wp-json\/wp\/v2\/types\/product"}],"version-history":[{"count":2,"href":"https:\/\/penosil.com\/cz\/wp-json\/wp\/v2\/product\/29811\/revisions"}],"predecessor-version":[{"id":33943,"href":"https:\/\/penosil.com\/cz\/wp-json\/wp\/v2\/product\/29811\/revisions\/33943"}],"wp:featuredmedia":[{"embeddable":true,"href":"https:\/\/penosil.com\/cz\/wp-json\/wp\/v2\/media\/32006"}],"wp:attachment":[{"href":"https:\/\/penosil.com\/cz\/wp-json\/wp\/v2\/media?parent=29811"}],"wp:term":[{"taxonomy":"product_brand","embeddable":true,"href":"https:\/\/penosil.com\/cz\/wp-json\/wp\/v2\/product_brand?post=29811"},{"taxonomy":"product_cat","embeddable":true,"href":"https:\/\/penosil.com\/cz\/wp-json\/wp\/v2\/product_cat?post=29811"},{"taxonomy":"product_tag","embeddable":true,"href":"https:\/\/penosil.com\/cz\/wp-json\/wp\/v2\/product_tag?post=29811"}],"curies":[{"name":"wp","href":"https:\/\/api.w.org\/{rel}","templated":true}]}}