{"id":30257,"date":"2020-06-02T08:08:35","date_gmt":"2020-06-02T08:08:35","guid":{"rendered":"https:\/\/penosil.com\/cz\/product\/foamgun-g1\/"},"modified":"2025-03-11T15:23:40","modified_gmt":"2025-03-11T14:23:40","slug":"foamgun-g1-aplikacni-pistole-na-pu-penu","status":"publish","type":"product","link":"https:\/\/penosil.com\/cz\/produkt\/foamgun-g1-aplikacni-pistole-na-pu-penu\/","title":{"rendered":"FoamGun G1"},"content":{"rendered":"<p>PENOSIL FoamGun G1 professional aplika\u010dn\u00ed pistole G1 je lehk\u00e1 profesion\u00e1ln\u00ed p\u011bnov\u00e1 pistole s naost\u0159enou jehlou z nerezov\u00e9 oceli a dlouh\u00fdm \u00fast\u00edm hlavn\u011b, kter\u00e9 se hod\u00ed i do tenk\u00fdch otvor\u016f. \u00dasporn\u00e9 pou\u017eit\u00ed, proto\u017ee d\u00e1vkov\u00e1n\u00ed p\u011bny m\u016f\u017ee b\u00fdt velmi p\u0159esn\u00e9.<\/p>\n<h5><span style=\"font-size: 14px\">* Skladem<\/span><\/h5>\n","protected":false},"excerpt":{"rendered":"PENOSIL FoamGun G1 professional aplika\u010dn\u00ed pistole G1 je lehk\u00e1 profesion\u00e1ln\u00ed p\u011bnov\u00e1 pistole s naost\u0159enou jehlou z nerezov\u00e9 oceli a dlouh\u00fdm \u00fast\u00edm hlavn\u011b, kter\u00e9 se hod\u00ed i do tenk\u00fdch otvor\u016f. \u00dasporn\u00e9 pou\u017eit\u00ed, proto\u017ee d\u00e1vkov\u00e1n\u00ed p\u011bny m\u016f\u017ee b\u00fdt velmi p\u0159esn\u00e9. * Skladem","protected":false},"author":2,"featured_media":30259,"template":"","meta":{"_acf_changed":false,"advgb_blocks_editor_width":"","advgb_blocks_columns_visual_guide":"","footnotes":""},"product_brand":[],"product_cat":[2665,2666],"product_tag":[],"class_list":{"0":"post-30257","1":"product","2":"type-product","3":"status-publish","4":"has-post-thumbnail","6":"product_cat-prislusenstvi","7":"product_cat-prislusenstvi-2","9":"first","10":"instock","11":"taxable","12":"shipping-taxable","13":"purchasable","14":"product-type-simple"},"acf":[],"yoast_head":"<!-- This site is optimized with the Yoast SEO plugin v27.4 - https:\/\/yoast.com\/product\/yoast-seo-wordpress\/ -->\n<title>PENOSIL FoamGun G1 professional aplika\u010dn\u00ed pistole<\/title>\n<meta name=\"description\" content=\"PENOSIL FoamGun G1 professional aplika\u010dn\u00ed pistole je profesion\u00e1ln\u00ed p\u011bnov\u00e1 pistole s naost\u0159enou jehlou z nerezov\u00e9 oceli a dlouh\u00fdm \u00fast\u00edm hlavn\u011b. \u010ct\u011bte v\u00edce!\" \/>\n<meta name=\"robots\" content=\"index, follow, max-snippet:-1, max-image-preview:large, max-video-preview:-1\" \/>\n<link rel=\"canonical\" href=\"https:\/\/penosil.com\/cz\/produkt\/foamgun-g1-aplikacni-pistole-na-pu-penu\/\" \/>\n<meta property=\"og:locale\" content=\"cs_CZ\" \/>\n<meta property=\"og:type\" content=\"article\" \/>\n<meta property=\"og:title\" content=\"PENOSIL FoamGun G1 professional aplika\u010dn\u00ed pistole\" \/>\n<meta property=\"og:description\" content=\"PENOSIL FoamGun G1 professional aplika\u010dn\u00ed pistole je profesion\u00e1ln\u00ed p\u011bnov\u00e1 pistole s naost\u0159enou jehlou z nerezov\u00e9 oceli a dlouh\u00fdm \u00fast\u00edm hlavn\u011b. \u010ct\u011bte v\u00edce!\" \/>\n<meta property=\"og:url\" content=\"https:\/\/penosil.com\/cz\/produkt\/foamgun-g1-aplikacni-pistole-na-pu-penu\/\" \/>\n<meta property=\"og:site_name\" content=\"Penosil \u010cesk\u00e1 Republika\" \/>\n<meta property=\"article:modified_time\" content=\"2025-03-11T14:23:40+00:00\" \/>\n<meta property=\"og:image\" content=\"https:\/\/penosil.com\/cz\/wp-content\/uploads\/sites\/34\/2020\/04\/FoamGun_G1_correct.png\" \/>\n\t<meta property=\"og:image:width\" content=\"2632\" \/>\n\t<meta property=\"og:image:height\" content=\"1440\" \/>\n\t<meta property=\"og:image:type\" content=\"image\/png\" \/>\n<meta name=\"twitter:card\" content=\"summary_large_image\" \/>\n<meta name=\"twitter:label1\" content=\"Odhadovan\u00e1 doba \u010dten\u00ed\" \/>\n\t<meta name=\"twitter:data1\" content=\"1 minuta\" \/>\n<script type=\"application\/ld+json\" class=\"yoast-schema-graph\">{\"@context\":\"https:\\\/\\\/schema.org\",\"@graph\":[{\"@type\":\"WebPage\",\"@id\":\"https:\\\/\\\/penosil.com\\\/cz\\\/produkt\\\/foamgun-g1-aplikacni-pistole-na-pu-penu\\\/\",\"url\":\"https:\\\/\\\/penosil.com\\\/cz\\\/produkt\\\/foamgun-g1-aplikacni-pistole-na-pu-penu\\\/\",\"name\":\"PENOSIL FoamGun G1 professional aplika\u010dn\u00ed pistole\",\"isPartOf\":{\"@id\":\"https:\\\/\\\/penosil.com\\\/cz\\\/#website\"},\"primaryImageOfPage\":{\"@id\":\"https:\\\/\\\/penosil.com\\\/cz\\\/produkt\\\/foamgun-g1-aplikacni-pistole-na-pu-penu\\\/#primaryimage\"},\"image\":{\"@id\":\"https:\\\/\\\/penosil.com\\\/cz\\\/produkt\\\/foamgun-g1-aplikacni-pistole-na-pu-penu\\\/#primaryimage\"},\"thumbnailUrl\":\"https:\\\/\\\/penosil.com\\\/cz\\\/wp-content\\\/uploads\\\/sites\\\/34\\\/2020\\\/04\\\/FoamGun_G1_correct.png\",\"datePublished\":\"2020-06-02T08:08:35+00:00\",\"dateModified\":\"2025-03-11T14:23:40+00:00\",\"description\":\"PENOSIL FoamGun G1 professional aplika\u010dn\u00ed pistole je profesion\u00e1ln\u00ed p\u011bnov\u00e1 pistole s naost\u0159enou jehlou z nerezov\u00e9 oceli a dlouh\u00fdm \u00fast\u00edm hlavn\u011b. \u010ct\u011bte v\u00edce!\",\"breadcrumb\":{\"@id\":\"https:\\\/\\\/penosil.com\\\/cz\\\/produkt\\\/foamgun-g1-aplikacni-pistole-na-pu-penu\\\/#breadcrumb\"},\"inLanguage\":\"cs\",\"potentialAction\":[{\"@type\":\"ReadAction\",\"target\":[\"https:\\\/\\\/penosil.com\\\/cz\\\/produkt\\\/foamgun-g1-aplikacni-pistole-na-pu-penu\\\/\"]}]},{\"@type\":\"ImageObject\",\"inLanguage\":\"cs\",\"@id\":\"https:\\\/\\\/penosil.com\\\/cz\\\/produkt\\\/foamgun-g1-aplikacni-pistole-na-pu-penu\\\/#primaryimage\",\"url\":\"https:\\\/\\\/penosil.com\\\/cz\\\/wp-content\\\/uploads\\\/sites\\\/34\\\/2020\\\/04\\\/FoamGun_G1_correct.png\",\"contentUrl\":\"https:\\\/\\\/penosil.com\\\/cz\\\/wp-content\\\/uploads\\\/sites\\\/34\\\/2020\\\/04\\\/FoamGun_G1_correct.png\",\"width\":2632,\"height\":1440,\"caption\":\"PENOSIL FoamGun G1 professional\"},{\"@type\":\"BreadcrumbList\",\"@id\":\"https:\\\/\\\/penosil.com\\\/cz\\\/produkt\\\/foamgun-g1-aplikacni-pistole-na-pu-penu\\\/#breadcrumb\",\"itemListElement\":[{\"@type\":\"ListItem\",\"position\":1,\"name\":\"Home\",\"item\":\"https:\\\/\\\/penosil.com\\\/cz\\\/\"},{\"@type\":\"ListItem\",\"position\":2,\"name\":\"Produkty\",\"item\":\"https:\\\/\\\/penosil.com\\\/cz\\\/produkty\\\/\"},{\"@type\":\"ListItem\",\"position\":3,\"name\":\"FoamGun G1 professional aplika\u010dn\u00ed pistole na PU p\u011bnu\"}]},{\"@type\":\"WebSite\",\"@id\":\"https:\\\/\\\/penosil.com\\\/cz\\\/#website\",\"url\":\"https:\\\/\\\/penosil.com\\\/cz\\\/\",\"name\":\"Penosil \u010cesk\u00e1 Republika\",\"description\":\"\",\"potentialAction\":[{\"@type\":\"SearchAction\",\"target\":{\"@type\":\"EntryPoint\",\"urlTemplate\":\"https:\\\/\\\/penosil.com\\\/cz\\\/?s={search_term_string}\"},\"query-input\":{\"@type\":\"PropertyValueSpecification\",\"valueRequired\":true,\"valueName\":\"search_term_string\"}}],\"inLanguage\":\"cs\"}]}<\/script>\n<!-- \/ Yoast SEO plugin. -->","yoast_head_json":{"title":"PENOSIL FoamGun G1 professional aplika\u010dn\u00ed pistole","description":"PENOSIL FoamGun G1 professional aplika\u010dn\u00ed pistole je profesion\u00e1ln\u00ed p\u011bnov\u00e1 pistole s naost\u0159enou jehlou z nerezov\u00e9 oceli a dlouh\u00fdm \u00fast\u00edm hlavn\u011b. \u010ct\u011bte v\u00edce!","robots":{"index":"index","follow":"follow","max-snippet":"max-snippet:-1","max-image-preview":"max-image-preview:large","max-video-preview":"max-video-preview:-1"},"canonical":"https:\/\/penosil.com\/cz\/produkt\/foamgun-g1-aplikacni-pistole-na-pu-penu\/","og_locale":"cs_CZ","og_type":"article","og_title":"PENOSIL FoamGun G1 professional aplika\u010dn\u00ed pistole","og_description":"PENOSIL FoamGun G1 professional aplika\u010dn\u00ed pistole je profesion\u00e1ln\u00ed p\u011bnov\u00e1 pistole s naost\u0159enou jehlou z nerezov\u00e9 oceli a dlouh\u00fdm \u00fast\u00edm hlavn\u011b. \u010ct\u011bte v\u00edce!","og_url":"https:\/\/penosil.com\/cz\/produkt\/foamgun-g1-aplikacni-pistole-na-pu-penu\/","og_site_name":"Penosil \u010cesk\u00e1 Republika","article_modified_time":"2025-03-11T14:23:40+00:00","og_image":[{"width":2632,"height":1440,"url":"https:\/\/penosil.com\/cz\/wp-content\/uploads\/sites\/34\/2020\/04\/FoamGun_G1_correct.png","type":"image\/png"}],"twitter_card":"summary_large_image","twitter_misc":{"Odhadovan\u00e1 doba \u010dten\u00ed":"1 minuta"},"schema":{"@context":"https:\/\/schema.org","@graph":[{"@type":"WebPage","@id":"https:\/\/penosil.com\/cz\/produkt\/foamgun-g1-aplikacni-pistole-na-pu-penu\/","url":"https:\/\/penosil.com\/cz\/produkt\/foamgun-g1-aplikacni-pistole-na-pu-penu\/","name":"PENOSIL FoamGun G1 professional aplika\u010dn\u00ed pistole","isPartOf":{"@id":"https:\/\/penosil.com\/cz\/#website"},"primaryImageOfPage":{"@id":"https:\/\/penosil.com\/cz\/produkt\/foamgun-g1-aplikacni-pistole-na-pu-penu\/#primaryimage"},"image":{"@id":"https:\/\/penosil.com\/cz\/produkt\/foamgun-g1-aplikacni-pistole-na-pu-penu\/#primaryimage"},"thumbnailUrl":"https:\/\/penosil.com\/cz\/wp-content\/uploads\/sites\/34\/2020\/04\/FoamGun_G1_correct.png","datePublished":"2020-06-02T08:08:35+00:00","dateModified":"2025-03-11T14:23:40+00:00","description":"PENOSIL FoamGun G1 professional aplika\u010dn\u00ed pistole je profesion\u00e1ln\u00ed p\u011bnov\u00e1 pistole s naost\u0159enou jehlou z nerezov\u00e9 oceli a dlouh\u00fdm \u00fast\u00edm hlavn\u011b. \u010ct\u011bte v\u00edce!","breadcrumb":{"@id":"https:\/\/penosil.com\/cz\/produkt\/foamgun-g1-aplikacni-pistole-na-pu-penu\/#breadcrumb"},"inLanguage":"cs","potentialAction":[{"@type":"ReadAction","target":["https:\/\/penosil.com\/cz\/produkt\/foamgun-g1-aplikacni-pistole-na-pu-penu\/"]}]},{"@type":"ImageObject","inLanguage":"cs","@id":"https:\/\/penosil.com\/cz\/produkt\/foamgun-g1-aplikacni-pistole-na-pu-penu\/#primaryimage","url":"https:\/\/penosil.com\/cz\/wp-content\/uploads\/sites\/34\/2020\/04\/FoamGun_G1_correct.png","contentUrl":"https:\/\/penosil.com\/cz\/wp-content\/uploads\/sites\/34\/2020\/04\/FoamGun_G1_correct.png","width":2632,"height":1440,"caption":"PENOSIL FoamGun G1 professional"},{"@type":"BreadcrumbList","@id":"https:\/\/penosil.com\/cz\/produkt\/foamgun-g1-aplikacni-pistole-na-pu-penu\/#breadcrumb","itemListElement":[{"@type":"ListItem","position":1,"name":"Home","item":"https:\/\/penosil.com\/cz\/"},{"@type":"ListItem","position":2,"name":"Produkty","item":"https:\/\/penosil.com\/cz\/produkty\/"},{"@type":"ListItem","position":3,"name":"FoamGun G1 professional aplika\u010dn\u00ed pistole na PU p\u011bnu"}]},{"@type":"WebSite","@id":"https:\/\/penosil.com\/cz\/#website","url":"https:\/\/penosil.com\/cz\/","name":"Penosil \u010cesk\u00e1 Republika","description":"","potentialAction":[{"@type":"SearchAction","target":{"@type":"EntryPoint","urlTemplate":"https:\/\/penosil.com\/cz\/?s={search_term_string}"},"query-input":{"@type":"PropertyValueSpecification","valueRequired":true,"valueName":"search_term_string"}}],"inLanguage":"cs"}]}},"featured_img":"https:\/\/penosil.com\/cz\/wp-content\/uploads\/sites\/34\/2020\/04\/FoamGun_G1_correct.png","coauthors":[],"author_meta":{"author_link":"https:\/\/penosil.com\/cz\/author\/katlin\/","display_name":"Katlin"},"relative_dates":{"created":"Posted 6 roky ago","modified":"Updated 1 rokem ago"},"absolute_dates":{"created":"Posted on 2. 6. 2020","modified":"Updated on 11. 3. 2025"},"absolute_dates_time":{"created":"Posted on 2. 6. 2020 8:08","modified":"Updated on 11. 3. 2025 15:23"},"featured_img_caption":"PENOSIL FoamGun G1 professional\n","tax_additional":{"product_brand":{"linked":[],"unlinked":[],"slug":"product_brand","name":"Zna\u010dky"},"product_type":{"linked":["<a href=\"https:\/\/penosil.com\/cz\/?taxonomy=product_type&#038;term=simple\" class=\"advgb-post-tax-term\">simple<\/a>"],"unlinked":["<span class=\"advgb-post-tax-term\">simple<\/span>"],"slug":"product_type","name":"Typ produktu"},"product_visibility":{"linked":[],"unlinked":[],"slug":"product_visibility","name":"Viditelnost produktu"},"product_cat":{"linked":["<a href=\"https:\/\/penosil.com\/cz\/kategorie-produktu\/produktove-skupiny\/prislusenstvi\/\" class=\"advgb-post-tax-term\">P\u0159\u00edslu\u0161enstv\u00ed<\/a>","<a href=\"https:\/\/penosil.com\/cz\/kategorie-produktu\/oblast-pouziti\/prislusenstvi-2\/\" class=\"advgb-post-tax-term\">P\u0159\u00edslu\u0161enstv\u00ed<\/a>"],"unlinked":["<span class=\"advgb-post-tax-term\">P\u0159\u00edslu\u0161enstv\u00ed<\/span>","<span class=\"advgb-post-tax-term\">P\u0159\u00edslu\u0161enstv\u00ed<\/span>"],"slug":"product_cat","name":"Kategorie produktu"},"product_tag":{"linked":[],"unlinked":[],"slug":"product_tag","name":"\u0160t\u00edtky produktu"},"product_shipping_class":{"linked":[],"unlinked":[],"slug":"product_shipping_class","name":"T\u0159\u00eddy dopravy produktu"},"pos_product_visibility":{"linked":[],"unlinked":[],"slug":"pos_product_visibility","name":"Viditelnost produkt\u016f v POS"},"pa_colour":{"linked":[],"unlinked":[],"slug":"pa_colour","name":"Product Barva"},"pa_diameter":{"linked":[],"unlinked":[],"slug":"pa_diameter","name":"Product Pr\u016fm\u011br"},"pa_package":{"linked":[],"unlinked":[],"slug":"pa_package","name":"Product Balen\u00ed"},"pa_roll":{"linked":[],"unlinked":[],"slug":"pa_roll","name":"Product Provazec"},"pa_widths":{"linked":[],"unlinked":[],"slug":"pa_widths","name":"Product \u0160\u00ed\u0159ka"},"translation_priority":{"linked":["<a href=\"https:\/\/penosil.com\/cz\/?taxonomy=translation_priority&#038;term=optional-cs\" class=\"advgb-post-tax-term\">Optional<\/a>"],"unlinked":["<span class=\"advgb-post-tax-term\">Optional<\/span>"],"slug":"translation_priority","name":"Translation Priorities"}},"series_order":"","_links":{"self":[{"href":"https:\/\/penosil.com\/cz\/wp-json\/wp\/v2\/product\/30257","targetHints":{"allow":["GET"]}}],"collection":[{"href":"https:\/\/penosil.com\/cz\/wp-json\/wp\/v2\/product"}],"about":[{"href":"https:\/\/penosil.com\/cz\/wp-json\/wp\/v2\/types\/product"}],"version-history":[{"count":1,"href":"https:\/\/penosil.com\/cz\/wp-json\/wp\/v2\/product\/30257\/revisions"}],"predecessor-version":[{"id":32451,"href":"https:\/\/penosil.com\/cz\/wp-json\/wp\/v2\/product\/30257\/revisions\/32451"}],"wp:featuredmedia":[{"embeddable":true,"href":"https:\/\/penosil.com\/cz\/wp-json\/wp\/v2\/media\/30259"}],"wp:attachment":[{"href":"https:\/\/penosil.com\/cz\/wp-json\/wp\/v2\/media?parent=30257"}],"wp:term":[{"taxonomy":"product_brand","embeddable":true,"href":"https:\/\/penosil.com\/cz\/wp-json\/wp\/v2\/product_brand?post=30257"},{"taxonomy":"product_cat","embeddable":true,"href":"https:\/\/penosil.com\/cz\/wp-json\/wp\/v2\/product_cat?post=30257"},{"taxonomy":"product_tag","embeddable":true,"href":"https:\/\/penosil.com\/cz\/wp-json\/wp\/v2\/product_tag?post=30257"}],"curies":[{"name":"wp","href":"https:\/\/api.w.org\/{rel}","templated":true}]}}