{"id":31855,"date":"2023-07-10T08:43:45","date_gmt":"2023-07-10T06:43:45","guid":{"rendered":"https:\/\/penosil.com\/cz\/?post_type=product&#038;p=31855"},"modified":"2025-03-11T15:23:37","modified_gmt":"2025-03-11T14:23:37","slug":"primefix-900-kontaktni-lepidlo-a-primer-ve-spreji","status":"publish","type":"product","link":"https:\/\/penosil.com\/cz\/produkt\/primefix-900-kontaktni-lepidlo-a-primer-ve-spreji\/","title":{"rendered":"Prime&amp;Fix 900"},"content":{"rendered":"<p>PENOSIL Prime&amp;Fix 900 je v\u00edce\u00fa\u010delov\u00e9 st\u0159\u00edkan\u00e9 kontaktn\u00ed lepidlo a z\u00e1kladn\u00ed n\u00e1t\u011br na b\u00e1zi syntetick\u00e9ho kau\u010duku pro pou\u017eit\u00ed v interi\u00e9ru i exteri\u00e9ru. Vytv\u00e1\u0159\u00ed rychl\u00fd a pevn\u00fd spoj s \u0161irokou \u0161k\u00e1lou materi\u00e1l\u016f, v\u010detn\u011b mnoha por\u00e9zn\u00edch materi\u00e1l\u016f. M\u016f\u017ee b\u00fdt pou\u017eit jako stimul\u00e1tor p\u0159ilnavosti okenn\u00edch p\u00e1sek.<\/p>\n<h5><span style=\"font-size: 14px\">* Skladem<\/span><\/h5>\n","protected":false},"excerpt":{"rendered":"PENOSIL Prime&amp;Fix 900 je v\u00edce\u00fa\u010delov\u00e9 st\u0159\u00edkan\u00e9 kontaktn\u00ed lepidlo a z\u00e1kladn\u00ed n\u00e1t\u011br na b\u00e1zi syntetick\u00e9ho kau\u010duku pro pou\u017eit\u00ed v interi\u00e9ru i exteri\u00e9ru. Vytv\u00e1\u0159\u00ed rychl\u00fd a pevn\u00fd spoj s \u0161irokou \u0161k\u00e1lou materi\u00e1l\u016f, v\u010detn\u011b mnoha por\u00e9zn\u00edch materi\u00e1l\u016f. M\u016f\u017ee b\u00fdt pou\u017eit jako stimul\u00e1tor p\u0159ilnavosti okenn\u00edch p\u00e1sek. * Skladem","protected":false},"author":33,"featured_media":31859,"template":"","meta":{"_acf_changed":false,"advgb_blocks_editor_width":"","advgb_blocks_columns_visual_guide":"","footnotes":""},"product_brand":[],"product_cat":[2633,2568,2570],"product_tag":[],"class_list":{"0":"post-31855","1":"product","2":"type-product","3":"status-publish","4":"has-post-thumbnail","6":"product_cat-stavebni-lepidla","7":"product_cat-lepidla","8":"product_cat-lepeni","10":"first","11":"instock","12":"taxable","13":"shipping-taxable","14":"purchasable","15":"product-type-simple"},"acf":[],"yoast_head":"<!-- This site is optimized with the Yoast SEO plugin v27.2 - https:\/\/yoast.com\/product\/yoast-seo-wordpress\/ -->\n<title>PENOSIL Prime&amp;Fix 900 kontaktn\u00ed lepidlo a primer ve spreji<\/title>\n<meta name=\"description\" content=\"PENOSIL Prime&amp;Fix 900 je kontaktn\u00ed lepidlo ve spreji, kter\u00e9 lze tak\u00e9 pou\u017e\u00edt jako primer pro zlep\u0161en\u00ed p\u0159ilnavosti p\u0159i instalaci parot\u011bsn\u00fdch z\u00e1bran.\" \/>\n<meta name=\"robots\" content=\"index, follow, max-snippet:-1, max-image-preview:large, max-video-preview:-1\" \/>\n<link rel=\"canonical\" href=\"https:\/\/penosil.com\/cz\/produkt\/primefix-900-kontaktni-lepidlo-a-primer-ve-spreji\/\" \/>\n<meta property=\"og:locale\" content=\"cs_CZ\" \/>\n<meta property=\"og:type\" content=\"article\" \/>\n<meta property=\"og:title\" content=\"PENOSIL Prime&amp;Fix 900 kontaktn\u00ed lepidlo a primer ve spreji\" \/>\n<meta property=\"og:description\" content=\"PENOSIL Prime&amp;Fix 900 je kontaktn\u00ed lepidlo ve spreji, kter\u00e9 lze tak\u00e9 pou\u017e\u00edt jako primer pro zlep\u0161en\u00ed p\u0159ilnavosti p\u0159i instalaci parot\u011bsn\u00fdch z\u00e1bran.\" \/>\n<meta property=\"og:url\" content=\"https:\/\/penosil.com\/cz\/produkt\/primefix-900-kontaktni-lepidlo-a-primer-ve-spreji\/\" \/>\n<meta property=\"og:site_name\" content=\"Penosil \u010cesk\u00e1 Republika\" \/>\n<meta property=\"article:modified_time\" content=\"2025-03-11T14:23:37+00:00\" \/>\n<meta property=\"og:image\" content=\"https:\/\/penosil.com\/cz\/wp-content\/uploads\/sites\/34\/2023\/07\/PE-3044.png\" \/>\n\t<meta property=\"og:image:width\" content=\"523\" \/>\n\t<meta property=\"og:image:height\" content=\"1080\" \/>\n\t<meta property=\"og:image:type\" content=\"image\/png\" \/>\n<meta name=\"twitter:card\" content=\"summary_large_image\" \/>\n<meta name=\"twitter:label1\" content=\"Odhadovan\u00e1 doba \u010dten\u00ed\" \/>\n\t<meta name=\"twitter:data1\" content=\"1 minuta\" \/>\n<script type=\"application\/ld+json\" class=\"yoast-schema-graph\">{\"@context\":\"https:\/\/schema.org\",\"@graph\":[{\"@type\":\"WebPage\",\"@id\":\"https:\/\/penosil.com\/cz\/produkt\/primefix-900-kontaktni-lepidlo-a-primer-ve-spreji\/\",\"url\":\"https:\/\/penosil.com\/cz\/produkt\/primefix-900-kontaktni-lepidlo-a-primer-ve-spreji\/\",\"name\":\"PENOSIL Prime&Fix 900 kontaktn\u00ed lepidlo a primer ve spreji\",\"isPartOf\":{\"@id\":\"https:\/\/penosil.com\/cz\/#website\"},\"primaryImageOfPage\":{\"@id\":\"https:\/\/penosil.com\/cz\/produkt\/primefix-900-kontaktni-lepidlo-a-primer-ve-spreji\/#primaryimage\"},\"image\":{\"@id\":\"https:\/\/penosil.com\/cz\/produkt\/primefix-900-kontaktni-lepidlo-a-primer-ve-spreji\/#primaryimage\"},\"thumbnailUrl\":\"https:\/\/penosil.com\/cz\/wp-content\/uploads\/sites\/34\/2023\/07\/PE-3044.png\",\"datePublished\":\"2023-07-10T06:43:45+00:00\",\"dateModified\":\"2025-03-11T14:23:37+00:00\",\"description\":\"PENOSIL Prime&Fix 900 je kontaktn\u00ed lepidlo ve spreji, kter\u00e9 lze tak\u00e9 pou\u017e\u00edt jako primer pro zlep\u0161en\u00ed p\u0159ilnavosti p\u0159i instalaci parot\u011bsn\u00fdch z\u00e1bran.\",\"breadcrumb\":{\"@id\":\"https:\/\/penosil.com\/cz\/produkt\/primefix-900-kontaktni-lepidlo-a-primer-ve-spreji\/#breadcrumb\"},\"inLanguage\":\"cs\",\"potentialAction\":[{\"@type\":\"ReadAction\",\"target\":[\"https:\/\/penosil.com\/cz\/produkt\/primefix-900-kontaktni-lepidlo-a-primer-ve-spreji\/\"]}]},{\"@type\":\"ImageObject\",\"inLanguage\":\"cs\",\"@id\":\"https:\/\/penosil.com\/cz\/produkt\/primefix-900-kontaktni-lepidlo-a-primer-ve-spreji\/#primaryimage\",\"url\":\"https:\/\/penosil.com\/cz\/wp-content\/uploads\/sites\/34\/2023\/07\/PE-3044.png\",\"contentUrl\":\"https:\/\/penosil.com\/cz\/wp-content\/uploads\/sites\/34\/2023\/07\/PE-3044.png\",\"width\":523,\"height\":1080,\"caption\":\"Prime&amp;Fix 900 kontaktn\u00ed lepidlo a primer ve spreji\"},{\"@type\":\"BreadcrumbList\",\"@id\":\"https:\/\/penosil.com\/cz\/produkt\/primefix-900-kontaktni-lepidlo-a-primer-ve-spreji\/#breadcrumb\",\"itemListElement\":[{\"@type\":\"ListItem\",\"position\":1,\"name\":\"Home\",\"item\":\"https:\/\/penosil.com\/cz\/\"},{\"@type\":\"ListItem\",\"position\":2,\"name\":\"Produkty\",\"item\":\"https:\/\/penosil.com\/cz\/produkty\/\"},{\"@type\":\"ListItem\",\"position\":3,\"name\":\"Prime&amp;Fix 900 kontaktn\u00ed lepidlo a primer ve spreji\"}]},{\"@type\":\"WebSite\",\"@id\":\"https:\/\/penosil.com\/cz\/#website\",\"url\":\"https:\/\/penosil.com\/cz\/\",\"name\":\"Penosil \u010cesk\u00e1 Republika\",\"description\":\"\",\"potentialAction\":[{\"@type\":\"SearchAction\",\"target\":{\"@type\":\"EntryPoint\",\"urlTemplate\":\"https:\/\/penosil.com\/cz\/?s={search_term_string}\"},\"query-input\":{\"@type\":\"PropertyValueSpecification\",\"valueRequired\":true,\"valueName\":\"search_term_string\"}}],\"inLanguage\":\"cs\"}]}<\/script>\n<!-- \/ Yoast SEO plugin. -->","yoast_head_json":{"title":"PENOSIL Prime&Fix 900 kontaktn\u00ed lepidlo a primer ve spreji","description":"PENOSIL Prime&Fix 900 je kontaktn\u00ed lepidlo ve spreji, kter\u00e9 lze tak\u00e9 pou\u017e\u00edt jako primer pro zlep\u0161en\u00ed p\u0159ilnavosti p\u0159i instalaci parot\u011bsn\u00fdch z\u00e1bran.","robots":{"index":"index","follow":"follow","max-snippet":"max-snippet:-1","max-image-preview":"max-image-preview:large","max-video-preview":"max-video-preview:-1"},"canonical":"https:\/\/penosil.com\/cz\/produkt\/primefix-900-kontaktni-lepidlo-a-primer-ve-spreji\/","og_locale":"cs_CZ","og_type":"article","og_title":"PENOSIL Prime&Fix 900 kontaktn\u00ed lepidlo a primer ve spreji","og_description":"PENOSIL Prime&Fix 900 je kontaktn\u00ed lepidlo ve spreji, kter\u00e9 lze tak\u00e9 pou\u017e\u00edt jako primer pro zlep\u0161en\u00ed p\u0159ilnavosti p\u0159i instalaci parot\u011bsn\u00fdch z\u00e1bran.","og_url":"https:\/\/penosil.com\/cz\/produkt\/primefix-900-kontaktni-lepidlo-a-primer-ve-spreji\/","og_site_name":"Penosil \u010cesk\u00e1 Republika","article_modified_time":"2025-03-11T14:23:37+00:00","og_image":[{"width":523,"height":1080,"url":"https:\/\/penosil.com\/cz\/wp-content\/uploads\/sites\/34\/2023\/07\/PE-3044.png","type":"image\/png"}],"twitter_card":"summary_large_image","twitter_misc":{"Odhadovan\u00e1 doba \u010dten\u00ed":"1 minuta"},"schema":{"@context":"https:\/\/schema.org","@graph":[{"@type":"WebPage","@id":"https:\/\/penosil.com\/cz\/produkt\/primefix-900-kontaktni-lepidlo-a-primer-ve-spreji\/","url":"https:\/\/penosil.com\/cz\/produkt\/primefix-900-kontaktni-lepidlo-a-primer-ve-spreji\/","name":"PENOSIL Prime&Fix 900 kontaktn\u00ed lepidlo a primer ve spreji","isPartOf":{"@id":"https:\/\/penosil.com\/cz\/#website"},"primaryImageOfPage":{"@id":"https:\/\/penosil.com\/cz\/produkt\/primefix-900-kontaktni-lepidlo-a-primer-ve-spreji\/#primaryimage"},"image":{"@id":"https:\/\/penosil.com\/cz\/produkt\/primefix-900-kontaktni-lepidlo-a-primer-ve-spreji\/#primaryimage"},"thumbnailUrl":"https:\/\/penosil.com\/cz\/wp-content\/uploads\/sites\/34\/2023\/07\/PE-3044.png","datePublished":"2023-07-10T06:43:45+00:00","dateModified":"2025-03-11T14:23:37+00:00","description":"PENOSIL Prime&Fix 900 je kontaktn\u00ed lepidlo ve spreji, kter\u00e9 lze tak\u00e9 pou\u017e\u00edt jako primer pro zlep\u0161en\u00ed p\u0159ilnavosti p\u0159i instalaci parot\u011bsn\u00fdch z\u00e1bran.","breadcrumb":{"@id":"https:\/\/penosil.com\/cz\/produkt\/primefix-900-kontaktni-lepidlo-a-primer-ve-spreji\/#breadcrumb"},"inLanguage":"cs","potentialAction":[{"@type":"ReadAction","target":["https:\/\/penosil.com\/cz\/produkt\/primefix-900-kontaktni-lepidlo-a-primer-ve-spreji\/"]}]},{"@type":"ImageObject","inLanguage":"cs","@id":"https:\/\/penosil.com\/cz\/produkt\/primefix-900-kontaktni-lepidlo-a-primer-ve-spreji\/#primaryimage","url":"https:\/\/penosil.com\/cz\/wp-content\/uploads\/sites\/34\/2023\/07\/PE-3044.png","contentUrl":"https:\/\/penosil.com\/cz\/wp-content\/uploads\/sites\/34\/2023\/07\/PE-3044.png","width":523,"height":1080,"caption":"Prime&amp;Fix 900 kontaktn\u00ed lepidlo a primer ve spreji"},{"@type":"BreadcrumbList","@id":"https:\/\/penosil.com\/cz\/produkt\/primefix-900-kontaktni-lepidlo-a-primer-ve-spreji\/#breadcrumb","itemListElement":[{"@type":"ListItem","position":1,"name":"Home","item":"https:\/\/penosil.com\/cz\/"},{"@type":"ListItem","position":2,"name":"Produkty","item":"https:\/\/penosil.com\/cz\/produkty\/"},{"@type":"ListItem","position":3,"name":"Prime&amp;Fix 900 kontaktn\u00ed lepidlo a primer ve spreji"}]},{"@type":"WebSite","@id":"https:\/\/penosil.com\/cz\/#website","url":"https:\/\/penosil.com\/cz\/","name":"Penosil \u010cesk\u00e1 Republika","description":"","potentialAction":[{"@type":"SearchAction","target":{"@type":"EntryPoint","urlTemplate":"https:\/\/penosil.com\/cz\/?s={search_term_string}"},"query-input":{"@type":"PropertyValueSpecification","valueRequired":true,"valueName":"search_term_string"}}],"inLanguage":"cs"}]}},"featured_img":"https:\/\/penosil.com\/cz\/wp-content\/uploads\/sites\/34\/2023\/07\/PE-3044.png","coauthors":[],"author_meta":{"author_link":"https:\/\/penosil.com\/cz\/author\/jirikuran\/","display_name":"jirikuran"},"relative_dates":{"created":"Posted 3 roky ago","modified":"Updated 1 rokem ago"},"absolute_dates":{"created":"Posted on 10. 7. 2023","modified":"Updated on 11. 3. 2025"},"absolute_dates_time":{"created":"Posted on 10. 7. 2023 8:43","modified":"Updated on 11. 3. 2025 15:23"},"featured_img_caption":"Prime&amp;Fix 900 kontaktn\u00ed lepidlo a primer ve spreji","tax_additional":{"product_brand":{"linked":[],"unlinked":[],"slug":"product_brand","name":"Zna\u010dky"},"product_type":{"linked":["<a href=\"https:\/\/penosil.com\/cz\/?taxonomy=product_type&#038;term=simple\" class=\"advgb-post-tax-term\">simple<\/a>"],"unlinked":["<span class=\"advgb-post-tax-term\">simple<\/span>"],"slug":"product_type","name":"Typ produktu"},"product_visibility":{"linked":[],"unlinked":[],"slug":"product_visibility","name":"Viditelnost produktu"},"product_cat":{"linked":["<a href=\"https:\/\/penosil.com\/cz\/kategorie-produktu\/produktove-skupiny\/lepidla\/stavebni-lepidla\/\" class=\"advgb-post-tax-term\">Stavebn\u00ed lepidla<\/a>","<a href=\"https:\/\/penosil.com\/cz\/kategorie-produktu\/produktove-skupiny\/lepidla\/\" class=\"advgb-post-tax-term\">Lepidla<\/a>","<a href=\"https:\/\/penosil.com\/cz\/kategorie-produktu\/oblast-pouziti\/lepeni\/\" class=\"advgb-post-tax-term\">Lepen\u00ed<\/a>"],"unlinked":["<span class=\"advgb-post-tax-term\">Stavebn\u00ed lepidla<\/span>","<span class=\"advgb-post-tax-term\">Lepidla<\/span>","<span class=\"advgb-post-tax-term\">Lepen\u00ed<\/span>"],"slug":"product_cat","name":"Kategorie produktu"},"product_tag":{"linked":[],"unlinked":[],"slug":"product_tag","name":"\u0160t\u00edtky produktu"},"product_shipping_class":{"linked":[],"unlinked":[],"slug":"product_shipping_class","name":"T\u0159\u00eddy dopravy produktu"},"pos_product_visibility":{"linked":[],"unlinked":[],"slug":"pos_product_visibility","name":"Viditelnost produkt\u016f v POS"},"pa_colour":{"linked":["<a href=\"https:\/\/penosil.com\/cz\/?taxonomy=pa_colour&#038;term=milky-3\" class=\"advgb-post-tax-term\">Ml\u00e9\u010dn\u00e1<\/a>"],"unlinked":["<span class=\"advgb-post-tax-term\">Ml\u00e9\u010dn\u00e1<\/span>"],"slug":"pa_colour","name":"Product Barva"},"pa_diameter":{"linked":[],"unlinked":[],"slug":"pa_diameter","name":"Product Pr\u016fm\u011br"},"pa_package":{"linked":[],"unlinked":[],"slug":"pa_package","name":"Product Balen\u00ed"},"pa_roll":{"linked":[],"unlinked":[],"slug":"pa_roll","name":"Product Provazec"},"pa_widths":{"linked":[],"unlinked":[],"slug":"pa_widths","name":"Product \u0160\u00ed\u0159ka"},"translation_priority":{"linked":["<a href=\"https:\/\/penosil.com\/cz\/?taxonomy=translation_priority&#038;term=optional-cs\" class=\"advgb-post-tax-term\">Optional<\/a>"],"unlinked":["<span class=\"advgb-post-tax-term\">Optional<\/span>"],"slug":"translation_priority","name":"Translation Priorities"}},"series_order":"","_links":{"self":[{"href":"https:\/\/penosil.com\/cz\/wp-json\/wp\/v2\/product\/31855","targetHints":{"allow":["GET"]}}],"collection":[{"href":"https:\/\/penosil.com\/cz\/wp-json\/wp\/v2\/product"}],"about":[{"href":"https:\/\/penosil.com\/cz\/wp-json\/wp\/v2\/types\/product"}],"version-history":[{"count":1,"href":"https:\/\/penosil.com\/cz\/wp-json\/wp\/v2\/product\/31855\/revisions"}],"predecessor-version":[{"id":32423,"href":"https:\/\/penosil.com\/cz\/wp-json\/wp\/v2\/product\/31855\/revisions\/32423"}],"wp:featuredmedia":[{"embeddable":true,"href":"https:\/\/penosil.com\/cz\/wp-json\/wp\/v2\/media\/31859"}],"wp:attachment":[{"href":"https:\/\/penosil.com\/cz\/wp-json\/wp\/v2\/media?parent=31855"}],"wp:term":[{"taxonomy":"product_brand","embeddable":true,"href":"https:\/\/penosil.com\/cz\/wp-json\/wp\/v2\/product_brand?post=31855"},{"taxonomy":"product_cat","embeddable":true,"href":"https:\/\/penosil.com\/cz\/wp-json\/wp\/v2\/product_cat?post=31855"},{"taxonomy":"product_tag","embeddable":true,"href":"https:\/\/penosil.com\/cz\/wp-json\/wp\/v2\/product_tag?post=31855"}],"curies":[{"name":"wp","href":"https:\/\/api.w.org\/{rel}","templated":true}]}}