{"id":31968,"date":"2023-11-06T13:21:14","date_gmt":"2023-11-06T12:21:14","guid":{"rendered":"https:\/\/penosil.com\/cz\/?post_type=product&#038;p=31968"},"modified":"2025-12-09T12:33:23","modified_gmt":"2025-12-09T11:33:23","slug":"easyspray-111-izolacni-pena-pro-nastrik","status":"publish","type":"product","link":"https:\/\/penosil.com\/cz\/produkt\/easyspray-111-izolacni-pena-pro-nastrik\/","title":{"rendered":"EasySpray Foam 111"},"content":{"rendered":"<p>PENOSIL EasySpray je jednoslo\u017ekov\u00e1 izola\u010dn\u00ed p\u011bna pro n\u00e1st\u0159ik, p\u0159ipraven\u00e1 k pou\u017eit\u00ed pro ut\u011bsn\u011bn\u00ed a izolaci v\u0161ech typ\u016f nepohodln\u00fdch m\u00edst a povrch\u016f, kde je pou\u017eit\u00ed tradi\u010dn\u00edch izola\u010dn\u00edch materi\u00e1l\u016f obt\u00ed\u017en\u00e9. Rychl\u00e9 a pohodln\u00e9 pou\u017eit\u00ed. Speci\u00e1ln\u00ed st\u0159\u00edkac\u00ed aplik\u00e1tor, je kompatibiln\u00ed s v\u011bt\u0161inou p\u011bnov\u00fdch pistol\u00ed.<\/p>\n<h5><span style=\"font-size: 14px;\">* Skladem<\/span><\/h5>\n","protected":false},"excerpt":{"rendered":"PENOSIL EasySpray je jednoslo\u017ekov\u00e1 izola\u010dn\u00ed p\u011bna pro n\u00e1st\u0159ik, p\u0159ipraven\u00e1 k pou\u017eit\u00ed pro ut\u011bsn\u011bn\u00ed a izolaci v\u0161ech typ\u016f nepohodln\u00fdch m\u00edst a povrch\u016f, kde je pou\u017eit\u00ed tradi\u010dn\u00edch izola\u010dn\u00edch materi\u00e1l\u016f obt\u00ed\u017en\u00e9. Rychl\u00e9 a pohodln\u00e9 pou\u017eit\u00ed. Speci\u00e1ln\u00ed st\u0159\u00edkac\u00ed aplik\u00e1tor, je kompatibiln\u00ed s v\u011bt\u0161inou p\u011bnov\u00fdch pistol\u00ed. * Skladem","protected":false},"author":33,"featured_media":33338,"template":"","meta":{"_acf_changed":false,"advgb_blocks_editor_width":"","advgb_blocks_columns_visual_guide":"","footnotes":""},"product_brand":[],"product_cat":[2567,2547],"product_tag":[],"class_list":{"0":"post-31968","1":"product","2":"type-product","3":"status-publish","4":"has-post-thumbnail","6":"product_cat-oblast-pouziti","7":"product_cat-strechy-fasady","9":"first","10":"instock","11":"taxable","12":"shipping-taxable","13":"purchasable","14":"product-type-simple"},"acf":[],"yoast_head":"<!-- This site is optimized with the Yoast SEO plugin v27.2 - https:\/\/yoast.com\/product\/yoast-seo-wordpress\/ -->\n<title>PENOSIL EasySpray Foam 111 - St\u0159\u00edkac\u00ed p\u011bna na tepelnou izolaci<\/title>\n<meta name=\"description\" content=\"PENOSIL EasySpray je jednoslo\u017ekov\u00e1 izola\u010dn\u00ed p\u011bna pro n\u00e1st\u0159ik, p\u0159ipraven\u00e1 k pou\u017eit\u00ed pro ut\u011bsn\u011bn\u00ed a izolaci v\u0161ech typ\u016f nepohodln\u00fdch m\u00edst a povrch\u016f.\" \/>\n<meta name=\"robots\" content=\"index, follow, max-snippet:-1, max-image-preview:large, max-video-preview:-1\" \/>\n<link rel=\"canonical\" href=\"https:\/\/penosil.com\/cz\/produkt\/easyspray-111-izolacni-pena-pro-nastrik\/\" \/>\n<meta property=\"og:locale\" content=\"cs_CZ\" \/>\n<meta property=\"og:type\" content=\"article\" \/>\n<meta property=\"og:title\" content=\"PENOSIL EasySpray Foam 111 - St\u0159\u00edkac\u00ed p\u011bna na tepelnou izolaci\" \/>\n<meta property=\"og:description\" content=\"PENOSIL EasySpray je jednoslo\u017ekov\u00e1 izola\u010dn\u00ed p\u011bna pro n\u00e1st\u0159ik, p\u0159ipraven\u00e1 k pou\u017eit\u00ed pro ut\u011bsn\u011bn\u00ed a izolaci v\u0161ech typ\u016f nepohodln\u00fdch m\u00edst a povrch\u016f.\" \/>\n<meta property=\"og:url\" content=\"https:\/\/penosil.com\/cz\/produkt\/easyspray-111-izolacni-pena-pro-nastrik\/\" \/>\n<meta property=\"og:site_name\" content=\"Penosil \u010cesk\u00e1 Republika\" \/>\n<meta property=\"article:modified_time\" content=\"2025-12-09T11:33:23+00:00\" \/>\n<meta property=\"og:image\" content=\"https:\/\/penosil.com\/cz\/wp-content\/uploads\/sites\/34\/2023\/11\/PE-A20045.webp\" \/>\n\t<meta property=\"og:image:width\" content=\"523\" \/>\n\t<meta property=\"og:image:height\" content=\"1080\" \/>\n\t<meta property=\"og:image:type\" content=\"image\/webp\" \/>\n<meta name=\"twitter:card\" content=\"summary_large_image\" \/>\n<meta name=\"twitter:label1\" content=\"Odhadovan\u00e1 doba \u010dten\u00ed\" \/>\n\t<meta name=\"twitter:data1\" content=\"4 minuty\" \/>\n<script type=\"application\/ld+json\" class=\"yoast-schema-graph\">{\"@context\":\"https:\/\/schema.org\",\"@graph\":[{\"@type\":\"WebPage\",\"@id\":\"https:\/\/penosil.com\/cz\/produkt\/easyspray-111-izolacni-pena-pro-nastrik\/\",\"url\":\"https:\/\/penosil.com\/cz\/produkt\/easyspray-111-izolacni-pena-pro-nastrik\/\",\"name\":\"PENOSIL EasySpray Foam 111 - St\u0159\u00edkac\u00ed p\u011bna na tepelnou izolaci\",\"isPartOf\":{\"@id\":\"https:\/\/penosil.com\/cz\/#website\"},\"primaryImageOfPage\":{\"@id\":\"https:\/\/penosil.com\/cz\/produkt\/easyspray-111-izolacni-pena-pro-nastrik\/#primaryimage\"},\"image\":{\"@id\":\"https:\/\/penosil.com\/cz\/produkt\/easyspray-111-izolacni-pena-pro-nastrik\/#primaryimage\"},\"thumbnailUrl\":\"https:\/\/penosil.com\/cz\/wp-content\/uploads\/sites\/34\/2023\/11\/PE-A20045.webp\",\"datePublished\":\"2023-11-06T12:21:14+00:00\",\"dateModified\":\"2025-12-09T11:33:23+00:00\",\"description\":\"PENOSIL EasySpray je jednoslo\u017ekov\u00e1 izola\u010dn\u00ed p\u011bna pro n\u00e1st\u0159ik, p\u0159ipraven\u00e1 k pou\u017eit\u00ed pro ut\u011bsn\u011bn\u00ed a izolaci v\u0161ech typ\u016f nepohodln\u00fdch m\u00edst a povrch\u016f.\",\"breadcrumb\":{\"@id\":\"https:\/\/penosil.com\/cz\/produkt\/easyspray-111-izolacni-pena-pro-nastrik\/#breadcrumb\"},\"inLanguage\":\"cs\",\"potentialAction\":[{\"@type\":\"ReadAction\",\"target\":[\"https:\/\/penosil.com\/cz\/produkt\/easyspray-111-izolacni-pena-pro-nastrik\/\"]}]},{\"@type\":\"ImageObject\",\"inLanguage\":\"cs\",\"@id\":\"https:\/\/penosil.com\/cz\/produkt\/easyspray-111-izolacni-pena-pro-nastrik\/#primaryimage\",\"url\":\"https:\/\/penosil.com\/cz\/wp-content\/uploads\/sites\/34\/2023\/11\/PE-A20045.webp\",\"contentUrl\":\"https:\/\/penosil.com\/cz\/wp-content\/uploads\/sites\/34\/2023\/11\/PE-A20045.webp\",\"width\":523,\"height\":1080,\"caption\":\"St\u0159\u00edkac\u00ed p\u011bna na tepelnou izolaci\"},{\"@type\":\"BreadcrumbList\",\"@id\":\"https:\/\/penosil.com\/cz\/produkt\/easyspray-111-izolacni-pena-pro-nastrik\/#breadcrumb\",\"itemListElement\":[{\"@type\":\"ListItem\",\"position\":1,\"name\":\"Home\",\"item\":\"https:\/\/penosil.com\/cz\/\"},{\"@type\":\"ListItem\",\"position\":2,\"name\":\"Produkty\",\"item\":\"https:\/\/penosil.com\/cz\/produkty\/\"},{\"@type\":\"ListItem\",\"position\":3,\"name\":\"EasySpray Foam 111 St\u0159\u00edkac\u00ed p\u011bna na tepelnou izolaci\"}]},{\"@type\":\"WebSite\",\"@id\":\"https:\/\/penosil.com\/cz\/#website\",\"url\":\"https:\/\/penosil.com\/cz\/\",\"name\":\"Penosil \u010cesk\u00e1 Republika\",\"description\":\"\",\"potentialAction\":[{\"@type\":\"SearchAction\",\"target\":{\"@type\":\"EntryPoint\",\"urlTemplate\":\"https:\/\/penosil.com\/cz\/?s={search_term_string}\"},\"query-input\":{\"@type\":\"PropertyValueSpecification\",\"valueRequired\":true,\"valueName\":\"search_term_string\"}}],\"inLanguage\":\"cs\"}]}<\/script>\n<!-- \/ Yoast SEO plugin. -->","yoast_head_json":{"title":"PENOSIL EasySpray Foam 111 - St\u0159\u00edkac\u00ed p\u011bna na tepelnou izolaci","description":"PENOSIL EasySpray je jednoslo\u017ekov\u00e1 izola\u010dn\u00ed p\u011bna pro n\u00e1st\u0159ik, p\u0159ipraven\u00e1 k pou\u017eit\u00ed pro ut\u011bsn\u011bn\u00ed a izolaci v\u0161ech typ\u016f nepohodln\u00fdch m\u00edst a povrch\u016f.","robots":{"index":"index","follow":"follow","max-snippet":"max-snippet:-1","max-image-preview":"max-image-preview:large","max-video-preview":"max-video-preview:-1"},"canonical":"https:\/\/penosil.com\/cz\/produkt\/easyspray-111-izolacni-pena-pro-nastrik\/","og_locale":"cs_CZ","og_type":"article","og_title":"PENOSIL EasySpray Foam 111 - St\u0159\u00edkac\u00ed p\u011bna na tepelnou izolaci","og_description":"PENOSIL EasySpray je jednoslo\u017ekov\u00e1 izola\u010dn\u00ed p\u011bna pro n\u00e1st\u0159ik, p\u0159ipraven\u00e1 k pou\u017eit\u00ed pro ut\u011bsn\u011bn\u00ed a izolaci v\u0161ech typ\u016f nepohodln\u00fdch m\u00edst a povrch\u016f.","og_url":"https:\/\/penosil.com\/cz\/produkt\/easyspray-111-izolacni-pena-pro-nastrik\/","og_site_name":"Penosil \u010cesk\u00e1 Republika","article_modified_time":"2025-12-09T11:33:23+00:00","og_image":[{"width":523,"height":1080,"url":"https:\/\/penosil.com\/cz\/wp-content\/uploads\/sites\/34\/2023\/11\/PE-A20045.webp","type":"image\/webp"}],"twitter_card":"summary_large_image","twitter_misc":{"Odhadovan\u00e1 doba \u010dten\u00ed":"4 minuty"},"schema":{"@context":"https:\/\/schema.org","@graph":[{"@type":"WebPage","@id":"https:\/\/penosil.com\/cz\/produkt\/easyspray-111-izolacni-pena-pro-nastrik\/","url":"https:\/\/penosil.com\/cz\/produkt\/easyspray-111-izolacni-pena-pro-nastrik\/","name":"PENOSIL EasySpray Foam 111 - St\u0159\u00edkac\u00ed p\u011bna na tepelnou izolaci","isPartOf":{"@id":"https:\/\/penosil.com\/cz\/#website"},"primaryImageOfPage":{"@id":"https:\/\/penosil.com\/cz\/produkt\/easyspray-111-izolacni-pena-pro-nastrik\/#primaryimage"},"image":{"@id":"https:\/\/penosil.com\/cz\/produkt\/easyspray-111-izolacni-pena-pro-nastrik\/#primaryimage"},"thumbnailUrl":"https:\/\/penosil.com\/cz\/wp-content\/uploads\/sites\/34\/2023\/11\/PE-A20045.webp","datePublished":"2023-11-06T12:21:14+00:00","dateModified":"2025-12-09T11:33:23+00:00","description":"PENOSIL EasySpray je jednoslo\u017ekov\u00e1 izola\u010dn\u00ed p\u011bna pro n\u00e1st\u0159ik, p\u0159ipraven\u00e1 k pou\u017eit\u00ed pro ut\u011bsn\u011bn\u00ed a izolaci v\u0161ech typ\u016f nepohodln\u00fdch m\u00edst a povrch\u016f.","breadcrumb":{"@id":"https:\/\/penosil.com\/cz\/produkt\/easyspray-111-izolacni-pena-pro-nastrik\/#breadcrumb"},"inLanguage":"cs","potentialAction":[{"@type":"ReadAction","target":["https:\/\/penosil.com\/cz\/produkt\/easyspray-111-izolacni-pena-pro-nastrik\/"]}]},{"@type":"ImageObject","inLanguage":"cs","@id":"https:\/\/penosil.com\/cz\/produkt\/easyspray-111-izolacni-pena-pro-nastrik\/#primaryimage","url":"https:\/\/penosil.com\/cz\/wp-content\/uploads\/sites\/34\/2023\/11\/PE-A20045.webp","contentUrl":"https:\/\/penosil.com\/cz\/wp-content\/uploads\/sites\/34\/2023\/11\/PE-A20045.webp","width":523,"height":1080,"caption":"St\u0159\u00edkac\u00ed p\u011bna na tepelnou izolaci"},{"@type":"BreadcrumbList","@id":"https:\/\/penosil.com\/cz\/produkt\/easyspray-111-izolacni-pena-pro-nastrik\/#breadcrumb","itemListElement":[{"@type":"ListItem","position":1,"name":"Home","item":"https:\/\/penosil.com\/cz\/"},{"@type":"ListItem","position":2,"name":"Produkty","item":"https:\/\/penosil.com\/cz\/produkty\/"},{"@type":"ListItem","position":3,"name":"EasySpray Foam 111 St\u0159\u00edkac\u00ed p\u011bna na tepelnou izolaci"}]},{"@type":"WebSite","@id":"https:\/\/penosil.com\/cz\/#website","url":"https:\/\/penosil.com\/cz\/","name":"Penosil \u010cesk\u00e1 Republika","description":"","potentialAction":[{"@type":"SearchAction","target":{"@type":"EntryPoint","urlTemplate":"https:\/\/penosil.com\/cz\/?s={search_term_string}"},"query-input":{"@type":"PropertyValueSpecification","valueRequired":true,"valueName":"search_term_string"}}],"inLanguage":"cs"}]}},"featured_img":"https:\/\/penosil.com\/cz\/wp-content\/uploads\/sites\/34\/2023\/11\/PE-A20045.webp","coauthors":[],"author_meta":{"author_link":"https:\/\/penosil.com\/cz\/author\/jirikuran\/","display_name":"jirikuran"},"relative_dates":{"created":"Posted 2 roky ago","modified":"Updated 4 m\u011bs\u00edce ago"},"absolute_dates":{"created":"Posted on 6. 11. 2023","modified":"Updated on 9. 12. 2025"},"absolute_dates_time":{"created":"Posted on 6. 11. 2023 13:21","modified":"Updated on 9. 12. 2025 12:33"},"featured_img_caption":"St\u0159\u00edkac\u00ed p\u011bna na tepelnou izolaci ","tax_additional":{"product_brand":{"linked":[],"unlinked":[],"slug":"product_brand","name":"Zna\u010dky"},"product_type":{"linked":["<a href=\"https:\/\/penosil.com\/cz\/?taxonomy=product_type&#038;term=simple\" class=\"advgb-post-tax-term\">simple<\/a>"],"unlinked":["<span class=\"advgb-post-tax-term\">simple<\/span>"],"slug":"product_type","name":"Typ produktu"},"product_visibility":{"linked":[],"unlinked":[],"slug":"product_visibility","name":"Viditelnost produktu"},"product_cat":{"linked":["<a href=\"https:\/\/penosil.com\/cz\/kategorie-produktu\/oblast-pouziti\/\" class=\"advgb-post-tax-term\">Oblast pou\u017eit\u00ed<\/a>","<a href=\"https:\/\/penosil.com\/cz\/kategorie-produktu\/oblast-pouziti\/strechy-fasady\/\" class=\"advgb-post-tax-term\">St\u0159echy a fas\u00e1dy<\/a>"],"unlinked":["<span class=\"advgb-post-tax-term\">Oblast pou\u017eit\u00ed<\/span>","<span class=\"advgb-post-tax-term\">St\u0159echy a fas\u00e1dy<\/span>"],"slug":"product_cat","name":"Kategorie produktu"},"product_tag":{"linked":[],"unlinked":[],"slug":"product_tag","name":"\u0160t\u00edtky produktu"},"product_shipping_class":{"linked":[],"unlinked":[],"slug":"product_shipping_class","name":"T\u0159\u00eddy dopravy produktu"},"pos_product_visibility":{"linked":[],"unlinked":[],"slug":"pos_product_visibility","name":"Viditelnost produkt\u016f v POS"},"pa_colour":{"linked":["<a href=\"https:\/\/penosil.com\/cz\/?taxonomy=pa_colour&#038;term=kremova\" class=\"advgb-post-tax-term\">Kr\u00e9mov\u00e1<\/a>"],"unlinked":["<span class=\"advgb-post-tax-term\">Kr\u00e9mov\u00e1<\/span>"],"slug":"pa_colour","name":"Product Barva"},"pa_diameter":{"linked":[],"unlinked":[],"slug":"pa_diameter","name":"Product Pr\u016fm\u011br"},"pa_package":{"linked":[],"unlinked":[],"slug":"pa_package","name":"Product Balen\u00ed"},"pa_roll":{"linked":[],"unlinked":[],"slug":"pa_roll","name":"Product Provazec"},"pa_widths":{"linked":[],"unlinked":[],"slug":"pa_widths","name":"Product \u0160\u00ed\u0159ka"},"translation_priority":{"linked":["<a href=\"https:\/\/penosil.com\/cz\/?taxonomy=translation_priority&#038;term=optional-cs\" class=\"advgb-post-tax-term\">Optional<\/a>"],"unlinked":["<span class=\"advgb-post-tax-term\">Optional<\/span>"],"slug":"translation_priority","name":"Translation Priorities"}},"series_order":"","_links":{"self":[{"href":"https:\/\/penosil.com\/cz\/wp-json\/wp\/v2\/product\/31968","targetHints":{"allow":["GET"]}}],"collection":[{"href":"https:\/\/penosil.com\/cz\/wp-json\/wp\/v2\/product"}],"about":[{"href":"https:\/\/penosil.com\/cz\/wp-json\/wp\/v2\/types\/product"}],"version-history":[{"count":6,"href":"https:\/\/penosil.com\/cz\/wp-json\/wp\/v2\/product\/31968\/revisions"}],"predecessor-version":[{"id":33941,"href":"https:\/\/penosil.com\/cz\/wp-json\/wp\/v2\/product\/31968\/revisions\/33941"}],"wp:featuredmedia":[{"embeddable":true,"href":"https:\/\/penosil.com\/cz\/wp-json\/wp\/v2\/media\/33338"}],"wp:attachment":[{"href":"https:\/\/penosil.com\/cz\/wp-json\/wp\/v2\/media?parent=31968"}],"wp:term":[{"taxonomy":"product_brand","embeddable":true,"href":"https:\/\/penosil.com\/cz\/wp-json\/wp\/v2\/product_brand?post=31968"},{"taxonomy":"product_cat","embeddable":true,"href":"https:\/\/penosil.com\/cz\/wp-json\/wp\/v2\/product_cat?post=31968"},{"taxonomy":"product_tag","embeddable":true,"href":"https:\/\/penosil.com\/cz\/wp-json\/wp\/v2\/product_tag?post=31968"}],"curies":[{"name":"wp","href":"https:\/\/api.w.org\/{rel}","templated":true}]}}