{"id":31970,"date":"2023-11-06T14:52:25","date_gmt":"2023-11-06T13:52:25","guid":{"rendered":"https:\/\/penosil.com\/cz\/?post_type=product&#038;p=31970"},"modified":"2025-03-11T15:23:37","modified_gmt":"2025-03-11T14:23:37","slug":"universal-silicone-305-305c-univerzalni-silikon","status":"publish","type":"product","link":"https:\/\/penosil.com\/cz\/produkt\/universal-silicone-305-305c-univerzalni-silikon\/","title":{"rendered":"Universal Silicone 305\/305c"},"content":{"rendered":"<p>PENOSIL Standard Universal Silicone 305\/305c univerz\u00e1ln\u00ed silikon je kysele vytvrzuj\u00edc\u00ed univerz\u00e1ln\u00ed silikonov\u00fd tmel s vynikaj\u00edc\u00ed p\u0159ilnavost\u00ed a \u0161irokou oblast\u00ed pou\u017eit\u00ed.<\/p>\n<p>Univerz\u00e1ln\u00ed silikon 305\/305c je univerz\u00e1ln\u00ed tmel. Kysel\u00fd silikonov\u00fd tmel pro v\u0161eobecn\u00e9 stavebn\u00ed pr\u00e1ce, pro vnit\u0159n\u00ed i venkovn\u00ed pou\u017eit\u00ed.<\/p>\n<h5><span style=\"font-size: 14px;\">* K dispozici na vy\u017e\u00e1d\u00e1n\u00ed<\/span><\/h5>\n","protected":false},"excerpt":{"rendered":"PENOSIL Standard Universal Silicone 305\/305c univerz\u00e1ln\u00ed silikon je kysele vytvrzuj\u00edc\u00ed univerz\u00e1ln\u00ed silikonov\u00fd tmel s vynikaj\u00edc\u00ed p\u0159ilnavost\u00ed a \u0161irokou oblast\u00ed pou\u017eit\u00ed. Univerz\u00e1ln\u00ed silikon 305\/305c je univerz\u00e1ln\u00ed tmel. Kysel\u00fd silikonov\u00fd tmel pro v\u0161eobecn\u00e9 stavebn\u00ed pr\u00e1ce, pro vnit\u0159n\u00ed i venkovn\u00ed pou\u017eit\u00ed. * K dispozici na vy\u017e\u00e1d\u00e1n\u00ed","protected":false},"author":33,"featured_media":31992,"template":"","meta":{"_acf_changed":false,"advgb_blocks_editor_width":"","advgb_blocks_columns_visual_guide":"","footnotes":""},"product_brand":[],"product_cat":[2540,2580,2581],"product_tag":[],"class_list":{"0":"post-31970","1":"product","2":"type-product","3":"status-publish","4":"has-post-thumbnail","6":"product_cat-vseobecne-vyuziti","7":"product_cat-silikony","8":"product_cat-tmely","10":"first","11":"instock","12":"taxable","13":"shipping-taxable","14":"purchasable","15":"product-type-variable"},"acf":[],"yoast_head":"<!-- This site is optimized with the Yoast SEO plugin v27.2 - https:\/\/yoast.com\/product\/yoast-seo-wordpress\/ -->\n<title>PENOSIL Standard Universal Silicone 305\/305c univerz\u00e1ln\u00ed silikon<\/title>\n<meta name=\"description\" content=\"PENOSIL Standard Universal Silicone 305\/305c univerz\u00e1ln\u00ed silikon je kyselinou vytvrzuj\u00edc\u00ed silikon, vhodn\u00fd pro v\u0161echny materi\u00e1ly a rychle schne.\" \/>\n<meta name=\"robots\" content=\"index, follow, max-snippet:-1, max-image-preview:large, max-video-preview:-1\" \/>\n<link rel=\"canonical\" href=\"https:\/\/penosil.com\/cz\/produkt\/universal-silicone-305-305c-univerzalni-silikon\/\" \/>\n<meta property=\"og:locale\" content=\"cs_CZ\" \/>\n<meta property=\"og:type\" content=\"article\" \/>\n<meta property=\"og:title\" content=\"PENOSIL Standard Universal Silicone 305\/305c univerz\u00e1ln\u00ed silikon\" \/>\n<meta property=\"og:description\" content=\"PENOSIL Standard Universal Silicone 305\/305c univerz\u00e1ln\u00ed silikon je kyselinou vytvrzuj\u00edc\u00ed silikon, vhodn\u00fd pro v\u0161echny materi\u00e1ly a rychle schne.\" \/>\n<meta property=\"og:url\" content=\"https:\/\/penosil.com\/cz\/produkt\/universal-silicone-305-305c-univerzalni-silikon\/\" \/>\n<meta property=\"og:site_name\" content=\"Penosil \u010cesk\u00e1 Republika\" \/>\n<meta property=\"article:modified_time\" content=\"2025-03-11T14:23:37+00:00\" \/>\n<meta property=\"og:image\" content=\"https:\/\/penosil.com\/cz\/wp-content\/uploads\/sites\/34\/2023\/11\/305_Universal_Silicone_305.png\" \/>\n\t<meta property=\"og:image:width\" content=\"387\" \/>\n\t<meta property=\"og:image:height\" content=\"1080\" \/>\n\t<meta property=\"og:image:type\" content=\"image\/png\" \/>\n<meta name=\"twitter:card\" content=\"summary_large_image\" \/>\n<meta name=\"twitter:label1\" content=\"Odhadovan\u00e1 doba \u010dten\u00ed\" \/>\n\t<meta name=\"twitter:data1\" content=\"1 minuta\" \/>\n<script type=\"application\/ld+json\" class=\"yoast-schema-graph\">{\"@context\":\"https:\/\/schema.org\",\"@graph\":[{\"@type\":\"WebPage\",\"@id\":\"https:\/\/penosil.com\/cz\/produkt\/universal-silicone-305-305c-univerzalni-silikon\/\",\"url\":\"https:\/\/penosil.com\/cz\/produkt\/universal-silicone-305-305c-univerzalni-silikon\/\",\"name\":\"PENOSIL Standard Universal Silicone 305\/305c univerz\u00e1ln\u00ed silikon\",\"isPartOf\":{\"@id\":\"https:\/\/penosil.com\/cz\/#website\"},\"primaryImageOfPage\":{\"@id\":\"https:\/\/penosil.com\/cz\/produkt\/universal-silicone-305-305c-univerzalni-silikon\/#primaryimage\"},\"image\":{\"@id\":\"https:\/\/penosil.com\/cz\/produkt\/universal-silicone-305-305c-univerzalni-silikon\/#primaryimage\"},\"thumbnailUrl\":\"https:\/\/penosil.com\/cz\/wp-content\/uploads\/sites\/34\/2023\/11\/305_Universal_Silicone_305.png\",\"datePublished\":\"2023-11-06T13:52:25+00:00\",\"dateModified\":\"2025-03-11T14:23:37+00:00\",\"description\":\"PENOSIL Standard Universal Silicone 305\/305c univerz\u00e1ln\u00ed silikon je kyselinou vytvrzuj\u00edc\u00ed silikon, vhodn\u00fd pro v\u0161echny materi\u00e1ly a rychle schne.\",\"breadcrumb\":{\"@id\":\"https:\/\/penosil.com\/cz\/produkt\/universal-silicone-305-305c-univerzalni-silikon\/#breadcrumb\"},\"inLanguage\":\"cs\",\"potentialAction\":[{\"@type\":\"ReadAction\",\"target\":[\"https:\/\/penosil.com\/cz\/produkt\/universal-silicone-305-305c-univerzalni-silikon\/\"]}]},{\"@type\":\"ImageObject\",\"inLanguage\":\"cs\",\"@id\":\"https:\/\/penosil.com\/cz\/produkt\/universal-silicone-305-305c-univerzalni-silikon\/#primaryimage\",\"url\":\"https:\/\/penosil.com\/cz\/wp-content\/uploads\/sites\/34\/2023\/11\/305_Universal_Silicone_305.png\",\"contentUrl\":\"https:\/\/penosil.com\/cz\/wp-content\/uploads\/sites\/34\/2023\/11\/305_Universal_Silicone_305.png\",\"width\":387,\"height\":1080,\"caption\":\"Universal Silicone 305\/305c univerz\u00e1ln\u00ed silikon\"},{\"@type\":\"BreadcrumbList\",\"@id\":\"https:\/\/penosil.com\/cz\/produkt\/universal-silicone-305-305c-univerzalni-silikon\/#breadcrumb\",\"itemListElement\":[{\"@type\":\"ListItem\",\"position\":1,\"name\":\"Home\",\"item\":\"https:\/\/penosil.com\/cz\/\"},{\"@type\":\"ListItem\",\"position\":2,\"name\":\"Produkty\",\"item\":\"https:\/\/penosil.com\/cz\/produkty\/\"},{\"@type\":\"ListItem\",\"position\":3,\"name\":\"Universal Silicone 305\/305c univerz\u00e1ln\u00ed silikon\"}]},{\"@type\":\"WebSite\",\"@id\":\"https:\/\/penosil.com\/cz\/#website\",\"url\":\"https:\/\/penosil.com\/cz\/\",\"name\":\"Penosil \u010cesk\u00e1 Republika\",\"description\":\"\",\"potentialAction\":[{\"@type\":\"SearchAction\",\"target\":{\"@type\":\"EntryPoint\",\"urlTemplate\":\"https:\/\/penosil.com\/cz\/?s={search_term_string}\"},\"query-input\":{\"@type\":\"PropertyValueSpecification\",\"valueRequired\":true,\"valueName\":\"search_term_string\"}}],\"inLanguage\":\"cs\"}]}<\/script>\n<!-- \/ Yoast SEO plugin. -->","yoast_head_json":{"title":"PENOSIL Standard Universal Silicone 305\/305c univerz\u00e1ln\u00ed silikon","description":"PENOSIL Standard Universal Silicone 305\/305c univerz\u00e1ln\u00ed silikon je kyselinou vytvrzuj\u00edc\u00ed silikon, vhodn\u00fd pro v\u0161echny materi\u00e1ly a rychle schne.","robots":{"index":"index","follow":"follow","max-snippet":"max-snippet:-1","max-image-preview":"max-image-preview:large","max-video-preview":"max-video-preview:-1"},"canonical":"https:\/\/penosil.com\/cz\/produkt\/universal-silicone-305-305c-univerzalni-silikon\/","og_locale":"cs_CZ","og_type":"article","og_title":"PENOSIL Standard Universal Silicone 305\/305c univerz\u00e1ln\u00ed silikon","og_description":"PENOSIL Standard Universal Silicone 305\/305c univerz\u00e1ln\u00ed silikon je kyselinou vytvrzuj\u00edc\u00ed silikon, vhodn\u00fd pro v\u0161echny materi\u00e1ly a rychle schne.","og_url":"https:\/\/penosil.com\/cz\/produkt\/universal-silicone-305-305c-univerzalni-silikon\/","og_site_name":"Penosil \u010cesk\u00e1 Republika","article_modified_time":"2025-03-11T14:23:37+00:00","og_image":[{"width":387,"height":1080,"url":"https:\/\/penosil.com\/cz\/wp-content\/uploads\/sites\/34\/2023\/11\/305_Universal_Silicone_305.png","type":"image\/png"}],"twitter_card":"summary_large_image","twitter_misc":{"Odhadovan\u00e1 doba \u010dten\u00ed":"1 minuta"},"schema":{"@context":"https:\/\/schema.org","@graph":[{"@type":"WebPage","@id":"https:\/\/penosil.com\/cz\/produkt\/universal-silicone-305-305c-univerzalni-silikon\/","url":"https:\/\/penosil.com\/cz\/produkt\/universal-silicone-305-305c-univerzalni-silikon\/","name":"PENOSIL Standard Universal Silicone 305\/305c univerz\u00e1ln\u00ed silikon","isPartOf":{"@id":"https:\/\/penosil.com\/cz\/#website"},"primaryImageOfPage":{"@id":"https:\/\/penosil.com\/cz\/produkt\/universal-silicone-305-305c-univerzalni-silikon\/#primaryimage"},"image":{"@id":"https:\/\/penosil.com\/cz\/produkt\/universal-silicone-305-305c-univerzalni-silikon\/#primaryimage"},"thumbnailUrl":"https:\/\/penosil.com\/cz\/wp-content\/uploads\/sites\/34\/2023\/11\/305_Universal_Silicone_305.png","datePublished":"2023-11-06T13:52:25+00:00","dateModified":"2025-03-11T14:23:37+00:00","description":"PENOSIL Standard Universal Silicone 305\/305c univerz\u00e1ln\u00ed silikon je kyselinou vytvrzuj\u00edc\u00ed silikon, vhodn\u00fd pro v\u0161echny materi\u00e1ly a rychle schne.","breadcrumb":{"@id":"https:\/\/penosil.com\/cz\/produkt\/universal-silicone-305-305c-univerzalni-silikon\/#breadcrumb"},"inLanguage":"cs","potentialAction":[{"@type":"ReadAction","target":["https:\/\/penosil.com\/cz\/produkt\/universal-silicone-305-305c-univerzalni-silikon\/"]}]},{"@type":"ImageObject","inLanguage":"cs","@id":"https:\/\/penosil.com\/cz\/produkt\/universal-silicone-305-305c-univerzalni-silikon\/#primaryimage","url":"https:\/\/penosil.com\/cz\/wp-content\/uploads\/sites\/34\/2023\/11\/305_Universal_Silicone_305.png","contentUrl":"https:\/\/penosil.com\/cz\/wp-content\/uploads\/sites\/34\/2023\/11\/305_Universal_Silicone_305.png","width":387,"height":1080,"caption":"Universal Silicone 305\/305c univerz\u00e1ln\u00ed silikon"},{"@type":"BreadcrumbList","@id":"https:\/\/penosil.com\/cz\/produkt\/universal-silicone-305-305c-univerzalni-silikon\/#breadcrumb","itemListElement":[{"@type":"ListItem","position":1,"name":"Home","item":"https:\/\/penosil.com\/cz\/"},{"@type":"ListItem","position":2,"name":"Produkty","item":"https:\/\/penosil.com\/cz\/produkty\/"},{"@type":"ListItem","position":3,"name":"Universal Silicone 305\/305c univerz\u00e1ln\u00ed silikon"}]},{"@type":"WebSite","@id":"https:\/\/penosil.com\/cz\/#website","url":"https:\/\/penosil.com\/cz\/","name":"Penosil \u010cesk\u00e1 Republika","description":"","potentialAction":[{"@type":"SearchAction","target":{"@type":"EntryPoint","urlTemplate":"https:\/\/penosil.com\/cz\/?s={search_term_string}"},"query-input":{"@type":"PropertyValueSpecification","valueRequired":true,"valueName":"search_term_string"}}],"inLanguage":"cs"}]}},"featured_img":"https:\/\/penosil.com\/cz\/wp-content\/uploads\/sites\/34\/2023\/11\/305_Universal_Silicone_305.png","coauthors":[],"author_meta":{"author_link":"https:\/\/penosil.com\/cz\/author\/jirikuran\/","display_name":"jirikuran"},"relative_dates":{"created":"Posted 2 roky ago","modified":"Updated 1 rokem ago"},"absolute_dates":{"created":"Posted on 6. 11. 2023","modified":"Updated on 11. 3. 2025"},"absolute_dates_time":{"created":"Posted on 6. 11. 2023 14:52","modified":"Updated on 11. 3. 2025 15:23"},"featured_img_caption":"Universal Silicone 305\/305c univerz\u00e1ln\u00ed silikon","tax_additional":{"product_brand":{"linked":[],"unlinked":[],"slug":"product_brand","name":"Zna\u010dky"},"product_type":{"linked":["<a href=\"https:\/\/penosil.com\/cz\/?taxonomy=product_type&#038;term=variable\" class=\"advgb-post-tax-term\">variable<\/a>"],"unlinked":["<span class=\"advgb-post-tax-term\">variable<\/span>"],"slug":"product_type","name":"Typ produktu"},"product_visibility":{"linked":[],"unlinked":[],"slug":"product_visibility","name":"Viditelnost produktu"},"product_cat":{"linked":["<a href=\"https:\/\/penosil.com\/cz\/kategorie-produktu\/oblast-pouziti\/vseobecne-vyuziti\/\" class=\"advgb-post-tax-term\">V\u0161eobecn\u00e9 vyu\u017eit\u00ed<\/a>","<a href=\"https:\/\/penosil.com\/cz\/kategorie-produktu\/produktove-skupiny\/tmely\/silikony\/\" class=\"advgb-post-tax-term\">Silikony<\/a>","<a href=\"https:\/\/penosil.com\/cz\/kategorie-produktu\/produktove-skupiny\/tmely\/\" class=\"advgb-post-tax-term\">Tmely<\/a>"],"unlinked":["<span class=\"advgb-post-tax-term\">V\u0161eobecn\u00e9 vyu\u017eit\u00ed<\/span>","<span class=\"advgb-post-tax-term\">Silikony<\/span>","<span class=\"advgb-post-tax-term\">Tmely<\/span>"],"slug":"product_cat","name":"Kategorie produktu"},"product_tag":{"linked":[],"unlinked":[],"slug":"product_tag","name":"\u0160t\u00edtky produktu"},"product_shipping_class":{"linked":[],"unlinked":[],"slug":"product_shipping_class","name":"T\u0159\u00eddy dopravy produktu"},"pos_product_visibility":{"linked":[],"unlinked":[],"slug":"pos_product_visibility","name":"Viditelnost produkt\u016f v POS"},"pa_colour":{"linked":["<a href=\"https:\/\/penosil.com\/cz\/?taxonomy=pa_colour&#038;term=beige-3\" class=\"advgb-post-tax-term\">B\u00e9\u017eov\u00e1<\/a>","<a href=\"https:\/\/penosil.com\/cz\/?taxonomy=pa_colour&#038;term=black-3\" class=\"advgb-post-tax-term\">\u010cern\u00e1<\/a>","<a href=\"https:\/\/penosil.com\/cz\/?taxonomy=pa_colour&#038;term=transparent-3\" class=\"advgb-post-tax-term\">Transparentn\u00ed<\/a>","<a href=\"https:\/\/penosil.com\/cz\/?taxonomy=pa_colour&#038;term=light-brown-3\" class=\"advgb-post-tax-term\">Sv\u011btle hn\u011bd\u00e1<\/a>","<a href=\"https:\/\/penosil.com\/cz\/?taxonomy=pa_colour&#038;term=white-3\" class=\"advgb-post-tax-term\">B\u00edl\u00e1<\/a>","<a href=\"https:\/\/penosil.com\/cz\/?taxonomy=pa_colour&#038;term=grey-3\" class=\"advgb-post-tax-term\">\u0160ed\u00e1<\/a>"],"unlinked":["<span class=\"advgb-post-tax-term\">B\u00e9\u017eov\u00e1<\/span>","<span class=\"advgb-post-tax-term\">\u010cern\u00e1<\/span>","<span class=\"advgb-post-tax-term\">Transparentn\u00ed<\/span>","<span class=\"advgb-post-tax-term\">Sv\u011btle hn\u011bd\u00e1<\/span>","<span class=\"advgb-post-tax-term\">B\u00edl\u00e1<\/span>","<span class=\"advgb-post-tax-term\">\u0160ed\u00e1<\/span>"],"slug":"pa_colour","name":"Product Barva"},"pa_diameter":{"linked":[],"unlinked":[],"slug":"pa_diameter","name":"Product Pr\u016fm\u011br"},"pa_package":{"linked":["<a href=\"https:\/\/penosil.com\/cz\/?taxonomy=pa_package&#038;term=280-ml-3\" class=\"advgb-post-tax-term\">280 ml<\/a>"],"unlinked":["<span class=\"advgb-post-tax-term\">280 ml<\/span>"],"slug":"pa_package","name":"Product Balen\u00ed"},"pa_roll":{"linked":[],"unlinked":[],"slug":"pa_roll","name":"Product Provazec"},"pa_widths":{"linked":[],"unlinked":[],"slug":"pa_widths","name":"Product \u0160\u00ed\u0159ka"},"translation_priority":{"linked":["<a href=\"https:\/\/penosil.com\/cz\/?taxonomy=translation_priority&#038;term=optional-cs\" class=\"advgb-post-tax-term\">Optional<\/a>"],"unlinked":["<span class=\"advgb-post-tax-term\">Optional<\/span>"],"slug":"translation_priority","name":"Translation Priorities"}},"series_order":"","_links":{"self":[{"href":"https:\/\/penosil.com\/cz\/wp-json\/wp\/v2\/product\/31970","targetHints":{"allow":["GET"]}}],"collection":[{"href":"https:\/\/penosil.com\/cz\/wp-json\/wp\/v2\/product"}],"about":[{"href":"https:\/\/penosil.com\/cz\/wp-json\/wp\/v2\/types\/product"}],"version-history":[{"count":1,"href":"https:\/\/penosil.com\/cz\/wp-json\/wp\/v2\/product\/31970\/revisions"}],"predecessor-version":[{"id":32422,"href":"https:\/\/penosil.com\/cz\/wp-json\/wp\/v2\/product\/31970\/revisions\/32422"}],"wp:featuredmedia":[{"embeddable":true,"href":"https:\/\/penosil.com\/cz\/wp-json\/wp\/v2\/media\/31992"}],"wp:attachment":[{"href":"https:\/\/penosil.com\/cz\/wp-json\/wp\/v2\/media?parent=31970"}],"wp:term":[{"taxonomy":"product_brand","embeddable":true,"href":"https:\/\/penosil.com\/cz\/wp-json\/wp\/v2\/product_brand?post=31970"},{"taxonomy":"product_cat","embeddable":true,"href":"https:\/\/penosil.com\/cz\/wp-json\/wp\/v2\/product_cat?post=31970"},{"taxonomy":"product_tag","embeddable":true,"href":"https:\/\/penosil.com\/cz\/wp-json\/wp\/v2\/product_tag?post=31970"}],"curies":[{"name":"wp","href":"https:\/\/api.w.org\/{rel}","templated":true}]}}