{"id":32004,"date":"2023-11-16T07:46:29","date_gmt":"2023-11-16T06:46:29","guid":{"rendered":"https:\/\/penosil.com\/cz\/?post_type=product&#038;p=32004"},"modified":"2025-06-20T14:31:26","modified_gmt":"2025-06-20T12:31:26","slug":"foam-cleaner-929-cistici-sprej-nevytvrzene-pu-peny","status":"publish","type":"product","link":"https:\/\/penosil.com\/cz\/produkt\/foam-cleaner-929-cistici-sprej-nevytvrzene-pu-peny\/","title":{"rendered":"Foam Cleaner 929"},"content":{"rendered":"<p>PENOSIL Foam Cleaner 929 je rozpou\u0161t\u011bdlov\u00fd sprejov\u00fd \u010disti\u010d PU p\u011bny pro odstra\u0148ov\u00e1n\u00ed nevytvrzen\u00e9 stavebn\u00ed p\u011bny z n\u00e1\u0159ad\u00ed, od\u011bv\u016f a povrch\u016f. \u00da\u010dinn\u011b \u010dist\u00ed \u010derstvou PU p\u011bnu z vnit\u0159ku i vn\u011bj\u0161ku p\u011bnov\u00e9 pistole, aplika\u010dn\u00ed \u0161pi\u010dky, povrch\u016f, jako jsou okenn\u00ed a dve\u0159n\u00ed r\u00e1my, oble\u010den\u00ed atd.<\/p>\n<h5><span style=\"font-size: 14px;\">* Skladem<\/span><\/h5>\n","protected":false},"excerpt":{"rendered":"PENOSIL Foam Cleaner 929 je rozpou\u0161t\u011bdlov\u00fd sprejov\u00fd \u010disti\u010d PU p\u011bny pro odstra\u0148ov\u00e1n\u00ed nevytvrzen\u00e9 stavebn\u00ed p\u011bny z n\u00e1\u0159ad\u00ed, od\u011bv\u016f a povrch\u016f. \u00da\u010dinn\u011b \u010dist\u00ed \u010derstvou PU p\u011bnu z vnit\u0159ku i vn\u011bj\u0161ku p\u011bnov\u00e9 pistole, aplika\u010dn\u00ed \u0161pi\u010dky, povrch\u016f, jako jsou okenn\u00ed a dve\u0159n\u00ed r\u00e1my, oble\u010den\u00ed atd. * Skladem","protected":false},"author":33,"featured_media":32005,"template":"","meta":{"_acf_changed":false,"advgb_blocks_editor_width":"","advgb_blocks_columns_visual_guide":"","footnotes":""},"product_brand":[],"product_cat":[2661,2662],"product_tag":[],"class_list":{"0":"post-32004","1":"product","2":"type-product","3":"status-publish","4":"has-post-thumbnail","6":"product_cat-cistice","7":"product_cat-cisteni","9":"first","10":"instock","11":"taxable","12":"shipping-taxable","13":"purchasable","14":"product-type-simple"},"acf":[],"yoast_head":"<!-- This site is optimized with the Yoast SEO plugin v27.2 - https:\/\/yoast.com\/product\/yoast-seo-wordpress\/ -->\n<title>PENOSIL Foam Cleaner 929 \u010distic\u00ed sprej nevytvrzen\u00e9 PU p\u011bny<\/title>\n<meta name=\"description\" content=\"PENOSIL Premium Foam Cleaner 929 je speci\u00e1ln\u00ed \u010distic\u00ed sprej pro odstra\u0148ov\u00e1n\u00ed nevytvrzen\u00e9 stavebn\u00ed p\u011bny z n\u00e1\u0159ad\u00ed a povrch\u016f. Zjist\u011bte v\u00edce!\" \/>\n<meta name=\"robots\" content=\"index, follow, max-snippet:-1, max-image-preview:large, max-video-preview:-1\" \/>\n<link rel=\"canonical\" href=\"https:\/\/penosil.com\/cz\/produkt\/foam-cleaner-929-cistici-sprej-nevytvrzene-pu-peny\/\" \/>\n<meta property=\"og:locale\" content=\"cs_CZ\" \/>\n<meta property=\"og:type\" content=\"article\" \/>\n<meta property=\"og:title\" content=\"PENOSIL Foam Cleaner 929 \u010distic\u00ed sprej nevytvrzen\u00e9 PU p\u011bny\" \/>\n<meta property=\"og:description\" content=\"PENOSIL Premium Foam Cleaner 929 je speci\u00e1ln\u00ed \u010distic\u00ed sprej pro odstra\u0148ov\u00e1n\u00ed nevytvrzen\u00e9 stavebn\u00ed p\u011bny z n\u00e1\u0159ad\u00ed a povrch\u016f. Zjist\u011bte v\u00edce!\" \/>\n<meta property=\"og:url\" content=\"https:\/\/penosil.com\/cz\/produkt\/foam-cleaner-929-cistici-sprej-nevytvrzene-pu-peny\/\" \/>\n<meta property=\"og:site_name\" content=\"Penosil \u010cesk\u00e1 Republika\" \/>\n<meta property=\"article:modified_time\" content=\"2025-06-20T12:31:26+00:00\" \/>\n<meta property=\"og:image\" content=\"https:\/\/penosil.com\/cz\/wp-content\/uploads\/sites\/34\/2023\/11\/929_Foam_Cleaner_929_UK_Libace-e1750422675938.png\" \/>\n\t<meta property=\"og:image:width\" content=\"523\" \/>\n\t<meta property=\"og:image:height\" content=\"800\" \/>\n\t<meta property=\"og:image:type\" content=\"image\/png\" \/>\n<meta name=\"twitter:card\" content=\"summary_large_image\" \/>\n<meta name=\"twitter:label1\" content=\"Odhadovan\u00e1 doba \u010dten\u00ed\" \/>\n\t<meta name=\"twitter:data1\" content=\"2 minuty\" \/>\n<script type=\"application\/ld+json\" class=\"yoast-schema-graph\">{\"@context\":\"https:\/\/schema.org\",\"@graph\":[{\"@type\":\"WebPage\",\"@id\":\"https:\/\/penosil.com\/cz\/produkt\/foam-cleaner-929-cistici-sprej-nevytvrzene-pu-peny\/\",\"url\":\"https:\/\/penosil.com\/cz\/produkt\/foam-cleaner-929-cistici-sprej-nevytvrzene-pu-peny\/\",\"name\":\"PENOSIL Foam Cleaner 929 \u010distic\u00ed sprej nevytvrzen\u00e9 PU p\u011bny\",\"isPartOf\":{\"@id\":\"https:\/\/penosil.com\/cz\/#website\"},\"primaryImageOfPage\":{\"@id\":\"https:\/\/penosil.com\/cz\/produkt\/foam-cleaner-929-cistici-sprej-nevytvrzene-pu-peny\/#primaryimage\"},\"image\":{\"@id\":\"https:\/\/penosil.com\/cz\/produkt\/foam-cleaner-929-cistici-sprej-nevytvrzene-pu-peny\/#primaryimage\"},\"thumbnailUrl\":\"https:\/\/penosil.com\/cz\/wp-content\/uploads\/sites\/34\/2023\/11\/929_Foam_Cleaner_929_UK_Libace-e1750422675938.png\",\"datePublished\":\"2023-11-16T06:46:29+00:00\",\"dateModified\":\"2025-06-20T12:31:26+00:00\",\"description\":\"PENOSIL Premium Foam Cleaner 929 je speci\u00e1ln\u00ed \u010distic\u00ed sprej pro odstra\u0148ov\u00e1n\u00ed nevytvrzen\u00e9 stavebn\u00ed p\u011bny z n\u00e1\u0159ad\u00ed a povrch\u016f. Zjist\u011bte v\u00edce!\",\"breadcrumb\":{\"@id\":\"https:\/\/penosil.com\/cz\/produkt\/foam-cleaner-929-cistici-sprej-nevytvrzene-pu-peny\/#breadcrumb\"},\"inLanguage\":\"cs\",\"potentialAction\":[{\"@type\":\"ReadAction\",\"target\":[\"https:\/\/penosil.com\/cz\/produkt\/foam-cleaner-929-cistici-sprej-nevytvrzene-pu-peny\/\"]}]},{\"@type\":\"ImageObject\",\"inLanguage\":\"cs\",\"@id\":\"https:\/\/penosil.com\/cz\/produkt\/foam-cleaner-929-cistici-sprej-nevytvrzene-pu-peny\/#primaryimage\",\"url\":\"https:\/\/penosil.com\/cz\/wp-content\/uploads\/sites\/34\/2023\/11\/929_Foam_Cleaner_929_UK_Libace-e1750422675938.png\",\"contentUrl\":\"https:\/\/penosil.com\/cz\/wp-content\/uploads\/sites\/34\/2023\/11\/929_Foam_Cleaner_929_UK_Libace-e1750422675938.png\",\"width\":523,\"height\":800,\"caption\":\"Foam Cleaner 929 \u010distic\u00ed sprej nevytvrzen\u00e9 PU p\u011bny\"},{\"@type\":\"BreadcrumbList\",\"@id\":\"https:\/\/penosil.com\/cz\/produkt\/foam-cleaner-929-cistici-sprej-nevytvrzene-pu-peny\/#breadcrumb\",\"itemListElement\":[{\"@type\":\"ListItem\",\"position\":1,\"name\":\"Home\",\"item\":\"https:\/\/penosil.com\/cz\/\"},{\"@type\":\"ListItem\",\"position\":2,\"name\":\"Produkty\",\"item\":\"https:\/\/penosil.com\/cz\/produkty\/\"},{\"@type\":\"ListItem\",\"position\":3,\"name\":\"Foam Cleaner 929\"}]},{\"@type\":\"WebSite\",\"@id\":\"https:\/\/penosil.com\/cz\/#website\",\"url\":\"https:\/\/penosil.com\/cz\/\",\"name\":\"Penosil \u010cesk\u00e1 Republika\",\"description\":\"\",\"potentialAction\":[{\"@type\":\"SearchAction\",\"target\":{\"@type\":\"EntryPoint\",\"urlTemplate\":\"https:\/\/penosil.com\/cz\/?s={search_term_string}\"},\"query-input\":{\"@type\":\"PropertyValueSpecification\",\"valueRequired\":true,\"valueName\":\"search_term_string\"}}],\"inLanguage\":\"cs\"}]}<\/script>\n<!-- \/ Yoast SEO plugin. -->","yoast_head_json":{"title":"PENOSIL Foam Cleaner 929 \u010distic\u00ed sprej nevytvrzen\u00e9 PU p\u011bny","description":"PENOSIL Premium Foam Cleaner 929 je speci\u00e1ln\u00ed \u010distic\u00ed sprej pro odstra\u0148ov\u00e1n\u00ed nevytvrzen\u00e9 stavebn\u00ed p\u011bny z n\u00e1\u0159ad\u00ed a povrch\u016f. Zjist\u011bte v\u00edce!","robots":{"index":"index","follow":"follow","max-snippet":"max-snippet:-1","max-image-preview":"max-image-preview:large","max-video-preview":"max-video-preview:-1"},"canonical":"https:\/\/penosil.com\/cz\/produkt\/foam-cleaner-929-cistici-sprej-nevytvrzene-pu-peny\/","og_locale":"cs_CZ","og_type":"article","og_title":"PENOSIL Foam Cleaner 929 \u010distic\u00ed sprej nevytvrzen\u00e9 PU p\u011bny","og_description":"PENOSIL Premium Foam Cleaner 929 je speci\u00e1ln\u00ed \u010distic\u00ed sprej pro odstra\u0148ov\u00e1n\u00ed nevytvrzen\u00e9 stavebn\u00ed p\u011bny z n\u00e1\u0159ad\u00ed a povrch\u016f. Zjist\u011bte v\u00edce!","og_url":"https:\/\/penosil.com\/cz\/produkt\/foam-cleaner-929-cistici-sprej-nevytvrzene-pu-peny\/","og_site_name":"Penosil \u010cesk\u00e1 Republika","article_modified_time":"2025-06-20T12:31:26+00:00","og_image":[{"width":523,"height":800,"url":"https:\/\/penosil.com\/cz\/wp-content\/uploads\/sites\/34\/2023\/11\/929_Foam_Cleaner_929_UK_Libace-e1750422675938.png","type":"image\/png"}],"twitter_card":"summary_large_image","twitter_misc":{"Odhadovan\u00e1 doba \u010dten\u00ed":"2 minuty"},"schema":{"@context":"https:\/\/schema.org","@graph":[{"@type":"WebPage","@id":"https:\/\/penosil.com\/cz\/produkt\/foam-cleaner-929-cistici-sprej-nevytvrzene-pu-peny\/","url":"https:\/\/penosil.com\/cz\/produkt\/foam-cleaner-929-cistici-sprej-nevytvrzene-pu-peny\/","name":"PENOSIL Foam Cleaner 929 \u010distic\u00ed sprej nevytvrzen\u00e9 PU p\u011bny","isPartOf":{"@id":"https:\/\/penosil.com\/cz\/#website"},"primaryImageOfPage":{"@id":"https:\/\/penosil.com\/cz\/produkt\/foam-cleaner-929-cistici-sprej-nevytvrzene-pu-peny\/#primaryimage"},"image":{"@id":"https:\/\/penosil.com\/cz\/produkt\/foam-cleaner-929-cistici-sprej-nevytvrzene-pu-peny\/#primaryimage"},"thumbnailUrl":"https:\/\/penosil.com\/cz\/wp-content\/uploads\/sites\/34\/2023\/11\/929_Foam_Cleaner_929_UK_Libace-e1750422675938.png","datePublished":"2023-11-16T06:46:29+00:00","dateModified":"2025-06-20T12:31:26+00:00","description":"PENOSIL Premium Foam Cleaner 929 je speci\u00e1ln\u00ed \u010distic\u00ed sprej pro odstra\u0148ov\u00e1n\u00ed nevytvrzen\u00e9 stavebn\u00ed p\u011bny z n\u00e1\u0159ad\u00ed a povrch\u016f. Zjist\u011bte v\u00edce!","breadcrumb":{"@id":"https:\/\/penosil.com\/cz\/produkt\/foam-cleaner-929-cistici-sprej-nevytvrzene-pu-peny\/#breadcrumb"},"inLanguage":"cs","potentialAction":[{"@type":"ReadAction","target":["https:\/\/penosil.com\/cz\/produkt\/foam-cleaner-929-cistici-sprej-nevytvrzene-pu-peny\/"]}]},{"@type":"ImageObject","inLanguage":"cs","@id":"https:\/\/penosil.com\/cz\/produkt\/foam-cleaner-929-cistici-sprej-nevytvrzene-pu-peny\/#primaryimage","url":"https:\/\/penosil.com\/cz\/wp-content\/uploads\/sites\/34\/2023\/11\/929_Foam_Cleaner_929_UK_Libace-e1750422675938.png","contentUrl":"https:\/\/penosil.com\/cz\/wp-content\/uploads\/sites\/34\/2023\/11\/929_Foam_Cleaner_929_UK_Libace-e1750422675938.png","width":523,"height":800,"caption":"Foam Cleaner 929 \u010distic\u00ed sprej nevytvrzen\u00e9 PU p\u011bny"},{"@type":"BreadcrumbList","@id":"https:\/\/penosil.com\/cz\/produkt\/foam-cleaner-929-cistici-sprej-nevytvrzene-pu-peny\/#breadcrumb","itemListElement":[{"@type":"ListItem","position":1,"name":"Home","item":"https:\/\/penosil.com\/cz\/"},{"@type":"ListItem","position":2,"name":"Produkty","item":"https:\/\/penosil.com\/cz\/produkty\/"},{"@type":"ListItem","position":3,"name":"Foam Cleaner 929"}]},{"@type":"WebSite","@id":"https:\/\/penosil.com\/cz\/#website","url":"https:\/\/penosil.com\/cz\/","name":"Penosil \u010cesk\u00e1 Republika","description":"","potentialAction":[{"@type":"SearchAction","target":{"@type":"EntryPoint","urlTemplate":"https:\/\/penosil.com\/cz\/?s={search_term_string}"},"query-input":{"@type":"PropertyValueSpecification","valueRequired":true,"valueName":"search_term_string"}}],"inLanguage":"cs"}]}},"featured_img":"https:\/\/penosil.com\/cz\/wp-content\/uploads\/sites\/34\/2023\/11\/929_Foam_Cleaner_929_UK_Libace-e1750422675938.png","coauthors":[],"author_meta":{"author_link":"https:\/\/penosil.com\/cz\/author\/jirikuran\/","display_name":"jirikuran"},"relative_dates":{"created":"Posted 2 roky ago","modified":"Updated 10 m\u011bs\u00edc\u016f ago"},"absolute_dates":{"created":"Posted on 16. 11. 2023","modified":"Updated on 20. 6. 2025"},"absolute_dates_time":{"created":"Posted on 16. 11. 2023 7:46","modified":"Updated on 20. 6. 2025 14:31"},"featured_img_caption":"Foam Cleaner 929 \u010distic\u00ed sprej nevytvrzen\u00e9 PU p\u011bny\n","tax_additional":{"product_brand":{"linked":[],"unlinked":[],"slug":"product_brand","name":"Zna\u010dky"},"product_type":{"linked":["<a href=\"https:\/\/penosil.com\/cz\/?taxonomy=product_type&#038;term=simple\" class=\"advgb-post-tax-term\">simple<\/a>"],"unlinked":["<span class=\"advgb-post-tax-term\">simple<\/span>"],"slug":"product_type","name":"Typ produktu"},"product_visibility":{"linked":[],"unlinked":[],"slug":"product_visibility","name":"Viditelnost produktu"},"product_cat":{"linked":["<a href=\"https:\/\/penosil.com\/cz\/kategorie-produktu\/produktove-skupiny\/cistice\/\" class=\"advgb-post-tax-term\">\u010cisti\u010de<\/a>","<a href=\"https:\/\/penosil.com\/cz\/kategorie-produktu\/oblast-pouziti\/cisteni\/\" class=\"advgb-post-tax-term\">\u010ci\u0161t\u011bn\u00ed<\/a>"],"unlinked":["<span class=\"advgb-post-tax-term\">\u010cisti\u010de<\/span>","<span class=\"advgb-post-tax-term\">\u010ci\u0161t\u011bn\u00ed<\/span>"],"slug":"product_cat","name":"Kategorie produktu"},"product_tag":{"linked":[],"unlinked":[],"slug":"product_tag","name":"\u0160t\u00edtky produktu"},"product_shipping_class":{"linked":[],"unlinked":[],"slug":"product_shipping_class","name":"T\u0159\u00eddy dopravy produktu"},"pos_product_visibility":{"linked":[],"unlinked":[],"slug":"pos_product_visibility","name":"Viditelnost produkt\u016f v POS"},"pa_colour":{"linked":[],"unlinked":[],"slug":"pa_colour","name":"Product Barva"},"pa_diameter":{"linked":[],"unlinked":[],"slug":"pa_diameter","name":"Product Pr\u016fm\u011br"},"pa_package":{"linked":[],"unlinked":[],"slug":"pa_package","name":"Product Balen\u00ed"},"pa_roll":{"linked":[],"unlinked":[],"slug":"pa_roll","name":"Product Provazec"},"pa_widths":{"linked":[],"unlinked":[],"slug":"pa_widths","name":"Product \u0160\u00ed\u0159ka"},"translation_priority":{"linked":["<a href=\"https:\/\/penosil.com\/cz\/?taxonomy=translation_priority&#038;term=optional-cs\" class=\"advgb-post-tax-term\">Optional<\/a>"],"unlinked":["<span class=\"advgb-post-tax-term\">Optional<\/span>"],"slug":"translation_priority","name":"Translation Priorities"}},"series_order":"","_links":{"self":[{"href":"https:\/\/penosil.com\/cz\/wp-json\/wp\/v2\/product\/32004","targetHints":{"allow":["GET"]}}],"collection":[{"href":"https:\/\/penosil.com\/cz\/wp-json\/wp\/v2\/product"}],"about":[{"href":"https:\/\/penosil.com\/cz\/wp-json\/wp\/v2\/types\/product"}],"version-history":[{"count":2,"href":"https:\/\/penosil.com\/cz\/wp-json\/wp\/v2\/product\/32004\/revisions"}],"predecessor-version":[{"id":32697,"href":"https:\/\/penosil.com\/cz\/wp-json\/wp\/v2\/product\/32004\/revisions\/32697"}],"wp:featuredmedia":[{"embeddable":true,"href":"https:\/\/penosil.com\/cz\/wp-json\/wp\/v2\/media\/32005"}],"wp:attachment":[{"href":"https:\/\/penosil.com\/cz\/wp-json\/wp\/v2\/media?parent=32004"}],"wp:term":[{"taxonomy":"product_brand","embeddable":true,"href":"https:\/\/penosil.com\/cz\/wp-json\/wp\/v2\/product_brand?post=32004"},{"taxonomy":"product_cat","embeddable":true,"href":"https:\/\/penosil.com\/cz\/wp-json\/wp\/v2\/product_cat?post=32004"},{"taxonomy":"product_tag","embeddable":true,"href":"https:\/\/penosil.com\/cz\/wp-json\/wp\/v2\/product_tag?post=32004"}],"curies":[{"name":"wp","href":"https:\/\/api.w.org\/{rel}","templated":true}]}}