{"id":32183,"date":"2024-06-04T07:56:18","date_gmt":"2024-06-04T05:56:18","guid":{"rendered":"https:\/\/penosil.com\/cz\/?post_type=product&#038;p=32183"},"modified":"2025-07-23T11:05:19","modified_gmt":"2025-07-23T09:05:19","slug":"sanitary-silicone-313-313c-viceucelovy-sanitarni-silikon","status":"publish","type":"product","link":"https:\/\/penosil.com\/cz\/produkt\/sanitary-silicone-313-313c-viceucelovy-sanitarni-silikon\/","title":{"rendered":"Sanitary silicone 313\/313c"},"content":{"rendered":"<p>PENOSIL Sanit\u00e1rn\u00ed silikon 313\/313c je acetoxy v\u00edce\u00fa\u010delov\u00fd sanit\u00e1rn\u00ed silikonov\u00fd tmel pro vodot\u011bsn\u00e9 t\u011bsn\u011bn\u00ed v mokr\u00fdch a vlhk\u00fdch prostor\u00e1ch.<\/p>\n<h5><span style=\"font-size: 14px;\">* Skladem<\/span><\/h5>\n","protected":false},"excerpt":{"rendered":"PENOSIL Sanit\u00e1rn\u00ed silikon 313\/313c je acetoxy v\u00edce\u00fa\u010delov\u00fd sanit\u00e1rn\u00ed silikonov\u00fd tmel pro vodot\u011bsn\u00e9 t\u011bsn\u011bn\u00ed v mokr\u00fdch a vlhk\u00fdch prostor\u00e1ch. * Skladem","protected":false},"author":33,"featured_media":33343,"template":"","meta":{"_acf_changed":false,"advgb_blocks_editor_width":"","advgb_blocks_columns_visual_guide":"","footnotes":""},"product_brand":[],"product_cat":[2580,2581,2550],"product_tag":[],"class_list":{"0":"post-32183","1":"product","2":"type-product","3":"status-publish","4":"has-post-thumbnail","6":"product_cat-silikony","7":"product_cat-tmely","8":"product_cat-sanita","10":"first","11":"instock","12":"taxable","13":"shipping-taxable","14":"purchasable","15":"product-type-variable"},"acf":[],"yoast_head":"<!-- This site is optimized with the Yoast SEO plugin v27.2 - https:\/\/yoast.com\/product\/yoast-seo-wordpress\/ -->\n<title>PENOSIL Sanitary silicone 313\/313c - V\u00edce\u00fa\u010delov\u00fd sanit\u00e1rn\u00ed silikon<\/title>\n<meta name=\"description\" content=\"PENOSIL Sanit\u00e1rn\u00ed silikon 313 je v\u00edce\u00fa\u010delov\u00fd acetoxy sanit\u00e1rn\u00ed silikon pro vodot\u011bsn\u00e9 ut\u011bsn\u011bn\u00ed v mokr\u00fdch a vlhk\u00fdch prostor\u00e1ch. Zjist\u011bte v\u00edce!\" \/>\n<meta name=\"robots\" content=\"index, follow, max-snippet:-1, max-image-preview:large, max-video-preview:-1\" \/>\n<link rel=\"canonical\" href=\"https:\/\/penosil.com\/cz\/produkt\/sanitary-silicone-313-313c-viceucelovy-sanitarni-silikon\/\" \/>\n<meta property=\"og:locale\" content=\"cs_CZ\" \/>\n<meta property=\"og:type\" content=\"article\" \/>\n<meta property=\"og:title\" content=\"PENOSIL Sanitary silicone 313\/313c - V\u00edce\u00fa\u010delov\u00fd sanit\u00e1rn\u00ed silikon\" \/>\n<meta property=\"og:description\" content=\"PENOSIL Sanit\u00e1rn\u00ed silikon 313 je v\u00edce\u00fa\u010delov\u00fd acetoxy sanit\u00e1rn\u00ed silikon pro vodot\u011bsn\u00e9 ut\u011bsn\u011bn\u00ed v mokr\u00fdch a vlhk\u00fdch prostor\u00e1ch. Zjist\u011bte v\u00edce!\" \/>\n<meta property=\"og:url\" content=\"https:\/\/penosil.com\/cz\/produkt\/sanitary-silicone-313-313c-viceucelovy-sanitarni-silikon\/\" \/>\n<meta property=\"og:site_name\" content=\"Penosil \u010cesk\u00e1 Republika\" \/>\n<meta property=\"article:modified_time\" content=\"2025-07-23T09:05:19+00:00\" \/>\n<meta property=\"og:image\" content=\"https:\/\/penosil.com\/cz\/wp-content\/uploads\/sites\/34\/2024\/06\/PE-2011.webp\" \/>\n\t<meta property=\"og:image:width\" content=\"387\" \/>\n\t<meta property=\"og:image:height\" content=\"1080\" \/>\n\t<meta property=\"og:image:type\" content=\"image\/webp\" \/>\n<meta name=\"twitter:card\" content=\"summary_large_image\" \/>\n<meta name=\"twitter:label1\" content=\"Odhadovan\u00e1 doba \u010dten\u00ed\" \/>\n\t<meta name=\"twitter:data1\" content=\"3 minuty\" \/>\n<script type=\"application\/ld+json\" class=\"yoast-schema-graph\">{\"@context\":\"https:\/\/schema.org\",\"@graph\":[{\"@type\":\"WebPage\",\"@id\":\"https:\/\/penosil.com\/cz\/produkt\/sanitary-silicone-313-313c-viceucelovy-sanitarni-silikon\/\",\"url\":\"https:\/\/penosil.com\/cz\/produkt\/sanitary-silicone-313-313c-viceucelovy-sanitarni-silikon\/\",\"name\":\"PENOSIL Sanitary silicone 313\/313c - V\u00edce\u00fa\u010delov\u00fd sanit\u00e1rn\u00ed silikon\",\"isPartOf\":{\"@id\":\"https:\/\/penosil.com\/cz\/#website\"},\"primaryImageOfPage\":{\"@id\":\"https:\/\/penosil.com\/cz\/produkt\/sanitary-silicone-313-313c-viceucelovy-sanitarni-silikon\/#primaryimage\"},\"image\":{\"@id\":\"https:\/\/penosil.com\/cz\/produkt\/sanitary-silicone-313-313c-viceucelovy-sanitarni-silikon\/#primaryimage\"},\"thumbnailUrl\":\"https:\/\/penosil.com\/cz\/wp-content\/uploads\/sites\/34\/2024\/06\/PE-2011.webp\",\"datePublished\":\"2024-06-04T05:56:18+00:00\",\"dateModified\":\"2025-07-23T09:05:19+00:00\",\"description\":\"PENOSIL Sanit\u00e1rn\u00ed silikon 313 je v\u00edce\u00fa\u010delov\u00fd acetoxy sanit\u00e1rn\u00ed silikon pro vodot\u011bsn\u00e9 ut\u011bsn\u011bn\u00ed v mokr\u00fdch a vlhk\u00fdch prostor\u00e1ch. Zjist\u011bte v\u00edce!\",\"breadcrumb\":{\"@id\":\"https:\/\/penosil.com\/cz\/produkt\/sanitary-silicone-313-313c-viceucelovy-sanitarni-silikon\/#breadcrumb\"},\"inLanguage\":\"cs\",\"potentialAction\":[{\"@type\":\"ReadAction\",\"target\":[\"https:\/\/penosil.com\/cz\/produkt\/sanitary-silicone-313-313c-viceucelovy-sanitarni-silikon\/\"]}]},{\"@type\":\"ImageObject\",\"inLanguage\":\"cs\",\"@id\":\"https:\/\/penosil.com\/cz\/produkt\/sanitary-silicone-313-313c-viceucelovy-sanitarni-silikon\/#primaryimage\",\"url\":\"https:\/\/penosil.com\/cz\/wp-content\/uploads\/sites\/34\/2024\/06\/PE-2011.webp\",\"contentUrl\":\"https:\/\/penosil.com\/cz\/wp-content\/uploads\/sites\/34\/2024\/06\/PE-2011.webp\",\"width\":387,\"height\":1080,\"caption\":\"V\u00edce\u00fa\u010delov\u00fd sanit\u00e1rn\u00ed silikon\"},{\"@type\":\"BreadcrumbList\",\"@id\":\"https:\/\/penosil.com\/cz\/produkt\/sanitary-silicone-313-313c-viceucelovy-sanitarni-silikon\/#breadcrumb\",\"itemListElement\":[{\"@type\":\"ListItem\",\"position\":1,\"name\":\"Home\",\"item\":\"https:\/\/penosil.com\/cz\/\"},{\"@type\":\"ListItem\",\"position\":2,\"name\":\"Produkty\",\"item\":\"https:\/\/penosil.com\/cz\/produkty\/\"},{\"@type\":\"ListItem\",\"position\":3,\"name\":\"Sanitary silicone 313\/313c\"}]},{\"@type\":\"WebSite\",\"@id\":\"https:\/\/penosil.com\/cz\/#website\",\"url\":\"https:\/\/penosil.com\/cz\/\",\"name\":\"Penosil \u010cesk\u00e1 Republika\",\"description\":\"\",\"potentialAction\":[{\"@type\":\"SearchAction\",\"target\":{\"@type\":\"EntryPoint\",\"urlTemplate\":\"https:\/\/penosil.com\/cz\/?s={search_term_string}\"},\"query-input\":{\"@type\":\"PropertyValueSpecification\",\"valueRequired\":true,\"valueName\":\"search_term_string\"}}],\"inLanguage\":\"cs\"}]}<\/script>\n<!-- \/ Yoast SEO plugin. -->","yoast_head_json":{"title":"PENOSIL Sanitary silicone 313\/313c - V\u00edce\u00fa\u010delov\u00fd sanit\u00e1rn\u00ed silikon","description":"PENOSIL Sanit\u00e1rn\u00ed silikon 313 je v\u00edce\u00fa\u010delov\u00fd acetoxy sanit\u00e1rn\u00ed silikon pro vodot\u011bsn\u00e9 ut\u011bsn\u011bn\u00ed v mokr\u00fdch a vlhk\u00fdch prostor\u00e1ch. Zjist\u011bte v\u00edce!","robots":{"index":"index","follow":"follow","max-snippet":"max-snippet:-1","max-image-preview":"max-image-preview:large","max-video-preview":"max-video-preview:-1"},"canonical":"https:\/\/penosil.com\/cz\/produkt\/sanitary-silicone-313-313c-viceucelovy-sanitarni-silikon\/","og_locale":"cs_CZ","og_type":"article","og_title":"PENOSIL Sanitary silicone 313\/313c - V\u00edce\u00fa\u010delov\u00fd sanit\u00e1rn\u00ed silikon","og_description":"PENOSIL Sanit\u00e1rn\u00ed silikon 313 je v\u00edce\u00fa\u010delov\u00fd acetoxy sanit\u00e1rn\u00ed silikon pro vodot\u011bsn\u00e9 ut\u011bsn\u011bn\u00ed v mokr\u00fdch a vlhk\u00fdch prostor\u00e1ch. Zjist\u011bte v\u00edce!","og_url":"https:\/\/penosil.com\/cz\/produkt\/sanitary-silicone-313-313c-viceucelovy-sanitarni-silikon\/","og_site_name":"Penosil \u010cesk\u00e1 Republika","article_modified_time":"2025-07-23T09:05:19+00:00","og_image":[{"width":387,"height":1080,"url":"https:\/\/penosil.com\/cz\/wp-content\/uploads\/sites\/34\/2024\/06\/PE-2011.webp","type":"image\/webp"}],"twitter_card":"summary_large_image","twitter_misc":{"Odhadovan\u00e1 doba \u010dten\u00ed":"3 minuty"},"schema":{"@context":"https:\/\/schema.org","@graph":[{"@type":"WebPage","@id":"https:\/\/penosil.com\/cz\/produkt\/sanitary-silicone-313-313c-viceucelovy-sanitarni-silikon\/","url":"https:\/\/penosil.com\/cz\/produkt\/sanitary-silicone-313-313c-viceucelovy-sanitarni-silikon\/","name":"PENOSIL Sanitary silicone 313\/313c - V\u00edce\u00fa\u010delov\u00fd sanit\u00e1rn\u00ed silikon","isPartOf":{"@id":"https:\/\/penosil.com\/cz\/#website"},"primaryImageOfPage":{"@id":"https:\/\/penosil.com\/cz\/produkt\/sanitary-silicone-313-313c-viceucelovy-sanitarni-silikon\/#primaryimage"},"image":{"@id":"https:\/\/penosil.com\/cz\/produkt\/sanitary-silicone-313-313c-viceucelovy-sanitarni-silikon\/#primaryimage"},"thumbnailUrl":"https:\/\/penosil.com\/cz\/wp-content\/uploads\/sites\/34\/2024\/06\/PE-2011.webp","datePublished":"2024-06-04T05:56:18+00:00","dateModified":"2025-07-23T09:05:19+00:00","description":"PENOSIL Sanit\u00e1rn\u00ed silikon 313 je v\u00edce\u00fa\u010delov\u00fd acetoxy sanit\u00e1rn\u00ed silikon pro vodot\u011bsn\u00e9 ut\u011bsn\u011bn\u00ed v mokr\u00fdch a vlhk\u00fdch prostor\u00e1ch. Zjist\u011bte v\u00edce!","breadcrumb":{"@id":"https:\/\/penosil.com\/cz\/produkt\/sanitary-silicone-313-313c-viceucelovy-sanitarni-silikon\/#breadcrumb"},"inLanguage":"cs","potentialAction":[{"@type":"ReadAction","target":["https:\/\/penosil.com\/cz\/produkt\/sanitary-silicone-313-313c-viceucelovy-sanitarni-silikon\/"]}]},{"@type":"ImageObject","inLanguage":"cs","@id":"https:\/\/penosil.com\/cz\/produkt\/sanitary-silicone-313-313c-viceucelovy-sanitarni-silikon\/#primaryimage","url":"https:\/\/penosil.com\/cz\/wp-content\/uploads\/sites\/34\/2024\/06\/PE-2011.webp","contentUrl":"https:\/\/penosil.com\/cz\/wp-content\/uploads\/sites\/34\/2024\/06\/PE-2011.webp","width":387,"height":1080,"caption":"V\u00edce\u00fa\u010delov\u00fd sanit\u00e1rn\u00ed silikon"},{"@type":"BreadcrumbList","@id":"https:\/\/penosil.com\/cz\/produkt\/sanitary-silicone-313-313c-viceucelovy-sanitarni-silikon\/#breadcrumb","itemListElement":[{"@type":"ListItem","position":1,"name":"Home","item":"https:\/\/penosil.com\/cz\/"},{"@type":"ListItem","position":2,"name":"Produkty","item":"https:\/\/penosil.com\/cz\/produkty\/"},{"@type":"ListItem","position":3,"name":"Sanitary silicone 313\/313c"}]},{"@type":"WebSite","@id":"https:\/\/penosil.com\/cz\/#website","url":"https:\/\/penosil.com\/cz\/","name":"Penosil \u010cesk\u00e1 Republika","description":"","potentialAction":[{"@type":"SearchAction","target":{"@type":"EntryPoint","urlTemplate":"https:\/\/penosil.com\/cz\/?s={search_term_string}"},"query-input":{"@type":"PropertyValueSpecification","valueRequired":true,"valueName":"search_term_string"}}],"inLanguage":"cs"}]}},"featured_img":"https:\/\/penosil.com\/cz\/wp-content\/uploads\/sites\/34\/2024\/06\/PE-2011.webp","coauthors":[],"author_meta":{"author_link":"https:\/\/penosil.com\/cz\/author\/jirikuran\/","display_name":"jirikuran"},"relative_dates":{"created":"Posted 2 roky ago","modified":"Updated 9 m\u011bs\u00edc\u016f ago"},"absolute_dates":{"created":"Posted on 4. 6. 2024","modified":"Updated on 23. 7. 2025"},"absolute_dates_time":{"created":"Posted on 4. 6. 2024 7:56","modified":"Updated on 23. 7. 2025 11:05"},"featured_img_caption":"V\u00edce\u00fa\u010delov\u00fd sanit\u00e1rn\u00ed silikon","tax_additional":{"product_brand":{"linked":[],"unlinked":[],"slug":"product_brand","name":"Zna\u010dky"},"product_type":{"linked":["<a href=\"https:\/\/penosil.com\/cz\/?taxonomy=product_type&#038;term=variable\" class=\"advgb-post-tax-term\">variable<\/a>"],"unlinked":["<span class=\"advgb-post-tax-term\">variable<\/span>"],"slug":"product_type","name":"Typ produktu"},"product_visibility":{"linked":[],"unlinked":[],"slug":"product_visibility","name":"Viditelnost produktu"},"product_cat":{"linked":["<a href=\"https:\/\/penosil.com\/cz\/kategorie-produktu\/produktove-skupiny\/tmely\/silikony\/\" class=\"advgb-post-tax-term\">Silikony<\/a>","<a href=\"https:\/\/penosil.com\/cz\/kategorie-produktu\/produktove-skupiny\/tmely\/\" class=\"advgb-post-tax-term\">Tmely<\/a>","<a href=\"https:\/\/penosil.com\/cz\/kategorie-produktu\/oblast-pouziti\/sanita\/\" class=\"advgb-post-tax-term\">Sanita<\/a>"],"unlinked":["<span class=\"advgb-post-tax-term\">Silikony<\/span>","<span class=\"advgb-post-tax-term\">Tmely<\/span>","<span class=\"advgb-post-tax-term\">Sanita<\/span>"],"slug":"product_cat","name":"Kategorie produktu"},"product_tag":{"linked":[],"unlinked":[],"slug":"product_tag","name":"\u0160t\u00edtky produktu"},"product_shipping_class":{"linked":[],"unlinked":[],"slug":"product_shipping_class","name":"T\u0159\u00eddy dopravy produktu"},"pos_product_visibility":{"linked":[],"unlinked":[],"slug":"pos_product_visibility","name":"Viditelnost produkt\u016f v POS"},"pa_colour":{"linked":["<a href=\"https:\/\/penosil.com\/cz\/?taxonomy=pa_colour&#038;term=beige-3\" class=\"advgb-post-tax-term\">B\u00e9\u017eov\u00e1<\/a>","<a href=\"https:\/\/penosil.com\/cz\/?taxonomy=pa_colour&#038;term=black-3\" class=\"advgb-post-tax-term\">\u010cern\u00e1<\/a>","<a href=\"https:\/\/penosil.com\/cz\/?taxonomy=pa_colour&#038;term=brown-2\" class=\"advgb-post-tax-term\">Hn\u011bd\u00e1<\/a>","<a href=\"https:\/\/penosil.com\/cz\/?taxonomy=pa_colour&#038;term=transparent-3\" class=\"advgb-post-tax-term\">Transparentn\u00ed<\/a>","<a href=\"https:\/\/penosil.com\/cz\/?taxonomy=pa_colour&#038;term=white-3\" class=\"advgb-post-tax-term\">B\u00edl\u00e1<\/a>","<a href=\"https:\/\/penosil.com\/cz\/?taxonomy=pa_colour&#038;term=grey-3\" class=\"advgb-post-tax-term\">\u0160ed\u00e1<\/a>"],"unlinked":["<span class=\"advgb-post-tax-term\">B\u00e9\u017eov\u00e1<\/span>","<span class=\"advgb-post-tax-term\">\u010cern\u00e1<\/span>","<span class=\"advgb-post-tax-term\">Hn\u011bd\u00e1<\/span>","<span class=\"advgb-post-tax-term\">Transparentn\u00ed<\/span>","<span class=\"advgb-post-tax-term\">B\u00edl\u00e1<\/span>","<span class=\"advgb-post-tax-term\">\u0160ed\u00e1<\/span>"],"slug":"pa_colour","name":"Product Barva"},"pa_diameter":{"linked":[],"unlinked":[],"slug":"pa_diameter","name":"Product Pr\u016fm\u011br"},"pa_package":{"linked":[],"unlinked":[],"slug":"pa_package","name":"Product Balen\u00ed"},"pa_roll":{"linked":[],"unlinked":[],"slug":"pa_roll","name":"Product Provazec"},"pa_widths":{"linked":[],"unlinked":[],"slug":"pa_widths","name":"Product \u0160\u00ed\u0159ka"},"translation_priority":{"linked":["<a href=\"https:\/\/penosil.com\/cz\/?taxonomy=translation_priority&#038;term=optional-cs\" class=\"advgb-post-tax-term\">Optional<\/a>"],"unlinked":["<span class=\"advgb-post-tax-term\">Optional<\/span>"],"slug":"translation_priority","name":"Translation Priorities"}},"series_order":"","_links":{"self":[{"href":"https:\/\/penosil.com\/cz\/wp-json\/wp\/v2\/product\/32183","targetHints":{"allow":["GET"]}}],"collection":[{"href":"https:\/\/penosil.com\/cz\/wp-json\/wp\/v2\/product"}],"about":[{"href":"https:\/\/penosil.com\/cz\/wp-json\/wp\/v2\/types\/product"}],"version-history":[{"count":3,"href":"https:\/\/penosil.com\/cz\/wp-json\/wp\/v2\/product\/32183\/revisions"}],"predecessor-version":[{"id":33344,"href":"https:\/\/penosil.com\/cz\/wp-json\/wp\/v2\/product\/32183\/revisions\/33344"}],"wp:featuredmedia":[{"embeddable":true,"href":"https:\/\/penosil.com\/cz\/wp-json\/wp\/v2\/media\/33343"}],"wp:attachment":[{"href":"https:\/\/penosil.com\/cz\/wp-json\/wp\/v2\/media?parent=32183"}],"wp:term":[{"taxonomy":"product_brand","embeddable":true,"href":"https:\/\/penosil.com\/cz\/wp-json\/wp\/v2\/product_brand?post=32183"},{"taxonomy":"product_cat","embeddable":true,"href":"https:\/\/penosil.com\/cz\/wp-json\/wp\/v2\/product_cat?post=32183"},{"taxonomy":"product_tag","embeddable":true,"href":"https:\/\/penosil.com\/cz\/wp-json\/wp\/v2\/product_tag?post=32183"}],"curies":[{"name":"wp","href":"https:\/\/api.w.org\/{rel}","templated":true}]}}