{"id":32203,"date":"2024-06-04T10:34:47","date_gmt":"2024-06-04T08:34:47","guid":{"rendered":"https:\/\/penosil.com\/cz\/?post_type=product&#038;p=32203"},"modified":"2025-03-11T15:23:39","modified_gmt":"2025-03-11T14:23:39","slug":"epoxyfix-plastic-540-epoxidovy-tmel-pro-opravy-plastovych-prvku","status":"publish","type":"product","link":"https:\/\/penosil.com\/cz\/produkt\/epoxyfix-plastic-540-epoxidovy-tmel-pro-opravy-plastovych-prvku\/","title":{"rendered":"EpoxyFix Plastic 540"},"content":{"rendered":"<p>PENOSIL EpoxyFix Plastic 540 je dvouslo\u017ekov\u00fd rychle tvrdnouc\u00ed epoxidov\u00fd tmel pro rychl\u00e9 opravy a rekonstrukce plast\u016f. Vhodn\u00fd tak\u00e9 pro modelov\u00e1n\u00ed r\u016fzn\u00fdch p\u0159edm\u011bt\u016f, jako jsou hra\u010dky, knofl\u00edky, z\u00e1padky apod.<\/p>\n<h5><span style=\"font-size: 14px;\">* Skladem<\/span><\/h5>\n","protected":false},"excerpt":{"rendered":"PENOSIL EpoxyFix Plastic 540 je dvouslo\u017ekov\u00fd rychle tvrdnouc\u00ed epoxidov\u00fd tmel pro rychl\u00e9 opravy a rekonstrukce plast\u016f. Vhodn\u00fd tak\u00e9 pro modelov\u00e1n\u00ed r\u016fzn\u00fdch p\u0159edm\u011bt\u016f, jako jsou hra\u010dky, knofl\u00edky, z\u00e1padky apod. * Skladem","protected":false},"author":33,"featured_media":32205,"template":"","meta":{"_acf_changed":false,"advgb_blocks_editor_width":"","advgb_blocks_columns_visual_guide":"","footnotes":""},"product_brand":[],"product_cat":[2652,2568,2570],"product_tag":[],"class_list":{"0":"post-32203","1":"product","2":"type-product","3":"status-publish","4":"has-post-thumbnail","6":"product_cat-2-slozkova-epoxydova-lepidla","7":"product_cat-lepidla","8":"product_cat-lepeni","10":"first","11":"instock","12":"taxable","13":"shipping-taxable","14":"purchasable","15":"product-type-simple"},"acf":[],"yoast_head":"<!-- This site is optimized with the Yoast SEO plugin v27.4 - https:\/\/yoast.com\/product\/yoast-seo-wordpress\/ -->\n<title>PENOSIL EpoxyFix Plastic 540 tmel pro opravy plastov\u00fdch prvk\u016f<\/title>\n<meta name=\"description\" content=\"PENOSIL EpoxyFix Plastic 540 pevn\u00fd a tvarovateln\u00fd epoxidov\u00fd tmel pro opravy, z\u00e1platov\u00e1n\u00ed nebo rekonstrukci plastov\u00fdch prvk\u016f. Lze vrtat. V\u00edce zde!\" \/>\n<meta name=\"robots\" content=\"index, follow, max-snippet:-1, max-image-preview:large, max-video-preview:-1\" \/>\n<link rel=\"canonical\" href=\"https:\/\/penosil.com\/cz\/produkt\/epoxyfix-plastic-540-epoxidovy-tmel-pro-opravy-plastovych-prvku\/\" \/>\n<meta property=\"og:locale\" content=\"cs_CZ\" \/>\n<meta property=\"og:type\" content=\"article\" \/>\n<meta property=\"og:title\" content=\"PENOSIL EpoxyFix Plastic 540 tmel pro opravy plastov\u00fdch prvk\u016f\" \/>\n<meta property=\"og:description\" content=\"PENOSIL EpoxyFix Plastic 540 pevn\u00fd a tvarovateln\u00fd epoxidov\u00fd tmel pro opravy, z\u00e1platov\u00e1n\u00ed nebo rekonstrukci plastov\u00fdch prvk\u016f. Lze vrtat. V\u00edce zde!\" \/>\n<meta property=\"og:url\" content=\"https:\/\/penosil.com\/cz\/produkt\/epoxyfix-plastic-540-epoxidovy-tmel-pro-opravy-plastovych-prvku\/\" \/>\n<meta property=\"og:site_name\" content=\"Penosil \u010cesk\u00e1 Republika\" \/>\n<meta property=\"article:modified_time\" content=\"2025-03-11T14:23:39+00:00\" \/>\n<meta property=\"og:image\" content=\"https:\/\/penosil.com\/cz\/wp-content\/uploads\/sites\/34\/2024\/06\/Lepidlo-PENOSIL-EpoxyFix-Plastic-540-30ml.web_.jpg\" \/>\n\t<meta property=\"og:image:width\" content=\"400\" \/>\n\t<meta property=\"og:image:height\" content=\"1400\" \/>\n\t<meta property=\"og:image:type\" content=\"image\/jpeg\" \/>\n<meta name=\"twitter:card\" content=\"summary_large_image\" \/>\n<meta name=\"twitter:label1\" content=\"Odhadovan\u00e1 doba \u010dten\u00ed\" \/>\n\t<meta name=\"twitter:data1\" content=\"1 minuta\" \/>\n<script type=\"application\/ld+json\" class=\"yoast-schema-graph\">{\"@context\":\"https:\\\/\\\/schema.org\",\"@graph\":[{\"@type\":\"WebPage\",\"@id\":\"https:\\\/\\\/penosil.com\\\/cz\\\/produkt\\\/epoxyfix-plastic-540-epoxidovy-tmel-pro-opravy-plastovych-prvku\\\/\",\"url\":\"https:\\\/\\\/penosil.com\\\/cz\\\/produkt\\\/epoxyfix-plastic-540-epoxidovy-tmel-pro-opravy-plastovych-prvku\\\/\",\"name\":\"PENOSIL EpoxyFix Plastic 540 tmel pro opravy plastov\u00fdch prvk\u016f\",\"isPartOf\":{\"@id\":\"https:\\\/\\\/penosil.com\\\/cz\\\/#website\"},\"primaryImageOfPage\":{\"@id\":\"https:\\\/\\\/penosil.com\\\/cz\\\/produkt\\\/epoxyfix-plastic-540-epoxidovy-tmel-pro-opravy-plastovych-prvku\\\/#primaryimage\"},\"image\":{\"@id\":\"https:\\\/\\\/penosil.com\\\/cz\\\/produkt\\\/epoxyfix-plastic-540-epoxidovy-tmel-pro-opravy-plastovych-prvku\\\/#primaryimage\"},\"thumbnailUrl\":\"https:\\\/\\\/penosil.com\\\/cz\\\/wp-content\\\/uploads\\\/sites\\\/34\\\/2024\\\/06\\\/Lepidlo-PENOSIL-EpoxyFix-Plastic-540-30ml.web_.jpg\",\"datePublished\":\"2024-06-04T08:34:47+00:00\",\"dateModified\":\"2025-03-11T14:23:39+00:00\",\"description\":\"PENOSIL EpoxyFix Plastic 540 pevn\u00fd a tvarovateln\u00fd epoxidov\u00fd tmel pro opravy, z\u00e1platov\u00e1n\u00ed nebo rekonstrukci plastov\u00fdch prvk\u016f. Lze vrtat. V\u00edce zde!\",\"breadcrumb\":{\"@id\":\"https:\\\/\\\/penosil.com\\\/cz\\\/produkt\\\/epoxyfix-plastic-540-epoxidovy-tmel-pro-opravy-plastovych-prvku\\\/#breadcrumb\"},\"inLanguage\":\"cs\",\"potentialAction\":[{\"@type\":\"ReadAction\",\"target\":[\"https:\\\/\\\/penosil.com\\\/cz\\\/produkt\\\/epoxyfix-plastic-540-epoxidovy-tmel-pro-opravy-plastovych-prvku\\\/\"]}]},{\"@type\":\"ImageObject\",\"inLanguage\":\"cs\",\"@id\":\"https:\\\/\\\/penosil.com\\\/cz\\\/produkt\\\/epoxyfix-plastic-540-epoxidovy-tmel-pro-opravy-plastovych-prvku\\\/#primaryimage\",\"url\":\"https:\\\/\\\/penosil.com\\\/cz\\\/wp-content\\\/uploads\\\/sites\\\/34\\\/2024\\\/06\\\/Lepidlo-PENOSIL-EpoxyFix-Plastic-540-30ml.web_.jpg\",\"contentUrl\":\"https:\\\/\\\/penosil.com\\\/cz\\\/wp-content\\\/uploads\\\/sites\\\/34\\\/2024\\\/06\\\/Lepidlo-PENOSIL-EpoxyFix-Plastic-540-30ml.web_.jpg\",\"width\":400,\"height\":1400,\"caption\":\"PENOSIL Premium EpoxyFix Plastic\"},{\"@type\":\"BreadcrumbList\",\"@id\":\"https:\\\/\\\/penosil.com\\\/cz\\\/produkt\\\/epoxyfix-plastic-540-epoxidovy-tmel-pro-opravy-plastovych-prvku\\\/#breadcrumb\",\"itemListElement\":[{\"@type\":\"ListItem\",\"position\":1,\"name\":\"Home\",\"item\":\"https:\\\/\\\/penosil.com\\\/cz\\\/\"},{\"@type\":\"ListItem\",\"position\":2,\"name\":\"Produkty\",\"item\":\"https:\\\/\\\/penosil.com\\\/cz\\\/produkty\\\/\"},{\"@type\":\"ListItem\",\"position\":3,\"name\":\"EpoxyFix Plastic 540 Epoxidov\u00fd tmel pro opravy plastov\u00fdch prvk\u016f\"}]},{\"@type\":\"WebSite\",\"@id\":\"https:\\\/\\\/penosil.com\\\/cz\\\/#website\",\"url\":\"https:\\\/\\\/penosil.com\\\/cz\\\/\",\"name\":\"Penosil \u010cesk\u00e1 Republika\",\"description\":\"\",\"potentialAction\":[{\"@type\":\"SearchAction\",\"target\":{\"@type\":\"EntryPoint\",\"urlTemplate\":\"https:\\\/\\\/penosil.com\\\/cz\\\/?s={search_term_string}\"},\"query-input\":{\"@type\":\"PropertyValueSpecification\",\"valueRequired\":true,\"valueName\":\"search_term_string\"}}],\"inLanguage\":\"cs\"}]}<\/script>\n<!-- \/ Yoast SEO plugin. -->","yoast_head_json":{"title":"PENOSIL EpoxyFix Plastic 540 tmel pro opravy plastov\u00fdch prvk\u016f","description":"PENOSIL EpoxyFix Plastic 540 pevn\u00fd a tvarovateln\u00fd epoxidov\u00fd tmel pro opravy, z\u00e1platov\u00e1n\u00ed nebo rekonstrukci plastov\u00fdch prvk\u016f. Lze vrtat. V\u00edce zde!","robots":{"index":"index","follow":"follow","max-snippet":"max-snippet:-1","max-image-preview":"max-image-preview:large","max-video-preview":"max-video-preview:-1"},"canonical":"https:\/\/penosil.com\/cz\/produkt\/epoxyfix-plastic-540-epoxidovy-tmel-pro-opravy-plastovych-prvku\/","og_locale":"cs_CZ","og_type":"article","og_title":"PENOSIL EpoxyFix Plastic 540 tmel pro opravy plastov\u00fdch prvk\u016f","og_description":"PENOSIL EpoxyFix Plastic 540 pevn\u00fd a tvarovateln\u00fd epoxidov\u00fd tmel pro opravy, z\u00e1platov\u00e1n\u00ed nebo rekonstrukci plastov\u00fdch prvk\u016f. Lze vrtat. V\u00edce zde!","og_url":"https:\/\/penosil.com\/cz\/produkt\/epoxyfix-plastic-540-epoxidovy-tmel-pro-opravy-plastovych-prvku\/","og_site_name":"Penosil \u010cesk\u00e1 Republika","article_modified_time":"2025-03-11T14:23:39+00:00","og_image":[{"width":400,"height":1400,"url":"https:\/\/penosil.com\/cz\/wp-content\/uploads\/sites\/34\/2024\/06\/Lepidlo-PENOSIL-EpoxyFix-Plastic-540-30ml.web_.jpg","type":"image\/jpeg"}],"twitter_card":"summary_large_image","twitter_misc":{"Odhadovan\u00e1 doba \u010dten\u00ed":"1 minuta"},"schema":{"@context":"https:\/\/schema.org","@graph":[{"@type":"WebPage","@id":"https:\/\/penosil.com\/cz\/produkt\/epoxyfix-plastic-540-epoxidovy-tmel-pro-opravy-plastovych-prvku\/","url":"https:\/\/penosil.com\/cz\/produkt\/epoxyfix-plastic-540-epoxidovy-tmel-pro-opravy-plastovych-prvku\/","name":"PENOSIL EpoxyFix Plastic 540 tmel pro opravy plastov\u00fdch prvk\u016f","isPartOf":{"@id":"https:\/\/penosil.com\/cz\/#website"},"primaryImageOfPage":{"@id":"https:\/\/penosil.com\/cz\/produkt\/epoxyfix-plastic-540-epoxidovy-tmel-pro-opravy-plastovych-prvku\/#primaryimage"},"image":{"@id":"https:\/\/penosil.com\/cz\/produkt\/epoxyfix-plastic-540-epoxidovy-tmel-pro-opravy-plastovych-prvku\/#primaryimage"},"thumbnailUrl":"https:\/\/penosil.com\/cz\/wp-content\/uploads\/sites\/34\/2024\/06\/Lepidlo-PENOSIL-EpoxyFix-Plastic-540-30ml.web_.jpg","datePublished":"2024-06-04T08:34:47+00:00","dateModified":"2025-03-11T14:23:39+00:00","description":"PENOSIL EpoxyFix Plastic 540 pevn\u00fd a tvarovateln\u00fd epoxidov\u00fd tmel pro opravy, z\u00e1platov\u00e1n\u00ed nebo rekonstrukci plastov\u00fdch prvk\u016f. Lze vrtat. V\u00edce zde!","breadcrumb":{"@id":"https:\/\/penosil.com\/cz\/produkt\/epoxyfix-plastic-540-epoxidovy-tmel-pro-opravy-plastovych-prvku\/#breadcrumb"},"inLanguage":"cs","potentialAction":[{"@type":"ReadAction","target":["https:\/\/penosil.com\/cz\/produkt\/epoxyfix-plastic-540-epoxidovy-tmel-pro-opravy-plastovych-prvku\/"]}]},{"@type":"ImageObject","inLanguage":"cs","@id":"https:\/\/penosil.com\/cz\/produkt\/epoxyfix-plastic-540-epoxidovy-tmel-pro-opravy-plastovych-prvku\/#primaryimage","url":"https:\/\/penosil.com\/cz\/wp-content\/uploads\/sites\/34\/2024\/06\/Lepidlo-PENOSIL-EpoxyFix-Plastic-540-30ml.web_.jpg","contentUrl":"https:\/\/penosil.com\/cz\/wp-content\/uploads\/sites\/34\/2024\/06\/Lepidlo-PENOSIL-EpoxyFix-Plastic-540-30ml.web_.jpg","width":400,"height":1400,"caption":"PENOSIL Premium EpoxyFix Plastic"},{"@type":"BreadcrumbList","@id":"https:\/\/penosil.com\/cz\/produkt\/epoxyfix-plastic-540-epoxidovy-tmel-pro-opravy-plastovych-prvku\/#breadcrumb","itemListElement":[{"@type":"ListItem","position":1,"name":"Home","item":"https:\/\/penosil.com\/cz\/"},{"@type":"ListItem","position":2,"name":"Produkty","item":"https:\/\/penosil.com\/cz\/produkty\/"},{"@type":"ListItem","position":3,"name":"EpoxyFix Plastic 540 Epoxidov\u00fd tmel pro opravy plastov\u00fdch prvk\u016f"}]},{"@type":"WebSite","@id":"https:\/\/penosil.com\/cz\/#website","url":"https:\/\/penosil.com\/cz\/","name":"Penosil \u010cesk\u00e1 Republika","description":"","potentialAction":[{"@type":"SearchAction","target":{"@type":"EntryPoint","urlTemplate":"https:\/\/penosil.com\/cz\/?s={search_term_string}"},"query-input":{"@type":"PropertyValueSpecification","valueRequired":true,"valueName":"search_term_string"}}],"inLanguage":"cs"}]}},"featured_img":"https:\/\/penosil.com\/cz\/wp-content\/uploads\/sites\/34\/2024\/06\/Lepidlo-PENOSIL-EpoxyFix-Plastic-540-30ml.web_.jpg","coauthors":[],"author_meta":{"author_link":"https:\/\/penosil.com\/cz\/author\/jirikuran\/","display_name":"jirikuran"},"relative_dates":{"created":"Posted 2 roky ago","modified":"Updated 1 rokem ago"},"absolute_dates":{"created":"Posted on 4. 6. 2024","modified":"Updated on 11. 3. 2025"},"absolute_dates_time":{"created":"Posted on 4. 6. 2024 10:34","modified":"Updated on 11. 3. 2025 15:23"},"featured_img_caption":"PENOSIL Premium EpoxyFix Plastic \n","tax_additional":{"product_brand":{"linked":[],"unlinked":[],"slug":"product_brand","name":"Zna\u010dky"},"product_type":{"linked":["<a href=\"https:\/\/penosil.com\/cz\/?taxonomy=product_type&#038;term=simple\" class=\"advgb-post-tax-term\">simple<\/a>"],"unlinked":["<span class=\"advgb-post-tax-term\">simple<\/span>"],"slug":"product_type","name":"Typ produktu"},"product_visibility":{"linked":[],"unlinked":[],"slug":"product_visibility","name":"Viditelnost produktu"},"product_cat":{"linked":["<a href=\"https:\/\/penosil.com\/cz\/kategorie-produktu\/produktove-skupiny\/lepidla\/2-slozkova-epoxydova-lepidla\/\" class=\"advgb-post-tax-term\">Dvouslo\u017ekov\u00e1 epoxydov\u00e1 lepidla<\/a>","<a href=\"https:\/\/penosil.com\/cz\/kategorie-produktu\/produktove-skupiny\/lepidla\/\" class=\"advgb-post-tax-term\">Lepidla<\/a>","<a href=\"https:\/\/penosil.com\/cz\/kategorie-produktu\/oblast-pouziti\/lepeni\/\" class=\"advgb-post-tax-term\">Lepen\u00ed<\/a>"],"unlinked":["<span class=\"advgb-post-tax-term\">Dvouslo\u017ekov\u00e1 epoxydov\u00e1 lepidla<\/span>","<span class=\"advgb-post-tax-term\">Lepidla<\/span>","<span class=\"advgb-post-tax-term\">Lepen\u00ed<\/span>"],"slug":"product_cat","name":"Kategorie produktu"},"product_tag":{"linked":[],"unlinked":[],"slug":"product_tag","name":"\u0160t\u00edtky produktu"},"product_shipping_class":{"linked":[],"unlinked":[],"slug":"product_shipping_class","name":"T\u0159\u00eddy dopravy produktu"},"pos_product_visibility":{"linked":[],"unlinked":[],"slug":"pos_product_visibility","name":"Viditelnost produkt\u016f v POS"},"pa_colour":{"linked":["<a href=\"https:\/\/penosil.com\/cz\/?taxonomy=pa_colour&#038;term=white-3\" class=\"advgb-post-tax-term\">B\u00edl\u00e1<\/a>"],"unlinked":["<span class=\"advgb-post-tax-term\">B\u00edl\u00e1<\/span>"],"slug":"pa_colour","name":"Product Barva"},"pa_diameter":{"linked":[],"unlinked":[],"slug":"pa_diameter","name":"Product Pr\u016fm\u011br"},"pa_package":{"linked":[],"unlinked":[],"slug":"pa_package","name":"Product Balen\u00ed"},"pa_roll":{"linked":[],"unlinked":[],"slug":"pa_roll","name":"Product Provazec"},"pa_widths":{"linked":[],"unlinked":[],"slug":"pa_widths","name":"Product \u0160\u00ed\u0159ka"},"translation_priority":{"linked":["<a href=\"https:\/\/penosil.com\/cz\/?taxonomy=translation_priority&#038;term=optional-cs\" class=\"advgb-post-tax-term\">Optional<\/a>"],"unlinked":["<span class=\"advgb-post-tax-term\">Optional<\/span>"],"slug":"translation_priority","name":"Translation Priorities"}},"series_order":"","_links":{"self":[{"href":"https:\/\/penosil.com\/cz\/wp-json\/wp\/v2\/product\/32203","targetHints":{"allow":["GET"]}}],"collection":[{"href":"https:\/\/penosil.com\/cz\/wp-json\/wp\/v2\/product"}],"about":[{"href":"https:\/\/penosil.com\/cz\/wp-json\/wp\/v2\/types\/product"}],"version-history":[{"count":2,"href":"https:\/\/penosil.com\/cz\/wp-json\/wp\/v2\/product\/32203\/revisions"}],"predecessor-version":[{"id":32443,"href":"https:\/\/penosil.com\/cz\/wp-json\/wp\/v2\/product\/32203\/revisions\/32443"}],"wp:featuredmedia":[{"embeddable":true,"href":"https:\/\/penosil.com\/cz\/wp-json\/wp\/v2\/media\/32205"}],"wp:attachment":[{"href":"https:\/\/penosil.com\/cz\/wp-json\/wp\/v2\/media?parent=32203"}],"wp:term":[{"taxonomy":"product_brand","embeddable":true,"href":"https:\/\/penosil.com\/cz\/wp-json\/wp\/v2\/product_brand?post=32203"},{"taxonomy":"product_cat","embeddable":true,"href":"https:\/\/penosil.com\/cz\/wp-json\/wp\/v2\/product_cat?post=32203"},{"taxonomy":"product_tag","embeddable":true,"href":"https:\/\/penosil.com\/cz\/wp-json\/wp\/v2\/product_tag?post=32203"}],"curies":[{"name":"wp","href":"https:\/\/api.w.org\/{rel}","templated":true}]}}