{"id":32338,"date":"2024-09-06T14:32:18","date_gmt":"2024-09-06T12:32:18","guid":{"rendered":"https:\/\/penosil.com\/cz\/?post_type=product&#038;p=32338"},"modified":"2025-12-08T12:45:48","modified_gmt":"2025-12-08T11:45:48","slug":"turbotack-707","status":"publish","type":"product","link":"https:\/\/penosil.com\/cz\/produkt\/turbotack-707\/","title":{"rendered":"PENOSIL TurboTack 707"},"content":{"rendered":"<p>PENOSIL TurboTack 707 je v\u00edce\u00fa\u010delov\u00e9 vysoce kvalitn\u00ed hybridn\u00ed lepidlo s extr\u00e9mn\u011b vysokou po\u010d\u00e1te\u010dn\u00ed lepivost\u00ed pro pou\u017eit\u00ed v interi\u00e9ru i exteri\u00e9ru. Vytv\u00e1\u0159\u00ed mimo\u0159\u00e1dn\u011b rychl\u00fd a pevn\u00fd spoj s \u0161irokou \u0161k\u00e1lou materi\u00e1l\u016f.<\/p>\n<h5>* <span style=\"font-size: 14px;\">Skladem<\/span><\/h5>\n","protected":false},"excerpt":{"rendered":"PENOSIL TurboTack 707 je v\u00edce\u00fa\u010delov\u00e9 vysoce kvalitn\u00ed hybridn\u00ed lepidlo s extr\u00e9mn\u011b vysokou po\u010d\u00e1te\u010dn\u00ed lepivost\u00ed pro pou\u017eit\u00ed v interi\u00e9ru i exteri\u00e9ru. Vytv\u00e1\u0159\u00ed mimo\u0159\u00e1dn\u011b rychl\u00fd a pevn\u00fd spoj s \u0161irokou \u0161k\u00e1lou materi\u00e1l\u016f. * Skladem","protected":false},"author":33,"featured_media":33866,"template":"","meta":{"_acf_changed":false,"advgb_blocks_editor_width":"","advgb_blocks_columns_visual_guide":"","footnotes":""},"product_brand":[],"product_cat":[2633,2568,2570],"product_tag":[],"class_list":{"0":"post-32338","1":"product","2":"type-product","3":"status-publish","4":"has-post-thumbnail","6":"product_cat-stavebni-lepidla","7":"product_cat-lepidla","8":"product_cat-lepeni","10":"first","11":"instock","12":"purchasable","13":"product-type-variable"},"acf":[],"yoast_head":"<!-- This site is optimized with the Yoast SEO plugin v27.2 - https:\/\/yoast.com\/product\/yoast-seo-wordpress\/ -->\n<title>PENOSIL TurboTack 707 lepidlo s okam\u017eitou p\u0159ilnavost\u00ed<\/title>\n<meta name=\"description\" content=\"PENOSIL TurboTack 707 lepidlo s okam\u017eitou p\u0159ilnavost\u00ed pro vnit\u0159n\u00ed a venkovn\u00ed aplikace, kde je vy\u017eadov\u00e1no extra siln\u00e9 spojen\u00ed. Zjist\u011bte v\u00edc\" \/>\n<meta name=\"robots\" content=\"index, follow, max-snippet:-1, max-image-preview:large, max-video-preview:-1\" \/>\n<link rel=\"canonical\" href=\"https:\/\/penosil.com\/cz\/produkt\/turbotack-707\/\" \/>\n<meta property=\"og:locale\" content=\"cs_CZ\" \/>\n<meta property=\"og:type\" content=\"article\" \/>\n<meta property=\"og:title\" content=\"PENOSIL TurboTack 707 lepidlo s okam\u017eitou p\u0159ilnavost\u00ed\" \/>\n<meta property=\"og:description\" content=\"PENOSIL TurboTack 707 lepidlo s okam\u017eitou p\u0159ilnavost\u00ed pro vnit\u0159n\u00ed a venkovn\u00ed aplikace, kde je vy\u017eadov\u00e1no extra siln\u00e9 spojen\u00ed. Zjist\u011bte v\u00edc\" \/>\n<meta property=\"og:url\" content=\"https:\/\/penosil.com\/cz\/produkt\/turbotack-707\/\" \/>\n<meta property=\"og:site_name\" content=\"Penosil \u010cesk\u00e1 Republika\" \/>\n<meta property=\"article:modified_time\" content=\"2025-12-08T11:45:48+00:00\" \/>\n<meta property=\"og:image\" content=\"https:\/\/penosil.com\/cz\/wp-content\/uploads\/sites\/34\/2024\/09\/707_TurboTack_707_White_CZPLSK_V-nozzle.png\" \/>\n\t<meta property=\"og:image:width\" content=\"387\" \/>\n\t<meta property=\"og:image:height\" content=\"1080\" \/>\n\t<meta property=\"og:image:type\" content=\"image\/png\" \/>\n<meta name=\"twitter:card\" content=\"summary_large_image\" \/>\n<meta name=\"twitter:label1\" content=\"Odhadovan\u00e1 doba \u010dten\u00ed\" \/>\n\t<meta name=\"twitter:data1\" content=\"3 minuty\" \/>\n<script type=\"application\/ld+json\" class=\"yoast-schema-graph\">{\"@context\":\"https:\/\/schema.org\",\"@graph\":[{\"@type\":\"WebPage\",\"@id\":\"https:\/\/penosil.com\/cz\/produkt\/turbotack-707\/\",\"url\":\"https:\/\/penosil.com\/cz\/produkt\/turbotack-707\/\",\"name\":\"PENOSIL TurboTack 707 lepidlo s okam\u017eitou p\u0159ilnavost\u00ed\",\"isPartOf\":{\"@id\":\"https:\/\/penosil.com\/cz\/#website\"},\"primaryImageOfPage\":{\"@id\":\"https:\/\/penosil.com\/cz\/produkt\/turbotack-707\/#primaryimage\"},\"image\":{\"@id\":\"https:\/\/penosil.com\/cz\/produkt\/turbotack-707\/#primaryimage\"},\"thumbnailUrl\":\"https:\/\/penosil.com\/cz\/wp-content\/uploads\/sites\/34\/2024\/09\/707_TurboTack_707_White_CZPLSK_V-nozzle.png\",\"datePublished\":\"2024-09-06T12:32:18+00:00\",\"dateModified\":\"2025-12-08T11:45:48+00:00\",\"description\":\"PENOSIL TurboTack 707 lepidlo s okam\u017eitou p\u0159ilnavost\u00ed pro vnit\u0159n\u00ed a venkovn\u00ed aplikace, kde je vy\u017eadov\u00e1no extra siln\u00e9 spojen\u00ed. Zjist\u011bte v\u00edc\",\"breadcrumb\":{\"@id\":\"https:\/\/penosil.com\/cz\/produkt\/turbotack-707\/#breadcrumb\"},\"inLanguage\":\"cs\",\"potentialAction\":[{\"@type\":\"ReadAction\",\"target\":[\"https:\/\/penosil.com\/cz\/produkt\/turbotack-707\/\"]}]},{\"@type\":\"ImageObject\",\"inLanguage\":\"cs\",\"@id\":\"https:\/\/penosil.com\/cz\/produkt\/turbotack-707\/#primaryimage\",\"url\":\"https:\/\/penosil.com\/cz\/wp-content\/uploads\/sites\/34\/2024\/09\/707_TurboTack_707_White_CZPLSK_V-nozzle.png\",\"contentUrl\":\"https:\/\/penosil.com\/cz\/wp-content\/uploads\/sites\/34\/2024\/09\/707_TurboTack_707_White_CZPLSK_V-nozzle.png\",\"width\":387,\"height\":1080},{\"@type\":\"BreadcrumbList\",\"@id\":\"https:\/\/penosil.com\/cz\/produkt\/turbotack-707\/#breadcrumb\",\"itemListElement\":[{\"@type\":\"ListItem\",\"position\":1,\"name\":\"Home\",\"item\":\"https:\/\/penosil.com\/cz\/\"},{\"@type\":\"ListItem\",\"position\":2,\"name\":\"Produkty\",\"item\":\"https:\/\/penosil.com\/cz\/produkty\/\"},{\"@type\":\"ListItem\",\"position\":3,\"name\":\"PENOSIL TurboTack 707\"}]},{\"@type\":\"WebSite\",\"@id\":\"https:\/\/penosil.com\/cz\/#website\",\"url\":\"https:\/\/penosil.com\/cz\/\",\"name\":\"Penosil \u010cesk\u00e1 Republika\",\"description\":\"\",\"potentialAction\":[{\"@type\":\"SearchAction\",\"target\":{\"@type\":\"EntryPoint\",\"urlTemplate\":\"https:\/\/penosil.com\/cz\/?s={search_term_string}\"},\"query-input\":{\"@type\":\"PropertyValueSpecification\",\"valueRequired\":true,\"valueName\":\"search_term_string\"}}],\"inLanguage\":\"cs\"}]}<\/script>\n<!-- \/ Yoast SEO plugin. -->","yoast_head_json":{"title":"PENOSIL TurboTack 707 lepidlo s okam\u017eitou p\u0159ilnavost\u00ed","description":"PENOSIL TurboTack 707 lepidlo s okam\u017eitou p\u0159ilnavost\u00ed pro vnit\u0159n\u00ed a venkovn\u00ed aplikace, kde je vy\u017eadov\u00e1no extra siln\u00e9 spojen\u00ed. Zjist\u011bte v\u00edc","robots":{"index":"index","follow":"follow","max-snippet":"max-snippet:-1","max-image-preview":"max-image-preview:large","max-video-preview":"max-video-preview:-1"},"canonical":"https:\/\/penosil.com\/cz\/produkt\/turbotack-707\/","og_locale":"cs_CZ","og_type":"article","og_title":"PENOSIL TurboTack 707 lepidlo s okam\u017eitou p\u0159ilnavost\u00ed","og_description":"PENOSIL TurboTack 707 lepidlo s okam\u017eitou p\u0159ilnavost\u00ed pro vnit\u0159n\u00ed a venkovn\u00ed aplikace, kde je vy\u017eadov\u00e1no extra siln\u00e9 spojen\u00ed. Zjist\u011bte v\u00edc","og_url":"https:\/\/penosil.com\/cz\/produkt\/turbotack-707\/","og_site_name":"Penosil \u010cesk\u00e1 Republika","article_modified_time":"2025-12-08T11:45:48+00:00","og_image":[{"width":387,"height":1080,"url":"https:\/\/penosil.com\/cz\/wp-content\/uploads\/sites\/34\/2024\/09\/707_TurboTack_707_White_CZPLSK_V-nozzle.png","type":"image\/png"}],"twitter_card":"summary_large_image","twitter_misc":{"Odhadovan\u00e1 doba \u010dten\u00ed":"3 minuty"},"schema":{"@context":"https:\/\/schema.org","@graph":[{"@type":"WebPage","@id":"https:\/\/penosil.com\/cz\/produkt\/turbotack-707\/","url":"https:\/\/penosil.com\/cz\/produkt\/turbotack-707\/","name":"PENOSIL TurboTack 707 lepidlo s okam\u017eitou p\u0159ilnavost\u00ed","isPartOf":{"@id":"https:\/\/penosil.com\/cz\/#website"},"primaryImageOfPage":{"@id":"https:\/\/penosil.com\/cz\/produkt\/turbotack-707\/#primaryimage"},"image":{"@id":"https:\/\/penosil.com\/cz\/produkt\/turbotack-707\/#primaryimage"},"thumbnailUrl":"https:\/\/penosil.com\/cz\/wp-content\/uploads\/sites\/34\/2024\/09\/707_TurboTack_707_White_CZPLSK_V-nozzle.png","datePublished":"2024-09-06T12:32:18+00:00","dateModified":"2025-12-08T11:45:48+00:00","description":"PENOSIL TurboTack 707 lepidlo s okam\u017eitou p\u0159ilnavost\u00ed pro vnit\u0159n\u00ed a venkovn\u00ed aplikace, kde je vy\u017eadov\u00e1no extra siln\u00e9 spojen\u00ed. Zjist\u011bte v\u00edc","breadcrumb":{"@id":"https:\/\/penosil.com\/cz\/produkt\/turbotack-707\/#breadcrumb"},"inLanguage":"cs","potentialAction":[{"@type":"ReadAction","target":["https:\/\/penosil.com\/cz\/produkt\/turbotack-707\/"]}]},{"@type":"ImageObject","inLanguage":"cs","@id":"https:\/\/penosil.com\/cz\/produkt\/turbotack-707\/#primaryimage","url":"https:\/\/penosil.com\/cz\/wp-content\/uploads\/sites\/34\/2024\/09\/707_TurboTack_707_White_CZPLSK_V-nozzle.png","contentUrl":"https:\/\/penosil.com\/cz\/wp-content\/uploads\/sites\/34\/2024\/09\/707_TurboTack_707_White_CZPLSK_V-nozzle.png","width":387,"height":1080},{"@type":"BreadcrumbList","@id":"https:\/\/penosil.com\/cz\/produkt\/turbotack-707\/#breadcrumb","itemListElement":[{"@type":"ListItem","position":1,"name":"Home","item":"https:\/\/penosil.com\/cz\/"},{"@type":"ListItem","position":2,"name":"Produkty","item":"https:\/\/penosil.com\/cz\/produkty\/"},{"@type":"ListItem","position":3,"name":"PENOSIL TurboTack 707"}]},{"@type":"WebSite","@id":"https:\/\/penosil.com\/cz\/#website","url":"https:\/\/penosil.com\/cz\/","name":"Penosil \u010cesk\u00e1 Republika","description":"","potentialAction":[{"@type":"SearchAction","target":{"@type":"EntryPoint","urlTemplate":"https:\/\/penosil.com\/cz\/?s={search_term_string}"},"query-input":{"@type":"PropertyValueSpecification","valueRequired":true,"valueName":"search_term_string"}}],"inLanguage":"cs"}]}},"featured_img":"https:\/\/penosil.com\/cz\/wp-content\/uploads\/sites\/34\/2024\/09\/707_TurboTack_707_White_CZPLSK_V-nozzle.png","coauthors":[],"author_meta":{"author_link":"https:\/\/penosil.com\/cz\/author\/jirikuran\/","display_name":"jirikuran"},"relative_dates":{"created":"Posted 2 roky ago","modified":"Updated 4 m\u011bs\u00edce ago"},"absolute_dates":{"created":"Posted on 6. 9. 2024","modified":"Updated on 8. 12. 2025"},"absolute_dates_time":{"created":"Posted on 6. 9. 2024 14:32","modified":"Updated on 8. 12. 2025 12:45"},"featured_img_caption":"","tax_additional":{"product_brand":{"linked":[],"unlinked":[],"slug":"product_brand","name":"Zna\u010dky"},"product_type":{"linked":["<a href=\"https:\/\/penosil.com\/cz\/?taxonomy=product_type&#038;term=variable\" class=\"advgb-post-tax-term\">variable<\/a>"],"unlinked":["<span class=\"advgb-post-tax-term\">variable<\/span>"],"slug":"product_type","name":"Typ produktu"},"product_visibility":{"linked":[],"unlinked":[],"slug":"product_visibility","name":"Viditelnost produktu"},"product_cat":{"linked":["<a href=\"https:\/\/penosil.com\/cz\/kategorie-produktu\/produktove-skupiny\/lepidla\/stavebni-lepidla\/\" class=\"advgb-post-tax-term\">Stavebn\u00ed lepidla<\/a>","<a href=\"https:\/\/penosil.com\/cz\/kategorie-produktu\/produktove-skupiny\/lepidla\/\" class=\"advgb-post-tax-term\">Lepidla<\/a>","<a href=\"https:\/\/penosil.com\/cz\/kategorie-produktu\/oblast-pouziti\/lepeni\/\" class=\"advgb-post-tax-term\">Lepen\u00ed<\/a>"],"unlinked":["<span class=\"advgb-post-tax-term\">Stavebn\u00ed lepidla<\/span>","<span class=\"advgb-post-tax-term\">Lepidla<\/span>","<span class=\"advgb-post-tax-term\">Lepen\u00ed<\/span>"],"slug":"product_cat","name":"Kategorie produktu"},"product_tag":{"linked":[],"unlinked":[],"slug":"product_tag","name":"\u0160t\u00edtky produktu"},"product_shipping_class":{"linked":[],"unlinked":[],"slug":"product_shipping_class","name":"T\u0159\u00eddy dopravy produktu"},"pos_product_visibility":{"linked":[],"unlinked":[],"slug":"pos_product_visibility","name":"Viditelnost produkt\u016f v POS"},"pa_colour":{"linked":["<a href=\"https:\/\/penosil.com\/cz\/?taxonomy=pa_colour&#038;term=white-3\" class=\"advgb-post-tax-term\">B\u00edl\u00e1<\/a>"],"unlinked":["<span class=\"advgb-post-tax-term\">B\u00edl\u00e1<\/span>"],"slug":"pa_colour","name":"Product Barva"},"pa_diameter":{"linked":[],"unlinked":[],"slug":"pa_diameter","name":"Product Pr\u016fm\u011br"},"pa_package":{"linked":["<a href=\"https:\/\/penosil.com\/cz\/?taxonomy=pa_package&#038;term=750-ml-2\" class=\"advgb-post-tax-term\">750 ml<\/a>","<a href=\"https:\/\/penosil.com\/cz\/?taxonomy=pa_package&#038;term=1000-ml-2\" class=\"advgb-post-tax-term\">1000 ml<\/a>"],"unlinked":["<span class=\"advgb-post-tax-term\">750 ml<\/span>","<span class=\"advgb-post-tax-term\">1000 ml<\/span>"],"slug":"pa_package","name":"Product Balen\u00ed"},"pa_roll":{"linked":[],"unlinked":[],"slug":"pa_roll","name":"Product Provazec"},"pa_widths":{"linked":[],"unlinked":[],"slug":"pa_widths","name":"Product \u0160\u00ed\u0159ka"},"translation_priority":{"linked":["<a href=\"https:\/\/penosil.com\/cz\/?taxonomy=translation_priority&#038;term=optional-cs\" class=\"advgb-post-tax-term\">Optional<\/a>"],"unlinked":["<span class=\"advgb-post-tax-term\">Optional<\/span>"],"slug":"translation_priority","name":"Translation Priorities"}},"series_order":"","_links":{"self":[{"href":"https:\/\/penosil.com\/cz\/wp-json\/wp\/v2\/product\/32338","targetHints":{"allow":["GET"]}}],"collection":[{"href":"https:\/\/penosil.com\/cz\/wp-json\/wp\/v2\/product"}],"about":[{"href":"https:\/\/penosil.com\/cz\/wp-json\/wp\/v2\/types\/product"}],"version-history":[{"count":7,"href":"https:\/\/penosil.com\/cz\/wp-json\/wp\/v2\/product\/32338\/revisions"}],"predecessor-version":[{"id":33879,"href":"https:\/\/penosil.com\/cz\/wp-json\/wp\/v2\/product\/32338\/revisions\/33879"}],"wp:featuredmedia":[{"embeddable":true,"href":"https:\/\/penosil.com\/cz\/wp-json\/wp\/v2\/media\/33866"}],"wp:attachment":[{"href":"https:\/\/penosil.com\/cz\/wp-json\/wp\/v2\/media?parent=32338"}],"wp:term":[{"taxonomy":"product_brand","embeddable":true,"href":"https:\/\/penosil.com\/cz\/wp-json\/wp\/v2\/product_brand?post=32338"},{"taxonomy":"product_cat","embeddable":true,"href":"https:\/\/penosil.com\/cz\/wp-json\/wp\/v2\/product_cat?post=32338"},{"taxonomy":"product_tag","embeddable":true,"href":"https:\/\/penosil.com\/cz\/wp-json\/wp\/v2\/product_tag?post=32338"}],"curies":[{"name":"wp","href":"https:\/\/api.w.org\/{rel}","templated":true}]}}