{"id":32530,"date":"2025-03-14T12:31:14","date_gmt":"2025-03-14T11:31:14","guid":{"rendered":"https:\/\/penosil.com\/cz\/?post_type=product&#038;p=32530"},"modified":"2025-12-09T12:33:22","modified_gmt":"2025-12-09T11:33:22","slug":"kamnarsky-tmel-2","status":"publish","type":"product","link":"https:\/\/penosil.com\/cz\/produkt\/kamnarsky-tmel-2\/","title":{"rendered":"HighTemp Sealant +1500\u00b0C"},"content":{"rendered":"<p>PENOSIL HighTemp Sealant +1500\u00b0C je tmel na silik\u00e1tov\u00e9 b\u00e1zi pro vypln\u011bn\u00ed a izolaci sp\u00e1r a prasklin v kom\u00ednech, troub\u00e1ch, krbech a kamnech.<\/p>\n<h5><span style=\"font-size: 14px;\">* Skladem<\/span><\/h5>\n","protected":false},"excerpt":{"rendered":"PENOSIL HighTemp Sealant +1500\u00b0C je tmel na silik\u00e1tov\u00e9 b\u00e1zi pro vypln\u011bn\u00ed a izolaci sp\u00e1r a prasklin v kom\u00ednech, troub\u00e1ch, krbech a kamnech.","protected":false},"author":33,"featured_media":32627,"template":"","meta":{"_acf_changed":false,"advgb_blocks_editor_width":"","advgb_blocks_columns_visual_guide":"","footnotes":""},"product_brand":[],"product_cat":[2567,2581,2594,2557],"product_tag":[],"class_list":{"0":"post-32530","1":"product","2":"type-product","3":"status-publish","4":"has-post-thumbnail","6":"product_cat-oblast-pouziti","7":"product_cat-tmely","8":"product_cat-specialni-tmely","9":"product_cat-ohnivzdornost-vysoka-teplota","11":"first","12":"instock","13":"taxable","14":"shipping-taxable","15":"purchasable","16":"product-type-simple"},"acf":[],"yoast_head":"<!-- This site is optimized with the Yoast SEO plugin v27.2 - https:\/\/yoast.com\/product\/yoast-seo-wordpress\/ -->\n<title>PENOSIL HighTemp +1500\u00b0C Sealant kamn\u00e1\u0159sk\u00fd tmel<\/title>\n<meta name=\"description\" content=\"PENOSIL Kamn\u00e1\u0159sk\u00fd tmel +1500\u00b0C je tmel na silik\u00e1tov\u00e9 b\u00e1zi pro vypln\u011bn\u00ed a izolaci sp\u00e1r a prasklin v kom\u00ednech, troub\u00e1ch, krbech a kamnech. P\u0159e\u010dt\u011bte si v\u00edce!\" \/>\n<meta name=\"robots\" content=\"index, follow, max-snippet:-1, max-image-preview:large, max-video-preview:-1\" \/>\n<link rel=\"canonical\" href=\"https:\/\/penosil.com\/cz\/produkt\/kamnarsky-tmel-2\/\" \/>\n<meta property=\"og:locale\" content=\"cs_CZ\" \/>\n<meta property=\"og:type\" content=\"article\" \/>\n<meta property=\"og:title\" content=\"PENOSIL HighTemp +1500\u00b0C Sealant kamn\u00e1\u0159sk\u00fd tmel\" \/>\n<meta property=\"og:description\" content=\"PENOSIL Kamn\u00e1\u0159sk\u00fd tmel +1500\u00b0C je tmel na silik\u00e1tov\u00e9 b\u00e1zi pro vypln\u011bn\u00ed a izolaci sp\u00e1r a prasklin v kom\u00ednech, troub\u00e1ch, krbech a kamnech. P\u0159e\u010dt\u011bte si v\u00edce!\" \/>\n<meta property=\"og:url\" content=\"https:\/\/penosil.com\/cz\/produkt\/kamnarsky-tmel-2\/\" \/>\n<meta property=\"og:site_name\" content=\"Penosil \u010cesk\u00e1 Republika\" \/>\n<meta property=\"article:modified_time\" content=\"2025-12-09T11:33:22+00:00\" \/>\n<meta property=\"og:image\" content=\"https:\/\/penosil.com\/cz\/wp-content\/uploads\/sites\/34\/2025\/03\/1500C_Fireplace_Sealant_1500\u00b0C_Black_CZPLSK.png\" \/>\n\t<meta property=\"og:image:width\" content=\"387\" \/>\n\t<meta property=\"og:image:height\" content=\"1080\" \/>\n\t<meta property=\"og:image:type\" content=\"image\/png\" \/>\n<meta name=\"twitter:card\" content=\"summary_large_image\" \/>\n<meta name=\"twitter:label1\" content=\"Odhadovan\u00e1 doba \u010dten\u00ed\" \/>\n\t<meta name=\"twitter:data1\" content=\"3 minuty\" \/>\n<script type=\"application\/ld+json\" class=\"yoast-schema-graph\">{\"@context\":\"https:\/\/schema.org\",\"@graph\":[{\"@type\":\"WebPage\",\"@id\":\"https:\/\/penosil.com\/cz\/produkt\/kamnarsky-tmel-2\/\",\"url\":\"https:\/\/penosil.com\/cz\/produkt\/kamnarsky-tmel-2\/\",\"name\":\"PENOSIL HighTemp +1500\u00b0C Sealant kamn\u00e1\u0159sk\u00fd tmel\",\"isPartOf\":{\"@id\":\"https:\/\/penosil.com\/cz\/#website\"},\"primaryImageOfPage\":{\"@id\":\"https:\/\/penosil.com\/cz\/produkt\/kamnarsky-tmel-2\/#primaryimage\"},\"image\":{\"@id\":\"https:\/\/penosil.com\/cz\/produkt\/kamnarsky-tmel-2\/#primaryimage\"},\"thumbnailUrl\":\"https:\/\/penosil.com\/cz\/wp-content\/uploads\/sites\/34\/2025\/03\/1500C_Fireplace_Sealant_1500\u00b0C_Black_CZPLSK.png\",\"datePublished\":\"2025-03-14T11:31:14+00:00\",\"dateModified\":\"2025-12-09T11:33:22+00:00\",\"description\":\"PENOSIL Kamn\u00e1\u0159sk\u00fd tmel +1500\u00b0C je tmel na silik\u00e1tov\u00e9 b\u00e1zi pro vypln\u011bn\u00ed a izolaci sp\u00e1r a prasklin v kom\u00ednech, troub\u00e1ch, krbech a kamnech. P\u0159e\u010dt\u011bte si v\u00edce!\",\"breadcrumb\":{\"@id\":\"https:\/\/penosil.com\/cz\/produkt\/kamnarsky-tmel-2\/#breadcrumb\"},\"inLanguage\":\"cs\",\"potentialAction\":[{\"@type\":\"ReadAction\",\"target\":[\"https:\/\/penosil.com\/cz\/produkt\/kamnarsky-tmel-2\/\"]}]},{\"@type\":\"ImageObject\",\"inLanguage\":\"cs\",\"@id\":\"https:\/\/penosil.com\/cz\/produkt\/kamnarsky-tmel-2\/#primaryimage\",\"url\":\"https:\/\/penosil.com\/cz\/wp-content\/uploads\/sites\/34\/2025\/03\/1500C_Fireplace_Sealant_1500\u00b0C_Black_CZPLSK.png\",\"contentUrl\":\"https:\/\/penosil.com\/cz\/wp-content\/uploads\/sites\/34\/2025\/03\/1500C_Fireplace_Sealant_1500\u00b0C_Black_CZPLSK.png\",\"width\":387,\"height\":1080,\"caption\":\"Kamn\u00e1\u0159sk\u00fd tmel PENOSIL 1500\u00b0C\"},{\"@type\":\"BreadcrumbList\",\"@id\":\"https:\/\/penosil.com\/cz\/produkt\/kamnarsky-tmel-2\/#breadcrumb\",\"itemListElement\":[{\"@type\":\"ListItem\",\"position\":1,\"name\":\"Home\",\"item\":\"https:\/\/penosil.com\/cz\/\"},{\"@type\":\"ListItem\",\"position\":2,\"name\":\"Produkty\",\"item\":\"https:\/\/penosil.com\/cz\/produkty\/\"},{\"@type\":\"ListItem\",\"position\":3,\"name\":\"HighTemp Sealant +1500\u00b0C Kamn\u00e1\u0159sk\u00fd tmel\"}]},{\"@type\":\"WebSite\",\"@id\":\"https:\/\/penosil.com\/cz\/#website\",\"url\":\"https:\/\/penosil.com\/cz\/\",\"name\":\"Penosil \u010cesk\u00e1 Republika\",\"description\":\"\",\"potentialAction\":[{\"@type\":\"SearchAction\",\"target\":{\"@type\":\"EntryPoint\",\"urlTemplate\":\"https:\/\/penosil.com\/cz\/?s={search_term_string}\"},\"query-input\":{\"@type\":\"PropertyValueSpecification\",\"valueRequired\":true,\"valueName\":\"search_term_string\"}}],\"inLanguage\":\"cs\"}]}<\/script>\n<!-- \/ Yoast SEO plugin. -->","yoast_head_json":{"title":"PENOSIL HighTemp +1500\u00b0C Sealant kamn\u00e1\u0159sk\u00fd tmel","description":"PENOSIL Kamn\u00e1\u0159sk\u00fd tmel +1500\u00b0C je tmel na silik\u00e1tov\u00e9 b\u00e1zi pro vypln\u011bn\u00ed a izolaci sp\u00e1r a prasklin v kom\u00ednech, troub\u00e1ch, krbech a kamnech. P\u0159e\u010dt\u011bte si v\u00edce!","robots":{"index":"index","follow":"follow","max-snippet":"max-snippet:-1","max-image-preview":"max-image-preview:large","max-video-preview":"max-video-preview:-1"},"canonical":"https:\/\/penosil.com\/cz\/produkt\/kamnarsky-tmel-2\/","og_locale":"cs_CZ","og_type":"article","og_title":"PENOSIL HighTemp +1500\u00b0C Sealant kamn\u00e1\u0159sk\u00fd tmel","og_description":"PENOSIL Kamn\u00e1\u0159sk\u00fd tmel +1500\u00b0C je tmel na silik\u00e1tov\u00e9 b\u00e1zi pro vypln\u011bn\u00ed a izolaci sp\u00e1r a prasklin v kom\u00ednech, troub\u00e1ch, krbech a kamnech. P\u0159e\u010dt\u011bte si v\u00edce!","og_url":"https:\/\/penosil.com\/cz\/produkt\/kamnarsky-tmel-2\/","og_site_name":"Penosil \u010cesk\u00e1 Republika","article_modified_time":"2025-12-09T11:33:22+00:00","og_image":[{"width":387,"height":1080,"url":"https:\/\/penosil.com\/cz\/wp-content\/uploads\/sites\/34\/2025\/03\/1500C_Fireplace_Sealant_1500\u00b0C_Black_CZPLSK.png","type":"image\/png"}],"twitter_card":"summary_large_image","twitter_misc":{"Odhadovan\u00e1 doba \u010dten\u00ed":"3 minuty"},"schema":{"@context":"https:\/\/schema.org","@graph":[{"@type":"WebPage","@id":"https:\/\/penosil.com\/cz\/produkt\/kamnarsky-tmel-2\/","url":"https:\/\/penosil.com\/cz\/produkt\/kamnarsky-tmel-2\/","name":"PENOSIL HighTemp +1500\u00b0C Sealant kamn\u00e1\u0159sk\u00fd tmel","isPartOf":{"@id":"https:\/\/penosil.com\/cz\/#website"},"primaryImageOfPage":{"@id":"https:\/\/penosil.com\/cz\/produkt\/kamnarsky-tmel-2\/#primaryimage"},"image":{"@id":"https:\/\/penosil.com\/cz\/produkt\/kamnarsky-tmel-2\/#primaryimage"},"thumbnailUrl":"https:\/\/penosil.com\/cz\/wp-content\/uploads\/sites\/34\/2025\/03\/1500C_Fireplace_Sealant_1500\u00b0C_Black_CZPLSK.png","datePublished":"2025-03-14T11:31:14+00:00","dateModified":"2025-12-09T11:33:22+00:00","description":"PENOSIL Kamn\u00e1\u0159sk\u00fd tmel +1500\u00b0C je tmel na silik\u00e1tov\u00e9 b\u00e1zi pro vypln\u011bn\u00ed a izolaci sp\u00e1r a prasklin v kom\u00ednech, troub\u00e1ch, krbech a kamnech. P\u0159e\u010dt\u011bte si v\u00edce!","breadcrumb":{"@id":"https:\/\/penosil.com\/cz\/produkt\/kamnarsky-tmel-2\/#breadcrumb"},"inLanguage":"cs","potentialAction":[{"@type":"ReadAction","target":["https:\/\/penosil.com\/cz\/produkt\/kamnarsky-tmel-2\/"]}]},{"@type":"ImageObject","inLanguage":"cs","@id":"https:\/\/penosil.com\/cz\/produkt\/kamnarsky-tmel-2\/#primaryimage","url":"https:\/\/penosil.com\/cz\/wp-content\/uploads\/sites\/34\/2025\/03\/1500C_Fireplace_Sealant_1500\u00b0C_Black_CZPLSK.png","contentUrl":"https:\/\/penosil.com\/cz\/wp-content\/uploads\/sites\/34\/2025\/03\/1500C_Fireplace_Sealant_1500\u00b0C_Black_CZPLSK.png","width":387,"height":1080,"caption":"Kamn\u00e1\u0159sk\u00fd tmel PENOSIL 1500\u00b0C"},{"@type":"BreadcrumbList","@id":"https:\/\/penosil.com\/cz\/produkt\/kamnarsky-tmel-2\/#breadcrumb","itemListElement":[{"@type":"ListItem","position":1,"name":"Home","item":"https:\/\/penosil.com\/cz\/"},{"@type":"ListItem","position":2,"name":"Produkty","item":"https:\/\/penosil.com\/cz\/produkty\/"},{"@type":"ListItem","position":3,"name":"HighTemp Sealant +1500\u00b0C Kamn\u00e1\u0159sk\u00fd tmel"}]},{"@type":"WebSite","@id":"https:\/\/penosil.com\/cz\/#website","url":"https:\/\/penosil.com\/cz\/","name":"Penosil \u010cesk\u00e1 Republika","description":"","potentialAction":[{"@type":"SearchAction","target":{"@type":"EntryPoint","urlTemplate":"https:\/\/penosil.com\/cz\/?s={search_term_string}"},"query-input":{"@type":"PropertyValueSpecification","valueRequired":true,"valueName":"search_term_string"}}],"inLanguage":"cs"}]}},"featured_img":"https:\/\/penosil.com\/cz\/wp-content\/uploads\/sites\/34\/2025\/03\/1500C_Fireplace_Sealant_1500\u00b0C_Black_CZPLSK.png","coauthors":[],"author_meta":{"author_link":"https:\/\/penosil.com\/cz\/author\/jirikuran\/","display_name":"jirikuran"},"relative_dates":{"created":"Posted 1 rokem ago","modified":"Updated 4 m\u011bs\u00edce ago"},"absolute_dates":{"created":"Posted on 14. 3. 2025","modified":"Updated on 9. 12. 2025"},"absolute_dates_time":{"created":"Posted on 14. 3. 2025 12:31","modified":"Updated on 9. 12. 2025 12:33"},"featured_img_caption":"Kamn\u00e1\u0159sk\u00fd tmel PENOSIL 1500\u00b0C","tax_additional":{"product_brand":{"linked":[],"unlinked":[],"slug":"product_brand","name":"Zna\u010dky"},"product_type":{"linked":["<a href=\"https:\/\/penosil.com\/cz\/?taxonomy=product_type&#038;term=simple\" class=\"advgb-post-tax-term\">simple<\/a>"],"unlinked":["<span class=\"advgb-post-tax-term\">simple<\/span>"],"slug":"product_type","name":"Typ produktu"},"product_visibility":{"linked":[],"unlinked":[],"slug":"product_visibility","name":"Viditelnost produktu"},"product_cat":{"linked":["<a href=\"https:\/\/penosil.com\/cz\/kategorie-produktu\/oblast-pouziti\/\" class=\"advgb-post-tax-term\">Oblast pou\u017eit\u00ed<\/a>","<a href=\"https:\/\/penosil.com\/cz\/kategorie-produktu\/produktove-skupiny\/tmely\/\" class=\"advgb-post-tax-term\">Tmely<\/a>","<a href=\"https:\/\/penosil.com\/cz\/kategorie-produktu\/produktove-skupiny\/tmely\/specialni-tmely\/\" class=\"advgb-post-tax-term\">Speci\u00e1ln\u00ed tmely<\/a>","<a href=\"https:\/\/penosil.com\/cz\/kategorie-produktu\/oblast-pouziti\/ohnivzdornost-vysoka-teplota\/\" class=\"advgb-post-tax-term\">Ohnivzdornost a vysok\u00e1 teplota<\/a>"],"unlinked":["<span class=\"advgb-post-tax-term\">Oblast pou\u017eit\u00ed<\/span>","<span class=\"advgb-post-tax-term\">Tmely<\/span>","<span class=\"advgb-post-tax-term\">Speci\u00e1ln\u00ed tmely<\/span>","<span class=\"advgb-post-tax-term\">Ohnivzdornost a vysok\u00e1 teplota<\/span>"],"slug":"product_cat","name":"Kategorie produktu"},"product_tag":{"linked":[],"unlinked":[],"slug":"product_tag","name":"\u0160t\u00edtky produktu"},"product_shipping_class":{"linked":[],"unlinked":[],"slug":"product_shipping_class","name":"T\u0159\u00eddy dopravy produktu"},"pos_product_visibility":{"linked":[],"unlinked":[],"slug":"pos_product_visibility","name":"Viditelnost produkt\u016f v POS"},"pa_colour":{"linked":["<a href=\"https:\/\/penosil.com\/cz\/?taxonomy=pa_colour&#038;term=black-3\" class=\"advgb-post-tax-term\">\u010cern\u00e1<\/a>"],"unlinked":["<span class=\"advgb-post-tax-term\">\u010cern\u00e1<\/span>"],"slug":"pa_colour","name":"Product Barva"},"pa_diameter":{"linked":[],"unlinked":[],"slug":"pa_diameter","name":"Product Pr\u016fm\u011br"},"pa_package":{"linked":[],"unlinked":[],"slug":"pa_package","name":"Product Balen\u00ed"},"pa_roll":{"linked":[],"unlinked":[],"slug":"pa_roll","name":"Product Provazec"},"pa_widths":{"linked":[],"unlinked":[],"slug":"pa_widths","name":"Product \u0160\u00ed\u0159ka"},"translation_priority":{"linked":["<a href=\"https:\/\/penosil.com\/cz\/?taxonomy=translation_priority&#038;term=optional-cs\" class=\"advgb-post-tax-term\">Optional<\/a>"],"unlinked":["<span class=\"advgb-post-tax-term\">Optional<\/span>"],"slug":"translation_priority","name":"Translation Priorities"}},"series_order":"","_links":{"self":[{"href":"https:\/\/penosil.com\/cz\/wp-json\/wp\/v2\/product\/32530","targetHints":{"allow":["GET"]}}],"collection":[{"href":"https:\/\/penosil.com\/cz\/wp-json\/wp\/v2\/product"}],"about":[{"href":"https:\/\/penosil.com\/cz\/wp-json\/wp\/v2\/types\/product"}],"version-history":[{"count":10,"href":"https:\/\/penosil.com\/cz\/wp-json\/wp\/v2\/product\/32530\/revisions"}],"predecessor-version":[{"id":33931,"href":"https:\/\/penosil.com\/cz\/wp-json\/wp\/v2\/product\/32530\/revisions\/33931"}],"wp:featuredmedia":[{"embeddable":true,"href":"https:\/\/penosil.com\/cz\/wp-json\/wp\/v2\/media\/32627"}],"wp:attachment":[{"href":"https:\/\/penosil.com\/cz\/wp-json\/wp\/v2\/media?parent=32530"}],"wp:term":[{"taxonomy":"product_brand","embeddable":true,"href":"https:\/\/penosil.com\/cz\/wp-json\/wp\/v2\/product_brand?post=32530"},{"taxonomy":"product_cat","embeddable":true,"href":"https:\/\/penosil.com\/cz\/wp-json\/wp\/v2\/product_cat?post=32530"},{"taxonomy":"product_tag","embeddable":true,"href":"https:\/\/penosil.com\/cz\/wp-json\/wp\/v2\/product_tag?post=32530"}],"curies":[{"name":"wp","href":"https:\/\/api.w.org\/{rel}","templated":true}]}}