{"id":32533,"date":"2025-03-14T13:53:23","date_gmt":"2025-03-14T12:53:23","guid":{"rendered":"https:\/\/penosil.com\/cz\/?post_type=product&#038;p=32533"},"modified":"2025-12-09T12:33:22","modified_gmt":"2025-12-09T11:33:22","slug":"neutralni-silikon","status":"publish","type":"product","link":"https:\/\/penosil.com\/cz\/produkt\/neutralni-silikon\/","title":{"rendered":"Neutral Sanitary Silicone 350\/350c"},"content":{"rendered":"<p>PENOSIL Neutral Sanitary Silicon 350\/350c je neutr\u00e1ln\u00ed silikon s p\u0159idan\u00fdmi fungicidy pro v\u0161echny sanit\u00e1rn\u00ed a ventila\u010dn\u00ed pr\u00e1ce. Vytv\u00e1\u0159\u00ed pru\u017en\u00e9 silikonov\u00e9 pry\u017eov\u00e9 t\u011bsn\u011bn\u00ed odoln\u00e9 proti pl\u00edsn\u00edm a st\u00e1rnut\u00ed. Vhodn\u00e9 na kovov\u00e9 povrchy.<\/p>\n<h5><span style=\"font-size: 14px;\">* Skladem<\/span><\/h5>\n","protected":false},"excerpt":{"rendered":"PENOSIL Neutral Sanitary Silicon 350\/350c je neutr\u00e1ln\u00ed silikon s p\u0159idan\u00fdmi fungicidy pro v\u0161echny sanit\u00e1rn\u00ed a ventila\u010dn\u00ed pr\u00e1ce. Vytv\u00e1\u0159\u00ed pru\u017en\u00e9 silikonov\u00e9 pry\u017eov\u00e9 t\u011bsn\u011bn\u00ed odoln\u00e9 proti pl\u00edsn\u00edm a st\u00e1rnut\u00ed. Vhodn\u00e9 na kovov\u00e9 povrchy. * Skladem","protected":false},"author":33,"featured_media":33313,"template":"","meta":{"_acf_changed":false,"advgb_blocks_editor_width":"","advgb_blocks_columns_visual_guide":"","footnotes":""},"product_brand":[],"product_cat":[2567,2580,2581,2550],"product_tag":[],"class_list":{"0":"post-32533","1":"product","2":"type-product","3":"status-publish","4":"has-post-thumbnail","6":"product_cat-oblast-pouziti","7":"product_cat-silikony","8":"product_cat-tmely","9":"product_cat-sanita","11":"first","12":"instock","13":"taxable","14":"shipping-taxable","15":"purchasable","16":"product-type-variable"},"acf":[],"yoast_head":"<!-- This site is optimized with the Yoast SEO plugin v27.2 - https:\/\/yoast.com\/product\/yoast-seo-wordpress\/ -->\n<title>PENOSIL Neutral Sanitary Silicone 350\/350c - Neutr\u00e1ln\u00ed silikon<\/title>\n<meta name=\"description\" content=\"PENOSIL Neutral Sanitary Silicon 350\/350c je neutr\u00e1ln\u00ed silikon s p\u0159idan\u00fdmi fungicidy pro v\u0161echny sanit\u00e1rn\u00ed a ventila\u010dn\u00ed pr\u00e1ce.\" \/>\n<meta name=\"robots\" content=\"index, follow, max-snippet:-1, max-image-preview:large, max-video-preview:-1\" \/>\n<link rel=\"canonical\" href=\"https:\/\/penosil.com\/cz\/produkt\/neutralni-silikon\/\" \/>\n<meta property=\"og:locale\" content=\"cs_CZ\" \/>\n<meta property=\"og:type\" content=\"article\" \/>\n<meta property=\"og:title\" content=\"PENOSIL Neutral Sanitary Silicone 350\/350c - Neutr\u00e1ln\u00ed silikon\" \/>\n<meta property=\"og:description\" content=\"PENOSIL Neutral Sanitary Silicon 350\/350c je neutr\u00e1ln\u00ed silikon s p\u0159idan\u00fdmi fungicidy pro v\u0161echny sanit\u00e1rn\u00ed a ventila\u010dn\u00ed pr\u00e1ce.\" \/>\n<meta property=\"og:url\" content=\"https:\/\/penosil.com\/cz\/produkt\/neutralni-silikon\/\" \/>\n<meta property=\"og:site_name\" content=\"Penosil \u010cesk\u00e1 Republika\" \/>\n<meta property=\"article:modified_time\" content=\"2025-12-09T11:33:22+00:00\" \/>\n<meta property=\"og:image\" content=\"https:\/\/penosil.com\/cz\/wp-content\/uploads\/sites\/34\/2025\/03\/PE-2013.webp\" \/>\n\t<meta property=\"og:image:width\" content=\"387\" \/>\n\t<meta property=\"og:image:height\" content=\"1080\" \/>\n\t<meta property=\"og:image:type\" content=\"image\/webp\" \/>\n<meta name=\"twitter:card\" content=\"summary_large_image\" \/>\n<meta name=\"twitter:label1\" content=\"Odhadovan\u00e1 doba \u010dten\u00ed\" \/>\n\t<meta name=\"twitter:data1\" content=\"3 minuty\" \/>\n<script type=\"application\/ld+json\" class=\"yoast-schema-graph\">{\"@context\":\"https:\/\/schema.org\",\"@graph\":[{\"@type\":\"WebPage\",\"@id\":\"https:\/\/penosil.com\/cz\/produkt\/neutralni-silikon\/\",\"url\":\"https:\/\/penosil.com\/cz\/produkt\/neutralni-silikon\/\",\"name\":\"PENOSIL Neutral Sanitary Silicone 350\/350c - Neutr\u00e1ln\u00ed silikon\",\"isPartOf\":{\"@id\":\"https:\/\/penosil.com\/cz\/#website\"},\"primaryImageOfPage\":{\"@id\":\"https:\/\/penosil.com\/cz\/produkt\/neutralni-silikon\/#primaryimage\"},\"image\":{\"@id\":\"https:\/\/penosil.com\/cz\/produkt\/neutralni-silikon\/#primaryimage\"},\"thumbnailUrl\":\"https:\/\/penosil.com\/cz\/wp-content\/uploads\/sites\/34\/2025\/03\/PE-2013.webp\",\"datePublished\":\"2025-03-14T12:53:23+00:00\",\"dateModified\":\"2025-12-09T11:33:22+00:00\",\"description\":\"PENOSIL Neutral Sanitary Silicon 350\/350c je neutr\u00e1ln\u00ed silikon s p\u0159idan\u00fdmi fungicidy pro v\u0161echny sanit\u00e1rn\u00ed a ventila\u010dn\u00ed pr\u00e1ce.\",\"breadcrumb\":{\"@id\":\"https:\/\/penosil.com\/cz\/produkt\/neutralni-silikon\/#breadcrumb\"},\"inLanguage\":\"cs\",\"potentialAction\":[{\"@type\":\"ReadAction\",\"target\":[\"https:\/\/penosil.com\/cz\/produkt\/neutralni-silikon\/\"]}]},{\"@type\":\"ImageObject\",\"inLanguage\":\"cs\",\"@id\":\"https:\/\/penosil.com\/cz\/produkt\/neutralni-silikon\/#primaryimage\",\"url\":\"https:\/\/penosil.com\/cz\/wp-content\/uploads\/sites\/34\/2025\/03\/PE-2013.webp\",\"contentUrl\":\"https:\/\/penosil.com\/cz\/wp-content\/uploads\/sites\/34\/2025\/03\/PE-2013.webp\",\"width\":387,\"height\":1080,\"caption\":\"Neutr\u00e1ln\u00ed silikon\"},{\"@type\":\"BreadcrumbList\",\"@id\":\"https:\/\/penosil.com\/cz\/produkt\/neutralni-silikon\/#breadcrumb\",\"itemListElement\":[{\"@type\":\"ListItem\",\"position\":1,\"name\":\"Home\",\"item\":\"https:\/\/penosil.com\/cz\/\"},{\"@type\":\"ListItem\",\"position\":2,\"name\":\"Produkty\",\"item\":\"https:\/\/penosil.com\/cz\/produkty\/\"},{\"@type\":\"ListItem\",\"position\":3,\"name\":\"Neutral Sanitary Silicone 350\/350c Neutr\u00e1ln\u00ed silikon\"}]},{\"@type\":\"WebSite\",\"@id\":\"https:\/\/penosil.com\/cz\/#website\",\"url\":\"https:\/\/penosil.com\/cz\/\",\"name\":\"Penosil \u010cesk\u00e1 Republika\",\"description\":\"\",\"potentialAction\":[{\"@type\":\"SearchAction\",\"target\":{\"@type\":\"EntryPoint\",\"urlTemplate\":\"https:\/\/penosil.com\/cz\/?s={search_term_string}\"},\"query-input\":{\"@type\":\"PropertyValueSpecification\",\"valueRequired\":true,\"valueName\":\"search_term_string\"}}],\"inLanguage\":\"cs\"}]}<\/script>\n<!-- \/ Yoast SEO plugin. -->","yoast_head_json":{"title":"PENOSIL Neutral Sanitary Silicone 350\/350c - Neutr\u00e1ln\u00ed silikon","description":"PENOSIL Neutral Sanitary Silicon 350\/350c je neutr\u00e1ln\u00ed silikon s p\u0159idan\u00fdmi fungicidy pro v\u0161echny sanit\u00e1rn\u00ed a ventila\u010dn\u00ed pr\u00e1ce.","robots":{"index":"index","follow":"follow","max-snippet":"max-snippet:-1","max-image-preview":"max-image-preview:large","max-video-preview":"max-video-preview:-1"},"canonical":"https:\/\/penosil.com\/cz\/produkt\/neutralni-silikon\/","og_locale":"cs_CZ","og_type":"article","og_title":"PENOSIL Neutral Sanitary Silicone 350\/350c - Neutr\u00e1ln\u00ed silikon","og_description":"PENOSIL Neutral Sanitary Silicon 350\/350c je neutr\u00e1ln\u00ed silikon s p\u0159idan\u00fdmi fungicidy pro v\u0161echny sanit\u00e1rn\u00ed a ventila\u010dn\u00ed pr\u00e1ce.","og_url":"https:\/\/penosil.com\/cz\/produkt\/neutralni-silikon\/","og_site_name":"Penosil \u010cesk\u00e1 Republika","article_modified_time":"2025-12-09T11:33:22+00:00","og_image":[{"width":387,"height":1080,"url":"https:\/\/penosil.com\/cz\/wp-content\/uploads\/sites\/34\/2025\/03\/PE-2013.webp","type":"image\/webp"}],"twitter_card":"summary_large_image","twitter_misc":{"Odhadovan\u00e1 doba \u010dten\u00ed":"3 minuty"},"schema":{"@context":"https:\/\/schema.org","@graph":[{"@type":"WebPage","@id":"https:\/\/penosil.com\/cz\/produkt\/neutralni-silikon\/","url":"https:\/\/penosil.com\/cz\/produkt\/neutralni-silikon\/","name":"PENOSIL Neutral Sanitary Silicone 350\/350c - Neutr\u00e1ln\u00ed silikon","isPartOf":{"@id":"https:\/\/penosil.com\/cz\/#website"},"primaryImageOfPage":{"@id":"https:\/\/penosil.com\/cz\/produkt\/neutralni-silikon\/#primaryimage"},"image":{"@id":"https:\/\/penosil.com\/cz\/produkt\/neutralni-silikon\/#primaryimage"},"thumbnailUrl":"https:\/\/penosil.com\/cz\/wp-content\/uploads\/sites\/34\/2025\/03\/PE-2013.webp","datePublished":"2025-03-14T12:53:23+00:00","dateModified":"2025-12-09T11:33:22+00:00","description":"PENOSIL Neutral Sanitary Silicon 350\/350c je neutr\u00e1ln\u00ed silikon s p\u0159idan\u00fdmi fungicidy pro v\u0161echny sanit\u00e1rn\u00ed a ventila\u010dn\u00ed pr\u00e1ce.","breadcrumb":{"@id":"https:\/\/penosil.com\/cz\/produkt\/neutralni-silikon\/#breadcrumb"},"inLanguage":"cs","potentialAction":[{"@type":"ReadAction","target":["https:\/\/penosil.com\/cz\/produkt\/neutralni-silikon\/"]}]},{"@type":"ImageObject","inLanguage":"cs","@id":"https:\/\/penosil.com\/cz\/produkt\/neutralni-silikon\/#primaryimage","url":"https:\/\/penosil.com\/cz\/wp-content\/uploads\/sites\/34\/2025\/03\/PE-2013.webp","contentUrl":"https:\/\/penosil.com\/cz\/wp-content\/uploads\/sites\/34\/2025\/03\/PE-2013.webp","width":387,"height":1080,"caption":"Neutr\u00e1ln\u00ed silikon"},{"@type":"BreadcrumbList","@id":"https:\/\/penosil.com\/cz\/produkt\/neutralni-silikon\/#breadcrumb","itemListElement":[{"@type":"ListItem","position":1,"name":"Home","item":"https:\/\/penosil.com\/cz\/"},{"@type":"ListItem","position":2,"name":"Produkty","item":"https:\/\/penosil.com\/cz\/produkty\/"},{"@type":"ListItem","position":3,"name":"Neutral Sanitary Silicone 350\/350c Neutr\u00e1ln\u00ed silikon"}]},{"@type":"WebSite","@id":"https:\/\/penosil.com\/cz\/#website","url":"https:\/\/penosil.com\/cz\/","name":"Penosil \u010cesk\u00e1 Republika","description":"","potentialAction":[{"@type":"SearchAction","target":{"@type":"EntryPoint","urlTemplate":"https:\/\/penosil.com\/cz\/?s={search_term_string}"},"query-input":{"@type":"PropertyValueSpecification","valueRequired":true,"valueName":"search_term_string"}}],"inLanguage":"cs"}]}},"featured_img":"https:\/\/penosil.com\/cz\/wp-content\/uploads\/sites\/34\/2025\/03\/PE-2013.webp","coauthors":[],"author_meta":{"author_link":"https:\/\/penosil.com\/cz\/author\/jirikuran\/","display_name":"jirikuran"},"relative_dates":{"created":"Posted 1 rokem ago","modified":"Updated 4 m\u011bs\u00edce ago"},"absolute_dates":{"created":"Posted on 14. 3. 2025","modified":"Updated on 9. 12. 2025"},"absolute_dates_time":{"created":"Posted on 14. 3. 2025 13:53","modified":"Updated on 9. 12. 2025 12:33"},"featured_img_caption":"Neutr\u00e1ln\u00ed silikon","tax_additional":{"product_brand":{"linked":[],"unlinked":[],"slug":"product_brand","name":"Zna\u010dky"},"product_type":{"linked":["<a href=\"https:\/\/penosil.com\/cz\/?taxonomy=product_type&#038;term=variable\" class=\"advgb-post-tax-term\">variable<\/a>"],"unlinked":["<span class=\"advgb-post-tax-term\">variable<\/span>"],"slug":"product_type","name":"Typ produktu"},"product_visibility":{"linked":[],"unlinked":[],"slug":"product_visibility","name":"Viditelnost produktu"},"product_cat":{"linked":["<a href=\"https:\/\/penosil.com\/cz\/kategorie-produktu\/oblast-pouziti\/\" class=\"advgb-post-tax-term\">Oblast pou\u017eit\u00ed<\/a>","<a href=\"https:\/\/penosil.com\/cz\/kategorie-produktu\/produktove-skupiny\/tmely\/silikony\/\" class=\"advgb-post-tax-term\">Silikony<\/a>","<a href=\"https:\/\/penosil.com\/cz\/kategorie-produktu\/produktove-skupiny\/tmely\/\" class=\"advgb-post-tax-term\">Tmely<\/a>","<a href=\"https:\/\/penosil.com\/cz\/kategorie-produktu\/oblast-pouziti\/sanita\/\" class=\"advgb-post-tax-term\">Sanita<\/a>"],"unlinked":["<span class=\"advgb-post-tax-term\">Oblast pou\u017eit\u00ed<\/span>","<span class=\"advgb-post-tax-term\">Silikony<\/span>","<span class=\"advgb-post-tax-term\">Tmely<\/span>","<span class=\"advgb-post-tax-term\">Sanita<\/span>"],"slug":"product_cat","name":"Kategorie produktu"},"product_tag":{"linked":[],"unlinked":[],"slug":"product_tag","name":"\u0160t\u00edtky produktu"},"product_shipping_class":{"linked":[],"unlinked":[],"slug":"product_shipping_class","name":"T\u0159\u00eddy dopravy produktu"},"pos_product_visibility":{"linked":[],"unlinked":[],"slug":"pos_product_visibility","name":"Viditelnost produkt\u016f v POS"},"pa_colour":{"linked":["<a href=\"https:\/\/penosil.com\/cz\/?taxonomy=pa_colour&#038;term=beige-3\" class=\"advgb-post-tax-term\">B\u00e9\u017eov\u00e1<\/a>","<a href=\"https:\/\/penosil.com\/cz\/?taxonomy=pa_colour&#038;term=black-3\" class=\"advgb-post-tax-term\">\u010cern\u00e1<\/a>","<a href=\"https:\/\/penosil.com\/cz\/?taxonomy=pa_colour&#038;term=brown-2\" class=\"advgb-post-tax-term\">Hn\u011bd\u00e1<\/a>","<a href=\"https:\/\/penosil.com\/cz\/?taxonomy=pa_colour&#038;term=transparent-3\" class=\"advgb-post-tax-term\">Transparentn\u00ed<\/a>","<a href=\"https:\/\/penosil.com\/cz\/?taxonomy=pa_colour&#038;term=white-3\" class=\"advgb-post-tax-term\">B\u00edl\u00e1<\/a>","<a href=\"https:\/\/penosil.com\/cz\/?taxonomy=pa_colour&#038;term=grey-3\" class=\"advgb-post-tax-term\">\u0160ed\u00e1<\/a>"],"unlinked":["<span class=\"advgb-post-tax-term\">B\u00e9\u017eov\u00e1<\/span>","<span class=\"advgb-post-tax-term\">\u010cern\u00e1<\/span>","<span class=\"advgb-post-tax-term\">Hn\u011bd\u00e1<\/span>","<span class=\"advgb-post-tax-term\">Transparentn\u00ed<\/span>","<span class=\"advgb-post-tax-term\">B\u00edl\u00e1<\/span>","<span class=\"advgb-post-tax-term\">\u0160ed\u00e1<\/span>"],"slug":"pa_colour","name":"Product Barva"},"pa_diameter":{"linked":[],"unlinked":[],"slug":"pa_diameter","name":"Product Pr\u016fm\u011br"},"pa_package":{"linked":[],"unlinked":[],"slug":"pa_package","name":"Product Balen\u00ed"},"pa_roll":{"linked":[],"unlinked":[],"slug":"pa_roll","name":"Product Provazec"},"pa_widths":{"linked":[],"unlinked":[],"slug":"pa_widths","name":"Product \u0160\u00ed\u0159ka"},"translation_priority":{"linked":["<a href=\"https:\/\/penosil.com\/cz\/?taxonomy=translation_priority&#038;term=optional-cs\" class=\"advgb-post-tax-term\">Optional<\/a>"],"unlinked":["<span class=\"advgb-post-tax-term\">Optional<\/span>"],"slug":"translation_priority","name":"Translation Priorities"}},"series_order":"","_links":{"self":[{"href":"https:\/\/penosil.com\/cz\/wp-json\/wp\/v2\/product\/32533","targetHints":{"allow":["GET"]}}],"collection":[{"href":"https:\/\/penosil.com\/cz\/wp-json\/wp\/v2\/product"}],"about":[{"href":"https:\/\/penosil.com\/cz\/wp-json\/wp\/v2\/types\/product"}],"version-history":[{"count":11,"href":"https:\/\/penosil.com\/cz\/wp-json\/wp\/v2\/product\/32533\/revisions"}],"predecessor-version":[{"id":33928,"href":"https:\/\/penosil.com\/cz\/wp-json\/wp\/v2\/product\/32533\/revisions\/33928"}],"wp:featuredmedia":[{"embeddable":true,"href":"https:\/\/penosil.com\/cz\/wp-json\/wp\/v2\/media\/33313"}],"wp:attachment":[{"href":"https:\/\/penosil.com\/cz\/wp-json\/wp\/v2\/media?parent=32533"}],"wp:term":[{"taxonomy":"product_brand","embeddable":true,"href":"https:\/\/penosil.com\/cz\/wp-json\/wp\/v2\/product_brand?post=32533"},{"taxonomy":"product_cat","embeddable":true,"href":"https:\/\/penosil.com\/cz\/wp-json\/wp\/v2\/product_cat?post=32533"},{"taxonomy":"product_tag","embeddable":true,"href":"https:\/\/penosil.com\/cz\/wp-json\/wp\/v2\/product_tag?post=32533"}],"curies":[{"name":"wp","href":"https:\/\/api.w.org\/{rel}","templated":true}]}}