{"id":32753,"date":"2025-07-03T08:23:26","date_gmt":"2025-07-03T06:23:26","guid":{"rendered":"https:\/\/penosil.com\/cz\/?post_type=product&#038;p=32753"},"modified":"2025-12-09T12:33:22","modified_gmt":"2025-12-09T11:33:22","slug":"mouse-stop-foam-299-montazni-pena-odpuzujici-skudce","status":"publish","type":"product","link":"https:\/\/penosil.com\/cz\/produkt\/mouse-stop-foam-299-montazni-pena-odpuzujici-skudce\/","title":{"rendered":"Mouse Stop Foam 299"},"content":{"rendered":"<p>PENOSIL MouseStop Foam 299 je jednoslo\u017ekov\u00e1 polyuretanov\u00e1 p\u011bna s p\u0159\u00edsadami odpuzuj\u00edc\u00edmi my\u0161i a \u0161k\u016fdce, ur\u010den\u00e1 k vypl\u0148ov\u00e1n\u00ed a ut\u011bs\u0148ov\u00e1n\u00ed otvor\u016f, prostup\u016f, mezer a trhlin. Dokonale p\u0159ilne k v\u011bt\u0161in\u011b materi\u00e1l\u016f, jako je d\u0159evo, beton, k\u00e1men, s\u00e1dra, kov, PVC a polystyren.<\/p>\n","protected":false},"excerpt":{"rendered":"PENOSIL MouseStop Foam 299 je jednoslo\u017ekov\u00e1 polyuretanov\u00e1 p\u011bna s p\u0159\u00edsadami odpuzuj\u00edc\u00edmi my\u0161i a \u0161k\u016fdce, ur\u010den\u00e1 k vypl\u0148ov\u00e1n\u00ed a ut\u011bs\u0148ov\u00e1n\u00ed otvor\u016f, prostup\u016f, mezer a trhlin. Dokonale p\u0159ilne k v\u011bt\u0161in\u011b materi\u00e1l\u016f, jako je d\u0159evo, beton, k\u00e1men, s\u00e1dra, kov, PVC a polystyren.","protected":false},"author":33,"featured_media":33274,"template":"","meta":{"_acf_changed":false,"advgb_blocks_editor_width":"","advgb_blocks_columns_visual_guide":"","footnotes":""},"product_brand":[],"product_cat":[2567,2540,2541,2573,2560],"product_tag":[],"class_list":{"0":"post-32753","1":"product","2":"type-product","3":"status-publish","4":"has-post-thumbnail","6":"product_cat-oblast-pouziti","7":"product_cat-vseobecne-vyuziti","8":"product_cat-montazni-peny","9":"product_cat-trubickove-peny","10":"product_cat-nove-produkty","12":"first","13":"instock","14":"taxable","15":"shipping-taxable","16":"purchasable","17":"product-type-simple"},"acf":[],"yoast_head":"<!-- This site is optimized with the Yoast SEO plugin v27.2 - https:\/\/yoast.com\/product\/yoast-seo-wordpress\/ -->\n<title>Mouse Stop Foam 299 - Mont\u00e1\u017en\u00ed p\u011bna odpuzuj\u00edc\u00ed \u0161k\u016fdce<\/title>\n<meta name=\"description\" content=\"jednoslo\u017ekov\u00e1 polyuretanov\u00e1 v\u00fdpl\u0148ov\u00e1 trubi\u010dkov\u00e1 p\u011bna s p\u0159\u00edsadami odpuzuj\u00edc\u00edmi my\u0161i a \u0161k\u016fdce pro vypl\u0148ov\u00e1n\u00ed a ut\u011bs\u0148ov\u00e1n\u00ed otvor\u016f, pr\u016fchod\u016f, mezer a trhlin.\" \/>\n<meta name=\"robots\" content=\"index, follow, max-snippet:-1, max-image-preview:large, max-video-preview:-1\" \/>\n<link rel=\"canonical\" href=\"https:\/\/penosil.com\/cz\/produkt\/mouse-stop-foam-299-montazni-pena-odpuzujici-skudce\/\" \/>\n<meta property=\"og:locale\" content=\"cs_CZ\" \/>\n<meta property=\"og:type\" content=\"article\" \/>\n<meta property=\"og:title\" content=\"Mouse Stop Foam 299 - Mont\u00e1\u017en\u00ed p\u011bna odpuzuj\u00edc\u00ed \u0161k\u016fdce\" \/>\n<meta property=\"og:description\" content=\"jednoslo\u017ekov\u00e1 polyuretanov\u00e1 v\u00fdpl\u0148ov\u00e1 trubi\u010dkov\u00e1 p\u011bna s p\u0159\u00edsadami odpuzuj\u00edc\u00edmi my\u0161i a \u0161k\u016fdce pro vypl\u0148ov\u00e1n\u00ed a ut\u011bs\u0148ov\u00e1n\u00ed otvor\u016f, pr\u016fchod\u016f, mezer a trhlin.\" \/>\n<meta property=\"og:url\" content=\"https:\/\/penosil.com\/cz\/produkt\/mouse-stop-foam-299-montazni-pena-odpuzujici-skudce\/\" \/>\n<meta property=\"og:site_name\" content=\"Penosil \u010cesk\u00e1 Republika\" \/>\n<meta property=\"article:modified_time\" content=\"2025-12-09T11:33:22+00:00\" \/>\n<meta property=\"og:image\" content=\"https:\/\/penosil.com\/cz\/wp-content\/uploads\/sites\/34\/2025\/07\/A6469.webp\" \/>\n\t<meta property=\"og:image:width\" content=\"523\" \/>\n\t<meta property=\"og:image:height\" content=\"1080\" \/>\n\t<meta property=\"og:image:type\" content=\"image\/webp\" \/>\n<meta name=\"twitter:card\" content=\"summary_large_image\" \/>\n<meta name=\"twitter:label1\" content=\"Odhadovan\u00e1 doba \u010dten\u00ed\" \/>\n\t<meta name=\"twitter:data1\" content=\"3 minuty\" \/>\n<script type=\"application\/ld+json\" class=\"yoast-schema-graph\">{\"@context\":\"https:\/\/schema.org\",\"@graph\":[{\"@type\":\"WebPage\",\"@id\":\"https:\/\/penosil.com\/cz\/produkt\/mouse-stop-foam-299-montazni-pena-odpuzujici-skudce\/\",\"url\":\"https:\/\/penosil.com\/cz\/produkt\/mouse-stop-foam-299-montazni-pena-odpuzujici-skudce\/\",\"name\":\"Mouse Stop Foam 299 - Mont\u00e1\u017en\u00ed p\u011bna odpuzuj\u00edc\u00ed \u0161k\u016fdce\",\"isPartOf\":{\"@id\":\"https:\/\/penosil.com\/cz\/#website\"},\"primaryImageOfPage\":{\"@id\":\"https:\/\/penosil.com\/cz\/produkt\/mouse-stop-foam-299-montazni-pena-odpuzujici-skudce\/#primaryimage\"},\"image\":{\"@id\":\"https:\/\/penosil.com\/cz\/produkt\/mouse-stop-foam-299-montazni-pena-odpuzujici-skudce\/#primaryimage\"},\"thumbnailUrl\":\"https:\/\/penosil.com\/cz\/wp-content\/uploads\/sites\/34\/2025\/07\/A6469.webp\",\"datePublished\":\"2025-07-03T06:23:26+00:00\",\"dateModified\":\"2025-12-09T11:33:22+00:00\",\"description\":\"jednoslo\u017ekov\u00e1 polyuretanov\u00e1 v\u00fdpl\u0148ov\u00e1 trubi\u010dkov\u00e1 p\u011bna s p\u0159\u00edsadami odpuzuj\u00edc\u00edmi my\u0161i a \u0161k\u016fdce pro vypl\u0148ov\u00e1n\u00ed a ut\u011bs\u0148ov\u00e1n\u00ed otvor\u016f, pr\u016fchod\u016f, mezer a trhlin.\",\"breadcrumb\":{\"@id\":\"https:\/\/penosil.com\/cz\/produkt\/mouse-stop-foam-299-montazni-pena-odpuzujici-skudce\/#breadcrumb\"},\"inLanguage\":\"cs\",\"potentialAction\":[{\"@type\":\"ReadAction\",\"target\":[\"https:\/\/penosil.com\/cz\/produkt\/mouse-stop-foam-299-montazni-pena-odpuzujici-skudce\/\"]}]},{\"@type\":\"ImageObject\",\"inLanguage\":\"cs\",\"@id\":\"https:\/\/penosil.com\/cz\/produkt\/mouse-stop-foam-299-montazni-pena-odpuzujici-skudce\/#primaryimage\",\"url\":\"https:\/\/penosil.com\/cz\/wp-content\/uploads\/sites\/34\/2025\/07\/A6469.webp\",\"contentUrl\":\"https:\/\/penosil.com\/cz\/wp-content\/uploads\/sites\/34\/2025\/07\/A6469.webp\",\"width\":523,\"height\":1080,\"caption\":\"Mont\u00e1\u017en\u00ed p\u011bna odpuzuj\u00edc\u00ed \u0161k\u016fdce\"},{\"@type\":\"BreadcrumbList\",\"@id\":\"https:\/\/penosil.com\/cz\/produkt\/mouse-stop-foam-299-montazni-pena-odpuzujici-skudce\/#breadcrumb\",\"itemListElement\":[{\"@type\":\"ListItem\",\"position\":1,\"name\":\"Home\",\"item\":\"https:\/\/penosil.com\/cz\/\"},{\"@type\":\"ListItem\",\"position\":2,\"name\":\"Produkty\",\"item\":\"https:\/\/penosil.com\/cz\/produkty\/\"},{\"@type\":\"ListItem\",\"position\":3,\"name\":\"Mouse Stop Foam 299 Mont\u00e1\u017en\u00ed p\u011bna odpuzuj\u00edc\u00ed \u0161k\u016fdce\"}]},{\"@type\":\"WebSite\",\"@id\":\"https:\/\/penosil.com\/cz\/#website\",\"url\":\"https:\/\/penosil.com\/cz\/\",\"name\":\"Penosil \u010cesk\u00e1 Republika\",\"description\":\"\",\"potentialAction\":[{\"@type\":\"SearchAction\",\"target\":{\"@type\":\"EntryPoint\",\"urlTemplate\":\"https:\/\/penosil.com\/cz\/?s={search_term_string}\"},\"query-input\":{\"@type\":\"PropertyValueSpecification\",\"valueRequired\":true,\"valueName\":\"search_term_string\"}}],\"inLanguage\":\"cs\"}]}<\/script>\n<!-- \/ Yoast SEO plugin. -->","yoast_head_json":{"title":"Mouse Stop Foam 299 - Mont\u00e1\u017en\u00ed p\u011bna odpuzuj\u00edc\u00ed \u0161k\u016fdce","description":"jednoslo\u017ekov\u00e1 polyuretanov\u00e1 v\u00fdpl\u0148ov\u00e1 trubi\u010dkov\u00e1 p\u011bna s p\u0159\u00edsadami odpuzuj\u00edc\u00edmi my\u0161i a \u0161k\u016fdce pro vypl\u0148ov\u00e1n\u00ed a ut\u011bs\u0148ov\u00e1n\u00ed otvor\u016f, pr\u016fchod\u016f, mezer a trhlin.","robots":{"index":"index","follow":"follow","max-snippet":"max-snippet:-1","max-image-preview":"max-image-preview:large","max-video-preview":"max-video-preview:-1"},"canonical":"https:\/\/penosil.com\/cz\/produkt\/mouse-stop-foam-299-montazni-pena-odpuzujici-skudce\/","og_locale":"cs_CZ","og_type":"article","og_title":"Mouse Stop Foam 299 - Mont\u00e1\u017en\u00ed p\u011bna odpuzuj\u00edc\u00ed \u0161k\u016fdce","og_description":"jednoslo\u017ekov\u00e1 polyuretanov\u00e1 v\u00fdpl\u0148ov\u00e1 trubi\u010dkov\u00e1 p\u011bna s p\u0159\u00edsadami odpuzuj\u00edc\u00edmi my\u0161i a \u0161k\u016fdce pro vypl\u0148ov\u00e1n\u00ed a ut\u011bs\u0148ov\u00e1n\u00ed otvor\u016f, pr\u016fchod\u016f, mezer a trhlin.","og_url":"https:\/\/penosil.com\/cz\/produkt\/mouse-stop-foam-299-montazni-pena-odpuzujici-skudce\/","og_site_name":"Penosil \u010cesk\u00e1 Republika","article_modified_time":"2025-12-09T11:33:22+00:00","og_image":[{"width":523,"height":1080,"url":"https:\/\/penosil.com\/cz\/wp-content\/uploads\/sites\/34\/2025\/07\/A6469.webp","type":"image\/webp"}],"twitter_card":"summary_large_image","twitter_misc":{"Odhadovan\u00e1 doba \u010dten\u00ed":"3 minuty"},"schema":{"@context":"https:\/\/schema.org","@graph":[{"@type":"WebPage","@id":"https:\/\/penosil.com\/cz\/produkt\/mouse-stop-foam-299-montazni-pena-odpuzujici-skudce\/","url":"https:\/\/penosil.com\/cz\/produkt\/mouse-stop-foam-299-montazni-pena-odpuzujici-skudce\/","name":"Mouse Stop Foam 299 - Mont\u00e1\u017en\u00ed p\u011bna odpuzuj\u00edc\u00ed \u0161k\u016fdce","isPartOf":{"@id":"https:\/\/penosil.com\/cz\/#website"},"primaryImageOfPage":{"@id":"https:\/\/penosil.com\/cz\/produkt\/mouse-stop-foam-299-montazni-pena-odpuzujici-skudce\/#primaryimage"},"image":{"@id":"https:\/\/penosil.com\/cz\/produkt\/mouse-stop-foam-299-montazni-pena-odpuzujici-skudce\/#primaryimage"},"thumbnailUrl":"https:\/\/penosil.com\/cz\/wp-content\/uploads\/sites\/34\/2025\/07\/A6469.webp","datePublished":"2025-07-03T06:23:26+00:00","dateModified":"2025-12-09T11:33:22+00:00","description":"jednoslo\u017ekov\u00e1 polyuretanov\u00e1 v\u00fdpl\u0148ov\u00e1 trubi\u010dkov\u00e1 p\u011bna s p\u0159\u00edsadami odpuzuj\u00edc\u00edmi my\u0161i a \u0161k\u016fdce pro vypl\u0148ov\u00e1n\u00ed a ut\u011bs\u0148ov\u00e1n\u00ed otvor\u016f, pr\u016fchod\u016f, mezer a trhlin.","breadcrumb":{"@id":"https:\/\/penosil.com\/cz\/produkt\/mouse-stop-foam-299-montazni-pena-odpuzujici-skudce\/#breadcrumb"},"inLanguage":"cs","potentialAction":[{"@type":"ReadAction","target":["https:\/\/penosil.com\/cz\/produkt\/mouse-stop-foam-299-montazni-pena-odpuzujici-skudce\/"]}]},{"@type":"ImageObject","inLanguage":"cs","@id":"https:\/\/penosil.com\/cz\/produkt\/mouse-stop-foam-299-montazni-pena-odpuzujici-skudce\/#primaryimage","url":"https:\/\/penosil.com\/cz\/wp-content\/uploads\/sites\/34\/2025\/07\/A6469.webp","contentUrl":"https:\/\/penosil.com\/cz\/wp-content\/uploads\/sites\/34\/2025\/07\/A6469.webp","width":523,"height":1080,"caption":"Mont\u00e1\u017en\u00ed p\u011bna odpuzuj\u00edc\u00ed \u0161k\u016fdce"},{"@type":"BreadcrumbList","@id":"https:\/\/penosil.com\/cz\/produkt\/mouse-stop-foam-299-montazni-pena-odpuzujici-skudce\/#breadcrumb","itemListElement":[{"@type":"ListItem","position":1,"name":"Home","item":"https:\/\/penosil.com\/cz\/"},{"@type":"ListItem","position":2,"name":"Produkty","item":"https:\/\/penosil.com\/cz\/produkty\/"},{"@type":"ListItem","position":3,"name":"Mouse Stop Foam 299 Mont\u00e1\u017en\u00ed p\u011bna odpuzuj\u00edc\u00ed \u0161k\u016fdce"}]},{"@type":"WebSite","@id":"https:\/\/penosil.com\/cz\/#website","url":"https:\/\/penosil.com\/cz\/","name":"Penosil \u010cesk\u00e1 Republika","description":"","potentialAction":[{"@type":"SearchAction","target":{"@type":"EntryPoint","urlTemplate":"https:\/\/penosil.com\/cz\/?s={search_term_string}"},"query-input":{"@type":"PropertyValueSpecification","valueRequired":true,"valueName":"search_term_string"}}],"inLanguage":"cs"}]}},"featured_img":"https:\/\/penosil.com\/cz\/wp-content\/uploads\/sites\/34\/2025\/07\/A6469.webp","coauthors":[],"author_meta":{"author_link":"https:\/\/penosil.com\/cz\/author\/jirikuran\/","display_name":"jirikuran"},"relative_dates":{"created":"Posted 9 m\u011bs\u00edc\u016f ago","modified":"Updated 4 m\u011bs\u00edce ago"},"absolute_dates":{"created":"Posted on 3. 7. 2025","modified":"Updated on 9. 12. 2025"},"absolute_dates_time":{"created":"Posted on 3. 7. 2025 8:23","modified":"Updated on 9. 12. 2025 12:33"},"featured_img_caption":"Mont\u00e1\u017en\u00ed p\u011bna odpuzuj\u00edc\u00ed \u0161k\u016fdce","tax_additional":{"product_brand":{"linked":[],"unlinked":[],"slug":"product_brand","name":"Zna\u010dky"},"product_type":{"linked":["<a href=\"https:\/\/penosil.com\/cz\/?taxonomy=product_type&#038;term=simple\" class=\"advgb-post-tax-term\">simple<\/a>"],"unlinked":["<span class=\"advgb-post-tax-term\">simple<\/span>"],"slug":"product_type","name":"Typ produktu"},"product_visibility":{"linked":[],"unlinked":[],"slug":"product_visibility","name":"Viditelnost produktu"},"product_cat":{"linked":["<a href=\"https:\/\/penosil.com\/cz\/kategorie-produktu\/oblast-pouziti\/\" class=\"advgb-post-tax-term\">Oblast pou\u017eit\u00ed<\/a>","<a href=\"https:\/\/penosil.com\/cz\/kategorie-produktu\/oblast-pouziti\/vseobecne-vyuziti\/\" class=\"advgb-post-tax-term\">V\u0161eobecn\u00e9 vyu\u017eit\u00ed<\/a>","<a href=\"https:\/\/penosil.com\/cz\/kategorie-produktu\/produktove-skupiny\/montazni-peny\/\" class=\"advgb-post-tax-term\">Mont\u00e1\u017en\u00ed p\u011bny<\/a>","<a href=\"https:\/\/penosil.com\/cz\/kategorie-produktu\/produktove-skupiny\/montazni-peny\/trubickove-peny\/\" class=\"advgb-post-tax-term\">Trubi\u010dkov\u00e9 p\u011bny<\/a>","<a href=\"https:\/\/penosil.com\/cz\/kategorie-produktu\/nove-produkty\/\" class=\"advgb-post-tax-term\">Nov\u00e9 produkty<\/a>"],"unlinked":["<span class=\"advgb-post-tax-term\">Oblast pou\u017eit\u00ed<\/span>","<span class=\"advgb-post-tax-term\">V\u0161eobecn\u00e9 vyu\u017eit\u00ed<\/span>","<span class=\"advgb-post-tax-term\">Mont\u00e1\u017en\u00ed p\u011bny<\/span>","<span class=\"advgb-post-tax-term\">Trubi\u010dkov\u00e9 p\u011bny<\/span>","<span class=\"advgb-post-tax-term\">Nov\u00e9 produkty<\/span>"],"slug":"product_cat","name":"Kategorie produktu"},"product_tag":{"linked":[],"unlinked":[],"slug":"product_tag","name":"\u0160t\u00edtky produktu"},"product_shipping_class":{"linked":[],"unlinked":[],"slug":"product_shipping_class","name":"T\u0159\u00eddy dopravy produktu"},"pos_product_visibility":{"linked":[],"unlinked":[],"slug":"pos_product_visibility","name":"Viditelnost produkt\u016f v POS"},"pa_colour":{"linked":["<a href=\"https:\/\/penosil.com\/cz\/?taxonomy=pa_colour&#038;term=kremova\" class=\"advgb-post-tax-term\">Kr\u00e9mov\u00e1<\/a>"],"unlinked":["<span class=\"advgb-post-tax-term\">Kr\u00e9mov\u00e1<\/span>"],"slug":"pa_colour","name":"Product Barva"},"pa_diameter":{"linked":[],"unlinked":[],"slug":"pa_diameter","name":"Product Pr\u016fm\u011br"},"pa_package":{"linked":[],"unlinked":[],"slug":"pa_package","name":"Product Balen\u00ed"},"pa_roll":{"linked":[],"unlinked":[],"slug":"pa_roll","name":"Product Provazec"},"pa_widths":{"linked":[],"unlinked":[],"slug":"pa_widths","name":"Product \u0160\u00ed\u0159ka"},"translation_priority":{"linked":["<a href=\"https:\/\/penosil.com\/cz\/?taxonomy=translation_priority&#038;term=optional-cs\" class=\"advgb-post-tax-term\">Optional<\/a>"],"unlinked":["<span class=\"advgb-post-tax-term\">Optional<\/span>"],"slug":"translation_priority","name":"Translation Priorities"}},"series_order":"","_links":{"self":[{"href":"https:\/\/penosil.com\/cz\/wp-json\/wp\/v2\/product\/32753","targetHints":{"allow":["GET"]}}],"collection":[{"href":"https:\/\/penosil.com\/cz\/wp-json\/wp\/v2\/product"}],"about":[{"href":"https:\/\/penosil.com\/cz\/wp-json\/wp\/v2\/types\/product"}],"version-history":[{"count":10,"href":"https:\/\/penosil.com\/cz\/wp-json\/wp\/v2\/product\/32753\/revisions"}],"predecessor-version":[{"id":33915,"href":"https:\/\/penosil.com\/cz\/wp-json\/wp\/v2\/product\/32753\/revisions\/33915"}],"wp:featuredmedia":[{"embeddable":true,"href":"https:\/\/penosil.com\/cz\/wp-json\/wp\/v2\/media\/33274"}],"wp:attachment":[{"href":"https:\/\/penosil.com\/cz\/wp-json\/wp\/v2\/media?parent=32753"}],"wp:term":[{"taxonomy":"product_brand","embeddable":true,"href":"https:\/\/penosil.com\/cz\/wp-json\/wp\/v2\/product_brand?post=32753"},{"taxonomy":"product_cat","embeddable":true,"href":"https:\/\/penosil.com\/cz\/wp-json\/wp\/v2\/product_cat?post=32753"},{"taxonomy":"product_tag","embeddable":true,"href":"https:\/\/penosil.com\/cz\/wp-json\/wp\/v2\/product_tag?post=32753"}],"curies":[{"name":"wp","href":"https:\/\/api.w.org\/{rel}","templated":true}]}}