{"id":32939,"date":"2025-07-10T08:29:20","date_gmt":"2025-07-10T06:29:20","guid":{"rendered":"https:\/\/penosil.com\/cz\/?post_type=product&#038;p=32939"},"modified":"2025-12-09T12:33:21","modified_gmt":"2025-12-09T11:33:21","slug":"turbotack-crystal-717-transparentni-lepidlo-s-rychlou-prilnavosti","status":"publish","type":"product","link":"https:\/\/penosil.com\/cz\/produkt\/turbotack-crystal-717-transparentni-lepidlo-s-rychlou-prilnavosti\/","title":{"rendered":"TurboTack Crystal 717"},"content":{"rendered":"<p>PENOSIL TurboTack Crystal 717 je transparentn\u00ed hybridn\u00ed lepidlo s mimo\u0159\u00e1dn\u011b vysokou po\u010d\u00e1te\u010dn\u00ed lepivost\u00ed, ur\u010den\u00e9 pro vnit\u0159n\u00ed i venkovn\u00ed pou\u017eit\u00ed. Vytv\u00e1\u0159\u00ed rychlou a silnou vazbu k \u0161irok\u00e9 \u0161k\u00e1le materi\u00e1l\u016f.<\/p>\n<h5><span style=\"font-size: 14px;\">* Skladem<\/span><\/h5>\n","protected":false},"excerpt":{"rendered":"PENOSIL TurboTack Crystal 717 je transparentn\u00ed hybridn\u00ed lepidlo s mimo\u0159\u00e1dn\u011b vysokou po\u010d\u00e1te\u010dn\u00ed lepivost\u00ed, ur\u010den\u00e9 pro vnit\u0159n\u00ed i venkovn\u00ed pou\u017eit\u00ed. Vytv\u00e1\u0159\u00ed rychlou a silnou vazbu k \u0161irok\u00e9 \u0161k\u00e1le materi\u00e1l\u016f. * Skladem","protected":false},"author":33,"featured_media":33225,"template":"","meta":{"_acf_changed":false,"advgb_blocks_editor_width":"","advgb_blocks_columns_visual_guide":"","footnotes":""},"product_brand":[],"product_cat":[2633,2567,2560,2568,2570],"product_tag":[],"class_list":{"0":"post-32939","1":"product","2":"type-product","3":"status-publish","4":"has-post-thumbnail","6":"product_cat-stavebni-lepidla","7":"product_cat-oblast-pouziti","8":"product_cat-nove-produkty","9":"product_cat-lepidla","10":"product_cat-lepeni","12":"first","13":"instock","14":"taxable","15":"shipping-taxable","16":"purchasable","17":"product-type-simple"},"acf":[],"yoast_head":"<!-- This site is optimized with the Yoast SEO plugin v27.2 - https:\/\/yoast.com\/product\/yoast-seo-wordpress\/ -->\n<title>717 Lepidlo s rychlou p\u0159ilnavost\u00ed - PENOSIL \u010cesk\u00e1 republika<\/title>\n<meta name=\"description\" content=\"Vytv\u00e1\u0159\u00ed rychl\u00fd a siln\u00fd spoj s \u0161irokou \u0161k\u00e1lou materi\u00e1l\u016f. Velmi vysok\u00e1 po\u010d\u00e1te\u010dn\u00ed adheze. Vysok\u00e1 flexibilita. Rychl\u00e9 vytvrzov\u00e1n\u00ed. Vnit\u0159n\u00ed i venkovn\u00ed pou\u017eit\u00ed.\" \/>\n<meta name=\"robots\" content=\"index, follow, max-snippet:-1, max-image-preview:large, max-video-preview:-1\" \/>\n<link rel=\"canonical\" href=\"https:\/\/penosil.com\/cz\/produkt\/turbotack-crystal-717-transparentni-lepidlo-s-rychlou-prilnavosti\/\" \/>\n<meta property=\"og:locale\" content=\"cs_CZ\" \/>\n<meta property=\"og:type\" content=\"article\" \/>\n<meta property=\"og:title\" content=\"717 Lepidlo s rychlou p\u0159ilnavost\u00ed - PENOSIL \u010cesk\u00e1 republika\" \/>\n<meta property=\"og:description\" content=\"Vytv\u00e1\u0159\u00ed rychl\u00fd a siln\u00fd spoj s \u0161irokou \u0161k\u00e1lou materi\u00e1l\u016f. Velmi vysok\u00e1 po\u010d\u00e1te\u010dn\u00ed adheze. Vysok\u00e1 flexibilita. Rychl\u00e9 vytvrzov\u00e1n\u00ed. Vnit\u0159n\u00ed i venkovn\u00ed pou\u017eit\u00ed.\" \/>\n<meta property=\"og:url\" content=\"https:\/\/penosil.com\/cz\/produkt\/turbotack-crystal-717-transparentni-lepidlo-s-rychlou-prilnavosti\/\" \/>\n<meta property=\"og:site_name\" content=\"Penosil \u010cesk\u00e1 Republika\" \/>\n<meta property=\"article:modified_time\" content=\"2025-12-09T11:33:21+00:00\" \/>\n<meta property=\"og:image\" content=\"https:\/\/penosil.com\/cz\/wp-content\/uploads\/sites\/34\/2025\/07\/H40771.webp\" \/>\n\t<meta property=\"og:image:width\" content=\"387\" \/>\n\t<meta property=\"og:image:height\" content=\"1080\" \/>\n\t<meta property=\"og:image:type\" content=\"image\/webp\" \/>\n<meta name=\"twitter:card\" content=\"summary_large_image\" \/>\n<meta name=\"twitter:label1\" content=\"Odhadovan\u00e1 doba \u010dten\u00ed\" \/>\n\t<meta name=\"twitter:data1\" content=\"3 minuty\" \/>\n<script type=\"application\/ld+json\" class=\"yoast-schema-graph\">{\"@context\":\"https:\/\/schema.org\",\"@graph\":[{\"@type\":\"WebPage\",\"@id\":\"https:\/\/penosil.com\/cz\/produkt\/turbotack-crystal-717-transparentni-lepidlo-s-rychlou-prilnavosti\/\",\"url\":\"https:\/\/penosil.com\/cz\/produkt\/turbotack-crystal-717-transparentni-lepidlo-s-rychlou-prilnavosti\/\",\"name\":\"717 Lepidlo s rychlou p\u0159ilnavost\u00ed - PENOSIL \u010cesk\u00e1 republika\",\"isPartOf\":{\"@id\":\"https:\/\/penosil.com\/cz\/#website\"},\"primaryImageOfPage\":{\"@id\":\"https:\/\/penosil.com\/cz\/produkt\/turbotack-crystal-717-transparentni-lepidlo-s-rychlou-prilnavosti\/#primaryimage\"},\"image\":{\"@id\":\"https:\/\/penosil.com\/cz\/produkt\/turbotack-crystal-717-transparentni-lepidlo-s-rychlou-prilnavosti\/#primaryimage\"},\"thumbnailUrl\":\"https:\/\/penosil.com\/cz\/wp-content\/uploads\/sites\/34\/2025\/07\/H40771.webp\",\"datePublished\":\"2025-07-10T06:29:20+00:00\",\"dateModified\":\"2025-12-09T11:33:21+00:00\",\"description\":\"Vytv\u00e1\u0159\u00ed rychl\u00fd a siln\u00fd spoj s \u0161irokou \u0161k\u00e1lou materi\u00e1l\u016f. Velmi vysok\u00e1 po\u010d\u00e1te\u010dn\u00ed adheze. Vysok\u00e1 flexibilita. Rychl\u00e9 vytvrzov\u00e1n\u00ed. Vnit\u0159n\u00ed i venkovn\u00ed pou\u017eit\u00ed.\",\"breadcrumb\":{\"@id\":\"https:\/\/penosil.com\/cz\/produkt\/turbotack-crystal-717-transparentni-lepidlo-s-rychlou-prilnavosti\/#breadcrumb\"},\"inLanguage\":\"cs\",\"potentialAction\":[{\"@type\":\"ReadAction\",\"target\":[\"https:\/\/penosil.com\/cz\/produkt\/turbotack-crystal-717-transparentni-lepidlo-s-rychlou-prilnavosti\/\"]}]},{\"@type\":\"ImageObject\",\"inLanguage\":\"cs\",\"@id\":\"https:\/\/penosil.com\/cz\/produkt\/turbotack-crystal-717-transparentni-lepidlo-s-rychlou-prilnavosti\/#primaryimage\",\"url\":\"https:\/\/penosil.com\/cz\/wp-content\/uploads\/sites\/34\/2025\/07\/H40771.webp\",\"contentUrl\":\"https:\/\/penosil.com\/cz\/wp-content\/uploads\/sites\/34\/2025\/07\/H40771.webp\",\"width\":387,\"height\":1080,\"caption\":\"Transparentn\u00ed lepidlo s rychlou po\u010d\u00e1te\u010dn\u00ed p\u0159ilnavost\u00ed\"},{\"@type\":\"BreadcrumbList\",\"@id\":\"https:\/\/penosil.com\/cz\/produkt\/turbotack-crystal-717-transparentni-lepidlo-s-rychlou-prilnavosti\/#breadcrumb\",\"itemListElement\":[{\"@type\":\"ListItem\",\"position\":1,\"name\":\"Home\",\"item\":\"https:\/\/penosil.com\/cz\/\"},{\"@type\":\"ListItem\",\"position\":2,\"name\":\"Produkty\",\"item\":\"https:\/\/penosil.com\/cz\/produkty\/\"},{\"@type\":\"ListItem\",\"position\":3,\"name\":\"TurboTack Crystal 717 Transparentn\u00ed lepidlo s rychlou p\u0159ilnavost\u00ed\"}]},{\"@type\":\"WebSite\",\"@id\":\"https:\/\/penosil.com\/cz\/#website\",\"url\":\"https:\/\/penosil.com\/cz\/\",\"name\":\"Penosil \u010cesk\u00e1 Republika\",\"description\":\"\",\"potentialAction\":[{\"@type\":\"SearchAction\",\"target\":{\"@type\":\"EntryPoint\",\"urlTemplate\":\"https:\/\/penosil.com\/cz\/?s={search_term_string}\"},\"query-input\":{\"@type\":\"PropertyValueSpecification\",\"valueRequired\":true,\"valueName\":\"search_term_string\"}}],\"inLanguage\":\"cs\"}]}<\/script>\n<!-- \/ Yoast SEO plugin. -->","yoast_head_json":{"title":"717 Lepidlo s rychlou p\u0159ilnavost\u00ed - PENOSIL \u010cesk\u00e1 republika","description":"Vytv\u00e1\u0159\u00ed rychl\u00fd a siln\u00fd spoj s \u0161irokou \u0161k\u00e1lou materi\u00e1l\u016f. Velmi vysok\u00e1 po\u010d\u00e1te\u010dn\u00ed adheze. Vysok\u00e1 flexibilita. Rychl\u00e9 vytvrzov\u00e1n\u00ed. Vnit\u0159n\u00ed i venkovn\u00ed pou\u017eit\u00ed.","robots":{"index":"index","follow":"follow","max-snippet":"max-snippet:-1","max-image-preview":"max-image-preview:large","max-video-preview":"max-video-preview:-1"},"canonical":"https:\/\/penosil.com\/cz\/produkt\/turbotack-crystal-717-transparentni-lepidlo-s-rychlou-prilnavosti\/","og_locale":"cs_CZ","og_type":"article","og_title":"717 Lepidlo s rychlou p\u0159ilnavost\u00ed - PENOSIL \u010cesk\u00e1 republika","og_description":"Vytv\u00e1\u0159\u00ed rychl\u00fd a siln\u00fd spoj s \u0161irokou \u0161k\u00e1lou materi\u00e1l\u016f. Velmi vysok\u00e1 po\u010d\u00e1te\u010dn\u00ed adheze. Vysok\u00e1 flexibilita. Rychl\u00e9 vytvrzov\u00e1n\u00ed. Vnit\u0159n\u00ed i venkovn\u00ed pou\u017eit\u00ed.","og_url":"https:\/\/penosil.com\/cz\/produkt\/turbotack-crystal-717-transparentni-lepidlo-s-rychlou-prilnavosti\/","og_site_name":"Penosil \u010cesk\u00e1 Republika","article_modified_time":"2025-12-09T11:33:21+00:00","og_image":[{"width":387,"height":1080,"url":"https:\/\/penosil.com\/cz\/wp-content\/uploads\/sites\/34\/2025\/07\/H40771.webp","type":"image\/webp"}],"twitter_card":"summary_large_image","twitter_misc":{"Odhadovan\u00e1 doba \u010dten\u00ed":"3 minuty"},"schema":{"@context":"https:\/\/schema.org","@graph":[{"@type":"WebPage","@id":"https:\/\/penosil.com\/cz\/produkt\/turbotack-crystal-717-transparentni-lepidlo-s-rychlou-prilnavosti\/","url":"https:\/\/penosil.com\/cz\/produkt\/turbotack-crystal-717-transparentni-lepidlo-s-rychlou-prilnavosti\/","name":"717 Lepidlo s rychlou p\u0159ilnavost\u00ed - PENOSIL \u010cesk\u00e1 republika","isPartOf":{"@id":"https:\/\/penosil.com\/cz\/#website"},"primaryImageOfPage":{"@id":"https:\/\/penosil.com\/cz\/produkt\/turbotack-crystal-717-transparentni-lepidlo-s-rychlou-prilnavosti\/#primaryimage"},"image":{"@id":"https:\/\/penosil.com\/cz\/produkt\/turbotack-crystal-717-transparentni-lepidlo-s-rychlou-prilnavosti\/#primaryimage"},"thumbnailUrl":"https:\/\/penosil.com\/cz\/wp-content\/uploads\/sites\/34\/2025\/07\/H40771.webp","datePublished":"2025-07-10T06:29:20+00:00","dateModified":"2025-12-09T11:33:21+00:00","description":"Vytv\u00e1\u0159\u00ed rychl\u00fd a siln\u00fd spoj s \u0161irokou \u0161k\u00e1lou materi\u00e1l\u016f. Velmi vysok\u00e1 po\u010d\u00e1te\u010dn\u00ed adheze. Vysok\u00e1 flexibilita. Rychl\u00e9 vytvrzov\u00e1n\u00ed. Vnit\u0159n\u00ed i venkovn\u00ed pou\u017eit\u00ed.","breadcrumb":{"@id":"https:\/\/penosil.com\/cz\/produkt\/turbotack-crystal-717-transparentni-lepidlo-s-rychlou-prilnavosti\/#breadcrumb"},"inLanguage":"cs","potentialAction":[{"@type":"ReadAction","target":["https:\/\/penosil.com\/cz\/produkt\/turbotack-crystal-717-transparentni-lepidlo-s-rychlou-prilnavosti\/"]}]},{"@type":"ImageObject","inLanguage":"cs","@id":"https:\/\/penosil.com\/cz\/produkt\/turbotack-crystal-717-transparentni-lepidlo-s-rychlou-prilnavosti\/#primaryimage","url":"https:\/\/penosil.com\/cz\/wp-content\/uploads\/sites\/34\/2025\/07\/H40771.webp","contentUrl":"https:\/\/penosil.com\/cz\/wp-content\/uploads\/sites\/34\/2025\/07\/H40771.webp","width":387,"height":1080,"caption":"Transparentn\u00ed lepidlo s rychlou po\u010d\u00e1te\u010dn\u00ed p\u0159ilnavost\u00ed"},{"@type":"BreadcrumbList","@id":"https:\/\/penosil.com\/cz\/produkt\/turbotack-crystal-717-transparentni-lepidlo-s-rychlou-prilnavosti\/#breadcrumb","itemListElement":[{"@type":"ListItem","position":1,"name":"Home","item":"https:\/\/penosil.com\/cz\/"},{"@type":"ListItem","position":2,"name":"Produkty","item":"https:\/\/penosil.com\/cz\/produkty\/"},{"@type":"ListItem","position":3,"name":"TurboTack Crystal 717 Transparentn\u00ed lepidlo s rychlou p\u0159ilnavost\u00ed"}]},{"@type":"WebSite","@id":"https:\/\/penosil.com\/cz\/#website","url":"https:\/\/penosil.com\/cz\/","name":"Penosil \u010cesk\u00e1 Republika","description":"","potentialAction":[{"@type":"SearchAction","target":{"@type":"EntryPoint","urlTemplate":"https:\/\/penosil.com\/cz\/?s={search_term_string}"},"query-input":{"@type":"PropertyValueSpecification","valueRequired":true,"valueName":"search_term_string"}}],"inLanguage":"cs"}]}},"featured_img":"https:\/\/penosil.com\/cz\/wp-content\/uploads\/sites\/34\/2025\/07\/H40771.webp","coauthors":[],"author_meta":{"author_link":"https:\/\/penosil.com\/cz\/author\/jirikuran\/","display_name":"jirikuran"},"relative_dates":{"created":"Posted 9 m\u011bs\u00edc\u016f ago","modified":"Updated 4 m\u011bs\u00edce ago"},"absolute_dates":{"created":"Posted on 10. 7. 2025","modified":"Updated on 9. 12. 2025"},"absolute_dates_time":{"created":"Posted on 10. 7. 2025 8:29","modified":"Updated on 9. 12. 2025 12:33"},"featured_img_caption":"Transparentn\u00ed lepidlo s rychlou po\u010d\u00e1te\u010dn\u00ed p\u0159ilnavost\u00ed","tax_additional":{"product_brand":{"linked":[],"unlinked":[],"slug":"product_brand","name":"Zna\u010dky"},"product_type":{"linked":["<a href=\"https:\/\/penosil.com\/cz\/?taxonomy=product_type&#038;term=simple\" class=\"advgb-post-tax-term\">simple<\/a>"],"unlinked":["<span class=\"advgb-post-tax-term\">simple<\/span>"],"slug":"product_type","name":"Typ produktu"},"product_visibility":{"linked":[],"unlinked":[],"slug":"product_visibility","name":"Viditelnost produktu"},"product_cat":{"linked":["<a href=\"https:\/\/penosil.com\/cz\/kategorie-produktu\/produktove-skupiny\/lepidla\/stavebni-lepidla\/\" class=\"advgb-post-tax-term\">Stavebn\u00ed lepidla<\/a>","<a href=\"https:\/\/penosil.com\/cz\/kategorie-produktu\/oblast-pouziti\/\" class=\"advgb-post-tax-term\">Oblast pou\u017eit\u00ed<\/a>","<a href=\"https:\/\/penosil.com\/cz\/kategorie-produktu\/nove-produkty\/\" class=\"advgb-post-tax-term\">Nov\u00e9 produkty<\/a>","<a href=\"https:\/\/penosil.com\/cz\/kategorie-produktu\/produktove-skupiny\/lepidla\/\" class=\"advgb-post-tax-term\">Lepidla<\/a>","<a href=\"https:\/\/penosil.com\/cz\/kategorie-produktu\/oblast-pouziti\/lepeni\/\" class=\"advgb-post-tax-term\">Lepen\u00ed<\/a>"],"unlinked":["<span class=\"advgb-post-tax-term\">Stavebn\u00ed lepidla<\/span>","<span class=\"advgb-post-tax-term\">Oblast pou\u017eit\u00ed<\/span>","<span class=\"advgb-post-tax-term\">Nov\u00e9 produkty<\/span>","<span class=\"advgb-post-tax-term\">Lepidla<\/span>","<span class=\"advgb-post-tax-term\">Lepen\u00ed<\/span>"],"slug":"product_cat","name":"Kategorie produktu"},"product_tag":{"linked":[],"unlinked":[],"slug":"product_tag","name":"\u0160t\u00edtky produktu"},"product_shipping_class":{"linked":[],"unlinked":[],"slug":"product_shipping_class","name":"T\u0159\u00eddy dopravy produktu"},"pos_product_visibility":{"linked":[],"unlinked":[],"slug":"pos_product_visibility","name":"Viditelnost produkt\u016f v POS"},"pa_colour":{"linked":["<a href=\"https:\/\/penosil.com\/cz\/?taxonomy=pa_colour&#038;term=colourless-2\" class=\"advgb-post-tax-term\">Bezbarv\u00e1<\/a>"],"unlinked":["<span class=\"advgb-post-tax-term\">Bezbarv\u00e1<\/span>"],"slug":"pa_colour","name":"Product Barva"},"pa_diameter":{"linked":[],"unlinked":[],"slug":"pa_diameter","name":"Product Pr\u016fm\u011br"},"pa_package":{"linked":[],"unlinked":[],"slug":"pa_package","name":"Product Balen\u00ed"},"pa_roll":{"linked":[],"unlinked":[],"slug":"pa_roll","name":"Product Provazec"},"pa_widths":{"linked":[],"unlinked":[],"slug":"pa_widths","name":"Product \u0160\u00ed\u0159ka"},"translation_priority":{"linked":["<a href=\"https:\/\/penosil.com\/cz\/?taxonomy=translation_priority&#038;term=optional-cs\" class=\"advgb-post-tax-term\">Optional<\/a>"],"unlinked":["<span class=\"advgb-post-tax-term\">Optional<\/span>"],"slug":"translation_priority","name":"Translation Priorities"}},"series_order":"","_links":{"self":[{"href":"https:\/\/penosil.com\/cz\/wp-json\/wp\/v2\/product\/32939","targetHints":{"allow":["GET"]}}],"collection":[{"href":"https:\/\/penosil.com\/cz\/wp-json\/wp\/v2\/product"}],"about":[{"href":"https:\/\/penosil.com\/cz\/wp-json\/wp\/v2\/types\/product"}],"version-history":[{"count":4,"href":"https:\/\/penosil.com\/cz\/wp-json\/wp\/v2\/product\/32939\/revisions"}],"predecessor-version":[{"id":33896,"href":"https:\/\/penosil.com\/cz\/wp-json\/wp\/v2\/product\/32939\/revisions\/33896"}],"wp:featuredmedia":[{"embeddable":true,"href":"https:\/\/penosil.com\/cz\/wp-json\/wp\/v2\/media\/33225"}],"wp:attachment":[{"href":"https:\/\/penosil.com\/cz\/wp-json\/wp\/v2\/media?parent=32939"}],"wp:term":[{"taxonomy":"product_brand","embeddable":true,"href":"https:\/\/penosil.com\/cz\/wp-json\/wp\/v2\/product_brand?post=32939"},{"taxonomy":"product_cat","embeddable":true,"href":"https:\/\/penosil.com\/cz\/wp-json\/wp\/v2\/product_cat?post=32939"},{"taxonomy":"product_tag","embeddable":true,"href":"https:\/\/penosil.com\/cz\/wp-json\/wp\/v2\/product_tag?post=32939"}],"curies":[{"name":"wp","href":"https:\/\/api.w.org\/{rel}","templated":true}]}}