{"id":28138,"date":"2019-12-06T11:15:52","date_gmt":"2019-12-06T11:15:52","guid":{"rendered":"https:\/\/penosil.com\/de\/documentation\/"},"modified":"2022-10-28T11:02:19","modified_gmt":"2022-10-28T11:02:19","slug":"dokumentation","status":"publish","type":"page","link":"https:\/\/penosil.com\/de\/wissenszentrum\/dokumentation\/","title":{"rendered":"Dokumentation"},"content":{"rendered":"","protected":false},"excerpt":{"rendered":"","protected":false},"author":1,"featured_media":0,"parent":28164,"menu_order":0,"comment_status":"closed","ping_status":"closed","template":"page-templates\/template-documentation.php","meta":{"_acf_changed":false,"advgb_blocks_editor_width":"","advgb_blocks_columns_visual_guide":"","footnotes":""},"class_list":["post-28138","page","type-page","status-publish","hentry"],"acf":[],"yoast_head":"<!-- This site is optimized with the Yoast SEO plugin v27.2 - https:\/\/yoast.com\/product\/yoast-seo-wordpress\/ -->\n<title>Technische Datenbl\u00e4tter - PENOSIL Deutschland<\/title>\n<meta name=\"description\" content=\"Laden Sie Datenbl\u00e4tter, Leistungserkl\u00e4rungen und Zertifikate der PENOSIL-Produkte herunter. Dokumente ansehen!\" \/>\n<meta name=\"robots\" content=\"index, follow, max-snippet:-1, max-image-preview:large, max-video-preview:-1\" \/>\n<link rel=\"canonical\" href=\"https:\/\/penosil.com\/de\/wissenszentrum\/dokumentation\/\" \/>\n<meta property=\"og:locale\" content=\"de_DE\" \/>\n<meta property=\"og:type\" content=\"article\" \/>\n<meta property=\"og:title\" content=\"Technische Datenbl\u00e4tter - PENOSIL Deutschland\" \/>\n<meta property=\"og:description\" content=\"Laden Sie Datenbl\u00e4tter, Leistungserkl\u00e4rungen und Zertifikate der PENOSIL-Produkte herunter. Dokumente ansehen!\" \/>\n<meta property=\"og:url\" content=\"https:\/\/penosil.com\/de\/wissenszentrum\/dokumentation\/\" \/>\n<meta property=\"og:site_name\" content=\"Penosil Germany\" \/>\n<meta property=\"article:modified_time\" content=\"2022-10-28T11:02:19+00:00\" \/>\n<meta name=\"twitter:card\" content=\"summary_large_image\" \/>\n<script type=\"application\/ld+json\" class=\"yoast-schema-graph\">{\"@context\":\"https:\/\/schema.org\",\"@graph\":[{\"@type\":\"WebPage\",\"@id\":\"https:\/\/penosil.com\/de\/wissenszentrum\/dokumentation\/\",\"url\":\"https:\/\/penosil.com\/de\/wissenszentrum\/dokumentation\/\",\"name\":\"Technische Datenbl\u00e4tter - PENOSIL Deutschland\",\"isPartOf\":{\"@id\":\"https:\/\/penosil.com\/de\/#website\"},\"datePublished\":\"2019-12-06T11:15:52+00:00\",\"dateModified\":\"2022-10-28T11:02:19+00:00\",\"description\":\"Laden Sie Datenbl\u00e4tter, Leistungserkl\u00e4rungen und Zertifikate der PENOSIL-Produkte herunter. Dokumente ansehen!\",\"breadcrumb\":{\"@id\":\"https:\/\/penosil.com\/de\/wissenszentrum\/dokumentation\/#breadcrumb\"},\"inLanguage\":\"de\",\"potentialAction\":[{\"@type\":\"ReadAction\",\"target\":[\"https:\/\/penosil.com\/de\/wissenszentrum\/dokumentation\/\"]}]},{\"@type\":\"BreadcrumbList\",\"@id\":\"https:\/\/penosil.com\/de\/wissenszentrum\/dokumentation\/#breadcrumb\",\"itemListElement\":[{\"@type\":\"ListItem\",\"position\":1,\"name\":\"Starseite\",\"item\":\"https:\/\/penosil.com\/de\/\"},{\"@type\":\"ListItem\",\"position\":2,\"name\":\"Wissenszentrum\",\"item\":\"https:\/\/penosil.com\/de\/wissenszentrum\/\"},{\"@type\":\"ListItem\",\"position\":3,\"name\":\"Dokumentation\"}]},{\"@type\":\"WebSite\",\"@id\":\"https:\/\/penosil.com\/de\/#website\",\"url\":\"https:\/\/penosil.com\/de\/\",\"name\":\"Penosil Germany\",\"description\":\"\",\"potentialAction\":[{\"@type\":\"SearchAction\",\"target\":{\"@type\":\"EntryPoint\",\"urlTemplate\":\"https:\/\/penosil.com\/de\/?s={search_term_string}\"},\"query-input\":{\"@type\":\"PropertyValueSpecification\",\"valueRequired\":true,\"valueName\":\"search_term_string\"}}],\"inLanguage\":\"de\"}]}<\/script>\n<!-- \/ Yoast SEO plugin. -->","yoast_head_json":{"title":"Technische Datenbl\u00e4tter - PENOSIL Deutschland","description":"Laden Sie Datenbl\u00e4tter, Leistungserkl\u00e4rungen und Zertifikate der PENOSIL-Produkte herunter. Dokumente ansehen!","robots":{"index":"index","follow":"follow","max-snippet":"max-snippet:-1","max-image-preview":"max-image-preview:large","max-video-preview":"max-video-preview:-1"},"canonical":"https:\/\/penosil.com\/de\/wissenszentrum\/dokumentation\/","og_locale":"de_DE","og_type":"article","og_title":"Technische Datenbl\u00e4tter - PENOSIL Deutschland","og_description":"Laden Sie Datenbl\u00e4tter, Leistungserkl\u00e4rungen und Zertifikate der PENOSIL-Produkte herunter. Dokumente ansehen!","og_url":"https:\/\/penosil.com\/de\/wissenszentrum\/dokumentation\/","og_site_name":"Penosil Germany","article_modified_time":"2022-10-28T11:02:19+00:00","twitter_card":"summary_large_image","schema":{"@context":"https:\/\/schema.org","@graph":[{"@type":"WebPage","@id":"https:\/\/penosil.com\/de\/wissenszentrum\/dokumentation\/","url":"https:\/\/penosil.com\/de\/wissenszentrum\/dokumentation\/","name":"Technische Datenbl\u00e4tter - PENOSIL Deutschland","isPartOf":{"@id":"https:\/\/penosil.com\/de\/#website"},"datePublished":"2019-12-06T11:15:52+00:00","dateModified":"2022-10-28T11:02:19+00:00","description":"Laden Sie Datenbl\u00e4tter, Leistungserkl\u00e4rungen und Zertifikate der PENOSIL-Produkte herunter. Dokumente ansehen!","breadcrumb":{"@id":"https:\/\/penosil.com\/de\/wissenszentrum\/dokumentation\/#breadcrumb"},"inLanguage":"de","potentialAction":[{"@type":"ReadAction","target":["https:\/\/penosil.com\/de\/wissenszentrum\/dokumentation\/"]}]},{"@type":"BreadcrumbList","@id":"https:\/\/penosil.com\/de\/wissenszentrum\/dokumentation\/#breadcrumb","itemListElement":[{"@type":"ListItem","position":1,"name":"Starseite","item":"https:\/\/penosil.com\/de\/"},{"@type":"ListItem","position":2,"name":"Wissenszentrum","item":"https:\/\/penosil.com\/de\/wissenszentrum\/"},{"@type":"ListItem","position":3,"name":"Dokumentation"}]},{"@type":"WebSite","@id":"https:\/\/penosil.com\/de\/#website","url":"https:\/\/penosil.com\/de\/","name":"Penosil Germany","description":"","potentialAction":[{"@type":"SearchAction","target":{"@type":"EntryPoint","urlTemplate":"https:\/\/penosil.com\/de\/?s={search_term_string}"},"query-input":{"@type":"PropertyValueSpecification","valueRequired":true,"valueName":"search_term_string"}}],"inLanguage":"de"}]}},"coauthors":[],"author_meta":{"author_link":"https:\/\/penosil.com\/de\/author\/reaktiiv-pe\/","display_name":"reaktiiv-pe"},"relative_dates":{"created":"Posted 6\u00a0Jahren ago","modified":"Updated 3\u00a0Jahren ago"},"absolute_dates":{"created":"Posted on 6. Dezember 2019","modified":"Updated on 28. Oktober 2022"},"absolute_dates_time":{"created":"Posted on 6. Dezember 2019 11:15","modified":"Updated on 28. Oktober 2022 11:02"},"featured_img_caption":"","featured_img":false,"series_order":"","_links":{"self":[{"href":"https:\/\/penosil.com\/de\/wp-json\/wp\/v2\/pages\/28138","targetHints":{"allow":["GET"]}}],"collection":[{"href":"https:\/\/penosil.com\/de\/wp-json\/wp\/v2\/pages"}],"about":[{"href":"https:\/\/penosil.com\/de\/wp-json\/wp\/v2\/types\/page"}],"author":[{"embeddable":true,"href":"https:\/\/penosil.com\/de\/wp-json\/wp\/v2\/users\/1"}],"replies":[{"embeddable":true,"href":"https:\/\/penosil.com\/de\/wp-json\/wp\/v2\/comments?post=28138"}],"version-history":[{"count":1,"href":"https:\/\/penosil.com\/de\/wp-json\/wp\/v2\/pages\/28138\/revisions"}],"predecessor-version":[{"id":28343,"href":"https:\/\/penosil.com\/de\/wp-json\/wp\/v2\/pages\/28138\/revisions\/28343"}],"up":[{"embeddable":true,"href":"https:\/\/penosil.com\/de\/wp-json\/wp\/v2\/pages\/28164"}],"wp:attachment":[{"href":"https:\/\/penosil.com\/de\/wp-json\/wp\/v2\/media?parent=28138"}],"curies":[{"name":"wp","href":"https:\/\/api.w.org\/{rel}","templated":true}]}}