{"id":28157,"date":"2019-07-25T08:21:57","date_gmt":"2019-07-25T08:21:57","guid":{"rendered":"https:\/\/penosil.com\/de\/homepage\/"},"modified":"2026-03-30T06:07:13","modified_gmt":"2026-03-30T06:07:13","slug":"homepage","status":"publish","type":"page","link":"https:\/\/penosil.com\/de\/","title":{"rendered":"Starseite"},"content":{"rendered":"","protected":false},"excerpt":{"rendered":"","protected":false},"author":1,"featured_media":0,"parent":0,"menu_order":0,"comment_status":"closed","ping_status":"closed","template":"","meta":{"_acf_changed":false,"advgb_blocks_editor_width":"","advgb_blocks_columns_visual_guide":"","footnotes":""},"class_list":["post-28157","page","type-page","status-publish","hentry"],"acf":[],"yoast_head":"<!-- This site is optimized with the Yoast SEO plugin v27.2 - https:\/\/yoast.com\/product\/yoast-seo-wordpress\/ -->\n<title>Penosil-Sch\u00e4ume, -Dichtstoffe und -Klebstoffe f\u00fcr Profis und Heimwerker<\/title>\n<meta name=\"description\" content=\"PENOSIL bietet sichere, energieeffiziente und umweltfreundliche Baul\u00f6sungen. Besuchen Sie die PENOSIL-Website!\" \/>\n<meta name=\"robots\" content=\"index, follow, max-snippet:-1, max-image-preview:large, max-video-preview:-1\" \/>\n<link rel=\"canonical\" href=\"https:\/\/penosil.com\/de\/\" \/>\n<meta property=\"og:locale\" content=\"de_DE\" \/>\n<meta property=\"og:type\" content=\"article\" \/>\n<meta property=\"og:title\" content=\"Penosil-Sch\u00e4ume, -Dichtstoffe und -Klebstoffe f\u00fcr Profis und Heimwerker\" \/>\n<meta property=\"og:description\" content=\"PENOSIL bietet sichere, energieeffiziente und umweltfreundliche Baul\u00f6sungen. Besuchen Sie die PENOSIL-Website!\" \/>\n<meta property=\"og:url\" content=\"https:\/\/penosil.com\/de\/\" \/>\n<meta property=\"og:site_name\" content=\"Penosil Germany\" \/>\n<meta property=\"article:modified_time\" content=\"2026-03-30T06:07:13+00:00\" \/>\n<meta name=\"twitter:card\" content=\"summary_large_image\" \/>\n<meta name=\"twitter:label1\" content=\"Gesch\u00e4tzte Lesezeit\" \/>\n\t<meta name=\"twitter:data1\" content=\"3\u00a0Minuten\" \/>\n<script type=\"application\/ld+json\" class=\"yoast-schema-graph\">{\"@context\":\"https:\/\/schema.org\",\"@graph\":[{\"@type\":\"WebPage\",\"@id\":\"https:\/\/penosil.com\/de\/\",\"url\":\"https:\/\/penosil.com\/de\/\",\"name\":\"Penosil-Sch\u00e4ume, -Dichtstoffe und -Klebstoffe f\u00fcr Profis und Heimwerker\",\"isPartOf\":{\"@id\":\"https:\/\/penosil.com\/de\/#website\"},\"datePublished\":\"2019-07-25T08:21:57+00:00\",\"dateModified\":\"2026-03-30T06:07:13+00:00\",\"description\":\"PENOSIL bietet sichere, energieeffiziente und umweltfreundliche Baul\u00f6sungen. Besuchen Sie die PENOSIL-Website!\",\"breadcrumb\":{\"@id\":\"https:\/\/penosil.com\/de\/#breadcrumb\"},\"inLanguage\":\"de\",\"potentialAction\":[{\"@type\":\"ReadAction\",\"target\":[\"https:\/\/penosil.com\/de\/\"]}]},{\"@type\":\"BreadcrumbList\",\"@id\":\"https:\/\/penosil.com\/de\/#breadcrumb\",\"itemListElement\":[{\"@type\":\"ListItem\",\"position\":1,\"name\":\"Starseite\",\"item\":\"https:\/\/penosil.com\/de\/\"},{\"@type\":\"ListItem\",\"position\":2,\"name\":\"Starseite\"}]},{\"@type\":\"WebSite\",\"@id\":\"https:\/\/penosil.com\/de\/#website\",\"url\":\"https:\/\/penosil.com\/de\/\",\"name\":\"Penosil Germany\",\"description\":\"\",\"potentialAction\":[{\"@type\":\"SearchAction\",\"target\":{\"@type\":\"EntryPoint\",\"urlTemplate\":\"https:\/\/penosil.com\/de\/?s={search_term_string}\"},\"query-input\":{\"@type\":\"PropertyValueSpecification\",\"valueRequired\":true,\"valueName\":\"search_term_string\"}}],\"inLanguage\":\"de\"}]}<\/script>\n<!-- \/ Yoast SEO plugin. -->","yoast_head_json":{"title":"Penosil-Sch\u00e4ume, -Dichtstoffe und -Klebstoffe f\u00fcr Profis und Heimwerker","description":"PENOSIL bietet sichere, energieeffiziente und umweltfreundliche Baul\u00f6sungen. Besuchen Sie die PENOSIL-Website!","robots":{"index":"index","follow":"follow","max-snippet":"max-snippet:-1","max-image-preview":"max-image-preview:large","max-video-preview":"max-video-preview:-1"},"canonical":"https:\/\/penosil.com\/de\/","og_locale":"de_DE","og_type":"article","og_title":"Penosil-Sch\u00e4ume, -Dichtstoffe und -Klebstoffe f\u00fcr Profis und Heimwerker","og_description":"PENOSIL bietet sichere, energieeffiziente und umweltfreundliche Baul\u00f6sungen. Besuchen Sie die PENOSIL-Website!","og_url":"https:\/\/penosil.com\/de\/","og_site_name":"Penosil Germany","article_modified_time":"2026-03-30T06:07:13+00:00","twitter_card":"summary_large_image","twitter_misc":{"Gesch\u00e4tzte Lesezeit":"3\u00a0Minuten"},"schema":{"@context":"https:\/\/schema.org","@graph":[{"@type":"WebPage","@id":"https:\/\/penosil.com\/de\/","url":"https:\/\/penosil.com\/de\/","name":"Penosil-Sch\u00e4ume, -Dichtstoffe und -Klebstoffe f\u00fcr Profis und Heimwerker","isPartOf":{"@id":"https:\/\/penosil.com\/de\/#website"},"datePublished":"2019-07-25T08:21:57+00:00","dateModified":"2026-03-30T06:07:13+00:00","description":"PENOSIL bietet sichere, energieeffiziente und umweltfreundliche Baul\u00f6sungen. Besuchen Sie die PENOSIL-Website!","breadcrumb":{"@id":"https:\/\/penosil.com\/de\/#breadcrumb"},"inLanguage":"de","potentialAction":[{"@type":"ReadAction","target":["https:\/\/penosil.com\/de\/"]}]},{"@type":"BreadcrumbList","@id":"https:\/\/penosil.com\/de\/#breadcrumb","itemListElement":[{"@type":"ListItem","position":1,"name":"Starseite","item":"https:\/\/penosil.com\/de\/"},{"@type":"ListItem","position":2,"name":"Starseite"}]},{"@type":"WebSite","@id":"https:\/\/penosil.com\/de\/#website","url":"https:\/\/penosil.com\/de\/","name":"Penosil Germany","description":"","potentialAction":[{"@type":"SearchAction","target":{"@type":"EntryPoint","urlTemplate":"https:\/\/penosil.com\/de\/?s={search_term_string}"},"query-input":{"@type":"PropertyValueSpecification","valueRequired":true,"valueName":"search_term_string"}}],"inLanguage":"de"}]}},"coauthors":[],"author_meta":{"author_link":"https:\/\/penosil.com\/de\/author\/reaktiiv-pe\/","display_name":"reaktiiv-pe"},"relative_dates":{"created":"Posted 7\u00a0Jahren ago","modified":"Updated 2\u00a0Wochen ago"},"absolute_dates":{"created":"Posted on 25. Juli 2019","modified":"Updated on 30. M\u00e4rz 2026"},"absolute_dates_time":{"created":"Posted on 25. Juli 2019 8:21","modified":"Updated on 30. M\u00e4rz 2026 6:07"},"featured_img_caption":"","featured_img":false,"series_order":"","_links":{"self":[{"href":"https:\/\/penosil.com\/de\/wp-json\/wp\/v2\/pages\/28157","targetHints":{"allow":["GET"]}}],"collection":[{"href":"https:\/\/penosil.com\/de\/wp-json\/wp\/v2\/pages"}],"about":[{"href":"https:\/\/penosil.com\/de\/wp-json\/wp\/v2\/types\/page"}],"author":[{"embeddable":true,"href":"https:\/\/penosil.com\/de\/wp-json\/wp\/v2\/users\/1"}],"replies":[{"embeddable":true,"href":"https:\/\/penosil.com\/de\/wp-json\/wp\/v2\/comments?post=28157"}],"version-history":[{"count":142,"href":"https:\/\/penosil.com\/de\/wp-json\/wp\/v2\/pages\/28157\/revisions"}],"predecessor-version":[{"id":32077,"href":"https:\/\/penosil.com\/de\/wp-json\/wp\/v2\/pages\/28157\/revisions\/32077"}],"wp:attachment":[{"href":"https:\/\/penosil.com\/de\/wp-json\/wp\/v2\/media?parent=28157"}],"curies":[{"name":"wp","href":"https:\/\/api.w.org\/{rel}","templated":true}]}}