{"id":28162,"date":"2019-07-24T13:17:19","date_gmt":"2019-07-24T13:17:19","guid":{"rendered":"https:\/\/penosil.com\/de\/about-us\/"},"modified":"2025-08-28T11:12:34","modified_gmt":"2025-08-28T11:12:34","slug":"uber-uns","status":"publish","type":"page","link":"https:\/\/penosil.com\/de\/uber-uns\/","title":{"rendered":"\u00dcber uns"},"content":{"rendered":"\n<div class=\"wp-block-columns has-2-columns is-layout-flex wp-container-core-columns-is-layout-9d6595d7 wp-block-columns-is-layout-flex\">\n<div class=\"wp-block-column is-layout-flow wp-block-column-is-layout-flow\">\n<p>In den nordeurop\u00e4ischen Klimazonen, in denen PENOSIL entstanden ist, herrscht fast das ganze Jahr \u00fcber eine deutliche K\u00fchle in der Luft. Die fr\u00fchen Siedler in dieser oft rauen Umgebung sahen die K\u00e4lte jedoch nicht als Hindernis, sondern als Herausforderung, die es anzunehmen und zu genie\u00dfen galt. Im Laufe der Jahrtausende entwickelten sich rudiment\u00e4re Unterk\u00fcnfte \u2013 von einfachen, mit Moos isolierten Blockh\u00e4usern bis hin zu komplexen Geb\u00e4uden \u2013, die stets darauf ausgelegt waren, die K\u00e4lte im Winter und die Hitze im Sommer drau\u00dfen zu halten. Es ist daher nur folgerichtig, dass PENOSIL unter diesen anspruchsvollen Bedingungen entstanden ist.<\/p>\n\n\n\n<p>Heute sind die innovativen Rezepturen und benutzerfreundlichen Produkte von PENOSIL so entwickelt, dass sie in jeder Klimazone und auf jedem Kontinent effektiv wirken. Wir sind Pioniere auf unserem Gebiet, stellen uns stets den Herausforderungen unserer Umwelt und verschieben Grenzen.<\/p>\n<\/div>\n\n\n\n<div class=\"wp-block-column is-layout-flow wp-block-column-is-layout-flow\">\n<p>Energieeffizienz und nachhaltiges Denken sind aus unserem Leben nicht mehr wegzudenken. PENOSIL-Produkte sind ein kleiner, aber wirkungsvoller Schritt f\u00fcr den einzelnen Anwender, aber ein gro\u00dfer, energiesparender Sprung f\u00fcr die Menschheit. Von gro\u00dfen gewerblichen Projekten bis hin zu Privathaushalten sind unsere Produkte in mehr als 40 L\u00e4ndern, in denen Qualit\u00e4t z\u00e4hlt und strenge Bauvorschriften gelten, die erste Wahl.<\/p>\n\n\n\n<p>Die Gesetze der Natur haben uns zu dem gemacht, was wir heute sind, und uns fit f\u00fcr die Zukunft gemacht. <strong><a href=\"https:\/\/penosil.com\/de\/wp-content\/uploads\/sites\/33\/2025\/08\/penosil-ppt-web_de.pdf\">Lesen Sie mehr <\/a><a href=\"https:\/\/penosil.com\/de\/wp-content\/uploads\/sites\/33\/2025\/08\/penosil-ppt-web_de.pdf\" target=\"_blank\" rel=\"noreferrer noopener\">\u00fcber<\/a><a href=\"https:\/\/penosil.com\/de\/wp-content\/uploads\/sites\/33\/2025\/08\/penosil-ppt-web_de.pdf\"> uns!<\/a><\/strong><br>Sie m\u00f6chten Penosil H\u00e4ndler werden? <strong><a href=\"https:\/\/penosil.com\/de\/kontakte\/\" target=\"_blank\" rel=\"noreferrer noopener\">Kontaktieren<\/a><a href=\"https:\/\/penosil.com\/de\/kontakte\/\"> Sie uns!<\/a><\/strong><\/p>\n\n\n\n<p><\/p>\n\n\n\n<div class=\"wp-block-advgb-button alignnone is-style-outlined\"><a class=\"wp-block-advgb-button_link advgbbtn-f3493c8a-1967-4562-bf70-3840d8a29f31\" href=\"https:\/\/penosil.com\/de\/wp-content\/uploads\/sites\/33\/2023\/10\/PENOSIL_FACT-SHEET_GERMAN_AW_DIGITAL.pdf\" target=\"_blank\" rel=\"noopener noreferrer\"><span>Siehe Informationsblatt<\/span><\/a><\/div>\n<\/div>\n<\/div>\n<style class=\"advgb-styles-renderer\">.advgbbtn-f3493c8a-1967-4562-bf70-3840d8a29f31{font-size:18px;color:#b52d00 !important;background-color:#2196f3 !important;margin:0px 0px 0px 0px !important;padding:10px 30px 10px 30px;border-width:1px !important;border-style:none;border-radius:50px !important;}.advgbbtn-f3493c8a-1967-4562-bf70-3840d8a29f31:hover{box-shadow:1px 1px 12px 0px #ccc;opacity:1;transition:all 0.2s ease;}.advgbbtn-f3493c8a-1967-4562-bf70-3840d8a29f31 > i {display: none !important;}.advgbbtn-f3493c8a-1967-4562-bf70-3840d8a29f31{font-size:18px;color:#b52d00 !important;background-color:#2196f3 !important;margin:0px 0px 0px 0px !important;padding:10px 30px 10px 30px;border-width:1px !important;border-style:none;border-radius:50px !important;}.advgbbtn-f3493c8a-1967-4562-bf70-3840d8a29f31:hover{box-shadow:1px 1px 12px 0px #ccc;opacity:1;transition:all 0.2s ease;}.advgbbtn-f3493c8a-1967-4562-bf70-3840d8a29f31 > i {display: none !important;}.advgbbtn-f3493c8a-1967-4562-bf70-3840d8a29f31{font-size:18px;color:#b52d00 !important;background-color:#2196f3 !important;margin:0px 0px 0px 0px !important;padding:10px 30px 10px 30px;border-width:1px !important;border-style:none;border-radius:50px !important;}.advgbbtn-f3493c8a-1967-4562-bf70-3840d8a29f31:hover{box-shadow:1px 1px 12px 0px #ccc;opacity:1;transition:all 0.2s ease;}.advgbbtn-f3493c8a-1967-4562-bf70-3840d8a29f31 > i {display: none !important;}<\/style>","protected":false},"excerpt":{"rendered":"In den nordeurop\u00e4ischen Klimazonen, in denen PENOSIL entstanden ist, herrscht fast das ganze Jahr \u00fcber eine deutliche K\u00fchle in der Luft. Die fr\u00fchen Siedler in dieser oft rauen Umgebung sahen die K\u00e4lte jedoch nicht als Hindernis, sondern als Herausforderung, die es anzunehmen und zu genie\u00dfen galt. Im Laufe der Jahrtausende entwickelten sich rudiment\u00e4re Unterk\u00fcnfte \u2013 [&hellip;]","protected":false},"author":1,"featured_media":0,"parent":0,"menu_order":0,"comment_status":"closed","ping_status":"closed","template":"page-templates\/template-aboutus.php","meta":{"_acf_changed":false,"advgb_blocks_editor_width":"","advgb_blocks_columns_visual_guide":"","footnotes":""},"class_list":["post-28162","page","type-page","status-publish","hentry"],"acf":[],"yoast_head":"<!-- This site is optimized with the Yoast SEO plugin v27.2 - https:\/\/yoast.com\/product\/yoast-seo-wordpress\/ -->\n<title>\u00dcber uns - Penosil Deutschland<\/title>\n<meta name=\"description\" content=\"PENOSIL ist eine der f\u00fchrenden europ\u00e4ischen Marken f\u00fcr energieeffiziente Dichtungs- und Klebel\u00f6sungen. Erfahren Sie mehr!\" \/>\n<meta name=\"robots\" content=\"index, follow, max-snippet:-1, max-image-preview:large, max-video-preview:-1\" \/>\n<link rel=\"canonical\" href=\"https:\/\/penosil.com\/de\/uber-uns\/\" \/>\n<meta property=\"og:locale\" content=\"de_DE\" \/>\n<meta property=\"og:type\" content=\"article\" \/>\n<meta property=\"og:title\" content=\"\u00dcber uns - Penosil Deutschland\" \/>\n<meta property=\"og:description\" content=\"PENOSIL ist eine der f\u00fchrenden europ\u00e4ischen Marken f\u00fcr energieeffiziente Dichtungs- und Klebel\u00f6sungen. Erfahren Sie mehr!\" \/>\n<meta property=\"og:url\" content=\"https:\/\/penosil.com\/de\/uber-uns\/\" \/>\n<meta property=\"og:site_name\" content=\"Penosil Germany\" \/>\n<meta property=\"article:modified_time\" content=\"2025-08-28T11:12:34+00:00\" \/>\n<meta name=\"twitter:card\" content=\"summary_large_image\" \/>\n<meta name=\"twitter:label1\" content=\"Gesch\u00e4tzte Lesezeit\" \/>\n\t<meta name=\"twitter:data1\" content=\"1\u00a0Minute\" \/>\n<script type=\"application\/ld+json\" class=\"yoast-schema-graph\">{\"@context\":\"https:\/\/schema.org\",\"@graph\":[{\"@type\":\"WebPage\",\"@id\":\"https:\/\/penosil.com\/de\/uber-uns\/\",\"url\":\"https:\/\/penosil.com\/de\/uber-uns\/\",\"name\":\"\u00dcber uns - Penosil Deutschland\",\"isPartOf\":{\"@id\":\"https:\/\/penosil.com\/de\/#website\"},\"datePublished\":\"2019-07-24T13:17:19+00:00\",\"dateModified\":\"2025-08-28T11:12:34+00:00\",\"description\":\"PENOSIL ist eine der f\u00fchrenden europ\u00e4ischen Marken f\u00fcr energieeffiziente Dichtungs- und Klebel\u00f6sungen. Erfahren Sie mehr!\",\"breadcrumb\":{\"@id\":\"https:\/\/penosil.com\/de\/uber-uns\/#breadcrumb\"},\"inLanguage\":\"de\",\"potentialAction\":[{\"@type\":\"ReadAction\",\"target\":[\"https:\/\/penosil.com\/de\/uber-uns\/\"]}]},{\"@type\":\"BreadcrumbList\",\"@id\":\"https:\/\/penosil.com\/de\/uber-uns\/#breadcrumb\",\"itemListElement\":[{\"@type\":\"ListItem\",\"position\":1,\"name\":\"Starseite\",\"item\":\"https:\/\/penosil.com\/de\/\"},{\"@type\":\"ListItem\",\"position\":2,\"name\":\"\u00dcber uns\"}]},{\"@type\":\"WebSite\",\"@id\":\"https:\/\/penosil.com\/de\/#website\",\"url\":\"https:\/\/penosil.com\/de\/\",\"name\":\"Penosil Germany\",\"description\":\"\",\"potentialAction\":[{\"@type\":\"SearchAction\",\"target\":{\"@type\":\"EntryPoint\",\"urlTemplate\":\"https:\/\/penosil.com\/de\/?s={search_term_string}\"},\"query-input\":{\"@type\":\"PropertyValueSpecification\",\"valueRequired\":true,\"valueName\":\"search_term_string\"}}],\"inLanguage\":\"de\"}]}<\/script>\n<!-- \/ Yoast SEO plugin. -->","yoast_head_json":{"title":"\u00dcber uns - Penosil Deutschland","description":"PENOSIL ist eine der f\u00fchrenden europ\u00e4ischen Marken f\u00fcr energieeffiziente Dichtungs- und Klebel\u00f6sungen. Erfahren Sie mehr!","robots":{"index":"index","follow":"follow","max-snippet":"max-snippet:-1","max-image-preview":"max-image-preview:large","max-video-preview":"max-video-preview:-1"},"canonical":"https:\/\/penosil.com\/de\/uber-uns\/","og_locale":"de_DE","og_type":"article","og_title":"\u00dcber uns - Penosil Deutschland","og_description":"PENOSIL ist eine der f\u00fchrenden europ\u00e4ischen Marken f\u00fcr energieeffiziente Dichtungs- und Klebel\u00f6sungen. Erfahren Sie mehr!","og_url":"https:\/\/penosil.com\/de\/uber-uns\/","og_site_name":"Penosil Germany","article_modified_time":"2025-08-28T11:12:34+00:00","twitter_card":"summary_large_image","twitter_misc":{"Gesch\u00e4tzte Lesezeit":"1\u00a0Minute"},"schema":{"@context":"https:\/\/schema.org","@graph":[{"@type":"WebPage","@id":"https:\/\/penosil.com\/de\/uber-uns\/","url":"https:\/\/penosil.com\/de\/uber-uns\/","name":"\u00dcber uns - Penosil Deutschland","isPartOf":{"@id":"https:\/\/penosil.com\/de\/#website"},"datePublished":"2019-07-24T13:17:19+00:00","dateModified":"2025-08-28T11:12:34+00:00","description":"PENOSIL ist eine der f\u00fchrenden europ\u00e4ischen Marken f\u00fcr energieeffiziente Dichtungs- und Klebel\u00f6sungen. Erfahren Sie mehr!","breadcrumb":{"@id":"https:\/\/penosil.com\/de\/uber-uns\/#breadcrumb"},"inLanguage":"de","potentialAction":[{"@type":"ReadAction","target":["https:\/\/penosil.com\/de\/uber-uns\/"]}]},{"@type":"BreadcrumbList","@id":"https:\/\/penosil.com\/de\/uber-uns\/#breadcrumb","itemListElement":[{"@type":"ListItem","position":1,"name":"Starseite","item":"https:\/\/penosil.com\/de\/"},{"@type":"ListItem","position":2,"name":"\u00dcber uns"}]},{"@type":"WebSite","@id":"https:\/\/penosil.com\/de\/#website","url":"https:\/\/penosil.com\/de\/","name":"Penosil Germany","description":"","potentialAction":[{"@type":"SearchAction","target":{"@type":"EntryPoint","urlTemplate":"https:\/\/penosil.com\/de\/?s={search_term_string}"},"query-input":{"@type":"PropertyValueSpecification","valueRequired":true,"valueName":"search_term_string"}}],"inLanguage":"de"}]}},"coauthors":[],"author_meta":{"author_link":"https:\/\/penosil.com\/de\/author\/reaktiiv-pe\/","display_name":"reaktiiv-pe"},"relative_dates":{"created":"Posted 7\u00a0Jahren ago","modified":"Updated 8\u00a0Monaten ago"},"absolute_dates":{"created":"Posted on 24. Juli 2019","modified":"Updated on 28. August 2025"},"absolute_dates_time":{"created":"Posted on 24. Juli 2019 13:17","modified":"Updated on 28. August 2025 11:12"},"featured_img_caption":"","featured_img":false,"series_order":"","_links":{"self":[{"href":"https:\/\/penosil.com\/de\/wp-json\/wp\/v2\/pages\/28162","targetHints":{"allow":["GET"]}}],"collection":[{"href":"https:\/\/penosil.com\/de\/wp-json\/wp\/v2\/pages"}],"about":[{"href":"https:\/\/penosil.com\/de\/wp-json\/wp\/v2\/types\/page"}],"author":[{"embeddable":true,"href":"https:\/\/penosil.com\/de\/wp-json\/wp\/v2\/users\/1"}],"replies":[{"embeddable":true,"href":"https:\/\/penosil.com\/de\/wp-json\/wp\/v2\/comments?post=28162"}],"version-history":[{"count":35,"href":"https:\/\/penosil.com\/de\/wp-json\/wp\/v2\/pages\/28162\/revisions"}],"predecessor-version":[{"id":31703,"href":"https:\/\/penosil.com\/de\/wp-json\/wp\/v2\/pages\/28162\/revisions\/31703"}],"wp:attachment":[{"href":"https:\/\/penosil.com\/de\/wp-json\/wp\/v2\/media?parent=28162"}],"curies":[{"name":"wp","href":"https:\/\/api.w.org\/{rel}","templated":true}]}}