{"id":28164,"date":"2019-07-24T13:17:09","date_gmt":"2019-07-24T13:17:09","guid":{"rendered":"https:\/\/penosil.com\/de\/knowledge-centre\/"},"modified":"2024-03-06T13:53:39","modified_gmt":"2024-03-06T13:53:39","slug":"wissenszentrum","status":"publish","type":"page","link":"https:\/\/penosil.com\/de\/wissenszentrum\/","title":{"rendered":"Wissenszentrum"},"content":{"rendered":"\n<div class=\"wp-block-columns has-3-columns is-layout-flex wp-container-core-columns-is-layout-9d6595d7 wp-block-columns-is-layout-flex\">\n<div class=\"wp-block-column is-layout-flow wp-block-column-is-layout-flow\"><article id=\"pnsl-contact-block_c3fb43a68e1ca8a2e572ecf0df175f0d\" class=\"pnsl-information-block\" role=\"article\" aria-labelledby=\"pnsl-contact-block_c3fb43a68e1ca8a2e572ecf0df175f0d-title\">\n         <div class=\"pnsl-list-item d-flex align-items-center justify-content-between flex-column\">\n         <div class=\"lst-item-cnt\">\n            <!-- Single comprehensive link wrapping all content for better accessibility -->\n            <a href=\"https:\/\/penosil.com\/de\/videos\/\"\n               class=\"information-block-link\"\n                              aria-label=\"View Videos\"\n               >\n\n                                                   <div class=\"lst-item-image d-flex align-items-end justify-content-center\">\n                     <img decoding=\"async\" src=\"https:\/\/penosil.com\/de\/wp-content\/uploads\/sites\/33\/2019\/08\/videos-1.svg\"\n                        alt=\"Image for Videos\"\n                        role=\"presentation\" \/>\n                  <\/div>\n               \n               <div class=\"information-block-header\">\n                  <h2 id=\"pnsl-contact-block_c3fb43a68e1ca8a2e572ecf0df175f0d-title\">Videos<\/h2>\n               <\/div>\n                                 <div class=\"information-block-content\"><p>Besuchen Sie den PENOSIL-Videokanal, erfahren Sie, wie Sie unsere Produkte einsetzen k\u00f6nnen und was es Neues und Trendiges in der Bauwelt gibt. Finden Sie Videos von professionellen bis hin zu Do-it-yourself-Arbeiten (DIY), alles an einem Ort.<\/p>\n<\/div>\n                              \n               <!-- Button styled element inside the parent link - maintains accessibility and styling -->\n               <div class=\"lst-item-btn\">\n                  <span class=\"btn rbtn\">\n                     Videos ansehen                  <\/span>\n               <\/div>\n               \n                           <\/a>\n         <\/div>\n      <\/div>\n   <\/article><\/div>\n\n\n\n<div class=\"wp-block-column is-layout-flow wp-block-column-is-layout-flow\"><article id=\"pnsl-contact-block_de4ecf507b827e1b36a512a8703cafd3\" class=\"pnsl-information-block\" role=\"article\" aria-labelledby=\"pnsl-contact-block_de4ecf507b827e1b36a512a8703cafd3-title\">\n         <div class=\"pnsl-list-item d-flex align-items-center justify-content-between flex-column\">\n         <div class=\"lst-item-cnt\">\n            <!-- Single comprehensive link wrapping all content for better accessibility -->\n            <a href=\"https:\/\/penosil.com\/de\/wissenszentrum\/dokumentation\/\"\n               class=\"information-block-link\"\n                              aria-label=\"View Dokumentation\"\n               >\n\n                                                   <div class=\"lst-item-image d-flex align-items-end justify-content-center\">\n                     <img decoding=\"async\" src=\"https:\/\/penosil.com\/de\/wp-content\/uploads\/sites\/33\/2019\/08\/manuals-1.svg\"\n                        alt=\"Image for Dokumentation\"\n                        role=\"presentation\" \/>\n                  <\/div>\n               \n               <div class=\"information-block-header\">\n                  <h2 id=\"pnsl-contact-block_de4ecf507b827e1b36a512a8703cafd3-title\">Dokumentation<\/h2>\n               <\/div>\n                                 <div class=\"information-block-content\"><p>Laden Sie sich die technischen Datenbl\u00e4tter, Sicherheitsdatenbl\u00e4tter, Leistungserkl\u00e4rungen und Zertifizierungen der PENOSIL-Produkte herunter.<\/p>\n<\/div>\n                              \n               <!-- Button styled element inside the parent link - maintains accessibility and styling -->\n               <div class=\"lst-item-btn\">\n                  <span class=\"btn rbtn\">\n                     Dokumentation ansehen                  <\/span>\n               <\/div>\n               \n                           <\/a>\n         <\/div>\n      <\/div>\n   <\/article>\n\n\n<p><\/p>\n<\/div>\n\n\n\n<div class=\"wp-block-column is-layout-flow wp-block-column-is-layout-flow\"><article id=\"pnsl-contact-block_c8e9f7c5431b2753aa8eb68cf0d7c0c3\" class=\"pnsl-information-block\" role=\"article\" aria-labelledby=\"pnsl-contact-block_c8e9f7c5431b2753aa8eb68cf0d7c0c3-title\">\n         <div class=\"pnsl-list-item d-flex align-items-center justify-content-between flex-column\">\n         <div class=\"lst-item-cnt\">\n            <!-- Single comprehensive link wrapping all content for better accessibility -->\n            <a href=\"https:\/\/penosil.com\/de\/wissenszentrum\/kataloge\/\"\n               class=\"information-block-link\"\n                              aria-label=\"View Kataloge\"\n               >\n\n                                                   <div class=\"lst-item-image d-flex align-items-end justify-content-center\">\n                     <img decoding=\"async\" src=\"https:\/\/penosil.com\/de\/wp-content\/uploads\/sites\/33\/2019\/10\/pruoddcu_manual.svg\"\n                        alt=\"Image for Kataloge\"\n                        role=\"presentation\" \/>\n                  <\/div>\n               \n               <div class=\"information-block-header\">\n                  <h2 id=\"pnsl-contact-block_c8e9f7c5431b2753aa8eb68cf0d7c0c3-title\">Kataloge<\/h2>\n               <\/div>\n                                 <div class=\"information-block-content\"><p>Die Bibliothek mit dem PENOSIL-Expertenwissen und Hilfsmitteln f\u00fcr den Einsatz von PENOSIL-Produkten in komplexeren Bauprojekten.<\/p>\n<\/div>\n                              \n               <!-- Button styled element inside the parent link - maintains accessibility and styling -->\n               <div class=\"lst-item-btn\">\n                  <span class=\"btn rbtn\">\n                     Kataloge ansehen                  <\/span>\n               <\/div>\n               \n                           <\/a>\n         <\/div>\n      <\/div>\n   <\/article><\/div>\n<\/div>\n\n\n\n<div class=\"wp-block-columns has-3-columns is-layout-flex wp-container-core-columns-is-layout-9d6595d7 wp-block-columns-is-layout-flex\">\n<div class=\"wp-block-column is-layout-flow wp-block-column-is-layout-flow\"><article id=\"pnsl-contact-block_9942906a5ccb4cf1272796fa3f92ce64\" class=\"pnsl-information-block\" role=\"article\" aria-labelledby=\"pnsl-contact-block_9942906a5ccb4cf1272796fa3f92ce64-title\">\n         <div class=\"pnsl-list-item d-flex align-items-center justify-content-between flex-column\">\n         <div class=\"lst-item-cnt\">\n            <!-- Single comprehensive link wrapping all content for better accessibility -->\n            <a href=\"https:\/\/penosil.com\/de\/wissenszentrum\/rechner\/\"\n               class=\"information-block-link\"\n                              aria-label=\"View Rechner\"\n               >\n\n                                                   <div class=\"lst-item-image d-flex align-items-end justify-content-center\">\n                     <img decoding=\"async\" src=\"https:\/\/penosil.com\/de\/wp-content\/uploads\/sites\/33\/2019\/08\/calculator.svg\"\n                        alt=\"Image for Rechner\"\n                        role=\"presentation\" \/>\n                  <\/div>\n               \n               <div class=\"information-block-header\">\n                  <h2 id=\"pnsl-contact-block_9942906a5ccb4cf1272796fa3f92ce64-title\">Rechner<\/h2>\n               <\/div>\n                                 <div class=\"information-block-content\"><p>Seien Sie umweltbewusst und nutzen Sie unsere Werkzeuge zur einfachen Berechnung des Materialverbrauchs, um so den Abfall zu verringern.<\/p>\n<\/div>\n                              \n               <!-- Button styled element inside the parent link - maintains accessibility and styling -->\n               <div class=\"lst-item-btn\">\n                  <span class=\"btn rbtn\">\n                     Zu den Rechnern gehen                  <\/span>\n               <\/div>\n               \n                           <\/a>\n         <\/div>\n      <\/div>\n   <\/article><\/div>\n\n\n\n<div class=\"wp-block-column is-layout-flow wp-block-column-is-layout-flow\"><article id=\"pnsl-contact-block_00c2bd5423fe5755a06c83c451ebacd4\" class=\"pnsl-information-block\" role=\"article\" aria-labelledby=\"pnsl-contact-block_00c2bd5423fe5755a06c83c451ebacd4-title\">\n         <div class=\"pnsl-list-item d-flex align-items-center justify-content-between flex-column\">\n         <div class=\"lst-item-cnt\">\n            <!-- Single comprehensive link wrapping all content for better accessibility -->\n            <a href=\"https:\/\/penosil.com\/de\/wissenszentrum\/lehrreiche-artikel\/\"\n               class=\"information-block-link\"\n                              aria-label=\"View Lehrreiche Artikel\"\n               >\n\n                                                   <div class=\"lst-item-image d-flex align-items-end justify-content-center\">\n                     <img decoding=\"async\" src=\"https:\/\/penosil.com\/de\/wp-content\/uploads\/sites\/33\/2019\/10\/artiklid.svg\"\n                        alt=\"Image for Lehrreiche Artikel\"\n                        role=\"presentation\" \/>\n                  <\/div>\n               \n               <div class=\"information-block-header\">\n                  <h2 id=\"pnsl-contact-block_00c2bd5423fe5755a06c83c451ebacd4-title\">Lehrreiche Artikel<\/h2>\n               <\/div>\n                                 <div class=\"information-block-content\"><p>Hier finden Sie spannende Informationen zum energieeffizienten und umweltfreundlichen Bauen sowie zu Entwicklungen in der Chemie- und Baustoffindustrie.<\/p>\n<\/div>\n                              \n               <!-- Button styled element inside the parent link - maintains accessibility and styling -->\n               <div class=\"lst-item-btn\">\n                  <span class=\"btn rbtn\">\n                     Lesen Sie Lehrreiche Artikel                  <\/span>\n               <\/div>\n               \n                           <\/a>\n         <\/div>\n      <\/div>\n   <\/article><\/div>\n\n\n\n<div class=\"wp-block-column is-layout-flow wp-block-column-is-layout-flow\"><article id=\"pnsl-contact-block_e7cc45184ac1ead8d3fe282f1770fdec\" class=\"pnsl-information-block\" role=\"article\" aria-labelledby=\"pnsl-contact-block_e7cc45184ac1ead8d3fe282f1770fdec-title\">\n         <div class=\"pnsl-list-item d-flex align-items-center justify-content-between flex-column\">\n         <div class=\"lst-item-cnt\">\n            <!-- Single comprehensive link wrapping all content for better accessibility -->\n            <a href=\"https:\/\/penosil.com\/de\/wissenszentrum\/haufig-gestellte-fragen\/\"\n               class=\"information-block-link\"\n                              aria-label=\"View H\u00e4ufig gestellte Fragen\"\n               >\n\n                                                   <div class=\"lst-item-image d-flex align-items-end justify-content-center\">\n                     <img decoding=\"async\" src=\"https:\/\/penosil.com\/de\/wp-content\/uploads\/sites\/33\/2022\/10\/faq.svg\"\n                        alt=\"Image for H\u00e4ufig gestellte Fragen\"\n                        role=\"presentation\" \/>\n                  <\/div>\n               \n               <div class=\"information-block-header\">\n                  <h2 id=\"pnsl-contact-block_e7cc45184ac1ead8d3fe282f1770fdec-title\">H\u00e4ufig gestellte Fragen<\/h2>\n               <\/div>\n                                 <div class=\"information-block-content\"><p>Willkommen bei unseren h\u00e4ufig gestellten Fragen, wo Sie Expertentipps und Antworten auf Ihre Fragen zu PENOSIL-Produkten finden k\u00f6nnen.<\/p>\n<\/div>\n                              \n               <!-- Button styled element inside the parent link - maintains accessibility and styling -->\n               <div class=\"lst-item-btn\">\n                  <span class=\"btn rbtn\">\n                     Finde Antworten                  <\/span>\n               <\/div>\n               \n                           <\/a>\n         <\/div>\n      <\/div>\n   <\/article><\/div>\n<\/div>\n","protected":false},"excerpt":{"rendered":"","protected":false},"author":1,"featured_media":0,"parent":0,"menu_order":0,"comment_status":"closed","ping_status":"closed","template":"page-templates\/template-knowledge.php","meta":{"_acf_changed":false,"advgb_blocks_editor_width":"","advgb_blocks_columns_visual_guide":"","footnotes":""},"class_list":["post-28164","page","type-page","status-publish","hentry"],"acf":[],"yoast_head":"<!-- This site is optimized with the Yoast SEO plugin v27.2 - https:\/\/yoast.com\/product\/yoast-seo-wordpress\/ -->\n<title>Wissenszentrum - PENOSIL Deutschland<\/title>\n<meta name=\"description\" content=\"Willkommen im Wissenszentrum, wo Sie Videos, Dokumentationen, Produkt-Know-how, Kalkulatoren, Artikel und Bauzeichnungen finden.\" \/>\n<meta name=\"robots\" content=\"index, follow, max-snippet:-1, max-image-preview:large, max-video-preview:-1\" \/>\n<link rel=\"canonical\" href=\"https:\/\/penosil.com\/de\/wissenszentrum\/\" \/>\n<meta property=\"og:locale\" content=\"de_DE\" \/>\n<meta property=\"og:type\" content=\"article\" \/>\n<meta property=\"og:title\" content=\"Wissenszentrum - PENOSIL Deutschland\" \/>\n<meta property=\"og:description\" content=\"Willkommen im Wissenszentrum, wo Sie Videos, Dokumentationen, Produkt-Know-how, Kalkulatoren, Artikel und Bauzeichnungen finden.\" \/>\n<meta property=\"og:url\" content=\"https:\/\/penosil.com\/de\/wissenszentrum\/\" \/>\n<meta property=\"og:site_name\" content=\"Penosil Germany\" \/>\n<meta property=\"article:modified_time\" content=\"2024-03-06T13:53:39+00:00\" \/>\n<meta name=\"twitter:card\" content=\"summary_large_image\" \/>\n<script type=\"application\/ld+json\" class=\"yoast-schema-graph\">{\"@context\":\"https:\/\/schema.org\",\"@graph\":[{\"@type\":\"WebPage\",\"@id\":\"https:\/\/penosil.com\/de\/wissenszentrum\/\",\"url\":\"https:\/\/penosil.com\/de\/wissenszentrum\/\",\"name\":\"Wissenszentrum - PENOSIL Deutschland\",\"isPartOf\":{\"@id\":\"https:\/\/penosil.com\/de\/#website\"},\"datePublished\":\"2019-07-24T13:17:09+00:00\",\"dateModified\":\"2024-03-06T13:53:39+00:00\",\"description\":\"Willkommen im Wissenszentrum, wo Sie Videos, Dokumentationen, Produkt-Know-how, Kalkulatoren, Artikel und Bauzeichnungen finden.\",\"breadcrumb\":{\"@id\":\"https:\/\/penosil.com\/de\/wissenszentrum\/#breadcrumb\"},\"inLanguage\":\"de\",\"potentialAction\":[{\"@type\":\"ReadAction\",\"target\":[\"https:\/\/penosil.com\/de\/wissenszentrum\/\"]}]},{\"@type\":\"BreadcrumbList\",\"@id\":\"https:\/\/penosil.com\/de\/wissenszentrum\/#breadcrumb\",\"itemListElement\":[{\"@type\":\"ListItem\",\"position\":1,\"name\":\"Starseite\",\"item\":\"https:\/\/penosil.com\/de\/\"},{\"@type\":\"ListItem\",\"position\":2,\"name\":\"Wissenszentrum\"}]},{\"@type\":\"WebSite\",\"@id\":\"https:\/\/penosil.com\/de\/#website\",\"url\":\"https:\/\/penosil.com\/de\/\",\"name\":\"Penosil Germany\",\"description\":\"\",\"potentialAction\":[{\"@type\":\"SearchAction\",\"target\":{\"@type\":\"EntryPoint\",\"urlTemplate\":\"https:\/\/penosil.com\/de\/?s={search_term_string}\"},\"query-input\":{\"@type\":\"PropertyValueSpecification\",\"valueRequired\":true,\"valueName\":\"search_term_string\"}}],\"inLanguage\":\"de\"}]}<\/script>\n<!-- \/ Yoast SEO plugin. -->","yoast_head_json":{"title":"Wissenszentrum - PENOSIL Deutschland","description":"Willkommen im Wissenszentrum, wo Sie Videos, Dokumentationen, Produkt-Know-how, Kalkulatoren, Artikel und Bauzeichnungen finden.","robots":{"index":"index","follow":"follow","max-snippet":"max-snippet:-1","max-image-preview":"max-image-preview:large","max-video-preview":"max-video-preview:-1"},"canonical":"https:\/\/penosil.com\/de\/wissenszentrum\/","og_locale":"de_DE","og_type":"article","og_title":"Wissenszentrum - PENOSIL Deutschland","og_description":"Willkommen im Wissenszentrum, wo Sie Videos, Dokumentationen, Produkt-Know-how, Kalkulatoren, Artikel und Bauzeichnungen finden.","og_url":"https:\/\/penosil.com\/de\/wissenszentrum\/","og_site_name":"Penosil Germany","article_modified_time":"2024-03-06T13:53:39+00:00","twitter_card":"summary_large_image","schema":{"@context":"https:\/\/schema.org","@graph":[{"@type":"WebPage","@id":"https:\/\/penosil.com\/de\/wissenszentrum\/","url":"https:\/\/penosil.com\/de\/wissenszentrum\/","name":"Wissenszentrum - PENOSIL Deutschland","isPartOf":{"@id":"https:\/\/penosil.com\/de\/#website"},"datePublished":"2019-07-24T13:17:09+00:00","dateModified":"2024-03-06T13:53:39+00:00","description":"Willkommen im Wissenszentrum, wo Sie Videos, Dokumentationen, Produkt-Know-how, Kalkulatoren, Artikel und Bauzeichnungen finden.","breadcrumb":{"@id":"https:\/\/penosil.com\/de\/wissenszentrum\/#breadcrumb"},"inLanguage":"de","potentialAction":[{"@type":"ReadAction","target":["https:\/\/penosil.com\/de\/wissenszentrum\/"]}]},{"@type":"BreadcrumbList","@id":"https:\/\/penosil.com\/de\/wissenszentrum\/#breadcrumb","itemListElement":[{"@type":"ListItem","position":1,"name":"Starseite","item":"https:\/\/penosil.com\/de\/"},{"@type":"ListItem","position":2,"name":"Wissenszentrum"}]},{"@type":"WebSite","@id":"https:\/\/penosil.com\/de\/#website","url":"https:\/\/penosil.com\/de\/","name":"Penosil Germany","description":"","potentialAction":[{"@type":"SearchAction","target":{"@type":"EntryPoint","urlTemplate":"https:\/\/penosil.com\/de\/?s={search_term_string}"},"query-input":{"@type":"PropertyValueSpecification","valueRequired":true,"valueName":"search_term_string"}}],"inLanguage":"de"}]}},"coauthors":[],"author_meta":{"author_link":"https:\/\/penosil.com\/de\/author\/reaktiiv-pe\/","display_name":"reaktiiv-pe"},"relative_dates":{"created":"Posted 7\u00a0Jahren ago","modified":"Updated 2\u00a0Jahren ago"},"absolute_dates":{"created":"Posted on 24. Juli 2019","modified":"Updated on 6. M\u00e4rz 2024"},"absolute_dates_time":{"created":"Posted on 24. Juli 2019 13:17","modified":"Updated on 6. M\u00e4rz 2024 13:53"},"featured_img_caption":"","featured_img":false,"series_order":"","_links":{"self":[{"href":"https:\/\/penosil.com\/de\/wp-json\/wp\/v2\/pages\/28164","targetHints":{"allow":["GET"]}}],"collection":[{"href":"https:\/\/penosil.com\/de\/wp-json\/wp\/v2\/pages"}],"about":[{"href":"https:\/\/penosil.com\/de\/wp-json\/wp\/v2\/types\/page"}],"author":[{"embeddable":true,"href":"https:\/\/penosil.com\/de\/wp-json\/wp\/v2\/users\/1"}],"replies":[{"embeddable":true,"href":"https:\/\/penosil.com\/de\/wp-json\/wp\/v2\/comments?post=28164"}],"version-history":[{"count":25,"href":"https:\/\/penosil.com\/de\/wp-json\/wp\/v2\/pages\/28164\/revisions"}],"predecessor-version":[{"id":29394,"href":"https:\/\/penosil.com\/de\/wp-json\/wp\/v2\/pages\/28164\/revisions\/29394"}],"wp:attachment":[{"href":"https:\/\/penosil.com\/de\/wp-json\/wp\/v2\/media?parent=28164"}],"curies":[{"name":"wp","href":"https:\/\/api.w.org\/{rel}","templated":true}]}}