{"id":29738,"date":"2024-05-15T08:12:04","date_gmt":"2024-05-15T08:12:04","guid":{"rendered":"https:\/\/penosil.com\/de\/?page_id=29738"},"modified":"2025-07-31T06:25:43","modified_gmt":"2025-07-31T06:25:43","slug":"unsichtbar-jedoch-uberall","status":"publish","type":"page","link":"https:\/\/penosil.com\/de\/nachhaltigkeit\/unsichtbar-jedoch-uberall\/","title":{"rendered":"Unsichtbar, jedoch \u00fcberall"},"content":{"rendered":"<section class=\"pnsl-thin-banner-block\" style=\"background-color: #007F5F; color: #FFFFFF\" aria-label=\"Unsichtbar, jedoch \u00fcberall  \">\n   <div class=\"container d-flex flex-column flex-lg-row align-items-lg-center justify-content-between\">\n      <div class=\"text-wrap\">\n                     <h1>Unsichtbar, jedoch \u00fcberall  <\/h1>\n         \n                     <p>Unsere Produkte sind zwar oft unsichtbar, wenn das Geb\u00e4ude fertiggestellt ist, sie sind jedoch ein <strong>wesentlicher Bestandteil des Bauprozesses<\/strong>.<\/p>\n               <\/div>\n\n               <div id=\"lottie-block_0ffda09bf12bd8d7359a7de8a94f2bba\" class=\"lottie-animation\" data-path=\"https:\/\/penosil.com\/de\/wp-content\/themes\/penosil\/assets\/lottie\/invisible.json\" data-speed=\"0.75\" role=\"img\" aria-label=\"Decorative animation\"><\/div>\n         <\/div>\n<\/section>\n\n<section class=\"pnsl-energy-efficiency-block d-flex flex-column\">\n   <div class=\"container\">\n               <div class=\"above-lines-text w100\">\n            <p>Geb\u00e4ude geh\u00f6ren zu den gr\u00f6\u00dften Energieverbrauchern. Sie sind f\u00fcr \u00fcber <strong>40%<\/strong> des weltweiten Energieverbrauchs und <strong>33%<\/strong> der globalen CO<sub>2<\/sub>-Emissionen verantwortlich.<\/p>\n         <\/div>\n      \n               <div class=\"lines-text w100\">\n            <p>Unsere Produkte leisten einen <strong>aktiven Beitrag zur Bek\u00e4mpfung des Klimawandels<\/strong>, indem sie die Energieeffizienz der Geb\u00e4ude verbessern und somit ihre CO<sub>2<\/sub>-Emissionen senken.<\/p>\n         <\/div>\n      \n               <h2>Wie verbessern wir die Energieeffizienz?<\/h2>\n         <\/div>\n\n         <div class=\"container accordion-container\">\n         <div class=\"accordion\" role=\"region\" aria-label=\"Energy efficiency topics\">\n                                          <div class=\"item\">\n                  <button type=\"button\" \n                     class=\"title-wrap d-flex align-items-center\" \n                     aria-expanded=\"false\"\n                     aria-controls=\"accordion-panel-0\"\n                     id=\"accordion-header-0\">\n                     <div class=\"number d-flex align-items-center justify-content-center\" aria-hidden=\"true\"><span>1<\/span><\/div>\n                     <div class=\"title d-flex align-items-center\">Durch das thermische Isolieren von Geb\u00e4uden<\/div>\n                  <\/button>\n                  <div class=\"content\" \n                     id=\"accordion-panel-0\" \n                     role=\"region\" \n                     aria-labelledby=\"accordion-header-0\"\n                     hidden>\n                     <ul>\n<li>Unsere PU-Sch\u00e4ume dichten Fugen und Risse ab und isolieren Fugen thermisch, wodurch Energieverluste in Geb\u00e4uden verhindert und deren CO<sub>2<\/sub>-Emissionen reduziert werden.<\/li>\n<li>Penosil PU-Sch\u00e4ume sparen w\u00e4hrend ihres Lebenszyklus mehr als <strong>70-mal<\/strong> mehr Energie ein, als f\u00fcr ihren Herstellungsprozess ben\u00f6tigt wurde.<\/li>\n<li><strong>1 kg PU-Schaum spart im Laufe seines Lebenszyklus 1.000 kg CO<sub>2<\/sub> ein<\/strong>. Zum Vergleich: Ein Baum kann w\u00e4hrend seiner 100-j\u00e4hrigen Lebensdauer etwa 1.000 kg CO<sub>2<\/sub> aufnehmen.<\/li>\n<li>PU-Schaum ist ein hervorragendes D\u00e4mmmaterial, da er schwer zug\u00e4ngliche Stellen erreicht und eine geringere W\u00e4rmeleitf\u00e4higkeit als Mineralwolle aufweist.<\/li>\n<li>Richtig aufgetragener PU-Schaum wirkt zudem schalld\u00e4mmend und verringert die Gefahr von Kondenswasser- und Schimmelbildung.<\/li>\n<\/ul>\n<p><iframe loading=\"lazy\" title=\"YouTube video player\" src=\"https:\/\/www.youtube.com\/embed\/R2il9Ff2i3A?si=GjlxXNjaZv2evIbb\" width=\"560\" height=\"315\" frameborder=\"0\" allowfullscreen=\"allowfullscreen\"><\/iframe><\/p>\n\n                     \n                                       <\/div>\n               <\/div>\n                                          <div class=\"item\">\n                  <button type=\"button\" \n                     class=\"title-wrap d-flex align-items-center\" \n                     aria-expanded=\"false\"\n                     aria-controls=\"accordion-panel-1\"\n                     id=\"accordion-header-1\">\n                     <div class=\"number d-flex align-items-center justify-content-center\" aria-hidden=\"true\"><span>2<\/span><\/div>\n                     <div class=\"title d-flex align-items-center\">Durch die Verbesserung der Luftdichtheit von Geb\u00e4uden<\/div>\n                  <\/button>\n                  <div class=\"content\" \n                     id=\"accordion-panel-1\" \n                     role=\"region\" \n                     aria-labelledby=\"accordion-header-1\"\n                     hidden>\n                     <ul>\n<li>Die Luftdichtheit von Geb\u00e4uden tr\u00e4gt dazu bei, Luftlecks, Feuchtigkeitsprobleme und Kondensation zu verhindern und Brandschutz- und L\u00e4rmprobleme zu minimieren.<\/li>\n<li>Luftlecks machen etwa <strong>25 bis 40%<\/strong> der W\u00e4rmeverluste in einem kalten Klima und <strong>10 bis 15%<\/strong> der Erw\u00e4rmung in einem hei\u00dfen Klima aus.<\/li>\n<li>Selbst der kleinste nicht versiegelte Riss in der Struktur kann gro\u00dfe Auswirkungen auf die Energieeffizienz eines Geb\u00e4udes haben.\n<ul>\n<li>Beispielsweise kann eine 1 mm breite, nicht abgedichtete Fuge in einer Au\u00dfenwand im Winter den W\u00e4rmeverlust der Wand um etwa das <strong>4,8-fache erh\u00f6hen im Vergleich zu einer versiegelten Fuge<\/strong>.<\/li>\n<\/ul>\n<\/li>\n<li>Um die Luftdichtheit eines Geb\u00e4udes zu verbessern, ist es wichtig, selbst kleinste Risse in der Struktur mit Dichtstoffen abzudichten.<\/li>\n<\/ul>\n<p><iframe loading=\"lazy\" title=\"YouTube video player\" src=\"https:\/\/www.youtube.com\/embed\/hfxJMmJXVEU?si=6MNuYdy5Xck617ZP\" width=\"560\" height=\"315\" frameborder=\"0\" allowfullscreen=\"allowfullscreen\"><\/iframe><\/p>\n<p><strong>Die typischen Stellen f\u00fcr Luftlecks sind:<\/strong><\/p>\n\n                                             <div class=\"airtightness\" role=\"figure\" aria-label=\"Building airtightness diagram\">\n                           <div class=\"image-wrap\">\n                                                               <img loading=\"lazy\" decoding=\"async\" class=\"d-none d-lg-block\" src=\"https:\/\/penosil.com\/de\/wp-content\/uploads\/sites\/33\/2024\/05\/Group-437.svg\" width=\"255\" height=\"154\" alt=\"\">\n                              \n                                                               <img loading=\"lazy\" decoding=\"async\" class=\"d-lg-none\" src=\"https:\/\/penosil.com\/de\/wp-content\/uploads\/sites\/33\/2024\/05\/Group-437-1.svg\" width=\"317\" height=\"410\" alt=\"\">\n                              \n                              <div class=\"texts-wrap\" role=\"list\" aria-label=\"Heat loss breakdown\">\n                                                                     <p class=\"doors\" role=\"listitem\">T\u00fcren <strong>10%<\/strong><\/p>\n                                 \n                                                                     <p class=\"windows\" role=\"listitem\">Fenster <strong>15%<\/strong><\/p>\n                                 \n                                                                     <p class=\"roof\" role=\"listitem\">Dachkonstruktionen <strong>25%<\/strong><\/p>\n                                 \n                                                                     <p class=\"penetration\" role=\"listitem\">Durchdringungen der Geb\u00e4udeh\u00fclle <strong>15%<\/strong><\/p>\n                                 \n                                                                     <p class=\"building\" role=\"listitem\">Geb\u00e4udeh\u00fclle <strong>35%<\/strong><\/p>\n                                                               <\/div>\n                           <\/div>\n\n                        <\/div>\n                     \n                                       <\/div>\n               <\/div>\n                                          <div class=\"item\">\n                  <button type=\"button\" \n                     class=\"title-wrap d-flex align-items-center\" \n                     aria-expanded=\"false\"\n                     aria-controls=\"accordion-panel-2\"\n                     id=\"accordion-header-2\">\n                     <div class=\"number d-flex align-items-center justify-content-center\" aria-hidden=\"true\"><span>3<\/span><\/div>\n                     <div class=\"title d-flex align-items-center\">Durch die Minimierung der W\u00e4rmebr\u00fccken von Bauwerken<\/div>\n                  <\/button>\n                  <div class=\"content\" \n                     id=\"accordion-panel-2\" \n                     role=\"region\" \n                     aria-labelledby=\"accordion-header-2\"\n                     hidden>\n                     <ul>\n<li>Falsch eingebaute Fenster und T\u00fcren k\u00f6nnen zu gro\u00dfen W\u00e4rmeverlusten in einem Geb\u00e4ude f\u00fchren.<\/li>\n<li>Penosil bietet verschiedene energieeffiziente Geb\u00e4udel\u00f6sungen f\u00fcr den Fenstereinbau und die <a href=\"https:\/\/penosil.com\/solutions-types\/facade-weathersealing\/\" target=\"_blank\" rel=\"noopener\">Fassadenabdichtung<\/a>.<\/li>\n<li>Wenn sie zusammen und in der richtigen Reihenfolge eingesetzt werden, tragen die Produkte der <a href=\"https:\/\/penosil.com\/de\/losungstyp\/energieeffizienter-fenstereinbau\/\">Penosil-L\u00f6sung f\u00fcr die energieeffiziente Fenstermontage<\/a>\u00a0dazu bei, die W\u00e4rmebr\u00fccken eines Bauwerks zu minimieren und damit auch die CO2-Emissionen zu verringern.<\/li>\n<\/ul>\n\n                     \n                                             <div class=\"text-before-icon\">\n                           <p class=\"open-sus-modal open-thermal-bridges-modal\">Was sind W\u00e4rmebr\u00fccken?<\/p>\n                           <button type=\"button\" \n                              class=\"open-sus-modal open-thermal-bridges-modal\"\n                              aria-label=\"Open thermal bridges information\">\n                              <img loading=\"lazy\" decoding=\"async\" src=\"https:\/\/penosil.com\/de\/wp-content\/themes\/penosil\/images\/icons\/sus-info.svg\" width=\"52\" height=\"63\" alt=\"\" aria-hidden=\"true\">\n                           <\/button>\n                        <\/div>\n                                       <\/div>\n               <\/div>\n                     <\/div>\n      <\/div>\n   \n         <div class=\"sustainability-modal thermal-bridges-modal\" role=\"dialog\" aria-modal=\"true\" aria-labelledby=\"modal-title-thermal-bridges-modal\" hidden>\n\t<div class=\"modal_wrapper\">\n\t\t<div class=\"modal_content\">\n\t\t\t<button type=\"button\" class=\"close_modal\" aria-label=\"Schlie\u00dfen\"><\/button>\n\n\t\t\t<div class=\"content_wrapper\">\n\t\t\t\t<div class=\"modal_main w100 d-flex flex-column flex-lg-row\">\n\t\t\t\t\t<div class=\"text_wrapper\">\n\t\t\t\t\t\t\t\t\t\t\t<h2 id=\"modal-title-thermal-bridges-modal\">Was sind W\u00e4rmebr\u00fccken?<\/h2>\n\t\t\t\t\t\n\t\t\t\t\t\t\t\t\t\t\t<p>W\u00e4rmebr\u00fccken sind die <strong>Teile der Geb\u00e4udestruktur<\/strong>, an denen der W\u00e4rmedurchgangskoeffizient \u00f6rtlich <strong>erheblich h\u00f6her<\/strong> ist als im \u00fcbrigen Teil der Struktur.<\/p>\n<p><strong>W\u00e4rmebr\u00fccken in Geb\u00e4uden kommen vor in:<\/strong><\/p>\n<ul>\n<li>Au\u00dfenwandecken und Fenster-\/T\u00fcrrahmen<\/li>\n<li>Au\u00dfenwand- und Boden-, Wand- und Dachanschlussfugen<\/li>\n<\/ul>\n\t\t\t\t\t\t\t\t\t\t<\/div>\n\n\t\t\t\t\t\t\t\t\t\t<div class=\"image_wrapper\">\n\t\t\t\t\t\t<img loading=\"lazy\" decoding=\"async\" src=\"https:\/\/penosil.com\/de\/wp-content\/uploads\/sites\/33\/2024\/05\/Heat-scanning-in-new-flat-2-scaled-1.jpg\" width=\"2560\" height=\"1918\" alt=\"\">\n\t\t\t\t\t<\/div>\n\t\t\t\t\t\t\t\t\t<\/div>\n\t\t\t<\/div>\n\t\t<\/div>\n\t<\/div>\n<\/div>   <\/section>\n\n<section class=\"pnsl-icon-hovers-block\" aria-label=\"Interactive Icon Navigation\">\n   <div class=\"container\">\n               <h2>Gehen Sie zum n\u00e4chsten Nachhaltigkeitsthema<\/h2>\n         <\/div>\n\n         <div class=\"container icons-container\">\n         <ul class=\"icons d-flex align-items-center justify-content-center justify-content-lg-between flex-wrap\" role=\"list\">\n                                          <li class=\"icon\">\n                  <a href=\"https:\/\/penosil.com\/de\/nachhaltigkeit\/haltbarkeit\/\"\n                     class=\"icon-link d-flex align-items-center justify-content-center\"\n                     style=\"--bg-color: #b7e4c7; --text-color: #ffffff\"\n                     >\n                     <span class=\"icon-image\" aria-hidden=\"true\">\n                        <img loading=\"lazy\" decoding=\"async\" src=\"https:\/\/penosil.com\/de\/wp-content\/uploads\/sites\/33\/2024\/05\/Icons.svg\" width=\"68\" height=\"67\" alt=\"\">\n                     <\/span>\n                     <span class=\"icon-label\">Haltbarkeit<\/span>\n                  <\/a>\n               <\/li>\n                                          <li class=\"icon\">\n                  <a href=\"https:\/\/penosil.com\/de\/nachhaltigkeit\/nachhaltige-komponenten\/\"\n                     class=\"icon-link d-flex align-items-center justify-content-center\"\n                     style=\"--bg-color: #52b788; --text-color: #fff\"\n                     >\n                     <span class=\"icon-image\" aria-hidden=\"true\">\n                        <img loading=\"lazy\" decoding=\"async\" src=\"https:\/\/penosil.com\/de\/wp-content\/uploads\/sites\/33\/2024\/05\/Group-409.svg\" width=\"72\" height=\"75\" alt=\"\">\n                     <\/span>\n                     <span class=\"icon-label\">Nachhaltige Komponenten<\/span>\n                  <\/a>\n               <\/li>\n                                          <li class=\"icon\">\n                  <a href=\"https:\/\/penosil.com\/de\/nachhaltigkeit\/erneuerbare-energie\/\"\n                     class=\"icon-link d-flex align-items-center justify-content-center\"\n                     style=\"--bg-color: #40916c; --text-color: #fff\"\n                     >\n                     <span class=\"icon-image\" aria-hidden=\"true\">\n                        <img loading=\"lazy\" decoding=\"async\" src=\"https:\/\/penosil.com\/de\/wp-content\/uploads\/sites\/33\/2024\/05\/48x48_Icons.svg\" width=\"76\" height=\"73\" alt=\"\">\n                     <\/span>\n                     <span class=\"icon-label\">Erneuerbare Energie<\/span>\n                  <\/a>\n               <\/li>\n                                          <li class=\"icon\">\n                  <a href=\"https:\/\/penosil.com\/de\/nachhaltigkeit\/innovation\/\"\n                     class=\"icon-link d-flex align-items-center justify-content-center\"\n                     style=\"--bg-color: #1b4332; --text-color: #fff\"\n                     >\n                     <span class=\"icon-image\" aria-hidden=\"true\">\n                        <img loading=\"lazy\" decoding=\"async\" src=\"https:\/\/penosil.com\/de\/wp-content\/uploads\/sites\/33\/2024\/05\/Group-410.svg\" width=\"88\" height=\"94\" alt=\"\">\n                     <\/span>\n                     <span class=\"icon-label\">Innovation<\/span>\n                  <\/a>\n               <\/li>\n                                          <li class=\"icon\">\n                  <a href=\"https:\/\/penosil.com\/de\/nachhaltigkeit\/sichereres-wohnumfeld\/\"\n                     class=\"icon-link d-flex align-items-center justify-content-center\"\n                     style=\"--bg-color: #426a5a; --text-color: #fff\"\n                     >\n                     <span class=\"icon-image\" aria-hidden=\"true\">\n                        <img loading=\"lazy\" decoding=\"async\" src=\"https:\/\/penosil.com\/de\/wp-content\/uploads\/sites\/33\/2024\/05\/Group-416.svg\" width=\"79\" height=\"90\" alt=\"\">\n                     <\/span>\n                     <span class=\"icon-label\">Sichereres Wohnumfeld<\/span>\n                  <\/a>\n               <\/li>\n                                          <li class=\"icon\">\n                  <a href=\"https:\/\/penosil.com\/de\/nachhaltigkeit\/abfallmanagement\/\"\n                     class=\"icon-link d-flex align-items-center justify-content-center\"\n                     style=\"--bg-color: #25a18e; --text-color: #fff\"\n                     >\n                     <span class=\"icon-image\" aria-hidden=\"true\">\n                        <img loading=\"lazy\" decoding=\"async\" src=\"https:\/\/penosil.com\/de\/wp-content\/uploads\/sites\/33\/2024\/05\/Group-415.svg\" width=\"82\" height=\"75\" alt=\"\">\n                     <\/span>\n                     <span class=\"icon-label\">Abfallmanagement<\/span>\n                  <\/a>\n               <\/li>\n                     <\/ul>\n      <\/div>\n   <\/section>","protected":false},"excerpt":{"rendered":"","protected":false},"author":105,"featured_media":0,"parent":29729,"menu_order":0,"comment_status":"closed","ping_status":"closed","template":"page-templates\/template-no-title.php","meta":{"_acf_changed":false,"advgb_blocks_editor_width":"","advgb_blocks_columns_visual_guide":"","footnotes":""},"class_list":["post-29738","page","type-page","status-publish","hentry"],"acf":[],"yoast_head":"<!-- This site is optimized with the Yoast SEO plugin v27.2 - https:\/\/yoast.com\/product\/yoast-seo-wordpress\/ -->\n<title>Unsichtbar, jedoch \u00fcberall - Penosil Deutschland<\/title>\n<meta name=\"description\" content=\"Geb\u00e4ude sind f\u00fcr \u00fcber 40% des weltweiten Energieverbrauchs und 33% der globalen CO2-Emissionen verantwortlich. Lesen Sie mehr!\" \/>\n<meta name=\"robots\" content=\"index, follow, max-snippet:-1, max-image-preview:large, max-video-preview:-1\" \/>\n<link rel=\"canonical\" href=\"https:\/\/penosil.com\/de\/nachhaltigkeit\/unsichtbar-jedoch-uberall\/\" \/>\n<meta property=\"og:locale\" content=\"de_DE\" \/>\n<meta property=\"og:type\" content=\"article\" \/>\n<meta property=\"og:title\" content=\"Unsichtbar, jedoch \u00fcberall - Penosil Deutschland\" \/>\n<meta property=\"og:description\" content=\"Geb\u00e4ude sind f\u00fcr \u00fcber 40% des weltweiten Energieverbrauchs und 33% der globalen CO2-Emissionen verantwortlich. Lesen Sie mehr!\" \/>\n<meta property=\"og:url\" content=\"https:\/\/penosil.com\/de\/nachhaltigkeit\/unsichtbar-jedoch-uberall\/\" \/>\n<meta property=\"og:site_name\" content=\"Penosil Germany\" \/>\n<meta property=\"article:modified_time\" content=\"2025-07-31T06:25:43+00:00\" \/>\n<meta name=\"twitter:card\" content=\"summary_large_image\" \/>\n<meta name=\"twitter:label1\" content=\"Gesch\u00e4tzte Lesezeit\" \/>\n\t<meta name=\"twitter:data1\" content=\"4\u00a0Minuten\" \/>\n<script type=\"application\/ld+json\" class=\"yoast-schema-graph\">{\"@context\":\"https:\/\/schema.org\",\"@graph\":[{\"@type\":\"WebPage\",\"@id\":\"https:\/\/penosil.com\/de\/nachhaltigkeit\/unsichtbar-jedoch-uberall\/\",\"url\":\"https:\/\/penosil.com\/de\/nachhaltigkeit\/unsichtbar-jedoch-uberall\/\",\"name\":\"Unsichtbar, jedoch \u00fcberall - Penosil Deutschland\",\"isPartOf\":{\"@id\":\"https:\/\/penosil.com\/de\/#website\"},\"datePublished\":\"2024-05-15T08:12:04+00:00\",\"dateModified\":\"2025-07-31T06:25:43+00:00\",\"description\":\"Geb\u00e4ude sind f\u00fcr \u00fcber 40% des weltweiten Energieverbrauchs und 33% der globalen CO2-Emissionen verantwortlich. Lesen Sie mehr!\",\"breadcrumb\":{\"@id\":\"https:\/\/penosil.com\/de\/nachhaltigkeit\/unsichtbar-jedoch-uberall\/#breadcrumb\"},\"inLanguage\":\"de\",\"potentialAction\":[{\"@type\":\"ReadAction\",\"target\":[\"https:\/\/penosil.com\/de\/nachhaltigkeit\/unsichtbar-jedoch-uberall\/\"]}]},{\"@type\":\"BreadcrumbList\",\"@id\":\"https:\/\/penosil.com\/de\/nachhaltigkeit\/unsichtbar-jedoch-uberall\/#breadcrumb\",\"itemListElement\":[{\"@type\":\"ListItem\",\"position\":1,\"name\":\"Starseite\",\"item\":\"https:\/\/penosil.com\/de\/\"},{\"@type\":\"ListItem\",\"position\":2,\"name\":\"Nachhaltigkeit\",\"item\":\"https:\/\/penosil.com\/de\/nachhaltigkeit\/\"},{\"@type\":\"ListItem\",\"position\":3,\"name\":\"Unsichtbar, jedoch \u00fcberall\"}]},{\"@type\":\"WebSite\",\"@id\":\"https:\/\/penosil.com\/de\/#website\",\"url\":\"https:\/\/penosil.com\/de\/\",\"name\":\"Penosil Germany\",\"description\":\"\",\"potentialAction\":[{\"@type\":\"SearchAction\",\"target\":{\"@type\":\"EntryPoint\",\"urlTemplate\":\"https:\/\/penosil.com\/de\/?s={search_term_string}\"},\"query-input\":{\"@type\":\"PropertyValueSpecification\",\"valueRequired\":true,\"valueName\":\"search_term_string\"}}],\"inLanguage\":\"de\"}]}<\/script>\n<!-- \/ Yoast SEO plugin. -->","yoast_head_json":{"title":"Unsichtbar, jedoch \u00fcberall - Penosil Deutschland","description":"Geb\u00e4ude sind f\u00fcr \u00fcber 40% des weltweiten Energieverbrauchs und 33% der globalen CO2-Emissionen verantwortlich. Lesen Sie mehr!","robots":{"index":"index","follow":"follow","max-snippet":"max-snippet:-1","max-image-preview":"max-image-preview:large","max-video-preview":"max-video-preview:-1"},"canonical":"https:\/\/penosil.com\/de\/nachhaltigkeit\/unsichtbar-jedoch-uberall\/","og_locale":"de_DE","og_type":"article","og_title":"Unsichtbar, jedoch \u00fcberall - Penosil Deutschland","og_description":"Geb\u00e4ude sind f\u00fcr \u00fcber 40% des weltweiten Energieverbrauchs und 33% der globalen CO2-Emissionen verantwortlich. Lesen Sie mehr!","og_url":"https:\/\/penosil.com\/de\/nachhaltigkeit\/unsichtbar-jedoch-uberall\/","og_site_name":"Penosil Germany","article_modified_time":"2025-07-31T06:25:43+00:00","twitter_card":"summary_large_image","twitter_misc":{"Gesch\u00e4tzte Lesezeit":"4\u00a0Minuten"},"schema":{"@context":"https:\/\/schema.org","@graph":[{"@type":"WebPage","@id":"https:\/\/penosil.com\/de\/nachhaltigkeit\/unsichtbar-jedoch-uberall\/","url":"https:\/\/penosil.com\/de\/nachhaltigkeit\/unsichtbar-jedoch-uberall\/","name":"Unsichtbar, jedoch \u00fcberall - Penosil Deutschland","isPartOf":{"@id":"https:\/\/penosil.com\/de\/#website"},"datePublished":"2024-05-15T08:12:04+00:00","dateModified":"2025-07-31T06:25:43+00:00","description":"Geb\u00e4ude sind f\u00fcr \u00fcber 40% des weltweiten Energieverbrauchs und 33% der globalen CO2-Emissionen verantwortlich. Lesen Sie mehr!","breadcrumb":{"@id":"https:\/\/penosil.com\/de\/nachhaltigkeit\/unsichtbar-jedoch-uberall\/#breadcrumb"},"inLanguage":"de","potentialAction":[{"@type":"ReadAction","target":["https:\/\/penosil.com\/de\/nachhaltigkeit\/unsichtbar-jedoch-uberall\/"]}]},{"@type":"BreadcrumbList","@id":"https:\/\/penosil.com\/de\/nachhaltigkeit\/unsichtbar-jedoch-uberall\/#breadcrumb","itemListElement":[{"@type":"ListItem","position":1,"name":"Starseite","item":"https:\/\/penosil.com\/de\/"},{"@type":"ListItem","position":2,"name":"Nachhaltigkeit","item":"https:\/\/penosil.com\/de\/nachhaltigkeit\/"},{"@type":"ListItem","position":3,"name":"Unsichtbar, jedoch \u00fcberall"}]},{"@type":"WebSite","@id":"https:\/\/penosil.com\/de\/#website","url":"https:\/\/penosil.com\/de\/","name":"Penosil Germany","description":"","potentialAction":[{"@type":"SearchAction","target":{"@type":"EntryPoint","urlTemplate":"https:\/\/penosil.com\/de\/?s={search_term_string}"},"query-input":{"@type":"PropertyValueSpecification","valueRequired":true,"valueName":"search_term_string"}}],"inLanguage":"de"}]}},"coauthors":[],"author_meta":{"author_link":"https:\/\/penosil.com\/de\/author\/kevinreaktiiv\/","display_name":"kevinreaktiiv"},"relative_dates":{"created":"Posted 2\u00a0Jahren ago","modified":"Updated 9\u00a0Monaten ago"},"absolute_dates":{"created":"Posted on 15. Mai 2024","modified":"Updated on 31. Juli 2025"},"absolute_dates_time":{"created":"Posted on 15. Mai 2024 8:12","modified":"Updated on 31. Juli 2025 6:25"},"featured_img_caption":"","featured_img":false,"series_order":"","_links":{"self":[{"href":"https:\/\/penosil.com\/de\/wp-json\/wp\/v2\/pages\/29738","targetHints":{"allow":["GET"]}}],"collection":[{"href":"https:\/\/penosil.com\/de\/wp-json\/wp\/v2\/pages"}],"about":[{"href":"https:\/\/penosil.com\/de\/wp-json\/wp\/v2\/types\/page"}],"author":[{"embeddable":true,"href":"https:\/\/penosil.com\/de\/wp-json\/wp\/v2\/users\/105"}],"replies":[{"embeddable":true,"href":"https:\/\/penosil.com\/de\/wp-json\/wp\/v2\/comments?post=29738"}],"version-history":[{"count":15,"href":"https:\/\/penosil.com\/de\/wp-json\/wp\/v2\/pages\/29738\/revisions"}],"predecessor-version":[{"id":31669,"href":"https:\/\/penosil.com\/de\/wp-json\/wp\/v2\/pages\/29738\/revisions\/31669"}],"up":[{"embeddable":true,"href":"https:\/\/penosil.com\/de\/wp-json\/wp\/v2\/pages\/29729"}],"wp:attachment":[{"href":"https:\/\/penosil.com\/de\/wp-json\/wp\/v2\/media?parent=29738"}],"curies":[{"name":"wp","href":"https:\/\/api.w.org\/{rel}","templated":true}]}}