{"id":29742,"date":"2024-05-15T08:13:32","date_gmt":"2024-05-15T08:13:32","guid":{"rendered":"https:\/\/penosil.com\/de\/?page_id=29742"},"modified":"2024-06-04T10:44:41","modified_gmt":"2024-06-04T10:44:41","slug":"haltbarkeit","status":"publish","type":"page","link":"https:\/\/penosil.com\/de\/nachhaltigkeit\/haltbarkeit\/","title":{"rendered":"Haltbarkeit"},"content":{"rendered":"<section class=\"pnsl-thin-banner-block\" style=\"background-color: #b7e4c7; color: #007f5f\" aria-label=\"Haltbarkeit\">\n   <div class=\"container d-flex flex-column flex-lg-row align-items-lg-center justify-content-between\">\n      <div class=\"text-wrap\">\n                     <h1>Haltbarkeit<\/h1>\n         \n                     <p>Die<strong> Langlebigkeit und Qualit\u00e4t<\/strong> unserer Produkte ist eine unserer obersten Priorit\u00e4ten.<\/p>\n               <\/div>\n\n               <div id=\"lottie-block_6394f7395301422922482a97c85a5e96\" class=\"lottie-animation\" data-path=\"https:\/\/penosil.com\/de\/wp-content\/themes\/penosil\/assets\/lottie\/durability.json\" data-speed=\"0.75\" role=\"img\" aria-label=\"Decorative animation\"><\/div>\n         <\/div>\n<\/section>\n\n<section class=\"pnsl-durability-block d-flex flex-column\" aria-label=\"Product Durability Information\">\n   <div class=\"container angles-container\">\n      <div class=\"angles d-flex flex-column flex-lg-row align-items-center align-items-lg-stretch\">\n                     <div class=\"red d-flex align-items-center justify-content-center\" role=\"complementary\" aria-label=\"Key Durability Highlight\">\n               <p>Was macht <strong>Penosil-Produkte<\/strong> langlebig?<\/p>\n            <\/div>\n         \n                     <div class=\"gray d-flex align-items-center justify-content-center\" role=\"complementary\" aria-label=\"Durability Details\">\n               <div class=\"gray-text\">\n                  <ul>\n<li>Wir arbeiten st\u00e4ndig daran, das Gleichgewicht zwischen der <strong>Lebensdauer eines Produkts<\/strong> und <strong>seiner Umweltbelastung zu optimieren<\/strong>.<\/li>\n<li>Beispielsweise kann ein Produkt mit einer h\u00f6heren Umweltbelastung eine <strong>l\u00e4ngere Lebensdauer<\/strong> haben und daher nachhaltiger sein.<\/li>\n<\/ul>\n               <\/div>\n            <\/div>\n               <\/div>\n   <\/div>\n\n         <div class=\"container text-container\">\n         <div class=\"regular-text\" role=\"region\" aria-label=\"Additional Durability Information\">\n            <h3><span style=\"color: #e30000;\">PU- Sch\u00e4ume<\/span><\/h3>\n<p>Wenn PU-Schaum<strong> richtig und unter den richtigen Bedingungen angewendet wird,<\/strong> kann er seine D\u00e4mmeigenschaften viele Jahre lang beibehalten.<\/p>\n<p>Die gr\u00f6\u00dfte Gefahr f\u00fcr die Haltbarkeit von PU-Schaum ist die <strong>UV-Strahlung<\/strong>. Um die Langlebigkeit von PU-Schaum zu gew\u00e4hrleisten, empfehlen wir immer, den ausgeh\u00e4rteten PU-Schaum mit einem undurchsichtigen Material wie Farbe, Gips usw. <strong>abzudecken<\/strong>. Andernfalls kann die UV-Strahlung die Struktur des Schaums besch\u00e4digen, so dass er seine D\u00e4mmeigenschaften verliert.<\/p>\n<h3><span style=\"color: #e30000;\">Dichtstoffe<\/span><\/h3>\n<p>Ebenso wie die Struktur von PU-Schaum durch UV-Strahlen beeintr\u00e4chtigt wird, reagieren Dichtstoffe empfindlich auf ein<strong> hohes Ma\u00df an Feuchtigkeit<\/strong>. Obwohl wir Dichtstoffe mit zugesetzten Fungiziden in unserer Produktpalette haben, kann selbst der wirksamste schimmelresistente Dichtstoff in einem schlecht bel\u00fcfteten Bereich mit der Zeit Schimmelwachstum entwickeln.<\/p>\n<p><strong>Um sicherzustellen, dass Ihre versiegelten Oberfl\u00e4chen lange halten<\/strong>, ist es wichtig,:<\/p>\n<ul>\n<li>die richtigen Dichtstoffe f\u00fcr die jeweilige Aufgabe auszuw\u00e4hlen (schimmelbest\u00e4ndig, elastisch, \u00fcberstreichbar, usw.)<\/li>\n<li>die Verarbeitungshinweise genau zu befolgen<\/li>\n<li>Minimieren Sie potenziell sch\u00e4dliche Bedingungen wie mangelnde Bel\u00fcftung und konstant hohe Luftfeuchtigkeit<\/li>\n<\/ul>\n         <\/div>\n      <\/div>\n   \n         <div class=\"container text-container\">\n         <div class=\"text-between-lines\" role=\"region\" aria-label=\"Highlighted Durability Statement\">\n            <p>Richtig isolierte und abgedichtete Bauwerke haben \u00fcber viele Jahre hinweg <strong>geringere Renovierungs-, Heiz- und K\u00fchlkosten<\/strong>.<\/p>\n         <\/div>\n      <\/div>\n   <\/section>\n\n<section class=\"pnsl-icon-hovers-block\" aria-label=\"Interactive Icon Navigation\">\n   <div class=\"container\">\n               <h2>Gehen Sie zum n\u00e4chsten Nachhaltigkeitsthema<\/h2>\n         <\/div>\n\n         <div class=\"container icons-container\">\n         <ul class=\"icons d-flex align-items-center justify-content-center justify-content-lg-between flex-wrap\" role=\"list\">\n                                          <li class=\"icon\">\n                  <a href=\"https:\/\/penosil.com\/de\/nachhaltigkeit\/nachhaltige-komponenten\/\"\n                     class=\"icon-link d-flex align-items-center justify-content-center\"\n                     style=\"--bg-color: #52b788; --text-color: #fff\"\n                     >\n                     <span class=\"icon-image\" aria-hidden=\"true\">\n                        <img loading=\"lazy\" decoding=\"async\" src=\"https:\/\/penosil.com\/de\/wp-content\/uploads\/sites\/33\/2024\/05\/Group-409.svg\" width=\"72\" height=\"75\" alt=\"\">\n                     <\/span>\n                     <span class=\"icon-label\">Sustainable Components<\/span>\n                  <\/a>\n               <\/li>\n                                          <li class=\"icon\">\n                  <a href=\"https:\/\/penosil.com\/de\/nachhaltigkeit\/erneuerbare-energie\/\"\n                     class=\"icon-link d-flex align-items-center justify-content-center\"\n                     style=\"--bg-color: #40916c; --text-color: #fff\"\n                     >\n                     <span class=\"icon-image\" aria-hidden=\"true\">\n                        <img loading=\"lazy\" decoding=\"async\" src=\"https:\/\/penosil.com\/de\/wp-content\/uploads\/sites\/33\/2024\/05\/48x48_Icons.svg\" width=\"76\" height=\"73\" alt=\"\">\n                     <\/span>\n                     <span class=\"icon-label\">Renewable Energy<\/span>\n                  <\/a>\n               <\/li>\n                                          <li class=\"icon\">\n                  <a href=\"https:\/\/penosil.com\/de\/nachhaltigkeit\/innovation\/\"\n                     class=\"icon-link d-flex align-items-center justify-content-center\"\n                     style=\"--bg-color: #1b4332; --text-color: #fff\"\n                     >\n                     <span class=\"icon-image\" aria-hidden=\"true\">\n                        <img loading=\"lazy\" decoding=\"async\" src=\"https:\/\/penosil.com\/de\/wp-content\/uploads\/sites\/33\/2024\/05\/Group-410.svg\" width=\"88\" height=\"94\" alt=\"\">\n                     <\/span>\n                     <span class=\"icon-label\">Innovation<\/span>\n                  <\/a>\n               <\/li>\n                                          <li class=\"icon\">\n                  <a href=\"https:\/\/penosil.com\/de\/nachhaltigkeit\/sichereres-wohnumfeld\/\"\n                     class=\"icon-link d-flex align-items-center justify-content-center\"\n                     style=\"--bg-color: #426a5a; --text-color: #fff\"\n                     >\n                     <span class=\"icon-image\" aria-hidden=\"true\">\n                        <img loading=\"lazy\" decoding=\"async\" src=\"https:\/\/penosil.com\/de\/wp-content\/uploads\/sites\/33\/2024\/05\/Group-416.svg\" width=\"79\" height=\"90\" alt=\"\">\n                     <\/span>\n                     <span class=\"icon-label\">Safer Living Environment<\/span>\n                  <\/a>\n               <\/li>\n                                          <li class=\"icon\">\n                  <a href=\"https:\/\/penosil.com\/de\/nachhaltigkeit\/abfallmanagement\/\"\n                     class=\"icon-link d-flex align-items-center justify-content-center\"\n                     style=\"--bg-color: #25a18e; --text-color: #fff\"\n                     >\n                     <span class=\"icon-image\" aria-hidden=\"true\">\n                        <img loading=\"lazy\" decoding=\"async\" src=\"https:\/\/penosil.com\/de\/wp-content\/uploads\/sites\/33\/2024\/05\/Group-415.svg\" width=\"82\" height=\"75\" alt=\"\">\n                     <\/span>\n                     <span class=\"icon-label\">Waste Management<\/span>\n                  <\/a>\n               <\/li>\n                                          <li class=\"icon\">\n                  <a href=\"https:\/\/penosil.com\/de\/nachhaltigkeit\/unsichtbar-jedoch-uberall\/\"\n                     class=\"icon-link d-flex align-items-center justify-content-center\"\n                     style=\"--bg-color: #007F5F; --text-color: #fff\"\n                     >\n                     <span class=\"icon-image\" aria-hidden=\"true\">\n                        <img loading=\"lazy\" decoding=\"async\" src=\"https:\/\/penosil.com\/de\/wp-content\/uploads\/sites\/33\/2024\/05\/Group-393.svg\" width=\"87\" height=\"79\" alt=\"\">\n                     <\/span>\n                     <span class=\"icon-label\">Invisible but everywhere<\/span>\n                  <\/a>\n               <\/li>\n                     <\/ul>\n      <\/div>\n   <\/section>","protected":false},"excerpt":{"rendered":"","protected":false},"author":105,"featured_media":0,"parent":29729,"menu_order":0,"comment_status":"closed","ping_status":"closed","template":"page-templates\/template-no-title.php","meta":{"_acf_changed":false,"advgb_blocks_editor_width":"","advgb_blocks_columns_visual_guide":"","footnotes":""},"class_list":["post-29742","page","type-page","status-publish","hentry"],"acf":[],"yoast_head":"<!-- This site is optimized with the Yoast SEO plugin v27.2 - https:\/\/yoast.com\/product\/yoast-seo-wordpress\/ -->\n<title>Haltbarkeit - Penosil Germany<\/title>\n<meta name=\"robots\" content=\"index, follow, max-snippet:-1, max-image-preview:large, max-video-preview:-1\" \/>\n<link rel=\"canonical\" href=\"https:\/\/penosil.com\/de\/nachhaltigkeit\/haltbarkeit\/\" \/>\n<meta property=\"og:locale\" content=\"de_DE\" \/>\n<meta property=\"og:type\" content=\"article\" \/>\n<meta property=\"og:title\" content=\"Haltbarkeit - Penosil Germany\" \/>\n<meta property=\"og:url\" content=\"https:\/\/penosil.com\/de\/nachhaltigkeit\/haltbarkeit\/\" \/>\n<meta property=\"og:site_name\" content=\"Penosil Germany\" \/>\n<meta property=\"article:modified_time\" content=\"2024-06-04T10:44:41+00:00\" \/>\n<meta name=\"twitter:card\" content=\"summary_large_image\" \/>\n<script type=\"application\/ld+json\" class=\"yoast-schema-graph\">{\"@context\":\"https:\/\/schema.org\",\"@graph\":[{\"@type\":\"WebPage\",\"@id\":\"https:\/\/penosil.com\/de\/nachhaltigkeit\/haltbarkeit\/\",\"url\":\"https:\/\/penosil.com\/de\/nachhaltigkeit\/haltbarkeit\/\",\"name\":\"Haltbarkeit - Penosil Germany\",\"isPartOf\":{\"@id\":\"https:\/\/penosil.com\/de\/#website\"},\"datePublished\":\"2024-05-15T08:13:32+00:00\",\"dateModified\":\"2024-06-04T10:44:41+00:00\",\"breadcrumb\":{\"@id\":\"https:\/\/penosil.com\/de\/nachhaltigkeit\/haltbarkeit\/#breadcrumb\"},\"inLanguage\":\"de\",\"potentialAction\":[{\"@type\":\"ReadAction\",\"target\":[\"https:\/\/penosil.com\/de\/nachhaltigkeit\/haltbarkeit\/\"]}]},{\"@type\":\"BreadcrumbList\",\"@id\":\"https:\/\/penosil.com\/de\/nachhaltigkeit\/haltbarkeit\/#breadcrumb\",\"itemListElement\":[{\"@type\":\"ListItem\",\"position\":1,\"name\":\"Starseite\",\"item\":\"https:\/\/penosil.com\/de\/\"},{\"@type\":\"ListItem\",\"position\":2,\"name\":\"Nachhaltigkeit\",\"item\":\"https:\/\/penosil.com\/de\/nachhaltigkeit\/\"},{\"@type\":\"ListItem\",\"position\":3,\"name\":\"Haltbarkeit\"}]},{\"@type\":\"WebSite\",\"@id\":\"https:\/\/penosil.com\/de\/#website\",\"url\":\"https:\/\/penosil.com\/de\/\",\"name\":\"Penosil Germany\",\"description\":\"\",\"potentialAction\":[{\"@type\":\"SearchAction\",\"target\":{\"@type\":\"EntryPoint\",\"urlTemplate\":\"https:\/\/penosil.com\/de\/?s={search_term_string}\"},\"query-input\":{\"@type\":\"PropertyValueSpecification\",\"valueRequired\":true,\"valueName\":\"search_term_string\"}}],\"inLanguage\":\"de\"}]}<\/script>\n<!-- \/ Yoast SEO plugin. -->","yoast_head_json":{"title":"Haltbarkeit - Penosil Germany","robots":{"index":"index","follow":"follow","max-snippet":"max-snippet:-1","max-image-preview":"max-image-preview:large","max-video-preview":"max-video-preview:-1"},"canonical":"https:\/\/penosil.com\/de\/nachhaltigkeit\/haltbarkeit\/","og_locale":"de_DE","og_type":"article","og_title":"Haltbarkeit - Penosil Germany","og_url":"https:\/\/penosil.com\/de\/nachhaltigkeit\/haltbarkeit\/","og_site_name":"Penosil Germany","article_modified_time":"2024-06-04T10:44:41+00:00","twitter_card":"summary_large_image","schema":{"@context":"https:\/\/schema.org","@graph":[{"@type":"WebPage","@id":"https:\/\/penosil.com\/de\/nachhaltigkeit\/haltbarkeit\/","url":"https:\/\/penosil.com\/de\/nachhaltigkeit\/haltbarkeit\/","name":"Haltbarkeit - Penosil Germany","isPartOf":{"@id":"https:\/\/penosil.com\/de\/#website"},"datePublished":"2024-05-15T08:13:32+00:00","dateModified":"2024-06-04T10:44:41+00:00","breadcrumb":{"@id":"https:\/\/penosil.com\/de\/nachhaltigkeit\/haltbarkeit\/#breadcrumb"},"inLanguage":"de","potentialAction":[{"@type":"ReadAction","target":["https:\/\/penosil.com\/de\/nachhaltigkeit\/haltbarkeit\/"]}]},{"@type":"BreadcrumbList","@id":"https:\/\/penosil.com\/de\/nachhaltigkeit\/haltbarkeit\/#breadcrumb","itemListElement":[{"@type":"ListItem","position":1,"name":"Starseite","item":"https:\/\/penosil.com\/de\/"},{"@type":"ListItem","position":2,"name":"Nachhaltigkeit","item":"https:\/\/penosil.com\/de\/nachhaltigkeit\/"},{"@type":"ListItem","position":3,"name":"Haltbarkeit"}]},{"@type":"WebSite","@id":"https:\/\/penosil.com\/de\/#website","url":"https:\/\/penosil.com\/de\/","name":"Penosil Germany","description":"","potentialAction":[{"@type":"SearchAction","target":{"@type":"EntryPoint","urlTemplate":"https:\/\/penosil.com\/de\/?s={search_term_string}"},"query-input":{"@type":"PropertyValueSpecification","valueRequired":true,"valueName":"search_term_string"}}],"inLanguage":"de"}]}},"coauthors":[],"author_meta":{"author_link":"https:\/\/penosil.com\/de\/author\/kevinreaktiiv\/","display_name":"kevinreaktiiv"},"relative_dates":{"created":"Posted 2\u00a0Jahren ago","modified":"Updated 2\u00a0Jahren ago"},"absolute_dates":{"created":"Posted on 15. Mai 2024","modified":"Updated on 4. Juni 2024"},"absolute_dates_time":{"created":"Posted on 15. Mai 2024 8:13","modified":"Updated on 4. Juni 2024 10:44"},"featured_img_caption":"","featured_img":false,"series_order":"","_links":{"self":[{"href":"https:\/\/penosil.com\/de\/wp-json\/wp\/v2\/pages\/29742","targetHints":{"allow":["GET"]}}],"collection":[{"href":"https:\/\/penosil.com\/de\/wp-json\/wp\/v2\/pages"}],"about":[{"href":"https:\/\/penosil.com\/de\/wp-json\/wp\/v2\/types\/page"}],"author":[{"embeddable":true,"href":"https:\/\/penosil.com\/de\/wp-json\/wp\/v2\/users\/105"}],"replies":[{"embeddable":true,"href":"https:\/\/penosil.com\/de\/wp-json\/wp\/v2\/comments?post=29742"}],"version-history":[{"count":7,"href":"https:\/\/penosil.com\/de\/wp-json\/wp\/v2\/pages\/29742\/revisions"}],"predecessor-version":[{"id":29894,"href":"https:\/\/penosil.com\/de\/wp-json\/wp\/v2\/pages\/29742\/revisions\/29894"}],"up":[{"embeddable":true,"href":"https:\/\/penosil.com\/de\/wp-json\/wp\/v2\/pages\/29729"}],"wp:attachment":[{"href":"https:\/\/penosil.com\/de\/wp-json\/wp\/v2\/media?parent=29742"}],"curies":[{"name":"wp","href":"https:\/\/api.w.org\/{rel}","templated":true}]}}