{"id":29748,"date":"2024-05-15T08:15:37","date_gmt":"2024-05-15T08:15:37","guid":{"rendered":"https:\/\/penosil.com\/de\/?page_id=29748"},"modified":"2025-07-31T06:18:25","modified_gmt":"2025-07-31T06:18:25","slug":"erneuerbare-energie","status":"publish","type":"page","link":"https:\/\/penosil.com\/de\/nachhaltigkeit\/erneuerbare-energie\/","title":{"rendered":"Erneuerbare Energie"},"content":{"rendered":"<section class=\"pnsl-thin-banner-block\" style=\"background-color: #40916c; color: #ffffff\" aria-label=\"Erneuerbare Energie\">\n   <div class=\"container d-flex flex-column flex-lg-row align-items-lg-center justify-content-between\">\n      <div class=\"text-wrap\">\n                     <h1>Erneuerbare Energie<\/h1>\n         \n                     <p>Unser Ziel ist die Umstellung auf <strong>100%<\/strong> gr\u00fcne Energie bis <strong>2030<\/strong>.<\/p>\n               <\/div>\n\n               <div id=\"lottie-block_6de60a5f641efcdcdebc4e50b6ff5a00\" class=\"lottie-animation\" data-path=\"https:\/\/penosil.com\/de\/wp-content\/themes\/penosil\/assets\/lottie\/renewable.json\" data-speed=\"0.75\" role=\"img\" aria-label=\"Decorative animation\"><\/div>\n         <\/div>\n<\/section>\n\n<section class=\"pnsl-renewable-energy-block d-flex flex-column\" aria-label=\"Renewable Energy Information\">\n         <div class=\"text-container container\">\n         <div class=\"lines-text d-flex flex-column flex-lg-row align-items-center\" role=\"region\" aria-label=\"Key Energy Message\">\n                           <img loading=\"lazy\" decoding=\"async\" src=\"https:\/\/penosil.com\/de\/wp-content\/uploads\/sites\/33\/2024\/05\/GreenElectricity_green-1.svg\" width=\"80\" height=\"80\" alt=\"\" role=\"img\">\n            \n            <p>Heute wird bei Penosil zu <strong>100%<\/strong> mit Strom aus erneuerbaren Energien produziert.<\/p>\n         <\/div>\n      <\/div>\n   \n   <div class=\"container angles-container\">\n      <div class=\"angles d-flex flex-column flex-lg-row align-items-center align-items-lg-stretch\">\n         <div class=\"red d-flex align-items-center justify-content-center\" role=\"complementary\" aria-label=\"Wind Energy Animation\">\n            <div id=\"lottie-block_f3fe509f1bc611e30952c2a70f4385aa\"\n               class=\"lottie-animation\"\n               data-path=\"https:\/\/penosil.com\/de\/wp-content\/themes\/penosil\/assets\/lottie\/windturbine.json\"\n               data-speed=\"0.75\"\n               role=\"img\"\n               aria-label=\"Animated wind turbine illustration\"><\/div>\n         <\/div>\n\n                     <div class=\"gray d-flex align-items-center justify-content-center\" role=\"complementary\" aria-label=\"Renewable Energy Details\">\n               <div class=\"gray-text\">\n                  <ul>\n<li>Strom macht <strong>70-75%<\/strong> unseres Energieverbrauchs aus.<\/li>\n<li>In unseren Fabriken und B\u00fcros in Tallinn und Barcelona nutzen wir zu <strong>100% \u00d6kostrom<\/strong>, der aus <strong>Sonnen- und Windenergie<\/strong> gewonnen wird.<\/li>\n<\/ul>\n               <\/div>\n            <\/div>\n               <\/div>\n   <\/div>\n\n         <div class=\"text-container container\">\n         <div class=\"last-text\" role=\"region\" aria-label=\"Additional Energy Information\">\n            <ul>\n<li>Da Strom den gr\u00f6\u00dften Teil unseres Energieverbrauchs ausmacht, haben wir zwischen 2018 und 2019 unsere gesamte Beleuchtung durch LED-Gl\u00fchbirnen ersetzt, was unseren Stromverbrauch um <strong>18%<\/strong> reduziert hat.<\/li>\n<li>Gas macht etwa <strong>25-30%<\/strong> unseres Energieverbrauchs aus. Unser Ziel ist es, <strong>bis 2030 auf gr\u00fcnes Gas umzusteigen<\/strong>.<\/li>\n<li>Wir haben auch einen wichtigen Schritt in Richtung Energieeffizienz getan, als wir vor etwa f\u00fcnf Jahren die Heizungsanlagen in unseren Einrichtungen in Tallinn modernisiert haben, was zu einer bemerkenswerten <strong>Reduzierung unserer CO<sub>2<\/sub>-Emissionen um 40% f\u00fchrte<\/strong>.<\/li>\n<\/ul>\n<p><iframe loading=\"lazy\" title=\"YouTube video player\" src=\"https:\/\/www.youtube.com\/embed\/551xK9CeoOM?si=YBrasX4r9r7JbTsH\" width=\"560\" height=\"315\" frameborder=\"0\" allowfullscreen=\"allowfullscreen\"><\/iframe><\/p>\n         <\/div>\n      <\/div>\n   <\/section>\n\n<section class=\"pnsl-icon-hovers-block\" aria-label=\"Interactive Icon Navigation\">\n   <div class=\"container\">\n               <h2>Gehen Sie zum n\u00e4chsten Nachhaltigkeitsthema<\/h2>\n         <\/div>\n\n         <div class=\"container icons-container\">\n         <ul class=\"icons d-flex align-items-center justify-content-center justify-content-lg-between flex-wrap\" role=\"list\">\n                                          <li class=\"icon\">\n                  <a href=\"https:\/\/penosil.com\/de\/nachhaltigkeit\/haltbarkeit\/\"\n                     class=\"icon-link d-flex align-items-center justify-content-center\"\n                     style=\"--bg-color: #b7e4c7; --text-color: #ffffff\"\n                     >\n                     <span class=\"icon-image\" aria-hidden=\"true\">\n                        <img loading=\"lazy\" decoding=\"async\" src=\"https:\/\/penosil.com\/de\/wp-content\/uploads\/sites\/33\/2024\/05\/Icons.svg\" width=\"68\" height=\"67\" alt=\"\">\n                     <\/span>\n                     <span class=\"icon-label\">Haltbarkeit<\/span>\n                  <\/a>\n               <\/li>\n                                          <li class=\"icon\">\n                  <a href=\"https:\/\/penosil.com\/de\/nachhaltigkeit\/nachhaltige-komponenten\/\"\n                     class=\"icon-link d-flex align-items-center justify-content-center\"\n                     style=\"--bg-color: #52b788; --text-color: #fff\"\n                     >\n                     <span class=\"icon-image\" aria-hidden=\"true\">\n                        <img loading=\"lazy\" decoding=\"async\" src=\"https:\/\/penosil.com\/de\/wp-content\/uploads\/sites\/33\/2024\/05\/Group-409.svg\" width=\"72\" height=\"75\" alt=\"\">\n                     <\/span>\n                     <span class=\"icon-label\">Nachhaltige Komponenten<\/span>\n                  <\/a>\n               <\/li>\n                                          <li class=\"icon\">\n                  <a href=\"https:\/\/penosil.com\/de\/nachhaltigkeit\/innovation\/\"\n                     class=\"icon-link d-flex align-items-center justify-content-center\"\n                     style=\"--bg-color: #1b4332; --text-color: #fff\"\n                     >\n                     <span class=\"icon-image\" aria-hidden=\"true\">\n                        <img loading=\"lazy\" decoding=\"async\" src=\"https:\/\/penosil.com\/de\/wp-content\/uploads\/sites\/33\/2024\/05\/Group-410.svg\" width=\"88\" height=\"94\" alt=\"\">\n                     <\/span>\n                     <span class=\"icon-label\">Innovation<\/span>\n                  <\/a>\n               <\/li>\n                                          <li class=\"icon\">\n                  <a href=\"https:\/\/penosil.com\/de\/nachhaltigkeit\/sichereres-wohnumfeld\/\"\n                     class=\"icon-link d-flex align-items-center justify-content-center\"\n                     style=\"--bg-color: #426a5a; --text-color: #fff\"\n                     >\n                     <span class=\"icon-image\" aria-hidden=\"true\">\n                        <img loading=\"lazy\" decoding=\"async\" src=\"https:\/\/penosil.com\/de\/wp-content\/uploads\/sites\/33\/2024\/05\/Group-416.svg\" width=\"79\" height=\"90\" alt=\"\">\n                     <\/span>\n                     <span class=\"icon-label\">Sichereres Wohnumfeld<\/span>\n                  <\/a>\n               <\/li>\n                                          <li class=\"icon\">\n                  <a href=\"https:\/\/penosil.com\/de\/nachhaltigkeit\/abfallmanagement\/\"\n                     class=\"icon-link d-flex align-items-center justify-content-center\"\n                     style=\"--bg-color: #25a18e; --text-color: #fff\"\n                     >\n                     <span class=\"icon-image\" aria-hidden=\"true\">\n                        <img loading=\"lazy\" decoding=\"async\" src=\"https:\/\/penosil.com\/de\/wp-content\/uploads\/sites\/33\/2024\/05\/Group-415.svg\" width=\"82\" height=\"75\" alt=\"\">\n                     <\/span>\n                     <span class=\"icon-label\">Abfallmanagement<\/span>\n                  <\/a>\n               <\/li>\n                                          <li class=\"icon\">\n                  <a href=\"https:\/\/penosil.com\/de\/nachhaltigkeit\/unsichtbar-jedoch-uberall\/\"\n                     class=\"icon-link d-flex align-items-center justify-content-center\"\n                     style=\"--bg-color: #007F5F; --text-color: #fff\"\n                     >\n                     <span class=\"icon-image\" aria-hidden=\"true\">\n                        <img loading=\"lazy\" decoding=\"async\" src=\"https:\/\/penosil.com\/de\/wp-content\/uploads\/sites\/33\/2024\/05\/Group-393.svg\" width=\"87\" height=\"79\" alt=\"\">\n                     <\/span>\n                     <span class=\"icon-label\">Unsichtbar, jedoch \u00fcberall<\/span>\n                  <\/a>\n               <\/li>\n                     <\/ul>\n      <\/div>\n   <\/section>","protected":false},"excerpt":{"rendered":"","protected":false},"author":105,"featured_media":0,"parent":29729,"menu_order":0,"comment_status":"closed","ping_status":"closed","template":"page-templates\/template-no-title.php","meta":{"_acf_changed":false,"advgb_blocks_editor_width":"","advgb_blocks_columns_visual_guide":"","footnotes":""},"class_list":["post-29748","page","type-page","status-publish","hentry"],"acf":[],"yoast_head":"<!-- This site is optimized with the Yoast SEO plugin v27.2 - https:\/\/yoast.com\/product\/yoast-seo-wordpress\/ -->\n<title>Erneuerbare Energie - Penosil Deutschland<\/title>\n<meta name=\"description\" content=\"Heute wird bei Penosil zu 100% mit Strom aus erneuerbaren Energien produziert. Lesen Sie mehr!\" \/>\n<meta name=\"robots\" content=\"index, follow, max-snippet:-1, max-image-preview:large, max-video-preview:-1\" \/>\n<link rel=\"canonical\" href=\"https:\/\/penosil.com\/de\/nachhaltigkeit\/erneuerbare-energie\/\" \/>\n<meta property=\"og:locale\" content=\"de_DE\" \/>\n<meta property=\"og:type\" content=\"article\" \/>\n<meta property=\"og:title\" content=\"Erneuerbare Energie - Penosil Deutschland\" \/>\n<meta property=\"og:description\" content=\"Heute wird bei Penosil zu 100% mit Strom aus erneuerbaren Energien produziert. Lesen Sie mehr!\" \/>\n<meta property=\"og:url\" content=\"https:\/\/penosil.com\/de\/nachhaltigkeit\/erneuerbare-energie\/\" \/>\n<meta property=\"og:site_name\" content=\"Penosil Germany\" \/>\n<meta property=\"article:modified_time\" content=\"2025-07-31T06:18:25+00:00\" \/>\n<meta name=\"twitter:card\" content=\"summary_large_image\" \/>\n<meta name=\"twitter:label1\" content=\"Gesch\u00e4tzte Lesezeit\" \/>\n\t<meta name=\"twitter:data1\" content=\"3\u00a0Minuten\" \/>\n<script type=\"application\/ld+json\" class=\"yoast-schema-graph\">{\"@context\":\"https:\/\/schema.org\",\"@graph\":[{\"@type\":\"WebPage\",\"@id\":\"https:\/\/penosil.com\/de\/nachhaltigkeit\/erneuerbare-energie\/\",\"url\":\"https:\/\/penosil.com\/de\/nachhaltigkeit\/erneuerbare-energie\/\",\"name\":\"Erneuerbare Energie - Penosil Deutschland\",\"isPartOf\":{\"@id\":\"https:\/\/penosil.com\/de\/#website\"},\"datePublished\":\"2024-05-15T08:15:37+00:00\",\"dateModified\":\"2025-07-31T06:18:25+00:00\",\"description\":\"Heute wird bei Penosil zu 100% mit Strom aus erneuerbaren Energien produziert. Lesen Sie mehr!\",\"breadcrumb\":{\"@id\":\"https:\/\/penosil.com\/de\/nachhaltigkeit\/erneuerbare-energie\/#breadcrumb\"},\"inLanguage\":\"de\",\"potentialAction\":[{\"@type\":\"ReadAction\",\"target\":[\"https:\/\/penosil.com\/de\/nachhaltigkeit\/erneuerbare-energie\/\"]}]},{\"@type\":\"BreadcrumbList\",\"@id\":\"https:\/\/penosil.com\/de\/nachhaltigkeit\/erneuerbare-energie\/#breadcrumb\",\"itemListElement\":[{\"@type\":\"ListItem\",\"position\":1,\"name\":\"Starseite\",\"item\":\"https:\/\/penosil.com\/de\/\"},{\"@type\":\"ListItem\",\"position\":2,\"name\":\"Nachhaltigkeit\",\"item\":\"https:\/\/penosil.com\/de\/nachhaltigkeit\/\"},{\"@type\":\"ListItem\",\"position\":3,\"name\":\"Erneuerbare Energie\"}]},{\"@type\":\"WebSite\",\"@id\":\"https:\/\/penosil.com\/de\/#website\",\"url\":\"https:\/\/penosil.com\/de\/\",\"name\":\"Penosil Germany\",\"description\":\"\",\"potentialAction\":[{\"@type\":\"SearchAction\",\"target\":{\"@type\":\"EntryPoint\",\"urlTemplate\":\"https:\/\/penosil.com\/de\/?s={search_term_string}\"},\"query-input\":{\"@type\":\"PropertyValueSpecification\",\"valueRequired\":true,\"valueName\":\"search_term_string\"}}],\"inLanguage\":\"de\"}]}<\/script>\n<!-- \/ Yoast SEO plugin. -->","yoast_head_json":{"title":"Erneuerbare Energie - Penosil Deutschland","description":"Heute wird bei Penosil zu 100% mit Strom aus erneuerbaren Energien produziert. Lesen Sie mehr!","robots":{"index":"index","follow":"follow","max-snippet":"max-snippet:-1","max-image-preview":"max-image-preview:large","max-video-preview":"max-video-preview:-1"},"canonical":"https:\/\/penosil.com\/de\/nachhaltigkeit\/erneuerbare-energie\/","og_locale":"de_DE","og_type":"article","og_title":"Erneuerbare Energie - Penosil Deutschland","og_description":"Heute wird bei Penosil zu 100% mit Strom aus erneuerbaren Energien produziert. Lesen Sie mehr!","og_url":"https:\/\/penosil.com\/de\/nachhaltigkeit\/erneuerbare-energie\/","og_site_name":"Penosil Germany","article_modified_time":"2025-07-31T06:18:25+00:00","twitter_card":"summary_large_image","twitter_misc":{"Gesch\u00e4tzte Lesezeit":"3\u00a0Minuten"},"schema":{"@context":"https:\/\/schema.org","@graph":[{"@type":"WebPage","@id":"https:\/\/penosil.com\/de\/nachhaltigkeit\/erneuerbare-energie\/","url":"https:\/\/penosil.com\/de\/nachhaltigkeit\/erneuerbare-energie\/","name":"Erneuerbare Energie - Penosil Deutschland","isPartOf":{"@id":"https:\/\/penosil.com\/de\/#website"},"datePublished":"2024-05-15T08:15:37+00:00","dateModified":"2025-07-31T06:18:25+00:00","description":"Heute wird bei Penosil zu 100% mit Strom aus erneuerbaren Energien produziert. Lesen Sie mehr!","breadcrumb":{"@id":"https:\/\/penosil.com\/de\/nachhaltigkeit\/erneuerbare-energie\/#breadcrumb"},"inLanguage":"de","potentialAction":[{"@type":"ReadAction","target":["https:\/\/penosil.com\/de\/nachhaltigkeit\/erneuerbare-energie\/"]}]},{"@type":"BreadcrumbList","@id":"https:\/\/penosil.com\/de\/nachhaltigkeit\/erneuerbare-energie\/#breadcrumb","itemListElement":[{"@type":"ListItem","position":1,"name":"Starseite","item":"https:\/\/penosil.com\/de\/"},{"@type":"ListItem","position":2,"name":"Nachhaltigkeit","item":"https:\/\/penosil.com\/de\/nachhaltigkeit\/"},{"@type":"ListItem","position":3,"name":"Erneuerbare Energie"}]},{"@type":"WebSite","@id":"https:\/\/penosil.com\/de\/#website","url":"https:\/\/penosil.com\/de\/","name":"Penosil Germany","description":"","potentialAction":[{"@type":"SearchAction","target":{"@type":"EntryPoint","urlTemplate":"https:\/\/penosil.com\/de\/?s={search_term_string}"},"query-input":{"@type":"PropertyValueSpecification","valueRequired":true,"valueName":"search_term_string"}}],"inLanguage":"de"}]}},"coauthors":[],"author_meta":{"author_link":"https:\/\/penosil.com\/de\/author\/kevinreaktiiv\/","display_name":"kevinreaktiiv"},"relative_dates":{"created":"Posted 2\u00a0Jahren ago","modified":"Updated 8\u00a0Monaten ago"},"absolute_dates":{"created":"Posted on 15. Mai 2024","modified":"Updated on 31. Juli 2025"},"absolute_dates_time":{"created":"Posted on 15. Mai 2024 8:15","modified":"Updated on 31. Juli 2025 6:18"},"featured_img_caption":"","featured_img":false,"series_order":"","_links":{"self":[{"href":"https:\/\/penosil.com\/de\/wp-json\/wp\/v2\/pages\/29748","targetHints":{"allow":["GET"]}}],"collection":[{"href":"https:\/\/penosil.com\/de\/wp-json\/wp\/v2\/pages"}],"about":[{"href":"https:\/\/penosil.com\/de\/wp-json\/wp\/v2\/types\/page"}],"author":[{"embeddable":true,"href":"https:\/\/penosil.com\/de\/wp-json\/wp\/v2\/users\/105"}],"replies":[{"embeddable":true,"href":"https:\/\/penosil.com\/de\/wp-json\/wp\/v2\/comments?post=29748"}],"version-history":[{"count":11,"href":"https:\/\/penosil.com\/de\/wp-json\/wp\/v2\/pages\/29748\/revisions"}],"predecessor-version":[{"id":31664,"href":"https:\/\/penosil.com\/de\/wp-json\/wp\/v2\/pages\/29748\/revisions\/31664"}],"up":[{"embeddable":true,"href":"https:\/\/penosil.com\/de\/wp-json\/wp\/v2\/pages\/29729"}],"wp:attachment":[{"href":"https:\/\/penosil.com\/de\/wp-json\/wp\/v2\/media?parent=29748"}],"curies":[{"name":"wp","href":"https:\/\/api.w.org\/{rel}","templated":true}]}}