{"id":29763,"date":"2024-05-15T08:19:25","date_gmt":"2024-05-15T08:19:25","guid":{"rendered":"https:\/\/penosil.com\/de\/?page_id=29763"},"modified":"2025-07-10T10:56:09","modified_gmt":"2025-07-10T10:56:09","slug":"sichereres-wohnumfeld","status":"publish","type":"page","link":"https:\/\/penosil.com\/de\/nachhaltigkeit\/sichereres-wohnumfeld\/","title":{"rendered":"Sichereres Wohnumfeld"},"content":{"rendered":"<section class=\"pnsl-thin-banner-block\" style=\"background-color: #426a5a; color: #ffffff\" aria-label=\"Sichereres Wohnumfeld\">\n   <div class=\"container d-flex flex-column flex-lg-row align-items-lg-center justify-content-between\">\n      <div class=\"text-wrap\">\n                     <h1>Sichereres Wohnumfeld<\/h1>\n         \n                     <p>Wir m\u00f6chten, dass Sie ein <strong>besseres<\/strong> und <strong>sicheres Wohnumfeld genie\u00dfen<\/strong> k\u00f6nnen.<\/p>\n               <\/div>\n\n               <div id=\"lottie-block_51b405640a4682b4cda98b9b3658509b\" class=\"lottie-animation\" data-path=\"https:\/\/penosil.com\/de\/wp-content\/themes\/penosil\/assets\/lottie\/safer.json\" data-speed=\"0.75\" role=\"img\" aria-label=\"Decorative animation\"><\/div>\n         <\/div>\n<\/section>\n\n<main class=\"pnsl-safer-living-environment-block\" aria-label=\"Safer Living Environment Information\">\n         <section class=\"container text-container d-flex flex-column align-items-start\" aria-labelledby=\"safer-living-intro\">\n         <div class=\"upper-text text-wrap\">\n            <div id=\"safer-living-intro\">\n               <p>Deshalb:<\/p>\n            <\/div>\n\n                           <ul>\n                                                            <li>\n                        <p>Verbessern wir st\u00e4ndig unsere bestehenden Formeln.<\/p>\n                     \n                                             <\/li>\n                                                            <li>\n                        <p>Entwickeln wir neue Produkte mit <strong>niedrigem VOC-Gehalt und sichereren Rohstoffen<\/strong>.<\/p>\n                     \n                                                \n                                                         <button type=\"button\" class=\"tooltip sus-tooltip\" data-tooltip-content=\"#tooltip-safer\" aria-expanded=\"false\" aria-describedby=\"tooltip-safer\" aria-label=\"Show more information\">\n                                 <img loading=\"lazy\" decoding=\"async\" src=\"https:\/\/penosil.com\/de\/wp-content\/themes\/penosil\/images\/icons\/sus-info.svg\" width=\"52\" height=\"63\" alt=\"\" aria-hidden=\"true\">\n                              <\/button>\n\n                              <div class=\"safer-tooltip-content tooltip-content\" role=\"tooltip\" id=\"tooltip-safer\" aria-hidden=\"true\">\n                                 <h3>Was bedeutet VOC-arm?<\/h3>\n<ul>\n<li>Fl\u00fcchtige organische Verbindungen (VOCs) sind <strong>chemische Substanzen<\/strong>, die von Baumaterialien und M\u00f6beln freigesetzt werden, <strong>leicht verdunsten und sich<\/strong> somit ausbreiten k\u00f6nnen.<\/li>\n<li>Eine hohe Konzentration an VOC-Verbindungen beeintr\u00e4chtigt die Luftqualit\u00e4t in Innenr\u00e4umen und kann zu Reizungen und Gesundheitsproblemen f\u00fchren.<\/li>\n<\/ul>\n<p><strong>Achten Sie auf die folgenden Zertifikate auf den Produktetiketten:<\/strong><\/p>\n<p><img loading=\"lazy\" decoding=\"async\" class=\"\" src=\"https:\/\/penosil.com\/de\/wp-content\/uploads\/sites\/33\/2025\/07\/EC1_Plus_mark.png\" width=\"75\" height=\"75\" \/>\u00a0 \u00a0 <img loading=\"lazy\" decoding=\"async\" class=\"\" src=\"https:\/\/penosil.com\/de\/wp-content\/uploads\/sites\/33\/2025\/07\/M1-logo_RGB_english_black.png\" width=\"75\" height=\"75\" \/>\u00a0 \u00a0 <img loading=\"lazy\" decoding=\"async\" class=\"\" src=\"https:\/\/penosil.com\/de\/wp-content\/uploads\/sites\/33\/2025\/07\/A-French.png\" width=\"92\" height=\"75\" \/><\/p>\n                              <\/div>\n                                                                        <\/li>\n                                 <\/ul>\n                     <\/div>\n      <\/section>\n   \n   <section class=\"container angles-container\" aria-label=\"Process steps\">\n      <div class=\"angles row flex-column flex-lg-row flex-lg-nowrap\" role=\"list\">\n                                 <div class=\"angle col d-flex align-items-center justify-content-center\" role=\"listitem\" aria-label=\"Step 1\">\n               <div class=\"angle-text\"><p>Im Jahr 2020 verf\u00fcgten <strong>14%<\/strong> der Penosil-Produkte \u00fcber die EC1+ Zertifizierung.<\/p>\n<\/div>\n            <\/div>\n                                 <div class=\"angle col d-flex align-items-center justify-content-center\" role=\"listitem\" aria-label=\"Step 2\">\n               <div class=\"angle-text\"><p>Im Jahr 2023 verf\u00fcgen <strong>52%<\/strong> der Penosil-Produkte \u00fcber die EC1+ Zertifizierung.<\/p>\n<\/div>\n            <\/div>\n                                 <div class=\"angle col d-flex align-items-center justify-content-center\" role=\"listitem\" aria-label=\"Step 3\">\n               <div class=\"angle-text\"><p>In den n\u00e4chsten Jahren sollen mehr als <strong>70%<\/strong> der Penosil-Produkte eine VOC-arme Zertifizierung erhalten.<\/p>\n<\/div>\n            <\/div>\n               <\/div>\n   <\/section>\n\n   <section class=\"container text-container\" aria-label=\"Additional information\">\n               <div class=\"above-lines-text text-wrap\">\n            <p>In den letzten f\u00fcnf Jahren haben wir zahlreiche <strong>l\u00f6sungsmittelfreie und wasserbasierte<\/strong> Kleb- und Dichtstoffe, sowie Spachtelmassen entwickelt. Dar\u00fcber hinaus sind viele unserer Oxim Silikone <strong>MEKO-frei<\/strong> erh\u00e4ltlich.<\/p>\n         <\/div>\n      \n               <div class=\"lines-text w-100 d-flex flex-column flex-lg-row justify-content-between\" role=\"list\" aria-label=\"Key benefits\">\n                                          <div class=\"item d-flex flex-column flex-md-row align-items-center\" role=\"listitem\">\n                                       <div class=\"item-icon\">\n                        <img loading=\"lazy\" decoding=\"async\" src=\"https:\/\/penosil.com\/de\/wp-content\/uploads\/sites\/33\/2024\/05\/Group-414.svg\" width=\"110\" height=\"106\" alt=\"\">\n                     <\/div>\n                  \n                                       <div class=\"item-text\">\n                        <p>Achten Sie auf das Null-MEKO-Zertifikat<br \/>\nauf dem Produktetikett<\/p>\n                     <\/div>\n                                 <\/div>\n                                          <div class=\"item d-flex flex-column flex-md-row align-items-center\" role=\"listitem\">\n                                       <div class=\"item-icon\">\n                        <img loading=\"lazy\" decoding=\"async\" src=\"https:\/\/penosil.com\/de\/wp-content\/uploads\/sites\/33\/2024\/05\/Layer_1-2.svg\" width=\"108\" height=\"108\" alt=\"Very Low Diisocynate Monomer emblem\">\n                     <\/div>\n                  \n                                       <div class=\"item-text\">\n                        <p>Achten Sie auf das Safe Choice-Siegel<br \/>\nauf unseren PU-Sch\u00e4umen mit und ohne MDI.<\/p>\n                     <\/div>\n                                 <\/div>\n                     <\/div>\n      \n               <div class=\"text-before-icon text-wrap\">\n            <p>Immer mehr unserer PU-Sch\u00e4ume haben einen sehr geringen Diisocyanat-Monomergehalt (&lt;0,1 %) oder sind <strong>MDI-frei<\/strong>.<\/p>\n\n                           <button type=\"button\" class=\"tooltip sus-tooltip\" data-tooltip-content=\"#tooltip-safer-bottom\" aria-expanded=\"false\" aria-describedby=\"tooltip-safer-bottom\" aria-label=\"Show more information\">\n                  <img loading=\"lazy\" decoding=\"async\" src=\"https:\/\/penosil.com\/de\/wp-content\/themes\/penosil\/images\/icons\/sus-info.svg\" width=\"52\" height=\"63\" alt=\"\" aria-hidden=\"true\">\n               <\/button>\n\n               <div class=\"safer-tooltip-content tooltip-content\" role=\"tooltip\" id=\"tooltip-safer-bottom\" aria-hidden=\"true\">\n                  <h4>Was ist MDI?<\/h4>\n<p>Methylendiphenyldiisocyanat (MDI) ist <strong>eine Chemikalie<\/strong>, die bei der Herstellung von PU-Materialien verwendet wird.<\/p>\n<p><strong>Bei der Anwendung des Schaums<\/strong> kann der MDI-Gehalt im Schaum Haut- und Rachenreizungen verursachen.<\/p>\n               <\/div>\n                     <\/div>\n      \n               <div class=\"under-lines-text text-wrap\">\n            <p>MDI-arme und MDI-freie PU- Sch\u00e4ume bieten eine <strong>sicherere Alternative<\/strong> zu herk\u00f6mmlichen PU-Sch\u00e4umen, indem sie das Risiko der Exposition gegen\u00fcber sch\u00e4dlichen Chemikalien minimieren, die Sicherheit am Arbeitsplatz verbessern, die Umweltbelastung verringern und die Einhaltung von Vorschriften gew\u00e4hrleisten.<\/p>\n<p>Unsere<a href=\"https:\/\/www.wolf-group.com\/de\/unsere-produktionsstatten\/gava\/\" target=\"_blank\" rel=\"noopener\"><strong> neue PU- Schaumfabrik in Spanien<\/strong><\/a> wird die f\u00fchrende europ\u00e4ische Anlage f\u00fcr MDI-arme und MDI-freie PU- Sch\u00e4ume sein.<\/p>\n<p>Wir sind der erste europ\u00e4ische Hersteller, der seinen Kunden ein komplettes Sortiment an MDI-armen und MDI-freien PU-Schaumprodukten anbietet.<\/p>\n<p>Das Penosil-Portfolio umfasst derzeit die folgenden <strong>MDI-armen und MDI-freien Sch\u00e4ume<\/strong>:<\/p>\n<ul>\n<li>Spr\u00fchsch\u00e4ume<\/li>\n<li>Pistolensch\u00e4ume<\/li>\n<li>Montagesch\u00e4ume<\/li>\n<\/ul>\n<p>In K\u00fcrze werden wir unser Angebot an MDI-armen Sch\u00e4umen mit B2 Pistolenschaum, B2 Spr\u00fchschaum und Schaumkleber vervollst\u00e4ndigen.<\/p>\n         <\/div>\n         <\/section>\n<\/main>\n\n<section class=\"pnsl-icon-hovers-block\" aria-label=\"Interactive Icon Navigation\">\n   <div class=\"container\">\n               <h2>Gehen Sie zum n\u00e4chsten Nachhaltigkeitsthema<\/h2>\n         <\/div>\n\n         <div class=\"container icons-container\">\n         <ul class=\"icons d-flex align-items-center justify-content-center justify-content-lg-between flex-wrap\" role=\"list\">\n                                          <li class=\"icon\">\n                  <a href=\"https:\/\/penosil.com\/de\/nachhaltigkeit\/haltbarkeit\/\"\n                     class=\"icon-link d-flex align-items-center justify-content-center\"\n                     style=\"--bg-color: #b7e4c7; --text-color: #ffffff\"\n                     >\n                     <span class=\"icon-image\" aria-hidden=\"true\">\n                        <img loading=\"lazy\" decoding=\"async\" src=\"https:\/\/penosil.com\/de\/wp-content\/uploads\/sites\/33\/2024\/05\/Icons.svg\" width=\"68\" height=\"67\" alt=\"\">\n                     <\/span>\n                     <span class=\"icon-label\">Haltbarkeit<\/span>\n                  <\/a>\n               <\/li>\n                                          <li class=\"icon\">\n                  <a href=\"https:\/\/penosil.com\/de\/nachhaltigkeit\/nachhaltige-komponenten\/\"\n                     class=\"icon-link d-flex align-items-center justify-content-center\"\n                     style=\"--bg-color: #52b788; --text-color: #fff\"\n                     >\n                     <span class=\"icon-image\" aria-hidden=\"true\">\n                        <img loading=\"lazy\" decoding=\"async\" src=\"https:\/\/penosil.com\/de\/wp-content\/uploads\/sites\/33\/2024\/05\/Group-409.svg\" width=\"72\" height=\"75\" alt=\"\">\n                     <\/span>\n                     <span class=\"icon-label\">Nachhaltige Komponenten<\/span>\n                  <\/a>\n               <\/li>\n                                          <li class=\"icon\">\n                  <a href=\"https:\/\/penosil.com\/de\/nachhaltigkeit\/erneuerbare-energie\/\"\n                     class=\"icon-link d-flex align-items-center justify-content-center\"\n                     style=\"--bg-color: #40916c; --text-color: #fff\"\n                     >\n                     <span class=\"icon-image\" aria-hidden=\"true\">\n                        <img loading=\"lazy\" decoding=\"async\" src=\"https:\/\/penosil.com\/de\/wp-content\/uploads\/sites\/33\/2024\/05\/48x48_Icons.svg\" width=\"76\" height=\"73\" alt=\"\">\n                     <\/span>\n                     <span class=\"icon-label\">Erneuerbare Energie<\/span>\n                  <\/a>\n               <\/li>\n                                          <li class=\"icon\">\n                  <a href=\"https:\/\/penosil.com\/de\/nachhaltigkeit\/innovation\/\"\n                     class=\"icon-link d-flex align-items-center justify-content-center\"\n                     style=\"--bg-color: #1b4332; --text-color: #fff\"\n                     >\n                     <span class=\"icon-image\" aria-hidden=\"true\">\n                        <img loading=\"lazy\" decoding=\"async\" src=\"https:\/\/penosil.com\/de\/wp-content\/uploads\/sites\/33\/2024\/05\/Group-410.svg\" width=\"88\" height=\"94\" alt=\"\">\n                     <\/span>\n                     <span class=\"icon-label\">Innovation<\/span>\n                  <\/a>\n               <\/li>\n                                          <li class=\"icon\">\n                  <a href=\"https:\/\/penosil.com\/de\/nachhaltigkeit\/abfallmanagement\/\"\n                     class=\"icon-link d-flex align-items-center justify-content-center\"\n                     style=\"--bg-color: #25a18e; --text-color: #fff\"\n                     >\n                     <span class=\"icon-image\" aria-hidden=\"true\">\n                        <img loading=\"lazy\" decoding=\"async\" src=\"https:\/\/penosil.com\/de\/wp-content\/uploads\/sites\/33\/2024\/05\/Group-415.svg\" width=\"82\" height=\"75\" alt=\"\">\n                     <\/span>\n                     <span class=\"icon-label\">Abfallmanagement<\/span>\n                  <\/a>\n               <\/li>\n                                          <li class=\"icon\">\n                  <a href=\"https:\/\/penosil.com\/de\/nachhaltigkeit\/unsichtbar-jedoch-uberall\/\"\n                     class=\"icon-link d-flex align-items-center justify-content-center\"\n                     style=\"--bg-color: #007F5F; --text-color: #fff\"\n                     >\n                     <span class=\"icon-image\" aria-hidden=\"true\">\n                        <img loading=\"lazy\" decoding=\"async\" src=\"https:\/\/penosil.com\/de\/wp-content\/uploads\/sites\/33\/2024\/05\/Group-393.svg\" width=\"87\" height=\"79\" alt=\"\">\n                     <\/span>\n                     <span class=\"icon-label\">Unsichtbar, jedoch \u00fcberall<\/span>\n                  <\/a>\n               <\/li>\n                     <\/ul>\n      <\/div>\n   <\/section>","protected":false},"excerpt":{"rendered":"","protected":false},"author":105,"featured_media":0,"parent":29729,"menu_order":0,"comment_status":"closed","ping_status":"closed","template":"page-templates\/template-no-title.php","meta":{"_acf_changed":false,"advgb_blocks_editor_width":"","advgb_blocks_columns_visual_guide":"","footnotes":""},"class_list":["post-29763","page","type-page","status-publish","hentry"],"acf":[],"yoast_head":"<!-- This site is optimized with the Yoast SEO plugin v27.2 - https:\/\/yoast.com\/product\/yoast-seo-wordpress\/ -->\n<title>Sichereres Wohnumfeld - Penosil Deutschland<\/title>\n<meta name=\"description\" content=\"Wir m\u00f6chten, dass Sie ein besseres und sicheres Wohnumfeld genie\u00dfen k\u00f6nnen. Lesen Sie mehr!\" \/>\n<meta name=\"robots\" content=\"index, follow, max-snippet:-1, max-image-preview:large, max-video-preview:-1\" \/>\n<link rel=\"canonical\" href=\"https:\/\/penosil.com\/de\/nachhaltigkeit\/sichereres-wohnumfeld\/\" \/>\n<meta property=\"og:locale\" content=\"de_DE\" \/>\n<meta property=\"og:type\" content=\"article\" \/>\n<meta property=\"og:title\" content=\"Sichereres Wohnumfeld - Penosil Deutschland\" \/>\n<meta property=\"og:description\" content=\"Wir m\u00f6chten, dass Sie ein besseres und sicheres Wohnumfeld genie\u00dfen k\u00f6nnen. Lesen Sie mehr!\" \/>\n<meta property=\"og:url\" content=\"https:\/\/penosil.com\/de\/nachhaltigkeit\/sichereres-wohnumfeld\/\" \/>\n<meta property=\"og:site_name\" content=\"Penosil Germany\" \/>\n<meta property=\"article:modified_time\" content=\"2025-07-10T10:56:09+00:00\" \/>\n<meta name=\"twitter:card\" content=\"summary_large_image\" \/>\n<meta name=\"twitter:label1\" content=\"Gesch\u00e4tzte Lesezeit\" \/>\n\t<meta name=\"twitter:data1\" content=\"4\u00a0Minuten\" \/>\n<script type=\"application\/ld+json\" class=\"yoast-schema-graph\">{\"@context\":\"https:\/\/schema.org\",\"@graph\":[{\"@type\":\"WebPage\",\"@id\":\"https:\/\/penosil.com\/de\/nachhaltigkeit\/sichereres-wohnumfeld\/\",\"url\":\"https:\/\/penosil.com\/de\/nachhaltigkeit\/sichereres-wohnumfeld\/\",\"name\":\"Sichereres Wohnumfeld - Penosil Deutschland\",\"isPartOf\":{\"@id\":\"https:\/\/penosil.com\/de\/#website\"},\"datePublished\":\"2024-05-15T08:19:25+00:00\",\"dateModified\":\"2025-07-10T10:56:09+00:00\",\"description\":\"Wir m\u00f6chten, dass Sie ein besseres und sicheres Wohnumfeld genie\u00dfen k\u00f6nnen. Lesen Sie mehr!\",\"breadcrumb\":{\"@id\":\"https:\/\/penosil.com\/de\/nachhaltigkeit\/sichereres-wohnumfeld\/#breadcrumb\"},\"inLanguage\":\"de\",\"potentialAction\":[{\"@type\":\"ReadAction\",\"target\":[\"https:\/\/penosil.com\/de\/nachhaltigkeit\/sichereres-wohnumfeld\/\"]}]},{\"@type\":\"BreadcrumbList\",\"@id\":\"https:\/\/penosil.com\/de\/nachhaltigkeit\/sichereres-wohnumfeld\/#breadcrumb\",\"itemListElement\":[{\"@type\":\"ListItem\",\"position\":1,\"name\":\"Starseite\",\"item\":\"https:\/\/penosil.com\/de\/\"},{\"@type\":\"ListItem\",\"position\":2,\"name\":\"Nachhaltigkeit\",\"item\":\"https:\/\/penosil.com\/de\/nachhaltigkeit\/\"},{\"@type\":\"ListItem\",\"position\":3,\"name\":\"Sichereres Wohnumfeld\"}]},{\"@type\":\"WebSite\",\"@id\":\"https:\/\/penosil.com\/de\/#website\",\"url\":\"https:\/\/penosil.com\/de\/\",\"name\":\"Penosil Germany\",\"description\":\"\",\"potentialAction\":[{\"@type\":\"SearchAction\",\"target\":{\"@type\":\"EntryPoint\",\"urlTemplate\":\"https:\/\/penosil.com\/de\/?s={search_term_string}\"},\"query-input\":{\"@type\":\"PropertyValueSpecification\",\"valueRequired\":true,\"valueName\":\"search_term_string\"}}],\"inLanguage\":\"de\"}]}<\/script>\n<!-- \/ Yoast SEO plugin. -->","yoast_head_json":{"title":"Sichereres Wohnumfeld - Penosil Deutschland","description":"Wir m\u00f6chten, dass Sie ein besseres und sicheres Wohnumfeld genie\u00dfen k\u00f6nnen. Lesen Sie mehr!","robots":{"index":"index","follow":"follow","max-snippet":"max-snippet:-1","max-image-preview":"max-image-preview:large","max-video-preview":"max-video-preview:-1"},"canonical":"https:\/\/penosil.com\/de\/nachhaltigkeit\/sichereres-wohnumfeld\/","og_locale":"de_DE","og_type":"article","og_title":"Sichereres Wohnumfeld - Penosil Deutschland","og_description":"Wir m\u00f6chten, dass Sie ein besseres und sicheres Wohnumfeld genie\u00dfen k\u00f6nnen. Lesen Sie mehr!","og_url":"https:\/\/penosil.com\/de\/nachhaltigkeit\/sichereres-wohnumfeld\/","og_site_name":"Penosil Germany","article_modified_time":"2025-07-10T10:56:09+00:00","twitter_card":"summary_large_image","twitter_misc":{"Gesch\u00e4tzte Lesezeit":"4\u00a0Minuten"},"schema":{"@context":"https:\/\/schema.org","@graph":[{"@type":"WebPage","@id":"https:\/\/penosil.com\/de\/nachhaltigkeit\/sichereres-wohnumfeld\/","url":"https:\/\/penosil.com\/de\/nachhaltigkeit\/sichereres-wohnumfeld\/","name":"Sichereres Wohnumfeld - Penosil Deutschland","isPartOf":{"@id":"https:\/\/penosil.com\/de\/#website"},"datePublished":"2024-05-15T08:19:25+00:00","dateModified":"2025-07-10T10:56:09+00:00","description":"Wir m\u00f6chten, dass Sie ein besseres und sicheres Wohnumfeld genie\u00dfen k\u00f6nnen. Lesen Sie mehr!","breadcrumb":{"@id":"https:\/\/penosil.com\/de\/nachhaltigkeit\/sichereres-wohnumfeld\/#breadcrumb"},"inLanguage":"de","potentialAction":[{"@type":"ReadAction","target":["https:\/\/penosil.com\/de\/nachhaltigkeit\/sichereres-wohnumfeld\/"]}]},{"@type":"BreadcrumbList","@id":"https:\/\/penosil.com\/de\/nachhaltigkeit\/sichereres-wohnumfeld\/#breadcrumb","itemListElement":[{"@type":"ListItem","position":1,"name":"Starseite","item":"https:\/\/penosil.com\/de\/"},{"@type":"ListItem","position":2,"name":"Nachhaltigkeit","item":"https:\/\/penosil.com\/de\/nachhaltigkeit\/"},{"@type":"ListItem","position":3,"name":"Sichereres Wohnumfeld"}]},{"@type":"WebSite","@id":"https:\/\/penosil.com\/de\/#website","url":"https:\/\/penosil.com\/de\/","name":"Penosil Germany","description":"","potentialAction":[{"@type":"SearchAction","target":{"@type":"EntryPoint","urlTemplate":"https:\/\/penosil.com\/de\/?s={search_term_string}"},"query-input":{"@type":"PropertyValueSpecification","valueRequired":true,"valueName":"search_term_string"}}],"inLanguage":"de"}]}},"coauthors":[],"author_meta":{"author_link":"https:\/\/penosil.com\/de\/author\/kevinreaktiiv\/","display_name":"kevinreaktiiv"},"relative_dates":{"created":"Posted 2\u00a0Jahren ago","modified":"Updated 9\u00a0Monaten ago"},"absolute_dates":{"created":"Posted on 15. Mai 2024","modified":"Updated on 10. Juli 2025"},"absolute_dates_time":{"created":"Posted on 15. Mai 2024 8:19","modified":"Updated on 10. Juli 2025 10:56"},"featured_img_caption":"","featured_img":false,"series_order":"","_links":{"self":[{"href":"https:\/\/penosil.com\/de\/wp-json\/wp\/v2\/pages\/29763","targetHints":{"allow":["GET"]}}],"collection":[{"href":"https:\/\/penosil.com\/de\/wp-json\/wp\/v2\/pages"}],"about":[{"href":"https:\/\/penosil.com\/de\/wp-json\/wp\/v2\/types\/page"}],"author":[{"embeddable":true,"href":"https:\/\/penosil.com\/de\/wp-json\/wp\/v2\/users\/105"}],"replies":[{"embeddable":true,"href":"https:\/\/penosil.com\/de\/wp-json\/wp\/v2\/comments?post=29763"}],"version-history":[{"count":17,"href":"https:\/\/penosil.com\/de\/wp-json\/wp\/v2\/pages\/29763\/revisions"}],"predecessor-version":[{"id":31499,"href":"https:\/\/penosil.com\/de\/wp-json\/wp\/v2\/pages\/29763\/revisions\/31499"}],"up":[{"embeddable":true,"href":"https:\/\/penosil.com\/de\/wp-json\/wp\/v2\/pages\/29729"}],"wp:attachment":[{"href":"https:\/\/penosil.com\/de\/wp-json\/wp\/v2\/media?parent=29763"}],"curies":[{"name":"wp","href":"https:\/\/api.w.org\/{rel}","templated":true}]}}