{"id":29768,"date":"2024-05-15T08:22:01","date_gmt":"2024-05-15T08:22:01","guid":{"rendered":"https:\/\/penosil.com\/de\/?page_id=29768"},"modified":"2025-07-31T06:20:11","modified_gmt":"2025-07-31T06:20:11","slug":"abfallmanagement","status":"publish","type":"page","link":"https:\/\/penosil.com\/de\/nachhaltigkeit\/abfallmanagement\/","title":{"rendered":"Abfallmanagement"},"content":{"rendered":"<section class=\"pnsl-thin-banner-block\" style=\"background-color: #25a18e; color: #ffffff\" aria-label=\"Abfallmanagement\">\n   <div class=\"container d-flex flex-column flex-lg-row align-items-lg-center justify-content-between\">\n      <div class=\"text-wrap\">\n                     <h1>Abfallmanagement<\/h1>\n         \n                     <p>Unser Ziel ist es, unseren Abfall <strong>bis 2030<\/strong> um <strong>50%<\/strong> zu reduzieren, wiederzuverwenden, zu recyceln bzw. zu verwerten.<\/p>\n               <\/div>\n\n               <div id=\"lottie-block_6f8f3a7f6a6c672a26c61d778844651c\" class=\"lottie-animation\" data-path=\"https:\/\/penosil.com\/de\/wp-content\/themes\/penosil\/assets\/lottie\/waste.json\" data-speed=\"0.75\" role=\"img\" aria-label=\"Decorative animation\"><\/div>\n         <\/div>\n<\/section>\n\n<section class=\"pnsl-waste-management-block d-flex flex-column\" aria-label=\"Waste Management Information\">\n         <div class=\"container accordion-container\">\n         <div class=\"accordion\" role=\"region\" aria-label=\"Waste management topics\">\n                                          <div class=\"item active\">\n                  <button type=\"button\" \n                     class=\"title-wrap d-flex align-items-center\" \n                     aria-expanded=\"true\"\n                     aria-controls=\"waste-panel-0\"\n                     id=\"waste-header-0\">\n                     <span class=\"number d-flex align-items-center justify-content-center\" aria-hidden=\"true\"><span>1<\/span><\/span>\n                     <span class=\"title d-flex align-items-center\">Reduzieren<\/span>\n                  <\/button>\n                  <div class=\"content\" \n                     id=\"waste-panel-0\" \n                     role=\"region\" \n                     aria-labelledby=\"waste-header-0\"\n                     >\n                     <ul>\n<li>Wir reduzieren die Umweltauswirkungen unserer Produkte kontinuierlich, indem wir gef\u00e4hrliche Chemikalien durch ungef\u00e4hrliche ersetzen. Dadurch <strong>reduzieren wir die Menge unseres gef\u00e4hrlichen Abfalls<\/strong>.<\/li>\n<li>Eine M\u00f6glichkeit, Verpackungsm\u00fcll zu reduzieren, ist die <strong>Vergr\u00f6\u00dferung der Verpackungsgr\u00f6\u00dfen<\/strong>. Viele der Penosil-Produkte werden in verschiedenen Verpackungsoptionen angeboten.<\/li>\n<\/ul>\n\n                                             <div class=\"animation-wrap d-flex flex-column flex-lg-row align-items-center\" role=\"figure\" aria-label=\"Waste management process diagram\">\n                           <div class=\"image\">\n                              <img loading=\"lazy\" decoding=\"async\" src=\"https:\/\/penosil.com\/de\/wp-content\/uploads\/sites\/33\/2024\/05\/Padrun_Foolium_video-1.png\" width=\"110\" height=\"165\" alt=\"\">\n                           <\/div>\n\n                           <div class=\"gray-arrow d-flex align-items-center\" aria-hidden=\"true\">\n                              <div class=\"text\">\n                                 <ul>\n<li>Beispielsweise produzieren wir viele unserer Dichtstoffe sowohl in 300-ml-Kartuschen als auch in <strong>600-ml-Folienverpackungen<\/strong>.<\/li>\n<li>Die 600-ml-Folienverpackung spart im Vergleich zu den Kartuschen <strong>75%<\/strong> an Verpackungsm\u00fcll.<\/li>\n<\/ul>\n                              <\/div>\n                           <\/div>\n                        <\/div>\n                        \n                                                   <div class=\"visually-hidden\">\n                              <ul>\n<li>Beispielsweise produzieren wir viele unserer Dichtstoffe sowohl in 300-ml-Kartuschen als auch in <strong>600-ml-Folienverpackungen<\/strong>.<\/li>\n<li>Die 600-ml-Folienverpackung spart im Vergleich zu den Kartuschen <strong>75%<\/strong> an Verpackungsm\u00fcll.<\/li>\n<\/ul>\n                           <\/div>\n                                             \n                                             <ul>\n<li>Produkte auf Zementbasis sind ein bedeutender CO<sub>2<\/sub>-Produzent. Bei Penosil <strong>haben wir mehrere Schaumklebstoffe entwickelt, die anstelle von Produkten auf Zementbasis verwendet werden k\u00f6nnen<\/strong>.<\/li>\n<\/ul>\n<p><iframe loading=\"lazy\" title=\"YouTube video player\" src=\"https:\/\/www.youtube.com\/embed\/1w5HYGpE8_I?si=-q2cOWp4XF2IEdfX\" width=\"560\" height=\"315\" frameborder=\"0\" allowfullscreen=\"allowfullscreen\"><\/iframe><\/p>\n                     \n                                             <div class=\"border-red\" role=\"complementary\" aria-label=\"Important information\">\n                           <p>Eine <strong>1L Dose Penosil-Schaumkleber<\/strong> entspricht <strong>25 kg Zement<\/strong>, was den CO<sub>2<\/sub>-Fu\u00dfabdruck des Transports verringert.<\/p>\n                        <\/div>\n                                       <\/div>\n               <\/div>\n                                          <div class=\"item\">\n                  <button type=\"button\" \n                     class=\"title-wrap d-flex align-items-center\" \n                     aria-expanded=\"false\"\n                     aria-controls=\"waste-panel-1\"\n                     id=\"waste-header-1\">\n                     <span class=\"number d-flex align-items-center justify-content-center\" aria-hidden=\"true\"><span>2<\/span><\/span>\n                     <span class=\"title d-flex align-items-center\">Recyceln<\/span>\n                  <\/button>\n                  <div class=\"content\" \n                     id=\"waste-panel-1\" \n                     role=\"region\" \n                     aria-labelledby=\"waste-header-1\"\n                     hidden>\n                     <p>Unsere Fabriken recyceln ihre gesamten Produktionsabf\u00e4lle. Der gr\u00f6\u00dfte Teil unserer Abf\u00e4lle wird von unseren externen Partnern in deren Anlagen recycelt. Wir entwickeln aber auch st\u00e4ndig neue Methoden, um mehr Abf\u00e4lle intern zu recyceln.<\/p>\n<ul>\n<li>Wir optimieren kontinuierlich die Produktionsprozesse unserer Dichtstoffe. So <strong>haben wir beispielsweise die Menge an \u00fcbrig gebliebenen Rohstoffen verringert<\/strong>, indem wir sie in anderen Produktformeln wiederverwendet haben.<\/li>\n<li>Au\u00dferdem suchen wir aktiv nach M\u00f6glichkeiten zur Wiederverwendung unserer ausgeh\u00e4rteten Silikon- und Hybridabf\u00e4lle. So erforschen wir in Zusammenarbeit mit Universit\u00e4ten, wie ausgeh\u00e4rtete <strong>Silikon- und Hybridabf\u00e4lle<\/strong> als Rohstoffe f\u00fcr andere Anwendungen wie Stra\u00dfenbau, Asphalt- oder Betonherstellung verwendet werden k\u00f6nnen.<\/li>\n<\/ul>\n\n                     \n                     \n                                       <\/div>\n               <\/div>\n                                          <div class=\"item\">\n                  <button type=\"button\" \n                     class=\"title-wrap d-flex align-items-center\" \n                     aria-expanded=\"false\"\n                     aria-controls=\"waste-panel-2\"\n                     id=\"waste-header-2\">\n                     <span class=\"number d-flex align-items-center justify-content-center\" aria-hidden=\"true\"><span>3<\/span><\/span>\n                     <span class=\"title d-flex align-items-center\">Wiederverwendung: <\/span>\n                  <\/button>\n                  <div class=\"content\" \n                     id=\"waste-panel-2\" \n                     role=\"region\" \n                     aria-labelledby=\"waste-header-2\"\n                     hidden>\n                     <p>Seit 2021 verwenden wir <strong>100% unserer hauseigenen Kunststoffproduktionsreste<\/strong> zur Herstellung von Penosil-Werkzeugen und Kunststoffkomponenten.<\/p>\n<ul>\n<li>Beispielsweise wird <strong>der patentierte Spachtel von Penosil<\/strong> aus unseren Kunststoffabf\u00e4llen hergestellt.<\/li>\n<\/ul>\n<p><img loading=\"lazy\" decoding=\"async\" class=\"\" src=\"https:\/\/penosil.com\/de\/wp-content\/uploads\/sites\/33\/2025\/07\/Spatula-B.png\" width=\"58\" height=\"50\" \/><\/p>\n<ul>\n<li>Derzeit testen wir auch den Einsatz von PCR-Kunststoff bei der Herstellung unserer Kunststoffkomponenten.<\/li>\n<\/ul>\n\n                     \n                     \n                                       <\/div>\n               <\/div>\n                     <\/div>\n      <\/div>\n   <\/section>\n\n<section class=\"pnsl-icon-hovers-block\" aria-label=\"Interactive Icon Navigation\">\n   <div class=\"container\">\n               <h2>Gehen Sie zum n\u00e4chsten Nachhaltigkeitsthema<\/h2>\n         <\/div>\n\n         <div class=\"container icons-container\">\n         <ul class=\"icons d-flex align-items-center justify-content-center justify-content-lg-between flex-wrap\" role=\"list\">\n                                          <li class=\"icon\">\n                  <a href=\"https:\/\/penosil.com\/de\/nachhaltigkeit\/haltbarkeit\/\"\n                     class=\"icon-link d-flex align-items-center justify-content-center\"\n                     style=\"--bg-color: #b7e4c7; --text-color: #ffffff\"\n                     >\n                     <span class=\"icon-image\" aria-hidden=\"true\">\n                        <img loading=\"lazy\" decoding=\"async\" src=\"https:\/\/penosil.com\/de\/wp-content\/uploads\/sites\/33\/2024\/05\/Icons.svg\" width=\"68\" height=\"67\" alt=\"\">\n                     <\/span>\n                     <span class=\"icon-label\">Haltbarkeit<\/span>\n                  <\/a>\n               <\/li>\n                                          <li class=\"icon\">\n                  <a href=\"https:\/\/penosil.com\/de\/nachhaltigkeit\/nachhaltige-komponenten\/\"\n                     class=\"icon-link d-flex align-items-center justify-content-center\"\n                     style=\"--bg-color: #52b788; --text-color: #fff\"\n                     >\n                     <span class=\"icon-image\" aria-hidden=\"true\">\n                        <img loading=\"lazy\" decoding=\"async\" src=\"https:\/\/penosil.com\/de\/wp-content\/uploads\/sites\/33\/2024\/05\/Group-409.svg\" width=\"72\" height=\"75\" alt=\"\">\n                     <\/span>\n                     <span class=\"icon-label\">Nachhaltige Komponenten<\/span>\n                  <\/a>\n               <\/li>\n                                          <li class=\"icon\">\n                  <a href=\"https:\/\/penosil.com\/de\/nachhaltigkeit\/erneuerbare-energie\/\"\n                     class=\"icon-link d-flex align-items-center justify-content-center\"\n                     style=\"--bg-color: #40916c; --text-color: #fff\"\n                     >\n                     <span class=\"icon-image\" aria-hidden=\"true\">\n                        <img loading=\"lazy\" decoding=\"async\" src=\"https:\/\/penosil.com\/de\/wp-content\/uploads\/sites\/33\/2024\/05\/48x48_Icons.svg\" width=\"76\" height=\"73\" alt=\"\">\n                     <\/span>\n                     <span class=\"icon-label\">Erneuerbare Energie<\/span>\n                  <\/a>\n               <\/li>\n                                          <li class=\"icon\">\n                  <a href=\"https:\/\/penosil.com\/de\/nachhaltigkeit\/innovation\/\"\n                     class=\"icon-link d-flex align-items-center justify-content-center\"\n                     style=\"--bg-color: #1b4332; --text-color: #fff\"\n                     >\n                     <span class=\"icon-image\" aria-hidden=\"true\">\n                        <img loading=\"lazy\" decoding=\"async\" src=\"https:\/\/penosil.com\/de\/wp-content\/uploads\/sites\/33\/2024\/05\/Group-410.svg\" width=\"88\" height=\"94\" alt=\"\">\n                     <\/span>\n                     <span class=\"icon-label\">Innovation<\/span>\n                  <\/a>\n               <\/li>\n                                          <li class=\"icon\">\n                  <a href=\"https:\/\/penosil.com\/de\/nachhaltigkeit\/sichereres-wohnumfeld\/\"\n                     class=\"icon-link d-flex align-items-center justify-content-center\"\n                     style=\"--bg-color: #426a5a; --text-color: #fff\"\n                     >\n                     <span class=\"icon-image\" aria-hidden=\"true\">\n                        <img loading=\"lazy\" decoding=\"async\" src=\"https:\/\/penosil.com\/de\/wp-content\/uploads\/sites\/33\/2024\/05\/Group-416.svg\" width=\"79\" height=\"90\" alt=\"\">\n                     <\/span>\n                     <span class=\"icon-label\">Sichereres Wohnumfeld<\/span>\n                  <\/a>\n               <\/li>\n                                          <li class=\"icon\">\n                  <a href=\"https:\/\/penosil.com\/de\/nachhaltigkeit\/unsichtbar-jedoch-uberall\/\"\n                     class=\"icon-link d-flex align-items-center justify-content-center\"\n                     style=\"--bg-color: #007F5F; --text-color: #fff\"\n                     >\n                     <span class=\"icon-image\" aria-hidden=\"true\">\n                        <img loading=\"lazy\" decoding=\"async\" src=\"https:\/\/penosil.com\/de\/wp-content\/uploads\/sites\/33\/2024\/05\/Group-393.svg\" width=\"87\" height=\"79\" alt=\"\">\n                     <\/span>\n                     <span class=\"icon-label\">Unsichtbar, jedoch \u00fcberall<\/span>\n                  <\/a>\n               <\/li>\n                     <\/ul>\n      <\/div>\n   <\/section>","protected":false},"excerpt":{"rendered":"","protected":false},"author":105,"featured_media":0,"parent":29729,"menu_order":0,"comment_status":"closed","ping_status":"closed","template":"page-templates\/template-no-title.php","meta":{"_acf_changed":false,"advgb_blocks_editor_width":"","advgb_blocks_columns_visual_guide":"","footnotes":""},"class_list":["post-29768","page","type-page","status-publish","hentry"],"acf":[],"yoast_head":"<!-- This site is optimized with the Yoast SEO plugin v27.2 - https:\/\/yoast.com\/product\/yoast-seo-wordpress\/ -->\n<title>Abfallmanagement - Penosil Deutschland<\/title>\n<meta name=\"description\" content=\"Unser Ziel ist es, unseren Abfall bis 2030 um 50% zu reduzieren, wiederzuverwenden, zu recyceln bzw. zu verwerten. Lesen Sie mehr!\" \/>\n<meta name=\"robots\" content=\"index, follow, max-snippet:-1, max-image-preview:large, max-video-preview:-1\" \/>\n<link rel=\"canonical\" href=\"https:\/\/penosil.com\/de\/nachhaltigkeit\/abfallmanagement\/\" \/>\n<meta property=\"og:locale\" content=\"de_DE\" \/>\n<meta property=\"og:type\" content=\"article\" \/>\n<meta property=\"og:title\" content=\"Abfallmanagement - Penosil Deutschland\" \/>\n<meta property=\"og:description\" content=\"Unser Ziel ist es, unseren Abfall bis 2030 um 50% zu reduzieren, wiederzuverwenden, zu recyceln bzw. zu verwerten. Lesen Sie mehr!\" \/>\n<meta property=\"og:url\" content=\"https:\/\/penosil.com\/de\/nachhaltigkeit\/abfallmanagement\/\" \/>\n<meta property=\"og:site_name\" content=\"Penosil Germany\" \/>\n<meta property=\"article:modified_time\" content=\"2025-07-31T06:20:11+00:00\" \/>\n<meta name=\"twitter:card\" content=\"summary_large_image\" \/>\n<meta name=\"twitter:label1\" content=\"Gesch\u00e4tzte Lesezeit\" \/>\n\t<meta name=\"twitter:data1\" content=\"3\u00a0Minuten\" \/>\n<script type=\"application\/ld+json\" class=\"yoast-schema-graph\">{\"@context\":\"https:\/\/schema.org\",\"@graph\":[{\"@type\":\"WebPage\",\"@id\":\"https:\/\/penosil.com\/de\/nachhaltigkeit\/abfallmanagement\/\",\"url\":\"https:\/\/penosil.com\/de\/nachhaltigkeit\/abfallmanagement\/\",\"name\":\"Abfallmanagement - Penosil Deutschland\",\"isPartOf\":{\"@id\":\"https:\/\/penosil.com\/de\/#website\"},\"datePublished\":\"2024-05-15T08:22:01+00:00\",\"dateModified\":\"2025-07-31T06:20:11+00:00\",\"description\":\"Unser Ziel ist es, unseren Abfall bis 2030 um 50% zu reduzieren, wiederzuverwenden, zu recyceln bzw. zu verwerten. Lesen Sie mehr!\",\"breadcrumb\":{\"@id\":\"https:\/\/penosil.com\/de\/nachhaltigkeit\/abfallmanagement\/#breadcrumb\"},\"inLanguage\":\"de\",\"potentialAction\":[{\"@type\":\"ReadAction\",\"target\":[\"https:\/\/penosil.com\/de\/nachhaltigkeit\/abfallmanagement\/\"]}]},{\"@type\":\"BreadcrumbList\",\"@id\":\"https:\/\/penosil.com\/de\/nachhaltigkeit\/abfallmanagement\/#breadcrumb\",\"itemListElement\":[{\"@type\":\"ListItem\",\"position\":1,\"name\":\"Starseite\",\"item\":\"https:\/\/penosil.com\/de\/\"},{\"@type\":\"ListItem\",\"position\":2,\"name\":\"Nachhaltigkeit\",\"item\":\"https:\/\/penosil.com\/de\/nachhaltigkeit\/\"},{\"@type\":\"ListItem\",\"position\":3,\"name\":\"Abfallmanagement\"}]},{\"@type\":\"WebSite\",\"@id\":\"https:\/\/penosil.com\/de\/#website\",\"url\":\"https:\/\/penosil.com\/de\/\",\"name\":\"Penosil Germany\",\"description\":\"\",\"potentialAction\":[{\"@type\":\"SearchAction\",\"target\":{\"@type\":\"EntryPoint\",\"urlTemplate\":\"https:\/\/penosil.com\/de\/?s={search_term_string}\"},\"query-input\":{\"@type\":\"PropertyValueSpecification\",\"valueRequired\":true,\"valueName\":\"search_term_string\"}}],\"inLanguage\":\"de\"}]}<\/script>\n<!-- \/ Yoast SEO plugin. -->","yoast_head_json":{"title":"Abfallmanagement - Penosil Deutschland","description":"Unser Ziel ist es, unseren Abfall bis 2030 um 50% zu reduzieren, wiederzuverwenden, zu recyceln bzw. zu verwerten. Lesen Sie mehr!","robots":{"index":"index","follow":"follow","max-snippet":"max-snippet:-1","max-image-preview":"max-image-preview:large","max-video-preview":"max-video-preview:-1"},"canonical":"https:\/\/penosil.com\/de\/nachhaltigkeit\/abfallmanagement\/","og_locale":"de_DE","og_type":"article","og_title":"Abfallmanagement - Penosil Deutschland","og_description":"Unser Ziel ist es, unseren Abfall bis 2030 um 50% zu reduzieren, wiederzuverwenden, zu recyceln bzw. zu verwerten. Lesen Sie mehr!","og_url":"https:\/\/penosil.com\/de\/nachhaltigkeit\/abfallmanagement\/","og_site_name":"Penosil Germany","article_modified_time":"2025-07-31T06:20:11+00:00","twitter_card":"summary_large_image","twitter_misc":{"Gesch\u00e4tzte Lesezeit":"3\u00a0Minuten"},"schema":{"@context":"https:\/\/schema.org","@graph":[{"@type":"WebPage","@id":"https:\/\/penosil.com\/de\/nachhaltigkeit\/abfallmanagement\/","url":"https:\/\/penosil.com\/de\/nachhaltigkeit\/abfallmanagement\/","name":"Abfallmanagement - Penosil Deutschland","isPartOf":{"@id":"https:\/\/penosil.com\/de\/#website"},"datePublished":"2024-05-15T08:22:01+00:00","dateModified":"2025-07-31T06:20:11+00:00","description":"Unser Ziel ist es, unseren Abfall bis 2030 um 50% zu reduzieren, wiederzuverwenden, zu recyceln bzw. zu verwerten. Lesen Sie mehr!","breadcrumb":{"@id":"https:\/\/penosil.com\/de\/nachhaltigkeit\/abfallmanagement\/#breadcrumb"},"inLanguage":"de","potentialAction":[{"@type":"ReadAction","target":["https:\/\/penosil.com\/de\/nachhaltigkeit\/abfallmanagement\/"]}]},{"@type":"BreadcrumbList","@id":"https:\/\/penosil.com\/de\/nachhaltigkeit\/abfallmanagement\/#breadcrumb","itemListElement":[{"@type":"ListItem","position":1,"name":"Starseite","item":"https:\/\/penosil.com\/de\/"},{"@type":"ListItem","position":2,"name":"Nachhaltigkeit","item":"https:\/\/penosil.com\/de\/nachhaltigkeit\/"},{"@type":"ListItem","position":3,"name":"Abfallmanagement"}]},{"@type":"WebSite","@id":"https:\/\/penosil.com\/de\/#website","url":"https:\/\/penosil.com\/de\/","name":"Penosil Germany","description":"","potentialAction":[{"@type":"SearchAction","target":{"@type":"EntryPoint","urlTemplate":"https:\/\/penosil.com\/de\/?s={search_term_string}"},"query-input":{"@type":"PropertyValueSpecification","valueRequired":true,"valueName":"search_term_string"}}],"inLanguage":"de"}]}},"coauthors":[],"author_meta":{"author_link":"https:\/\/penosil.com\/de\/author\/kevinreaktiiv\/","display_name":"kevinreaktiiv"},"relative_dates":{"created":"Posted 2\u00a0Jahren ago","modified":"Updated 8\u00a0Monaten ago"},"absolute_dates":{"created":"Posted on 15. Mai 2024","modified":"Updated on 31. Juli 2025"},"absolute_dates_time":{"created":"Posted on 15. Mai 2024 8:22","modified":"Updated on 31. Juli 2025 6:20"},"featured_img_caption":"","featured_img":false,"series_order":"","_links":{"self":[{"href":"https:\/\/penosil.com\/de\/wp-json\/wp\/v2\/pages\/29768","targetHints":{"allow":["GET"]}}],"collection":[{"href":"https:\/\/penosil.com\/de\/wp-json\/wp\/v2\/pages"}],"about":[{"href":"https:\/\/penosil.com\/de\/wp-json\/wp\/v2\/types\/page"}],"author":[{"embeddable":true,"href":"https:\/\/penosil.com\/de\/wp-json\/wp\/v2\/users\/105"}],"replies":[{"embeddable":true,"href":"https:\/\/penosil.com\/de\/wp-json\/wp\/v2\/comments?post=29768"}],"version-history":[{"count":10,"href":"https:\/\/penosil.com\/de\/wp-json\/wp\/v2\/pages\/29768\/revisions"}],"predecessor-version":[{"id":31665,"href":"https:\/\/penosil.com\/de\/wp-json\/wp\/v2\/pages\/29768\/revisions\/31665"}],"up":[{"embeddable":true,"href":"https:\/\/penosil.com\/de\/wp-json\/wp\/v2\/pages\/29729"}],"wp:attachment":[{"href":"https:\/\/penosil.com\/de\/wp-json\/wp\/v2\/media?parent=29768"}],"curies":[{"name":"wp","href":"https:\/\/api.w.org\/{rel}","templated":true}]}}