{"id":30258,"date":"2024-10-09T20:10:47","date_gmt":"2024-10-09T20:10:47","guid":{"rendered":"https:\/\/penosil.com\/de\/?page_id=30258"},"modified":"2024-12-09T07:50:31","modified_gmt":"2024-12-09T07:50:31","slug":"penosil-e-shop-bestellung-fragen-antworten","status":"publish","type":"page","link":"https:\/\/penosil.com\/de\/penosil-e-shop-bestellung-fragen-antworten\/","title":{"rendered":"Penosil E-shop-Bestellung Fragen &amp; Antworten"},"content":{"rendered":"\n<h2 class=\"wp-block-heading has-medium-font-size\">Wann erhalte ich meine Bestellung?<\/h2>\n\n\n\n<p>Die Lieferzeit Ihrer Bestellung h\u00e4ngt von der Versandart ab, die Sie bei der Bestellung gew\u00e4hlt haben. In einigen F\u00e4llen kann es vorkommen, dass ein oder zwei zus\u00e4tzliche Tage ben\u00f6tigt werden, weil das Sendungsaufkommen gr\u00f6\u00dfer als gew\u00f6hnlich ist (dies ist in der Regel am Black Friday, zu Weihnachten oder in der Ausverkaufssaison der Fall), oder wenn die Lieferadresse an einem abgelegenen Ort liegt.<\/p>\n\n\n\n<h2 class=\"wp-block-heading has-medium-font-size\">Wie kann ich meine Bestellung verfolgen?<\/h2>\n\n\n\n<p>Auf der Karte oben k\u00f6nnen Sie den genauen Verlauf Ihrer Lieferung verfolgen. Wenn Sie auf die Kuriernummer unter der Karte klicken, k\u00f6nnen Sie auch die genauen Details der einzelnen Schritte auf dem Weg sehen.<\/p>\n\n\n\n<h2 class=\"wp-block-heading has-medium-font-size\">Was sollte ich tun, wenn sich meine Bestellung verz\u00f6gert?<\/h2>\n\n\n\n<p>Auch wenn Versp\u00e4tungen selten sind, k\u00f6nnen sie vorkommen. Die meisten davon sind darauf zur\u00fcckzuf\u00fchren, dass der Kurier ein h\u00f6heres Sendungsaufkommen als \u00fcblich bearbeitet. In 99 % der F\u00e4lle wird Ihre versp\u00e4tete Bestellung innerhalb von 2 Tagen nach dem urspr\u00fcnglich erwarteten Liefertermin eintreffen, ohne dass Sie etwas unternehmen m\u00fcssen. Sollte es Probleme mit Ihrer Lieferung geben, werden wir Sie direkt hier auf der Tracking-Seite benachrichtigen. Sollten Sie Ihre Bestellung nicht erhalten, nachdem Sie 2 Tage mehr Zeit f\u00fcr die Lieferung eingeplant haben, oder gibt es ein Problem, das Sie nicht l\u00f6sen k\u00f6nnen, indem Sie die angezeigten Anweisungen befolgen, falls Ihr Input erforderlich ist, dann setzen Sie sich bitte mit uns in Verbindung.<\/p>\n\n\n\n<h2 class=\"wp-block-heading has-medium-font-size\">Kann ich meine Bestellung \u00e4ndern?<\/h2>\n\n\n\n<p>Wir m\u00f6chten, dass Sie Ihre Bestellung so schnell wie m\u00f6glich erhalten. Nur wenige Minuten nach Ihrer Bestellung hat unser Lager damit begonnen, Ihr Paket f\u00fcr eine schnelle Lieferung zusammenzustellen. Daher k\u00f6nnen Sie Ihre Bestellung nicht mehr \u00e4ndern. Wenn Sie Artikel zu Ihrer Bestellung hinzuf\u00fcgen m\u00f6chten, geben Sie bitte eine neue Bestellung auf.<\/p>\n","protected":false},"excerpt":{"rendered":"Wann erhalte ich meine Bestellung? Die Lieferzeit Ihrer Bestellung h\u00e4ngt von der Versandart ab, die Sie bei der Bestellung gew\u00e4hlt haben. In einigen F\u00e4llen kann es vorkommen, dass ein oder zwei zus\u00e4tzliche Tage ben\u00f6tigt werden, weil das Sendungsaufkommen gr\u00f6\u00dfer als gew\u00f6hnlich ist (dies ist in der Regel am Black Friday, zu Weihnachten oder in der [&hellip;]","protected":false},"author":210,"featured_media":0,"parent":0,"menu_order":0,"comment_status":"closed","ping_status":"closed","template":"","meta":{"_acf_changed":false,"advgb_blocks_editor_width":"","advgb_blocks_columns_visual_guide":"","footnotes":""},"class_list":["post-30258","page","type-page","status-publish","hentry"],"acf":[],"yoast_head":"<!-- This site is optimized with the Yoast SEO plugin v27.4 - https:\/\/yoast.com\/product\/yoast-seo-wordpress\/ -->\n<title>Penosil E-shop-Bestellung Fragen &amp; Antworten - Penosil DACH<\/title>\n<meta name=\"robots\" content=\"index, follow, max-snippet:-1, max-image-preview:large, max-video-preview:-1\" \/>\n<link rel=\"canonical\" href=\"https:\/\/penosil.com\/de\/penosil-e-shop-bestellung-fragen-antworten\/\" \/>\n<meta property=\"og:locale\" content=\"de_DE\" \/>\n<meta property=\"og:type\" content=\"article\" \/>\n<meta property=\"og:title\" content=\"Penosil E-shop-Bestellung Fragen &amp; Antworten - Penosil DACH\" \/>\n<meta property=\"og:description\" content=\"Wann erhalte ich meine Bestellung? Die Lieferzeit Ihrer Bestellung h\u00e4ngt von der Versandart ab, die Sie bei der Bestellung gew\u00e4hlt haben. In einigen F\u00e4llen kann es vorkommen, dass ein oder zwei zus\u00e4tzliche Tage ben\u00f6tigt werden, weil das Sendungsaufkommen gr\u00f6\u00dfer als gew\u00f6hnlich ist (dies ist in der Regel am Black Friday, zu Weihnachten oder in der [&hellip;]\" \/>\n<meta property=\"og:url\" content=\"https:\/\/penosil.com\/de\/penosil-e-shop-bestellung-fragen-antworten\/\" \/>\n<meta property=\"og:site_name\" content=\"Penosil Germany\" \/>\n<meta property=\"article:modified_time\" content=\"2024-12-09T07:50:31+00:00\" \/>\n<meta name=\"twitter:card\" content=\"summary_large_image\" \/>\n<meta name=\"twitter:label1\" content=\"Gesch\u00e4tzte Lesezeit\" \/>\n\t<meta name=\"twitter:data1\" content=\"2\u00a0Minuten\" \/>\n<script type=\"application\/ld+json\" class=\"yoast-schema-graph\">{\"@context\":\"https:\\\/\\\/schema.org\",\"@graph\":[{\"@type\":\"WebPage\",\"@id\":\"https:\\\/\\\/penosil.com\\\/de\\\/penosil-e-shop-bestellung-fragen-antworten\\\/\",\"url\":\"https:\\\/\\\/penosil.com\\\/de\\\/penosil-e-shop-bestellung-fragen-antworten\\\/\",\"name\":\"Penosil E-shop-Bestellung Fragen &amp; Antworten - Penosil DACH\",\"isPartOf\":{\"@id\":\"https:\\\/\\\/penosil.com\\\/de\\\/#website\"},\"datePublished\":\"2024-10-09T20:10:47+00:00\",\"dateModified\":\"2024-12-09T07:50:31+00:00\",\"breadcrumb\":{\"@id\":\"https:\\\/\\\/penosil.com\\\/de\\\/penosil-e-shop-bestellung-fragen-antworten\\\/#breadcrumb\"},\"inLanguage\":\"de\",\"potentialAction\":[{\"@type\":\"ReadAction\",\"target\":[\"https:\\\/\\\/penosil.com\\\/de\\\/penosil-e-shop-bestellung-fragen-antworten\\\/\"]}]},{\"@type\":\"BreadcrumbList\",\"@id\":\"https:\\\/\\\/penosil.com\\\/de\\\/penosil-e-shop-bestellung-fragen-antworten\\\/#breadcrumb\",\"itemListElement\":[{\"@type\":\"ListItem\",\"position\":1,\"name\":\"Starseite\",\"item\":\"https:\\\/\\\/penosil.com\\\/de\\\/\"},{\"@type\":\"ListItem\",\"position\":2,\"name\":\"Penosil E-shop-Bestellung Fragen &amp; Antworten\"}]},{\"@type\":\"WebSite\",\"@id\":\"https:\\\/\\\/penosil.com\\\/de\\\/#website\",\"url\":\"https:\\\/\\\/penosil.com\\\/de\\\/\",\"name\":\"Penosil Germany\",\"description\":\"\",\"potentialAction\":[{\"@type\":\"SearchAction\",\"target\":{\"@type\":\"EntryPoint\",\"urlTemplate\":\"https:\\\/\\\/penosil.com\\\/de\\\/?s={search_term_string}\"},\"query-input\":{\"@type\":\"PropertyValueSpecification\",\"valueRequired\":true,\"valueName\":\"search_term_string\"}}],\"inLanguage\":\"de\"}]}<\/script>\n<!-- \/ Yoast SEO plugin. -->","yoast_head_json":{"title":"Penosil E-shop-Bestellung Fragen &amp; Antworten - Penosil DACH","robots":{"index":"index","follow":"follow","max-snippet":"max-snippet:-1","max-image-preview":"max-image-preview:large","max-video-preview":"max-video-preview:-1"},"canonical":"https:\/\/penosil.com\/de\/penosil-e-shop-bestellung-fragen-antworten\/","og_locale":"de_DE","og_type":"article","og_title":"Penosil E-shop-Bestellung Fragen &amp; Antworten - Penosil DACH","og_description":"Wann erhalte ich meine Bestellung? Die Lieferzeit Ihrer Bestellung h\u00e4ngt von der Versandart ab, die Sie bei der Bestellung gew\u00e4hlt haben. In einigen F\u00e4llen kann es vorkommen, dass ein oder zwei zus\u00e4tzliche Tage ben\u00f6tigt werden, weil das Sendungsaufkommen gr\u00f6\u00dfer als gew\u00f6hnlich ist (dies ist in der Regel am Black Friday, zu Weihnachten oder in der [&hellip;]","og_url":"https:\/\/penosil.com\/de\/penosil-e-shop-bestellung-fragen-antworten\/","og_site_name":"Penosil Germany","article_modified_time":"2024-12-09T07:50:31+00:00","twitter_card":"summary_large_image","twitter_misc":{"Gesch\u00e4tzte Lesezeit":"2\u00a0Minuten"},"schema":{"@context":"https:\/\/schema.org","@graph":[{"@type":"WebPage","@id":"https:\/\/penosil.com\/de\/penosil-e-shop-bestellung-fragen-antworten\/","url":"https:\/\/penosil.com\/de\/penosil-e-shop-bestellung-fragen-antworten\/","name":"Penosil E-shop-Bestellung Fragen &amp; Antworten - Penosil DACH","isPartOf":{"@id":"https:\/\/penosil.com\/de\/#website"},"datePublished":"2024-10-09T20:10:47+00:00","dateModified":"2024-12-09T07:50:31+00:00","breadcrumb":{"@id":"https:\/\/penosil.com\/de\/penosil-e-shop-bestellung-fragen-antworten\/#breadcrumb"},"inLanguage":"de","potentialAction":[{"@type":"ReadAction","target":["https:\/\/penosil.com\/de\/penosil-e-shop-bestellung-fragen-antworten\/"]}]},{"@type":"BreadcrumbList","@id":"https:\/\/penosil.com\/de\/penosil-e-shop-bestellung-fragen-antworten\/#breadcrumb","itemListElement":[{"@type":"ListItem","position":1,"name":"Starseite","item":"https:\/\/penosil.com\/de\/"},{"@type":"ListItem","position":2,"name":"Penosil E-shop-Bestellung Fragen &amp; Antworten"}]},{"@type":"WebSite","@id":"https:\/\/penosil.com\/de\/#website","url":"https:\/\/penosil.com\/de\/","name":"Penosil Germany","description":"","potentialAction":[{"@type":"SearchAction","target":{"@type":"EntryPoint","urlTemplate":"https:\/\/penosil.com\/de\/?s={search_term_string}"},"query-input":{"@type":"PropertyValueSpecification","valueRequired":true,"valueName":"search_term_string"}}],"inLanguage":"de"}]}},"coauthors":[],"author_meta":{"author_link":"https:\/\/penosil.com\/de\/author\/arina\/","display_name":"Arina"},"relative_dates":{"created":"Ver\u00f6ffentlicht 2\u00a0Jahren vor","modified":"Aktualisiert 1\u00a0Jahr vor"},"absolute_dates":{"created":"Ver\u00f6ffentlicht am 9. Oktober 2024","modified":"Aktualisiert am 9. Dezember 2024"},"absolute_dates_time":{"created":"Ver\u00f6ffentlicht am 9. Oktober 2024 20:10","modified":"Aktualisiert am 9. Dezember 2024 7:50"},"featured_img_caption":"","featured_img":false,"series_order":"","_links":{"self":[{"href":"https:\/\/penosil.com\/de\/wp-json\/wp\/v2\/pages\/30258","targetHints":{"allow":["GET"]}}],"collection":[{"href":"https:\/\/penosil.com\/de\/wp-json\/wp\/v2\/pages"}],"about":[{"href":"https:\/\/penosil.com\/de\/wp-json\/wp\/v2\/types\/page"}],"author":[{"embeddable":true,"href":"https:\/\/penosil.com\/de\/wp-json\/wp\/v2\/users\/210"}],"replies":[{"embeddable":true,"href":"https:\/\/penosil.com\/de\/wp-json\/wp\/v2\/comments?post=30258"}],"version-history":[{"count":2,"href":"https:\/\/penosil.com\/de\/wp-json\/wp\/v2\/pages\/30258\/revisions"}],"predecessor-version":[{"id":30261,"href":"https:\/\/penosil.com\/de\/wp-json\/wp\/v2\/pages\/30258\/revisions\/30261"}],"wp:attachment":[{"href":"https:\/\/penosil.com\/de\/wp-json\/wp\/v2\/media?parent=30258"}],"curies":[{"name":"wp","href":"https:\/\/api.w.org\/{rel}","templated":true}]}}