{"id":30275,"date":"2024-10-18T09:51:22","date_gmt":"2024-10-18T09:51:22","guid":{"rendered":"https:\/\/penosil.com\/de\/?page_id=30275"},"modified":"2025-03-31T07:33:38","modified_gmt":"2025-03-31T07:33:38","slug":"penosil-e-shop-ruecksendungen-fragen-antworten","status":"publish","type":"page","link":"https:\/\/penosil.com\/de\/penosil-e-shop-ruecksendungen-fragen-antworten\/","title":{"rendered":"Penosil E-shop R\u00fccksendungen Fragen &amp; Antworten"},"content":{"rendered":"\n<h2 class=\"wp-block-heading has-medium-font-size\">Wie kann ich einen Artikel zur\u00fccksenden?<\/h2>\n\n\n\n<p>Falls Sie ein Produkt zur\u00fccksenden m\u00f6chten, kontaktieren Sie uns bitte \u00fcber folgende Mailadresse: <strong><a href=\"mailto:info.germany@wolf-group.com\">info.germany@wolf-group.com<\/a><\/strong><\/p>\n\n\n\n<h2 class=\"wp-block-heading has-medium-font-size\">Welche Versandart kann ich f\u00fcr meine R\u00fccksendung w\u00e4hlen?<\/h2>\n\n\n\n<p>Sie k\u00f6nnen die R\u00fccksendung einem Kurier \u00fcbergeben oder sie zur Post bringen.<\/p>\n\n\n\n<h2 class=\"wp-block-heading has-medium-font-size\">Wird meine R\u00fccksendung von einem Kurier abgeholt?<\/h2>\n\n\n\n<p>Dies ist abh\u00e4ngig von dem gew\u00e4hlten Versanddienstleister.<\/p>\n\n\n\n<h2 class=\"wp-block-heading has-medium-font-size\">Wie lange dauert es, bis ich meine R\u00fcckerstattung erhalte?<\/h2>\n\n\n\n<p>Sobald wir Ihre R\u00fccksendung erhalten haben (in der Regel innerhalb von 24 bis 72 Stunden weltweit), bearbeiten wir diese umgehend und senden Ihnen die R\u00fcckerstattung zu. In der Regel dauert es noch einen oder zwei weitere Tage, bis die R\u00fcckerstattung der von Ihnen angegebenen Zahlungsmethode gutgeschrieben wird. Wir halten Sie w\u00e4hrend des R\u00fcckgabe-\/R\u00fcckerstattungsprozesses auf dem Laufenden.<\/p>\n\n\n\n<p><\/p>\n","protected":false},"excerpt":{"rendered":"Wie kann ich einen Artikel zur\u00fccksenden? Falls Sie ein Produkt zur\u00fccksenden m\u00f6chten, kontaktieren Sie uns bitte \u00fcber folgende Mailadresse: info.germany@wolf-group.com Welche Versandart kann ich f\u00fcr meine R\u00fccksendung w\u00e4hlen? Sie k\u00f6nnen die R\u00fccksendung einem Kurier \u00fcbergeben oder sie zur Post bringen. Wird meine R\u00fccksendung von einem Kurier abgeholt? Dies ist abh\u00e4ngig von dem gew\u00e4hlten Versanddienstleister. Wie [&hellip;]","protected":false},"author":210,"featured_media":0,"parent":0,"menu_order":0,"comment_status":"closed","ping_status":"closed","template":"","meta":{"_acf_changed":false,"advgb_blocks_editor_width":"","advgb_blocks_columns_visual_guide":"","footnotes":""},"class_list":["post-30275","page","type-page","status-publish","hentry"],"acf":[],"yoast_head":"<!-- This site is optimized with the Yoast SEO plugin v27.4 - https:\/\/yoast.com\/product\/yoast-seo-wordpress\/ -->\n<title>Penosil E-shop R\u00fccksendungen Fragen &amp; Antworten - Penosil Germany<\/title>\n<meta name=\"robots\" content=\"index, follow, max-snippet:-1, max-image-preview:large, max-video-preview:-1\" \/>\n<link rel=\"canonical\" href=\"https:\/\/penosil.com\/de\/penosil-e-shop-ruecksendungen-fragen-antworten\/\" \/>\n<meta property=\"og:locale\" content=\"de_DE\" \/>\n<meta property=\"og:type\" content=\"article\" \/>\n<meta property=\"og:title\" content=\"Penosil E-shop R\u00fccksendungen Fragen &amp; Antworten - Penosil Germany\" \/>\n<meta property=\"og:description\" content=\"Wie kann ich einen Artikel zur\u00fccksenden? Falls Sie ein Produkt zur\u00fccksenden m\u00f6chten, kontaktieren Sie uns bitte \u00fcber folgende Mailadresse: info.germany@wolf-group.com Welche Versandart kann ich f\u00fcr meine R\u00fccksendung w\u00e4hlen? Sie k\u00f6nnen die R\u00fccksendung einem Kurier \u00fcbergeben oder sie zur Post bringen. Wird meine R\u00fccksendung von einem Kurier abgeholt? Dies ist abh\u00e4ngig von dem gew\u00e4hlten Versanddienstleister. Wie [&hellip;]\" \/>\n<meta property=\"og:url\" content=\"https:\/\/penosil.com\/de\/penosil-e-shop-ruecksendungen-fragen-antworten\/\" \/>\n<meta property=\"og:site_name\" content=\"Penosil Germany\" \/>\n<meta property=\"article:modified_time\" content=\"2025-03-31T07:33:38+00:00\" \/>\n<meta name=\"twitter:card\" content=\"summary_large_image\" \/>\n<meta name=\"twitter:label1\" content=\"Gesch\u00e4tzte Lesezeit\" \/>\n\t<meta name=\"twitter:data1\" content=\"1\u00a0Minute\" \/>\n<script type=\"application\/ld+json\" class=\"yoast-schema-graph\">{\"@context\":\"https:\\\/\\\/schema.org\",\"@graph\":[{\"@type\":\"WebPage\",\"@id\":\"https:\\\/\\\/penosil.com\\\/de\\\/penosil-e-shop-ruecksendungen-fragen-antworten\\\/\",\"url\":\"https:\\\/\\\/penosil.com\\\/de\\\/penosil-e-shop-ruecksendungen-fragen-antworten\\\/\",\"name\":\"Penosil E-shop R\u00fccksendungen Fragen &amp; Antworten - Penosil Germany\",\"isPartOf\":{\"@id\":\"https:\\\/\\\/penosil.com\\\/de\\\/#website\"},\"datePublished\":\"2024-10-18T09:51:22+00:00\",\"dateModified\":\"2025-03-31T07:33:38+00:00\",\"breadcrumb\":{\"@id\":\"https:\\\/\\\/penosil.com\\\/de\\\/penosil-e-shop-ruecksendungen-fragen-antworten\\\/#breadcrumb\"},\"inLanguage\":\"de\",\"potentialAction\":[{\"@type\":\"ReadAction\",\"target\":[\"https:\\\/\\\/penosil.com\\\/de\\\/penosil-e-shop-ruecksendungen-fragen-antworten\\\/\"]}]},{\"@type\":\"BreadcrumbList\",\"@id\":\"https:\\\/\\\/penosil.com\\\/de\\\/penosil-e-shop-ruecksendungen-fragen-antworten\\\/#breadcrumb\",\"itemListElement\":[{\"@type\":\"ListItem\",\"position\":1,\"name\":\"Starseite\",\"item\":\"https:\\\/\\\/penosil.com\\\/de\\\/\"},{\"@type\":\"ListItem\",\"position\":2,\"name\":\"Penosil E-shop R\u00fccksendungen Fragen &amp; Antworten\"}]},{\"@type\":\"WebSite\",\"@id\":\"https:\\\/\\\/penosil.com\\\/de\\\/#website\",\"url\":\"https:\\\/\\\/penosil.com\\\/de\\\/\",\"name\":\"Penosil Germany\",\"description\":\"\",\"potentialAction\":[{\"@type\":\"SearchAction\",\"target\":{\"@type\":\"EntryPoint\",\"urlTemplate\":\"https:\\\/\\\/penosil.com\\\/de\\\/?s={search_term_string}\"},\"query-input\":{\"@type\":\"PropertyValueSpecification\",\"valueRequired\":true,\"valueName\":\"search_term_string\"}}],\"inLanguage\":\"de\"}]}<\/script>\n<!-- \/ Yoast SEO plugin. -->","yoast_head_json":{"title":"Penosil E-shop R\u00fccksendungen Fragen &amp; Antworten - Penosil Germany","robots":{"index":"index","follow":"follow","max-snippet":"max-snippet:-1","max-image-preview":"max-image-preview:large","max-video-preview":"max-video-preview:-1"},"canonical":"https:\/\/penosil.com\/de\/penosil-e-shop-ruecksendungen-fragen-antworten\/","og_locale":"de_DE","og_type":"article","og_title":"Penosil E-shop R\u00fccksendungen Fragen &amp; Antworten - Penosil Germany","og_description":"Wie kann ich einen Artikel zur\u00fccksenden? Falls Sie ein Produkt zur\u00fccksenden m\u00f6chten, kontaktieren Sie uns bitte \u00fcber folgende Mailadresse: info.germany@wolf-group.com Welche Versandart kann ich f\u00fcr meine R\u00fccksendung w\u00e4hlen? Sie k\u00f6nnen die R\u00fccksendung einem Kurier \u00fcbergeben oder sie zur Post bringen. Wird meine R\u00fccksendung von einem Kurier abgeholt? Dies ist abh\u00e4ngig von dem gew\u00e4hlten Versanddienstleister. Wie [&hellip;]","og_url":"https:\/\/penosil.com\/de\/penosil-e-shop-ruecksendungen-fragen-antworten\/","og_site_name":"Penosil Germany","article_modified_time":"2025-03-31T07:33:38+00:00","twitter_card":"summary_large_image","twitter_misc":{"Gesch\u00e4tzte Lesezeit":"1\u00a0Minute"},"schema":{"@context":"https:\/\/schema.org","@graph":[{"@type":"WebPage","@id":"https:\/\/penosil.com\/de\/penosil-e-shop-ruecksendungen-fragen-antworten\/","url":"https:\/\/penosil.com\/de\/penosil-e-shop-ruecksendungen-fragen-antworten\/","name":"Penosil E-shop R\u00fccksendungen Fragen &amp; Antworten - Penosil Germany","isPartOf":{"@id":"https:\/\/penosil.com\/de\/#website"},"datePublished":"2024-10-18T09:51:22+00:00","dateModified":"2025-03-31T07:33:38+00:00","breadcrumb":{"@id":"https:\/\/penosil.com\/de\/penosil-e-shop-ruecksendungen-fragen-antworten\/#breadcrumb"},"inLanguage":"de","potentialAction":[{"@type":"ReadAction","target":["https:\/\/penosil.com\/de\/penosil-e-shop-ruecksendungen-fragen-antworten\/"]}]},{"@type":"BreadcrumbList","@id":"https:\/\/penosil.com\/de\/penosil-e-shop-ruecksendungen-fragen-antworten\/#breadcrumb","itemListElement":[{"@type":"ListItem","position":1,"name":"Starseite","item":"https:\/\/penosil.com\/de\/"},{"@type":"ListItem","position":2,"name":"Penosil E-shop R\u00fccksendungen Fragen &amp; Antworten"}]},{"@type":"WebSite","@id":"https:\/\/penosil.com\/de\/#website","url":"https:\/\/penosil.com\/de\/","name":"Penosil Germany","description":"","potentialAction":[{"@type":"SearchAction","target":{"@type":"EntryPoint","urlTemplate":"https:\/\/penosil.com\/de\/?s={search_term_string}"},"query-input":{"@type":"PropertyValueSpecification","valueRequired":true,"valueName":"search_term_string"}}],"inLanguage":"de"}]}},"coauthors":[],"author_meta":{"author_link":"https:\/\/penosil.com\/de\/author\/arina\/","display_name":"Arina"},"relative_dates":{"created":"Ver\u00f6ffentlicht 2\u00a0Jahren vor","modified":"Aktualisiert 1\u00a0Jahr vor"},"absolute_dates":{"created":"Ver\u00f6ffentlicht am 18. Oktober 2024","modified":"Aktualisiert am 31. M\u00e4rz 2025"},"absolute_dates_time":{"created":"Ver\u00f6ffentlicht am 18. Oktober 2024 9:51","modified":"Aktualisiert am 31. M\u00e4rz 2025 7:33"},"featured_img_caption":"","featured_img":false,"series_order":"","_links":{"self":[{"href":"https:\/\/penosil.com\/de\/wp-json\/wp\/v2\/pages\/30275","targetHints":{"allow":["GET"]}}],"collection":[{"href":"https:\/\/penosil.com\/de\/wp-json\/wp\/v2\/pages"}],"about":[{"href":"https:\/\/penosil.com\/de\/wp-json\/wp\/v2\/types\/page"}],"author":[{"embeddable":true,"href":"https:\/\/penosil.com\/de\/wp-json\/wp\/v2\/users\/210"}],"replies":[{"embeddable":true,"href":"https:\/\/penosil.com\/de\/wp-json\/wp\/v2\/comments?post=30275"}],"version-history":[{"count":4,"href":"https:\/\/penosil.com\/de\/wp-json\/wp\/v2\/pages\/30275\/revisions"}],"predecessor-version":[{"id":31388,"href":"https:\/\/penosil.com\/de\/wp-json\/wp\/v2\/pages\/30275\/revisions\/31388"}],"wp:attachment":[{"href":"https:\/\/penosil.com\/de\/wp-json\/wp\/v2\/media?parent=30275"}],"curies":[{"name":"wp","href":"https:\/\/api.w.org\/{rel}","templated":true}]}}