{"id":32023,"date":"2026-01-30T11:39:32","date_gmt":"2026-01-30T11:39:32","guid":{"rendered":"https:\/\/penosil.com\/de\/?page_id=32023"},"modified":"2026-01-30T13:19:47","modified_gmt":"2026-01-30T13:19:47","slug":"impressum","status":"publish","type":"page","link":"https:\/\/penosil.com\/de\/impressum\/","title":{"rendered":"Impressum"},"content":{"rendered":"\n<h2 class=\"wp-block-heading\">Impressum<\/h2>\n\n\n\n<p><\/p>\n\n\n\n<p><strong>Anbieter:<\/strong> Wolf Group Deutschland GmbH<br><strong>Adresse:<\/strong> An der Schwanem\u00fchle 2, 49324 Melle<br><strong>Phone:<\/strong>\u00a0<a href=\"tel:+ 49 5422 109-219\">+ 49 5422 109-219<\/a><br><strong>E-Mail:<\/strong> <a href=\"mailto:info.germany@wolf-group.com\">info.germany@wolf-group.com<\/a><br>Amtsgericht Osnabr\u00fcck HRB 220062<br><strong>Gesch\u00e4ftsf\u00fchrer:<\/strong> Melanie Beinker-Wahl<br>Umsatzsteuer-Identifikationsnummer gem\u00e4\u00df \u00a7 27 a Umsatzsteuergesetz: DE367048349<\/p>\n\n\n\n<p><br><\/p>\n\n\n\n<p><strong>Wolf Group O\u00dc | Hauptsitz<\/strong><br>Suur-Paala 10<br>13619 Tallinn, Estonia<br>Telefon:&nbsp;<a href=\"tel:+3726059300\">+ 372 6059 300<\/a><br>Fax:&nbsp;<a href=\"tel:+372 6059 315\">+372 6059 315<\/a><br><a href=\"mailto:wg@wolf-group.com\">wg@wolf-group.com<\/a><\/p>\n\n\n\n<p><\/p>\n","protected":false},"excerpt":{"rendered":"Impressum Anbieter: Wolf Group Deutschland GmbHAdresse: An der Schwanem\u00fchle 2, 49324 MellePhone:\u00a0+ 49 5422 109-219E-Mail: info.germany@wolf-group.comAmtsgericht Osnabr\u00fcck HRB 220062Gesch\u00e4ftsf\u00fchrer: Melanie Beinker-WahlUmsatzsteuer-Identifikationsnummer gem\u00e4\u00df \u00a7 27 a Umsatzsteuergesetz: DE367048349 Wolf Group O\u00dc | HauptsitzSuur-Paala 1013619 Tallinn, EstoniaTelefon:&nbsp;+ 372 6059 300Fax:&nbsp;+372 6059 315wg@wolf-group.com","protected":false},"author":2,"featured_media":0,"parent":0,"menu_order":0,"comment_status":"closed","ping_status":"closed","template":"","meta":{"_acf_changed":false,"advgb_blocks_editor_width":"","advgb_blocks_columns_visual_guide":"","footnotes":""},"class_list":["post-32023","page","type-page","status-publish","hentry"],"acf":[],"yoast_head":"<!-- This site is optimized with the Yoast SEO plugin v27.4 - https:\/\/yoast.com\/product\/yoast-seo-wordpress\/ -->\n<title>Impressum - Penosil Germany<\/title>\n<meta name=\"robots\" content=\"index, follow, max-snippet:-1, max-image-preview:large, max-video-preview:-1\" \/>\n<link rel=\"canonical\" href=\"https:\/\/penosil.com\/de\/impressum\/\" \/>\n<meta property=\"og:locale\" content=\"de_DE\" \/>\n<meta property=\"og:type\" content=\"article\" \/>\n<meta property=\"og:title\" content=\"Impressum - Penosil Germany\" \/>\n<meta property=\"og:description\" content=\"Impressum Anbieter: Wolf Group Deutschland GmbHAdresse: An der Schwanem\u00fchle 2, 49324 MellePhone:\u00a0+ 49 5422 109-219E-Mail: info.germany@wolf-group.comAmtsgericht Osnabr\u00fcck HRB 220062Gesch\u00e4ftsf\u00fchrer: Melanie Beinker-WahlUmsatzsteuer-Identifikationsnummer gem\u00e4\u00df \u00a7 27 a Umsatzsteuergesetz: DE367048349 Wolf Group O\u00dc | HauptsitzSuur-Paala 1013619 Tallinn, EstoniaTelefon:&nbsp;+ 372 6059 300Fax:&nbsp;+372 6059 315wg@wolf-group.com\" \/>\n<meta property=\"og:url\" content=\"https:\/\/penosil.com\/de\/impressum\/\" \/>\n<meta property=\"og:site_name\" content=\"Penosil Germany\" \/>\n<meta property=\"article:modified_time\" content=\"2026-01-30T13:19:47+00:00\" \/>\n<meta name=\"twitter:card\" content=\"summary_large_image\" \/>\n<meta name=\"twitter:label1\" content=\"Gesch\u00e4tzte Lesezeit\" \/>\n\t<meta name=\"twitter:data1\" content=\"1\u00a0Minute\" \/>\n<script type=\"application\/ld+json\" class=\"yoast-schema-graph\">{\"@context\":\"https:\\\/\\\/schema.org\",\"@graph\":[{\"@type\":\"WebPage\",\"@id\":\"https:\\\/\\\/penosil.com\\\/de\\\/impressum\\\/\",\"url\":\"https:\\\/\\\/penosil.com\\\/de\\\/impressum\\\/\",\"name\":\"Impressum - Penosil Germany\",\"isPartOf\":{\"@id\":\"https:\\\/\\\/penosil.com\\\/de\\\/#website\"},\"datePublished\":\"2026-01-30T11:39:32+00:00\",\"dateModified\":\"2026-01-30T13:19:47+00:00\",\"breadcrumb\":{\"@id\":\"https:\\\/\\\/penosil.com\\\/de\\\/impressum\\\/#breadcrumb\"},\"inLanguage\":\"de\",\"potentialAction\":[{\"@type\":\"ReadAction\",\"target\":[\"https:\\\/\\\/penosil.com\\\/de\\\/impressum\\\/\"]}]},{\"@type\":\"BreadcrumbList\",\"@id\":\"https:\\\/\\\/penosil.com\\\/de\\\/impressum\\\/#breadcrumb\",\"itemListElement\":[{\"@type\":\"ListItem\",\"position\":1,\"name\":\"Starseite\",\"item\":\"https:\\\/\\\/penosil.com\\\/de\\\/\"},{\"@type\":\"ListItem\",\"position\":2,\"name\":\"Impressum\"}]},{\"@type\":\"WebSite\",\"@id\":\"https:\\\/\\\/penosil.com\\\/de\\\/#website\",\"url\":\"https:\\\/\\\/penosil.com\\\/de\\\/\",\"name\":\"Penosil Germany\",\"description\":\"\",\"potentialAction\":[{\"@type\":\"SearchAction\",\"target\":{\"@type\":\"EntryPoint\",\"urlTemplate\":\"https:\\\/\\\/penosil.com\\\/de\\\/?s={search_term_string}\"},\"query-input\":{\"@type\":\"PropertyValueSpecification\",\"valueRequired\":true,\"valueName\":\"search_term_string\"}}],\"inLanguage\":\"de\"}]}<\/script>\n<!-- \/ Yoast SEO plugin. -->","yoast_head_json":{"title":"Impressum - Penosil Germany","robots":{"index":"index","follow":"follow","max-snippet":"max-snippet:-1","max-image-preview":"max-image-preview:large","max-video-preview":"max-video-preview:-1"},"canonical":"https:\/\/penosil.com\/de\/impressum\/","og_locale":"de_DE","og_type":"article","og_title":"Impressum - Penosil Germany","og_description":"Impressum Anbieter: Wolf Group Deutschland GmbHAdresse: An der Schwanem\u00fchle 2, 49324 MellePhone:\u00a0+ 49 5422 109-219E-Mail: info.germany@wolf-group.comAmtsgericht Osnabr\u00fcck HRB 220062Gesch\u00e4ftsf\u00fchrer: Melanie Beinker-WahlUmsatzsteuer-Identifikationsnummer gem\u00e4\u00df \u00a7 27 a Umsatzsteuergesetz: DE367048349 Wolf Group O\u00dc | HauptsitzSuur-Paala 1013619 Tallinn, EstoniaTelefon:&nbsp;+ 372 6059 300Fax:&nbsp;+372 6059 315wg@wolf-group.com","og_url":"https:\/\/penosil.com\/de\/impressum\/","og_site_name":"Penosil Germany","article_modified_time":"2026-01-30T13:19:47+00:00","twitter_card":"summary_large_image","twitter_misc":{"Gesch\u00e4tzte Lesezeit":"1\u00a0Minute"},"schema":{"@context":"https:\/\/schema.org","@graph":[{"@type":"WebPage","@id":"https:\/\/penosil.com\/de\/impressum\/","url":"https:\/\/penosil.com\/de\/impressum\/","name":"Impressum - Penosil Germany","isPartOf":{"@id":"https:\/\/penosil.com\/de\/#website"},"datePublished":"2026-01-30T11:39:32+00:00","dateModified":"2026-01-30T13:19:47+00:00","breadcrumb":{"@id":"https:\/\/penosil.com\/de\/impressum\/#breadcrumb"},"inLanguage":"de","potentialAction":[{"@type":"ReadAction","target":["https:\/\/penosil.com\/de\/impressum\/"]}]},{"@type":"BreadcrumbList","@id":"https:\/\/penosil.com\/de\/impressum\/#breadcrumb","itemListElement":[{"@type":"ListItem","position":1,"name":"Starseite","item":"https:\/\/penosil.com\/de\/"},{"@type":"ListItem","position":2,"name":"Impressum"}]},{"@type":"WebSite","@id":"https:\/\/penosil.com\/de\/#website","url":"https:\/\/penosil.com\/de\/","name":"Penosil Germany","description":"","potentialAction":[{"@type":"SearchAction","target":{"@type":"EntryPoint","urlTemplate":"https:\/\/penosil.com\/de\/?s={search_term_string}"},"query-input":{"@type":"PropertyValueSpecification","valueRequired":true,"valueName":"search_term_string"}}],"inLanguage":"de"}]}},"coauthors":[],"author_meta":{"author_link":"https:\/\/penosil.com\/de\/author\/katlin\/","display_name":"Katlin"},"relative_dates":{"created":"Ver\u00f6ffentlicht 3\u00a0Monaten vor","modified":"Aktualisiert 3\u00a0Monaten vor"},"absolute_dates":{"created":"Ver\u00f6ffentlicht am 30. Januar 2026","modified":"Aktualisiert am 30. Januar 2026"},"absolute_dates_time":{"created":"Ver\u00f6ffentlicht am 30. Januar 2026 11:39","modified":"Aktualisiert am 30. Januar 2026 13:19"},"featured_img_caption":"","featured_img":false,"series_order":"","_links":{"self":[{"href":"https:\/\/penosil.com\/de\/wp-json\/wp\/v2\/pages\/32023","targetHints":{"allow":["GET"]}}],"collection":[{"href":"https:\/\/penosil.com\/de\/wp-json\/wp\/v2\/pages"}],"about":[{"href":"https:\/\/penosil.com\/de\/wp-json\/wp\/v2\/types\/page"}],"author":[{"embeddable":true,"href":"https:\/\/penosil.com\/de\/wp-json\/wp\/v2\/users\/2"}],"replies":[{"embeddable":true,"href":"https:\/\/penosil.com\/de\/wp-json\/wp\/v2\/comments?post=32023"}],"version-history":[{"count":8,"href":"https:\/\/penosil.com\/de\/wp-json\/wp\/v2\/pages\/32023\/revisions"}],"predecessor-version":[{"id":32036,"href":"https:\/\/penosil.com\/de\/wp-json\/wp\/v2\/pages\/32023\/revisions\/32036"}],"wp:attachment":[{"href":"https:\/\/penosil.com\/de\/wp-json\/wp\/v2\/media?parent=32023"}],"curies":[{"name":"wp","href":"https:\/\/api.w.org\/{rel}","templated":true}]}}