{"id":28485,"date":"2022-06-15T06:24:46","date_gmt":"2022-06-15T06:24:46","guid":{"rendered":"https:\/\/penosil.com\/de\/?post_type=product&#038;p=28485"},"modified":"2026-04-12T00:02:42","modified_gmt":"2026-04-12T00:02:42","slug":"easygun-pistolenschaum-b2-110-fuer-schmale-fugen","status":"publish","type":"product","link":"https:\/\/penosil.com\/de\/produkt\/easygun-pistolenschaum-b2-110-fuer-schmale-fugen\/","title":{"rendered":"EasyGun Pistolenschaum B2 110"},"content":{"rendered":"<p>PENOSIL EasyGun Pistolenschaum B2 110 ist ein einkomponentiger Polyurethan-Pistolenschaum mit speziellem EasyGun-Applikator f\u00fcr enge, tiefe und schwer zug\u00e4ngliche Fugen. F\u00fcllen und D\u00e4mmen von engen und tiefen Durchdringungen, Spalten und L\u00f6chern, die mit einer Pistole oder einem herk\u00f6mmlichen Adapterr\u00f6hrchen schwer zug\u00e4nglich sind. Der Schaum kann entweder mit einer Schaumpistole oder einem EasyGun-Applikator aufgetragen werden, was ihn vielseitiger macht als herk\u00f6mmliche Pistolensch\u00e4ume.<\/p>\n","protected":false},"excerpt":{"rendered":"Pistolenschaum mit EasyGun-Applikator","protected":false},"author":7,"featured_media":30054,"template":"","meta":{"_acf_changed":false,"advgb_blocks_editor_width":"","advgb_blocks_columns_visual_guide":"","footnotes":""},"product_brand":[],"product_cat":[2538,2566,2514,2559,2567],"product_tag":[],"class_list":{"0":"post-28485","1":"product","2":"type-product","3":"status-publish","4":"has-post-thumbnail","6":"product_cat-allgemeine-bauarbeiten","7":"product_cat-pu-schaume","8":"product_cat-anwendungsbereiche","9":"product_cat-produktgruppen","10":"product_cat-easygun-schaume","12":"first","13":"outofstock","14":"taxable","15":"shipping-taxable","16":"purchasable","17":"product-type-simple"},"acf":[],"yoast_head":"<!-- This site is optimized with the Yoast SEO plugin v27.2 - https:\/\/yoast.com\/product\/yoast-seo-wordpress\/ -->\n<title>Pistolenschaum B2 110 mit EasyGun Applikator | Penosil DE<\/title>\n<meta name=\"description\" content=\"PENOSIL EasyGun-Pistolenschaum B2 110 ist ein Pistolenschaum mit EasyGun-Applikator zum F\u00fcllen von schmalen, tiefen Fugen. Mehr erfahren!\" \/>\n<meta name=\"robots\" content=\"index, follow, max-snippet:-1, max-image-preview:large, max-video-preview:-1\" \/>\n<link rel=\"canonical\" href=\"https:\/\/penosil.com\/de\/produkt\/easygun-pistolenschaum-b2-110-fuer-schmale-fugen\/\" \/>\n<meta property=\"og:locale\" content=\"de_DE\" \/>\n<meta property=\"og:type\" content=\"article\" \/>\n<meta property=\"og:title\" content=\"Pistolenschaum B2 110 mit EasyGun Applikator | Penosil DE\" \/>\n<meta property=\"og:description\" content=\"PENOSIL EasyGun-Pistolenschaum B2 110 ist ein Pistolenschaum mit EasyGun-Applikator zum F\u00fcllen von schmalen, tiefen Fugen. Mehr erfahren!\" \/>\n<meta property=\"og:url\" content=\"https:\/\/penosil.com\/de\/produkt\/easygun-pistolenschaum-b2-110-fuer-schmale-fugen\/\" \/>\n<meta property=\"og:site_name\" content=\"Penosil Germany\" \/>\n<meta property=\"article:modified_time\" content=\"2026-04-12T00:02:42+00:00\" \/>\n<meta property=\"og:image\" content=\"https:\/\/penosil.com\/de\/wp-content\/uploads\/sites\/33\/2024\/07\/110_EasyGun_Pistolenschaum_B2_110_2_DE.png\" \/>\n\t<meta property=\"og:image:width\" content=\"523\" \/>\n\t<meta property=\"og:image:height\" content=\"1080\" \/>\n\t<meta property=\"og:image:type\" content=\"image\/png\" \/>\n<meta name=\"twitter:card\" content=\"summary_large_image\" \/>\n<meta name=\"twitter:label1\" content=\"Gesch\u00e4tzte Lesezeit\" \/>\n\t<meta name=\"twitter:data1\" content=\"5\u00a0Minuten\" \/>\n<script type=\"application\/ld+json\" class=\"yoast-schema-graph\">{\"@context\":\"https:\/\/schema.org\",\"@graph\":[{\"@type\":\"WebPage\",\"@id\":\"https:\/\/penosil.com\/de\/produkt\/easygun-pistolenschaum-b2-110-fuer-schmale-fugen\/\",\"url\":\"https:\/\/penosil.com\/de\/produkt\/easygun-pistolenschaum-b2-110-fuer-schmale-fugen\/\",\"name\":\"Pistolenschaum B2 110 mit EasyGun Applikator | Penosil DE\",\"isPartOf\":{\"@id\":\"https:\/\/penosil.com\/de\/#website\"},\"primaryImageOfPage\":{\"@id\":\"https:\/\/penosil.com\/de\/produkt\/easygun-pistolenschaum-b2-110-fuer-schmale-fugen\/#primaryimage\"},\"image\":{\"@id\":\"https:\/\/penosil.com\/de\/produkt\/easygun-pistolenschaum-b2-110-fuer-schmale-fugen\/#primaryimage\"},\"thumbnailUrl\":\"https:\/\/penosil.com\/de\/wp-content\/uploads\/sites\/33\/2024\/07\/110_EasyGun_Pistolenschaum_B2_110_2_DE.png\",\"datePublished\":\"2022-06-15T06:24:46+00:00\",\"dateModified\":\"2026-04-12T00:02:42+00:00\",\"description\":\"PENOSIL EasyGun-Pistolenschaum B2 110 ist ein Pistolenschaum mit EasyGun-Applikator zum F\u00fcllen von schmalen, tiefen Fugen. Mehr erfahren!\",\"breadcrumb\":{\"@id\":\"https:\/\/penosil.com\/de\/produkt\/easygun-pistolenschaum-b2-110-fuer-schmale-fugen\/#breadcrumb\"},\"inLanguage\":\"de\",\"potentialAction\":[{\"@type\":\"ReadAction\",\"target\":[\"https:\/\/penosil.com\/de\/produkt\/easygun-pistolenschaum-b2-110-fuer-schmale-fugen\/\"]}]},{\"@type\":\"ImageObject\",\"inLanguage\":\"de\",\"@id\":\"https:\/\/penosil.com\/de\/produkt\/easygun-pistolenschaum-b2-110-fuer-schmale-fugen\/#primaryimage\",\"url\":\"https:\/\/penosil.com\/de\/wp-content\/uploads\/sites\/33\/2024\/07\/110_EasyGun_Pistolenschaum_B2_110_2_DE.png\",\"contentUrl\":\"https:\/\/penosil.com\/de\/wp-content\/uploads\/sites\/33\/2024\/07\/110_EasyGun_Pistolenschaum_B2_110_2_DE.png\",\"width\":523,\"height\":1080,\"caption\":\"EasyGun Pistolenschaum B2 110 f\u00fcr schmale Fugen\"},{\"@type\":\"BreadcrumbList\",\"@id\":\"https:\/\/penosil.com\/de\/produkt\/easygun-pistolenschaum-b2-110-fuer-schmale-fugen\/#breadcrumb\",\"itemListElement\":[{\"@type\":\"ListItem\",\"position\":1,\"name\":\"Starseite\",\"item\":\"https:\/\/penosil.com\/de\/\"},{\"@type\":\"ListItem\",\"position\":2,\"name\":\"Produkte\",\"item\":\"https:\/\/penosil.com\/de\/produkte\/\"},{\"@type\":\"ListItem\",\"position\":3,\"name\":\"EasyGun Pistolenschaum B2 110\"}]},{\"@type\":\"WebSite\",\"@id\":\"https:\/\/penosil.com\/de\/#website\",\"url\":\"https:\/\/penosil.com\/de\/\",\"name\":\"Penosil Germany\",\"description\":\"\",\"potentialAction\":[{\"@type\":\"SearchAction\",\"target\":{\"@type\":\"EntryPoint\",\"urlTemplate\":\"https:\/\/penosil.com\/de\/?s={search_term_string}\"},\"query-input\":{\"@type\":\"PropertyValueSpecification\",\"valueRequired\":true,\"valueName\":\"search_term_string\"}}],\"inLanguage\":\"de\"}]}<\/script>\n<!-- \/ Yoast SEO plugin. -->","yoast_head_json":{"title":"Pistolenschaum B2 110 mit EasyGun Applikator | Penosil DE","description":"PENOSIL EasyGun-Pistolenschaum B2 110 ist ein Pistolenschaum mit EasyGun-Applikator zum F\u00fcllen von schmalen, tiefen Fugen. Mehr erfahren!","robots":{"index":"index","follow":"follow","max-snippet":"max-snippet:-1","max-image-preview":"max-image-preview:large","max-video-preview":"max-video-preview:-1"},"canonical":"https:\/\/penosil.com\/de\/produkt\/easygun-pistolenschaum-b2-110-fuer-schmale-fugen\/","og_locale":"de_DE","og_type":"article","og_title":"Pistolenschaum B2 110 mit EasyGun Applikator | Penosil DE","og_description":"PENOSIL EasyGun-Pistolenschaum B2 110 ist ein Pistolenschaum mit EasyGun-Applikator zum F\u00fcllen von schmalen, tiefen Fugen. Mehr erfahren!","og_url":"https:\/\/penosil.com\/de\/produkt\/easygun-pistolenschaum-b2-110-fuer-schmale-fugen\/","og_site_name":"Penosil Germany","article_modified_time":"2026-04-12T00:02:42+00:00","og_image":[{"width":523,"height":1080,"url":"https:\/\/penosil.com\/de\/wp-content\/uploads\/sites\/33\/2024\/07\/110_EasyGun_Pistolenschaum_B2_110_2_DE.png","type":"image\/png"}],"twitter_card":"summary_large_image","twitter_misc":{"Gesch\u00e4tzte Lesezeit":"5\u00a0Minuten"},"schema":{"@context":"https:\/\/schema.org","@graph":[{"@type":"WebPage","@id":"https:\/\/penosil.com\/de\/produkt\/easygun-pistolenschaum-b2-110-fuer-schmale-fugen\/","url":"https:\/\/penosil.com\/de\/produkt\/easygun-pistolenschaum-b2-110-fuer-schmale-fugen\/","name":"Pistolenschaum B2 110 mit EasyGun Applikator | Penosil DE","isPartOf":{"@id":"https:\/\/penosil.com\/de\/#website"},"primaryImageOfPage":{"@id":"https:\/\/penosil.com\/de\/produkt\/easygun-pistolenschaum-b2-110-fuer-schmale-fugen\/#primaryimage"},"image":{"@id":"https:\/\/penosil.com\/de\/produkt\/easygun-pistolenschaum-b2-110-fuer-schmale-fugen\/#primaryimage"},"thumbnailUrl":"https:\/\/penosil.com\/de\/wp-content\/uploads\/sites\/33\/2024\/07\/110_EasyGun_Pistolenschaum_B2_110_2_DE.png","datePublished":"2022-06-15T06:24:46+00:00","dateModified":"2026-04-12T00:02:42+00:00","description":"PENOSIL EasyGun-Pistolenschaum B2 110 ist ein Pistolenschaum mit EasyGun-Applikator zum F\u00fcllen von schmalen, tiefen Fugen. Mehr erfahren!","breadcrumb":{"@id":"https:\/\/penosil.com\/de\/produkt\/easygun-pistolenschaum-b2-110-fuer-schmale-fugen\/#breadcrumb"},"inLanguage":"de","potentialAction":[{"@type":"ReadAction","target":["https:\/\/penosil.com\/de\/produkt\/easygun-pistolenschaum-b2-110-fuer-schmale-fugen\/"]}]},{"@type":"ImageObject","inLanguage":"de","@id":"https:\/\/penosil.com\/de\/produkt\/easygun-pistolenschaum-b2-110-fuer-schmale-fugen\/#primaryimage","url":"https:\/\/penosil.com\/de\/wp-content\/uploads\/sites\/33\/2024\/07\/110_EasyGun_Pistolenschaum_B2_110_2_DE.png","contentUrl":"https:\/\/penosil.com\/de\/wp-content\/uploads\/sites\/33\/2024\/07\/110_EasyGun_Pistolenschaum_B2_110_2_DE.png","width":523,"height":1080,"caption":"EasyGun Pistolenschaum B2 110 f\u00fcr schmale Fugen"},{"@type":"BreadcrumbList","@id":"https:\/\/penosil.com\/de\/produkt\/easygun-pistolenschaum-b2-110-fuer-schmale-fugen\/#breadcrumb","itemListElement":[{"@type":"ListItem","position":1,"name":"Starseite","item":"https:\/\/penosil.com\/de\/"},{"@type":"ListItem","position":2,"name":"Produkte","item":"https:\/\/penosil.com\/de\/produkte\/"},{"@type":"ListItem","position":3,"name":"EasyGun Pistolenschaum B2 110"}]},{"@type":"WebSite","@id":"https:\/\/penosil.com\/de\/#website","url":"https:\/\/penosil.com\/de\/","name":"Penosil Germany","description":"","potentialAction":[{"@type":"SearchAction","target":{"@type":"EntryPoint","urlTemplate":"https:\/\/penosil.com\/de\/?s={search_term_string}"},"query-input":{"@type":"PropertyValueSpecification","valueRequired":true,"valueName":"search_term_string"}}],"inLanguage":"de"}]}},"featured_img":"https:\/\/penosil.com\/de\/wp-content\/uploads\/sites\/33\/2024\/07\/110_EasyGun_Pistolenschaum_B2_110_2_DE.png","coauthors":[],"author_meta":{"author_link":"https:\/\/penosil.com\/de\/author\/yanina\/","display_name":"Yanina Leskova"},"relative_dates":{"created":"Posted 4\u00a0Jahren ago","modified":"Updated 1\u00a0Stunde ago"},"absolute_dates":{"created":"Posted on 15. Juni 2022","modified":"Updated on 12. April 2026"},"absolute_dates_time":{"created":"Posted on 15. Juni 2022 6:24","modified":"Updated on 12. April 2026 0:02"},"featured_img_caption":"","tax_additional":{"product_brand":{"linked":[],"unlinked":[],"slug":"product_brand","name":"Marken"},"product_type":{"linked":["<a href=\"https:\/\/penosil.com\/de\/?taxonomy=product_type&#038;term=simple\" class=\"advgb-post-tax-term\">simple<\/a>"],"unlinked":["<span class=\"advgb-post-tax-term\">simple<\/span>"],"slug":"product_type","name":"Produkttyp"},"product_visibility":{"linked":["<a href=\"https:\/\/penosil.com\/de\/en\/?taxonomy=product_visibility&#038;term=outofstock\" class=\"advgb-post-tax-term\">outofstock<\/a>"],"unlinked":["<span class=\"advgb-post-tax-term\">outofstock<\/span>"],"slug":"product_visibility","name":"Sichtbarkeit des Produkts"},"product_cat":{"linked":["<a href=\"https:\/\/penosil.com\/de\/produkt-kategorie\/anwendungsbereiche\/allgemeine-bauarbeiten\/\" class=\"advgb-post-tax-term\">Allgemeine Bauarbeiten<\/a>","<a href=\"https:\/\/penosil.com\/de\/produkt-kategorie\/produktgruppen\/pu-schaume\/\" class=\"advgb-post-tax-term\">PU-Sch\u00e4ume<\/a>","<a href=\"https:\/\/penosil.com\/de\/produkt-kategorie\/anwendungsbereiche\/\" class=\"advgb-post-tax-term\">Anwendungsbereiche<\/a>","<a href=\"https:\/\/penosil.com\/de\/produkt-kategorie\/produktgruppen\/\" class=\"advgb-post-tax-term\">Produktgruppen<\/a>","<a href=\"https:\/\/penosil.com\/de\/produkt-kategorie\/produktgruppen\/pu-schaume\/easygun-schaume\/\" class=\"advgb-post-tax-term\">EasyGun-Sch\u00e4ume<\/a>"],"unlinked":["<span class=\"advgb-post-tax-term\">Allgemeine Bauarbeiten<\/span>","<span class=\"advgb-post-tax-term\">PU-Sch\u00e4ume<\/span>","<span class=\"advgb-post-tax-term\">Anwendungsbereiche<\/span>","<span class=\"advgb-post-tax-term\">Produktgruppen<\/span>","<span class=\"advgb-post-tax-term\">EasyGun-Sch\u00e4ume<\/span>"],"slug":"product_cat","name":"Produkt-Kategorien"},"product_tag":{"linked":[],"unlinked":[],"slug":"product_tag","name":"Produkt-Schlagw\u00f6rter"},"product_shipping_class":{"linked":[],"unlinked":[],"slug":"product_shipping_class","name":"Produkt Versandklasse"},"pos_product_visibility":{"linked":[],"unlinked":[],"slug":"pos_product_visibility","name":"POS-Produkt-Sichtbarkeit."},"pa_diameter":{"linked":[],"unlinked":[],"slug":"pa_diameter","name":"Product Diameter"},"pa_farbe":{"linked":["<a href=\"https:\/\/penosil.com\/de\/?taxonomy=pa_farbe&#038;term=gelb\" class=\"advgb-post-tax-term\">Gelb<\/a>"],"unlinked":["<span class=\"advgb-post-tax-term\">Gelb<\/span>"],"slug":"pa_farbe","name":"Product Farbe"},"pa_roll":{"linked":[],"unlinked":[],"slug":"pa_roll","name":"Product Roll"},"pa_verpackung":{"linked":[],"unlinked":[],"slug":"pa_verpackung","name":"Product Verpackung"},"pa_widths":{"linked":[],"unlinked":[],"slug":"pa_widths","name":"Product Widths"},"translation_priority":{"linked":["<a href=\"https:\/\/penosil.com\/de\/?taxonomy=translation_priority&#038;term=optional-de\" class=\"advgb-post-tax-term\">Optional<\/a>"],"unlinked":["<span class=\"advgb-post-tax-term\">Optional<\/span>"],"slug":"translation_priority","name":"\u00dcbersetzungspriorit\u00e4ten"}},"series_order":"","_links":{"self":[{"href":"https:\/\/penosil.com\/de\/wp-json\/wp\/v2\/product\/28485","targetHints":{"allow":["GET"]}}],"collection":[{"href":"https:\/\/penosil.com\/de\/wp-json\/wp\/v2\/product"}],"about":[{"href":"https:\/\/penosil.com\/de\/wp-json\/wp\/v2\/types\/product"}],"version-history":[{"count":11,"href":"https:\/\/penosil.com\/de\/wp-json\/wp\/v2\/product\/28485\/revisions"}],"predecessor-version":[{"id":31788,"href":"https:\/\/penosil.com\/de\/wp-json\/wp\/v2\/product\/28485\/revisions\/31788"}],"wp:featuredmedia":[{"embeddable":true,"href":"https:\/\/penosil.com\/de\/wp-json\/wp\/v2\/media\/30054"}],"wp:attachment":[{"href":"https:\/\/penosil.com\/de\/wp-json\/wp\/v2\/media?parent=28485"}],"wp:term":[{"taxonomy":"product_brand","embeddable":true,"href":"https:\/\/penosil.com\/de\/wp-json\/wp\/v2\/product_brand?post=28485"},{"taxonomy":"product_cat","embeddable":true,"href":"https:\/\/penosil.com\/de\/wp-json\/wp\/v2\/product_cat?post=28485"},{"taxonomy":"product_tag","embeddable":true,"href":"https:\/\/penosil.com\/de\/wp-json\/wp\/v2\/product_tag?post=28485"}],"curies":[{"name":"wp","href":"https:\/\/api.w.org\/{rel}","templated":true}]}}