{"id":28499,"date":"2022-06-15T10:14:49","date_gmt":"2022-06-15T10:14:49","guid":{"rendered":"https:\/\/penosil.com\/de\/?post_type=product&#038;p=28499"},"modified":"2026-04-12T00:02:47","modified_gmt":"2026-04-12T00:02:47","slug":"pistolenschaum-fur-allgemeine-bautatigkeiten","status":"publish","type":"product","link":"https:\/\/penosil.com\/de\/produkt\/pistolenschaum-fur-allgemeine-bautatigkeiten\/","title":{"rendered":"Pistolenschaum B3 146"},"content":{"rendered":"<p>PENOSIL Pistolenschaum B3 146 ist ein Einkomponentiger Mehrzweck-Polyurethan-Pistolenschaum B3 f\u00fcr verschiedene Bauarbeiten im Au\u00dfen- und Innenbereich, z. B. zum Abdichten von D\u00e4mmplattenfugen, Kabel- und Rohrdurchf\u00fchrungen, F\u00fcllen von Spalten und Rissen in der Geb\u00e4udestruktur.\u00a0<\/p>\n","protected":false},"excerpt":{"rendered":"Universal Pistolenschaum B3","protected":false},"author":7,"featured_media":29510,"template":"","meta":{"_acf_changed":false,"advgb_blocks_editor_width":"","advgb_blocks_columns_visual_guide":"","footnotes":""},"product_brand":[],"product_cat":[2538,2566,2568,2514,2559],"product_tag":[],"class_list":{"0":"post-28499","1":"product","2":"type-product","3":"status-publish","4":"has-post-thumbnail","6":"product_cat-allgemeine-bauarbeiten","7":"product_cat-pu-schaume","8":"product_cat-pistolenschaume","9":"product_cat-anwendungsbereiche","10":"product_cat-produktgruppen","12":"first","13":"outofstock","14":"taxable","15":"shipping-taxable","16":"purchasable","17":"product-type-simple"},"acf":[],"yoast_head":"<!-- This site is optimized with the Yoast SEO plugin v27.2 - https:\/\/yoast.com\/product\/yoast-seo-wordpress\/ -->\n<title>PENOSIL Pistolenschaum B3 146 f\u00fcr allgemeine Baut\u00e4tigkeiten<\/title>\n<meta name=\"description\" content=\"PENOSIL Pistolenschaum B3 146 ist ein Einkomponentiger Mehrzweck-Polyurethan-Pistolenschaum. Abdichten Fugen und Durchf\u00fchrungen. Mehr lesen.\" \/>\n<meta name=\"robots\" content=\"index, follow, max-snippet:-1, max-image-preview:large, max-video-preview:-1\" \/>\n<link rel=\"canonical\" href=\"https:\/\/penosil.com\/de\/produkt\/pistolenschaum-fur-allgemeine-bautatigkeiten\/\" \/>\n<meta property=\"og:locale\" content=\"de_DE\" \/>\n<meta property=\"og:type\" content=\"article\" \/>\n<meta property=\"og:title\" content=\"PENOSIL Pistolenschaum B3 146 f\u00fcr allgemeine Baut\u00e4tigkeiten\" \/>\n<meta property=\"og:description\" content=\"PENOSIL Pistolenschaum B3 146 ist ein Einkomponentiger Mehrzweck-Polyurethan-Pistolenschaum. Abdichten Fugen und Durchf\u00fchrungen. Mehr lesen.\" \/>\n<meta property=\"og:url\" content=\"https:\/\/penosil.com\/de\/produkt\/pistolenschaum-fur-allgemeine-bautatigkeiten\/\" \/>\n<meta property=\"og:site_name\" content=\"Penosil Germany\" \/>\n<meta property=\"article:modified_time\" content=\"2026-04-12T00:02:47+00:00\" \/>\n<meta property=\"og:image\" content=\"https:\/\/penosil.com\/de\/wp-content\/uploads\/sites\/33\/2024\/05\/146_Pistolenschaum_B3_146_DE2028229.png\" \/>\n\t<meta property=\"og:image:width\" content=\"523\" \/>\n\t<meta property=\"og:image:height\" content=\"1080\" \/>\n\t<meta property=\"og:image:type\" content=\"image\/png\" \/>\n<meta name=\"twitter:card\" content=\"summary_large_image\" \/>\n<meta name=\"twitter:label1\" content=\"Gesch\u00e4tzte Lesezeit\" \/>\n\t<meta name=\"twitter:data1\" content=\"5\u00a0Minuten\" \/>\n<script type=\"application\/ld+json\" class=\"yoast-schema-graph\">{\"@context\":\"https:\/\/schema.org\",\"@graph\":[{\"@type\":\"WebPage\",\"@id\":\"https:\/\/penosil.com\/de\/produkt\/pistolenschaum-fur-allgemeine-bautatigkeiten\/\",\"url\":\"https:\/\/penosil.com\/de\/produkt\/pistolenschaum-fur-allgemeine-bautatigkeiten\/\",\"name\":\"PENOSIL Pistolenschaum B3 146 f\u00fcr allgemeine Baut\u00e4tigkeiten\",\"isPartOf\":{\"@id\":\"https:\/\/penosil.com\/de\/#website\"},\"primaryImageOfPage\":{\"@id\":\"https:\/\/penosil.com\/de\/produkt\/pistolenschaum-fur-allgemeine-bautatigkeiten\/#primaryimage\"},\"image\":{\"@id\":\"https:\/\/penosil.com\/de\/produkt\/pistolenschaum-fur-allgemeine-bautatigkeiten\/#primaryimage\"},\"thumbnailUrl\":\"https:\/\/penosil.com\/de\/wp-content\/uploads\/sites\/33\/2024\/05\/146_Pistolenschaum_B3_146_DE2028229.png\",\"datePublished\":\"2022-06-15T10:14:49+00:00\",\"dateModified\":\"2026-04-12T00:02:47+00:00\",\"description\":\"PENOSIL Pistolenschaum B3 146 ist ein Einkomponentiger Mehrzweck-Polyurethan-Pistolenschaum. Abdichten Fugen und Durchf\u00fchrungen. Mehr lesen.\",\"breadcrumb\":{\"@id\":\"https:\/\/penosil.com\/de\/produkt\/pistolenschaum-fur-allgemeine-bautatigkeiten\/#breadcrumb\"},\"inLanguage\":\"de\",\"potentialAction\":[{\"@type\":\"ReadAction\",\"target\":[\"https:\/\/penosil.com\/de\/produkt\/pistolenschaum-fur-allgemeine-bautatigkeiten\/\"]}]},{\"@type\":\"ImageObject\",\"inLanguage\":\"de\",\"@id\":\"https:\/\/penosil.com\/de\/produkt\/pistolenschaum-fur-allgemeine-bautatigkeiten\/#primaryimage\",\"url\":\"https:\/\/penosil.com\/de\/wp-content\/uploads\/sites\/33\/2024\/05\/146_Pistolenschaum_B3_146_DE2028229.png\",\"contentUrl\":\"https:\/\/penosil.com\/de\/wp-content\/uploads\/sites\/33\/2024\/05\/146_Pistolenschaum_B3_146_DE2028229.png\",\"width\":523,\"height\":1080},{\"@type\":\"BreadcrumbList\",\"@id\":\"https:\/\/penosil.com\/de\/produkt\/pistolenschaum-fur-allgemeine-bautatigkeiten\/#breadcrumb\",\"itemListElement\":[{\"@type\":\"ListItem\",\"position\":1,\"name\":\"Starseite\",\"item\":\"https:\/\/penosil.com\/de\/\"},{\"@type\":\"ListItem\",\"position\":2,\"name\":\"Produkte\",\"item\":\"https:\/\/penosil.com\/de\/produkte\/\"},{\"@type\":\"ListItem\",\"position\":3,\"name\":\"Pistolenschaum B3 146\"}]},{\"@type\":\"WebSite\",\"@id\":\"https:\/\/penosil.com\/de\/#website\",\"url\":\"https:\/\/penosil.com\/de\/\",\"name\":\"Penosil Germany\",\"description\":\"\",\"potentialAction\":[{\"@type\":\"SearchAction\",\"target\":{\"@type\":\"EntryPoint\",\"urlTemplate\":\"https:\/\/penosil.com\/de\/?s={search_term_string}\"},\"query-input\":{\"@type\":\"PropertyValueSpecification\",\"valueRequired\":true,\"valueName\":\"search_term_string\"}}],\"inLanguage\":\"de\"}]}<\/script>\n<!-- \/ Yoast SEO plugin. -->","yoast_head_json":{"title":"PENOSIL Pistolenschaum B3 146 f\u00fcr allgemeine Baut\u00e4tigkeiten","description":"PENOSIL Pistolenschaum B3 146 ist ein Einkomponentiger Mehrzweck-Polyurethan-Pistolenschaum. Abdichten Fugen und Durchf\u00fchrungen. Mehr lesen.","robots":{"index":"index","follow":"follow","max-snippet":"max-snippet:-1","max-image-preview":"max-image-preview:large","max-video-preview":"max-video-preview:-1"},"canonical":"https:\/\/penosil.com\/de\/produkt\/pistolenschaum-fur-allgemeine-bautatigkeiten\/","og_locale":"de_DE","og_type":"article","og_title":"PENOSIL Pistolenschaum B3 146 f\u00fcr allgemeine Baut\u00e4tigkeiten","og_description":"PENOSIL Pistolenschaum B3 146 ist ein Einkomponentiger Mehrzweck-Polyurethan-Pistolenschaum. Abdichten Fugen und Durchf\u00fchrungen. Mehr lesen.","og_url":"https:\/\/penosil.com\/de\/produkt\/pistolenschaum-fur-allgemeine-bautatigkeiten\/","og_site_name":"Penosil Germany","article_modified_time":"2026-04-12T00:02:47+00:00","og_image":[{"width":523,"height":1080,"url":"https:\/\/penosil.com\/de\/wp-content\/uploads\/sites\/33\/2024\/05\/146_Pistolenschaum_B3_146_DE2028229.png","type":"image\/png"}],"twitter_card":"summary_large_image","twitter_misc":{"Gesch\u00e4tzte Lesezeit":"5\u00a0Minuten"},"schema":{"@context":"https:\/\/schema.org","@graph":[{"@type":"WebPage","@id":"https:\/\/penosil.com\/de\/produkt\/pistolenschaum-fur-allgemeine-bautatigkeiten\/","url":"https:\/\/penosil.com\/de\/produkt\/pistolenschaum-fur-allgemeine-bautatigkeiten\/","name":"PENOSIL Pistolenschaum B3 146 f\u00fcr allgemeine Baut\u00e4tigkeiten","isPartOf":{"@id":"https:\/\/penosil.com\/de\/#website"},"primaryImageOfPage":{"@id":"https:\/\/penosil.com\/de\/produkt\/pistolenschaum-fur-allgemeine-bautatigkeiten\/#primaryimage"},"image":{"@id":"https:\/\/penosil.com\/de\/produkt\/pistolenschaum-fur-allgemeine-bautatigkeiten\/#primaryimage"},"thumbnailUrl":"https:\/\/penosil.com\/de\/wp-content\/uploads\/sites\/33\/2024\/05\/146_Pistolenschaum_B3_146_DE2028229.png","datePublished":"2022-06-15T10:14:49+00:00","dateModified":"2026-04-12T00:02:47+00:00","description":"PENOSIL Pistolenschaum B3 146 ist ein Einkomponentiger Mehrzweck-Polyurethan-Pistolenschaum. Abdichten Fugen und Durchf\u00fchrungen. Mehr lesen.","breadcrumb":{"@id":"https:\/\/penosil.com\/de\/produkt\/pistolenschaum-fur-allgemeine-bautatigkeiten\/#breadcrumb"},"inLanguage":"de","potentialAction":[{"@type":"ReadAction","target":["https:\/\/penosil.com\/de\/produkt\/pistolenschaum-fur-allgemeine-bautatigkeiten\/"]}]},{"@type":"ImageObject","inLanguage":"de","@id":"https:\/\/penosil.com\/de\/produkt\/pistolenschaum-fur-allgemeine-bautatigkeiten\/#primaryimage","url":"https:\/\/penosil.com\/de\/wp-content\/uploads\/sites\/33\/2024\/05\/146_Pistolenschaum_B3_146_DE2028229.png","contentUrl":"https:\/\/penosil.com\/de\/wp-content\/uploads\/sites\/33\/2024\/05\/146_Pistolenschaum_B3_146_DE2028229.png","width":523,"height":1080},{"@type":"BreadcrumbList","@id":"https:\/\/penosil.com\/de\/produkt\/pistolenschaum-fur-allgemeine-bautatigkeiten\/#breadcrumb","itemListElement":[{"@type":"ListItem","position":1,"name":"Starseite","item":"https:\/\/penosil.com\/de\/"},{"@type":"ListItem","position":2,"name":"Produkte","item":"https:\/\/penosil.com\/de\/produkte\/"},{"@type":"ListItem","position":3,"name":"Pistolenschaum B3 146"}]},{"@type":"WebSite","@id":"https:\/\/penosil.com\/de\/#website","url":"https:\/\/penosil.com\/de\/","name":"Penosil Germany","description":"","potentialAction":[{"@type":"SearchAction","target":{"@type":"EntryPoint","urlTemplate":"https:\/\/penosil.com\/de\/?s={search_term_string}"},"query-input":{"@type":"PropertyValueSpecification","valueRequired":true,"valueName":"search_term_string"}}],"inLanguage":"de"}]}},"featured_img":"https:\/\/penosil.com\/de\/wp-content\/uploads\/sites\/33\/2024\/05\/146_Pistolenschaum_B3_146_DE2028229.png","coauthors":[],"author_meta":{"author_link":"https:\/\/penosil.com\/de\/author\/yanina\/","display_name":"Yanina Leskova"},"relative_dates":{"created":"Posted 4\u00a0Jahren ago","modified":"Updated 3\u00a0Stunden ago"},"absolute_dates":{"created":"Posted on 15. Juni 2022","modified":"Updated on 12. April 2026"},"absolute_dates_time":{"created":"Posted on 15. Juni 2022 10:14","modified":"Updated on 12. April 2026 0:02"},"featured_img_caption":"","tax_additional":{"product_brand":{"linked":[],"unlinked":[],"slug":"product_brand","name":"Marken"},"product_type":{"linked":["<a href=\"https:\/\/penosil.com\/de\/?taxonomy=product_type&#038;term=simple\" class=\"advgb-post-tax-term\">simple<\/a>"],"unlinked":["<span class=\"advgb-post-tax-term\">simple<\/span>"],"slug":"product_type","name":"Produkttyp"},"product_visibility":{"linked":["<a href=\"https:\/\/penosil.com\/de\/en\/?taxonomy=product_visibility&#038;term=outofstock\" class=\"advgb-post-tax-term\">outofstock<\/a>"],"unlinked":["<span class=\"advgb-post-tax-term\">outofstock<\/span>"],"slug":"product_visibility","name":"Sichtbarkeit des Produkts"},"product_cat":{"linked":["<a href=\"https:\/\/penosil.com\/de\/produkt-kategorie\/anwendungsbereiche\/allgemeine-bauarbeiten\/\" class=\"advgb-post-tax-term\">Allgemeine Bauarbeiten<\/a>","<a href=\"https:\/\/penosil.com\/de\/produkt-kategorie\/produktgruppen\/pu-schaume\/\" class=\"advgb-post-tax-term\">PU-Sch\u00e4ume<\/a>","<a href=\"https:\/\/penosil.com\/de\/produkt-kategorie\/produktgruppen\/pu-schaume\/pistolenschaume\/\" class=\"advgb-post-tax-term\">Pistolensch\u00e4ume<\/a>","<a href=\"https:\/\/penosil.com\/de\/produkt-kategorie\/anwendungsbereiche\/\" class=\"advgb-post-tax-term\">Anwendungsbereiche<\/a>","<a href=\"https:\/\/penosil.com\/de\/produkt-kategorie\/produktgruppen\/\" class=\"advgb-post-tax-term\">Produktgruppen<\/a>"],"unlinked":["<span class=\"advgb-post-tax-term\">Allgemeine Bauarbeiten<\/span>","<span class=\"advgb-post-tax-term\">PU-Sch\u00e4ume<\/span>","<span class=\"advgb-post-tax-term\">Pistolensch\u00e4ume<\/span>","<span class=\"advgb-post-tax-term\">Anwendungsbereiche<\/span>","<span class=\"advgb-post-tax-term\">Produktgruppen<\/span>"],"slug":"product_cat","name":"Produkt-Kategorien"},"product_tag":{"linked":[],"unlinked":[],"slug":"product_tag","name":"Produkt-Schlagw\u00f6rter"},"product_shipping_class":{"linked":[],"unlinked":[],"slug":"product_shipping_class","name":"Produkt Versandklasse"},"pos_product_visibility":{"linked":[],"unlinked":[],"slug":"pos_product_visibility","name":"POS-Produkt-Sichtbarkeit."},"pa_diameter":{"linked":[],"unlinked":[],"slug":"pa_diameter","name":"Product Diameter"},"pa_farbe":{"linked":["<a href=\"https:\/\/penosil.com\/de\/?taxonomy=pa_farbe&#038;term=gelb\" class=\"advgb-post-tax-term\">Gelb<\/a>"],"unlinked":["<span class=\"advgb-post-tax-term\">Gelb<\/span>"],"slug":"pa_farbe","name":"Product Farbe"},"pa_roll":{"linked":[],"unlinked":[],"slug":"pa_roll","name":"Product Roll"},"pa_verpackung":{"linked":[],"unlinked":[],"slug":"pa_verpackung","name":"Product Verpackung"},"pa_widths":{"linked":[],"unlinked":[],"slug":"pa_widths","name":"Product Widths"},"translation_priority":{"linked":["<a href=\"https:\/\/penosil.com\/de\/?taxonomy=translation_priority&#038;term=optional-de\" class=\"advgb-post-tax-term\">Optional<\/a>"],"unlinked":["<span class=\"advgb-post-tax-term\">Optional<\/span>"],"slug":"translation_priority","name":"\u00dcbersetzungspriorit\u00e4ten"}},"series_order":"","_links":{"self":[{"href":"https:\/\/penosil.com\/de\/wp-json\/wp\/v2\/product\/28499","targetHints":{"allow":["GET"]}}],"collection":[{"href":"https:\/\/penosil.com\/de\/wp-json\/wp\/v2\/product"}],"about":[{"href":"https:\/\/penosil.com\/de\/wp-json\/wp\/v2\/types\/product"}],"version-history":[{"count":12,"href":"https:\/\/penosil.com\/de\/wp-json\/wp\/v2\/product\/28499\/revisions"}],"predecessor-version":[{"id":31801,"href":"https:\/\/penosil.com\/de\/wp-json\/wp\/v2\/product\/28499\/revisions\/31801"}],"wp:featuredmedia":[{"embeddable":true,"href":"https:\/\/penosil.com\/de\/wp-json\/wp\/v2\/media\/29510"}],"wp:attachment":[{"href":"https:\/\/penosil.com\/de\/wp-json\/wp\/v2\/media?parent=28499"}],"wp:term":[{"taxonomy":"product_brand","embeddable":true,"href":"https:\/\/penosil.com\/de\/wp-json\/wp\/v2\/product_brand?post=28499"},{"taxonomy":"product_cat","embeddable":true,"href":"https:\/\/penosil.com\/de\/wp-json\/wp\/v2\/product_cat?post=28499"},{"taxonomy":"product_tag","embeddable":true,"href":"https:\/\/penosil.com\/de\/wp-json\/wp\/v2\/product_tag?post=28499"}],"curies":[{"name":"wp","href":"https:\/\/api.w.org\/{rel}","templated":true}]}}