{"id":28500,"date":"2022-06-15T10:26:51","date_gmt":"2022-06-15T10:26:51","guid":{"rendered":"https:\/\/penosil.com\/de\/?post_type=product&#038;p=28500"},"modified":"2026-01-16T01:18:32","modified_gmt":"2026-01-16T01:18:32","slug":"isolierspruehschaum","status":"publish","type":"product","link":"https:\/\/penosil.com\/de\/produkt\/isolierspruehschaum\/","title":{"rendered":"Isolier-Spr\u00fchschaum 111"},"content":{"rendered":"<p>PENOSIL Isolier-Spr\u00fchschaum 111 ist ein Einkomponentiger, gebrauchsfertiger Spr\u00fchschaum f\u00fcr die Abdichtung und D\u00e4mmung aller Arten von schwer zug\u00e4nglichen Stellen und Oberfl\u00e4chen, bei denen die Verwendung herk\u00f6mmlicher D\u00e4mmstoffe schwierig ist. Schnell und bequem in der Anwendung. Der spezielle Spr\u00fchapplikator ist mit den meisten Schaumpistolen kompatibel.<\/p>\n","protected":false},"excerpt":{"rendered":"Spr\u00fchbarer Pistolenschaum","protected":false},"author":7,"featured_media":29511,"template":"","meta":{"_acf_changed":false,"advgb_blocks_editor_width":"","advgb_blocks_columns_visual_guide":"","footnotes":""},"product_brand":[],"product_cat":[2566,2514,2544,2559,2675],"product_tag":[],"class_list":{"0":"post-28500","1":"product","2":"type-product","3":"status-publish","4":"has-post-thumbnail","6":"product_cat-pu-schaume","7":"product_cat-anwendungsbereiche","8":"product_cat-dach-fassade","9":"product_cat-produktgruppen","10":"product_cat-easyspray-schaume","12":"first","13":"outofstock","14":"taxable","15":"shipping-taxable","16":"purchasable","17":"product-type-simple"},"acf":[],"yoast_head":"<!-- This site is optimized with the Yoast SEO plugin v27.2 - https:\/\/yoast.com\/product\/yoast-seo-wordpress\/ -->\n<title>PENOSIL Isolierspr\u00fchschaum 111 zur W\u00e4rme- und Schalld\u00e4mmung<\/title>\n<meta name=\"description\" content=\"PENOSIL Isolierspr\u00fchschaum 111 Isolierung von Fl\u00e4chen. Hervorragende Luftdichtheit, W\u00e4rme- und Schalld\u00e4mmung. Mehr dar\u00fcber erfahren!\" \/>\n<meta name=\"robots\" content=\"index, follow, max-snippet:-1, max-image-preview:large, max-video-preview:-1\" \/>\n<link rel=\"canonical\" href=\"https:\/\/penosil.com\/de\/produkt\/isolierspruehschaum\/\" \/>\n<meta property=\"og:locale\" content=\"de_DE\" \/>\n<meta property=\"og:type\" content=\"article\" \/>\n<meta property=\"og:title\" content=\"PENOSIL Isolierspr\u00fchschaum 111 zur W\u00e4rme- und Schalld\u00e4mmung\" \/>\n<meta property=\"og:description\" content=\"PENOSIL Isolierspr\u00fchschaum 111 Isolierung von Fl\u00e4chen. Hervorragende Luftdichtheit, W\u00e4rme- und Schalld\u00e4mmung. Mehr dar\u00fcber erfahren!\" \/>\n<meta property=\"og:url\" content=\"https:\/\/penosil.com\/de\/produkt\/isolierspruehschaum\/\" \/>\n<meta property=\"og:site_name\" content=\"Penosil Germany\" \/>\n<meta property=\"article:modified_time\" content=\"2026-01-16T01:18:32+00:00\" \/>\n<meta property=\"og:image\" content=\"https:\/\/penosil.com\/de\/wp-content\/uploads\/sites\/33\/2024\/05\/111_Isolier_SprC3BChschaum_111_DE.png\" \/>\n\t<meta property=\"og:image:width\" content=\"523\" \/>\n\t<meta property=\"og:image:height\" content=\"1080\" \/>\n\t<meta property=\"og:image:type\" content=\"image\/png\" \/>\n<meta name=\"twitter:card\" content=\"summary_large_image\" \/>\n<meta name=\"twitter:label1\" content=\"Gesch\u00e4tzte Lesezeit\" \/>\n\t<meta name=\"twitter:data1\" content=\"4\u00a0Minuten\" \/>\n<script type=\"application\/ld+json\" class=\"yoast-schema-graph\">{\"@context\":\"https:\/\/schema.org\",\"@graph\":[{\"@type\":\"WebPage\",\"@id\":\"https:\/\/penosil.com\/de\/produkt\/isolierspruehschaum\/\",\"url\":\"https:\/\/penosil.com\/de\/produkt\/isolierspruehschaum\/\",\"name\":\"PENOSIL Isolierspr\u00fchschaum 111 zur W\u00e4rme- und Schalld\u00e4mmung\",\"isPartOf\":{\"@id\":\"https:\/\/penosil.com\/de\/#website\"},\"primaryImageOfPage\":{\"@id\":\"https:\/\/penosil.com\/de\/produkt\/isolierspruehschaum\/#primaryimage\"},\"image\":{\"@id\":\"https:\/\/penosil.com\/de\/produkt\/isolierspruehschaum\/#primaryimage\"},\"thumbnailUrl\":\"https:\/\/penosil.com\/de\/wp-content\/uploads\/sites\/33\/2024\/05\/111_Isolier_SprC3BChschaum_111_DE.png\",\"datePublished\":\"2022-06-15T10:26:51+00:00\",\"dateModified\":\"2026-01-16T01:18:32+00:00\",\"description\":\"PENOSIL Isolierspr\u00fchschaum 111 Isolierung von Fl\u00e4chen. Hervorragende Luftdichtheit, W\u00e4rme- und Schalld\u00e4mmung. Mehr dar\u00fcber erfahren!\",\"breadcrumb\":{\"@id\":\"https:\/\/penosil.com\/de\/produkt\/isolierspruehschaum\/#breadcrumb\"},\"inLanguage\":\"de\",\"potentialAction\":[{\"@type\":\"ReadAction\",\"target\":[\"https:\/\/penosil.com\/de\/produkt\/isolierspruehschaum\/\"]}]},{\"@type\":\"ImageObject\",\"inLanguage\":\"de\",\"@id\":\"https:\/\/penosil.com\/de\/produkt\/isolierspruehschaum\/#primaryimage\",\"url\":\"https:\/\/penosil.com\/de\/wp-content\/uploads\/sites\/33\/2024\/05\/111_Isolier_SprC3BChschaum_111_DE.png\",\"contentUrl\":\"https:\/\/penosil.com\/de\/wp-content\/uploads\/sites\/33\/2024\/05\/111_Isolier_SprC3BChschaum_111_DE.png\",\"width\":523,\"height\":1080,\"caption\":\"Isolier-Spr\u00fchschaum 111 Spr\u00fchbarer Pistolenschaum\"},{\"@type\":\"BreadcrumbList\",\"@id\":\"https:\/\/penosil.com\/de\/produkt\/isolierspruehschaum\/#breadcrumb\",\"itemListElement\":[{\"@type\":\"ListItem\",\"position\":1,\"name\":\"Starseite\",\"item\":\"https:\/\/penosil.com\/de\/\"},{\"@type\":\"ListItem\",\"position\":2,\"name\":\"Produkte\",\"item\":\"https:\/\/penosil.com\/de\/produkte\/\"},{\"@type\":\"ListItem\",\"position\":3,\"name\":\"Isolier-Spr\u00fchschaum 111\"}]},{\"@type\":\"WebSite\",\"@id\":\"https:\/\/penosil.com\/de\/#website\",\"url\":\"https:\/\/penosil.com\/de\/\",\"name\":\"Penosil Germany\",\"description\":\"\",\"potentialAction\":[{\"@type\":\"SearchAction\",\"target\":{\"@type\":\"EntryPoint\",\"urlTemplate\":\"https:\/\/penosil.com\/de\/?s={search_term_string}\"},\"query-input\":{\"@type\":\"PropertyValueSpecification\",\"valueRequired\":true,\"valueName\":\"search_term_string\"}}],\"inLanguage\":\"de\"}]}<\/script>\n<!-- \/ Yoast SEO plugin. -->","yoast_head_json":{"title":"PENOSIL Isolierspr\u00fchschaum 111 zur W\u00e4rme- und Schalld\u00e4mmung","description":"PENOSIL Isolierspr\u00fchschaum 111 Isolierung von Fl\u00e4chen. Hervorragende Luftdichtheit, W\u00e4rme- und Schalld\u00e4mmung. Mehr dar\u00fcber erfahren!","robots":{"index":"index","follow":"follow","max-snippet":"max-snippet:-1","max-image-preview":"max-image-preview:large","max-video-preview":"max-video-preview:-1"},"canonical":"https:\/\/penosil.com\/de\/produkt\/isolierspruehschaum\/","og_locale":"de_DE","og_type":"article","og_title":"PENOSIL Isolierspr\u00fchschaum 111 zur W\u00e4rme- und Schalld\u00e4mmung","og_description":"PENOSIL Isolierspr\u00fchschaum 111 Isolierung von Fl\u00e4chen. Hervorragende Luftdichtheit, W\u00e4rme- und Schalld\u00e4mmung. Mehr dar\u00fcber erfahren!","og_url":"https:\/\/penosil.com\/de\/produkt\/isolierspruehschaum\/","og_site_name":"Penosil Germany","article_modified_time":"2026-01-16T01:18:32+00:00","og_image":[{"width":523,"height":1080,"url":"https:\/\/penosil.com\/de\/wp-content\/uploads\/sites\/33\/2024\/05\/111_Isolier_SprC3BChschaum_111_DE.png","type":"image\/png"}],"twitter_card":"summary_large_image","twitter_misc":{"Gesch\u00e4tzte Lesezeit":"4\u00a0Minuten"},"schema":{"@context":"https:\/\/schema.org","@graph":[{"@type":"WebPage","@id":"https:\/\/penosil.com\/de\/produkt\/isolierspruehschaum\/","url":"https:\/\/penosil.com\/de\/produkt\/isolierspruehschaum\/","name":"PENOSIL Isolierspr\u00fchschaum 111 zur W\u00e4rme- und Schalld\u00e4mmung","isPartOf":{"@id":"https:\/\/penosil.com\/de\/#website"},"primaryImageOfPage":{"@id":"https:\/\/penosil.com\/de\/produkt\/isolierspruehschaum\/#primaryimage"},"image":{"@id":"https:\/\/penosil.com\/de\/produkt\/isolierspruehschaum\/#primaryimage"},"thumbnailUrl":"https:\/\/penosil.com\/de\/wp-content\/uploads\/sites\/33\/2024\/05\/111_Isolier_SprC3BChschaum_111_DE.png","datePublished":"2022-06-15T10:26:51+00:00","dateModified":"2026-01-16T01:18:32+00:00","description":"PENOSIL Isolierspr\u00fchschaum 111 Isolierung von Fl\u00e4chen. Hervorragende Luftdichtheit, W\u00e4rme- und Schalld\u00e4mmung. Mehr dar\u00fcber erfahren!","breadcrumb":{"@id":"https:\/\/penosil.com\/de\/produkt\/isolierspruehschaum\/#breadcrumb"},"inLanguage":"de","potentialAction":[{"@type":"ReadAction","target":["https:\/\/penosil.com\/de\/produkt\/isolierspruehschaum\/"]}]},{"@type":"ImageObject","inLanguage":"de","@id":"https:\/\/penosil.com\/de\/produkt\/isolierspruehschaum\/#primaryimage","url":"https:\/\/penosil.com\/de\/wp-content\/uploads\/sites\/33\/2024\/05\/111_Isolier_SprC3BChschaum_111_DE.png","contentUrl":"https:\/\/penosil.com\/de\/wp-content\/uploads\/sites\/33\/2024\/05\/111_Isolier_SprC3BChschaum_111_DE.png","width":523,"height":1080,"caption":"Isolier-Spr\u00fchschaum 111 Spr\u00fchbarer Pistolenschaum"},{"@type":"BreadcrumbList","@id":"https:\/\/penosil.com\/de\/produkt\/isolierspruehschaum\/#breadcrumb","itemListElement":[{"@type":"ListItem","position":1,"name":"Starseite","item":"https:\/\/penosil.com\/de\/"},{"@type":"ListItem","position":2,"name":"Produkte","item":"https:\/\/penosil.com\/de\/produkte\/"},{"@type":"ListItem","position":3,"name":"Isolier-Spr\u00fchschaum 111"}]},{"@type":"WebSite","@id":"https:\/\/penosil.com\/de\/#website","url":"https:\/\/penosil.com\/de\/","name":"Penosil Germany","description":"","potentialAction":[{"@type":"SearchAction","target":{"@type":"EntryPoint","urlTemplate":"https:\/\/penosil.com\/de\/?s={search_term_string}"},"query-input":{"@type":"PropertyValueSpecification","valueRequired":true,"valueName":"search_term_string"}}],"inLanguage":"de"}]}},"featured_img":"https:\/\/penosil.com\/de\/wp-content\/uploads\/sites\/33\/2024\/05\/111_Isolier_SprC3BChschaum_111_DE.png","coauthors":[],"author_meta":{"author_link":"https:\/\/penosil.com\/de\/author\/yanina\/","display_name":"Yanina Leskova"},"relative_dates":{"created":"Posted 4\u00a0Jahren ago","modified":"Updated 3\u00a0Monaten ago"},"absolute_dates":{"created":"Posted on 15. Juni 2022","modified":"Updated on 16. Januar 2026"},"absolute_dates_time":{"created":"Posted on 15. Juni 2022 10:26","modified":"Updated on 16. Januar 2026 1:18"},"featured_img_caption":"","tax_additional":{"product_brand":{"linked":[],"unlinked":[],"slug":"product_brand","name":"Marken"},"product_type":{"linked":["<a href=\"https:\/\/penosil.com\/de\/?taxonomy=product_type&#038;term=simple\" class=\"advgb-post-tax-term\">simple<\/a>"],"unlinked":["<span class=\"advgb-post-tax-term\">simple<\/span>"],"slug":"product_type","name":"Produkttyp"},"product_visibility":{"linked":["<a href=\"https:\/\/penosil.com\/de\/en\/?taxonomy=product_visibility&#038;term=outofstock\" class=\"advgb-post-tax-term\">outofstock<\/a>"],"unlinked":["<span class=\"advgb-post-tax-term\">outofstock<\/span>"],"slug":"product_visibility","name":"Sichtbarkeit des Produkts"},"product_cat":{"linked":["<a href=\"https:\/\/penosil.com\/de\/produkt-kategorie\/produktgruppen\/pu-schaume\/\" class=\"advgb-post-tax-term\">PU-Sch\u00e4ume<\/a>","<a href=\"https:\/\/penosil.com\/de\/produkt-kategorie\/anwendungsbereiche\/\" class=\"advgb-post-tax-term\">Anwendungsbereiche<\/a>","<a href=\"https:\/\/penosil.com\/de\/produkt-kategorie\/anwendungsbereiche\/dach-fassade\/\" class=\"advgb-post-tax-term\">Dach &amp; Fassade<\/a>","<a href=\"https:\/\/penosil.com\/de\/produkt-kategorie\/produktgruppen\/\" class=\"advgb-post-tax-term\">Produktgruppen<\/a>","<a href=\"https:\/\/penosil.com\/de\/produkt-kategorie\/produktgruppen\/pu-schaume\/easyspray-schaume\/\" class=\"advgb-post-tax-term\">EasySpray-Sch\u00e4ume<\/a>"],"unlinked":["<span class=\"advgb-post-tax-term\">PU-Sch\u00e4ume<\/span>","<span class=\"advgb-post-tax-term\">Anwendungsbereiche<\/span>","<span class=\"advgb-post-tax-term\">Dach &amp; Fassade<\/span>","<span class=\"advgb-post-tax-term\">Produktgruppen<\/span>","<span class=\"advgb-post-tax-term\">EasySpray-Sch\u00e4ume<\/span>"],"slug":"product_cat","name":"Produkt-Kategorien"},"product_tag":{"linked":[],"unlinked":[],"slug":"product_tag","name":"Produkt-Schlagw\u00f6rter"},"product_shipping_class":{"linked":[],"unlinked":[],"slug":"product_shipping_class","name":"Produkt Versandklasse"},"pos_product_visibility":{"linked":[],"unlinked":[],"slug":"pos_product_visibility","name":"POS-Produkt-Sichtbarkeit."},"pa_diameter":{"linked":[],"unlinked":[],"slug":"pa_diameter","name":"Product Diameter"},"pa_farbe":{"linked":["<a href=\"https:\/\/penosil.com\/de\/?taxonomy=pa_farbe&#038;term=weiss\" class=\"advgb-post-tax-term\">Wei\u00df<\/a>"],"unlinked":["<span class=\"advgb-post-tax-term\">Wei\u00df<\/span>"],"slug":"pa_farbe","name":"Product Farbe"},"pa_roll":{"linked":[],"unlinked":[],"slug":"pa_roll","name":"Product Roll"},"pa_verpackung":{"linked":[],"unlinked":[],"slug":"pa_verpackung","name":"Product Verpackung"},"pa_widths":{"linked":[],"unlinked":[],"slug":"pa_widths","name":"Product Widths"},"translation_priority":{"linked":["<a href=\"https:\/\/penosil.com\/de\/?taxonomy=translation_priority&#038;term=optional-de\" class=\"advgb-post-tax-term\">Optional<\/a>"],"unlinked":["<span class=\"advgb-post-tax-term\">Optional<\/span>"],"slug":"translation_priority","name":"\u00dcbersetzungspriorit\u00e4ten"}},"series_order":"","_links":{"self":[{"href":"https:\/\/penosil.com\/de\/wp-json\/wp\/v2\/product\/28500","targetHints":{"allow":["GET"]}}],"collection":[{"href":"https:\/\/penosil.com\/de\/wp-json\/wp\/v2\/product"}],"about":[{"href":"https:\/\/penosil.com\/de\/wp-json\/wp\/v2\/types\/product"}],"version-history":[{"count":8,"href":"https:\/\/penosil.com\/de\/wp-json\/wp\/v2\/product\/28500\/revisions"}],"predecessor-version":[{"id":31854,"href":"https:\/\/penosil.com\/de\/wp-json\/wp\/v2\/product\/28500\/revisions\/31854"}],"wp:featuredmedia":[{"embeddable":true,"href":"https:\/\/penosil.com\/de\/wp-json\/wp\/v2\/media\/29511"}],"wp:attachment":[{"href":"https:\/\/penosil.com\/de\/wp-json\/wp\/v2\/media?parent=28500"}],"wp:term":[{"taxonomy":"product_brand","embeddable":true,"href":"https:\/\/penosil.com\/de\/wp-json\/wp\/v2\/product_brand?post=28500"},{"taxonomy":"product_cat","embeddable":true,"href":"https:\/\/penosil.com\/de\/wp-json\/wp\/v2\/product_cat?post=28500"},{"taxonomy":"product_tag","embeddable":true,"href":"https:\/\/penosil.com\/de\/wp-json\/wp\/v2\/product_tag?post=28500"}],"curies":[{"name":"wp","href":"https:\/\/api.w.org\/{rel}","templated":true}]}}