{"id":28502,"date":"2022-06-15T10:51:27","date_gmt":"2022-06-15T10:51:27","guid":{"rendered":"https:\/\/penosil.com\/de\/?post_type=product&#038;p=28502"},"modified":"2026-01-31T01:15:18","modified_gmt":"2026-01-31T01:15:18","slug":"schaumreiniger","status":"publish","type":"product","link":"https:\/\/penosil.com\/de\/produkt\/schaumreiniger\/","title":{"rendered":"Schaumreiniger 929"},"content":{"rendered":"<p>PENOSIL Schaumreiniger 929 ist ein L\u00f6sungsmittelhaltiger, spr\u00fchbarer PU-Schaumreiniger zur Entfernung von nicht ausgeh\u00e4rtetem Bauschaum von Werkzeugen, Textilien und Oberfl\u00e4chen. Reinigt effizient frischen PU-Schaum von der Innen- und Au\u00dfenseite der Schaumpistole, der Applikatorspitze, Oberfl\u00e4chen wie Fenster- und T\u00fcrrahmen, Textilien usw.<\/p>\n","protected":false},"excerpt":{"rendered":"Reiniger f\u00fcr nicht ausgeh\u00e4rteten Schaum","protected":false},"author":7,"featured_media":31570,"template":"","meta":{"_acf_changed":false,"advgb_blocks_editor_width":"","advgb_blocks_columns_visual_guide":"","footnotes":""},"product_brand":[],"product_cat":[2566,2514,2693,2559,2676,2580,2557],"product_tag":[],"class_list":{"0":"post-28502","1":"product","2":"type-product","3":"status-publish","4":"has-post-thumbnail","6":"product_cat-pu-schaume","7":"product_cat-anwendungsbereiche","8":"product_cat-reiniger","9":"product_cat-produktgruppen","10":"product_cat-schaumpistolen-und-reiniger","11":"product_cat-werkzeuge-reiniger","12":"product_cat-reinigen","14":"first","15":"outofstock","16":"taxable","17":"shipping-taxable","18":"purchasable","19":"product-type-simple"},"acf":[],"yoast_head":"<!-- This site is optimized with the Yoast SEO plugin v27.4 - https:\/\/yoast.com\/product\/yoast-seo-wordpress\/ -->\n<title>PENOSIL Schaumreiniger 929 zur Entfernung von Bauschaum<\/title>\n<meta name=\"description\" content=\"PENOSIL Schaumreiniger 929 Schaumreiniger zur Entfernung von ungeh\u00e4rtetem Bauschaum von Werkzeugen und Oberfl\u00e4chen. Lesen Sie mehr \u00fcber dieses Produkt!\" \/>\n<meta name=\"robots\" content=\"index, follow, max-snippet:-1, max-image-preview:large, max-video-preview:-1\" \/>\n<link rel=\"canonical\" href=\"https:\/\/penosil.com\/de\/produkt\/schaumreiniger\/\" \/>\n<meta property=\"og:locale\" content=\"de_DE\" \/>\n<meta property=\"og:type\" content=\"article\" \/>\n<meta property=\"og:title\" content=\"PENOSIL Schaumreiniger 929 zur Entfernung von Bauschaum\" \/>\n<meta property=\"og:description\" content=\"PENOSIL Schaumreiniger 929 Schaumreiniger zur Entfernung von ungeh\u00e4rtetem Bauschaum von Werkzeugen und Oberfl\u00e4chen. Lesen Sie mehr \u00fcber dieses Produkt!\" \/>\n<meta property=\"og:url\" content=\"https:\/\/penosil.com\/de\/produkt\/schaumreiniger\/\" \/>\n<meta property=\"og:site_name\" content=\"Penosil Germany\" \/>\n<meta property=\"article:modified_time\" content=\"2026-01-31T01:15:18+00:00\" \/>\n<meta property=\"og:image\" content=\"https:\/\/penosil.com\/de\/wp-content\/uploads\/sites\/33\/2025\/07\/PENOSIL20Schaumreiniger20929.png\" \/>\n\t<meta property=\"og:image:width\" content=\"523\" \/>\n\t<meta property=\"og:image:height\" content=\"1080\" \/>\n\t<meta property=\"og:image:type\" content=\"image\/png\" \/>\n<meta name=\"twitter:card\" content=\"summary_large_image\" \/>\n<meta name=\"twitter:label1\" content=\"Gesch\u00e4tzte Lesezeit\" \/>\n\t<meta name=\"twitter:data1\" content=\"3\u00a0Minuten\" \/>\n<script type=\"application\/ld+json\" class=\"yoast-schema-graph\">{\"@context\":\"https:\\\/\\\/schema.org\",\"@graph\":[{\"@type\":\"WebPage\",\"@id\":\"https:\\\/\\\/penosil.com\\\/de\\\/produkt\\\/schaumreiniger\\\/\",\"url\":\"https:\\\/\\\/penosil.com\\\/de\\\/produkt\\\/schaumreiniger\\\/\",\"name\":\"PENOSIL Schaumreiniger 929 zur Entfernung von Bauschaum\",\"isPartOf\":{\"@id\":\"https:\\\/\\\/penosil.com\\\/de\\\/#website\"},\"primaryImageOfPage\":{\"@id\":\"https:\\\/\\\/penosil.com\\\/de\\\/produkt\\\/schaumreiniger\\\/#primaryimage\"},\"image\":{\"@id\":\"https:\\\/\\\/penosil.com\\\/de\\\/produkt\\\/schaumreiniger\\\/#primaryimage\"},\"thumbnailUrl\":\"https:\\\/\\\/penosil.com\\\/de\\\/wp-content\\\/uploads\\\/sites\\\/33\\\/2025\\\/07\\\/PENOSIL20Schaumreiniger20929.png\",\"datePublished\":\"2022-06-15T10:51:27+00:00\",\"dateModified\":\"2026-01-31T01:15:18+00:00\",\"description\":\"PENOSIL Schaumreiniger 929 Schaumreiniger zur Entfernung von ungeh\u00e4rtetem Bauschaum von Werkzeugen und Oberfl\u00e4chen. Lesen Sie mehr \u00fcber dieses Produkt!\",\"breadcrumb\":{\"@id\":\"https:\\\/\\\/penosil.com\\\/de\\\/produkt\\\/schaumreiniger\\\/#breadcrumb\"},\"inLanguage\":\"de\",\"potentialAction\":[{\"@type\":\"ReadAction\",\"target\":[\"https:\\\/\\\/penosil.com\\\/de\\\/produkt\\\/schaumreiniger\\\/\"]}]},{\"@type\":\"ImageObject\",\"inLanguage\":\"de\",\"@id\":\"https:\\\/\\\/penosil.com\\\/de\\\/produkt\\\/schaumreiniger\\\/#primaryimage\",\"url\":\"https:\\\/\\\/penosil.com\\\/de\\\/wp-content\\\/uploads\\\/sites\\\/33\\\/2025\\\/07\\\/PENOSIL20Schaumreiniger20929.png\",\"contentUrl\":\"https:\\\/\\\/penosil.com\\\/de\\\/wp-content\\\/uploads\\\/sites\\\/33\\\/2025\\\/07\\\/PENOSIL20Schaumreiniger20929.png\",\"width\":523,\"height\":1080,\"caption\":\"Schaumreiniger 929 - Reiniger f\u00fcr nicht ausgeh\u00e4rteten Schaum\"},{\"@type\":\"BreadcrumbList\",\"@id\":\"https:\\\/\\\/penosil.com\\\/de\\\/produkt\\\/schaumreiniger\\\/#breadcrumb\",\"itemListElement\":[{\"@type\":\"ListItem\",\"position\":1,\"name\":\"Starseite\",\"item\":\"https:\\\/\\\/penosil.com\\\/de\\\/\"},{\"@type\":\"ListItem\",\"position\":2,\"name\":\"Produkte\",\"item\":\"https:\\\/\\\/penosil.com\\\/de\\\/produkte\\\/\"},{\"@type\":\"ListItem\",\"position\":3,\"name\":\"Schaumreiniger 929\"}]},{\"@type\":\"WebSite\",\"@id\":\"https:\\\/\\\/penosil.com\\\/de\\\/#website\",\"url\":\"https:\\\/\\\/penosil.com\\\/de\\\/\",\"name\":\"Penosil Germany\",\"description\":\"\",\"potentialAction\":[{\"@type\":\"SearchAction\",\"target\":{\"@type\":\"EntryPoint\",\"urlTemplate\":\"https:\\\/\\\/penosil.com\\\/de\\\/?s={search_term_string}\"},\"query-input\":{\"@type\":\"PropertyValueSpecification\",\"valueRequired\":true,\"valueName\":\"search_term_string\"}}],\"inLanguage\":\"de\"}]}<\/script>\n<!-- \/ Yoast SEO plugin. -->","yoast_head_json":{"title":"PENOSIL Schaumreiniger 929 zur Entfernung von Bauschaum","description":"PENOSIL Schaumreiniger 929 Schaumreiniger zur Entfernung von ungeh\u00e4rtetem Bauschaum von Werkzeugen und Oberfl\u00e4chen. Lesen Sie mehr \u00fcber dieses Produkt!","robots":{"index":"index","follow":"follow","max-snippet":"max-snippet:-1","max-image-preview":"max-image-preview:large","max-video-preview":"max-video-preview:-1"},"canonical":"https:\/\/penosil.com\/de\/produkt\/schaumreiniger\/","og_locale":"de_DE","og_type":"article","og_title":"PENOSIL Schaumreiniger 929 zur Entfernung von Bauschaum","og_description":"PENOSIL Schaumreiniger 929 Schaumreiniger zur Entfernung von ungeh\u00e4rtetem Bauschaum von Werkzeugen und Oberfl\u00e4chen. Lesen Sie mehr \u00fcber dieses Produkt!","og_url":"https:\/\/penosil.com\/de\/produkt\/schaumreiniger\/","og_site_name":"Penosil Germany","article_modified_time":"2026-01-31T01:15:18+00:00","og_image":[{"width":523,"height":1080,"url":"https:\/\/penosil.com\/de\/wp-content\/uploads\/sites\/33\/2025\/07\/PENOSIL20Schaumreiniger20929.png","type":"image\/png"}],"twitter_card":"summary_large_image","twitter_misc":{"Gesch\u00e4tzte Lesezeit":"3\u00a0Minuten"},"schema":{"@context":"https:\/\/schema.org","@graph":[{"@type":"WebPage","@id":"https:\/\/penosil.com\/de\/produkt\/schaumreiniger\/","url":"https:\/\/penosil.com\/de\/produkt\/schaumreiniger\/","name":"PENOSIL Schaumreiniger 929 zur Entfernung von Bauschaum","isPartOf":{"@id":"https:\/\/penosil.com\/de\/#website"},"primaryImageOfPage":{"@id":"https:\/\/penosil.com\/de\/produkt\/schaumreiniger\/#primaryimage"},"image":{"@id":"https:\/\/penosil.com\/de\/produkt\/schaumreiniger\/#primaryimage"},"thumbnailUrl":"https:\/\/penosil.com\/de\/wp-content\/uploads\/sites\/33\/2025\/07\/PENOSIL20Schaumreiniger20929.png","datePublished":"2022-06-15T10:51:27+00:00","dateModified":"2026-01-31T01:15:18+00:00","description":"PENOSIL Schaumreiniger 929 Schaumreiniger zur Entfernung von ungeh\u00e4rtetem Bauschaum von Werkzeugen und Oberfl\u00e4chen. Lesen Sie mehr \u00fcber dieses Produkt!","breadcrumb":{"@id":"https:\/\/penosil.com\/de\/produkt\/schaumreiniger\/#breadcrumb"},"inLanguage":"de","potentialAction":[{"@type":"ReadAction","target":["https:\/\/penosil.com\/de\/produkt\/schaumreiniger\/"]}]},{"@type":"ImageObject","inLanguage":"de","@id":"https:\/\/penosil.com\/de\/produkt\/schaumreiniger\/#primaryimage","url":"https:\/\/penosil.com\/de\/wp-content\/uploads\/sites\/33\/2025\/07\/PENOSIL20Schaumreiniger20929.png","contentUrl":"https:\/\/penosil.com\/de\/wp-content\/uploads\/sites\/33\/2025\/07\/PENOSIL20Schaumreiniger20929.png","width":523,"height":1080,"caption":"Schaumreiniger 929 - Reiniger f\u00fcr nicht ausgeh\u00e4rteten Schaum"},{"@type":"BreadcrumbList","@id":"https:\/\/penosil.com\/de\/produkt\/schaumreiniger\/#breadcrumb","itemListElement":[{"@type":"ListItem","position":1,"name":"Starseite","item":"https:\/\/penosil.com\/de\/"},{"@type":"ListItem","position":2,"name":"Produkte","item":"https:\/\/penosil.com\/de\/produkte\/"},{"@type":"ListItem","position":3,"name":"Schaumreiniger 929"}]},{"@type":"WebSite","@id":"https:\/\/penosil.com\/de\/#website","url":"https:\/\/penosil.com\/de\/","name":"Penosil Germany","description":"","potentialAction":[{"@type":"SearchAction","target":{"@type":"EntryPoint","urlTemplate":"https:\/\/penosil.com\/de\/?s={search_term_string}"},"query-input":{"@type":"PropertyValueSpecification","valueRequired":true,"valueName":"search_term_string"}}],"inLanguage":"de"}]}},"featured_img":"https:\/\/penosil.com\/de\/wp-content\/uploads\/sites\/33\/2025\/07\/PENOSIL20Schaumreiniger20929.png","coauthors":[],"author_meta":{"author_link":"https:\/\/penosil.com\/de\/author\/yanina\/","display_name":"Yanina Leskova"},"relative_dates":{"created":"Ver\u00f6ffentlicht 4\u00a0Jahren vor","modified":"Aktualisiert 3\u00a0Monaten vor"},"absolute_dates":{"created":"Ver\u00f6ffentlicht am 15. Juni 2022","modified":"Aktualisiert am 31. Januar 2026"},"absolute_dates_time":{"created":"Ver\u00f6ffentlicht am 15. Juni 2022 10:51","modified":"Aktualisiert am 31. Januar 2026 1:15"},"featured_img_caption":"","tax_additional":{"product_brand":{"linked":[],"unlinked":[],"slug":"product_brand","name":"Marken"},"product_type":{"linked":["<a href=\"https:\/\/penosil.com\/de\/?taxonomy=product_type&#038;term=simple\" class=\"advgb-post-tax-term\">simple<\/a>"],"unlinked":["<span class=\"advgb-post-tax-term\">simple<\/span>"],"slug":"product_type","name":"Produkttyp"},"product_visibility":{"linked":["<a href=\"https:\/\/penosil.com\/de\/en\/?taxonomy=product_visibility&#038;term=outofstock\" class=\"advgb-post-tax-term\">outofstock<\/a>"],"unlinked":["<span class=\"advgb-post-tax-term\">outofstock<\/span>"],"slug":"product_visibility","name":"Sichtbarkeit des Produkts"},"product_cat":{"linked":["<a href=\"https:\/\/penosil.com\/de\/produkt-kategorie\/produktgruppen\/pu-schaume\/\" class=\"advgb-post-tax-term\">PU-Sch\u00e4ume<\/a>","<a href=\"https:\/\/penosil.com\/de\/produkt-kategorie\/anwendungsbereiche\/\" class=\"advgb-post-tax-term\">Anwendungsbereiche<\/a>","<a href=\"https:\/\/penosil.com\/de\/produkt-kategorie\/produktgruppen\/werkzeuge-reiniger\/reiniger\/\" class=\"advgb-post-tax-term\">Reiniger<\/a>","<a href=\"https:\/\/penosil.com\/de\/produkt-kategorie\/produktgruppen\/\" class=\"advgb-post-tax-term\">Produktgruppen<\/a>","<a href=\"https:\/\/penosil.com\/de\/produkt-kategorie\/produktgruppen\/pu-schaume\/schaumpistolen-und-reiniger\/\" class=\"advgb-post-tax-term\">Schaumpistolen und Reiniger<\/a>","<a href=\"https:\/\/penosil.com\/de\/produkt-kategorie\/produktgruppen\/werkzeuge-reiniger\/\" class=\"advgb-post-tax-term\">Werkzeuge &amp; Reiniger<\/a>","<a href=\"https:\/\/penosil.com\/de\/produkt-kategorie\/anwendungsbereiche\/reinigen\/\" class=\"advgb-post-tax-term\">Reinigen<\/a>"],"unlinked":["<span class=\"advgb-post-tax-term\">PU-Sch\u00e4ume<\/span>","<span class=\"advgb-post-tax-term\">Anwendungsbereiche<\/span>","<span class=\"advgb-post-tax-term\">Reiniger<\/span>","<span class=\"advgb-post-tax-term\">Produktgruppen<\/span>","<span class=\"advgb-post-tax-term\">Schaumpistolen und Reiniger<\/span>","<span class=\"advgb-post-tax-term\">Werkzeuge &amp; Reiniger<\/span>","<span class=\"advgb-post-tax-term\">Reinigen<\/span>"],"slug":"product_cat","name":"Produkt-Kategorien"},"product_tag":{"linked":[],"unlinked":[],"slug":"product_tag","name":"Produkt-Schlagw\u00f6rter"},"product_shipping_class":{"linked":[],"unlinked":[],"slug":"product_shipping_class","name":"Produkt Versandklasse"},"pos_product_visibility":{"linked":[],"unlinked":[],"slug":"pos_product_visibility","name":"POS-Produkt-Sichtbarkeit."},"pa_diameter":{"linked":[],"unlinked":[],"slug":"pa_diameter","name":"Product Diameter"},"pa_farbe":{"linked":["<a href=\"https:\/\/penosil.com\/de\/?taxonomy=pa_farbe&#038;term=durchsichtig\" class=\"advgb-post-tax-term\">Durchsichtig<\/a>"],"unlinked":["<span class=\"advgb-post-tax-term\">Durchsichtig<\/span>"],"slug":"pa_farbe","name":"Product Farbe"},"pa_roll":{"linked":[],"unlinked":[],"slug":"pa_roll","name":"Product Roll"},"pa_verpackung":{"linked":[],"unlinked":[],"slug":"pa_verpackung","name":"Product Verpackung"},"pa_widths":{"linked":[],"unlinked":[],"slug":"pa_widths","name":"Product Widths"},"translation_priority":{"linked":["<a href=\"https:\/\/penosil.com\/de\/?taxonomy=translation_priority&#038;term=optional-de\" class=\"advgb-post-tax-term\">Optional<\/a>"],"unlinked":["<span class=\"advgb-post-tax-term\">Optional<\/span>"],"slug":"translation_priority","name":"\u00dcbersetzungspriorit\u00e4ten"}},"series_order":"","_links":{"self":[{"href":"https:\/\/penosil.com\/de\/wp-json\/wp\/v2\/product\/28502","targetHints":{"allow":["GET"]}}],"collection":[{"href":"https:\/\/penosil.com\/de\/wp-json\/wp\/v2\/product"}],"about":[{"href":"https:\/\/penosil.com\/de\/wp-json\/wp\/v2\/types\/product"}],"version-history":[{"count":10,"href":"https:\/\/penosil.com\/de\/wp-json\/wp\/v2\/product\/28502\/revisions"}],"predecessor-version":[{"id":31781,"href":"https:\/\/penosil.com\/de\/wp-json\/wp\/v2\/product\/28502\/revisions\/31781"}],"wp:featuredmedia":[{"embeddable":true,"href":"https:\/\/penosil.com\/de\/wp-json\/wp\/v2\/media\/31570"}],"wp:attachment":[{"href":"https:\/\/penosil.com\/de\/wp-json\/wp\/v2\/media?parent=28502"}],"wp:term":[{"taxonomy":"product_brand","embeddable":true,"href":"https:\/\/penosil.com\/de\/wp-json\/wp\/v2\/product_brand?post=28502"},{"taxonomy":"product_cat","embeddable":true,"href":"https:\/\/penosil.com\/de\/wp-json\/wp\/v2\/product_cat?post=28502"},{"taxonomy":"product_tag","embeddable":true,"href":"https:\/\/penosil.com\/de\/wp-json\/wp\/v2\/product_tag?post=28502"}],"curies":[{"name":"wp","href":"https:\/\/api.w.org\/{rel}","templated":true}]}}